{"id":12168,"date":"2026-03-10T16:21:51","date_gmt":"2026-03-10T16:21:51","guid":{"rendered":"https:\/\/ksproducts.ca\/?post_type=product&#038;p=12168"},"modified":"2026-03-10T16:21:52","modified_gmt":"2026-03-10T16:21:52","slug":"gunk-streak-free-glass-cleaner-with-trigger-sprayer-975ml","status":"publish","type":"product","link":"https:\/\/ksproducts.ca\/fr\/product\/gunk-streak-free-glass-cleaner-with-trigger-sprayer-975ml\/","title":{"rendered":"Gunk Nettoyant pour vitres sans traces avec vaporisateur \u00e0 g\u00e2chette - 975ml"},"content":{"rendered":"<ul>\n<li>Nettoyant tout usage pour vitres et surfaces dures<\/li>\n<li>Nettoie les pare-brise, les vitres, les miroirs, les appareils \u00e9lectrom\u00e9nagers, le carrelage, le chrome, l'acier inoxydable et l'aluminium<\/li>\n<li><span class=\"a-list-item\">Pas s\u00fbr pour les vitres teint\u00e9es<\/span><\/li>\n<li><span class=\"a-list-item\">\u00c9limine m\u00eame les insectes les plus tenaces et la salet\u00e9 de la route<\/span><\/li>\n<li><span class=\"a-list-item\">Formule \u00e0<\/span><\/li>\n<li>33 fl. oz.<\/li>\n<\/ul>","protected":false},"excerpt":{"rendered":"<p>GUNK Glass Cleaner with Trigger Sprayer est un spray tr\u00e8s performant qui \u00e9limine les \u00e9claboussures de boue et les insectes en laissant une finition sans r\u00e9sidus.<\/p>","protected":false},"featured_media":12169,"comment_status":"open","ping_status":"closed","template":"","meta":[],"product_cat":[430],"product_tag":[],"class_list":{"0":"post-12168","1":"product","2":"type-product","3":"status-publish","4":"has-post-thumbnail","6":"product_cat-automotive-gear","7":"product_shipping_class-class-1","9":"first","10":"instock","11":"taxable","12":"shipping-taxable","13":"purchasable","14":"product-type-simple"},"yoast_head":"<!-- This site is optimized with the Yoast SEO plugin v27.3 - https:\/\/yoast.com\/product\/yoast-seo-wordpress\/ -->\n<title>Gunk Streak Free Glass Cleaner with Trigger Sprayer - 975ml - Ks Products<\/title>\n<meta name=\"robots\" content=\"index, follow, max-snippet:-1, max-image-preview:large, max-video-preview:-1\" \/>\n<link rel=\"canonical\" href=\"https:\/\/ksproducts.ca\/fr\/product\/gunk-streak-free-glass-cleaner-with-trigger-sprayer-975ml\/\" \/>\n<meta property=\"og:locale\" content=\"fr_CA\" \/>\n<meta property=\"og:type\" content=\"article\" \/>\n<meta property=\"og:title\" content=\"Gunk Streak Free Glass Cleaner with Trigger Sprayer - 975ml - Ks Products\" \/>\n<meta property=\"og:description\" content=\"GUNK Glass Cleaner with Trigger Sprayer is a high-performing spray that removes mud splatters and bugs leaving a residue-free finish.\" \/>\n<meta property=\"og:url\" content=\"https:\/\/ksproducts.ca\/fr\/product\/gunk-streak-free-glass-cleaner-with-trigger-sprayer-975ml\/\" \/>\n<meta property=\"og:site_name\" content=\"Ks Products\" \/>\n<meta property=\"article:modified_time\" content=\"2026-03-10T16:21:52+00:00\" \/>\n<meta property=\"og:image\" content=\"https:\/\/ksproducts.ca\/wp-content\/uploads\/2026\/03\/Gunk-Streak-Free-Glass-Cleaner-with-Trigger-Sprayer-975ml.jpg\" \/>\n\t<meta property=\"og:image:width\" content=\"800\" \/>\n\t<meta property=\"og:image:height\" content=\"800\" \/>\n\t<meta property=\"og:image:type\" content=\"image\/jpeg\" \/>\n<meta name=\"twitter:card\" content=\"summary_large_image\" \/>\n<meta name=\"twitter:label1\" content=\"Estimation du temps de lecture\" \/>\n\t<meta name=\"twitter:data1\" content=\"1 minute\" \/>\n<script type=\"application\/ld+json\" class=\"yoast-schema-graph\">{\"@context\":\"https:\\\/\\\/schema.org\",\"@graph\":[{\"@type\":\"WebPage\",\"@id\":\"https:\\\/\\\/ksproducts.ca\\\/product\\\/gunk-streak-free-glass-cleaner-with-trigger-sprayer-975ml\\\/\",\"url\":\"https:\\\/\\\/ksproducts.ca\\\/product\\\/gunk-streak-free-glass-cleaner-with-trigger-sprayer-975ml\\\/\",\"name\":\"Gunk Streak Free Glass Cleaner with Trigger Sprayer - 975ml - Ks Products\",\"isPartOf\":{\"@id\":\"https:\\\/\\\/ksproducts.ca\\\/#website\"},\"primaryImageOfPage\":{\"@id\":\"https:\\\/\\\/ksproducts.ca\\\/product\\\/gunk-streak-free-glass-cleaner-with-trigger-sprayer-975ml\\\/#primaryimage\"},\"image\":{\"@id\":\"https:\\\/\\\/ksproducts.ca\\\/product\\\/gunk-streak-free-glass-cleaner-with-trigger-sprayer-975ml\\\/#primaryimage\"},\"thumbnailUrl\":\"https:\\\/\\\/ksproducts.ca\\\/wp-content\\\/uploads\\\/2026\\\/03\\\/Gunk-Streak-Free-Glass-Cleaner-with-Trigger-Sprayer-975ml.jpg\",\"datePublished\":\"2026-03-10T16:21:51+00:00\",\"dateModified\":\"2026-03-10T16:21:52+00:00\",\"breadcrumb\":{\"@id\":\"https:\\\/\\\/ksproducts.ca\\\/product\\\/gunk-streak-free-glass-cleaner-with-trigger-sprayer-975ml\\\/#breadcrumb\"},\"inLanguage\":\"fr-CA\",\"potentialAction\":[{\"@type\":\"ReadAction\",\"target\":[\"https:\\\/\\\/ksproducts.ca\\\/product\\\/gunk-streak-free-glass-cleaner-with-trigger-sprayer-975ml\\\/\"]}]},{\"@type\":\"ImageObject\",\"inLanguage\":\"fr-CA\",\"@id\":\"https:\\\/\\\/ksproducts.ca\\\/product\\\/gunk-streak-free-glass-cleaner-with-trigger-sprayer-975ml\\\/#primaryimage\",\"url\":\"https:\\\/\\\/ksproducts.ca\\\/wp-content\\\/uploads\\\/2026\\\/03\\\/Gunk-Streak-Free-Glass-Cleaner-with-Trigger-Sprayer-975ml.jpg\",\"contentUrl\":\"https:\\\/\\\/ksproducts.ca\\\/wp-content\\\/uploads\\\/2026\\\/03\\\/Gunk-Streak-Free-Glass-Cleaner-with-Trigger-Sprayer-975ml.jpg\",\"width\":800,\"height\":800,\"caption\":\"Gunk Streak Free Glass Cleaner with Trigger Sprayer 975ml\"},{\"@type\":\"BreadcrumbList\",\"@id\":\"https:\\\/\\\/ksproducts.ca\\\/product\\\/gunk-streak-free-glass-cleaner-with-trigger-sprayer-975ml\\\/#breadcrumb\",\"itemListElement\":[{\"@type\":\"ListItem\",\"position\":1,\"name\":\"Home\",\"item\":\"https:\\\/\\\/ksproducts.ca\\\/\"},{\"@type\":\"ListItem\",\"position\":2,\"name\":\"Shop\",\"item\":\"https:\\\/\\\/ksproducts.ca\\\/shop\\\/\"},{\"@type\":\"ListItem\",\"position\":3,\"name\":\"Gunk Streak Free Glass Cleaner with Trigger Sprayer &#8211; 975ml\"}]},{\"@type\":\"WebSite\",\"@id\":\"https:\\\/\\\/ksproducts.ca\\\/#website\",\"url\":\"https:\\\/\\\/ksproducts.ca\\\/\",\"name\":\"Ks Products\",\"description\":\"Outdoor cooking and living, made easy in Canada\",\"publisher\":{\"@id\":\"https:\\\/\\\/ksproducts.ca\\\/#organization\"},\"potentialAction\":[{\"@type\":\"SearchAction\",\"target\":{\"@type\":\"EntryPoint\",\"urlTemplate\":\"https:\\\/\\\/ksproducts.ca\\\/?s={search_term_string}\"},\"query-input\":{\"@type\":\"PropertyValueSpecification\",\"valueRequired\":true,\"valueName\":\"search_term_string\"}}],\"inLanguage\":\"fr-CA\"},{\"@type\":\"Organization\",\"@id\":\"https:\\\/\\\/ksproducts.ca\\\/#organization\",\"name\":\"Ks Products\",\"url\":\"https:\\\/\\\/ksproducts.ca\\\/\",\"logo\":{\"@type\":\"ImageObject\",\"inLanguage\":\"fr-CA\",\"@id\":\"https:\\\/\\\/ksproducts.ca\\\/#\\\/schema\\\/logo\\\/image\\\/\",\"url\":\"https:\\\/\\\/ksproducts.ca\\\/wp-content\\\/uploads\\\/2023\\\/09\\\/Kennedy-Sales-Logo-header-1.png\",\"contentUrl\":\"https:\\\/\\\/ksproducts.ca\\\/wp-content\\\/uploads\\\/2023\\\/09\\\/Kennedy-Sales-Logo-header-1.png\",\"width\":150,\"height\":77,\"caption\":\"Ks Products\"},\"image\":{\"@id\":\"https:\\\/\\\/ksproducts.ca\\\/#\\\/schema\\\/logo\\\/image\\\/\"}}]}<\/script>\n<!-- \/ Yoast SEO plugin. -->","yoast_head_json":{"title":"Nettoyant pour vitres sans traces Gunk avec pulv\u00e9risateur \u2013 975 ml \u2013 Ks Products","robots":{"index":"index","follow":"follow","max-snippet":"max-snippet:-1","max-image-preview":"max-image-preview:large","max-video-preview":"max-video-preview:-1"},"canonical":"https:\/\/ksproducts.ca\/fr\/product\/gunk-streak-free-glass-cleaner-with-trigger-sprayer-975ml\/","og_locale":"fr_CA","og_type":"article","og_title":"Gunk Streak Free Glass Cleaner with Trigger Sprayer - 975ml - Ks Products","og_description":"GUNK Glass Cleaner with Trigger Sprayer is a high-performing spray that removes mud splatters and bugs leaving a residue-free finish.","og_url":"https:\/\/ksproducts.ca\/fr\/product\/gunk-streak-free-glass-cleaner-with-trigger-sprayer-975ml\/","og_site_name":"Ks Products","article_modified_time":"2026-03-10T16:21:52+00:00","og_image":[{"width":800,"height":800,"url":"https:\/\/ksproducts.ca\/wp-content\/uploads\/2026\/03\/Gunk-Streak-Free-Glass-Cleaner-with-Trigger-Sprayer-975ml.jpg","type":"image\/jpeg"}],"twitter_card":"summary_large_image","twitter_misc":{"Estimation du temps de lecture":"1 minute"},"schema":{"@context":"https:\/\/schema.org","@graph":[{"@type":"WebPage","@id":"https:\/\/ksproducts.ca\/product\/gunk-streak-free-glass-cleaner-with-trigger-sprayer-975ml\/","url":"https:\/\/ksproducts.ca\/product\/gunk-streak-free-glass-cleaner-with-trigger-sprayer-975ml\/","name":"Nettoyant pour vitres sans traces Gunk avec pulv\u00e9risateur \u2013 975 ml \u2013 Ks Products","isPartOf":{"@id":"https:\/\/ksproducts.ca\/#website"},"primaryImageOfPage":{"@id":"https:\/\/ksproducts.ca\/product\/gunk-streak-free-glass-cleaner-with-trigger-sprayer-975ml\/#primaryimage"},"image":{"@id":"https:\/\/ksproducts.ca\/product\/gunk-streak-free-glass-cleaner-with-trigger-sprayer-975ml\/#primaryimage"},"thumbnailUrl":"https:\/\/ksproducts.ca\/wp-content\/uploads\/2026\/03\/Gunk-Streak-Free-Glass-Cleaner-with-Trigger-Sprayer-975ml.jpg","datePublished":"2026-03-10T16:21:51+00:00","dateModified":"2026-03-10T16:21:52+00:00","breadcrumb":{"@id":"https:\/\/ksproducts.ca\/product\/gunk-streak-free-glass-cleaner-with-trigger-sprayer-975ml\/#breadcrumb"},"inLanguage":"fr-CA","potentialAction":[{"@type":"ReadAction","target":["https:\/\/ksproducts.ca\/product\/gunk-streak-free-glass-cleaner-with-trigger-sprayer-975ml\/"]}]},{"@type":"ImageObject","inLanguage":"fr-CA","@id":"https:\/\/ksproducts.ca\/product\/gunk-streak-free-glass-cleaner-with-trigger-sprayer-975ml\/#primaryimage","url":"https:\/\/ksproducts.ca\/wp-content\/uploads\/2026\/03\/Gunk-Streak-Free-Glass-Cleaner-with-Trigger-Sprayer-975ml.jpg","contentUrl":"https:\/\/ksproducts.ca\/wp-content\/uploads\/2026\/03\/Gunk-Streak-Free-Glass-Cleaner-with-Trigger-Sprayer-975ml.jpg","width":800,"height":800,"caption":"Gunk Streak Free Glass Cleaner with Trigger Sprayer 975ml"},{"@type":"BreadcrumbList","@id":"https:\/\/ksproducts.ca\/product\/gunk-streak-free-glass-cleaner-with-trigger-sprayer-975ml\/#breadcrumb","itemListElement":[{"@type":"ListItem","position":1,"name":"Home","item":"https:\/\/ksproducts.ca\/"},{"@type":"ListItem","position":2,"name":"Shop","item":"https:\/\/ksproducts.ca\/shop\/"},{"@type":"ListItem","position":3,"name":"Gunk Streak Free Glass Cleaner with Trigger Sprayer &#8211; 975ml"}]},{"@type":"WebSite","@id":"https:\/\/ksproducts.ca\/#website","url":"https:\/\/ksproducts.ca\/","name":"Produits Ks","description":"Cuisiner et vivre en plein air, c'est facile au Canada","publisher":{"@id":"https:\/\/ksproducts.ca\/#organization"},"potentialAction":[{"@type":"SearchAction","target":{"@type":"EntryPoint","urlTemplate":"https:\/\/ksproducts.ca\/?s={search_term_string}"},"query-input":{"@type":"PropertyValueSpecification","valueRequired":true,"valueName":"search_term_string"}}],"inLanguage":"fr-CA"},{"@type":"Organization","@id":"https:\/\/ksproducts.ca\/#organization","name":"Produits Ks","url":"https:\/\/ksproducts.ca\/","logo":{"@type":"ImageObject","inLanguage":"fr-CA","@id":"https:\/\/ksproducts.ca\/#\/schema\/logo\/image\/","url":"https:\/\/ksproducts.ca\/wp-content\/uploads\/2023\/09\/Kennedy-Sales-Logo-header-1.png","contentUrl":"https:\/\/ksproducts.ca\/wp-content\/uploads\/2023\/09\/Kennedy-Sales-Logo-header-1.png","width":150,"height":77,"caption":"Ks Products"},"image":{"@id":"https:\/\/ksproducts.ca\/#\/schema\/logo\/image\/"}}]}},"_links":{"self":[{"href":"https:\/\/ksproducts.ca\/fr\/wp-json\/wp\/v2\/product\/12168","targetHints":{"allow":["GET"]}}],"collection":[{"href":"https:\/\/ksproducts.ca\/fr\/wp-json\/wp\/v2\/product"}],"about":[{"href":"https:\/\/ksproducts.ca\/fr\/wp-json\/wp\/v2\/types\/product"}],"replies":[{"embeddable":true,"href":"https:\/\/ksproducts.ca\/fr\/wp-json\/wp\/v2\/comments?post=12168"}],"version-history":[{"count":2,"href":"https:\/\/ksproducts.ca\/fr\/wp-json\/wp\/v2\/product\/12168\/revisions"}],"predecessor-version":[{"id":12172,"href":"https:\/\/ksproducts.ca\/fr\/wp-json\/wp\/v2\/product\/12168\/revisions\/12172"}],"wp:featuredmedia":[{"embeddable":true,"href":"https:\/\/ksproducts.ca\/fr\/wp-json\/wp\/v2\/media\/12169"}],"wp:attachment":[{"href":"https:\/\/ksproducts.ca\/fr\/wp-json\/wp\/v2\/media?parent=12168"}],"wp:term":[{"taxonomy":"product_cat","embeddable":true,"href":"https:\/\/ksproducts.ca\/fr\/wp-json\/wp\/v2\/product_cat?post=12168"},{"taxonomy":"product_tag","embeddable":true,"href":"https:\/\/ksproducts.ca\/fr\/wp-json\/wp\/v2\/product_tag?post=12168"}],"curies":[{"name":"wp","href":"https:\/\/api.w.org\/{rel}","templated":true}]}}