{"id":12171,"date":"2026-03-10T16:33:17","date_gmt":"2026-03-10T16:33:17","guid":{"rendered":"https:\/\/ksproducts.ca\/?post_type=product&#038;p=12171"},"modified":"2026-03-16T15:59:59","modified_gmt":"2026-03-16T15:59:59","slug":"blaster-maximum-heavy-duty-grease-397g","status":"publish","type":"product","link":"https:\/\/ksproducts.ca\/fr\/product\/blaster-maximum-heavy-duty-grease-397g\/","title":{"rendered":"B'laster Maximum Heavy-Duty Grease - 397g"},"content":{"rendered":"<ul>\n<li>Excellente lubrification \u00e0 haute temp\u00e9rature<\/li>\n<li>Protection sup\u00e9rieure contre la corrosion<\/li>\n<li>Ne goutte pas dans des conditions s\u00e9v\u00e8res<\/li>\n<\/ul>","protected":false},"excerpt":{"rendered":"<p>Formul\u00e9e comme une graisse extr\u00eame-pression haute performance unique qui ne coule pas dans les conditions de fonctionnement les plus s\u00e9v\u00e8res. Elle assure une excellente lubrification et une protection contre la corrosion, et prolonge la dur\u00e9e de vie de l'\u00e9quipement en assurant une protection sup\u00e9rieure m\u00eame \u00e0 des temp\u00e9ratures \u00e9lev\u00e9es allant jusqu'\u00e0 550\u00b0F (point de goutte). Id\u00e9ale pour tout \u00e9quipement n\u00e9cessitant une graisse stable au cisaillement, supportant des charges \u00e9lev\u00e9es et r\u00e9sistante \u00e0 la corrosion. En particulier pour les \u00e9quipements automobiles, de construction, miniers et agricoles. Grade 2 NLGI<\/p>","protected":false},"featured_media":12173,"comment_status":"open","ping_status":"closed","template":"","meta":[],"product_cat":[430],"product_tag":[],"class_list":{"0":"post-12171","1":"product","2":"type-product","3":"status-publish","4":"has-post-thumbnail","6":"product_cat-automotive-gear","7":"product_shipping_class-class-1","9":"first","10":"instock","11":"taxable","12":"shipping-taxable","13":"purchasable","14":"product-type-simple"},"yoast_head":"<!-- This site is optimized with the Yoast SEO plugin v27.4 - https:\/\/yoast.com\/product\/yoast-seo-wordpress\/ -->\n<title>B&#039;laster Maximum Heavy-Duty Grease - 397g - Ks Products<\/title>\n<meta name=\"robots\" content=\"index, follow, max-snippet:-1, max-image-preview:large, max-video-preview:-1\" \/>\n<link rel=\"canonical\" href=\"https:\/\/ksproducts.ca\/fr\/product\/blaster-maximum-heavy-duty-grease-397g\/\" \/>\n<meta property=\"og:locale\" content=\"fr_CA\" \/>\n<meta property=\"og:type\" content=\"article\" \/>\n<meta property=\"og:title\" content=\"B&#039;laster Maximum Heavy-Duty Grease - 397g - Ks Products\" \/>\n<meta property=\"og:description\" content=\"Formulated as a unique high-performance extreme pressure grease that wont drip under the most severe operating conditions. It provides excellent lubrication and corrosion protection, and prolongs equipment life by providing superior protection even under high temperatures up to 550\u00b0F (dropping point). Great for any equipment that demands a shear stable, high-load carrying, corrosion-resistant grease. Especially automotive, construction, mining &amp;amp; farm equipment. NLGI Grade 2\" \/>\n<meta property=\"og:url\" content=\"https:\/\/ksproducts.ca\/fr\/product\/blaster-maximum-heavy-duty-grease-397g\/\" \/>\n<meta property=\"og:site_name\" content=\"Ks Products\" \/>\n<meta property=\"article:modified_time\" content=\"2026-03-16T15:59:59+00:00\" \/>\n<meta property=\"og:image\" content=\"https:\/\/ksproducts.ca\/wp-content\/uploads\/2023\/09\/Kennedy-Sales-Logo-header-1.png\" \/>\n\t<meta property=\"og:image:width\" content=\"150\" \/>\n\t<meta property=\"og:image:height\" content=\"77\" \/>\n\t<meta property=\"og:image:type\" content=\"image\/png\" \/>\n<meta name=\"twitter:card\" content=\"summary_large_image\" \/>\n<meta name=\"twitter:label1\" content=\"Estimation du temps de lecture\" \/>\n\t<meta name=\"twitter:data1\" content=\"1 minute\" \/>\n<script type=\"application\/ld+json\" class=\"yoast-schema-graph\">{\"@context\":\"https:\\\/\\\/schema.org\",\"@graph\":[{\"@type\":\"WebPage\",\"@id\":\"https:\\\/\\\/ksproducts.ca\\\/product\\\/blaster-maximum-heavy-duty-grease-397g\\\/\",\"url\":\"https:\\\/\\\/ksproducts.ca\\\/product\\\/blaster-maximum-heavy-duty-grease-397g\\\/\",\"name\":\"B'laster Maximum Heavy-Duty Grease - 397g - Ks Products\",\"isPartOf\":{\"@id\":\"https:\\\/\\\/ksproducts.ca\\\/#website\"},\"primaryImageOfPage\":{\"@id\":\"https:\\\/\\\/ksproducts.ca\\\/product\\\/blaster-maximum-heavy-duty-grease-397g\\\/#primaryimage\"},\"image\":{\"@id\":\"https:\\\/\\\/ksproducts.ca\\\/product\\\/blaster-maximum-heavy-duty-grease-397g\\\/#primaryimage\"},\"thumbnailUrl\":\"https:\\\/\\\/ksproducts.ca\\\/wp-content\\\/uploads\\\/2026\\\/03\\\/Blaster-Maximum-Heavy-Duty-Grease-397g.avif\",\"datePublished\":\"2026-03-10T16:33:17+00:00\",\"dateModified\":\"2026-03-16T15:59:59+00:00\",\"breadcrumb\":{\"@id\":\"https:\\\/\\\/ksproducts.ca\\\/product\\\/blaster-maximum-heavy-duty-grease-397g\\\/#breadcrumb\"},\"inLanguage\":\"fr-CA\",\"potentialAction\":[{\"@type\":\"ReadAction\",\"target\":[\"https:\\\/\\\/ksproducts.ca\\\/product\\\/blaster-maximum-heavy-duty-grease-397g\\\/\"]}]},{\"@type\":\"ImageObject\",\"inLanguage\":\"fr-CA\",\"@id\":\"https:\\\/\\\/ksproducts.ca\\\/product\\\/blaster-maximum-heavy-duty-grease-397g\\\/#primaryimage\",\"url\":\"https:\\\/\\\/ksproducts.ca\\\/wp-content\\\/uploads\\\/2026\\\/03\\\/Blaster-Maximum-Heavy-Duty-Grease-397g.avif\",\"contentUrl\":\"https:\\\/\\\/ksproducts.ca\\\/wp-content\\\/uploads\\\/2026\\\/03\\\/Blaster-Maximum-Heavy-Duty-Grease-397g.avif\",\"width\":1000,\"height\":1000,\"caption\":\"B'laster Maximum Heavy Duty Grease 397g\"},{\"@type\":\"BreadcrumbList\",\"@id\":\"https:\\\/\\\/ksproducts.ca\\\/product\\\/blaster-maximum-heavy-duty-grease-397g\\\/#breadcrumb\",\"itemListElement\":[{\"@type\":\"ListItem\",\"position\":1,\"name\":\"Home\",\"item\":\"https:\\\/\\\/ksproducts.ca\\\/\"},{\"@type\":\"ListItem\",\"position\":2,\"name\":\"Shop\",\"item\":\"https:\\\/\\\/ksproducts.ca\\\/shop\\\/\"},{\"@type\":\"ListItem\",\"position\":3,\"name\":\"B&#8217;laster Maximum Heavy-Duty Grease &#8211; 397g\"}]},{\"@type\":\"WebSite\",\"@id\":\"https:\\\/\\\/ksproducts.ca\\\/#website\",\"url\":\"https:\\\/\\\/ksproducts.ca\\\/\",\"name\":\"Ks Products\",\"description\":\"Outdoor cooking and living, made easy in Canada\",\"publisher\":{\"@id\":\"https:\\\/\\\/ksproducts.ca\\\/#organization\"},\"potentialAction\":[{\"@type\":\"SearchAction\",\"target\":{\"@type\":\"EntryPoint\",\"urlTemplate\":\"https:\\\/\\\/ksproducts.ca\\\/?s={search_term_string}\"},\"query-input\":{\"@type\":\"PropertyValueSpecification\",\"valueRequired\":true,\"valueName\":\"search_term_string\"}}],\"inLanguage\":\"fr-CA\"},{\"@type\":\"Organization\",\"@id\":\"https:\\\/\\\/ksproducts.ca\\\/#organization\",\"name\":\"Ks Products\",\"url\":\"https:\\\/\\\/ksproducts.ca\\\/\",\"logo\":{\"@type\":\"ImageObject\",\"inLanguage\":\"fr-CA\",\"@id\":\"https:\\\/\\\/ksproducts.ca\\\/#\\\/schema\\\/logo\\\/image\\\/\",\"url\":\"https:\\\/\\\/ksproducts.ca\\\/wp-content\\\/uploads\\\/2023\\\/09\\\/Kennedy-Sales-Logo-header-1.png\",\"contentUrl\":\"https:\\\/\\\/ksproducts.ca\\\/wp-content\\\/uploads\\\/2023\\\/09\\\/Kennedy-Sales-Logo-header-1.png\",\"width\":150,\"height\":77,\"caption\":\"Ks Products\"},\"image\":{\"@id\":\"https:\\\/\\\/ksproducts.ca\\\/#\\\/schema\\\/logo\\\/image\\\/\"}}]}<\/script>\n<!-- \/ Yoast SEO plugin. -->","yoast_head_json":{"title":"B'laster Maximum Heavy-Duty Grease - 397g - Ks Products","robots":{"index":"index","follow":"follow","max-snippet":"max-snippet:-1","max-image-preview":"max-image-preview:large","max-video-preview":"max-video-preview:-1"},"canonical":"https:\/\/ksproducts.ca\/fr\/product\/blaster-maximum-heavy-duty-grease-397g\/","og_locale":"fr_CA","og_type":"article","og_title":"B'laster Maximum Heavy-Duty Grease - 397g - Ks Products","og_description":"Formulated as a unique high-performance extreme pressure grease that wont drip under the most severe operating conditions. It provides excellent lubrication and corrosion protection, and prolongs equipment life by providing superior protection even under high temperatures up to 550\u00b0F (dropping point). Great for any equipment that demands a shear stable, high-load carrying, corrosion-resistant grease. Especially automotive, construction, mining &amp;amp; farm equipment. NLGI Grade 2","og_url":"https:\/\/ksproducts.ca\/fr\/product\/blaster-maximum-heavy-duty-grease-397g\/","og_site_name":"Ks Products","article_modified_time":"2026-03-16T15:59:59+00:00","og_image":[{"width":150,"height":77,"url":"https:\/\/ksproducts.ca\/wp-content\/uploads\/2023\/09\/Kennedy-Sales-Logo-header-1.png","type":"image\/png"}],"twitter_card":"summary_large_image","twitter_misc":{"Estimation du temps de lecture":"1 minute"},"schema":{"@context":"https:\/\/schema.org","@graph":[{"@type":"WebPage","@id":"https:\/\/ksproducts.ca\/product\/blaster-maximum-heavy-duty-grease-397g\/","url":"https:\/\/ksproducts.ca\/product\/blaster-maximum-heavy-duty-grease-397g\/","name":"B'laster Maximum Heavy-Duty Grease - 397g - Ks Products","isPartOf":{"@id":"https:\/\/ksproducts.ca\/#website"},"primaryImageOfPage":{"@id":"https:\/\/ksproducts.ca\/product\/blaster-maximum-heavy-duty-grease-397g\/#primaryimage"},"image":{"@id":"https:\/\/ksproducts.ca\/product\/blaster-maximum-heavy-duty-grease-397g\/#primaryimage"},"thumbnailUrl":"https:\/\/ksproducts.ca\/wp-content\/uploads\/2026\/03\/Blaster-Maximum-Heavy-Duty-Grease-397g.avif","datePublished":"2026-03-10T16:33:17+00:00","dateModified":"2026-03-16T15:59:59+00:00","breadcrumb":{"@id":"https:\/\/ksproducts.ca\/product\/blaster-maximum-heavy-duty-grease-397g\/#breadcrumb"},"inLanguage":"fr-CA","potentialAction":[{"@type":"ReadAction","target":["https:\/\/ksproducts.ca\/product\/blaster-maximum-heavy-duty-grease-397g\/"]}]},{"@type":"ImageObject","inLanguage":"fr-CA","@id":"https:\/\/ksproducts.ca\/product\/blaster-maximum-heavy-duty-grease-397g\/#primaryimage","url":"https:\/\/ksproducts.ca\/wp-content\/uploads\/2026\/03\/Blaster-Maximum-Heavy-Duty-Grease-397g.avif","contentUrl":"https:\/\/ksproducts.ca\/wp-content\/uploads\/2026\/03\/Blaster-Maximum-Heavy-Duty-Grease-397g.avif","width":1000,"height":1000,"caption":"B'laster Maximum Heavy Duty Grease 397g"},{"@type":"BreadcrumbList","@id":"https:\/\/ksproducts.ca\/product\/blaster-maximum-heavy-duty-grease-397g\/#breadcrumb","itemListElement":[{"@type":"ListItem","position":1,"name":"Home","item":"https:\/\/ksproducts.ca\/"},{"@type":"ListItem","position":2,"name":"Shop","item":"https:\/\/ksproducts.ca\/shop\/"},{"@type":"ListItem","position":3,"name":"B&#8217;laster Maximum Heavy-Duty Grease &#8211; 397g"}]},{"@type":"WebSite","@id":"https:\/\/ksproducts.ca\/#website","url":"https:\/\/ksproducts.ca\/","name":"Produits Ks","description":"Cuisiner et vivre en plein air, c'est facile au Canada","publisher":{"@id":"https:\/\/ksproducts.ca\/#organization"},"potentialAction":[{"@type":"SearchAction","target":{"@type":"EntryPoint","urlTemplate":"https:\/\/ksproducts.ca\/?s={search_term_string}"},"query-input":{"@type":"PropertyValueSpecification","valueRequired":true,"valueName":"search_term_string"}}],"inLanguage":"fr-CA"},{"@type":"Organization","@id":"https:\/\/ksproducts.ca\/#organization","name":"Produits Ks","url":"https:\/\/ksproducts.ca\/","logo":{"@type":"ImageObject","inLanguage":"fr-CA","@id":"https:\/\/ksproducts.ca\/#\/schema\/logo\/image\/","url":"https:\/\/ksproducts.ca\/wp-content\/uploads\/2023\/09\/Kennedy-Sales-Logo-header-1.png","contentUrl":"https:\/\/ksproducts.ca\/wp-content\/uploads\/2023\/09\/Kennedy-Sales-Logo-header-1.png","width":150,"height":77,"caption":"Ks Products"},"image":{"@id":"https:\/\/ksproducts.ca\/#\/schema\/logo\/image\/"}}]}},"_links":{"self":[{"href":"https:\/\/ksproducts.ca\/fr\/wp-json\/wp\/v2\/product\/12171","targetHints":{"allow":["GET"]}}],"collection":[{"href":"https:\/\/ksproducts.ca\/fr\/wp-json\/wp\/v2\/product"}],"about":[{"href":"https:\/\/ksproducts.ca\/fr\/wp-json\/wp\/v2\/types\/product"}],"replies":[{"embeddable":true,"href":"https:\/\/ksproducts.ca\/fr\/wp-json\/wp\/v2\/comments?post=12171"}],"version-history":[{"count":1,"href":"https:\/\/ksproducts.ca\/fr\/wp-json\/wp\/v2\/product\/12171\/revisions"}],"predecessor-version":[{"id":12174,"href":"https:\/\/ksproducts.ca\/fr\/wp-json\/wp\/v2\/product\/12171\/revisions\/12174"}],"wp:featuredmedia":[{"embeddable":true,"href":"https:\/\/ksproducts.ca\/fr\/wp-json\/wp\/v2\/media\/12173"}],"wp:attachment":[{"href":"https:\/\/ksproducts.ca\/fr\/wp-json\/wp\/v2\/media?parent=12171"}],"wp:term":[{"taxonomy":"product_cat","embeddable":true,"href":"https:\/\/ksproducts.ca\/fr\/wp-json\/wp\/v2\/product_cat?post=12171"},{"taxonomy":"product_tag","embeddable":true,"href":"https:\/\/ksproducts.ca\/fr\/wp-json\/wp\/v2\/product_tag?post=12171"}],"curies":[{"name":"wp","href":"https:\/\/api.w.org\/{rel}","templated":true}]}}