{"id":12178,"date":"2026-03-10T16:40:46","date_gmt":"2026-03-10T16:40:46","guid":{"rendered":"https:\/\/ksproducts.ca\/?post_type=product&#038;p=12178"},"modified":"2026-03-16T16:00:56","modified_gmt":"2026-03-16T16:00:56","slug":"blaster-pro-grade-multi-purpose-grease-397g","status":"publish","type":"product","link":"https:\/\/ksproducts.ca\/fr\/product\/blaster-pro-grade-multi-purpose-grease-397g\/","title":{"rendered":"Graisse multi-usages B'laster Pro-Grade - 397g"},"content":{"rendered":"<div class=\"\">\n<section id=\"productFeature\" class=\"acl-my--x-small acl-break-word\">\n<ul>\n<li>Protection maximale contre l'usure et les pressions extr\u00eames<\/li>\n<li>R\u00e9siste \u00e0 l'amincissement \u00e0 des temp\u00e9ratures \u00e9lev\u00e9es (point de goutte \u00e0 550\u00b0F)<\/li>\n<li>Prot\u00e8ge contre la rouille et la corrosion<\/li>\n<\/ul>\n<\/section>\n<\/div>","protected":false},"excerpt":{"rendered":"<p>Formul\u00e9 pour fournir une protection anti-usure et extr\u00eame pression de premi\u00e8re qualit\u00e9. Elle r\u00e9siste \u00e0 l'amincissement gr\u00e2ce \u00e0 sa capacit\u00e9 de pompage \u00e0 basse temp\u00e9rature et \u00e0 sa protection \u00e0 haute temp\u00e9rature jusqu'\u00e0 550\u00b0 F (point de goutte). Elle prot\u00e8ge contre l'oxydation et la corrosion et offre une protection de surface sup\u00e9rieure pour les charges lourdes. Parfaite pour les applications lourdes dans l'automobile, les parcs de v\u00e9hicules, les \u00e9quipements de construction, les \u00e9quipements agricoles, les ch\u00e2ssis et les roulements. Grade 2 NLGI<\/p>","protected":false},"featured_media":12179,"comment_status":"open","ping_status":"closed","template":"","meta":[],"product_cat":[430],"product_tag":[],"class_list":{"0":"post-12178","1":"product","2":"type-product","3":"status-publish","4":"has-post-thumbnail","6":"product_cat-automotive-gear","7":"product_shipping_class-class-1","9":"first","10":"instock","11":"taxable","12":"shipping-taxable","13":"purchasable","14":"product-type-simple"},"yoast_head":"<!-- This site is optimized with the Yoast SEO plugin v27.3 - https:\/\/yoast.com\/product\/yoast-seo-wordpress\/ -->\n<title>B&#039;laster Pro-Grade Multi-Purpose Grease - 397g - Ks Products<\/title>\n<meta name=\"robots\" content=\"index, follow, max-snippet:-1, max-image-preview:large, max-video-preview:-1\" \/>\n<link rel=\"canonical\" href=\"https:\/\/ksproducts.ca\/fr\/product\/blaster-pro-grade-multi-purpose-grease-397g\/\" \/>\n<meta property=\"og:locale\" content=\"fr_CA\" \/>\n<meta property=\"og:type\" content=\"article\" \/>\n<meta property=\"og:title\" content=\"B&#039;laster Pro-Grade Multi-Purpose Grease - 397g - Ks Products\" \/>\n<meta property=\"og:description\" content=\"Formulated to provide premium anti-wear and extreme pressure protection. It resists thinning with its ability to provide low-temp pumpability with high-temp protection up to 550\u00b0 F (dropping point). It protects against oxidation and corrosion and provides superior surface protection for heavy loads Great for heavy-duty applications for automotive, fleet, construction equipment, farm equipment, chassis &amp;amp; bearings. NLGI Grade 2\" \/>\n<meta property=\"og:url\" content=\"https:\/\/ksproducts.ca\/fr\/product\/blaster-pro-grade-multi-purpose-grease-397g\/\" \/>\n<meta property=\"og:site_name\" content=\"Ks Products\" \/>\n<meta property=\"article:modified_time\" content=\"2026-03-16T16:00:56+00:00\" \/>\n<meta property=\"og:image\" content=\"https:\/\/ksproducts.ca\/wp-content\/uploads\/2023\/09\/Kennedy-Sales-Logo-header-1.png\" \/>\n\t<meta property=\"og:image:width\" content=\"150\" \/>\n\t<meta property=\"og:image:height\" content=\"77\" \/>\n\t<meta property=\"og:image:type\" content=\"image\/png\" \/>\n<meta name=\"twitter:card\" content=\"summary_large_image\" \/>\n<meta name=\"twitter:label1\" content=\"Estimation du temps de lecture\" \/>\n\t<meta name=\"twitter:data1\" content=\"1 minute\" \/>\n<script type=\"application\/ld+json\" class=\"yoast-schema-graph\">{\"@context\":\"https:\\\/\\\/schema.org\",\"@graph\":[{\"@type\":\"WebPage\",\"@id\":\"https:\\\/\\\/ksproducts.ca\\\/product\\\/blaster-pro-grade-multi-purpose-grease-397g\\\/\",\"url\":\"https:\\\/\\\/ksproducts.ca\\\/product\\\/blaster-pro-grade-multi-purpose-grease-397g\\\/\",\"name\":\"B'laster Pro-Grade Multi-Purpose Grease - 397g - Ks Products\",\"isPartOf\":{\"@id\":\"https:\\\/\\\/ksproducts.ca\\\/#website\"},\"primaryImageOfPage\":{\"@id\":\"https:\\\/\\\/ksproducts.ca\\\/product\\\/blaster-pro-grade-multi-purpose-grease-397g\\\/#primaryimage\"},\"image\":{\"@id\":\"https:\\\/\\\/ksproducts.ca\\\/product\\\/blaster-pro-grade-multi-purpose-grease-397g\\\/#primaryimage\"},\"thumbnailUrl\":\"https:\\\/\\\/ksproducts.ca\\\/wp-content\\\/uploads\\\/2026\\\/03\\\/Blaster-Pro-Grade-Multi-Purpose-Grease-397g.avif\",\"datePublished\":\"2026-03-10T16:40:46+00:00\",\"dateModified\":\"2026-03-16T16:00:56+00:00\",\"breadcrumb\":{\"@id\":\"https:\\\/\\\/ksproducts.ca\\\/product\\\/blaster-pro-grade-multi-purpose-grease-397g\\\/#breadcrumb\"},\"inLanguage\":\"fr-CA\",\"potentialAction\":[{\"@type\":\"ReadAction\",\"target\":[\"https:\\\/\\\/ksproducts.ca\\\/product\\\/blaster-pro-grade-multi-purpose-grease-397g\\\/\"]}]},{\"@type\":\"ImageObject\",\"inLanguage\":\"fr-CA\",\"@id\":\"https:\\\/\\\/ksproducts.ca\\\/product\\\/blaster-pro-grade-multi-purpose-grease-397g\\\/#primaryimage\",\"url\":\"https:\\\/\\\/ksproducts.ca\\\/wp-content\\\/uploads\\\/2026\\\/03\\\/Blaster-Pro-Grade-Multi-Purpose-Grease-397g.avif\",\"contentUrl\":\"https:\\\/\\\/ksproducts.ca\\\/wp-content\\\/uploads\\\/2026\\\/03\\\/Blaster-Pro-Grade-Multi-Purpose-Grease-397g.avif\",\"width\":1000,\"height\":1000,\"caption\":\"B'laster Pro Grade Multi Purpose Grease 397g\"},{\"@type\":\"BreadcrumbList\",\"@id\":\"https:\\\/\\\/ksproducts.ca\\\/product\\\/blaster-pro-grade-multi-purpose-grease-397g\\\/#breadcrumb\",\"itemListElement\":[{\"@type\":\"ListItem\",\"position\":1,\"name\":\"Home\",\"item\":\"https:\\\/\\\/ksproducts.ca\\\/\"},{\"@type\":\"ListItem\",\"position\":2,\"name\":\"Shop\",\"item\":\"https:\\\/\\\/ksproducts.ca\\\/shop\\\/\"},{\"@type\":\"ListItem\",\"position\":3,\"name\":\"B&#8217;laster Pro-Grade Multi-Purpose Grease &#8211; 397g\"}]},{\"@type\":\"WebSite\",\"@id\":\"https:\\\/\\\/ksproducts.ca\\\/#website\",\"url\":\"https:\\\/\\\/ksproducts.ca\\\/\",\"name\":\"Ks Products\",\"description\":\"Outdoor cooking and living, made easy in Canada\",\"publisher\":{\"@id\":\"https:\\\/\\\/ksproducts.ca\\\/#organization\"},\"potentialAction\":[{\"@type\":\"SearchAction\",\"target\":{\"@type\":\"EntryPoint\",\"urlTemplate\":\"https:\\\/\\\/ksproducts.ca\\\/?s={search_term_string}\"},\"query-input\":{\"@type\":\"PropertyValueSpecification\",\"valueRequired\":true,\"valueName\":\"search_term_string\"}}],\"inLanguage\":\"fr-CA\"},{\"@type\":\"Organization\",\"@id\":\"https:\\\/\\\/ksproducts.ca\\\/#organization\",\"name\":\"Ks Products\",\"url\":\"https:\\\/\\\/ksproducts.ca\\\/\",\"logo\":{\"@type\":\"ImageObject\",\"inLanguage\":\"fr-CA\",\"@id\":\"https:\\\/\\\/ksproducts.ca\\\/#\\\/schema\\\/logo\\\/image\\\/\",\"url\":\"https:\\\/\\\/ksproducts.ca\\\/wp-content\\\/uploads\\\/2023\\\/09\\\/Kennedy-Sales-Logo-header-1.png\",\"contentUrl\":\"https:\\\/\\\/ksproducts.ca\\\/wp-content\\\/uploads\\\/2023\\\/09\\\/Kennedy-Sales-Logo-header-1.png\",\"width\":150,\"height\":77,\"caption\":\"Ks Products\"},\"image\":{\"@id\":\"https:\\\/\\\/ksproducts.ca\\\/#\\\/schema\\\/logo\\\/image\\\/\"}}]}<\/script>\n<!-- \/ Yoast SEO plugin. -->","yoast_head_json":{"title":"Graisse multi-usages B'laster Pro-Grade - 397g - Ks Products","robots":{"index":"index","follow":"follow","max-snippet":"max-snippet:-1","max-image-preview":"max-image-preview:large","max-video-preview":"max-video-preview:-1"},"canonical":"https:\/\/ksproducts.ca\/fr\/product\/blaster-pro-grade-multi-purpose-grease-397g\/","og_locale":"fr_CA","og_type":"article","og_title":"B'laster Pro-Grade Multi-Purpose Grease - 397g - Ks Products","og_description":"Formulated to provide premium anti-wear and extreme pressure protection. It resists thinning with its ability to provide low-temp pumpability with high-temp protection up to 550\u00b0 F (dropping point). It protects against oxidation and corrosion and provides superior surface protection for heavy loads Great for heavy-duty applications for automotive, fleet, construction equipment, farm equipment, chassis &amp;amp; bearings. NLGI Grade 2","og_url":"https:\/\/ksproducts.ca\/fr\/product\/blaster-pro-grade-multi-purpose-grease-397g\/","og_site_name":"Ks Products","article_modified_time":"2026-03-16T16:00:56+00:00","og_image":[{"width":150,"height":77,"url":"https:\/\/ksproducts.ca\/wp-content\/uploads\/2023\/09\/Kennedy-Sales-Logo-header-1.png","type":"image\/png"}],"twitter_card":"summary_large_image","twitter_misc":{"Estimation du temps de lecture":"1 minute"},"schema":{"@context":"https:\/\/schema.org","@graph":[{"@type":"WebPage","@id":"https:\/\/ksproducts.ca\/product\/blaster-pro-grade-multi-purpose-grease-397g\/","url":"https:\/\/ksproducts.ca\/product\/blaster-pro-grade-multi-purpose-grease-397g\/","name":"Graisse multi-usages B'laster Pro-Grade - 397g - Ks Products","isPartOf":{"@id":"https:\/\/ksproducts.ca\/#website"},"primaryImageOfPage":{"@id":"https:\/\/ksproducts.ca\/product\/blaster-pro-grade-multi-purpose-grease-397g\/#primaryimage"},"image":{"@id":"https:\/\/ksproducts.ca\/product\/blaster-pro-grade-multi-purpose-grease-397g\/#primaryimage"},"thumbnailUrl":"https:\/\/ksproducts.ca\/wp-content\/uploads\/2026\/03\/Blaster-Pro-Grade-Multi-Purpose-Grease-397g.avif","datePublished":"2026-03-10T16:40:46+00:00","dateModified":"2026-03-16T16:00:56+00:00","breadcrumb":{"@id":"https:\/\/ksproducts.ca\/product\/blaster-pro-grade-multi-purpose-grease-397g\/#breadcrumb"},"inLanguage":"fr-CA","potentialAction":[{"@type":"ReadAction","target":["https:\/\/ksproducts.ca\/product\/blaster-pro-grade-multi-purpose-grease-397g\/"]}]},{"@type":"ImageObject","inLanguage":"fr-CA","@id":"https:\/\/ksproducts.ca\/product\/blaster-pro-grade-multi-purpose-grease-397g\/#primaryimage","url":"https:\/\/ksproducts.ca\/wp-content\/uploads\/2026\/03\/Blaster-Pro-Grade-Multi-Purpose-Grease-397g.avif","contentUrl":"https:\/\/ksproducts.ca\/wp-content\/uploads\/2026\/03\/Blaster-Pro-Grade-Multi-Purpose-Grease-397g.avif","width":1000,"height":1000,"caption":"B'laster Pro Grade Multi Purpose Grease 397g"},{"@type":"BreadcrumbList","@id":"https:\/\/ksproducts.ca\/product\/blaster-pro-grade-multi-purpose-grease-397g\/#breadcrumb","itemListElement":[{"@type":"ListItem","position":1,"name":"Home","item":"https:\/\/ksproducts.ca\/"},{"@type":"ListItem","position":2,"name":"Shop","item":"https:\/\/ksproducts.ca\/shop\/"},{"@type":"ListItem","position":3,"name":"B&#8217;laster Pro-Grade Multi-Purpose Grease &#8211; 397g"}]},{"@type":"WebSite","@id":"https:\/\/ksproducts.ca\/#website","url":"https:\/\/ksproducts.ca\/","name":"Produits Ks","description":"Cuisiner et vivre en plein air, c'est facile au Canada","publisher":{"@id":"https:\/\/ksproducts.ca\/#organization"},"potentialAction":[{"@type":"SearchAction","target":{"@type":"EntryPoint","urlTemplate":"https:\/\/ksproducts.ca\/?s={search_term_string}"},"query-input":{"@type":"PropertyValueSpecification","valueRequired":true,"valueName":"search_term_string"}}],"inLanguage":"fr-CA"},{"@type":"Organization","@id":"https:\/\/ksproducts.ca\/#organization","name":"Produits Ks","url":"https:\/\/ksproducts.ca\/","logo":{"@type":"ImageObject","inLanguage":"fr-CA","@id":"https:\/\/ksproducts.ca\/#\/schema\/logo\/image\/","url":"https:\/\/ksproducts.ca\/wp-content\/uploads\/2023\/09\/Kennedy-Sales-Logo-header-1.png","contentUrl":"https:\/\/ksproducts.ca\/wp-content\/uploads\/2023\/09\/Kennedy-Sales-Logo-header-1.png","width":150,"height":77,"caption":"Ks Products"},"image":{"@id":"https:\/\/ksproducts.ca\/#\/schema\/logo\/image\/"}}]}},"_links":{"self":[{"href":"https:\/\/ksproducts.ca\/fr\/wp-json\/wp\/v2\/product\/12178","targetHints":{"allow":["GET"]}}],"collection":[{"href":"https:\/\/ksproducts.ca\/fr\/wp-json\/wp\/v2\/product"}],"about":[{"href":"https:\/\/ksproducts.ca\/fr\/wp-json\/wp\/v2\/types\/product"}],"replies":[{"embeddable":true,"href":"https:\/\/ksproducts.ca\/fr\/wp-json\/wp\/v2\/comments?post=12178"}],"version-history":[{"count":1,"href":"https:\/\/ksproducts.ca\/fr\/wp-json\/wp\/v2\/product\/12178\/revisions"}],"predecessor-version":[{"id":12180,"href":"https:\/\/ksproducts.ca\/fr\/wp-json\/wp\/v2\/product\/12178\/revisions\/12180"}],"wp:featuredmedia":[{"embeddable":true,"href":"https:\/\/ksproducts.ca\/fr\/wp-json\/wp\/v2\/media\/12179"}],"wp:attachment":[{"href":"https:\/\/ksproducts.ca\/fr\/wp-json\/wp\/v2\/media?parent=12178"}],"wp:term":[{"taxonomy":"product_cat","embeddable":true,"href":"https:\/\/ksproducts.ca\/fr\/wp-json\/wp\/v2\/product_cat?post=12178"},{"taxonomy":"product_tag","embeddable":true,"href":"https:\/\/ksproducts.ca\/fr\/wp-json\/wp\/v2\/product_tag?post=12178"}],"curies":[{"name":"wp","href":"https:\/\/api.w.org\/{rel}","templated":true}]}}