{"id":12182,"date":"2026-03-10T16:48:00","date_gmt":"2026-03-10T16:48:00","guid":{"rendered":"https:\/\/ksproducts.ca\/?post_type=product&#038;p=12182"},"modified":"2026-03-16T15:41:27","modified_gmt":"2026-03-16T15:41:27","slug":"luxor-2-shelters-plastic-utility-cart-with-flat-shelves-300lb-weight-capacity-black","status":"publish","type":"product","link":"https:\/\/ksproducts.ca\/fr\/product\/luxor-2-shelf-plastic-utility-cart-with-flat-shelves-300lb-weight-capacity-black\/","title":{"rendered":"Luxor 2-Shelf Plastic Utility Cart with Flat Shelves - 300lb Weight Capacity - Black (chariot utilitaire en plastique \u00e0 2 \u00e9tages avec \u00e9tag\u00e8res plates)"},"content":{"rendered":"<ul>\n<li data-start=\"652\" data-end=\"706\">Chariot utilitaire \u00e0 deux \u00e9tag\u00e8res pour le stockage et le transport<\/li>\n<li data-start=\"709\" data-end=\"804\">Fabriqu\u00e9 en mousse structurelle de poly\u00e9thyl\u00e8ne haute densit\u00e9 (ne se tache pas, ne se raye pas, ne se cabosse pas et ne rouille pas).<\/li>\n<li data-start=\"807\" data-end=\"874\">Rebord de retenue \u00e0 l'arri\u00e8re et sur les c\u00f4t\u00e9s pour \u00e9viter que les objets ne tombent<\/li>\n<li data-start=\"877\" data-end=\"940\">Quatre roulettes robustes de 4\u201d, dont deux avec frein pour la stabilit\u00e9<\/li>\n<li data-start=\"943\" data-end=\"1004\">Poign\u00e9e de pouss\u00e9e moul\u00e9e dans le plateau sup\u00e9rieur pour un d\u00e9placement ais\u00e9<\/li>\n<li data-start=\"1007\" data-end=\"1073\">\u00c9tag\u00e8res renforc\u00e9es par deux barres en aluminium pour plus de solidit\u00e9<\/li>\n<li data-start=\"1076\" data-end=\"1114\">Dimensions : 18 \u201dD \u00d7 24 \u201dW \u00d7 33.5 \u201dH<\/li>\n<li data-start=\"1117\" data-end=\"1152\">Espace de 26\u201d entre les \u00e9tag\u00e8res<\/li>\n<li data-start=\"1155\" data-end=\"1174\">Assemblage facile<\/li>\n<\/ul>","protected":false},"excerpt":{"rendered":"<p>Le HE32 est un chariot utilitaire \u00e0 deux \u00e9tag\u00e8res fabriqu\u00e9 en poly\u00e9thyl\u00e8ne haute densit\u00e9, avec des \u00e9tag\u00e8res et des pieds en plastique moul\u00e9 en mousse structurelle qui ne se tacheront pas, ne s'\u00e9gratigneront pas, ne se bosselleront pas et ne rouilleront pas. Comprend un rebord de retenue \u00e0 l'arri\u00e8re et sur les c\u00f4t\u00e9s des tablettes plates. Comprend quatre roulettes robustes de 4\u201d, dont deux avec frein. Une poign\u00e9e de pouss\u00e9e est moul\u00e9e dans l'\u00e9tag\u00e8re sup\u00e9rieure. Toutes les \u00e9tag\u00e8res sont renforc\u00e9es par deux barres en aluminium. Ce chariot HE32 est compos\u00e9 de deux \u00e9tag\u00e8res de 18 \u201dD x 24 \u201dW x 33.5 \u201dH. L'espace libre entre les \u00e9tag\u00e8res est de 26\u2033. Assemblage facile. Fabriqu\u00e9 aux Etats-Unis.<\/p>","protected":false},"featured_media":12183,"comment_status":"open","ping_status":"closed","template":"","meta":[],"product_cat":[433],"product_tag":[],"class_list":{"0":"post-12182","1":"product","2":"type-product","3":"status-publish","4":"has-post-thumbnail","6":"product_cat-utility-carts","7":"product_shipping_class-class-3","9":"first","10":"instock","11":"taxable","12":"shipping-taxable","13":"purchasable","14":"product-type-simple"},"yoast_head":"<!-- This site is optimized with the Yoast SEO plugin v27.4 - https:\/\/yoast.com\/product\/yoast-seo-wordpress\/ -->\n<title>Luxor 2-Shelf Plastic Utility Cart with Flat Shelves - 300lb Weight Capacity - Black - Ks Products<\/title>\n<meta name=\"robots\" content=\"index, follow, max-snippet:-1, max-image-preview:large, max-video-preview:-1\" \/>\n<link rel=\"canonical\" href=\"https:\/\/ksproducts.ca\/fr\/product\/luxor-2-shelters-plastic-utility-cart-with-flat-shelves-300lb-weight-capacity-black\/\" \/>\n<meta property=\"og:locale\" content=\"fr_CA\" \/>\n<meta property=\"og:type\" content=\"article\" \/>\n<meta property=\"og:title\" content=\"Luxor 2-Shelf Plastic Utility Cart with Flat Shelves - 300lb Weight Capacity - Black - Ks Products\" \/>\n<meta property=\"og:description\" content=\"The HE32 is a two shelf utility cart made of high density polyethylene structural foam molded plastic shelves and legs that won&#039;t stain, scratch, dent or rust. Features a retaining lip around the back and sides of flat shelves. Includes four heavy duty 4\u201d casters, two with brake. Has a push handle molded into the top shelf. All shelves are reinforced with two aluminum bars. This HE32 cart is two shelves 18\u201dD x 24\u201dW x 33.5\u201dH Clearance between shelves is 26&quot;. Easy assembly. Made in USA.\" \/>\n<meta property=\"og:url\" content=\"https:\/\/ksproducts.ca\/fr\/product\/luxor-2-shelters-plastic-utility-cart-with-flat-shelves-300lb-weight-capacity-black\/\" \/>\n<meta property=\"og:site_name\" content=\"Ks Products\" \/>\n<meta property=\"article:modified_time\" content=\"2026-03-16T15:41:27+00:00\" \/>\n<meta property=\"og:image\" content=\"https:\/\/ksproducts.ca\/wp-content\/uploads\/2026\/03\/Luxor-2-Shelf-Plastic-Utility-Cart-with-Flat-Shelves-300lb-Weight-Capacity-Black.jpg\" \/>\n\t<meta property=\"og:image:width\" content=\"522\" \/>\n\t<meta property=\"og:image:height\" content=\"522\" \/>\n\t<meta property=\"og:image:type\" content=\"image\/jpeg\" \/>\n<meta name=\"twitter:card\" content=\"summary_large_image\" \/>\n<meta name=\"twitter:label1\" content=\"Estimation du temps de lecture\" \/>\n\t<meta name=\"twitter:data1\" content=\"1 minute\" \/>\n<script type=\"application\/ld+json\" class=\"yoast-schema-graph\">{\"@context\":\"https:\\\/\\\/schema.org\",\"@graph\":[{\"@type\":\"WebPage\",\"@id\":\"https:\\\/\\\/ksproducts.ca\\\/product\\\/luxor-2-shelf-plastic-utility-cart-with-flat-shelves-300lb-weight-capacity-black\\\/\",\"url\":\"https:\\\/\\\/ksproducts.ca\\\/product\\\/luxor-2-shelf-plastic-utility-cart-with-flat-shelves-300lb-weight-capacity-black\\\/\",\"name\":\"Luxor 2-Shelf Plastic Utility Cart with Flat Shelves - 300lb Weight Capacity - Black - Ks Products\",\"isPartOf\":{\"@id\":\"https:\\\/\\\/ksproducts.ca\\\/#website\"},\"primaryImageOfPage\":{\"@id\":\"https:\\\/\\\/ksproducts.ca\\\/product\\\/luxor-2-shelf-plastic-utility-cart-with-flat-shelves-300lb-weight-capacity-black\\\/#primaryimage\"},\"image\":{\"@id\":\"https:\\\/\\\/ksproducts.ca\\\/product\\\/luxor-2-shelf-plastic-utility-cart-with-flat-shelves-300lb-weight-capacity-black\\\/#primaryimage\"},\"thumbnailUrl\":\"https:\\\/\\\/ksproducts.ca\\\/wp-content\\\/uploads\\\/2026\\\/03\\\/Luxor-2-Shelf-Plastic-Utility-Cart-with-Flat-Shelves-300lb-Weight-Capacity-Black.jpg\",\"datePublished\":\"2026-03-10T16:48:00+00:00\",\"dateModified\":\"2026-03-16T15:41:27+00:00\",\"breadcrumb\":{\"@id\":\"https:\\\/\\\/ksproducts.ca\\\/product\\\/luxor-2-shelf-plastic-utility-cart-with-flat-shelves-300lb-weight-capacity-black\\\/#breadcrumb\"},\"inLanguage\":\"fr-CA\",\"potentialAction\":[{\"@type\":\"ReadAction\",\"target\":[\"https:\\\/\\\/ksproducts.ca\\\/product\\\/luxor-2-shelf-plastic-utility-cart-with-flat-shelves-300lb-weight-capacity-black\\\/\"]}]},{\"@type\":\"ImageObject\",\"inLanguage\":\"fr-CA\",\"@id\":\"https:\\\/\\\/ksproducts.ca\\\/product\\\/luxor-2-shelf-plastic-utility-cart-with-flat-shelves-300lb-weight-capacity-black\\\/#primaryimage\",\"url\":\"https:\\\/\\\/ksproducts.ca\\\/wp-content\\\/uploads\\\/2026\\\/03\\\/Luxor-2-Shelf-Plastic-Utility-Cart-with-Flat-Shelves-300lb-Weight-Capacity-Black.jpg\",\"contentUrl\":\"https:\\\/\\\/ksproducts.ca\\\/wp-content\\\/uploads\\\/2026\\\/03\\\/Luxor-2-Shelf-Plastic-Utility-Cart-with-Flat-Shelves-300lb-Weight-Capacity-Black.jpg\",\"width\":522,\"height\":522,\"caption\":\"Luxor 2 Shelf Plastic Utility Cart with Flat Shelves 300lb Weight Capacity Black\"},{\"@type\":\"BreadcrumbList\",\"@id\":\"https:\\\/\\\/ksproducts.ca\\\/product\\\/luxor-2-shelf-plastic-utility-cart-with-flat-shelves-300lb-weight-capacity-black\\\/#breadcrumb\",\"itemListElement\":[{\"@type\":\"ListItem\",\"position\":1,\"name\":\"Home\",\"item\":\"https:\\\/\\\/ksproducts.ca\\\/\"},{\"@type\":\"ListItem\",\"position\":2,\"name\":\"Shop\",\"item\":\"https:\\\/\\\/ksproducts.ca\\\/shop\\\/\"},{\"@type\":\"ListItem\",\"position\":3,\"name\":\"Luxor 2-Shelf Plastic Utility Cart with Flat Shelves &#8211; 300lb Weight Capacity &#8211; Black\"}]},{\"@type\":\"WebSite\",\"@id\":\"https:\\\/\\\/ksproducts.ca\\\/#website\",\"url\":\"https:\\\/\\\/ksproducts.ca\\\/\",\"name\":\"Ks Products\",\"description\":\"Outdoor cooking and living, made easy in Canada\",\"publisher\":{\"@id\":\"https:\\\/\\\/ksproducts.ca\\\/#organization\"},\"potentialAction\":[{\"@type\":\"SearchAction\",\"target\":{\"@type\":\"EntryPoint\",\"urlTemplate\":\"https:\\\/\\\/ksproducts.ca\\\/?s={search_term_string}\"},\"query-input\":{\"@type\":\"PropertyValueSpecification\",\"valueRequired\":true,\"valueName\":\"search_term_string\"}}],\"inLanguage\":\"fr-CA\"},{\"@type\":\"Organization\",\"@id\":\"https:\\\/\\\/ksproducts.ca\\\/#organization\",\"name\":\"Ks Products\",\"url\":\"https:\\\/\\\/ksproducts.ca\\\/\",\"logo\":{\"@type\":\"ImageObject\",\"inLanguage\":\"fr-CA\",\"@id\":\"https:\\\/\\\/ksproducts.ca\\\/#\\\/schema\\\/logo\\\/image\\\/\",\"url\":\"https:\\\/\\\/ksproducts.ca\\\/wp-content\\\/uploads\\\/2023\\\/09\\\/Kennedy-Sales-Logo-header-1.png\",\"contentUrl\":\"https:\\\/\\\/ksproducts.ca\\\/wp-content\\\/uploads\\\/2023\\\/09\\\/Kennedy-Sales-Logo-header-1.png\",\"width\":150,\"height\":77,\"caption\":\"Ks Products\"},\"image\":{\"@id\":\"https:\\\/\\\/ksproducts.ca\\\/#\\\/schema\\\/logo\\\/image\\\/\"}}]}<\/script>\n<!-- \/ Yoast SEO plugin. -->","yoast_head_json":{"title":"Luxor 2-Shelf Plastic Utility Cart with Flat Shelves - 300lb Weight Capacity - Black - Ks Products","robots":{"index":"index","follow":"follow","max-snippet":"max-snippet:-1","max-image-preview":"max-image-preview:large","max-video-preview":"max-video-preview:-1"},"canonical":"https:\/\/ksproducts.ca\/fr\/product\/luxor-2-shelters-plastic-utility-cart-with-flat-shelves-300lb-weight-capacity-black\/","og_locale":"fr_CA","og_type":"article","og_title":"Luxor 2-Shelf Plastic Utility Cart with Flat Shelves - 300lb Weight Capacity - Black - Ks Products","og_description":"The HE32 is a two shelf utility cart made of high density polyethylene structural foam molded plastic shelves and legs that won't stain, scratch, dent or rust. Features a retaining lip around the back and sides of flat shelves. Includes four heavy duty 4\u201d casters, two with brake. Has a push handle molded into the top shelf. All shelves are reinforced with two aluminum bars. This HE32 cart is two shelves 18\u201dD x 24\u201dW x 33.5\u201dH Clearance between shelves is 26\". Easy assembly. Made in USA.","og_url":"https:\/\/ksproducts.ca\/fr\/product\/luxor-2-shelters-plastic-utility-cart-with-flat-shelves-300lb-weight-capacity-black\/","og_site_name":"Ks Products","article_modified_time":"2026-03-16T15:41:27+00:00","og_image":[{"width":522,"height":522,"url":"https:\/\/ksproducts.ca\/wp-content\/uploads\/2026\/03\/Luxor-2-Shelf-Plastic-Utility-Cart-with-Flat-Shelves-300lb-Weight-Capacity-Black.jpg","type":"image\/jpeg"}],"twitter_card":"summary_large_image","twitter_misc":{"Estimation du temps de lecture":"1 minute"},"schema":{"@context":"https:\/\/schema.org","@graph":[{"@type":"WebPage","@id":"https:\/\/ksproducts.ca\/product\/luxor-2-shelf-plastic-utility-cart-with-flat-shelves-300lb-weight-capacity-black\/","url":"https:\/\/ksproducts.ca\/product\/luxor-2-shelf-plastic-utility-cart-with-flat-shelves-300lb-weight-capacity-black\/","name":"Luxor 2-Shelf Plastic Utility Cart with Flat Shelves - 300lb Weight Capacity - Black - Ks Products","isPartOf":{"@id":"https:\/\/ksproducts.ca\/#website"},"primaryImageOfPage":{"@id":"https:\/\/ksproducts.ca\/product\/luxor-2-shelf-plastic-utility-cart-with-flat-shelves-300lb-weight-capacity-black\/#primaryimage"},"image":{"@id":"https:\/\/ksproducts.ca\/product\/luxor-2-shelf-plastic-utility-cart-with-flat-shelves-300lb-weight-capacity-black\/#primaryimage"},"thumbnailUrl":"https:\/\/ksproducts.ca\/wp-content\/uploads\/2026\/03\/Luxor-2-Shelf-Plastic-Utility-Cart-with-Flat-Shelves-300lb-Weight-Capacity-Black.jpg","datePublished":"2026-03-10T16:48:00+00:00","dateModified":"2026-03-16T15:41:27+00:00","breadcrumb":{"@id":"https:\/\/ksproducts.ca\/product\/luxor-2-shelf-plastic-utility-cart-with-flat-shelves-300lb-weight-capacity-black\/#breadcrumb"},"inLanguage":"fr-CA","potentialAction":[{"@type":"ReadAction","target":["https:\/\/ksproducts.ca\/product\/luxor-2-shelf-plastic-utility-cart-with-flat-shelves-300lb-weight-capacity-black\/"]}]},{"@type":"ImageObject","inLanguage":"fr-CA","@id":"https:\/\/ksproducts.ca\/product\/luxor-2-shelf-plastic-utility-cart-with-flat-shelves-300lb-weight-capacity-black\/#primaryimage","url":"https:\/\/ksproducts.ca\/wp-content\/uploads\/2026\/03\/Luxor-2-Shelf-Plastic-Utility-Cart-with-Flat-Shelves-300lb-Weight-Capacity-Black.jpg","contentUrl":"https:\/\/ksproducts.ca\/wp-content\/uploads\/2026\/03\/Luxor-2-Shelf-Plastic-Utility-Cart-with-Flat-Shelves-300lb-Weight-Capacity-Black.jpg","width":522,"height":522,"caption":"Luxor 2 Shelf Plastic Utility Cart with Flat Shelves 300lb Weight Capacity Black"},{"@type":"BreadcrumbList","@id":"https:\/\/ksproducts.ca\/product\/luxor-2-shelf-plastic-utility-cart-with-flat-shelves-300lb-weight-capacity-black\/#breadcrumb","itemListElement":[{"@type":"ListItem","position":1,"name":"Home","item":"https:\/\/ksproducts.ca\/"},{"@type":"ListItem","position":2,"name":"Shop","item":"https:\/\/ksproducts.ca\/shop\/"},{"@type":"ListItem","position":3,"name":"Luxor 2-Shelf Plastic Utility Cart with Flat Shelves &#8211; 300lb Weight Capacity &#8211; Black"}]},{"@type":"WebSite","@id":"https:\/\/ksproducts.ca\/#website","url":"https:\/\/ksproducts.ca\/","name":"Produits Ks","description":"Cuisiner et vivre en plein air, c'est facile au Canada","publisher":{"@id":"https:\/\/ksproducts.ca\/#organization"},"potentialAction":[{"@type":"SearchAction","target":{"@type":"EntryPoint","urlTemplate":"https:\/\/ksproducts.ca\/?s={search_term_string}"},"query-input":{"@type":"PropertyValueSpecification","valueRequired":true,"valueName":"search_term_string"}}],"inLanguage":"fr-CA"},{"@type":"Organization","@id":"https:\/\/ksproducts.ca\/#organization","name":"Produits Ks","url":"https:\/\/ksproducts.ca\/","logo":{"@type":"ImageObject","inLanguage":"fr-CA","@id":"https:\/\/ksproducts.ca\/#\/schema\/logo\/image\/","url":"https:\/\/ksproducts.ca\/wp-content\/uploads\/2023\/09\/Kennedy-Sales-Logo-header-1.png","contentUrl":"https:\/\/ksproducts.ca\/wp-content\/uploads\/2023\/09\/Kennedy-Sales-Logo-header-1.png","width":150,"height":77,"caption":"Ks Products"},"image":{"@id":"https:\/\/ksproducts.ca\/#\/schema\/logo\/image\/"}}]}},"_links":{"self":[{"href":"https:\/\/ksproducts.ca\/fr\/wp-json\/wp\/v2\/product\/12182","targetHints":{"allow":["GET"]}}],"collection":[{"href":"https:\/\/ksproducts.ca\/fr\/wp-json\/wp\/v2\/product"}],"about":[{"href":"https:\/\/ksproducts.ca\/fr\/wp-json\/wp\/v2\/types\/product"}],"replies":[{"embeddable":true,"href":"https:\/\/ksproducts.ca\/fr\/wp-json\/wp\/v2\/comments?post=12182"}],"version-history":[{"count":1,"href":"https:\/\/ksproducts.ca\/fr\/wp-json\/wp\/v2\/product\/12182\/revisions"}],"predecessor-version":[{"id":12184,"href":"https:\/\/ksproducts.ca\/fr\/wp-json\/wp\/v2\/product\/12182\/revisions\/12184"}],"wp:featuredmedia":[{"embeddable":true,"href":"https:\/\/ksproducts.ca\/fr\/wp-json\/wp\/v2\/media\/12183"}],"wp:attachment":[{"href":"https:\/\/ksproducts.ca\/fr\/wp-json\/wp\/v2\/media?parent=12182"}],"wp:term":[{"taxonomy":"product_cat","embeddable":true,"href":"https:\/\/ksproducts.ca\/fr\/wp-json\/wp\/v2\/product_cat?post=12182"},{"taxonomy":"product_tag","embeddable":true,"href":"https:\/\/ksproducts.ca\/fr\/wp-json\/wp\/v2\/product_tag?post=12182"}],"curies":[{"name":"wp","href":"https:\/\/api.w.org\/{rel}","templated":true}]}}