{"id":12185,"date":"2026-03-10T16:51:05","date_gmt":"2026-03-10T16:51:05","guid":{"rendered":"https:\/\/ksproducts.ca\/?post_type=product&#038;p=12185"},"modified":"2026-03-16T15:42:30","modified_gmt":"2026-03-16T15:42:30","slug":"luxor-2-shelters-plastic-utility-cart-with-flat-shelves-300lb-weight-capacity-grey","status":"publish","type":"product","link":"https:\/\/ksproducts.ca\/fr\/product\/luxor-2-shelf-plastic-utility-cart-with-flat-shelves-300lb-weight-capacity-grey\/","title":{"rendered":"Luxor 2-Shelf Plastic Utility Cart with Flat Shelves - 300lb Weight Capacity - Grey"},"content":{"rendered":"<ul class=\"a-unordered-list a-vertical a-spacing-mini\">\n<li class=\"a-spacing-mini\"><span class=\"a-list-item\">Pays d'origine : \u00c9tats-Unis<\/span><\/li>\n<li class=\"a-spacing-mini\"><span class=\"a-list-item\">Le mat\u00e9riau est du poly\u00e9thyl\u00e8ne haute densit\u00e9<\/span><\/li>\n<li class=\"a-spacing-mini\"><span class=\"a-list-item\">Num\u00e9ro de mod\u00e8le : HE32-G<\/span><\/li>\n<li class=\"a-spacing-mini\"><span class=\"a-list-item\">Poids de l'emballage : 1,0 lb<\/span><\/li>\n<\/ul>","protected":false},"excerpt":{"rendered":"<p>\u00c9tag\u00e8res en plastique moul\u00e9 en mousse structurelle de poly\u00e9thyl\u00e8ne haute densit\u00e9. Pieds qui ne se tachent pas, ne se rayent pas, ne se cabossent pas et ne rouillent pas. Rebord de retenue \u00e0 l'arri\u00e8re et sur les c\u00f4t\u00e9s des \u00e9tag\u00e8res plates. Poign\u00e9e de pouss\u00e9e moul\u00e9e dans l'\u00e9tag\u00e8re sup\u00e9rieure. Quatre roulettes robustes de 4 pouces, dont deux avec frein. Les tablettes sont renforc\u00e9es par deux barres en aluminium. Espace libre entre les tablettes : 26 po. Capacit\u00e9 : 300 lb. Fabriqu\u00e9 en poly\u00e9thyl\u00e8ne, plastique et aluminium. Assemblage minimal requis. Fabriqu\u00e9 aux \u00c9tats-Unis. 24 po. L x 18 in. L x 33,5 po H. Garantie.<\/p>","protected":false},"featured_media":12186,"comment_status":"open","ping_status":"closed","template":"","meta":[],"product_cat":[433],"product_tag":[],"class_list":{"0":"post-12185","1":"product","2":"type-product","3":"status-publish","4":"has-post-thumbnail","6":"product_cat-utility-carts","7":"product_shipping_class-class-3","9":"first","10":"instock","11":"taxable","12":"shipping-taxable","13":"purchasable","14":"product-type-simple"},"yoast_head":"<!-- This site is optimized with the Yoast SEO plugin v27.4 - https:\/\/yoast.com\/product\/yoast-seo-wordpress\/ -->\n<title>Luxor 2-Shelf Plastic Utility Cart with Flat Shelves - 300lb Weight Capacity - Grey - Ks Products<\/title>\n<meta name=\"robots\" content=\"index, follow, max-snippet:-1, max-image-preview:large, max-video-preview:-1\" \/>\n<link rel=\"canonical\" href=\"https:\/\/ksproducts.ca\/fr\/product\/luxor-2-shelters-plastic-utility-cart-with-flat-shelves-300lb-weight-capacity-grey\/\" \/>\n<meta property=\"og:locale\" content=\"fr_CA\" \/>\n<meta property=\"og:type\" content=\"article\" \/>\n<meta property=\"og:title\" content=\"Luxor 2-Shelf Plastic Utility Cart with Flat Shelves - 300lb Weight Capacity - Grey - Ks Products\" \/>\n<meta property=\"og:description\" content=\"High density polyethylene structural foam molded plastic shelves. Legs that won&#039;t stain, scratch, dent or rust. Retaining lip around the back and sides of flat shelves. Push handle molded into the top shelf. Four heavy duty 4 in. casters, two with brake. Shelves are reinforced with two aluminum bars. Clearance between shelves: 26 in.. Capacity: 300 lbs.. Made from polyethylene, plastic and aluminum. Minimal assembly required. Made in USA. 24 in. L x 18 in. W x 33.5 in. H. Warranty.\" \/>\n<meta property=\"og:url\" content=\"https:\/\/ksproducts.ca\/fr\/product\/luxor-2-shelters-plastic-utility-cart-with-flat-shelves-300lb-weight-capacity-grey\/\" \/>\n<meta property=\"og:site_name\" content=\"Ks Products\" \/>\n<meta property=\"article:modified_time\" content=\"2026-03-16T15:42:30+00:00\" \/>\n<meta property=\"og:image\" content=\"https:\/\/ksproducts.ca\/wp-content\/uploads\/2026\/03\/Luxor-2-Shelf-Plastic-Utility-Cart-with-Flat-Shelves-300lb-Weight-Capacity-Grey.jpg\" \/>\n\t<meta property=\"og:image:width\" content=\"425\" \/>\n\t<meta property=\"og:image:height\" content=\"517\" \/>\n\t<meta property=\"og:image:type\" content=\"image\/jpeg\" \/>\n<meta name=\"twitter:card\" content=\"summary_large_image\" \/>\n<meta name=\"twitter:label1\" content=\"Estimation du temps de lecture\" \/>\n\t<meta name=\"twitter:data1\" content=\"1 minute\" \/>\n<script type=\"application\/ld+json\" class=\"yoast-schema-graph\">{\"@context\":\"https:\\\/\\\/schema.org\",\"@graph\":[{\"@type\":\"WebPage\",\"@id\":\"https:\\\/\\\/ksproducts.ca\\\/product\\\/luxor-2-shelf-plastic-utility-cart-with-flat-shelves-300lb-weight-capacity-grey\\\/\",\"url\":\"https:\\\/\\\/ksproducts.ca\\\/product\\\/luxor-2-shelf-plastic-utility-cart-with-flat-shelves-300lb-weight-capacity-grey\\\/\",\"name\":\"Luxor 2-Shelf Plastic Utility Cart with Flat Shelves - 300lb Weight Capacity - Grey - Ks Products\",\"isPartOf\":{\"@id\":\"https:\\\/\\\/ksproducts.ca\\\/#website\"},\"primaryImageOfPage\":{\"@id\":\"https:\\\/\\\/ksproducts.ca\\\/product\\\/luxor-2-shelf-plastic-utility-cart-with-flat-shelves-300lb-weight-capacity-grey\\\/#primaryimage\"},\"image\":{\"@id\":\"https:\\\/\\\/ksproducts.ca\\\/product\\\/luxor-2-shelf-plastic-utility-cart-with-flat-shelves-300lb-weight-capacity-grey\\\/#primaryimage\"},\"thumbnailUrl\":\"https:\\\/\\\/ksproducts.ca\\\/wp-content\\\/uploads\\\/2026\\\/03\\\/Luxor-2-Shelf-Plastic-Utility-Cart-with-Flat-Shelves-300lb-Weight-Capacity-Grey.jpg\",\"datePublished\":\"2026-03-10T16:51:05+00:00\",\"dateModified\":\"2026-03-16T15:42:30+00:00\",\"breadcrumb\":{\"@id\":\"https:\\\/\\\/ksproducts.ca\\\/product\\\/luxor-2-shelf-plastic-utility-cart-with-flat-shelves-300lb-weight-capacity-grey\\\/#breadcrumb\"},\"inLanguage\":\"fr-CA\",\"potentialAction\":[{\"@type\":\"ReadAction\",\"target\":[\"https:\\\/\\\/ksproducts.ca\\\/product\\\/luxor-2-shelf-plastic-utility-cart-with-flat-shelves-300lb-weight-capacity-grey\\\/\"]}]},{\"@type\":\"ImageObject\",\"inLanguage\":\"fr-CA\",\"@id\":\"https:\\\/\\\/ksproducts.ca\\\/product\\\/luxor-2-shelf-plastic-utility-cart-with-flat-shelves-300lb-weight-capacity-grey\\\/#primaryimage\",\"url\":\"https:\\\/\\\/ksproducts.ca\\\/wp-content\\\/uploads\\\/2026\\\/03\\\/Luxor-2-Shelf-Plastic-Utility-Cart-with-Flat-Shelves-300lb-Weight-Capacity-Grey.jpg\",\"contentUrl\":\"https:\\\/\\\/ksproducts.ca\\\/wp-content\\\/uploads\\\/2026\\\/03\\\/Luxor-2-Shelf-Plastic-Utility-Cart-with-Flat-Shelves-300lb-Weight-Capacity-Grey.jpg\",\"width\":425,\"height\":517,\"caption\":\"Luxor 2 Shelf Plastic Utility Cart with Flat Shelves 300lb Weight Capacity Grey\"},{\"@type\":\"BreadcrumbList\",\"@id\":\"https:\\\/\\\/ksproducts.ca\\\/product\\\/luxor-2-shelf-plastic-utility-cart-with-flat-shelves-300lb-weight-capacity-grey\\\/#breadcrumb\",\"itemListElement\":[{\"@type\":\"ListItem\",\"position\":1,\"name\":\"Home\",\"item\":\"https:\\\/\\\/ksproducts.ca\\\/\"},{\"@type\":\"ListItem\",\"position\":2,\"name\":\"Shop\",\"item\":\"https:\\\/\\\/ksproducts.ca\\\/shop\\\/\"},{\"@type\":\"ListItem\",\"position\":3,\"name\":\"Luxor 2-Shelf Plastic Utility Cart with Flat Shelves &#8211; 300lb Weight Capacity &#8211; Grey\"}]},{\"@type\":\"WebSite\",\"@id\":\"https:\\\/\\\/ksproducts.ca\\\/#website\",\"url\":\"https:\\\/\\\/ksproducts.ca\\\/\",\"name\":\"Ks Products\",\"description\":\"Outdoor cooking and living, made easy in Canada\",\"publisher\":{\"@id\":\"https:\\\/\\\/ksproducts.ca\\\/#organization\"},\"potentialAction\":[{\"@type\":\"SearchAction\",\"target\":{\"@type\":\"EntryPoint\",\"urlTemplate\":\"https:\\\/\\\/ksproducts.ca\\\/?s={search_term_string}\"},\"query-input\":{\"@type\":\"PropertyValueSpecification\",\"valueRequired\":true,\"valueName\":\"search_term_string\"}}],\"inLanguage\":\"fr-CA\"},{\"@type\":\"Organization\",\"@id\":\"https:\\\/\\\/ksproducts.ca\\\/#organization\",\"name\":\"Ks Products\",\"url\":\"https:\\\/\\\/ksproducts.ca\\\/\",\"logo\":{\"@type\":\"ImageObject\",\"inLanguage\":\"fr-CA\",\"@id\":\"https:\\\/\\\/ksproducts.ca\\\/#\\\/schema\\\/logo\\\/image\\\/\",\"url\":\"https:\\\/\\\/ksproducts.ca\\\/wp-content\\\/uploads\\\/2023\\\/09\\\/Kennedy-Sales-Logo-header-1.png\",\"contentUrl\":\"https:\\\/\\\/ksproducts.ca\\\/wp-content\\\/uploads\\\/2023\\\/09\\\/Kennedy-Sales-Logo-header-1.png\",\"width\":150,\"height\":77,\"caption\":\"Ks Products\"},\"image\":{\"@id\":\"https:\\\/\\\/ksproducts.ca\\\/#\\\/schema\\\/logo\\\/image\\\/\"}}]}<\/script>\n<!-- \/ Yoast SEO plugin. -->","yoast_head_json":{"title":"Luxor 2-Shelf Plastic Utility Cart with Flat Shelves - 300lb Weight Capacity - Grey - Ks Products","robots":{"index":"index","follow":"follow","max-snippet":"max-snippet:-1","max-image-preview":"max-image-preview:large","max-video-preview":"max-video-preview:-1"},"canonical":"https:\/\/ksproducts.ca\/fr\/product\/luxor-2-shelters-plastic-utility-cart-with-flat-shelves-300lb-weight-capacity-grey\/","og_locale":"fr_CA","og_type":"article","og_title":"Luxor 2-Shelf Plastic Utility Cart with Flat Shelves - 300lb Weight Capacity - Grey - Ks Products","og_description":"High density polyethylene structural foam molded plastic shelves. Legs that won't stain, scratch, dent or rust. Retaining lip around the back and sides of flat shelves. Push handle molded into the top shelf. Four heavy duty 4 in. casters, two with brake. Shelves are reinforced with two aluminum bars. Clearance between shelves: 26 in.. Capacity: 300 lbs.. Made from polyethylene, plastic and aluminum. Minimal assembly required. Made in USA. 24 in. L x 18 in. W x 33.5 in. H. Warranty.","og_url":"https:\/\/ksproducts.ca\/fr\/product\/luxor-2-shelters-plastic-utility-cart-with-flat-shelves-300lb-weight-capacity-grey\/","og_site_name":"Ks Products","article_modified_time":"2026-03-16T15:42:30+00:00","og_image":[{"width":425,"height":517,"url":"https:\/\/ksproducts.ca\/wp-content\/uploads\/2026\/03\/Luxor-2-Shelf-Plastic-Utility-Cart-with-Flat-Shelves-300lb-Weight-Capacity-Grey.jpg","type":"image\/jpeg"}],"twitter_card":"summary_large_image","twitter_misc":{"Estimation du temps de lecture":"1 minute"},"schema":{"@context":"https:\/\/schema.org","@graph":[{"@type":"WebPage","@id":"https:\/\/ksproducts.ca\/product\/luxor-2-shelf-plastic-utility-cart-with-flat-shelves-300lb-weight-capacity-grey\/","url":"https:\/\/ksproducts.ca\/product\/luxor-2-shelf-plastic-utility-cart-with-flat-shelves-300lb-weight-capacity-grey\/","name":"Luxor 2-Shelf Plastic Utility Cart with Flat Shelves - 300lb Weight Capacity - Grey - Ks Products","isPartOf":{"@id":"https:\/\/ksproducts.ca\/#website"},"primaryImageOfPage":{"@id":"https:\/\/ksproducts.ca\/product\/luxor-2-shelf-plastic-utility-cart-with-flat-shelves-300lb-weight-capacity-grey\/#primaryimage"},"image":{"@id":"https:\/\/ksproducts.ca\/product\/luxor-2-shelf-plastic-utility-cart-with-flat-shelves-300lb-weight-capacity-grey\/#primaryimage"},"thumbnailUrl":"https:\/\/ksproducts.ca\/wp-content\/uploads\/2026\/03\/Luxor-2-Shelf-Plastic-Utility-Cart-with-Flat-Shelves-300lb-Weight-Capacity-Grey.jpg","datePublished":"2026-03-10T16:51:05+00:00","dateModified":"2026-03-16T15:42:30+00:00","breadcrumb":{"@id":"https:\/\/ksproducts.ca\/product\/luxor-2-shelf-plastic-utility-cart-with-flat-shelves-300lb-weight-capacity-grey\/#breadcrumb"},"inLanguage":"fr-CA","potentialAction":[{"@type":"ReadAction","target":["https:\/\/ksproducts.ca\/product\/luxor-2-shelf-plastic-utility-cart-with-flat-shelves-300lb-weight-capacity-grey\/"]}]},{"@type":"ImageObject","inLanguage":"fr-CA","@id":"https:\/\/ksproducts.ca\/product\/luxor-2-shelf-plastic-utility-cart-with-flat-shelves-300lb-weight-capacity-grey\/#primaryimage","url":"https:\/\/ksproducts.ca\/wp-content\/uploads\/2026\/03\/Luxor-2-Shelf-Plastic-Utility-Cart-with-Flat-Shelves-300lb-Weight-Capacity-Grey.jpg","contentUrl":"https:\/\/ksproducts.ca\/wp-content\/uploads\/2026\/03\/Luxor-2-Shelf-Plastic-Utility-Cart-with-Flat-Shelves-300lb-Weight-Capacity-Grey.jpg","width":425,"height":517,"caption":"Luxor 2 Shelf Plastic Utility Cart with Flat Shelves 300lb Weight Capacity Grey"},{"@type":"BreadcrumbList","@id":"https:\/\/ksproducts.ca\/product\/luxor-2-shelf-plastic-utility-cart-with-flat-shelves-300lb-weight-capacity-grey\/#breadcrumb","itemListElement":[{"@type":"ListItem","position":1,"name":"Home","item":"https:\/\/ksproducts.ca\/"},{"@type":"ListItem","position":2,"name":"Shop","item":"https:\/\/ksproducts.ca\/shop\/"},{"@type":"ListItem","position":3,"name":"Luxor 2-Shelf Plastic Utility Cart with Flat Shelves &#8211; 300lb Weight Capacity &#8211; Grey"}]},{"@type":"WebSite","@id":"https:\/\/ksproducts.ca\/#website","url":"https:\/\/ksproducts.ca\/","name":"Produits Ks","description":"Cuisiner et vivre en plein air, c'est facile au Canada","publisher":{"@id":"https:\/\/ksproducts.ca\/#organization"},"potentialAction":[{"@type":"SearchAction","target":{"@type":"EntryPoint","urlTemplate":"https:\/\/ksproducts.ca\/?s={search_term_string}"},"query-input":{"@type":"PropertyValueSpecification","valueRequired":true,"valueName":"search_term_string"}}],"inLanguage":"fr-CA"},{"@type":"Organization","@id":"https:\/\/ksproducts.ca\/#organization","name":"Produits Ks","url":"https:\/\/ksproducts.ca\/","logo":{"@type":"ImageObject","inLanguage":"fr-CA","@id":"https:\/\/ksproducts.ca\/#\/schema\/logo\/image\/","url":"https:\/\/ksproducts.ca\/wp-content\/uploads\/2023\/09\/Kennedy-Sales-Logo-header-1.png","contentUrl":"https:\/\/ksproducts.ca\/wp-content\/uploads\/2023\/09\/Kennedy-Sales-Logo-header-1.png","width":150,"height":77,"caption":"Ks Products"},"image":{"@id":"https:\/\/ksproducts.ca\/#\/schema\/logo\/image\/"}}]}},"_links":{"self":[{"href":"https:\/\/ksproducts.ca\/fr\/wp-json\/wp\/v2\/product\/12185","targetHints":{"allow":["GET"]}}],"collection":[{"href":"https:\/\/ksproducts.ca\/fr\/wp-json\/wp\/v2\/product"}],"about":[{"href":"https:\/\/ksproducts.ca\/fr\/wp-json\/wp\/v2\/types\/product"}],"replies":[{"embeddable":true,"href":"https:\/\/ksproducts.ca\/fr\/wp-json\/wp\/v2\/comments?post=12185"}],"version-history":[{"count":1,"href":"https:\/\/ksproducts.ca\/fr\/wp-json\/wp\/v2\/product\/12185\/revisions"}],"predecessor-version":[{"id":12187,"href":"https:\/\/ksproducts.ca\/fr\/wp-json\/wp\/v2\/product\/12185\/revisions\/12187"}],"wp:featuredmedia":[{"embeddable":true,"href":"https:\/\/ksproducts.ca\/fr\/wp-json\/wp\/v2\/media\/12186"}],"wp:attachment":[{"href":"https:\/\/ksproducts.ca\/fr\/wp-json\/wp\/v2\/media?parent=12185"}],"wp:term":[{"taxonomy":"product_cat","embeddable":true,"href":"https:\/\/ksproducts.ca\/fr\/wp-json\/wp\/v2\/product_cat?post=12185"},{"taxonomy":"product_tag","embeddable":true,"href":"https:\/\/ksproducts.ca\/fr\/wp-json\/wp\/v2\/product_tag?post=12185"}],"curies":[{"name":"wp","href":"https:\/\/api.w.org\/{rel}","templated":true}]}}