{"id":12191,"date":"2026-03-10T17:04:03","date_gmt":"2026-03-10T17:04:03","guid":{"rendered":"https:\/\/ksproducts.ca\/?post_type=product&#038;p=12191"},"modified":"2026-03-10T17:04:04","modified_gmt":"2026-03-10T17:04:04","slug":"heat-storm-1500w-infrarouge-quartz-portable-avec-thermostat-et-protection-contre-la-surchauffe-blanc","status":"publish","type":"product","link":"https:\/\/ksproducts.ca\/fr\/product\/heat-storm-1500w-infrared-quartz-portable-heater-with-thermostat-and-overheat-protection-white\/","title":{"rendered":"Heat Storm 1500W Infrared Quartz Portable Heater with Thermostat and Overheat Protection - White (chauffage portable \u00e0 quartz infrarouge avec thermostat et protection contre la surchauffe)"},"content":{"rendered":"<ul>\n<li>1 000 watts de chaleur infrarouge fournissent une chaleur confortable et efficace pour des pi\u00e8ces jusqu'\u00e0 100 m\u00b2 en tant que chauffage principal, 500 m\u00b2 en tant que chauffage secondaire.<\/li>\n<li>La conception murale permet d'\u00e9conomiser de l'espace au sol et s'int\u00e8gre facilement dans les salles de bains, les chambres \u00e0 coucher ou les bureaux.<\/li>\n<li>Le thermostat num\u00e9rique avec \u00e9cran tactile vous permet de r\u00e9gler et de maintenir la temp\u00e9rature souhait\u00e9e.<\/li>\n<li>Sans danger au toucher, m\u00eame sur le gril, ce qui en fait un excellent choix pour les personnes ayant des enfants ou des animaux de compagnie.<\/li>\n<li>Trois modes de puissance : pleine puissance (1 000 W), demi-puissance (500 W) et \u00e9conomie qui s\u00e9lectionne automatiquement entre la pleine puissance et la demi-puissance.<\/li>\n<li>La technologie brevet\u00e9e de l'\u00e9changeur de chaleur HMS permet d'obtenir une chaleur maximale tout en r\u00e9duisant les pertes de chaleur.<\/li>\n<li>Le fonctionnement silencieux (40-44 d\u00e9cibels) contribue au confort de votre environnement.<\/li>\n<li>Les temp\u00e9ratures varient de 40 \u00e0 99 degr\u00e9s Fahrenheit pour un confort personnalis\u00e9.<\/li>\n<li>Longueur du cordon : 3ft<\/li>\n<li>Accessoires inclus : mat\u00e9riel de montage et t\u00e9l\u00e9commande avec piles<\/li>\n<\/ul>","protected":false},"excerpt":{"rendered":"<p>\u00c9liminez les zones froides avec le radiateur \u00e9lectrique infrarouge mural Heat Storm 1000W. C'est la solution id\u00e9ale pour chauffer les salles de bains, les chambres, les bureaux ou toute autre petite pi\u00e8ce sans sacrifier l'espace au sol. L'installation est facile, l'efficacit\u00e9 maximale gr\u00e2ce \u00e0 la technologie brevet\u00e9e de l'\u00e9changeur de chaleur HMS, et les commandes sont simples gr\u00e2ce au thermostat num\u00e9rique.<\/p>","protected":false},"featured_media":12192,"comment_status":"open","ping_status":"closed","template":"","meta":[],"product_cat":[432],"product_tag":[],"class_list":{"0":"post-12191","1":"product","2":"type-product","3":"status-publish","4":"has-post-thumbnail","6":"product_cat-indoor-heaters","7":"product_shipping_class-class-3","9":"first","10":"instock","11":"taxable","12":"shipping-taxable","13":"purchasable","14":"product-type-simple"},"yoast_head":"<!-- This site is optimized with the Yoast SEO plugin v27.3 - https:\/\/yoast.com\/product\/yoast-seo-wordpress\/ -->\n<title>Heat Storm 1500W Infrared Quartz Portable Heater with Thermostat and Overheat Protection - White - Ks Products<\/title>\n<meta name=\"robots\" content=\"index, follow, max-snippet:-1, max-image-preview:large, max-video-preview:-1\" \/>\n<link rel=\"canonical\" href=\"https:\/\/ksproducts.ca\/fr\/product\/heat-storm-1500w-infrarouge-quartz-portable-avec-thermostat-et-protection-contre-la-surchauffe-blanc\/\" \/>\n<meta property=\"og:locale\" content=\"fr_CA\" \/>\n<meta property=\"og:type\" content=\"article\" \/>\n<meta property=\"og:title\" content=\"Heat Storm 1500W Infrared Quartz Portable Heater with Thermostat and Overheat Protection - White - Ks Products\" \/>\n<meta property=\"og:description\" content=\"Eliminate chilly spots with the Heat Storm 1000W infrared wall-mounted electric space heater. It&#039;s the ideal solution for heating bathrooms, bedrooms, offices, or any small room without sacrificing floor space. Enjoy easy installation, maximum efficiency with patented HMS Heat Exchanger Technology, and simple controls using the digital thermostat.\" \/>\n<meta property=\"og:url\" content=\"https:\/\/ksproducts.ca\/fr\/product\/heat-storm-1500w-infrarouge-quartz-portable-avec-thermostat-et-protection-contre-la-surchauffe-blanc\/\" \/>\n<meta property=\"og:site_name\" content=\"Ks Products\" \/>\n<meta property=\"article:modified_time\" content=\"2026-03-10T17:04:04+00:00\" \/>\n<meta property=\"og:image\" content=\"https:\/\/ksproducts.ca\/wp-content\/uploads\/2026\/03\/Heat-Storm-1500W-Infrared-Quartz-Portable-Heater-with-Thermostat-and-Overheat-Protection-White.jpg\" \/>\n\t<meta property=\"og:image:width\" content=\"800\" \/>\n\t<meta property=\"og:image:height\" content=\"800\" \/>\n\t<meta property=\"og:image:type\" content=\"image\/jpeg\" \/>\n<meta name=\"twitter:card\" content=\"summary_large_image\" \/>\n<meta name=\"twitter:label1\" content=\"Estimation du temps de lecture\" \/>\n\t<meta name=\"twitter:data1\" content=\"1 minute\" \/>\n<script type=\"application\/ld+json\" class=\"yoast-schema-graph\">{\"@context\":\"https:\\\/\\\/schema.org\",\"@graph\":[{\"@type\":\"WebPage\",\"@id\":\"https:\\\/\\\/ksproducts.ca\\\/product\\\/heat-storm-1500w-infrared-quartz-portable-heater-with-thermostat-and-overheat-protection-white\\\/\",\"url\":\"https:\\\/\\\/ksproducts.ca\\\/product\\\/heat-storm-1500w-infrared-quartz-portable-heater-with-thermostat-and-overheat-protection-white\\\/\",\"name\":\"Heat Storm 1500W Infrared Quartz Portable Heater with Thermostat and Overheat Protection - White - Ks Products\",\"isPartOf\":{\"@id\":\"https:\\\/\\\/ksproducts.ca\\\/#website\"},\"primaryImageOfPage\":{\"@id\":\"https:\\\/\\\/ksproducts.ca\\\/product\\\/heat-storm-1500w-infrared-quartz-portable-heater-with-thermostat-and-overheat-protection-white\\\/#primaryimage\"},\"image\":{\"@id\":\"https:\\\/\\\/ksproducts.ca\\\/product\\\/heat-storm-1500w-infrared-quartz-portable-heater-with-thermostat-and-overheat-protection-white\\\/#primaryimage\"},\"thumbnailUrl\":\"https:\\\/\\\/ksproducts.ca\\\/wp-content\\\/uploads\\\/2026\\\/03\\\/Heat-Storm-1500W-Infrared-Quartz-Portable-Heater-with-Thermostat-and-Overheat-Protection-White.jpg\",\"datePublished\":\"2026-03-10T17:04:03+00:00\",\"dateModified\":\"2026-03-10T17:04:04+00:00\",\"breadcrumb\":{\"@id\":\"https:\\\/\\\/ksproducts.ca\\\/product\\\/heat-storm-1500w-infrared-quartz-portable-heater-with-thermostat-and-overheat-protection-white\\\/#breadcrumb\"},\"inLanguage\":\"fr-CA\",\"potentialAction\":[{\"@type\":\"ReadAction\",\"target\":[\"https:\\\/\\\/ksproducts.ca\\\/product\\\/heat-storm-1500w-infrared-quartz-portable-heater-with-thermostat-and-overheat-protection-white\\\/\"]}]},{\"@type\":\"ImageObject\",\"inLanguage\":\"fr-CA\",\"@id\":\"https:\\\/\\\/ksproducts.ca\\\/product\\\/heat-storm-1500w-infrared-quartz-portable-heater-with-thermostat-and-overheat-protection-white\\\/#primaryimage\",\"url\":\"https:\\\/\\\/ksproducts.ca\\\/wp-content\\\/uploads\\\/2026\\\/03\\\/Heat-Storm-1500W-Infrared-Quartz-Portable-Heater-with-Thermostat-and-Overheat-Protection-White.jpg\",\"contentUrl\":\"https:\\\/\\\/ksproducts.ca\\\/wp-content\\\/uploads\\\/2026\\\/03\\\/Heat-Storm-1500W-Infrared-Quartz-Portable-Heater-with-Thermostat-and-Overheat-Protection-White.jpg\",\"width\":800,\"height\":800,\"caption\":\"Heat Storm 1500W Infrared Quartz Portable Heater with Thermostat and Overheat Protection White\"},{\"@type\":\"BreadcrumbList\",\"@id\":\"https:\\\/\\\/ksproducts.ca\\\/product\\\/heat-storm-1500w-infrared-quartz-portable-heater-with-thermostat-and-overheat-protection-white\\\/#breadcrumb\",\"itemListElement\":[{\"@type\":\"ListItem\",\"position\":1,\"name\":\"Home\",\"item\":\"https:\\\/\\\/ksproducts.ca\\\/\"},{\"@type\":\"ListItem\",\"position\":2,\"name\":\"Shop\",\"item\":\"https:\\\/\\\/ksproducts.ca\\\/shop\\\/\"},{\"@type\":\"ListItem\",\"position\":3,\"name\":\"Heat Storm 1500W Infrared Quartz Portable Heater with Thermostat and Overheat Protection &#8211; White\"}]},{\"@type\":\"WebSite\",\"@id\":\"https:\\\/\\\/ksproducts.ca\\\/#website\",\"url\":\"https:\\\/\\\/ksproducts.ca\\\/\",\"name\":\"Ks Products\",\"description\":\"Outdoor cooking and living, made easy in Canada\",\"publisher\":{\"@id\":\"https:\\\/\\\/ksproducts.ca\\\/#organization\"},\"potentialAction\":[{\"@type\":\"SearchAction\",\"target\":{\"@type\":\"EntryPoint\",\"urlTemplate\":\"https:\\\/\\\/ksproducts.ca\\\/?s={search_term_string}\"},\"query-input\":{\"@type\":\"PropertyValueSpecification\",\"valueRequired\":true,\"valueName\":\"search_term_string\"}}],\"inLanguage\":\"fr-CA\"},{\"@type\":\"Organization\",\"@id\":\"https:\\\/\\\/ksproducts.ca\\\/#organization\",\"name\":\"Ks Products\",\"url\":\"https:\\\/\\\/ksproducts.ca\\\/\",\"logo\":{\"@type\":\"ImageObject\",\"inLanguage\":\"fr-CA\",\"@id\":\"https:\\\/\\\/ksproducts.ca\\\/#\\\/schema\\\/logo\\\/image\\\/\",\"url\":\"https:\\\/\\\/ksproducts.ca\\\/wp-content\\\/uploads\\\/2023\\\/09\\\/Kennedy-Sales-Logo-header-1.png\",\"contentUrl\":\"https:\\\/\\\/ksproducts.ca\\\/wp-content\\\/uploads\\\/2023\\\/09\\\/Kennedy-Sales-Logo-header-1.png\",\"width\":150,\"height\":77,\"caption\":\"Ks Products\"},\"image\":{\"@id\":\"https:\\\/\\\/ksproducts.ca\\\/#\\\/schema\\\/logo\\\/image\\\/\"}}]}<\/script>\n<!-- \/ Yoast SEO plugin. -->","yoast_head_json":{"title":"Heat Storm 1500W Infrared Quartz Portable Heater with Thermostat and Overheat Protection - White - Ks Products","robots":{"index":"index","follow":"follow","max-snippet":"max-snippet:-1","max-image-preview":"max-image-preview:large","max-video-preview":"max-video-preview:-1"},"canonical":"https:\/\/ksproducts.ca\/fr\/product\/heat-storm-1500w-infrarouge-quartz-portable-avec-thermostat-et-protection-contre-la-surchauffe-blanc\/","og_locale":"fr_CA","og_type":"article","og_title":"Heat Storm 1500W Infrared Quartz Portable Heater with Thermostat and Overheat Protection - White - Ks Products","og_description":"Eliminate chilly spots with the Heat Storm 1000W infrared wall-mounted electric space heater. It's the ideal solution for heating bathrooms, bedrooms, offices, or any small room without sacrificing floor space. Enjoy easy installation, maximum efficiency with patented HMS Heat Exchanger Technology, and simple controls using the digital thermostat.","og_url":"https:\/\/ksproducts.ca\/fr\/product\/heat-storm-1500w-infrarouge-quartz-portable-avec-thermostat-et-protection-contre-la-surchauffe-blanc\/","og_site_name":"Ks Products","article_modified_time":"2026-03-10T17:04:04+00:00","og_image":[{"width":800,"height":800,"url":"https:\/\/ksproducts.ca\/wp-content\/uploads\/2026\/03\/Heat-Storm-1500W-Infrared-Quartz-Portable-Heater-with-Thermostat-and-Overheat-Protection-White.jpg","type":"image\/jpeg"}],"twitter_card":"summary_large_image","twitter_misc":{"Estimation du temps de lecture":"1 minute"},"schema":{"@context":"https:\/\/schema.org","@graph":[{"@type":"WebPage","@id":"https:\/\/ksproducts.ca\/product\/heat-storm-1500w-infrared-quartz-portable-heater-with-thermostat-and-overheat-protection-white\/","url":"https:\/\/ksproducts.ca\/product\/heat-storm-1500w-infrared-quartz-portable-heater-with-thermostat-and-overheat-protection-white\/","name":"Heat Storm 1500W Infrared Quartz Portable Heater with Thermostat and Overheat Protection - White - Ks Products","isPartOf":{"@id":"https:\/\/ksproducts.ca\/#website"},"primaryImageOfPage":{"@id":"https:\/\/ksproducts.ca\/product\/heat-storm-1500w-infrared-quartz-portable-heater-with-thermostat-and-overheat-protection-white\/#primaryimage"},"image":{"@id":"https:\/\/ksproducts.ca\/product\/heat-storm-1500w-infrared-quartz-portable-heater-with-thermostat-and-overheat-protection-white\/#primaryimage"},"thumbnailUrl":"https:\/\/ksproducts.ca\/wp-content\/uploads\/2026\/03\/Heat-Storm-1500W-Infrared-Quartz-Portable-Heater-with-Thermostat-and-Overheat-Protection-White.jpg","datePublished":"2026-03-10T17:04:03+00:00","dateModified":"2026-03-10T17:04:04+00:00","breadcrumb":{"@id":"https:\/\/ksproducts.ca\/product\/heat-storm-1500w-infrared-quartz-portable-heater-with-thermostat-and-overheat-protection-white\/#breadcrumb"},"inLanguage":"fr-CA","potentialAction":[{"@type":"ReadAction","target":["https:\/\/ksproducts.ca\/product\/heat-storm-1500w-infrared-quartz-portable-heater-with-thermostat-and-overheat-protection-white\/"]}]},{"@type":"ImageObject","inLanguage":"fr-CA","@id":"https:\/\/ksproducts.ca\/product\/heat-storm-1500w-infrared-quartz-portable-heater-with-thermostat-and-overheat-protection-white\/#primaryimage","url":"https:\/\/ksproducts.ca\/wp-content\/uploads\/2026\/03\/Heat-Storm-1500W-Infrared-Quartz-Portable-Heater-with-Thermostat-and-Overheat-Protection-White.jpg","contentUrl":"https:\/\/ksproducts.ca\/wp-content\/uploads\/2026\/03\/Heat-Storm-1500W-Infrared-Quartz-Portable-Heater-with-Thermostat-and-Overheat-Protection-White.jpg","width":800,"height":800,"caption":"Heat Storm 1500W Infrared Quartz Portable Heater with Thermostat and Overheat Protection White"},{"@type":"BreadcrumbList","@id":"https:\/\/ksproducts.ca\/product\/heat-storm-1500w-infrared-quartz-portable-heater-with-thermostat-and-overheat-protection-white\/#breadcrumb","itemListElement":[{"@type":"ListItem","position":1,"name":"Home","item":"https:\/\/ksproducts.ca\/"},{"@type":"ListItem","position":2,"name":"Shop","item":"https:\/\/ksproducts.ca\/shop\/"},{"@type":"ListItem","position":3,"name":"Heat Storm 1500W Infrared Quartz Portable Heater with Thermostat and Overheat Protection &#8211; White"}]},{"@type":"WebSite","@id":"https:\/\/ksproducts.ca\/#website","url":"https:\/\/ksproducts.ca\/","name":"Produits Ks","description":"Cuisiner et vivre en plein air, c'est facile au Canada","publisher":{"@id":"https:\/\/ksproducts.ca\/#organization"},"potentialAction":[{"@type":"SearchAction","target":{"@type":"EntryPoint","urlTemplate":"https:\/\/ksproducts.ca\/?s={search_term_string}"},"query-input":{"@type":"PropertyValueSpecification","valueRequired":true,"valueName":"search_term_string"}}],"inLanguage":"fr-CA"},{"@type":"Organization","@id":"https:\/\/ksproducts.ca\/#organization","name":"Produits Ks","url":"https:\/\/ksproducts.ca\/","logo":{"@type":"ImageObject","inLanguage":"fr-CA","@id":"https:\/\/ksproducts.ca\/#\/schema\/logo\/image\/","url":"https:\/\/ksproducts.ca\/wp-content\/uploads\/2023\/09\/Kennedy-Sales-Logo-header-1.png","contentUrl":"https:\/\/ksproducts.ca\/wp-content\/uploads\/2023\/09\/Kennedy-Sales-Logo-header-1.png","width":150,"height":77,"caption":"Ks Products"},"image":{"@id":"https:\/\/ksproducts.ca\/#\/schema\/logo\/image\/"}}]}},"_links":{"self":[{"href":"https:\/\/ksproducts.ca\/fr\/wp-json\/wp\/v2\/product\/12191","targetHints":{"allow":["GET"]}}],"collection":[{"href":"https:\/\/ksproducts.ca\/fr\/wp-json\/wp\/v2\/product"}],"about":[{"href":"https:\/\/ksproducts.ca\/fr\/wp-json\/wp\/v2\/types\/product"}],"replies":[{"embeddable":true,"href":"https:\/\/ksproducts.ca\/fr\/wp-json\/wp\/v2\/comments?post=12191"}],"version-history":[{"count":1,"href":"https:\/\/ksproducts.ca\/fr\/wp-json\/wp\/v2\/product\/12191\/revisions"}],"predecessor-version":[{"id":12193,"href":"https:\/\/ksproducts.ca\/fr\/wp-json\/wp\/v2\/product\/12191\/revisions\/12193"}],"wp:featuredmedia":[{"embeddable":true,"href":"https:\/\/ksproducts.ca\/fr\/wp-json\/wp\/v2\/media\/12192"}],"wp:attachment":[{"href":"https:\/\/ksproducts.ca\/fr\/wp-json\/wp\/v2\/media?parent=12191"}],"wp:term":[{"taxonomy":"product_cat","embeddable":true,"href":"https:\/\/ksproducts.ca\/fr\/wp-json\/wp\/v2\/product_cat?post=12191"},{"taxonomy":"product_tag","embeddable":true,"href":"https:\/\/ksproducts.ca\/fr\/wp-json\/wp\/v2\/product_tag?post=12191"}],"curies":[{"name":"wp","href":"https:\/\/api.w.org\/{rel}","templated":true}]}}