{"id":12194,"date":"2026-03-10T17:07:55","date_gmt":"2026-03-10T17:07:55","guid":{"rendered":"https:\/\/ksproducts.ca\/?post_type=product&#038;p=12194"},"modified":"2026-03-10T17:07:55","modified_gmt":"2026-03-10T17:07:55","slug":"heat-storm-1000w-wall-mount-wi-fi-heater-with-thermostat-and-3-heat-settings","status":"publish","type":"product","link":"https:\/\/ksproducts.ca\/fr\/product\/heat-storm-1000w-wall-mount-wi-fi-heater-with-thermostat-and-3-heat-settings\/","title":{"rendered":"Heat Storm 1000W Chauffage Wi-Fi mural avec thermostat et 3 niveaux de chaleur"},"content":{"rendered":"<ul>\n<li>Grille s\u00fbre au toucher<\/li>\n<li>3100 BTU, pour chauffer jusqu'\u00e0 500 m\u00b2.<\/li>\n<li>Montage mural peu encombrant<\/li>\n<li>Thermostat int\u00e9gr\u00e9 avec capacit\u00e9s Wi-Fi<\/li>\n<\/ul>","protected":false},"excerpt":{"rendered":"<p>L'unit\u00e9 murale Heat Storm Deluxe est une solution id\u00e9ale pour les chambres \u00e0 coucher ou les petites pi\u00e8ces o\u00f9 l'espace au sol est r\u00e9duit. Avec ses 1 000 watts, ce radiateur chauffera facilement votre pi\u00e8ce, mais vous ne risquerez pas de d\u00e9clencher votre disjoncteur si vous souhaitez faire fonctionner d'autres appareils \u00e9lectroniques. Ce radiateur ne pr\u00e9sente aucun danger, m\u00eame sur le gril, ce qui en fait un excellent choix pour tout le monde. Cet appareil dispose de deux modes d'alimentation, l'un utilisant la totalit\u00e9 des 1 000 watts (feuille rouge), tandis que le second mode (feuille verte) n'utilise que 500 watts. Chaque appareil contient notre \u00e9changeur de chaleur brevet\u00e9 avec la technologie HMS qui permet une chaleur maximale des ampoules infrarouges \u00e0 quartz sans perte de chaleur de l'appareil.<\/p>","protected":false},"featured_media":12195,"comment_status":"open","ping_status":"closed","template":"","meta":[],"product_cat":[432],"product_tag":[],"class_list":{"0":"post-12194","1":"product","2":"type-product","3":"status-publish","4":"has-post-thumbnail","6":"product_cat-indoor-heaters","7":"product_shipping_class-class-2","9":"first","10":"instock","11":"taxable","12":"shipping-taxable","13":"purchasable","14":"product-type-simple"},"yoast_head":"<!-- This site is optimized with the Yoast SEO plugin v27.4 - https:\/\/yoast.com\/product\/yoast-seo-wordpress\/ -->\n<title>Heat Storm 1000W Wall-Mount Wi-Fi Heater with Thermostat and 3 Heat Settings - Ks Products<\/title>\n<meta name=\"robots\" content=\"index, follow, max-snippet:-1, max-image-preview:large, max-video-preview:-1\" \/>\n<link rel=\"canonical\" href=\"https:\/\/ksproducts.ca\/fr\/product\/heat-storm-1000w-wall-mount-wi-fi-heater-with-thermostat-and-3-heat-settings\/\" \/>\n<meta property=\"og:locale\" content=\"fr_CA\" \/>\n<meta property=\"og:type\" content=\"article\" \/>\n<meta property=\"og:title\" content=\"Heat Storm 1000W Wall-Mount Wi-Fi Heater with Thermostat and 3 Heat Settings - Ks Products\" \/>\n<meta property=\"og:description\" content=\"The Heat Storm Deluxe Wall Unit is a great solution for any bedroom or small room where there is not much floor space. At 1,000-Watt this heater will easily heat up your room but you will not have issues tripping your breaker if you want to run other electronics. This heater is safe to touch, even on the grill, making a great choice for anyone. This unit has two power modes, one uses the full 1,000-Watt (red leaf), while the second mode (green Leaf) uses only 500-Watt. Each unit contains our Patented Heat Exchanger with HMS Technology that allows maximum heat from the infrared quartz bulbs without any heat loss from the unit.\" \/>\n<meta property=\"og:url\" content=\"https:\/\/ksproducts.ca\/fr\/product\/heat-storm-1000w-wall-mount-wi-fi-heater-with-thermostat-and-3-heat-settings\/\" \/>\n<meta property=\"og:site_name\" content=\"Ks Products\" \/>\n<meta property=\"og:image\" content=\"https:\/\/ksproducts.ca\/wp-content\/uploads\/2026\/03\/Heat-Storm-1000W-Wall-Mount-Wi-Fi-Heater-with-Thermostat-and-3-Heat-Settings.webp\" \/>\n\t<meta property=\"og:image:width\" content=\"640\" \/>\n\t<meta property=\"og:image:height\" content=\"640\" \/>\n\t<meta property=\"og:image:type\" content=\"image\/webp\" \/>\n<meta name=\"twitter:card\" content=\"summary_large_image\" \/>\n<meta name=\"twitter:label1\" content=\"Estimation du temps de lecture\" \/>\n\t<meta name=\"twitter:data1\" content=\"1 minute\" \/>\n<script type=\"application\/ld+json\" class=\"yoast-schema-graph\">{\"@context\":\"https:\\\/\\\/schema.org\",\"@graph\":[{\"@type\":\"WebPage\",\"@id\":\"https:\\\/\\\/ksproducts.ca\\\/product\\\/heat-storm-1000w-wall-mount-wi-fi-heater-with-thermostat-and-3-heat-settings\\\/\",\"url\":\"https:\\\/\\\/ksproducts.ca\\\/product\\\/heat-storm-1000w-wall-mount-wi-fi-heater-with-thermostat-and-3-heat-settings\\\/\",\"name\":\"Heat Storm 1000W Wall-Mount Wi-Fi Heater with Thermostat and 3 Heat Settings - Ks Products\",\"isPartOf\":{\"@id\":\"https:\\\/\\\/ksproducts.ca\\\/#website\"},\"primaryImageOfPage\":{\"@id\":\"https:\\\/\\\/ksproducts.ca\\\/product\\\/heat-storm-1000w-wall-mount-wi-fi-heater-with-thermostat-and-3-heat-settings\\\/#primaryimage\"},\"image\":{\"@id\":\"https:\\\/\\\/ksproducts.ca\\\/product\\\/heat-storm-1000w-wall-mount-wi-fi-heater-with-thermostat-and-3-heat-settings\\\/#primaryimage\"},\"thumbnailUrl\":\"https:\\\/\\\/ksproducts.ca\\\/wp-content\\\/uploads\\\/2026\\\/03\\\/Heat-Storm-1000W-Wall-Mount-Wi-Fi-Heater-with-Thermostat-and-3-Heat-Settings.webp\",\"datePublished\":\"2026-03-10T17:07:55+00:00\",\"breadcrumb\":{\"@id\":\"https:\\\/\\\/ksproducts.ca\\\/product\\\/heat-storm-1000w-wall-mount-wi-fi-heater-with-thermostat-and-3-heat-settings\\\/#breadcrumb\"},\"inLanguage\":\"fr-CA\",\"potentialAction\":[{\"@type\":\"ReadAction\",\"target\":[\"https:\\\/\\\/ksproducts.ca\\\/product\\\/heat-storm-1000w-wall-mount-wi-fi-heater-with-thermostat-and-3-heat-settings\\\/\"]}]},{\"@type\":\"ImageObject\",\"inLanguage\":\"fr-CA\",\"@id\":\"https:\\\/\\\/ksproducts.ca\\\/product\\\/heat-storm-1000w-wall-mount-wi-fi-heater-with-thermostat-and-3-heat-settings\\\/#primaryimage\",\"url\":\"https:\\\/\\\/ksproducts.ca\\\/wp-content\\\/uploads\\\/2026\\\/03\\\/Heat-Storm-1000W-Wall-Mount-Wi-Fi-Heater-with-Thermostat-and-3-Heat-Settings.webp\",\"contentUrl\":\"https:\\\/\\\/ksproducts.ca\\\/wp-content\\\/uploads\\\/2026\\\/03\\\/Heat-Storm-1000W-Wall-Mount-Wi-Fi-Heater-with-Thermostat-and-3-Heat-Settings.webp\",\"width\":640,\"height\":640,\"caption\":\"Heat Storm 1000W Wall Mount Wi Fi Heater with Thermostat and 3 Heat Settings\"},{\"@type\":\"BreadcrumbList\",\"@id\":\"https:\\\/\\\/ksproducts.ca\\\/product\\\/heat-storm-1000w-wall-mount-wi-fi-heater-with-thermostat-and-3-heat-settings\\\/#breadcrumb\",\"itemListElement\":[{\"@type\":\"ListItem\",\"position\":1,\"name\":\"Home\",\"item\":\"https:\\\/\\\/ksproducts.ca\\\/\"},{\"@type\":\"ListItem\",\"position\":2,\"name\":\"Shop\",\"item\":\"https:\\\/\\\/ksproducts.ca\\\/shop\\\/\"},{\"@type\":\"ListItem\",\"position\":3,\"name\":\"Heat Storm 1000W Wall-Mount Wi-Fi Heater with Thermostat and 3 Heat Settings\"}]},{\"@type\":\"WebSite\",\"@id\":\"https:\\\/\\\/ksproducts.ca\\\/#website\",\"url\":\"https:\\\/\\\/ksproducts.ca\\\/\",\"name\":\"Ks Products\",\"description\":\"Outdoor cooking and living, made easy in Canada\",\"publisher\":{\"@id\":\"https:\\\/\\\/ksproducts.ca\\\/#organization\"},\"potentialAction\":[{\"@type\":\"SearchAction\",\"target\":{\"@type\":\"EntryPoint\",\"urlTemplate\":\"https:\\\/\\\/ksproducts.ca\\\/?s={search_term_string}\"},\"query-input\":{\"@type\":\"PropertyValueSpecification\",\"valueRequired\":true,\"valueName\":\"search_term_string\"}}],\"inLanguage\":\"fr-CA\"},{\"@type\":\"Organization\",\"@id\":\"https:\\\/\\\/ksproducts.ca\\\/#organization\",\"name\":\"Ks Products\",\"url\":\"https:\\\/\\\/ksproducts.ca\\\/\",\"logo\":{\"@type\":\"ImageObject\",\"inLanguage\":\"fr-CA\",\"@id\":\"https:\\\/\\\/ksproducts.ca\\\/#\\\/schema\\\/logo\\\/image\\\/\",\"url\":\"https:\\\/\\\/ksproducts.ca\\\/wp-content\\\/uploads\\\/2023\\\/09\\\/Kennedy-Sales-Logo-header-1.png\",\"contentUrl\":\"https:\\\/\\\/ksproducts.ca\\\/wp-content\\\/uploads\\\/2023\\\/09\\\/Kennedy-Sales-Logo-header-1.png\",\"width\":150,\"height\":77,\"caption\":\"Ks Products\"},\"image\":{\"@id\":\"https:\\\/\\\/ksproducts.ca\\\/#\\\/schema\\\/logo\\\/image\\\/\"}}]}<\/script>\n<!-- \/ Yoast SEO plugin. -->","yoast_head_json":{"title":"Heat Storm 1000W Chauffage Wi-Fi mural avec thermostat et 3 niveaux de chaleur - Ks Products","robots":{"index":"index","follow":"follow","max-snippet":"max-snippet:-1","max-image-preview":"max-image-preview:large","max-video-preview":"max-video-preview:-1"},"canonical":"https:\/\/ksproducts.ca\/fr\/product\/heat-storm-1000w-wall-mount-wi-fi-heater-with-thermostat-and-3-heat-settings\/","og_locale":"fr_CA","og_type":"article","og_title":"Heat Storm 1000W Wall-Mount Wi-Fi Heater with Thermostat and 3 Heat Settings - Ks Products","og_description":"The Heat Storm Deluxe Wall Unit is a great solution for any bedroom or small room where there is not much floor space. At 1,000-Watt this heater will easily heat up your room but you will not have issues tripping your breaker if you want to run other electronics. This heater is safe to touch, even on the grill, making a great choice for anyone. This unit has two power modes, one uses the full 1,000-Watt (red leaf), while the second mode (green Leaf) uses only 500-Watt. Each unit contains our Patented Heat Exchanger with HMS Technology that allows maximum heat from the infrared quartz bulbs without any heat loss from the unit.","og_url":"https:\/\/ksproducts.ca\/fr\/product\/heat-storm-1000w-wall-mount-wi-fi-heater-with-thermostat-and-3-heat-settings\/","og_site_name":"Ks Products","og_image":[{"width":640,"height":640,"url":"https:\/\/ksproducts.ca\/wp-content\/uploads\/2026\/03\/Heat-Storm-1000W-Wall-Mount-Wi-Fi-Heater-with-Thermostat-and-3-Heat-Settings.webp","type":"image\/webp"}],"twitter_card":"summary_large_image","twitter_misc":{"Estimation du temps de lecture":"1 minute"},"schema":{"@context":"https:\/\/schema.org","@graph":[{"@type":"WebPage","@id":"https:\/\/ksproducts.ca\/product\/heat-storm-1000w-wall-mount-wi-fi-heater-with-thermostat-and-3-heat-settings\/","url":"https:\/\/ksproducts.ca\/product\/heat-storm-1000w-wall-mount-wi-fi-heater-with-thermostat-and-3-heat-settings\/","name":"Heat Storm 1000W Chauffage Wi-Fi mural avec thermostat et 3 niveaux de chaleur - Ks Products","isPartOf":{"@id":"https:\/\/ksproducts.ca\/#website"},"primaryImageOfPage":{"@id":"https:\/\/ksproducts.ca\/product\/heat-storm-1000w-wall-mount-wi-fi-heater-with-thermostat-and-3-heat-settings\/#primaryimage"},"image":{"@id":"https:\/\/ksproducts.ca\/product\/heat-storm-1000w-wall-mount-wi-fi-heater-with-thermostat-and-3-heat-settings\/#primaryimage"},"thumbnailUrl":"https:\/\/ksproducts.ca\/wp-content\/uploads\/2026\/03\/Heat-Storm-1000W-Wall-Mount-Wi-Fi-Heater-with-Thermostat-and-3-Heat-Settings.webp","datePublished":"2026-03-10T17:07:55+00:00","breadcrumb":{"@id":"https:\/\/ksproducts.ca\/product\/heat-storm-1000w-wall-mount-wi-fi-heater-with-thermostat-and-3-heat-settings\/#breadcrumb"},"inLanguage":"fr-CA","potentialAction":[{"@type":"ReadAction","target":["https:\/\/ksproducts.ca\/product\/heat-storm-1000w-wall-mount-wi-fi-heater-with-thermostat-and-3-heat-settings\/"]}]},{"@type":"ImageObject","inLanguage":"fr-CA","@id":"https:\/\/ksproducts.ca\/product\/heat-storm-1000w-wall-mount-wi-fi-heater-with-thermostat-and-3-heat-settings\/#primaryimage","url":"https:\/\/ksproducts.ca\/wp-content\/uploads\/2026\/03\/Heat-Storm-1000W-Wall-Mount-Wi-Fi-Heater-with-Thermostat-and-3-Heat-Settings.webp","contentUrl":"https:\/\/ksproducts.ca\/wp-content\/uploads\/2026\/03\/Heat-Storm-1000W-Wall-Mount-Wi-Fi-Heater-with-Thermostat-and-3-Heat-Settings.webp","width":640,"height":640,"caption":"Heat Storm 1000W Wall Mount Wi Fi Heater with Thermostat and 3 Heat Settings"},{"@type":"BreadcrumbList","@id":"https:\/\/ksproducts.ca\/product\/heat-storm-1000w-wall-mount-wi-fi-heater-with-thermostat-and-3-heat-settings\/#breadcrumb","itemListElement":[{"@type":"ListItem","position":1,"name":"Home","item":"https:\/\/ksproducts.ca\/"},{"@type":"ListItem","position":2,"name":"Shop","item":"https:\/\/ksproducts.ca\/shop\/"},{"@type":"ListItem","position":3,"name":"Heat Storm 1000W Wall-Mount Wi-Fi Heater with Thermostat and 3 Heat Settings"}]},{"@type":"WebSite","@id":"https:\/\/ksproducts.ca\/#website","url":"https:\/\/ksproducts.ca\/","name":"Produits Ks","description":"Cuisiner et vivre en plein air, c'est facile au Canada","publisher":{"@id":"https:\/\/ksproducts.ca\/#organization"},"potentialAction":[{"@type":"SearchAction","target":{"@type":"EntryPoint","urlTemplate":"https:\/\/ksproducts.ca\/?s={search_term_string}"},"query-input":{"@type":"PropertyValueSpecification","valueRequired":true,"valueName":"search_term_string"}}],"inLanguage":"fr-CA"},{"@type":"Organization","@id":"https:\/\/ksproducts.ca\/#organization","name":"Produits Ks","url":"https:\/\/ksproducts.ca\/","logo":{"@type":"ImageObject","inLanguage":"fr-CA","@id":"https:\/\/ksproducts.ca\/#\/schema\/logo\/image\/","url":"https:\/\/ksproducts.ca\/wp-content\/uploads\/2023\/09\/Kennedy-Sales-Logo-header-1.png","contentUrl":"https:\/\/ksproducts.ca\/wp-content\/uploads\/2023\/09\/Kennedy-Sales-Logo-header-1.png","width":150,"height":77,"caption":"Ks Products"},"image":{"@id":"https:\/\/ksproducts.ca\/#\/schema\/logo\/image\/"}}]}},"_links":{"self":[{"href":"https:\/\/ksproducts.ca\/fr\/wp-json\/wp\/v2\/product\/12194","targetHints":{"allow":["GET"]}}],"collection":[{"href":"https:\/\/ksproducts.ca\/fr\/wp-json\/wp\/v2\/product"}],"about":[{"href":"https:\/\/ksproducts.ca\/fr\/wp-json\/wp\/v2\/types\/product"}],"replies":[{"embeddable":true,"href":"https:\/\/ksproducts.ca\/fr\/wp-json\/wp\/v2\/comments?post=12194"}],"version-history":[{"count":1,"href":"https:\/\/ksproducts.ca\/fr\/wp-json\/wp\/v2\/product\/12194\/revisions"}],"predecessor-version":[{"id":12196,"href":"https:\/\/ksproducts.ca\/fr\/wp-json\/wp\/v2\/product\/12194\/revisions\/12196"}],"wp:featuredmedia":[{"embeddable":true,"href":"https:\/\/ksproducts.ca\/fr\/wp-json\/wp\/v2\/media\/12195"}],"wp:attachment":[{"href":"https:\/\/ksproducts.ca\/fr\/wp-json\/wp\/v2\/media?parent=12194"}],"wp:term":[{"taxonomy":"product_cat","embeddable":true,"href":"https:\/\/ksproducts.ca\/fr\/wp-json\/wp\/v2\/product_cat?post=12194"},{"taxonomy":"product_tag","embeddable":true,"href":"https:\/\/ksproducts.ca\/fr\/wp-json\/wp\/v2\/product_tag?post=12194"}],"curies":[{"name":"wp","href":"https:\/\/api.w.org\/{rel}","templated":true}]}}