{"id":12200,"date":"2026-03-10T17:15:50","date_gmt":"2026-03-10T17:15:50","guid":{"rendered":"https:\/\/ksproducts.ca\/?post_type=product&#038;p=12200"},"modified":"2026-03-16T16:01:43","modified_gmt":"2026-03-16T16:01:43","slug":"heat-storm-mojave-1500w-chauffage-infrarouge-portable-avec-thermostat-digital-et-grill-safe-touch","status":"publish","type":"product","link":"https:\/\/ksproducts.ca\/fr\/product\/heat-storm-mojave-1500w-portable-infrared-heater-with-digital-thermostat-and-safe-touch-grill\/","title":{"rendered":"Heat Storm Mojave 1500W Chauffage infrarouge portable avec thermostat num\u00e9rique et grille Safe Touch"},"content":{"rendered":"<div class=\"\">\n<section id=\"productFeature\" class=\"acl-my--x-small acl-break-word\">\n<ul>\n<li>Chauffage d'appoint jusqu'\u00e0 1000 m\u00b2.<\/li>\n<li>La chaleur \u00e9quilibr\u00e9e maintient la diff\u00e9rence de temp\u00e9rature entre le sol et le plafond dans une fourchette de 2 \u00e0 3 degr\u00e9s.<\/li>\n<li>Le thermostat contr\u00f4le la temp\u00e9rature de la pi\u00e8ce<\/li>\n<li>Fonction de purification de l'air gr\u00e2ce \u00e0 un filtre \u00e0 vie \u00e0 haute efficacit\u00e9<\/li>\n<li>Affichage LED - Affichage de la temp\u00e9rature ambiante<\/li>\n<li>T\u00e9l\u00e9commande (2 piles AAA incluses)<\/li>\n<\/ul>\n<\/section>\n<\/div>","protected":false},"excerpt":{"rendered":"<p>Avec seulement 11 livres, le Mojave Portable Infrared Quartz Heater a \u00e9t\u00e9 con\u00e7u pour que vous puissiez l'emmener partout avec vous. Lors de la cr\u00e9ation du Mojave, nous avons pens\u00e9 que la chaleur infrarouge de classe mondiale ne devrait pas \u00eatre limit\u00e9e aux armoires chauffantes en bois. C'est la solution de chauffage parfaite pour les salons, les salles \u00e0 manger, les chambres \u00e0 coucher, les cuisines, les sous-sols et les salles de bricolage. Branchez ce radiateur \u00e9lectrique sur votre prise murale et profitez imm\u00e9diatement de la chaleur. Emportez-le partout avec vous pour \u00eatre s\u00fbr d'\u00eatre au chaud. Son \u00e9changeur de chaleur se combine \u00e0 l'humidit\u00e9 de la pi\u00e8ce pour fournir une chaleur douce, humide et s\u00fbre sans r\u00e9duire l'oxyg\u00e8ne ou l'humidit\u00e9.<\/p>","protected":false},"featured_media":12201,"comment_status":"open","ping_status":"closed","template":"","meta":[],"product_cat":[432],"product_tag":[],"class_list":{"0":"post-12200","1":"product","2":"type-product","3":"status-publish","4":"has-post-thumbnail","6":"product_cat-indoor-heaters","7":"product_shipping_class-class-3","9":"first","10":"instock","11":"taxable","12":"shipping-taxable","13":"purchasable","14":"product-type-simple"},"yoast_head":"<!-- This site is optimized with the Yoast SEO plugin v27.3 - https:\/\/yoast.com\/product\/yoast-seo-wordpress\/ -->\n<title>Heat Storm Mojave 1500W Portable Infrared Heater with Digital Thermostat and Safe Touch Grill - Ks Products<\/title>\n<meta name=\"robots\" content=\"index, follow, max-snippet:-1, max-image-preview:large, max-video-preview:-1\" \/>\n<link rel=\"canonical\" href=\"https:\/\/ksproducts.ca\/fr\/product\/heat-storm-mojave-1500w-chauffage-infrarouge-portable-avec-thermostat-digital-et-grill-safe-touch\/\" \/>\n<meta property=\"og:locale\" content=\"fr_CA\" \/>\n<meta property=\"og:type\" content=\"article\" \/>\n<meta property=\"og:title\" content=\"Heat Storm Mojave 1500W Portable Infrared Heater with Digital Thermostat and Safe Touch Grill - Ks Products\" \/>\n<meta property=\"og:description\" content=\"At only 11 lbs the Mojave Portable Infrared Quartz Heater was designed so you can take it with you anywhere you like. When creating the Mojave we had one thought... that world class infrared heat should not be limited only to heavy wood cabinet heaters. It is the perfect heating solution for living rooms, dining rooms, bedrooms, kitchen areas, basements, and craft rooms. Plug this electric heater into your wall outlet and immediately enjoy the warmth. Take it with you where ever you go to make sure you&#039;re warm. Its heat exchanger combines with the humidity in the room to provide soft, moist, safe heat without reducing oxygen or humidity.\" \/>\n<meta property=\"og:url\" content=\"https:\/\/ksproducts.ca\/fr\/product\/heat-storm-mojave-1500w-chauffage-infrarouge-portable-avec-thermostat-digital-et-grill-safe-touch\/\" \/>\n<meta property=\"og:site_name\" content=\"Ks Products\" \/>\n<meta property=\"article:modified_time\" content=\"2026-03-16T16:01:43+00:00\" \/>\n<meta property=\"og:image\" content=\"https:\/\/ksproducts.ca\/wp-content\/uploads\/2026\/03\/Heat-Storm-Mojave-1500W-Portable-Infrared-Heater-with-Digital-Thermostat-and-Safe-Touch-Grill.png\" \/>\n\t<meta property=\"og:image:width\" content=\"440\" \/>\n\t<meta property=\"og:image:height\" content=\"440\" \/>\n\t<meta property=\"og:image:type\" content=\"image\/png\" \/>\n<meta name=\"twitter:card\" content=\"summary_large_image\" \/>\n<meta name=\"twitter:label1\" content=\"Estimation du temps de lecture\" \/>\n\t<meta name=\"twitter:data1\" content=\"1 minute\" \/>\n<script type=\"application\/ld+json\" class=\"yoast-schema-graph\">{\"@context\":\"https:\\\/\\\/schema.org\",\"@graph\":[{\"@type\":\"WebPage\",\"@id\":\"https:\\\/\\\/ksproducts.ca\\\/product\\\/heat-storm-mojave-1500w-portable-infrared-heater-with-digital-thermostat-and-safe-touch-grill\\\/\",\"url\":\"https:\\\/\\\/ksproducts.ca\\\/product\\\/heat-storm-mojave-1500w-portable-infrared-heater-with-digital-thermostat-and-safe-touch-grill\\\/\",\"name\":\"Heat Storm Mojave 1500W Portable Infrared Heater with Digital Thermostat and Safe Touch Grill - Ks Products\",\"isPartOf\":{\"@id\":\"https:\\\/\\\/ksproducts.ca\\\/#website\"},\"primaryImageOfPage\":{\"@id\":\"https:\\\/\\\/ksproducts.ca\\\/product\\\/heat-storm-mojave-1500w-portable-infrared-heater-with-digital-thermostat-and-safe-touch-grill\\\/#primaryimage\"},\"image\":{\"@id\":\"https:\\\/\\\/ksproducts.ca\\\/product\\\/heat-storm-mojave-1500w-portable-infrared-heater-with-digital-thermostat-and-safe-touch-grill\\\/#primaryimage\"},\"thumbnailUrl\":\"https:\\\/\\\/ksproducts.ca\\\/wp-content\\\/uploads\\\/2026\\\/03\\\/Heat-Storm-Mojave-1500W-Portable-Infrared-Heater-with-Digital-Thermostat-and-Safe-Touch-Grill.png\",\"datePublished\":\"2026-03-10T17:15:50+00:00\",\"dateModified\":\"2026-03-16T16:01:43+00:00\",\"breadcrumb\":{\"@id\":\"https:\\\/\\\/ksproducts.ca\\\/product\\\/heat-storm-mojave-1500w-portable-infrared-heater-with-digital-thermostat-and-safe-touch-grill\\\/#breadcrumb\"},\"inLanguage\":\"fr-CA\",\"potentialAction\":[{\"@type\":\"ReadAction\",\"target\":[\"https:\\\/\\\/ksproducts.ca\\\/product\\\/heat-storm-mojave-1500w-portable-infrared-heater-with-digital-thermostat-and-safe-touch-grill\\\/\"]}]},{\"@type\":\"ImageObject\",\"inLanguage\":\"fr-CA\",\"@id\":\"https:\\\/\\\/ksproducts.ca\\\/product\\\/heat-storm-mojave-1500w-portable-infrared-heater-with-digital-thermostat-and-safe-touch-grill\\\/#primaryimage\",\"url\":\"https:\\\/\\\/ksproducts.ca\\\/wp-content\\\/uploads\\\/2026\\\/03\\\/Heat-Storm-Mojave-1500W-Portable-Infrared-Heater-with-Digital-Thermostat-and-Safe-Touch-Grill.png\",\"contentUrl\":\"https:\\\/\\\/ksproducts.ca\\\/wp-content\\\/uploads\\\/2026\\\/03\\\/Heat-Storm-Mojave-1500W-Portable-Infrared-Heater-with-Digital-Thermostat-and-Safe-Touch-Grill.png\",\"width\":440,\"height\":440,\"caption\":\"Heat Storm Mojave 1500W Portable Infrared Heater with Digital Thermostat and Safe Touch Grill\"},{\"@type\":\"BreadcrumbList\",\"@id\":\"https:\\\/\\\/ksproducts.ca\\\/product\\\/heat-storm-mojave-1500w-portable-infrared-heater-with-digital-thermostat-and-safe-touch-grill\\\/#breadcrumb\",\"itemListElement\":[{\"@type\":\"ListItem\",\"position\":1,\"name\":\"Home\",\"item\":\"https:\\\/\\\/ksproducts.ca\\\/\"},{\"@type\":\"ListItem\",\"position\":2,\"name\":\"Shop\",\"item\":\"https:\\\/\\\/ksproducts.ca\\\/shop\\\/\"},{\"@type\":\"ListItem\",\"position\":3,\"name\":\"Heat Storm Mojave 1500W Portable Infrared Heater with Digital Thermostat and Safe Touch Grill\"}]},{\"@type\":\"WebSite\",\"@id\":\"https:\\\/\\\/ksproducts.ca\\\/#website\",\"url\":\"https:\\\/\\\/ksproducts.ca\\\/\",\"name\":\"Ks Products\",\"description\":\"Outdoor cooking and living, made easy in Canada\",\"publisher\":{\"@id\":\"https:\\\/\\\/ksproducts.ca\\\/#organization\"},\"potentialAction\":[{\"@type\":\"SearchAction\",\"target\":{\"@type\":\"EntryPoint\",\"urlTemplate\":\"https:\\\/\\\/ksproducts.ca\\\/?s={search_term_string}\"},\"query-input\":{\"@type\":\"PropertyValueSpecification\",\"valueRequired\":true,\"valueName\":\"search_term_string\"}}],\"inLanguage\":\"fr-CA\"},{\"@type\":\"Organization\",\"@id\":\"https:\\\/\\\/ksproducts.ca\\\/#organization\",\"name\":\"Ks Products\",\"url\":\"https:\\\/\\\/ksproducts.ca\\\/\",\"logo\":{\"@type\":\"ImageObject\",\"inLanguage\":\"fr-CA\",\"@id\":\"https:\\\/\\\/ksproducts.ca\\\/#\\\/schema\\\/logo\\\/image\\\/\",\"url\":\"https:\\\/\\\/ksproducts.ca\\\/wp-content\\\/uploads\\\/2023\\\/09\\\/Kennedy-Sales-Logo-header-1.png\",\"contentUrl\":\"https:\\\/\\\/ksproducts.ca\\\/wp-content\\\/uploads\\\/2023\\\/09\\\/Kennedy-Sales-Logo-header-1.png\",\"width\":150,\"height\":77,\"caption\":\"Ks Products\"},\"image\":{\"@id\":\"https:\\\/\\\/ksproducts.ca\\\/#\\\/schema\\\/logo\\\/image\\\/\"}}]}<\/script>\n<!-- \/ Yoast SEO plugin. -->","yoast_head_json":{"title":"Heat Storm Mojave 1500W chauffage infrarouge portable avec thermostat num\u00e9rique et grille Safe Touch - Ks Products","robots":{"index":"index","follow":"follow","max-snippet":"max-snippet:-1","max-image-preview":"max-image-preview:large","max-video-preview":"max-video-preview:-1"},"canonical":"https:\/\/ksproducts.ca\/fr\/product\/heat-storm-mojave-1500w-chauffage-infrarouge-portable-avec-thermostat-digital-et-grill-safe-touch\/","og_locale":"fr_CA","og_type":"article","og_title":"Heat Storm Mojave 1500W Portable Infrared Heater with Digital Thermostat and Safe Touch Grill - Ks Products","og_description":"At only 11 lbs the Mojave Portable Infrared Quartz Heater was designed so you can take it with you anywhere you like. When creating the Mojave we had one thought... that world class infrared heat should not be limited only to heavy wood cabinet heaters. It is the perfect heating solution for living rooms, dining rooms, bedrooms, kitchen areas, basements, and craft rooms. Plug this electric heater into your wall outlet and immediately enjoy the warmth. Take it with you where ever you go to make sure you're warm. Its heat exchanger combines with the humidity in the room to provide soft, moist, safe heat without reducing oxygen or humidity.","og_url":"https:\/\/ksproducts.ca\/fr\/product\/heat-storm-mojave-1500w-chauffage-infrarouge-portable-avec-thermostat-digital-et-grill-safe-touch\/","og_site_name":"Ks Products","article_modified_time":"2026-03-16T16:01:43+00:00","og_image":[{"width":440,"height":440,"url":"https:\/\/ksproducts.ca\/wp-content\/uploads\/2026\/03\/Heat-Storm-Mojave-1500W-Portable-Infrared-Heater-with-Digital-Thermostat-and-Safe-Touch-Grill.png","type":"image\/png"}],"twitter_card":"summary_large_image","twitter_misc":{"Estimation du temps de lecture":"1 minute"},"schema":{"@context":"https:\/\/schema.org","@graph":[{"@type":"WebPage","@id":"https:\/\/ksproducts.ca\/product\/heat-storm-mojave-1500w-portable-infrared-heater-with-digital-thermostat-and-safe-touch-grill\/","url":"https:\/\/ksproducts.ca\/product\/heat-storm-mojave-1500w-portable-infrared-heater-with-digital-thermostat-and-safe-touch-grill\/","name":"Heat Storm Mojave 1500W chauffage infrarouge portable avec thermostat num\u00e9rique et grille Safe Touch - Ks Products","isPartOf":{"@id":"https:\/\/ksproducts.ca\/#website"},"primaryImageOfPage":{"@id":"https:\/\/ksproducts.ca\/product\/heat-storm-mojave-1500w-portable-infrared-heater-with-digital-thermostat-and-safe-touch-grill\/#primaryimage"},"image":{"@id":"https:\/\/ksproducts.ca\/product\/heat-storm-mojave-1500w-portable-infrared-heater-with-digital-thermostat-and-safe-touch-grill\/#primaryimage"},"thumbnailUrl":"https:\/\/ksproducts.ca\/wp-content\/uploads\/2026\/03\/Heat-Storm-Mojave-1500W-Portable-Infrared-Heater-with-Digital-Thermostat-and-Safe-Touch-Grill.png","datePublished":"2026-03-10T17:15:50+00:00","dateModified":"2026-03-16T16:01:43+00:00","breadcrumb":{"@id":"https:\/\/ksproducts.ca\/product\/heat-storm-mojave-1500w-portable-infrared-heater-with-digital-thermostat-and-safe-touch-grill\/#breadcrumb"},"inLanguage":"fr-CA","potentialAction":[{"@type":"ReadAction","target":["https:\/\/ksproducts.ca\/product\/heat-storm-mojave-1500w-portable-infrared-heater-with-digital-thermostat-and-safe-touch-grill\/"]}]},{"@type":"ImageObject","inLanguage":"fr-CA","@id":"https:\/\/ksproducts.ca\/product\/heat-storm-mojave-1500w-portable-infrared-heater-with-digital-thermostat-and-safe-touch-grill\/#primaryimage","url":"https:\/\/ksproducts.ca\/wp-content\/uploads\/2026\/03\/Heat-Storm-Mojave-1500W-Portable-Infrared-Heater-with-Digital-Thermostat-and-Safe-Touch-Grill.png","contentUrl":"https:\/\/ksproducts.ca\/wp-content\/uploads\/2026\/03\/Heat-Storm-Mojave-1500W-Portable-Infrared-Heater-with-Digital-Thermostat-and-Safe-Touch-Grill.png","width":440,"height":440,"caption":"Heat Storm Mojave 1500W Portable Infrared Heater with Digital Thermostat and Safe Touch Grill"},{"@type":"BreadcrumbList","@id":"https:\/\/ksproducts.ca\/product\/heat-storm-mojave-1500w-portable-infrared-heater-with-digital-thermostat-and-safe-touch-grill\/#breadcrumb","itemListElement":[{"@type":"ListItem","position":1,"name":"Home","item":"https:\/\/ksproducts.ca\/"},{"@type":"ListItem","position":2,"name":"Shop","item":"https:\/\/ksproducts.ca\/shop\/"},{"@type":"ListItem","position":3,"name":"Heat Storm Mojave 1500W Portable Infrared Heater with Digital Thermostat and Safe Touch Grill"}]},{"@type":"WebSite","@id":"https:\/\/ksproducts.ca\/#website","url":"https:\/\/ksproducts.ca\/","name":"Produits Ks","description":"Cuisiner et vivre en plein air, c'est facile au Canada","publisher":{"@id":"https:\/\/ksproducts.ca\/#organization"},"potentialAction":[{"@type":"SearchAction","target":{"@type":"EntryPoint","urlTemplate":"https:\/\/ksproducts.ca\/?s={search_term_string}"},"query-input":{"@type":"PropertyValueSpecification","valueRequired":true,"valueName":"search_term_string"}}],"inLanguage":"fr-CA"},{"@type":"Organization","@id":"https:\/\/ksproducts.ca\/#organization","name":"Produits Ks","url":"https:\/\/ksproducts.ca\/","logo":{"@type":"ImageObject","inLanguage":"fr-CA","@id":"https:\/\/ksproducts.ca\/#\/schema\/logo\/image\/","url":"https:\/\/ksproducts.ca\/wp-content\/uploads\/2023\/09\/Kennedy-Sales-Logo-header-1.png","contentUrl":"https:\/\/ksproducts.ca\/wp-content\/uploads\/2023\/09\/Kennedy-Sales-Logo-header-1.png","width":150,"height":77,"caption":"Ks Products"},"image":{"@id":"https:\/\/ksproducts.ca\/#\/schema\/logo\/image\/"}}]}},"_links":{"self":[{"href":"https:\/\/ksproducts.ca\/fr\/wp-json\/wp\/v2\/product\/12200","targetHints":{"allow":["GET"]}}],"collection":[{"href":"https:\/\/ksproducts.ca\/fr\/wp-json\/wp\/v2\/product"}],"about":[{"href":"https:\/\/ksproducts.ca\/fr\/wp-json\/wp\/v2\/types\/product"}],"replies":[{"embeddable":true,"href":"https:\/\/ksproducts.ca\/fr\/wp-json\/wp\/v2\/comments?post=12200"}],"version-history":[{"count":1,"href":"https:\/\/ksproducts.ca\/fr\/wp-json\/wp\/v2\/product\/12200\/revisions"}],"predecessor-version":[{"id":12202,"href":"https:\/\/ksproducts.ca\/fr\/wp-json\/wp\/v2\/product\/12200\/revisions\/12202"}],"wp:featuredmedia":[{"embeddable":true,"href":"https:\/\/ksproducts.ca\/fr\/wp-json\/wp\/v2\/media\/12201"}],"wp:attachment":[{"href":"https:\/\/ksproducts.ca\/fr\/wp-json\/wp\/v2\/media?parent=12200"}],"wp:term":[{"taxonomy":"product_cat","embeddable":true,"href":"https:\/\/ksproducts.ca\/fr\/wp-json\/wp\/v2\/product_cat?post=12200"},{"taxonomy":"product_tag","embeddable":true,"href":"https:\/\/ksproducts.ca\/fr\/wp-json\/wp\/v2\/product_tag?post=12200"}],"curies":[{"name":"wp","href":"https:\/\/api.w.org\/{rel}","templated":true}]}}