{"id":12203,"date":"2026-03-10T17:18:45","date_gmt":"2026-03-10T17:18:45","guid":{"rendered":"https:\/\/ksproducts.ca\/?post_type=product&#038;p=12203"},"modified":"2026-03-16T16:03:32","modified_gmt":"2026-03-16T16:03:32","slug":"heat-storm-preston-1500w-portable-infrared-quartz-heater-with-digital-thermostat-and-safe-touch-grill","status":"publish","type":"product","link":"https:\/\/ksproducts.ca\/fr\/product\/heat-storm-preston-1500w-portable-infrared-quartz-heater-with-digital-thermostat-and-safe-touch-grill\/","title":{"rendered":"Heat Storm Preston 1500W Chauffage infrarouge portable au quartz avec thermostat num\u00e9rique et grille Safe Touch"},"content":{"rendered":"<ul>\n<li>Grille s\u00fbre au toucher<\/li>\n<li>5200 BTU, pour chauffer jusqu'\u00e0 500 m\u00b2.<\/li>\n<li>Montage mural peu encombrant<\/li>\n<li>Thermostat int\u00e9gr\u00e9 avec capacit\u00e9s Wi-Fi<\/li>\n<\/ul>","protected":false},"excerpt":{"rendered":"<p>L'unit\u00e9 murale Heat Storm Deluxe est une solution id\u00e9ale pour les chambres \u00e0 coucher ou les petites pi\u00e8ces o\u00f9 l'espace au sol est restreint. Avec ses 1 500 watts, ce radiateur chauffera facilement votre pi\u00e8ce, mais vous ne risquerez pas de d\u00e9clencher votre disjoncteur si vous souhaitez faire fonctionner d'autres appareils \u00e9lectroniques. Ce radiateur ne pr\u00e9sente aucun danger, m\u00eame sur le gril, ce qui en fait un excellent choix pour tout le monde. Cet appareil dispose de deux modes d'alimentation, l'un utilisant la totalit\u00e9 des 1 500 watts (feuille rouge), tandis que le second mode (feuille verte) n'utilise que 750 watts. Chaque appareil contient notre \u00e9changeur de chaleur brevet\u00e9 avec la technologie HMS qui permet une chaleur maximale des ampoules infrarouges \u00e0 quartz sans perte de chaleur de l'appareil.<\/p>","protected":false},"featured_media":12204,"comment_status":"open","ping_status":"closed","template":"","meta":[],"product_cat":[432],"product_tag":[],"class_list":{"0":"post-12203","1":"product","2":"type-product","3":"status-publish","4":"has-post-thumbnail","6":"product_cat-indoor-heaters","7":"product_shipping_class-class-3","9":"first","10":"instock","11":"taxable","12":"shipping-taxable","13":"purchasable","14":"product-type-simple"},"yoast_head":"<!-- This site is optimized with the Yoast SEO plugin v27.4 - https:\/\/yoast.com\/product\/yoast-seo-wordpress\/ -->\n<title>Heat Storm Preston 1500W Portable Infrared Quartz Heater with Digital Thermostat and Safe Touch Grill - Ks Products<\/title>\n<meta name=\"robots\" content=\"index, follow, max-snippet:-1, max-image-preview:large, max-video-preview:-1\" \/>\n<link rel=\"canonical\" href=\"https:\/\/ksproducts.ca\/fr\/product\/heat-storm-preston-1500w-portable-infrared-quartz-heater-with-digital-thermostat-and-safe-touch-grill\/\" \/>\n<meta property=\"og:locale\" content=\"fr_CA\" \/>\n<meta property=\"og:type\" content=\"article\" \/>\n<meta property=\"og:title\" content=\"Heat Storm Preston 1500W Portable Infrared Quartz Heater with Digital Thermostat and Safe Touch Grill - Ks Products\" \/>\n<meta property=\"og:description\" content=\"The Heat Storm Deluxe Wall Unit is a great solution for any bedroom or small room where there is not much floor space. At 1,500-Watt this heater will easily heat up your room but you will not have issues tripping your breaker if you want to run other electronics. This heater is safe to touch, even on the grill, making a great choice for anyone. This unit has two power modes, one uses the full 1,500-Watt (red leaf), while the second mode (green Leaf) uses only 750-Watt. Each unit contains our Patented Heat Exchanger with HMS Technology that allows maximum heat from the infrared quartz bulbs without any heat loss from the unit.\" \/>\n<meta property=\"og:url\" content=\"https:\/\/ksproducts.ca\/fr\/product\/heat-storm-preston-1500w-portable-infrared-quartz-heater-with-digital-thermostat-and-safe-touch-grill\/\" \/>\n<meta property=\"og:site_name\" content=\"Ks Products\" \/>\n<meta property=\"article:modified_time\" content=\"2026-03-16T16:03:32+00:00\" \/>\n<meta property=\"og:image\" content=\"https:\/\/ksproducts.ca\/wp-content\/uploads\/2026\/03\/Heat-Storm-Preston-1500W-Portable-Infrared-Quartz-Heater-with-Digital-Thermostat-and-Safe-Touch-Grill.png\" \/>\n\t<meta property=\"og:image:width\" content=\"440\" \/>\n\t<meta property=\"og:image:height\" content=\"440\" \/>\n\t<meta property=\"og:image:type\" content=\"image\/png\" \/>\n<meta name=\"twitter:card\" content=\"summary_large_image\" \/>\n<meta name=\"twitter:label1\" content=\"Estimation du temps de lecture\" \/>\n\t<meta name=\"twitter:data1\" content=\"1 minute\" \/>\n<script type=\"application\/ld+json\" class=\"yoast-schema-graph\">{\"@context\":\"https:\\\/\\\/schema.org\",\"@graph\":[{\"@type\":\"WebPage\",\"@id\":\"https:\\\/\\\/ksproducts.ca\\\/product\\\/heat-storm-preston-1500w-portable-infrared-quartz-heater-with-digital-thermostat-and-safe-touch-grill\\\/\",\"url\":\"https:\\\/\\\/ksproducts.ca\\\/product\\\/heat-storm-preston-1500w-portable-infrared-quartz-heater-with-digital-thermostat-and-safe-touch-grill\\\/\",\"name\":\"Heat Storm Preston 1500W Portable Infrared Quartz Heater with Digital Thermostat and Safe Touch Grill - Ks Products\",\"isPartOf\":{\"@id\":\"https:\\\/\\\/ksproducts.ca\\\/#website\"},\"primaryImageOfPage\":{\"@id\":\"https:\\\/\\\/ksproducts.ca\\\/product\\\/heat-storm-preston-1500w-portable-infrared-quartz-heater-with-digital-thermostat-and-safe-touch-grill\\\/#primaryimage\"},\"image\":{\"@id\":\"https:\\\/\\\/ksproducts.ca\\\/product\\\/heat-storm-preston-1500w-portable-infrared-quartz-heater-with-digital-thermostat-and-safe-touch-grill\\\/#primaryimage\"},\"thumbnailUrl\":\"https:\\\/\\\/ksproducts.ca\\\/wp-content\\\/uploads\\\/2026\\\/03\\\/Heat-Storm-Preston-1500W-Portable-Infrared-Quartz-Heater-with-Digital-Thermostat-and-Safe-Touch-Grill.png\",\"datePublished\":\"2026-03-10T17:18:45+00:00\",\"dateModified\":\"2026-03-16T16:03:32+00:00\",\"breadcrumb\":{\"@id\":\"https:\\\/\\\/ksproducts.ca\\\/product\\\/heat-storm-preston-1500w-portable-infrared-quartz-heater-with-digital-thermostat-and-safe-touch-grill\\\/#breadcrumb\"},\"inLanguage\":\"fr-CA\",\"potentialAction\":[{\"@type\":\"ReadAction\",\"target\":[\"https:\\\/\\\/ksproducts.ca\\\/product\\\/heat-storm-preston-1500w-portable-infrared-quartz-heater-with-digital-thermostat-and-safe-touch-grill\\\/\"]}]},{\"@type\":\"ImageObject\",\"inLanguage\":\"fr-CA\",\"@id\":\"https:\\\/\\\/ksproducts.ca\\\/product\\\/heat-storm-preston-1500w-portable-infrared-quartz-heater-with-digital-thermostat-and-safe-touch-grill\\\/#primaryimage\",\"url\":\"https:\\\/\\\/ksproducts.ca\\\/wp-content\\\/uploads\\\/2026\\\/03\\\/Heat-Storm-Preston-1500W-Portable-Infrared-Quartz-Heater-with-Digital-Thermostat-and-Safe-Touch-Grill.png\",\"contentUrl\":\"https:\\\/\\\/ksproducts.ca\\\/wp-content\\\/uploads\\\/2026\\\/03\\\/Heat-Storm-Preston-1500W-Portable-Infrared-Quartz-Heater-with-Digital-Thermostat-and-Safe-Touch-Grill.png\",\"width\":440,\"height\":440,\"caption\":\"Heat Storm Preston 1500W Portable Infrared Quartz Heater with Digital Thermostat and Safe Touch Grill\"},{\"@type\":\"BreadcrumbList\",\"@id\":\"https:\\\/\\\/ksproducts.ca\\\/product\\\/heat-storm-preston-1500w-portable-infrared-quartz-heater-with-digital-thermostat-and-safe-touch-grill\\\/#breadcrumb\",\"itemListElement\":[{\"@type\":\"ListItem\",\"position\":1,\"name\":\"Home\",\"item\":\"https:\\\/\\\/ksproducts.ca\\\/\"},{\"@type\":\"ListItem\",\"position\":2,\"name\":\"Shop\",\"item\":\"https:\\\/\\\/ksproducts.ca\\\/shop\\\/\"},{\"@type\":\"ListItem\",\"position\":3,\"name\":\"Heat Storm Preston 1500W Portable Infrared Quartz Heater with Digital Thermostat and Safe Touch Grill\"}]},{\"@type\":\"WebSite\",\"@id\":\"https:\\\/\\\/ksproducts.ca\\\/#website\",\"url\":\"https:\\\/\\\/ksproducts.ca\\\/\",\"name\":\"Ks Products\",\"description\":\"Outdoor cooking and living, made easy in Canada\",\"publisher\":{\"@id\":\"https:\\\/\\\/ksproducts.ca\\\/#organization\"},\"potentialAction\":[{\"@type\":\"SearchAction\",\"target\":{\"@type\":\"EntryPoint\",\"urlTemplate\":\"https:\\\/\\\/ksproducts.ca\\\/?s={search_term_string}\"},\"query-input\":{\"@type\":\"PropertyValueSpecification\",\"valueRequired\":true,\"valueName\":\"search_term_string\"}}],\"inLanguage\":\"fr-CA\"},{\"@type\":\"Organization\",\"@id\":\"https:\\\/\\\/ksproducts.ca\\\/#organization\",\"name\":\"Ks Products\",\"url\":\"https:\\\/\\\/ksproducts.ca\\\/\",\"logo\":{\"@type\":\"ImageObject\",\"inLanguage\":\"fr-CA\",\"@id\":\"https:\\\/\\\/ksproducts.ca\\\/#\\\/schema\\\/logo\\\/image\\\/\",\"url\":\"https:\\\/\\\/ksproducts.ca\\\/wp-content\\\/uploads\\\/2023\\\/09\\\/Kennedy-Sales-Logo-header-1.png\",\"contentUrl\":\"https:\\\/\\\/ksproducts.ca\\\/wp-content\\\/uploads\\\/2023\\\/09\\\/Kennedy-Sales-Logo-header-1.png\",\"width\":150,\"height\":77,\"caption\":\"Ks Products\"},\"image\":{\"@id\":\"https:\\\/\\\/ksproducts.ca\\\/#\\\/schema\\\/logo\\\/image\\\/\"}}]}<\/script>\n<!-- \/ Yoast SEO plugin. -->","yoast_head_json":{"title":"Heat Storm Preston 1500W Chauffage infrarouge portable au quartz avec thermostat num\u00e9rique et grille Safe Touch - Ks Products","robots":{"index":"index","follow":"follow","max-snippet":"max-snippet:-1","max-image-preview":"max-image-preview:large","max-video-preview":"max-video-preview:-1"},"canonical":"https:\/\/ksproducts.ca\/fr\/product\/heat-storm-preston-1500w-portable-infrared-quartz-heater-with-digital-thermostat-and-safe-touch-grill\/","og_locale":"fr_CA","og_type":"article","og_title":"Heat Storm Preston 1500W Portable Infrared Quartz Heater with Digital Thermostat and Safe Touch Grill - Ks Products","og_description":"The Heat Storm Deluxe Wall Unit is a great solution for any bedroom or small room where there is not much floor space. At 1,500-Watt this heater will easily heat up your room but you will not have issues tripping your breaker if you want to run other electronics. This heater is safe to touch, even on the grill, making a great choice for anyone. This unit has two power modes, one uses the full 1,500-Watt (red leaf), while the second mode (green Leaf) uses only 750-Watt. Each unit contains our Patented Heat Exchanger with HMS Technology that allows maximum heat from the infrared quartz bulbs without any heat loss from the unit.","og_url":"https:\/\/ksproducts.ca\/fr\/product\/heat-storm-preston-1500w-portable-infrared-quartz-heater-with-digital-thermostat-and-safe-touch-grill\/","og_site_name":"Ks Products","article_modified_time":"2026-03-16T16:03:32+00:00","og_image":[{"width":440,"height":440,"url":"https:\/\/ksproducts.ca\/wp-content\/uploads\/2026\/03\/Heat-Storm-Preston-1500W-Portable-Infrared-Quartz-Heater-with-Digital-Thermostat-and-Safe-Touch-Grill.png","type":"image\/png"}],"twitter_card":"summary_large_image","twitter_misc":{"Estimation du temps de lecture":"1 minute"},"schema":{"@context":"https:\/\/schema.org","@graph":[{"@type":"WebPage","@id":"https:\/\/ksproducts.ca\/product\/heat-storm-preston-1500w-portable-infrared-quartz-heater-with-digital-thermostat-and-safe-touch-grill\/","url":"https:\/\/ksproducts.ca\/product\/heat-storm-preston-1500w-portable-infrared-quartz-heater-with-digital-thermostat-and-safe-touch-grill\/","name":"Heat Storm Preston 1500W Chauffage infrarouge portable au quartz avec thermostat num\u00e9rique et grille Safe Touch - Ks Products","isPartOf":{"@id":"https:\/\/ksproducts.ca\/#website"},"primaryImageOfPage":{"@id":"https:\/\/ksproducts.ca\/product\/heat-storm-preston-1500w-portable-infrared-quartz-heater-with-digital-thermostat-and-safe-touch-grill\/#primaryimage"},"image":{"@id":"https:\/\/ksproducts.ca\/product\/heat-storm-preston-1500w-portable-infrared-quartz-heater-with-digital-thermostat-and-safe-touch-grill\/#primaryimage"},"thumbnailUrl":"https:\/\/ksproducts.ca\/wp-content\/uploads\/2026\/03\/Heat-Storm-Preston-1500W-Portable-Infrared-Quartz-Heater-with-Digital-Thermostat-and-Safe-Touch-Grill.png","datePublished":"2026-03-10T17:18:45+00:00","dateModified":"2026-03-16T16:03:32+00:00","breadcrumb":{"@id":"https:\/\/ksproducts.ca\/product\/heat-storm-preston-1500w-portable-infrared-quartz-heater-with-digital-thermostat-and-safe-touch-grill\/#breadcrumb"},"inLanguage":"fr-CA","potentialAction":[{"@type":"ReadAction","target":["https:\/\/ksproducts.ca\/product\/heat-storm-preston-1500w-portable-infrared-quartz-heater-with-digital-thermostat-and-safe-touch-grill\/"]}]},{"@type":"ImageObject","inLanguage":"fr-CA","@id":"https:\/\/ksproducts.ca\/product\/heat-storm-preston-1500w-portable-infrared-quartz-heater-with-digital-thermostat-and-safe-touch-grill\/#primaryimage","url":"https:\/\/ksproducts.ca\/wp-content\/uploads\/2026\/03\/Heat-Storm-Preston-1500W-Portable-Infrared-Quartz-Heater-with-Digital-Thermostat-and-Safe-Touch-Grill.png","contentUrl":"https:\/\/ksproducts.ca\/wp-content\/uploads\/2026\/03\/Heat-Storm-Preston-1500W-Portable-Infrared-Quartz-Heater-with-Digital-Thermostat-and-Safe-Touch-Grill.png","width":440,"height":440,"caption":"Heat Storm Preston 1500W Portable Infrared Quartz Heater with Digital Thermostat and Safe Touch Grill"},{"@type":"BreadcrumbList","@id":"https:\/\/ksproducts.ca\/product\/heat-storm-preston-1500w-portable-infrared-quartz-heater-with-digital-thermostat-and-safe-touch-grill\/#breadcrumb","itemListElement":[{"@type":"ListItem","position":1,"name":"Home","item":"https:\/\/ksproducts.ca\/"},{"@type":"ListItem","position":2,"name":"Shop","item":"https:\/\/ksproducts.ca\/shop\/"},{"@type":"ListItem","position":3,"name":"Heat Storm Preston 1500W Portable Infrared Quartz Heater with Digital Thermostat and Safe Touch Grill"}]},{"@type":"WebSite","@id":"https:\/\/ksproducts.ca\/#website","url":"https:\/\/ksproducts.ca\/","name":"Produits Ks","description":"Cuisiner et vivre en plein air, c'est facile au Canada","publisher":{"@id":"https:\/\/ksproducts.ca\/#organization"},"potentialAction":[{"@type":"SearchAction","target":{"@type":"EntryPoint","urlTemplate":"https:\/\/ksproducts.ca\/?s={search_term_string}"},"query-input":{"@type":"PropertyValueSpecification","valueRequired":true,"valueName":"search_term_string"}}],"inLanguage":"fr-CA"},{"@type":"Organization","@id":"https:\/\/ksproducts.ca\/#organization","name":"Produits Ks","url":"https:\/\/ksproducts.ca\/","logo":{"@type":"ImageObject","inLanguage":"fr-CA","@id":"https:\/\/ksproducts.ca\/#\/schema\/logo\/image\/","url":"https:\/\/ksproducts.ca\/wp-content\/uploads\/2023\/09\/Kennedy-Sales-Logo-header-1.png","contentUrl":"https:\/\/ksproducts.ca\/wp-content\/uploads\/2023\/09\/Kennedy-Sales-Logo-header-1.png","width":150,"height":77,"caption":"Ks Products"},"image":{"@id":"https:\/\/ksproducts.ca\/#\/schema\/logo\/image\/"}}]}},"_links":{"self":[{"href":"https:\/\/ksproducts.ca\/fr\/wp-json\/wp\/v2\/product\/12203","targetHints":{"allow":["GET"]}}],"collection":[{"href":"https:\/\/ksproducts.ca\/fr\/wp-json\/wp\/v2\/product"}],"about":[{"href":"https:\/\/ksproducts.ca\/fr\/wp-json\/wp\/v2\/types\/product"}],"replies":[{"embeddable":true,"href":"https:\/\/ksproducts.ca\/fr\/wp-json\/wp\/v2\/comments?post=12203"}],"version-history":[{"count":1,"href":"https:\/\/ksproducts.ca\/fr\/wp-json\/wp\/v2\/product\/12203\/revisions"}],"predecessor-version":[{"id":12205,"href":"https:\/\/ksproducts.ca\/fr\/wp-json\/wp\/v2\/product\/12203\/revisions\/12205"}],"wp:featuredmedia":[{"embeddable":true,"href":"https:\/\/ksproducts.ca\/fr\/wp-json\/wp\/v2\/media\/12204"}],"wp:attachment":[{"href":"https:\/\/ksproducts.ca\/fr\/wp-json\/wp\/v2\/media?parent=12203"}],"wp:term":[{"taxonomy":"product_cat","embeddable":true,"href":"https:\/\/ksproducts.ca\/fr\/wp-json\/wp\/v2\/product_cat?post=12203"},{"taxonomy":"product_tag","embeddable":true,"href":"https:\/\/ksproducts.ca\/fr\/wp-json\/wp\/v2\/product_tag?post=12203"}],"curies":[{"name":"wp","href":"https:\/\/api.w.org\/{rel}","templated":true}]}}