{"id":12219,"date":"2026-03-10T18:09:11","date_gmt":"2026-03-10T18:09:11","guid":{"rendered":"https:\/\/ksproducts.ca\/?post_type=product&#038;p=12219"},"modified":"2026-03-10T18:09:12","modified_gmt":"2026-03-10T18:09:12","slug":"heat-storm-6000w-garage-heater-with-adjustable-thermostat-and-durable-construction","status":"publish","type":"product","link":"https:\/\/ksproducts.ca\/fr\/product\/heat-storm-6000w-garage-heater-with-adjustable-thermostat-and-durable-construction\/","title":{"rendered":"Heat Storm 6000W Garage Heater avec thermostat r\u00e9glable et construction durable"},"content":{"rendered":"<ul>\n<li>Le chauffage fournit une puissance de 6 000 W pour garder votre garage, votre sous-sol, votre atelier ou d'autres petits espaces confortablement chauds.<\/li>\n<li>Couvre une surface allant jusqu'\u00e0 1 000 m\u00b2 en tant que chaleur primaire et jusqu'\u00e0 1 800 m\u00b2 en tant que chaleur secondaire.<\/li>\n<li>La commande Wi-Fi vous permet de r\u00e9gler la chaleur en toute simplicit\u00e9, o\u00f9 que vous soyez.<\/li>\n<li>Fixer le chauffage au mur ou au plafond pour \u00e9conomiser de l'espace au sol.<\/li>\n<li>Pour un fonctionnement s\u00fbr et fiable, l'appareil doit \u00eatre c\u00e2bl\u00e9 (le c\u00e2blage n'est pas inclus ; l'installation doit \u00eatre effectu\u00e9e par un \u00e9lectricien agr\u00e9\u00e9).<\/li>\n<li>Livr\u00e9 avec le mat\u00e9riel de montage, le thermostat externe et la t\u00e9l\u00e9commande (avec piles incluses).<\/li>\n<\/ul>","protected":false},"excerpt":{"rendered":"<p>Le chauffage de garage Heat Storm de 3000 \u00e0 6000 watts, mont\u00e9 ou plafonn\u00e9, est le compl\u00e9ment id\u00e9al de votre garage ou de votre poste de travail. Vous pouvez contr\u00f4ler toutes les fonctions du thermostat depuis votre t\u00e9l\u00e9phone. Tout ce dont vous avez besoin, c'est d'une connexion Wi-Fi et d'un t\u00e9l\u00e9phone intelligent pour t\u00e9l\u00e9charger l'application et connecter votre chauffage. Il est parfait pour les journ\u00e9es froides o\u00f9 vous souhaitez pr\u00e9chauffer votre espace avant de vous rendre dans votre garage ou sur votre lieu de travail.<\/p>","protected":false},"featured_media":12220,"comment_status":"open","ping_status":"closed","template":"","meta":[],"product_cat":[432],"product_tag":[],"class_list":{"0":"post-12219","1":"product","2":"type-product","3":"status-publish","4":"has-post-thumbnail","6":"product_cat-indoor-heaters","7":"product_shipping_class-class-2","9":"first","10":"instock","11":"taxable","12":"shipping-taxable","13":"purchasable","14":"product-type-simple"},"yoast_head":"<!-- This site is optimized with the Yoast SEO plugin v27.3 - https:\/\/yoast.com\/product\/yoast-seo-wordpress\/ -->\n<title>Heat Storm 6000W Garage Heater with Adjustable Thermostat and Durable Construction - Ks Products<\/title>\n<meta name=\"robots\" content=\"index, follow, max-snippet:-1, max-image-preview:large, max-video-preview:-1\" \/>\n<link rel=\"canonical\" href=\"https:\/\/ksproducts.ca\/fr\/product\/heat-storm-6000w-garage-heater-with-adjustable-thermostat-and-durable-construction\/\" \/>\n<meta property=\"og:locale\" content=\"fr_CA\" \/>\n<meta property=\"og:type\" content=\"article\" \/>\n<meta property=\"og:title\" content=\"Heat Storm 6000W Garage Heater with Adjustable Thermostat and Durable Construction - Ks Products\" \/>\n<meta property=\"og:description\" content=\"The Heat Storm 3000 to 6000 watt Ceiling or Mounted garage heater is the perfect addition to your garage or work station. You can control all of the thermostat features from your phone. All you need is a Wi-Fi connection and a smart phone and you can download the app and connect your heater. It\u2019s perfect for those cold days where you would like to preheat your area prior to going out to your garage or work place\" \/>\n<meta property=\"og:url\" content=\"https:\/\/ksproducts.ca\/fr\/product\/heat-storm-6000w-garage-heater-with-adjustable-thermostat-and-durable-construction\/\" \/>\n<meta property=\"og:site_name\" content=\"Ks Products\" \/>\n<meta property=\"article:modified_time\" content=\"2026-03-10T18:09:12+00:00\" \/>\n<meta property=\"og:image\" content=\"https:\/\/ksproducts.ca\/wp-content\/uploads\/2026\/03\/Heat-Storm-6000W-Garage-Heater-with-Adjustable-Thermostat-and-Durable-Construction.jpg\" \/>\n\t<meta property=\"og:image:width\" content=\"600\" \/>\n\t<meta property=\"og:image:height\" content=\"600\" \/>\n\t<meta property=\"og:image:type\" content=\"image\/jpeg\" \/>\n<meta name=\"twitter:card\" content=\"summary_large_image\" \/>\n<meta name=\"twitter:label1\" content=\"Estimation du temps de lecture\" \/>\n\t<meta name=\"twitter:data1\" content=\"1 minute\" \/>\n<script type=\"application\/ld+json\" class=\"yoast-schema-graph\">{\"@context\":\"https:\\\/\\\/schema.org\",\"@graph\":[{\"@type\":\"WebPage\",\"@id\":\"https:\\\/\\\/ksproducts.ca\\\/product\\\/heat-storm-6000w-garage-heater-with-adjustable-thermostat-and-durable-construction\\\/\",\"url\":\"https:\\\/\\\/ksproducts.ca\\\/product\\\/heat-storm-6000w-garage-heater-with-adjustable-thermostat-and-durable-construction\\\/\",\"name\":\"Heat Storm 6000W Garage Heater with Adjustable Thermostat and Durable Construction - Ks Products\",\"isPartOf\":{\"@id\":\"https:\\\/\\\/ksproducts.ca\\\/#website\"},\"primaryImageOfPage\":{\"@id\":\"https:\\\/\\\/ksproducts.ca\\\/product\\\/heat-storm-6000w-garage-heater-with-adjustable-thermostat-and-durable-construction\\\/#primaryimage\"},\"image\":{\"@id\":\"https:\\\/\\\/ksproducts.ca\\\/product\\\/heat-storm-6000w-garage-heater-with-adjustable-thermostat-and-durable-construction\\\/#primaryimage\"},\"thumbnailUrl\":\"https:\\\/\\\/ksproducts.ca\\\/wp-content\\\/uploads\\\/2026\\\/03\\\/Heat-Storm-6000W-Garage-Heater-with-Adjustable-Thermostat-and-Durable-Construction.jpg\",\"datePublished\":\"2026-03-10T18:09:11+00:00\",\"dateModified\":\"2026-03-10T18:09:12+00:00\",\"breadcrumb\":{\"@id\":\"https:\\\/\\\/ksproducts.ca\\\/product\\\/heat-storm-6000w-garage-heater-with-adjustable-thermostat-and-durable-construction\\\/#breadcrumb\"},\"inLanguage\":\"fr-CA\",\"potentialAction\":[{\"@type\":\"ReadAction\",\"target\":[\"https:\\\/\\\/ksproducts.ca\\\/product\\\/heat-storm-6000w-garage-heater-with-adjustable-thermostat-and-durable-construction\\\/\"]}]},{\"@type\":\"ImageObject\",\"inLanguage\":\"fr-CA\",\"@id\":\"https:\\\/\\\/ksproducts.ca\\\/product\\\/heat-storm-6000w-garage-heater-with-adjustable-thermostat-and-durable-construction\\\/#primaryimage\",\"url\":\"https:\\\/\\\/ksproducts.ca\\\/wp-content\\\/uploads\\\/2026\\\/03\\\/Heat-Storm-6000W-Garage-Heater-with-Adjustable-Thermostat-and-Durable-Construction.jpg\",\"contentUrl\":\"https:\\\/\\\/ksproducts.ca\\\/wp-content\\\/uploads\\\/2026\\\/03\\\/Heat-Storm-6000W-Garage-Heater-with-Adjustable-Thermostat-and-Durable-Construction.jpg\",\"width\":600,\"height\":600,\"caption\":\"Heat Storm 6000W Garage Heater with Adjustable Thermostat and Durable Construction\"},{\"@type\":\"BreadcrumbList\",\"@id\":\"https:\\\/\\\/ksproducts.ca\\\/product\\\/heat-storm-6000w-garage-heater-with-adjustable-thermostat-and-durable-construction\\\/#breadcrumb\",\"itemListElement\":[{\"@type\":\"ListItem\",\"position\":1,\"name\":\"Home\",\"item\":\"https:\\\/\\\/ksproducts.ca\\\/\"},{\"@type\":\"ListItem\",\"position\":2,\"name\":\"Shop\",\"item\":\"https:\\\/\\\/ksproducts.ca\\\/shop\\\/\"},{\"@type\":\"ListItem\",\"position\":3,\"name\":\"Heat Storm 6000W Garage Heater with Adjustable Thermostat and Durable Construction\"}]},{\"@type\":\"WebSite\",\"@id\":\"https:\\\/\\\/ksproducts.ca\\\/#website\",\"url\":\"https:\\\/\\\/ksproducts.ca\\\/\",\"name\":\"Ks Products\",\"description\":\"Outdoor cooking and living, made easy in Canada\",\"publisher\":{\"@id\":\"https:\\\/\\\/ksproducts.ca\\\/#organization\"},\"potentialAction\":[{\"@type\":\"SearchAction\",\"target\":{\"@type\":\"EntryPoint\",\"urlTemplate\":\"https:\\\/\\\/ksproducts.ca\\\/?s={search_term_string}\"},\"query-input\":{\"@type\":\"PropertyValueSpecification\",\"valueRequired\":true,\"valueName\":\"search_term_string\"}}],\"inLanguage\":\"fr-CA\"},{\"@type\":\"Organization\",\"@id\":\"https:\\\/\\\/ksproducts.ca\\\/#organization\",\"name\":\"Ks Products\",\"url\":\"https:\\\/\\\/ksproducts.ca\\\/\",\"logo\":{\"@type\":\"ImageObject\",\"inLanguage\":\"fr-CA\",\"@id\":\"https:\\\/\\\/ksproducts.ca\\\/#\\\/schema\\\/logo\\\/image\\\/\",\"url\":\"https:\\\/\\\/ksproducts.ca\\\/wp-content\\\/uploads\\\/2023\\\/09\\\/Kennedy-Sales-Logo-header-1.png\",\"contentUrl\":\"https:\\\/\\\/ksproducts.ca\\\/wp-content\\\/uploads\\\/2023\\\/09\\\/Kennedy-Sales-Logo-header-1.png\",\"width\":150,\"height\":77,\"caption\":\"Ks Products\"},\"image\":{\"@id\":\"https:\\\/\\\/ksproducts.ca\\\/#\\\/schema\\\/logo\\\/image\\\/\"}}]}<\/script>\n<!-- \/ Yoast SEO plugin. -->","yoast_head_json":{"title":"Chauffage de garage Heat Storm 6000W avec thermostat r\u00e9glable et construction durable - Ks Products","robots":{"index":"index","follow":"follow","max-snippet":"max-snippet:-1","max-image-preview":"max-image-preview:large","max-video-preview":"max-video-preview:-1"},"canonical":"https:\/\/ksproducts.ca\/fr\/product\/heat-storm-6000w-garage-heater-with-adjustable-thermostat-and-durable-construction\/","og_locale":"fr_CA","og_type":"article","og_title":"Heat Storm 6000W Garage Heater with Adjustable Thermostat and Durable Construction - Ks Products","og_description":"The Heat Storm 3000 to 6000 watt Ceiling or Mounted garage heater is the perfect addition to your garage or work station. You can control all of the thermostat features from your phone. All you need is a Wi-Fi connection and a smart phone and you can download the app and connect your heater. It\u2019s perfect for those cold days where you would like to preheat your area prior to going out to your garage or work place","og_url":"https:\/\/ksproducts.ca\/fr\/product\/heat-storm-6000w-garage-heater-with-adjustable-thermostat-and-durable-construction\/","og_site_name":"Ks Products","article_modified_time":"2026-03-10T18:09:12+00:00","og_image":[{"width":600,"height":600,"url":"https:\/\/ksproducts.ca\/wp-content\/uploads\/2026\/03\/Heat-Storm-6000W-Garage-Heater-with-Adjustable-Thermostat-and-Durable-Construction.jpg","type":"image\/jpeg"}],"twitter_card":"summary_large_image","twitter_misc":{"Estimation du temps de lecture":"1 minute"},"schema":{"@context":"https:\/\/schema.org","@graph":[{"@type":"WebPage","@id":"https:\/\/ksproducts.ca\/product\/heat-storm-6000w-garage-heater-with-adjustable-thermostat-and-durable-construction\/","url":"https:\/\/ksproducts.ca\/product\/heat-storm-6000w-garage-heater-with-adjustable-thermostat-and-durable-construction\/","name":"Chauffage de garage Heat Storm 6000W avec thermostat r\u00e9glable et construction durable - Ks Products","isPartOf":{"@id":"https:\/\/ksproducts.ca\/#website"},"primaryImageOfPage":{"@id":"https:\/\/ksproducts.ca\/product\/heat-storm-6000w-garage-heater-with-adjustable-thermostat-and-durable-construction\/#primaryimage"},"image":{"@id":"https:\/\/ksproducts.ca\/product\/heat-storm-6000w-garage-heater-with-adjustable-thermostat-and-durable-construction\/#primaryimage"},"thumbnailUrl":"https:\/\/ksproducts.ca\/wp-content\/uploads\/2026\/03\/Heat-Storm-6000W-Garage-Heater-with-Adjustable-Thermostat-and-Durable-Construction.jpg","datePublished":"2026-03-10T18:09:11+00:00","dateModified":"2026-03-10T18:09:12+00:00","breadcrumb":{"@id":"https:\/\/ksproducts.ca\/product\/heat-storm-6000w-garage-heater-with-adjustable-thermostat-and-durable-construction\/#breadcrumb"},"inLanguage":"fr-CA","potentialAction":[{"@type":"ReadAction","target":["https:\/\/ksproducts.ca\/product\/heat-storm-6000w-garage-heater-with-adjustable-thermostat-and-durable-construction\/"]}]},{"@type":"ImageObject","inLanguage":"fr-CA","@id":"https:\/\/ksproducts.ca\/product\/heat-storm-6000w-garage-heater-with-adjustable-thermostat-and-durable-construction\/#primaryimage","url":"https:\/\/ksproducts.ca\/wp-content\/uploads\/2026\/03\/Heat-Storm-6000W-Garage-Heater-with-Adjustable-Thermostat-and-Durable-Construction.jpg","contentUrl":"https:\/\/ksproducts.ca\/wp-content\/uploads\/2026\/03\/Heat-Storm-6000W-Garage-Heater-with-Adjustable-Thermostat-and-Durable-Construction.jpg","width":600,"height":600,"caption":"Heat Storm 6000W Garage Heater with Adjustable Thermostat and Durable Construction"},{"@type":"BreadcrumbList","@id":"https:\/\/ksproducts.ca\/product\/heat-storm-6000w-garage-heater-with-adjustable-thermostat-and-durable-construction\/#breadcrumb","itemListElement":[{"@type":"ListItem","position":1,"name":"Home","item":"https:\/\/ksproducts.ca\/"},{"@type":"ListItem","position":2,"name":"Shop","item":"https:\/\/ksproducts.ca\/shop\/"},{"@type":"ListItem","position":3,"name":"Heat Storm 6000W Garage Heater with Adjustable Thermostat and Durable Construction"}]},{"@type":"WebSite","@id":"https:\/\/ksproducts.ca\/#website","url":"https:\/\/ksproducts.ca\/","name":"Produits Ks","description":"Cuisiner et vivre en plein air, c'est facile au Canada","publisher":{"@id":"https:\/\/ksproducts.ca\/#organization"},"potentialAction":[{"@type":"SearchAction","target":{"@type":"EntryPoint","urlTemplate":"https:\/\/ksproducts.ca\/?s={search_term_string}"},"query-input":{"@type":"PropertyValueSpecification","valueRequired":true,"valueName":"search_term_string"}}],"inLanguage":"fr-CA"},{"@type":"Organization","@id":"https:\/\/ksproducts.ca\/#organization","name":"Produits Ks","url":"https:\/\/ksproducts.ca\/","logo":{"@type":"ImageObject","inLanguage":"fr-CA","@id":"https:\/\/ksproducts.ca\/#\/schema\/logo\/image\/","url":"https:\/\/ksproducts.ca\/wp-content\/uploads\/2023\/09\/Kennedy-Sales-Logo-header-1.png","contentUrl":"https:\/\/ksproducts.ca\/wp-content\/uploads\/2023\/09\/Kennedy-Sales-Logo-header-1.png","width":150,"height":77,"caption":"Ks Products"},"image":{"@id":"https:\/\/ksproducts.ca\/#\/schema\/logo\/image\/"}}]}},"_links":{"self":[{"href":"https:\/\/ksproducts.ca\/fr\/wp-json\/wp\/v2\/product\/12219","targetHints":{"allow":["GET"]}}],"collection":[{"href":"https:\/\/ksproducts.ca\/fr\/wp-json\/wp\/v2\/product"}],"about":[{"href":"https:\/\/ksproducts.ca\/fr\/wp-json\/wp\/v2\/types\/product"}],"replies":[{"embeddable":true,"href":"https:\/\/ksproducts.ca\/fr\/wp-json\/wp\/v2\/comments?post=12219"}],"version-history":[{"count":1,"href":"https:\/\/ksproducts.ca\/fr\/wp-json\/wp\/v2\/product\/12219\/revisions"}],"predecessor-version":[{"id":12221,"href":"https:\/\/ksproducts.ca\/fr\/wp-json\/wp\/v2\/product\/12219\/revisions\/12221"}],"wp:featuredmedia":[{"embeddable":true,"href":"https:\/\/ksproducts.ca\/fr\/wp-json\/wp\/v2\/media\/12220"}],"wp:attachment":[{"href":"https:\/\/ksproducts.ca\/fr\/wp-json\/wp\/v2\/media?parent=12219"}],"wp:term":[{"taxonomy":"product_cat","embeddable":true,"href":"https:\/\/ksproducts.ca\/fr\/wp-json\/wp\/v2\/product_cat?post=12219"},{"taxonomy":"product_tag","embeddable":true,"href":"https:\/\/ksproducts.ca\/fr\/wp-json\/wp\/v2\/product_tag?post=12219"}],"curies":[{"name":"wp","href":"https:\/\/api.w.org\/{rel}","templated":true}]}}