{"id":12225,"date":"2026-03-10T18:21:41","date_gmt":"2026-03-10T18:21:41","guid":{"rendered":"https:\/\/ksproducts.ca\/?post_type=product&#038;p=12225"},"modified":"2026-03-10T18:21:42","modified_gmt":"2026-03-10T18:21:42","slug":"huile-de-verin-hydraulique-pour-cle-a-molette-354ml","status":"publish","type":"product","link":"https:\/\/ksproducts.ca\/fr\/product\/liquid-wrench-hydraulic-jack-oil-354ml\/","title":{"rendered":"Huile pour v\u00e9rin hydraulique Liquid Wrench - 354ml"},"content":{"rendered":"<ul>\n<li>Sp\u00e9cialement formul\u00e9 avec : des inhibiteurs de rouille, des agents anti-usure.<\/li>\n<li>Sp\u00e9cialement formul\u00e9 avec : des inhibiteurs d'oxydation, des agents anti-mousse.<\/li>\n<li>Se m\u00e9lange \u00e0 tous les autres fluides standard.<\/li>\n<\/ul>","protected":false},"excerpt":{"rendered":"<p>L'huile pour v\u00e9rins hydrauliques Liquid Wrench est con\u00e7ue pour \u00eatre utilis\u00e9e dans tous les v\u00e9rins hydrauliques, les chasse-neige et les amortisseurs rechargeables. Elle offre une protection contre les pressions extr\u00eames et ne contient pas de d\u00e9tergents.<\/p>","protected":false},"featured_media":12226,"comment_status":"open","ping_status":"closed","template":"","meta":[],"product_cat":[430],"product_tag":[],"class_list":{"0":"post-12225","1":"product","2":"type-product","3":"status-publish","4":"has-post-thumbnail","6":"product_cat-automotive-gear","7":"product_shipping_class-class-1","9":"first","10":"instock","11":"taxable","12":"shipping-taxable","13":"purchasable","14":"product-type-simple"},"yoast_head":"<!-- This site is optimized with the Yoast SEO plugin v27.3 - https:\/\/yoast.com\/product\/yoast-seo-wordpress\/ -->\n<title>Liquid Wrench Hydraulic Jack Oil - 354ml - Ks Products<\/title>\n<meta name=\"robots\" content=\"index, follow, max-snippet:-1, max-image-preview:large, max-video-preview:-1\" \/>\n<link rel=\"canonical\" href=\"https:\/\/ksproducts.ca\/fr\/product\/huile-de-verin-hydraulique-pour-cle-a-molette-354ml\/\" \/>\n<meta property=\"og:locale\" content=\"fr_CA\" \/>\n<meta property=\"og:type\" content=\"article\" \/>\n<meta property=\"og:title\" content=\"Liquid Wrench Hydraulic Jack Oil - 354ml - Ks Products\" \/>\n<meta property=\"og:description\" content=\"Liquid Wrench Hydraulic Jack Oil is made for use in all hydraulic jacks, snow plows and refillable shock absorbers. It provides extreme pressure protection and does not contain detergents.\" \/>\n<meta property=\"og:url\" content=\"https:\/\/ksproducts.ca\/fr\/product\/huile-de-verin-hydraulique-pour-cle-a-molette-354ml\/\" \/>\n<meta property=\"og:site_name\" content=\"Ks Products\" \/>\n<meta property=\"article:modified_time\" content=\"2026-03-10T18:21:42+00:00\" \/>\n<meta property=\"og:image\" content=\"https:\/\/ksproducts.ca\/wp-content\/uploads\/2026\/03\/Liquid-Wrench-Hydraulic-Jack-Oil-354ml.png\" \/>\n\t<meta property=\"og:image:width\" content=\"440\" \/>\n\t<meta property=\"og:image:height\" content=\"440\" \/>\n\t<meta property=\"og:image:type\" content=\"image\/png\" \/>\n<meta name=\"twitter:card\" content=\"summary_large_image\" \/>\n<meta name=\"twitter:label1\" content=\"Estimation du temps de lecture\" \/>\n\t<meta name=\"twitter:data1\" content=\"1 minute\" \/>\n<script type=\"application\/ld+json\" class=\"yoast-schema-graph\">{\"@context\":\"https:\\\/\\\/schema.org\",\"@graph\":[{\"@type\":\"WebPage\",\"@id\":\"https:\\\/\\\/ksproducts.ca\\\/product\\\/liquid-wrench-hydraulic-jack-oil-354ml\\\/\",\"url\":\"https:\\\/\\\/ksproducts.ca\\\/product\\\/liquid-wrench-hydraulic-jack-oil-354ml\\\/\",\"name\":\"Liquid Wrench Hydraulic Jack Oil - 354ml - Ks Products\",\"isPartOf\":{\"@id\":\"https:\\\/\\\/ksproducts.ca\\\/#website\"},\"primaryImageOfPage\":{\"@id\":\"https:\\\/\\\/ksproducts.ca\\\/product\\\/liquid-wrench-hydraulic-jack-oil-354ml\\\/#primaryimage\"},\"image\":{\"@id\":\"https:\\\/\\\/ksproducts.ca\\\/product\\\/liquid-wrench-hydraulic-jack-oil-354ml\\\/#primaryimage\"},\"thumbnailUrl\":\"https:\\\/\\\/ksproducts.ca\\\/wp-content\\\/uploads\\\/2026\\\/03\\\/Liquid-Wrench-Hydraulic-Jack-Oil-354ml.png\",\"datePublished\":\"2026-03-10T18:21:41+00:00\",\"dateModified\":\"2026-03-10T18:21:42+00:00\",\"breadcrumb\":{\"@id\":\"https:\\\/\\\/ksproducts.ca\\\/product\\\/liquid-wrench-hydraulic-jack-oil-354ml\\\/#breadcrumb\"},\"inLanguage\":\"fr-CA\",\"potentialAction\":[{\"@type\":\"ReadAction\",\"target\":[\"https:\\\/\\\/ksproducts.ca\\\/product\\\/liquid-wrench-hydraulic-jack-oil-354ml\\\/\"]}]},{\"@type\":\"ImageObject\",\"inLanguage\":\"fr-CA\",\"@id\":\"https:\\\/\\\/ksproducts.ca\\\/product\\\/liquid-wrench-hydraulic-jack-oil-354ml\\\/#primaryimage\",\"url\":\"https:\\\/\\\/ksproducts.ca\\\/wp-content\\\/uploads\\\/2026\\\/03\\\/Liquid-Wrench-Hydraulic-Jack-Oil-354ml.png\",\"contentUrl\":\"https:\\\/\\\/ksproducts.ca\\\/wp-content\\\/uploads\\\/2026\\\/03\\\/Liquid-Wrench-Hydraulic-Jack-Oil-354ml.png\",\"width\":440,\"height\":440,\"caption\":\"Liquid Wrench Hydraulic Jack Oil 354ml\"},{\"@type\":\"BreadcrumbList\",\"@id\":\"https:\\\/\\\/ksproducts.ca\\\/product\\\/liquid-wrench-hydraulic-jack-oil-354ml\\\/#breadcrumb\",\"itemListElement\":[{\"@type\":\"ListItem\",\"position\":1,\"name\":\"Home\",\"item\":\"https:\\\/\\\/ksproducts.ca\\\/\"},{\"@type\":\"ListItem\",\"position\":2,\"name\":\"Shop\",\"item\":\"https:\\\/\\\/ksproducts.ca\\\/shop\\\/\"},{\"@type\":\"ListItem\",\"position\":3,\"name\":\"Liquid Wrench Hydraulic Jack Oil &#8211; 354ml\"}]},{\"@type\":\"WebSite\",\"@id\":\"https:\\\/\\\/ksproducts.ca\\\/#website\",\"url\":\"https:\\\/\\\/ksproducts.ca\\\/\",\"name\":\"Ks Products\",\"description\":\"Outdoor cooking and living, made easy in Canada\",\"publisher\":{\"@id\":\"https:\\\/\\\/ksproducts.ca\\\/#organization\"},\"potentialAction\":[{\"@type\":\"SearchAction\",\"target\":{\"@type\":\"EntryPoint\",\"urlTemplate\":\"https:\\\/\\\/ksproducts.ca\\\/?s={search_term_string}\"},\"query-input\":{\"@type\":\"PropertyValueSpecification\",\"valueRequired\":true,\"valueName\":\"search_term_string\"}}],\"inLanguage\":\"fr-CA\"},{\"@type\":\"Organization\",\"@id\":\"https:\\\/\\\/ksproducts.ca\\\/#organization\",\"name\":\"Ks Products\",\"url\":\"https:\\\/\\\/ksproducts.ca\\\/\",\"logo\":{\"@type\":\"ImageObject\",\"inLanguage\":\"fr-CA\",\"@id\":\"https:\\\/\\\/ksproducts.ca\\\/#\\\/schema\\\/logo\\\/image\\\/\",\"url\":\"https:\\\/\\\/ksproducts.ca\\\/wp-content\\\/uploads\\\/2023\\\/09\\\/Kennedy-Sales-Logo-header-1.png\",\"contentUrl\":\"https:\\\/\\\/ksproducts.ca\\\/wp-content\\\/uploads\\\/2023\\\/09\\\/Kennedy-Sales-Logo-header-1.png\",\"width\":150,\"height\":77,\"caption\":\"Ks Products\"},\"image\":{\"@id\":\"https:\\\/\\\/ksproducts.ca\\\/#\\\/schema\\\/logo\\\/image\\\/\"}}]}<\/script>\n<!-- \/ Yoast SEO plugin. -->","yoast_head_json":{"title":"Huile pour v\u00e9rin hydraulique Liquid Wrench - 354ml - Ks Products","robots":{"index":"index","follow":"follow","max-snippet":"max-snippet:-1","max-image-preview":"max-image-preview:large","max-video-preview":"max-video-preview:-1"},"canonical":"https:\/\/ksproducts.ca\/fr\/product\/huile-de-verin-hydraulique-pour-cle-a-molette-354ml\/","og_locale":"fr_CA","og_type":"article","og_title":"Liquid Wrench Hydraulic Jack Oil - 354ml - Ks Products","og_description":"Liquid Wrench Hydraulic Jack Oil is made for use in all hydraulic jacks, snow plows and refillable shock absorbers. It provides extreme pressure protection and does not contain detergents.","og_url":"https:\/\/ksproducts.ca\/fr\/product\/huile-de-verin-hydraulique-pour-cle-a-molette-354ml\/","og_site_name":"Ks Products","article_modified_time":"2026-03-10T18:21:42+00:00","og_image":[{"width":440,"height":440,"url":"https:\/\/ksproducts.ca\/wp-content\/uploads\/2026\/03\/Liquid-Wrench-Hydraulic-Jack-Oil-354ml.png","type":"image\/png"}],"twitter_card":"summary_large_image","twitter_misc":{"Estimation du temps de lecture":"1 minute"},"schema":{"@context":"https:\/\/schema.org","@graph":[{"@type":"WebPage","@id":"https:\/\/ksproducts.ca\/product\/liquid-wrench-hydraulic-jack-oil-354ml\/","url":"https:\/\/ksproducts.ca\/product\/liquid-wrench-hydraulic-jack-oil-354ml\/","name":"Huile pour v\u00e9rin hydraulique Liquid Wrench - 354ml - Ks Products","isPartOf":{"@id":"https:\/\/ksproducts.ca\/#website"},"primaryImageOfPage":{"@id":"https:\/\/ksproducts.ca\/product\/liquid-wrench-hydraulic-jack-oil-354ml\/#primaryimage"},"image":{"@id":"https:\/\/ksproducts.ca\/product\/liquid-wrench-hydraulic-jack-oil-354ml\/#primaryimage"},"thumbnailUrl":"https:\/\/ksproducts.ca\/wp-content\/uploads\/2026\/03\/Liquid-Wrench-Hydraulic-Jack-Oil-354ml.png","datePublished":"2026-03-10T18:21:41+00:00","dateModified":"2026-03-10T18:21:42+00:00","breadcrumb":{"@id":"https:\/\/ksproducts.ca\/product\/liquid-wrench-hydraulic-jack-oil-354ml\/#breadcrumb"},"inLanguage":"fr-CA","potentialAction":[{"@type":"ReadAction","target":["https:\/\/ksproducts.ca\/product\/liquid-wrench-hydraulic-jack-oil-354ml\/"]}]},{"@type":"ImageObject","inLanguage":"fr-CA","@id":"https:\/\/ksproducts.ca\/product\/liquid-wrench-hydraulic-jack-oil-354ml\/#primaryimage","url":"https:\/\/ksproducts.ca\/wp-content\/uploads\/2026\/03\/Liquid-Wrench-Hydraulic-Jack-Oil-354ml.png","contentUrl":"https:\/\/ksproducts.ca\/wp-content\/uploads\/2026\/03\/Liquid-Wrench-Hydraulic-Jack-Oil-354ml.png","width":440,"height":440,"caption":"Liquid Wrench Hydraulic Jack Oil 354ml"},{"@type":"BreadcrumbList","@id":"https:\/\/ksproducts.ca\/product\/liquid-wrench-hydraulic-jack-oil-354ml\/#breadcrumb","itemListElement":[{"@type":"ListItem","position":1,"name":"Home","item":"https:\/\/ksproducts.ca\/"},{"@type":"ListItem","position":2,"name":"Shop","item":"https:\/\/ksproducts.ca\/shop\/"},{"@type":"ListItem","position":3,"name":"Liquid Wrench Hydraulic Jack Oil &#8211; 354ml"}]},{"@type":"WebSite","@id":"https:\/\/ksproducts.ca\/#website","url":"https:\/\/ksproducts.ca\/","name":"Produits Ks","description":"Cuisiner et vivre en plein air, c'est facile au Canada","publisher":{"@id":"https:\/\/ksproducts.ca\/#organization"},"potentialAction":[{"@type":"SearchAction","target":{"@type":"EntryPoint","urlTemplate":"https:\/\/ksproducts.ca\/?s={search_term_string}"},"query-input":{"@type":"PropertyValueSpecification","valueRequired":true,"valueName":"search_term_string"}}],"inLanguage":"fr-CA"},{"@type":"Organization","@id":"https:\/\/ksproducts.ca\/#organization","name":"Produits Ks","url":"https:\/\/ksproducts.ca\/","logo":{"@type":"ImageObject","inLanguage":"fr-CA","@id":"https:\/\/ksproducts.ca\/#\/schema\/logo\/image\/","url":"https:\/\/ksproducts.ca\/wp-content\/uploads\/2023\/09\/Kennedy-Sales-Logo-header-1.png","contentUrl":"https:\/\/ksproducts.ca\/wp-content\/uploads\/2023\/09\/Kennedy-Sales-Logo-header-1.png","width":150,"height":77,"caption":"Ks Products"},"image":{"@id":"https:\/\/ksproducts.ca\/#\/schema\/logo\/image\/"}}]}},"_links":{"self":[{"href":"https:\/\/ksproducts.ca\/fr\/wp-json\/wp\/v2\/product\/12225","targetHints":{"allow":["GET"]}}],"collection":[{"href":"https:\/\/ksproducts.ca\/fr\/wp-json\/wp\/v2\/product"}],"about":[{"href":"https:\/\/ksproducts.ca\/fr\/wp-json\/wp\/v2\/types\/product"}],"replies":[{"embeddable":true,"href":"https:\/\/ksproducts.ca\/fr\/wp-json\/wp\/v2\/comments?post=12225"}],"version-history":[{"count":1,"href":"https:\/\/ksproducts.ca\/fr\/wp-json\/wp\/v2\/product\/12225\/revisions"}],"predecessor-version":[{"id":12227,"href":"https:\/\/ksproducts.ca\/fr\/wp-json\/wp\/v2\/product\/12225\/revisions\/12227"}],"wp:featuredmedia":[{"embeddable":true,"href":"https:\/\/ksproducts.ca\/fr\/wp-json\/wp\/v2\/media\/12226"}],"wp:attachment":[{"href":"https:\/\/ksproducts.ca\/fr\/wp-json\/wp\/v2\/media?parent=12225"}],"wp:term":[{"taxonomy":"product_cat","embeddable":true,"href":"https:\/\/ksproducts.ca\/fr\/wp-json\/wp\/v2\/product_cat?post=12225"},{"taxonomy":"product_tag","embeddable":true,"href":"https:\/\/ksproducts.ca\/fr\/wp-json\/wp\/v2\/product_tag?post=12225"}],"curies":[{"name":"wp","href":"https:\/\/api.w.org\/{rel}","templated":true}]}}