{"id":12231,"date":"2026-03-10T18:45:21","date_gmt":"2026-03-10T18:45:21","guid":{"rendered":"https:\/\/ksproducts.ca\/?post_type=product&#038;p=12231"},"modified":"2026-03-10T18:45:21","modified_gmt":"2026-03-10T18:45:21","slug":"huile-penetrante-liquide-pour-cles-312g","status":"publish","type":"product","link":"https:\/\/ksproducts.ca\/fr\/product\/liquid-wrench-penetrating-oil-312g\/","title":{"rendered":"Huile p\u00e9n\u00e9trante Liquid Wrench - 312g"},"content":{"rendered":"<ul>\n<li>Lib\u00e8re les \u00e9crous, les boulons et les serrures coinc\u00e9s.<\/li>\n<li>Fabriqu\u00e9 pour couper la rouille<\/li>\n<li>Permet une p\u00e9n\u00e9tration optimale<\/li>\n<li>Formule anti-grippage \u00e0 action rapide<\/li>\n<li>R\u00e9duit le frottement et pr\u00e9vient l'usure<\/li>\n<\/ul>","protected":false},"excerpt":{"rendered":"<p>Le standard de l'industrie des p\u00e9n\u00e9trants qui contient un m\u00e9lange puissant de solvants p\u00e9n\u00e9trants \u00e0 action rapide qui d\u00e9tachent les \u00e9crous, les boulons et les pi\u00e8ces rouill\u00e9es en quelques secondes. P\u00e9n\u00e9trant polyvalent \u00e0 usages multiples qui p\u00e9n\u00e8tre rapidement la corrosion. Contient du Cerflon de pointe pour une durabilit\u00e9 sup\u00e9rieure et des performances durables.<\/p>","protected":false},"featured_media":12232,"comment_status":"open","ping_status":"closed","template":"","meta":[],"product_cat":[430],"product_tag":[],"class_list":{"0":"post-12231","1":"product","2":"type-product","3":"status-publish","4":"has-post-thumbnail","6":"product_cat-automotive-gear","7":"product_shipping_class-class-1","9":"first","10":"instock","11":"taxable","12":"shipping-taxable","13":"purchasable","14":"product-type-simple"},"yoast_head":"<!-- This site is optimized with the Yoast SEO plugin v27.4 - https:\/\/yoast.com\/product\/yoast-seo-wordpress\/ -->\n<title>Liquid Wrench Penetrating Oil - 312g - Ks Products<\/title>\n<meta name=\"robots\" content=\"index, follow, max-snippet:-1, max-image-preview:large, max-video-preview:-1\" \/>\n<link rel=\"canonical\" href=\"https:\/\/ksproducts.ca\/fr\/product\/huile-penetrante-liquide-pour-cles-312g\/\" \/>\n<meta property=\"og:locale\" content=\"fr_CA\" \/>\n<meta property=\"og:type\" content=\"article\" \/>\n<meta property=\"og:title\" content=\"Liquid Wrench Penetrating Oil - 312g - Ks Products\" \/>\n<meta property=\"og:description\" content=\"The industry standard for penetrants that has a powerful blend of fast-acting penetrating solvents that loosen rusted nuts, bolts and parts in seconds. A versatile, multi-use penetrant that quickly penetrates corrosion. Contains state-of-the-art Cerflon for superior durability and long-lasting performance\" \/>\n<meta property=\"og:url\" content=\"https:\/\/ksproducts.ca\/fr\/product\/huile-penetrante-liquide-pour-cles-312g\/\" \/>\n<meta property=\"og:site_name\" content=\"Ks Products\" \/>\n<meta property=\"og:image\" content=\"https:\/\/ksproducts.ca\/wp-content\/uploads\/2026\/03\/Liquid-Wrench-Penetrating-Oil-312g.png\" \/>\n\t<meta property=\"og:image:width\" content=\"440\" \/>\n\t<meta property=\"og:image:height\" content=\"440\" \/>\n\t<meta property=\"og:image:type\" content=\"image\/png\" \/>\n<meta name=\"twitter:card\" content=\"summary_large_image\" \/>\n<meta name=\"twitter:label1\" content=\"Estimation du temps de lecture\" \/>\n\t<meta name=\"twitter:data1\" content=\"1 minute\" \/>\n<script type=\"application\/ld+json\" class=\"yoast-schema-graph\">{\"@context\":\"https:\\\/\\\/schema.org\",\"@graph\":[{\"@type\":\"WebPage\",\"@id\":\"https:\\\/\\\/ksproducts.ca\\\/product\\\/liquid-wrench-penetrating-oil-312g\\\/\",\"url\":\"https:\\\/\\\/ksproducts.ca\\\/product\\\/liquid-wrench-penetrating-oil-312g\\\/\",\"name\":\"Liquid Wrench Penetrating Oil - 312g - Ks Products\",\"isPartOf\":{\"@id\":\"https:\\\/\\\/ksproducts.ca\\\/#website\"},\"primaryImageOfPage\":{\"@id\":\"https:\\\/\\\/ksproducts.ca\\\/product\\\/liquid-wrench-penetrating-oil-312g\\\/#primaryimage\"},\"image\":{\"@id\":\"https:\\\/\\\/ksproducts.ca\\\/product\\\/liquid-wrench-penetrating-oil-312g\\\/#primaryimage\"},\"thumbnailUrl\":\"https:\\\/\\\/ksproducts.ca\\\/wp-content\\\/uploads\\\/2026\\\/03\\\/Liquid-Wrench-Penetrating-Oil-312g.png\",\"datePublished\":\"2026-03-10T18:45:21+00:00\",\"breadcrumb\":{\"@id\":\"https:\\\/\\\/ksproducts.ca\\\/product\\\/liquid-wrench-penetrating-oil-312g\\\/#breadcrumb\"},\"inLanguage\":\"fr-CA\",\"potentialAction\":[{\"@type\":\"ReadAction\",\"target\":[\"https:\\\/\\\/ksproducts.ca\\\/product\\\/liquid-wrench-penetrating-oil-312g\\\/\"]}]},{\"@type\":\"ImageObject\",\"inLanguage\":\"fr-CA\",\"@id\":\"https:\\\/\\\/ksproducts.ca\\\/product\\\/liquid-wrench-penetrating-oil-312g\\\/#primaryimage\",\"url\":\"https:\\\/\\\/ksproducts.ca\\\/wp-content\\\/uploads\\\/2026\\\/03\\\/Liquid-Wrench-Penetrating-Oil-312g.png\",\"contentUrl\":\"https:\\\/\\\/ksproducts.ca\\\/wp-content\\\/uploads\\\/2026\\\/03\\\/Liquid-Wrench-Penetrating-Oil-312g.png\",\"width\":440,\"height\":440,\"caption\":\"Liquid Wrench Penetrating Oil 312g\"},{\"@type\":\"BreadcrumbList\",\"@id\":\"https:\\\/\\\/ksproducts.ca\\\/product\\\/liquid-wrench-penetrating-oil-312g\\\/#breadcrumb\",\"itemListElement\":[{\"@type\":\"ListItem\",\"position\":1,\"name\":\"Home\",\"item\":\"https:\\\/\\\/ksproducts.ca\\\/\"},{\"@type\":\"ListItem\",\"position\":2,\"name\":\"Shop\",\"item\":\"https:\\\/\\\/ksproducts.ca\\\/shop\\\/\"},{\"@type\":\"ListItem\",\"position\":3,\"name\":\"Liquid Wrench Penetrating Oil &#8211; 312g\"}]},{\"@type\":\"WebSite\",\"@id\":\"https:\\\/\\\/ksproducts.ca\\\/#website\",\"url\":\"https:\\\/\\\/ksproducts.ca\\\/\",\"name\":\"Ks Products\",\"description\":\"Outdoor cooking and living, made easy in Canada\",\"publisher\":{\"@id\":\"https:\\\/\\\/ksproducts.ca\\\/#organization\"},\"potentialAction\":[{\"@type\":\"SearchAction\",\"target\":{\"@type\":\"EntryPoint\",\"urlTemplate\":\"https:\\\/\\\/ksproducts.ca\\\/?s={search_term_string}\"},\"query-input\":{\"@type\":\"PropertyValueSpecification\",\"valueRequired\":true,\"valueName\":\"search_term_string\"}}],\"inLanguage\":\"fr-CA\"},{\"@type\":\"Organization\",\"@id\":\"https:\\\/\\\/ksproducts.ca\\\/#organization\",\"name\":\"Ks Products\",\"url\":\"https:\\\/\\\/ksproducts.ca\\\/\",\"logo\":{\"@type\":\"ImageObject\",\"inLanguage\":\"fr-CA\",\"@id\":\"https:\\\/\\\/ksproducts.ca\\\/#\\\/schema\\\/logo\\\/image\\\/\",\"url\":\"https:\\\/\\\/ksproducts.ca\\\/wp-content\\\/uploads\\\/2023\\\/09\\\/Kennedy-Sales-Logo-header-1.png\",\"contentUrl\":\"https:\\\/\\\/ksproducts.ca\\\/wp-content\\\/uploads\\\/2023\\\/09\\\/Kennedy-Sales-Logo-header-1.png\",\"width\":150,\"height\":77,\"caption\":\"Ks Products\"},\"image\":{\"@id\":\"https:\\\/\\\/ksproducts.ca\\\/#\\\/schema\\\/logo\\\/image\\\/\"}}]}<\/script>\n<!-- \/ Yoast SEO plugin. -->","yoast_head_json":{"title":"Huile p\u00e9n\u00e9trante Liquid Wrench - 312g - Ks Products","robots":{"index":"index","follow":"follow","max-snippet":"max-snippet:-1","max-image-preview":"max-image-preview:large","max-video-preview":"max-video-preview:-1"},"canonical":"https:\/\/ksproducts.ca\/fr\/product\/huile-penetrante-liquide-pour-cles-312g\/","og_locale":"fr_CA","og_type":"article","og_title":"Liquid Wrench Penetrating Oil - 312g - Ks Products","og_description":"The industry standard for penetrants that has a powerful blend of fast-acting penetrating solvents that loosen rusted nuts, bolts and parts in seconds. A versatile, multi-use penetrant that quickly penetrates corrosion. Contains state-of-the-art Cerflon for superior durability and long-lasting performance","og_url":"https:\/\/ksproducts.ca\/fr\/product\/huile-penetrante-liquide-pour-cles-312g\/","og_site_name":"Ks Products","og_image":[{"width":440,"height":440,"url":"https:\/\/ksproducts.ca\/wp-content\/uploads\/2026\/03\/Liquid-Wrench-Penetrating-Oil-312g.png","type":"image\/png"}],"twitter_card":"summary_large_image","twitter_misc":{"Estimation du temps de lecture":"1 minute"},"schema":{"@context":"https:\/\/schema.org","@graph":[{"@type":"WebPage","@id":"https:\/\/ksproducts.ca\/product\/liquid-wrench-penetrating-oil-312g\/","url":"https:\/\/ksproducts.ca\/product\/liquid-wrench-penetrating-oil-312g\/","name":"Huile p\u00e9n\u00e9trante Liquid Wrench - 312g - Ks Products","isPartOf":{"@id":"https:\/\/ksproducts.ca\/#website"},"primaryImageOfPage":{"@id":"https:\/\/ksproducts.ca\/product\/liquid-wrench-penetrating-oil-312g\/#primaryimage"},"image":{"@id":"https:\/\/ksproducts.ca\/product\/liquid-wrench-penetrating-oil-312g\/#primaryimage"},"thumbnailUrl":"https:\/\/ksproducts.ca\/wp-content\/uploads\/2026\/03\/Liquid-Wrench-Penetrating-Oil-312g.png","datePublished":"2026-03-10T18:45:21+00:00","breadcrumb":{"@id":"https:\/\/ksproducts.ca\/product\/liquid-wrench-penetrating-oil-312g\/#breadcrumb"},"inLanguage":"fr-CA","potentialAction":[{"@type":"ReadAction","target":["https:\/\/ksproducts.ca\/product\/liquid-wrench-penetrating-oil-312g\/"]}]},{"@type":"ImageObject","inLanguage":"fr-CA","@id":"https:\/\/ksproducts.ca\/product\/liquid-wrench-penetrating-oil-312g\/#primaryimage","url":"https:\/\/ksproducts.ca\/wp-content\/uploads\/2026\/03\/Liquid-Wrench-Penetrating-Oil-312g.png","contentUrl":"https:\/\/ksproducts.ca\/wp-content\/uploads\/2026\/03\/Liquid-Wrench-Penetrating-Oil-312g.png","width":440,"height":440,"caption":"Liquid Wrench Penetrating Oil 312g"},{"@type":"BreadcrumbList","@id":"https:\/\/ksproducts.ca\/product\/liquid-wrench-penetrating-oil-312g\/#breadcrumb","itemListElement":[{"@type":"ListItem","position":1,"name":"Home","item":"https:\/\/ksproducts.ca\/"},{"@type":"ListItem","position":2,"name":"Shop","item":"https:\/\/ksproducts.ca\/shop\/"},{"@type":"ListItem","position":3,"name":"Liquid Wrench Penetrating Oil &#8211; 312g"}]},{"@type":"WebSite","@id":"https:\/\/ksproducts.ca\/#website","url":"https:\/\/ksproducts.ca\/","name":"Produits Ks","description":"Cuisiner et vivre en plein air, c'est facile au Canada","publisher":{"@id":"https:\/\/ksproducts.ca\/#organization"},"potentialAction":[{"@type":"SearchAction","target":{"@type":"EntryPoint","urlTemplate":"https:\/\/ksproducts.ca\/?s={search_term_string}"},"query-input":{"@type":"PropertyValueSpecification","valueRequired":true,"valueName":"search_term_string"}}],"inLanguage":"fr-CA"},{"@type":"Organization","@id":"https:\/\/ksproducts.ca\/#organization","name":"Produits Ks","url":"https:\/\/ksproducts.ca\/","logo":{"@type":"ImageObject","inLanguage":"fr-CA","@id":"https:\/\/ksproducts.ca\/#\/schema\/logo\/image\/","url":"https:\/\/ksproducts.ca\/wp-content\/uploads\/2023\/09\/Kennedy-Sales-Logo-header-1.png","contentUrl":"https:\/\/ksproducts.ca\/wp-content\/uploads\/2023\/09\/Kennedy-Sales-Logo-header-1.png","width":150,"height":77,"caption":"Ks Products"},"image":{"@id":"https:\/\/ksproducts.ca\/#\/schema\/logo\/image\/"}}]}},"_links":{"self":[{"href":"https:\/\/ksproducts.ca\/fr\/wp-json\/wp\/v2\/product\/12231","targetHints":{"allow":["GET"]}}],"collection":[{"href":"https:\/\/ksproducts.ca\/fr\/wp-json\/wp\/v2\/product"}],"about":[{"href":"https:\/\/ksproducts.ca\/fr\/wp-json\/wp\/v2\/types\/product"}],"replies":[{"embeddable":true,"href":"https:\/\/ksproducts.ca\/fr\/wp-json\/wp\/v2\/comments?post=12231"}],"version-history":[{"count":1,"href":"https:\/\/ksproducts.ca\/fr\/wp-json\/wp\/v2\/product\/12231\/revisions"}],"predecessor-version":[{"id":12233,"href":"https:\/\/ksproducts.ca\/fr\/wp-json\/wp\/v2\/product\/12231\/revisions\/12233"}],"wp:featuredmedia":[{"embeddable":true,"href":"https:\/\/ksproducts.ca\/fr\/wp-json\/wp\/v2\/media\/12232"}],"wp:attachment":[{"href":"https:\/\/ksproducts.ca\/fr\/wp-json\/wp\/v2\/media?parent=12231"}],"wp:term":[{"taxonomy":"product_cat","embeddable":true,"href":"https:\/\/ksproducts.ca\/fr\/wp-json\/wp\/v2\/product_cat?post=12231"},{"taxonomy":"product_tag","embeddable":true,"href":"https:\/\/ksproducts.ca\/fr\/wp-json\/wp\/v2\/product_tag?post=12231"}],"curies":[{"name":"wp","href":"https:\/\/api.w.org\/{rel}","templated":true}]}}