{"id":12234,"date":"2026-03-10T18:50:03","date_gmt":"2026-03-10T18:50:03","guid":{"rendered":"https:\/\/ksproducts.ca\/?post_type=product&#038;p=12234"},"modified":"2026-03-10T18:50:03","modified_gmt":"2026-03-10T18:50:03","slug":"super-lubrifiant-liquide-pour-cle-a-molette-311g","status":"publish","type":"product","link":"https:\/\/ksproducts.ca\/fr\/product\/liquid-wrench-super-lubricant-311g\/","title":{"rendered":"Super lubrifiant Liquid Wrench - 311g"},"content":{"rendered":"<ul>\n<li>Lubrifie et prot\u00e8ge les surfaces m\u00e9talliques<\/li>\n<li>Desserre les \u00e9crous et les boulons rouill\u00e9s<\/li>\n<li>Lubrifie les pi\u00e8ces mobiles<\/li>\n<li>Formule ininflammable<\/li>\n<\/ul>","protected":false},"excerpt":{"rendered":"<p>Lubrifiant polyvalent sup\u00e9rieur qui desserre les \u00e9crous et les boulons rouill\u00e9s, lib\u00e8re les pi\u00e8ces gel\u00e9es et corrod\u00e9es, lib\u00e8re les articulations et les m\u00e9canismes gripp\u00e9s. Contient un inhibiteur de rouille pour prot\u00e9ger les pi\u00e8ces m\u00e9talliques de la corrosion et \u00e9vacuer l'humidit\u00e9. Renforc\u00e9 par le Cerflon de pointe pour une durabilit\u00e9 sup\u00e9rieure et une lubrification de longue dur\u00e9e.<\/p>","protected":false},"featured_media":12235,"comment_status":"open","ping_status":"closed","template":"","meta":[],"product_cat":[430],"product_tag":[],"class_list":{"0":"post-12234","1":"product","2":"type-product","3":"status-publish","4":"has-post-thumbnail","6":"product_cat-automotive-gear","7":"product_shipping_class-class-1","9":"first","10":"instock","11":"taxable","12":"shipping-taxable","13":"purchasable","14":"product-type-simple"},"yoast_head":"<!-- This site is optimized with the Yoast SEO plugin v27.3 - https:\/\/yoast.com\/product\/yoast-seo-wordpress\/ -->\n<title>Liquid Wrench Super Lubricant - 311g - Ks Products<\/title>\n<meta name=\"robots\" content=\"index, follow, max-snippet:-1, max-image-preview:large, max-video-preview:-1\" \/>\n<link rel=\"canonical\" href=\"https:\/\/ksproducts.ca\/fr\/product\/super-lubrifiant-liquide-pour-cle-a-molette-311g\/\" \/>\n<meta property=\"og:locale\" content=\"fr_CA\" \/>\n<meta property=\"og:type\" content=\"article\" \/>\n<meta property=\"og:title\" content=\"Liquid Wrench Super Lubricant - 311g - Ks Products\" \/>\n<meta property=\"og:description\" content=\"Superior multi-purpose lubricant that loosens rusted nuts and bolts, releases frozen and corroded parts, frees seized joints and mechanisms. Contains a rust inhibitor to protect metal parts from corrosion and displaces moisture. Enhanced with state-of-the-art Cerflon for superior durability and long-lasting lubrication.\" \/>\n<meta property=\"og:url\" content=\"https:\/\/ksproducts.ca\/fr\/product\/super-lubrifiant-liquide-pour-cle-a-molette-311g\/\" \/>\n<meta property=\"og:site_name\" content=\"Ks Products\" \/>\n<meta property=\"og:image\" content=\"https:\/\/ksproducts.ca\/wp-content\/uploads\/2026\/03\/Liquid-Wrench-Super-Lubricant-311g.png\" \/>\n\t<meta property=\"og:image:width\" content=\"440\" \/>\n\t<meta property=\"og:image:height\" content=\"440\" \/>\n\t<meta property=\"og:image:type\" content=\"image\/png\" \/>\n<meta name=\"twitter:card\" content=\"summary_large_image\" \/>\n<meta name=\"twitter:label1\" content=\"Estimation du temps de lecture\" \/>\n\t<meta name=\"twitter:data1\" content=\"1 minute\" \/>\n<script type=\"application\/ld+json\" class=\"yoast-schema-graph\">{\"@context\":\"https:\\\/\\\/schema.org\",\"@graph\":[{\"@type\":\"WebPage\",\"@id\":\"https:\\\/\\\/ksproducts.ca\\\/product\\\/liquid-wrench-super-lubricant-311g\\\/\",\"url\":\"https:\\\/\\\/ksproducts.ca\\\/product\\\/liquid-wrench-super-lubricant-311g\\\/\",\"name\":\"Liquid Wrench Super Lubricant - 311g - Ks Products\",\"isPartOf\":{\"@id\":\"https:\\\/\\\/ksproducts.ca\\\/#website\"},\"primaryImageOfPage\":{\"@id\":\"https:\\\/\\\/ksproducts.ca\\\/product\\\/liquid-wrench-super-lubricant-311g\\\/#primaryimage\"},\"image\":{\"@id\":\"https:\\\/\\\/ksproducts.ca\\\/product\\\/liquid-wrench-super-lubricant-311g\\\/#primaryimage\"},\"thumbnailUrl\":\"https:\\\/\\\/ksproducts.ca\\\/wp-content\\\/uploads\\\/2026\\\/03\\\/Liquid-Wrench-Super-Lubricant-311g.png\",\"datePublished\":\"2026-03-10T18:50:03+00:00\",\"breadcrumb\":{\"@id\":\"https:\\\/\\\/ksproducts.ca\\\/product\\\/liquid-wrench-super-lubricant-311g\\\/#breadcrumb\"},\"inLanguage\":\"fr-CA\",\"potentialAction\":[{\"@type\":\"ReadAction\",\"target\":[\"https:\\\/\\\/ksproducts.ca\\\/product\\\/liquid-wrench-super-lubricant-311g\\\/\"]}]},{\"@type\":\"ImageObject\",\"inLanguage\":\"fr-CA\",\"@id\":\"https:\\\/\\\/ksproducts.ca\\\/product\\\/liquid-wrench-super-lubricant-311g\\\/#primaryimage\",\"url\":\"https:\\\/\\\/ksproducts.ca\\\/wp-content\\\/uploads\\\/2026\\\/03\\\/Liquid-Wrench-Super-Lubricant-311g.png\",\"contentUrl\":\"https:\\\/\\\/ksproducts.ca\\\/wp-content\\\/uploads\\\/2026\\\/03\\\/Liquid-Wrench-Super-Lubricant-311g.png\",\"width\":440,\"height\":440,\"caption\":\"Liquid Wrench Super Lubricant 311g\"},{\"@type\":\"BreadcrumbList\",\"@id\":\"https:\\\/\\\/ksproducts.ca\\\/product\\\/liquid-wrench-super-lubricant-311g\\\/#breadcrumb\",\"itemListElement\":[{\"@type\":\"ListItem\",\"position\":1,\"name\":\"Home\",\"item\":\"https:\\\/\\\/ksproducts.ca\\\/\"},{\"@type\":\"ListItem\",\"position\":2,\"name\":\"Shop\",\"item\":\"https:\\\/\\\/ksproducts.ca\\\/shop\\\/\"},{\"@type\":\"ListItem\",\"position\":3,\"name\":\"Liquid Wrench Super Lubricant &#8211; 311g\"}]},{\"@type\":\"WebSite\",\"@id\":\"https:\\\/\\\/ksproducts.ca\\\/#website\",\"url\":\"https:\\\/\\\/ksproducts.ca\\\/\",\"name\":\"Ks Products\",\"description\":\"Outdoor cooking and living, made easy in Canada\",\"publisher\":{\"@id\":\"https:\\\/\\\/ksproducts.ca\\\/#organization\"},\"potentialAction\":[{\"@type\":\"SearchAction\",\"target\":{\"@type\":\"EntryPoint\",\"urlTemplate\":\"https:\\\/\\\/ksproducts.ca\\\/?s={search_term_string}\"},\"query-input\":{\"@type\":\"PropertyValueSpecification\",\"valueRequired\":true,\"valueName\":\"search_term_string\"}}],\"inLanguage\":\"fr-CA\"},{\"@type\":\"Organization\",\"@id\":\"https:\\\/\\\/ksproducts.ca\\\/#organization\",\"name\":\"Ks Products\",\"url\":\"https:\\\/\\\/ksproducts.ca\\\/\",\"logo\":{\"@type\":\"ImageObject\",\"inLanguage\":\"fr-CA\",\"@id\":\"https:\\\/\\\/ksproducts.ca\\\/#\\\/schema\\\/logo\\\/image\\\/\",\"url\":\"https:\\\/\\\/ksproducts.ca\\\/wp-content\\\/uploads\\\/2023\\\/09\\\/Kennedy-Sales-Logo-header-1.png\",\"contentUrl\":\"https:\\\/\\\/ksproducts.ca\\\/wp-content\\\/uploads\\\/2023\\\/09\\\/Kennedy-Sales-Logo-header-1.png\",\"width\":150,\"height\":77,\"caption\":\"Ks Products\"},\"image\":{\"@id\":\"https:\\\/\\\/ksproducts.ca\\\/#\\\/schema\\\/logo\\\/image\\\/\"}}]}<\/script>\n<!-- \/ Yoast SEO plugin. -->","yoast_head_json":{"title":"Liquid Wrench Super Lubricant - 311g - Ks Products","robots":{"index":"index","follow":"follow","max-snippet":"max-snippet:-1","max-image-preview":"max-image-preview:large","max-video-preview":"max-video-preview:-1"},"canonical":"https:\/\/ksproducts.ca\/fr\/product\/super-lubrifiant-liquide-pour-cle-a-molette-311g\/","og_locale":"fr_CA","og_type":"article","og_title":"Liquid Wrench Super Lubricant - 311g - Ks Products","og_description":"Superior multi-purpose lubricant that loosens rusted nuts and bolts, releases frozen and corroded parts, frees seized joints and mechanisms. Contains a rust inhibitor to protect metal parts from corrosion and displaces moisture. Enhanced with state-of-the-art Cerflon for superior durability and long-lasting lubrication.","og_url":"https:\/\/ksproducts.ca\/fr\/product\/super-lubrifiant-liquide-pour-cle-a-molette-311g\/","og_site_name":"Ks Products","og_image":[{"width":440,"height":440,"url":"https:\/\/ksproducts.ca\/wp-content\/uploads\/2026\/03\/Liquid-Wrench-Super-Lubricant-311g.png","type":"image\/png"}],"twitter_card":"summary_large_image","twitter_misc":{"Estimation du temps de lecture":"1 minute"},"schema":{"@context":"https:\/\/schema.org","@graph":[{"@type":"WebPage","@id":"https:\/\/ksproducts.ca\/product\/liquid-wrench-super-lubricant-311g\/","url":"https:\/\/ksproducts.ca\/product\/liquid-wrench-super-lubricant-311g\/","name":"Liquid Wrench Super Lubricant - 311g - Ks Products","isPartOf":{"@id":"https:\/\/ksproducts.ca\/#website"},"primaryImageOfPage":{"@id":"https:\/\/ksproducts.ca\/product\/liquid-wrench-super-lubricant-311g\/#primaryimage"},"image":{"@id":"https:\/\/ksproducts.ca\/product\/liquid-wrench-super-lubricant-311g\/#primaryimage"},"thumbnailUrl":"https:\/\/ksproducts.ca\/wp-content\/uploads\/2026\/03\/Liquid-Wrench-Super-Lubricant-311g.png","datePublished":"2026-03-10T18:50:03+00:00","breadcrumb":{"@id":"https:\/\/ksproducts.ca\/product\/liquid-wrench-super-lubricant-311g\/#breadcrumb"},"inLanguage":"fr-CA","potentialAction":[{"@type":"ReadAction","target":["https:\/\/ksproducts.ca\/product\/liquid-wrench-super-lubricant-311g\/"]}]},{"@type":"ImageObject","inLanguage":"fr-CA","@id":"https:\/\/ksproducts.ca\/product\/liquid-wrench-super-lubricant-311g\/#primaryimage","url":"https:\/\/ksproducts.ca\/wp-content\/uploads\/2026\/03\/Liquid-Wrench-Super-Lubricant-311g.png","contentUrl":"https:\/\/ksproducts.ca\/wp-content\/uploads\/2026\/03\/Liquid-Wrench-Super-Lubricant-311g.png","width":440,"height":440,"caption":"Liquid Wrench Super Lubricant 311g"},{"@type":"BreadcrumbList","@id":"https:\/\/ksproducts.ca\/product\/liquid-wrench-super-lubricant-311g\/#breadcrumb","itemListElement":[{"@type":"ListItem","position":1,"name":"Home","item":"https:\/\/ksproducts.ca\/"},{"@type":"ListItem","position":2,"name":"Shop","item":"https:\/\/ksproducts.ca\/shop\/"},{"@type":"ListItem","position":3,"name":"Liquid Wrench Super Lubricant &#8211; 311g"}]},{"@type":"WebSite","@id":"https:\/\/ksproducts.ca\/#website","url":"https:\/\/ksproducts.ca\/","name":"Produits Ks","description":"Cuisiner et vivre en plein air, c'est facile au Canada","publisher":{"@id":"https:\/\/ksproducts.ca\/#organization"},"potentialAction":[{"@type":"SearchAction","target":{"@type":"EntryPoint","urlTemplate":"https:\/\/ksproducts.ca\/?s={search_term_string}"},"query-input":{"@type":"PropertyValueSpecification","valueRequired":true,"valueName":"search_term_string"}}],"inLanguage":"fr-CA"},{"@type":"Organization","@id":"https:\/\/ksproducts.ca\/#organization","name":"Produits Ks","url":"https:\/\/ksproducts.ca\/","logo":{"@type":"ImageObject","inLanguage":"fr-CA","@id":"https:\/\/ksproducts.ca\/#\/schema\/logo\/image\/","url":"https:\/\/ksproducts.ca\/wp-content\/uploads\/2023\/09\/Kennedy-Sales-Logo-header-1.png","contentUrl":"https:\/\/ksproducts.ca\/wp-content\/uploads\/2023\/09\/Kennedy-Sales-Logo-header-1.png","width":150,"height":77,"caption":"Ks Products"},"image":{"@id":"https:\/\/ksproducts.ca\/#\/schema\/logo\/image\/"}}]}},"_links":{"self":[{"href":"https:\/\/ksproducts.ca\/fr\/wp-json\/wp\/v2\/product\/12234","targetHints":{"allow":["GET"]}}],"collection":[{"href":"https:\/\/ksproducts.ca\/fr\/wp-json\/wp\/v2\/product"}],"about":[{"href":"https:\/\/ksproducts.ca\/fr\/wp-json\/wp\/v2\/types\/product"}],"replies":[{"embeddable":true,"href":"https:\/\/ksproducts.ca\/fr\/wp-json\/wp\/v2\/comments?post=12234"}],"version-history":[{"count":1,"href":"https:\/\/ksproducts.ca\/fr\/wp-json\/wp\/v2\/product\/12234\/revisions"}],"predecessor-version":[{"id":12236,"href":"https:\/\/ksproducts.ca\/fr\/wp-json\/wp\/v2\/product\/12234\/revisions\/12236"}],"wp:featuredmedia":[{"embeddable":true,"href":"https:\/\/ksproducts.ca\/fr\/wp-json\/wp\/v2\/media\/12235"}],"wp:attachment":[{"href":"https:\/\/ksproducts.ca\/fr\/wp-json\/wp\/v2\/media?parent=12234"}],"wp:term":[{"taxonomy":"product_cat","embeddable":true,"href":"https:\/\/ksproducts.ca\/fr\/wp-json\/wp\/v2\/product_cat?post=12234"},{"taxonomy":"product_tag","embeddable":true,"href":"https:\/\/ksproducts.ca\/fr\/wp-json\/wp\/v2\/product_tag?post=12234"}],"curies":[{"name":"wp","href":"https:\/\/api.w.org\/{rel}","templated":true}]}}