{"id":12237,"date":"2026-03-10T18:55:04","date_gmt":"2026-03-10T18:55:04","guid":{"rendered":"https:\/\/ksproducts.ca\/?post_type=product&#038;p=12237"},"modified":"2026-03-10T18:55:04","modified_gmt":"2026-03-10T18:55:04","slug":"liquid-wrench-chain-cable-lube-311g","status":"publish","type":"product","link":"https:\/\/ksproducts.ca\/fr\/product\/liquid-wrench-chain-cable-lube-311g\/","title":{"rendered":"Liquid Wrench Lubrifiant pour cha\u00eenes et c\u00e2bles - 311g"},"content":{"rendered":"<ul>\n<li>Reste en place sur les pi\u00e8ces mobiles et r\u00e9duit la friction<\/li>\n<li>Contient des additifs anti-usure<\/li>\n<li>Silence, dur\u00e9e de vie prolong\u00e9e, pr\u00e9vention de l'oxydation et r\u00e9duction des frottements<\/li>\n<li>Utilisation sur toute cha\u00eene ou c\u00e2ble, joints toriques, cha\u00eenes standard, motos, v\u00e9los, c\u00e2bles d'acc\u00e9l\u00e9rateur, mat\u00e9riel agricole, VTT et cha\u00eenes de porte de garage.<\/li>\n<\/ul>","protected":false},"excerpt":{"rendered":"<p>Liquid Wrench Chain &amp; Cable Lube est un lubrifiant sup\u00e9rieur pour usage intensif contenant du Moly pour des performances sup\u00e9rieures \u00e0 des temp\u00e9ratures et des pressions plus \u00e9lev\u00e9es, qui att\u00e9nue les bruits et r\u00e9duit l'usure.<\/p>","protected":false},"featured_media":12238,"comment_status":"open","ping_status":"closed","template":"","meta":[],"product_cat":[430],"product_tag":[],"class_list":{"0":"post-12237","1":"product","2":"type-product","3":"status-publish","4":"has-post-thumbnail","6":"product_cat-automotive-gear","7":"product_shipping_class-class-1","9":"first","10":"instock","11":"taxable","12":"shipping-taxable","13":"purchasable","14":"product-type-simple"},"yoast_head":"<!-- This site is optimized with the Yoast SEO plugin v27.4 - https:\/\/yoast.com\/product\/yoast-seo-wordpress\/ -->\n<title>Liquid Wrench Chain &amp; Cable Lube - 311g - Ks Products<\/title>\n<meta name=\"robots\" content=\"index, follow, max-snippet:-1, max-image-preview:large, max-video-preview:-1\" \/>\n<link rel=\"canonical\" href=\"https:\/\/ksproducts.ca\/fr\/product\/liquid-wrench-chain-cable-lube-311g\/\" \/>\n<meta property=\"og:locale\" content=\"fr_CA\" \/>\n<meta property=\"og:type\" content=\"article\" \/>\n<meta property=\"og:title\" content=\"Liquid Wrench Chain &amp; Cable Lube - 311g - Ks Products\" \/>\n<meta property=\"og:description\" content=\"Liquid Wrench Chain &amp; Cable Lube is a superior heavy duty lubricant with Moly for premium performance for higher temperatures and pressures that quiets noise and reduces wear.\" \/>\n<meta property=\"og:url\" content=\"https:\/\/ksproducts.ca\/fr\/product\/liquid-wrench-chain-cable-lube-311g\/\" \/>\n<meta property=\"og:site_name\" content=\"Ks Products\" \/>\n<meta property=\"og:image\" content=\"https:\/\/ksproducts.ca\/wp-content\/uploads\/2026\/03\/Liquid-Wrench-Chain-Cable-Lube-311g.webp\" \/>\n\t<meta property=\"og:image:width\" content=\"560\" \/>\n\t<meta property=\"og:image:height\" content=\"560\" \/>\n\t<meta property=\"og:image:type\" content=\"image\/webp\" \/>\n<meta name=\"twitter:card\" content=\"summary_large_image\" \/>\n<meta name=\"twitter:label1\" content=\"Estimation du temps de lecture\" \/>\n\t<meta name=\"twitter:data1\" content=\"1 minute\" \/>\n<script type=\"application\/ld+json\" class=\"yoast-schema-graph\">{\"@context\":\"https:\\\/\\\/schema.org\",\"@graph\":[{\"@type\":\"WebPage\",\"@id\":\"https:\\\/\\\/ksproducts.ca\\\/product\\\/liquid-wrench-chain-cable-lube-311g\\\/\",\"url\":\"https:\\\/\\\/ksproducts.ca\\\/product\\\/liquid-wrench-chain-cable-lube-311g\\\/\",\"name\":\"Liquid Wrench Chain & Cable Lube - 311g - Ks Products\",\"isPartOf\":{\"@id\":\"https:\\\/\\\/ksproducts.ca\\\/#website\"},\"primaryImageOfPage\":{\"@id\":\"https:\\\/\\\/ksproducts.ca\\\/product\\\/liquid-wrench-chain-cable-lube-311g\\\/#primaryimage\"},\"image\":{\"@id\":\"https:\\\/\\\/ksproducts.ca\\\/product\\\/liquid-wrench-chain-cable-lube-311g\\\/#primaryimage\"},\"thumbnailUrl\":\"https:\\\/\\\/ksproducts.ca\\\/wp-content\\\/uploads\\\/2026\\\/03\\\/Liquid-Wrench-Chain-Cable-Lube-311g.webp\",\"datePublished\":\"2026-03-10T18:55:04+00:00\",\"breadcrumb\":{\"@id\":\"https:\\\/\\\/ksproducts.ca\\\/product\\\/liquid-wrench-chain-cable-lube-311g\\\/#breadcrumb\"},\"inLanguage\":\"fr-CA\",\"potentialAction\":[{\"@type\":\"ReadAction\",\"target\":[\"https:\\\/\\\/ksproducts.ca\\\/product\\\/liquid-wrench-chain-cable-lube-311g\\\/\"]}]},{\"@type\":\"ImageObject\",\"inLanguage\":\"fr-CA\",\"@id\":\"https:\\\/\\\/ksproducts.ca\\\/product\\\/liquid-wrench-chain-cable-lube-311g\\\/#primaryimage\",\"url\":\"https:\\\/\\\/ksproducts.ca\\\/wp-content\\\/uploads\\\/2026\\\/03\\\/Liquid-Wrench-Chain-Cable-Lube-311g.webp\",\"contentUrl\":\"https:\\\/\\\/ksproducts.ca\\\/wp-content\\\/uploads\\\/2026\\\/03\\\/Liquid-Wrench-Chain-Cable-Lube-311g.webp\",\"width\":560,\"height\":560,\"caption\":\"Liquid Wrench Chain & Cable Lube 311g\"},{\"@type\":\"BreadcrumbList\",\"@id\":\"https:\\\/\\\/ksproducts.ca\\\/product\\\/liquid-wrench-chain-cable-lube-311g\\\/#breadcrumb\",\"itemListElement\":[{\"@type\":\"ListItem\",\"position\":1,\"name\":\"Home\",\"item\":\"https:\\\/\\\/ksproducts.ca\\\/\"},{\"@type\":\"ListItem\",\"position\":2,\"name\":\"Shop\",\"item\":\"https:\\\/\\\/ksproducts.ca\\\/shop\\\/\"},{\"@type\":\"ListItem\",\"position\":3,\"name\":\"Liquid Wrench Chain &#038; Cable Lube &#8211; 311g\"}]},{\"@type\":\"WebSite\",\"@id\":\"https:\\\/\\\/ksproducts.ca\\\/#website\",\"url\":\"https:\\\/\\\/ksproducts.ca\\\/\",\"name\":\"Ks Products\",\"description\":\"Outdoor cooking and living, made easy in Canada\",\"publisher\":{\"@id\":\"https:\\\/\\\/ksproducts.ca\\\/#organization\"},\"potentialAction\":[{\"@type\":\"SearchAction\",\"target\":{\"@type\":\"EntryPoint\",\"urlTemplate\":\"https:\\\/\\\/ksproducts.ca\\\/?s={search_term_string}\"},\"query-input\":{\"@type\":\"PropertyValueSpecification\",\"valueRequired\":true,\"valueName\":\"search_term_string\"}}],\"inLanguage\":\"fr-CA\"},{\"@type\":\"Organization\",\"@id\":\"https:\\\/\\\/ksproducts.ca\\\/#organization\",\"name\":\"Ks Products\",\"url\":\"https:\\\/\\\/ksproducts.ca\\\/\",\"logo\":{\"@type\":\"ImageObject\",\"inLanguage\":\"fr-CA\",\"@id\":\"https:\\\/\\\/ksproducts.ca\\\/#\\\/schema\\\/logo\\\/image\\\/\",\"url\":\"https:\\\/\\\/ksproducts.ca\\\/wp-content\\\/uploads\\\/2023\\\/09\\\/Kennedy-Sales-Logo-header-1.png\",\"contentUrl\":\"https:\\\/\\\/ksproducts.ca\\\/wp-content\\\/uploads\\\/2023\\\/09\\\/Kennedy-Sales-Logo-header-1.png\",\"width\":150,\"height\":77,\"caption\":\"Ks Products\"},\"image\":{\"@id\":\"https:\\\/\\\/ksproducts.ca\\\/#\\\/schema\\\/logo\\\/image\\\/\"}}]}<\/script>\n<!-- \/ Yoast SEO plugin. -->","yoast_head_json":{"title":"Liquid Wrench Chain &amp; Cable Lube - 311g - Ks Products","robots":{"index":"index","follow":"follow","max-snippet":"max-snippet:-1","max-image-preview":"max-image-preview:large","max-video-preview":"max-video-preview:-1"},"canonical":"https:\/\/ksproducts.ca\/fr\/product\/liquid-wrench-chain-cable-lube-311g\/","og_locale":"fr_CA","og_type":"article","og_title":"Liquid Wrench Chain & Cable Lube - 311g - Ks Products","og_description":"Liquid Wrench Chain &amp; Cable Lube is a superior heavy duty lubricant with Moly for premium performance for higher temperatures and pressures that quiets noise and reduces wear.","og_url":"https:\/\/ksproducts.ca\/fr\/product\/liquid-wrench-chain-cable-lube-311g\/","og_site_name":"Ks Products","og_image":[{"width":560,"height":560,"url":"https:\/\/ksproducts.ca\/wp-content\/uploads\/2026\/03\/Liquid-Wrench-Chain-Cable-Lube-311g.webp","type":"image\/webp"}],"twitter_card":"summary_large_image","twitter_misc":{"Estimation du temps de lecture":"1 minute"},"schema":{"@context":"https:\/\/schema.org","@graph":[{"@type":"WebPage","@id":"https:\/\/ksproducts.ca\/product\/liquid-wrench-chain-cable-lube-311g\/","url":"https:\/\/ksproducts.ca\/product\/liquid-wrench-chain-cable-lube-311g\/","name":"Liquid Wrench Chain &amp; Cable Lube - 311g - Ks Products","isPartOf":{"@id":"https:\/\/ksproducts.ca\/#website"},"primaryImageOfPage":{"@id":"https:\/\/ksproducts.ca\/product\/liquid-wrench-chain-cable-lube-311g\/#primaryimage"},"image":{"@id":"https:\/\/ksproducts.ca\/product\/liquid-wrench-chain-cable-lube-311g\/#primaryimage"},"thumbnailUrl":"https:\/\/ksproducts.ca\/wp-content\/uploads\/2026\/03\/Liquid-Wrench-Chain-Cable-Lube-311g.webp","datePublished":"2026-03-10T18:55:04+00:00","breadcrumb":{"@id":"https:\/\/ksproducts.ca\/product\/liquid-wrench-chain-cable-lube-311g\/#breadcrumb"},"inLanguage":"fr-CA","potentialAction":[{"@type":"ReadAction","target":["https:\/\/ksproducts.ca\/product\/liquid-wrench-chain-cable-lube-311g\/"]}]},{"@type":"ImageObject","inLanguage":"fr-CA","@id":"https:\/\/ksproducts.ca\/product\/liquid-wrench-chain-cable-lube-311g\/#primaryimage","url":"https:\/\/ksproducts.ca\/wp-content\/uploads\/2026\/03\/Liquid-Wrench-Chain-Cable-Lube-311g.webp","contentUrl":"https:\/\/ksproducts.ca\/wp-content\/uploads\/2026\/03\/Liquid-Wrench-Chain-Cable-Lube-311g.webp","width":560,"height":560,"caption":"Liquid Wrench Chain & Cable Lube 311g"},{"@type":"BreadcrumbList","@id":"https:\/\/ksproducts.ca\/product\/liquid-wrench-chain-cable-lube-311g\/#breadcrumb","itemListElement":[{"@type":"ListItem","position":1,"name":"Home","item":"https:\/\/ksproducts.ca\/"},{"@type":"ListItem","position":2,"name":"Shop","item":"https:\/\/ksproducts.ca\/shop\/"},{"@type":"ListItem","position":3,"name":"Liquid Wrench Chain &#038; Cable Lube &#8211; 311g"}]},{"@type":"WebSite","@id":"https:\/\/ksproducts.ca\/#website","url":"https:\/\/ksproducts.ca\/","name":"Produits Ks","description":"Cuisiner et vivre en plein air, c'est facile au Canada","publisher":{"@id":"https:\/\/ksproducts.ca\/#organization"},"potentialAction":[{"@type":"SearchAction","target":{"@type":"EntryPoint","urlTemplate":"https:\/\/ksproducts.ca\/?s={search_term_string}"},"query-input":{"@type":"PropertyValueSpecification","valueRequired":true,"valueName":"search_term_string"}}],"inLanguage":"fr-CA"},{"@type":"Organization","@id":"https:\/\/ksproducts.ca\/#organization","name":"Produits Ks","url":"https:\/\/ksproducts.ca\/","logo":{"@type":"ImageObject","inLanguage":"fr-CA","@id":"https:\/\/ksproducts.ca\/#\/schema\/logo\/image\/","url":"https:\/\/ksproducts.ca\/wp-content\/uploads\/2023\/09\/Kennedy-Sales-Logo-header-1.png","contentUrl":"https:\/\/ksproducts.ca\/wp-content\/uploads\/2023\/09\/Kennedy-Sales-Logo-header-1.png","width":150,"height":77,"caption":"Ks Products"},"image":{"@id":"https:\/\/ksproducts.ca\/#\/schema\/logo\/image\/"}}]}},"_links":{"self":[{"href":"https:\/\/ksproducts.ca\/fr\/wp-json\/wp\/v2\/product\/12237","targetHints":{"allow":["GET"]}}],"collection":[{"href":"https:\/\/ksproducts.ca\/fr\/wp-json\/wp\/v2\/product"}],"about":[{"href":"https:\/\/ksproducts.ca\/fr\/wp-json\/wp\/v2\/types\/product"}],"replies":[{"embeddable":true,"href":"https:\/\/ksproducts.ca\/fr\/wp-json\/wp\/v2\/comments?post=12237"}],"version-history":[{"count":1,"href":"https:\/\/ksproducts.ca\/fr\/wp-json\/wp\/v2\/product\/12237\/revisions"}],"predecessor-version":[{"id":12239,"href":"https:\/\/ksproducts.ca\/fr\/wp-json\/wp\/v2\/product\/12237\/revisions\/12239"}],"wp:featuredmedia":[{"embeddable":true,"href":"https:\/\/ksproducts.ca\/fr\/wp-json\/wp\/v2\/media\/12238"}],"wp:attachment":[{"href":"https:\/\/ksproducts.ca\/fr\/wp-json\/wp\/v2\/media?parent=12237"}],"wp:term":[{"taxonomy":"product_cat","embeddable":true,"href":"https:\/\/ksproducts.ca\/fr\/wp-json\/wp\/v2\/product_cat?post=12237"},{"taxonomy":"product_tag","embeddable":true,"href":"https:\/\/ksproducts.ca\/fr\/wp-json\/wp\/v2\/product_tag?post=12237"}],"curies":[{"name":"wp","href":"https:\/\/api.w.org\/{rel}","templated":true}]}}