{"id":12240,"date":"2026-03-10T18:58:45","date_gmt":"2026-03-10T18:58:45","guid":{"rendered":"https:\/\/ksproducts.ca\/?post_type=product&#038;p=12240"},"modified":"2026-03-10T18:58:45","modified_gmt":"2026-03-10T18:58:45","slug":"luxor-3-shelf-plastic-utility-cart-with-flat-shelves-3-outlets-and-15-cord-capacity-300lb-weight-capacity-black","status":"publish","type":"product","link":"https:\/\/ksproducts.ca\/fr\/product\/luxor-3-shelf-plastic-utility-cart-with-flat-shelves-3-outlets-and-15-cord-300lb-weight-capacity-black\/","title":{"rendered":"Luxor 3-Shelf Plastic Utility Cart with Flat Shelves, 3-outlets and 15\u2032 cord - 300lb Weight Capacity - Black"},"content":{"rendered":"<section class=\"page-product__section page-product__section--top page-product__section--bordered\" data-track-section-name=\"description\">\n<div class=\"row\">\n<div class=\"col-xs-12\">\n<div class=\"page-product__description\">\n<ul>\n<li>Chariot utilitaire polyvalent<\/li>\n<li>Tablettes et pieds en r\u00e9sine thermoplastique moul\u00e9e par injection.<\/li>\n<li>L\u00e8vres de retenue de 0,25 pouce bordant les tablettes plates<\/li>\n<li>Poign\u00e9e de pouss\u00e9e ergonomique moul\u00e9e dans la tablette sup\u00e9rieure.<\/li>\n<li>Quatre roulettes de 4 pouces<\/li>\n<li>Capacit\u00e9 de poids maximale : 400 livres (r\u00e9parties uniform\u00e9ment)<\/li>\n<\/ul>\n<\/div>\n<div class=\"page-product__section__icons\"><\/div>\n<\/div>\n<\/div>\n<\/section>","protected":false},"excerpt":{"rendered":"<p>Ce chariot utilitaire polyvalent est exactement ce dont vous avez besoin pour servir ou stocker. Il peut supporter des charges lourdes et difficiles jusqu'\u00e0 300 livres, car ses \u00e9tag\u00e8res et ses pieds sont fabriqu\u00e9s en r\u00e9sine thermoplastique moul\u00e9e solide qui ne s'\u00e9gratigne pas, ne se tache pas, ne se cabosse pas et ne rouille pas. Il y a m\u00eame un rebord de retenue sur chaque \u00e9tag\u00e8re pour emp\u00eacher les articles de glisser. Gr\u00e2ce aux roulettes de 4 pouces et \u00e0 la poign\u00e9e de pouss\u00e9e moul\u00e9e dans l'\u00e9tag\u00e8re sup\u00e9rieure, vous contr\u00f4lez le chariot en toute s\u00e9curit\u00e9 lorsque vous le d\u00e9placez.<\/p>","protected":false},"featured_media":12241,"comment_status":"open","ping_status":"closed","template":"","meta":[],"product_cat":[433],"product_tag":[],"class_list":{"0":"post-12240","1":"product","2":"type-product","3":"status-publish","4":"has-post-thumbnail","6":"product_cat-utility-carts","7":"product_shipping_class-class-3","9":"first","10":"instock","11":"taxable","12":"shipping-taxable","13":"purchasable","14":"product-type-simple"},"yoast_head":"<!-- This site is optimized with the Yoast SEO plugin v27.3 - https:\/\/yoast.com\/product\/yoast-seo-wordpress\/ -->\n<title>Luxor 3-Shelf Plastic Utility Cart with Flat Shelves, 3-outlets and 15&#039; cord - 300lb Weight Capacity - Black - Ks Products<\/title>\n<meta name=\"robots\" content=\"index, follow, max-snippet:-1, max-image-preview:large, max-video-preview:-1\" \/>\n<link rel=\"canonical\" href=\"https:\/\/ksproducts.ca\/fr\/product\/luxor-3-shelf-plastic-utility-cart-with-flat-shelves-3-outlets-and-15-cord-capacity-300lb-weight-capacity-black\/\" \/>\n<meta property=\"og:locale\" content=\"fr_CA\" \/>\n<meta property=\"og:type\" content=\"article\" \/>\n<meta property=\"og:title\" content=\"Luxor 3-Shelf Plastic Utility Cart with Flat Shelves, 3-outlets and 15&#039; cord - 300lb Weight Capacity - Black - Ks Products\" \/>\n<meta property=\"og:description\" content=\"This multipurpose utility cart is just what you need in a serving or storage cart. It can handle tough, heavy cargo up to 300 lbs. since its shelves and legs are made from strong, moulded thermoplastic resin that won&#039;t scratch, stain, dent or rust. There&#039;s even a retaining lip on each shelf to keep items from sliding off. With rolling 4-in casters and a push handle moulded into the top shelf, you have secure control of the cart while moving it.\" \/>\n<meta property=\"og:url\" content=\"https:\/\/ksproducts.ca\/fr\/product\/luxor-3-shelf-plastic-utility-cart-with-flat-shelves-3-outlets-and-15-cord-capacity-300lb-weight-capacity-black\/\" \/>\n<meta property=\"og:site_name\" content=\"Ks Products\" \/>\n<meta property=\"og:image\" content=\"https:\/\/ksproducts.ca\/wp-content\/uploads\/2026\/03\/Luxor-3-Shelf-Plastic-Utility-Cart-with-Flat-Shelves-3-outlets-and-15-cord-300lb-Weight-Capacity-Black.jpg\" \/>\n\t<meta property=\"og:image:width\" content=\"600\" \/>\n\t<meta property=\"og:image:height\" content=\"600\" \/>\n\t<meta property=\"og:image:type\" content=\"image\/jpeg\" \/>\n<meta name=\"twitter:card\" content=\"summary_large_image\" \/>\n<meta name=\"twitter:label1\" content=\"Estimation du temps de lecture\" \/>\n\t<meta name=\"twitter:data1\" content=\"1 minute\" \/>\n<script type=\"application\/ld+json\" class=\"yoast-schema-graph\">{\"@context\":\"https:\\\/\\\/schema.org\",\"@graph\":[{\"@type\":\"WebPage\",\"@id\":\"https:\\\/\\\/ksproducts.ca\\\/product\\\/luxor-3-shelf-plastic-utility-cart-with-flat-shelves-3-outlets-and-15-cord-300lb-weight-capacity-black\\\/\",\"url\":\"https:\\\/\\\/ksproducts.ca\\\/product\\\/luxor-3-shelf-plastic-utility-cart-with-flat-shelves-3-outlets-and-15-cord-300lb-weight-capacity-black\\\/\",\"name\":\"Luxor 3-Shelf Plastic Utility Cart with Flat Shelves, 3-outlets and 15' cord - 300lb Weight Capacity - Black - Ks Products\",\"isPartOf\":{\"@id\":\"https:\\\/\\\/ksproducts.ca\\\/#website\"},\"primaryImageOfPage\":{\"@id\":\"https:\\\/\\\/ksproducts.ca\\\/product\\\/luxor-3-shelf-plastic-utility-cart-with-flat-shelves-3-outlets-and-15-cord-300lb-weight-capacity-black\\\/#primaryimage\"},\"image\":{\"@id\":\"https:\\\/\\\/ksproducts.ca\\\/product\\\/luxor-3-shelf-plastic-utility-cart-with-flat-shelves-3-outlets-and-15-cord-300lb-weight-capacity-black\\\/#primaryimage\"},\"thumbnailUrl\":\"https:\\\/\\\/ksproducts.ca\\\/wp-content\\\/uploads\\\/2026\\\/03\\\/Luxor-3-Shelf-Plastic-Utility-Cart-with-Flat-Shelves-3-outlets-and-15-cord-300lb-Weight-Capacity-Black.jpg\",\"datePublished\":\"2026-03-10T18:58:45+00:00\",\"breadcrumb\":{\"@id\":\"https:\\\/\\\/ksproducts.ca\\\/product\\\/luxor-3-shelf-plastic-utility-cart-with-flat-shelves-3-outlets-and-15-cord-300lb-weight-capacity-black\\\/#breadcrumb\"},\"inLanguage\":\"fr-CA\",\"potentialAction\":[{\"@type\":\"ReadAction\",\"target\":[\"https:\\\/\\\/ksproducts.ca\\\/product\\\/luxor-3-shelf-plastic-utility-cart-with-flat-shelves-3-outlets-and-15-cord-300lb-weight-capacity-black\\\/\"]}]},{\"@type\":\"ImageObject\",\"inLanguage\":\"fr-CA\",\"@id\":\"https:\\\/\\\/ksproducts.ca\\\/product\\\/luxor-3-shelf-plastic-utility-cart-with-flat-shelves-3-outlets-and-15-cord-300lb-weight-capacity-black\\\/#primaryimage\",\"url\":\"https:\\\/\\\/ksproducts.ca\\\/wp-content\\\/uploads\\\/2026\\\/03\\\/Luxor-3-Shelf-Plastic-Utility-Cart-with-Flat-Shelves-3-outlets-and-15-cord-300lb-Weight-Capacity-Black.jpg\",\"contentUrl\":\"https:\\\/\\\/ksproducts.ca\\\/wp-content\\\/uploads\\\/2026\\\/03\\\/Luxor-3-Shelf-Plastic-Utility-Cart-with-Flat-Shelves-3-outlets-and-15-cord-300lb-Weight-Capacity-Black.jpg\",\"width\":600,\"height\":600,\"caption\":\"Luxor 3 Shelf Plastic Utility Cart with Flat Shelves, 3 outlets and 15' cord 300lb Weight Capacity Black\"},{\"@type\":\"BreadcrumbList\",\"@id\":\"https:\\\/\\\/ksproducts.ca\\\/product\\\/luxor-3-shelf-plastic-utility-cart-with-flat-shelves-3-outlets-and-15-cord-300lb-weight-capacity-black\\\/#breadcrumb\",\"itemListElement\":[{\"@type\":\"ListItem\",\"position\":1,\"name\":\"Home\",\"item\":\"https:\\\/\\\/ksproducts.ca\\\/\"},{\"@type\":\"ListItem\",\"position\":2,\"name\":\"Shop\",\"item\":\"https:\\\/\\\/ksproducts.ca\\\/shop\\\/\"},{\"@type\":\"ListItem\",\"position\":3,\"name\":\"Luxor 3-Shelf Plastic Utility Cart with Flat Shelves, 3-outlets and 15&#8242; cord &#8211; 300lb Weight Capacity &#8211; Black\"}]},{\"@type\":\"WebSite\",\"@id\":\"https:\\\/\\\/ksproducts.ca\\\/#website\",\"url\":\"https:\\\/\\\/ksproducts.ca\\\/\",\"name\":\"Ks Products\",\"description\":\"Outdoor cooking and living, made easy in Canada\",\"publisher\":{\"@id\":\"https:\\\/\\\/ksproducts.ca\\\/#organization\"},\"potentialAction\":[{\"@type\":\"SearchAction\",\"target\":{\"@type\":\"EntryPoint\",\"urlTemplate\":\"https:\\\/\\\/ksproducts.ca\\\/?s={search_term_string}\"},\"query-input\":{\"@type\":\"PropertyValueSpecification\",\"valueRequired\":true,\"valueName\":\"search_term_string\"}}],\"inLanguage\":\"fr-CA\"},{\"@type\":\"Organization\",\"@id\":\"https:\\\/\\\/ksproducts.ca\\\/#organization\",\"name\":\"Ks Products\",\"url\":\"https:\\\/\\\/ksproducts.ca\\\/\",\"logo\":{\"@type\":\"ImageObject\",\"inLanguage\":\"fr-CA\",\"@id\":\"https:\\\/\\\/ksproducts.ca\\\/#\\\/schema\\\/logo\\\/image\\\/\",\"url\":\"https:\\\/\\\/ksproducts.ca\\\/wp-content\\\/uploads\\\/2023\\\/09\\\/Kennedy-Sales-Logo-header-1.png\",\"contentUrl\":\"https:\\\/\\\/ksproducts.ca\\\/wp-content\\\/uploads\\\/2023\\\/09\\\/Kennedy-Sales-Logo-header-1.png\",\"width\":150,\"height\":77,\"caption\":\"Ks Products\"},\"image\":{\"@id\":\"https:\\\/\\\/ksproducts.ca\\\/#\\\/schema\\\/logo\\\/image\\\/\"}}]}<\/script>\n<!-- \/ Yoast SEO plugin. -->","yoast_head_json":{"title":"Luxor 3-Shelf Plastic Utility Cart with Flat Shelves, 3-outlets and 15' cord - 300lb Weight Capacity - Black - Ks Products","robots":{"index":"index","follow":"follow","max-snippet":"max-snippet:-1","max-image-preview":"max-image-preview:large","max-video-preview":"max-video-preview:-1"},"canonical":"https:\/\/ksproducts.ca\/fr\/product\/luxor-3-shelf-plastic-utility-cart-with-flat-shelves-3-outlets-and-15-cord-capacity-300lb-weight-capacity-black\/","og_locale":"fr_CA","og_type":"article","og_title":"Luxor 3-Shelf Plastic Utility Cart with Flat Shelves, 3-outlets and 15' cord - 300lb Weight Capacity - Black - Ks Products","og_description":"This multipurpose utility cart is just what you need in a serving or storage cart. It can handle tough, heavy cargo up to 300 lbs. since its shelves and legs are made from strong, moulded thermoplastic resin that won't scratch, stain, dent or rust. There's even a retaining lip on each shelf to keep items from sliding off. With rolling 4-in casters and a push handle moulded into the top shelf, you have secure control of the cart while moving it.","og_url":"https:\/\/ksproducts.ca\/fr\/product\/luxor-3-shelf-plastic-utility-cart-with-flat-shelves-3-outlets-and-15-cord-capacity-300lb-weight-capacity-black\/","og_site_name":"Ks Products","og_image":[{"width":600,"height":600,"url":"https:\/\/ksproducts.ca\/wp-content\/uploads\/2026\/03\/Luxor-3-Shelf-Plastic-Utility-Cart-with-Flat-Shelves-3-outlets-and-15-cord-300lb-Weight-Capacity-Black.jpg","type":"image\/jpeg"}],"twitter_card":"summary_large_image","twitter_misc":{"Estimation du temps de lecture":"1 minute"},"schema":{"@context":"https:\/\/schema.org","@graph":[{"@type":"WebPage","@id":"https:\/\/ksproducts.ca\/product\/luxor-3-shelf-plastic-utility-cart-with-flat-shelves-3-outlets-and-15-cord-300lb-weight-capacity-black\/","url":"https:\/\/ksproducts.ca\/product\/luxor-3-shelf-plastic-utility-cart-with-flat-shelves-3-outlets-and-15-cord-300lb-weight-capacity-black\/","name":"Luxor 3-Shelf Plastic Utility Cart with Flat Shelves, 3-outlets and 15' cord - 300lb Weight Capacity - Black - Ks Products","isPartOf":{"@id":"https:\/\/ksproducts.ca\/#website"},"primaryImageOfPage":{"@id":"https:\/\/ksproducts.ca\/product\/luxor-3-shelf-plastic-utility-cart-with-flat-shelves-3-outlets-and-15-cord-300lb-weight-capacity-black\/#primaryimage"},"image":{"@id":"https:\/\/ksproducts.ca\/product\/luxor-3-shelf-plastic-utility-cart-with-flat-shelves-3-outlets-and-15-cord-300lb-weight-capacity-black\/#primaryimage"},"thumbnailUrl":"https:\/\/ksproducts.ca\/wp-content\/uploads\/2026\/03\/Luxor-3-Shelf-Plastic-Utility-Cart-with-Flat-Shelves-3-outlets-and-15-cord-300lb-Weight-Capacity-Black.jpg","datePublished":"2026-03-10T18:58:45+00:00","breadcrumb":{"@id":"https:\/\/ksproducts.ca\/product\/luxor-3-shelf-plastic-utility-cart-with-flat-shelves-3-outlets-and-15-cord-300lb-weight-capacity-black\/#breadcrumb"},"inLanguage":"fr-CA","potentialAction":[{"@type":"ReadAction","target":["https:\/\/ksproducts.ca\/product\/luxor-3-shelf-plastic-utility-cart-with-flat-shelves-3-outlets-and-15-cord-300lb-weight-capacity-black\/"]}]},{"@type":"ImageObject","inLanguage":"fr-CA","@id":"https:\/\/ksproducts.ca\/product\/luxor-3-shelf-plastic-utility-cart-with-flat-shelves-3-outlets-and-15-cord-300lb-weight-capacity-black\/#primaryimage","url":"https:\/\/ksproducts.ca\/wp-content\/uploads\/2026\/03\/Luxor-3-Shelf-Plastic-Utility-Cart-with-Flat-Shelves-3-outlets-and-15-cord-300lb-Weight-Capacity-Black.jpg","contentUrl":"https:\/\/ksproducts.ca\/wp-content\/uploads\/2026\/03\/Luxor-3-Shelf-Plastic-Utility-Cart-with-Flat-Shelves-3-outlets-and-15-cord-300lb-Weight-Capacity-Black.jpg","width":600,"height":600,"caption":"Luxor 3 Shelf Plastic Utility Cart with Flat Shelves, 3 outlets and 15' cord 300lb Weight Capacity Black"},{"@type":"BreadcrumbList","@id":"https:\/\/ksproducts.ca\/product\/luxor-3-shelf-plastic-utility-cart-with-flat-shelves-3-outlets-and-15-cord-300lb-weight-capacity-black\/#breadcrumb","itemListElement":[{"@type":"ListItem","position":1,"name":"Home","item":"https:\/\/ksproducts.ca\/"},{"@type":"ListItem","position":2,"name":"Shop","item":"https:\/\/ksproducts.ca\/shop\/"},{"@type":"ListItem","position":3,"name":"Luxor 3-Shelf Plastic Utility Cart with Flat Shelves, 3-outlets and 15&#8242; cord &#8211; 300lb Weight Capacity &#8211; Black"}]},{"@type":"WebSite","@id":"https:\/\/ksproducts.ca\/#website","url":"https:\/\/ksproducts.ca\/","name":"Produits Ks","description":"Cuisiner et vivre en plein air, c'est facile au Canada","publisher":{"@id":"https:\/\/ksproducts.ca\/#organization"},"potentialAction":[{"@type":"SearchAction","target":{"@type":"EntryPoint","urlTemplate":"https:\/\/ksproducts.ca\/?s={search_term_string}"},"query-input":{"@type":"PropertyValueSpecification","valueRequired":true,"valueName":"search_term_string"}}],"inLanguage":"fr-CA"},{"@type":"Organization","@id":"https:\/\/ksproducts.ca\/#organization","name":"Produits Ks","url":"https:\/\/ksproducts.ca\/","logo":{"@type":"ImageObject","inLanguage":"fr-CA","@id":"https:\/\/ksproducts.ca\/#\/schema\/logo\/image\/","url":"https:\/\/ksproducts.ca\/wp-content\/uploads\/2023\/09\/Kennedy-Sales-Logo-header-1.png","contentUrl":"https:\/\/ksproducts.ca\/wp-content\/uploads\/2023\/09\/Kennedy-Sales-Logo-header-1.png","width":150,"height":77,"caption":"Ks Products"},"image":{"@id":"https:\/\/ksproducts.ca\/#\/schema\/logo\/image\/"}}]}},"_links":{"self":[{"href":"https:\/\/ksproducts.ca\/fr\/wp-json\/wp\/v2\/product\/12240","targetHints":{"allow":["GET"]}}],"collection":[{"href":"https:\/\/ksproducts.ca\/fr\/wp-json\/wp\/v2\/product"}],"about":[{"href":"https:\/\/ksproducts.ca\/fr\/wp-json\/wp\/v2\/types\/product"}],"replies":[{"embeddable":true,"href":"https:\/\/ksproducts.ca\/fr\/wp-json\/wp\/v2\/comments?post=12240"}],"version-history":[{"count":1,"href":"https:\/\/ksproducts.ca\/fr\/wp-json\/wp\/v2\/product\/12240\/revisions"}],"predecessor-version":[{"id":12242,"href":"https:\/\/ksproducts.ca\/fr\/wp-json\/wp\/v2\/product\/12240\/revisions\/12242"}],"wp:featuredmedia":[{"embeddable":true,"href":"https:\/\/ksproducts.ca\/fr\/wp-json\/wp\/v2\/media\/12241"}],"wp:attachment":[{"href":"https:\/\/ksproducts.ca\/fr\/wp-json\/wp\/v2\/media?parent=12240"}],"wp:term":[{"taxonomy":"product_cat","embeddable":true,"href":"https:\/\/ksproducts.ca\/fr\/wp-json\/wp\/v2\/product_cat?post=12240"},{"taxonomy":"product_tag","embeddable":true,"href":"https:\/\/ksproducts.ca\/fr\/wp-json\/wp\/v2\/product_tag?post=12240"}],"curies":[{"name":"wp","href":"https:\/\/api.w.org\/{rel}","templated":true}]}}