{"id":12243,"date":"2026-03-10T19:05:56","date_gmt":"2026-03-10T19:05:56","guid":{"rendered":"https:\/\/ksproducts.ca\/?post_type=product&#038;p=12243"},"modified":"2026-03-10T19:05:57","modified_gmt":"2026-03-10T19:05:57","slug":"luxor-3-shelf-plastic-utility-cart-with-flat-shelves-3-outlets-and-15-cord-capacity-400lb-weight-capacity-black","status":"publish","type":"product","link":"https:\/\/ksproducts.ca\/fr\/product\/luxor-3-shelf-plastic-utility-cart-with-flat-shelves-3-outlets-and-15-cord-400lb-weight-capacity-black\/","title":{"rendered":"Luxor 3-Shelf Plastic Utility Cart with Flat Shelves, 3-outlets and 15\u2032 cord - 400lb Weight Capacity - Black"},"content":{"rendered":"<ul>\n<li data-start=\"690\" data-end=\"749\">Chariot AV \u00e0 trois \u00e9tag\u00e8res pour le rangement de l'\u00e9quipement audio\/vid\u00e9o<\/li>\n<li data-start=\"752\" data-end=\"831\">\u00c9tag\u00e8res en plastique moul\u00e9 durable (r\u00e9sistant aux taches, aux rayures, aux bosses et \u00e0 la rouille)<\/li>\n<li data-start=\"834\" data-end=\"869\">Capacit\u00e9 de charge totale de 300 livres<\/li>\n<li data-start=\"872\" data-end=\"935\">Poign\u00e9e ergonomique moul\u00e9e pour un contr\u00f4le facile pendant le transport<\/li>\n<li data-start=\"938\" data-end=\"1014\">Trois prises \u00e9lectriques homologu\u00e9es UL pour un acc\u00e8s pratique \u00e0 l'alimentation \u00e9lectrique<\/li>\n<li data-start=\"1017\" data-end=\"1074\">Enrouleur de cordon int\u00e9gr\u00e9 pour une gestion organis\u00e9e des c\u00e2bles<\/li>\n<li data-start=\"1077\" data-end=\"1130\">Quatre roulettes de 4\u201d enti\u00e8rement pivotantes pour un d\u00e9placement en douceur<\/li>\n<li data-start=\"1133\" data-end=\"1184\">Deux roulettes \u00e0 frein pour une meilleure stabilit\u00e9<\/li>\n<li data-start=\"1187\" data-end=\"1245\">Id\u00e9al pour les bureaux, les \u00e9coles, les studios et les pr\u00e9sentations<\/li>\n<\/ul>","protected":false},"excerpt":{"rendered":"<p>Ce chariot AV 42\u2033 est id\u00e9al pour le stockage et le transport d'\u00e9quipements audio\/vid\u00e9o et autres. Trois \u00e9tag\u00e8res durables sont fabriqu\u00e9es \u00e0 partir d'un plastique moul\u00e9 qui ne se tache pas, ne se raye pas, ne se cabosse pas et ne rouille pas, et peuvent supporter jusqu'\u00e0 300 livres au total. L'\u00e9tag\u00e8re sup\u00e9rieure est munie d'une poign\u00e9e ergonomique moul\u00e9e pour un meilleur contr\u00f4le pendant le transport, ainsi que d'une prise \u00e9lectrique \u00e0 trois sorties r\u00e9pertori\u00e9e UL avec enrouleur de cordon int\u00e9gr\u00e9 pour un acc\u00e8s pratique \u00e0 l'alimentation. Ce chariot roulant est \u00e9galement \u00e9quip\u00e9 de quatre roulettes pivotantes de 4\u2033, dont deux avec frein de blocage, pour la mobilit\u00e9 et la stabilit\u00e9.<\/p>","protected":false},"featured_media":12244,"comment_status":"open","ping_status":"closed","template":"","meta":[],"product_cat":[433],"product_tag":[],"class_list":{"0":"post-12243","1":"product","2":"type-product","3":"status-publish","4":"has-post-thumbnail","6":"product_cat-utility-carts","7":"product_shipping_class-class-3","9":"first","10":"instock","11":"taxable","12":"shipping-taxable","13":"purchasable","14":"product-type-simple"},"yoast_head":"<!-- This site is optimized with the Yoast SEO plugin v27.4 - https:\/\/yoast.com\/product\/yoast-seo-wordpress\/ -->\n<title>Luxor 3-Shelf Plastic Utility Cart with Flat Shelves, 3-outlets and 15&#039; cord - 400lb Weight Capacity - Black - Ks Products<\/title>\n<meta name=\"robots\" content=\"index, follow, max-snippet:-1, max-image-preview:large, max-video-preview:-1\" \/>\n<link rel=\"canonical\" href=\"https:\/\/ksproducts.ca\/fr\/product\/luxor-3-shelf-plastic-utility-cart-with-flat-shelves-3-outlets-and-15-cord-capacity-400lb-weight-capacity-black\/\" \/>\n<meta property=\"og:locale\" content=\"fr_CA\" \/>\n<meta property=\"og:type\" content=\"article\" \/>\n<meta property=\"og:title\" content=\"Luxor 3-Shelf Plastic Utility Cart with Flat Shelves, 3-outlets and 15&#039; cord - 400lb Weight Capacity - Black - Ks Products\" \/>\n<meta property=\"og:description\" content=\"This 42&quot; AV Cart is ideal for storing and transporting audio\/video equipment and more. Three durable shelves are made from a molded plastic that will not stain scratch, dent or rust, and can hold up to 300 lbs. in total. The top shelf has an ergonomic handle molded into it for greater control during transit as well as a three-outlet UL-Listed electrical assembly with integrated cord wrap to provide convenient access to power. This rolling cart also features four 4&quot; full-swivel casters, two with locking brake, for mobility and stability.\" \/>\n<meta property=\"og:url\" content=\"https:\/\/ksproducts.ca\/fr\/product\/luxor-3-shelf-plastic-utility-cart-with-flat-shelves-3-outlets-and-15-cord-capacity-400lb-weight-capacity-black\/\" \/>\n<meta property=\"og:site_name\" content=\"Ks Products\" \/>\n<meta property=\"article:modified_time\" content=\"2026-03-10T19:05:57+00:00\" \/>\n<meta property=\"og:image\" content=\"https:\/\/ksproducts.ca\/wp-content\/uploads\/2026\/03\/Luxor-3-Shelf-Plastic-Utility-Cart-with-Flat-Shelves-3-outlets-and-15-cord-400lb-Weight-Capacity-Black.webp\" \/>\n\t<meta property=\"og:image:width\" content=\"800\" \/>\n\t<meta property=\"og:image:height\" content=\"800\" \/>\n\t<meta property=\"og:image:type\" content=\"image\/webp\" \/>\n<meta name=\"twitter:card\" content=\"summary_large_image\" \/>\n<meta name=\"twitter:label1\" content=\"Estimation du temps de lecture\" \/>\n\t<meta name=\"twitter:data1\" content=\"1 minute\" \/>\n<script type=\"application\/ld+json\" class=\"yoast-schema-graph\">{\"@context\":\"https:\\\/\\\/schema.org\",\"@graph\":[{\"@type\":\"WebPage\",\"@id\":\"https:\\\/\\\/ksproducts.ca\\\/product\\\/luxor-3-shelf-plastic-utility-cart-with-flat-shelves-3-outlets-and-15-cord-400lb-weight-capacity-black\\\/\",\"url\":\"https:\\\/\\\/ksproducts.ca\\\/product\\\/luxor-3-shelf-plastic-utility-cart-with-flat-shelves-3-outlets-and-15-cord-400lb-weight-capacity-black\\\/\",\"name\":\"Luxor 3-Shelf Plastic Utility Cart with Flat Shelves, 3-outlets and 15' cord - 400lb Weight Capacity - Black - Ks Products\",\"isPartOf\":{\"@id\":\"https:\\\/\\\/ksproducts.ca\\\/#website\"},\"primaryImageOfPage\":{\"@id\":\"https:\\\/\\\/ksproducts.ca\\\/product\\\/luxor-3-shelf-plastic-utility-cart-with-flat-shelves-3-outlets-and-15-cord-400lb-weight-capacity-black\\\/#primaryimage\"},\"image\":{\"@id\":\"https:\\\/\\\/ksproducts.ca\\\/product\\\/luxor-3-shelf-plastic-utility-cart-with-flat-shelves-3-outlets-and-15-cord-400lb-weight-capacity-black\\\/#primaryimage\"},\"thumbnailUrl\":\"https:\\\/\\\/ksproducts.ca\\\/wp-content\\\/uploads\\\/2026\\\/03\\\/Luxor-3-Shelf-Plastic-Utility-Cart-with-Flat-Shelves-3-outlets-and-15-cord-400lb-Weight-Capacity-Black.webp\",\"datePublished\":\"2026-03-10T19:05:56+00:00\",\"dateModified\":\"2026-03-10T19:05:57+00:00\",\"breadcrumb\":{\"@id\":\"https:\\\/\\\/ksproducts.ca\\\/product\\\/luxor-3-shelf-plastic-utility-cart-with-flat-shelves-3-outlets-and-15-cord-400lb-weight-capacity-black\\\/#breadcrumb\"},\"inLanguage\":\"fr-CA\",\"potentialAction\":[{\"@type\":\"ReadAction\",\"target\":[\"https:\\\/\\\/ksproducts.ca\\\/product\\\/luxor-3-shelf-plastic-utility-cart-with-flat-shelves-3-outlets-and-15-cord-400lb-weight-capacity-black\\\/\"]}]},{\"@type\":\"ImageObject\",\"inLanguage\":\"fr-CA\",\"@id\":\"https:\\\/\\\/ksproducts.ca\\\/product\\\/luxor-3-shelf-plastic-utility-cart-with-flat-shelves-3-outlets-and-15-cord-400lb-weight-capacity-black\\\/#primaryimage\",\"url\":\"https:\\\/\\\/ksproducts.ca\\\/wp-content\\\/uploads\\\/2026\\\/03\\\/Luxor-3-Shelf-Plastic-Utility-Cart-with-Flat-Shelves-3-outlets-and-15-cord-400lb-Weight-Capacity-Black.webp\",\"contentUrl\":\"https:\\\/\\\/ksproducts.ca\\\/wp-content\\\/uploads\\\/2026\\\/03\\\/Luxor-3-Shelf-Plastic-Utility-Cart-with-Flat-Shelves-3-outlets-and-15-cord-400lb-Weight-Capacity-Black.webp\",\"width\":800,\"height\":800,\"caption\":\"Luxor 3 Shelf Plastic Utility Cart with Flat Shelves, 3 outlets and 15' cord 400lb Weight Capacity Black\"},{\"@type\":\"BreadcrumbList\",\"@id\":\"https:\\\/\\\/ksproducts.ca\\\/product\\\/luxor-3-shelf-plastic-utility-cart-with-flat-shelves-3-outlets-and-15-cord-400lb-weight-capacity-black\\\/#breadcrumb\",\"itemListElement\":[{\"@type\":\"ListItem\",\"position\":1,\"name\":\"Home\",\"item\":\"https:\\\/\\\/ksproducts.ca\\\/\"},{\"@type\":\"ListItem\",\"position\":2,\"name\":\"Shop\",\"item\":\"https:\\\/\\\/ksproducts.ca\\\/shop\\\/\"},{\"@type\":\"ListItem\",\"position\":3,\"name\":\"Luxor 3-Shelf Plastic Utility Cart with Flat Shelves, 3-outlets and 15&#8242; cord &#8211; 400lb Weight Capacity &#8211; Black\"}]},{\"@type\":\"WebSite\",\"@id\":\"https:\\\/\\\/ksproducts.ca\\\/#website\",\"url\":\"https:\\\/\\\/ksproducts.ca\\\/\",\"name\":\"Ks Products\",\"description\":\"Outdoor cooking and living, made easy in Canada\",\"publisher\":{\"@id\":\"https:\\\/\\\/ksproducts.ca\\\/#organization\"},\"potentialAction\":[{\"@type\":\"SearchAction\",\"target\":{\"@type\":\"EntryPoint\",\"urlTemplate\":\"https:\\\/\\\/ksproducts.ca\\\/?s={search_term_string}\"},\"query-input\":{\"@type\":\"PropertyValueSpecification\",\"valueRequired\":true,\"valueName\":\"search_term_string\"}}],\"inLanguage\":\"fr-CA\"},{\"@type\":\"Organization\",\"@id\":\"https:\\\/\\\/ksproducts.ca\\\/#organization\",\"name\":\"Ks Products\",\"url\":\"https:\\\/\\\/ksproducts.ca\\\/\",\"logo\":{\"@type\":\"ImageObject\",\"inLanguage\":\"fr-CA\",\"@id\":\"https:\\\/\\\/ksproducts.ca\\\/#\\\/schema\\\/logo\\\/image\\\/\",\"url\":\"https:\\\/\\\/ksproducts.ca\\\/wp-content\\\/uploads\\\/2023\\\/09\\\/Kennedy-Sales-Logo-header-1.png\",\"contentUrl\":\"https:\\\/\\\/ksproducts.ca\\\/wp-content\\\/uploads\\\/2023\\\/09\\\/Kennedy-Sales-Logo-header-1.png\",\"width\":150,\"height\":77,\"caption\":\"Ks Products\"},\"image\":{\"@id\":\"https:\\\/\\\/ksproducts.ca\\\/#\\\/schema\\\/logo\\\/image\\\/\"}}]}<\/script>\n<!-- \/ Yoast SEO plugin. -->","yoast_head_json":{"title":"Luxor 3-Shelf Plastic Utility Cart with Flat Shelves, 3-outlets and 15' cord - 400lb Weight Capacity - Black - Ks Products","robots":{"index":"index","follow":"follow","max-snippet":"max-snippet:-1","max-image-preview":"max-image-preview:large","max-video-preview":"max-video-preview:-1"},"canonical":"https:\/\/ksproducts.ca\/fr\/product\/luxor-3-shelf-plastic-utility-cart-with-flat-shelves-3-outlets-and-15-cord-capacity-400lb-weight-capacity-black\/","og_locale":"fr_CA","og_type":"article","og_title":"Luxor 3-Shelf Plastic Utility Cart with Flat Shelves, 3-outlets and 15' cord - 400lb Weight Capacity - Black - Ks Products","og_description":"This 42\" AV Cart is ideal for storing and transporting audio\/video equipment and more. Three durable shelves are made from a molded plastic that will not stain scratch, dent or rust, and can hold up to 300 lbs. in total. The top shelf has an ergonomic handle molded into it for greater control during transit as well as a three-outlet UL-Listed electrical assembly with integrated cord wrap to provide convenient access to power. This rolling cart also features four 4\" full-swivel casters, two with locking brake, for mobility and stability.","og_url":"https:\/\/ksproducts.ca\/fr\/product\/luxor-3-shelf-plastic-utility-cart-with-flat-shelves-3-outlets-and-15-cord-capacity-400lb-weight-capacity-black\/","og_site_name":"Ks Products","article_modified_time":"2026-03-10T19:05:57+00:00","og_image":[{"width":800,"height":800,"url":"https:\/\/ksproducts.ca\/wp-content\/uploads\/2026\/03\/Luxor-3-Shelf-Plastic-Utility-Cart-with-Flat-Shelves-3-outlets-and-15-cord-400lb-Weight-Capacity-Black.webp","type":"image\/webp"}],"twitter_card":"summary_large_image","twitter_misc":{"Estimation du temps de lecture":"1 minute"},"schema":{"@context":"https:\/\/schema.org","@graph":[{"@type":"WebPage","@id":"https:\/\/ksproducts.ca\/product\/luxor-3-shelf-plastic-utility-cart-with-flat-shelves-3-outlets-and-15-cord-400lb-weight-capacity-black\/","url":"https:\/\/ksproducts.ca\/product\/luxor-3-shelf-plastic-utility-cart-with-flat-shelves-3-outlets-and-15-cord-400lb-weight-capacity-black\/","name":"Luxor 3-Shelf Plastic Utility Cart with Flat Shelves, 3-outlets and 15' cord - 400lb Weight Capacity - Black - Ks Products","isPartOf":{"@id":"https:\/\/ksproducts.ca\/#website"},"primaryImageOfPage":{"@id":"https:\/\/ksproducts.ca\/product\/luxor-3-shelf-plastic-utility-cart-with-flat-shelves-3-outlets-and-15-cord-400lb-weight-capacity-black\/#primaryimage"},"image":{"@id":"https:\/\/ksproducts.ca\/product\/luxor-3-shelf-plastic-utility-cart-with-flat-shelves-3-outlets-and-15-cord-400lb-weight-capacity-black\/#primaryimage"},"thumbnailUrl":"https:\/\/ksproducts.ca\/wp-content\/uploads\/2026\/03\/Luxor-3-Shelf-Plastic-Utility-Cart-with-Flat-Shelves-3-outlets-and-15-cord-400lb-Weight-Capacity-Black.webp","datePublished":"2026-03-10T19:05:56+00:00","dateModified":"2026-03-10T19:05:57+00:00","breadcrumb":{"@id":"https:\/\/ksproducts.ca\/product\/luxor-3-shelf-plastic-utility-cart-with-flat-shelves-3-outlets-and-15-cord-400lb-weight-capacity-black\/#breadcrumb"},"inLanguage":"fr-CA","potentialAction":[{"@type":"ReadAction","target":["https:\/\/ksproducts.ca\/product\/luxor-3-shelf-plastic-utility-cart-with-flat-shelves-3-outlets-and-15-cord-400lb-weight-capacity-black\/"]}]},{"@type":"ImageObject","inLanguage":"fr-CA","@id":"https:\/\/ksproducts.ca\/product\/luxor-3-shelf-plastic-utility-cart-with-flat-shelves-3-outlets-and-15-cord-400lb-weight-capacity-black\/#primaryimage","url":"https:\/\/ksproducts.ca\/wp-content\/uploads\/2026\/03\/Luxor-3-Shelf-Plastic-Utility-Cart-with-Flat-Shelves-3-outlets-and-15-cord-400lb-Weight-Capacity-Black.webp","contentUrl":"https:\/\/ksproducts.ca\/wp-content\/uploads\/2026\/03\/Luxor-3-Shelf-Plastic-Utility-Cart-with-Flat-Shelves-3-outlets-and-15-cord-400lb-Weight-Capacity-Black.webp","width":800,"height":800,"caption":"Luxor 3 Shelf Plastic Utility Cart with Flat Shelves, 3 outlets and 15' cord 400lb Weight Capacity Black"},{"@type":"BreadcrumbList","@id":"https:\/\/ksproducts.ca\/product\/luxor-3-shelf-plastic-utility-cart-with-flat-shelves-3-outlets-and-15-cord-400lb-weight-capacity-black\/#breadcrumb","itemListElement":[{"@type":"ListItem","position":1,"name":"Home","item":"https:\/\/ksproducts.ca\/"},{"@type":"ListItem","position":2,"name":"Shop","item":"https:\/\/ksproducts.ca\/shop\/"},{"@type":"ListItem","position":3,"name":"Luxor 3-Shelf Plastic Utility Cart with Flat Shelves, 3-outlets and 15&#8242; cord &#8211; 400lb Weight Capacity &#8211; Black"}]},{"@type":"WebSite","@id":"https:\/\/ksproducts.ca\/#website","url":"https:\/\/ksproducts.ca\/","name":"Produits Ks","description":"Cuisiner et vivre en plein air, c'est facile au Canada","publisher":{"@id":"https:\/\/ksproducts.ca\/#organization"},"potentialAction":[{"@type":"SearchAction","target":{"@type":"EntryPoint","urlTemplate":"https:\/\/ksproducts.ca\/?s={search_term_string}"},"query-input":{"@type":"PropertyValueSpecification","valueRequired":true,"valueName":"search_term_string"}}],"inLanguage":"fr-CA"},{"@type":"Organization","@id":"https:\/\/ksproducts.ca\/#organization","name":"Produits Ks","url":"https:\/\/ksproducts.ca\/","logo":{"@type":"ImageObject","inLanguage":"fr-CA","@id":"https:\/\/ksproducts.ca\/#\/schema\/logo\/image\/","url":"https:\/\/ksproducts.ca\/wp-content\/uploads\/2023\/09\/Kennedy-Sales-Logo-header-1.png","contentUrl":"https:\/\/ksproducts.ca\/wp-content\/uploads\/2023\/09\/Kennedy-Sales-Logo-header-1.png","width":150,"height":77,"caption":"Ks Products"},"image":{"@id":"https:\/\/ksproducts.ca\/#\/schema\/logo\/image\/"}}]}},"_links":{"self":[{"href":"https:\/\/ksproducts.ca\/fr\/wp-json\/wp\/v2\/product\/12243","targetHints":{"allow":["GET"]}}],"collection":[{"href":"https:\/\/ksproducts.ca\/fr\/wp-json\/wp\/v2\/product"}],"about":[{"href":"https:\/\/ksproducts.ca\/fr\/wp-json\/wp\/v2\/types\/product"}],"replies":[{"embeddable":true,"href":"https:\/\/ksproducts.ca\/fr\/wp-json\/wp\/v2\/comments?post=12243"}],"version-history":[{"count":1,"href":"https:\/\/ksproducts.ca\/fr\/wp-json\/wp\/v2\/product\/12243\/revisions"}],"predecessor-version":[{"id":12245,"href":"https:\/\/ksproducts.ca\/fr\/wp-json\/wp\/v2\/product\/12243\/revisions\/12245"}],"wp:featuredmedia":[{"embeddable":true,"href":"https:\/\/ksproducts.ca\/fr\/wp-json\/wp\/v2\/media\/12244"}],"wp:attachment":[{"href":"https:\/\/ksproducts.ca\/fr\/wp-json\/wp\/v2\/media?parent=12243"}],"wp:term":[{"taxonomy":"product_cat","embeddable":true,"href":"https:\/\/ksproducts.ca\/fr\/wp-json\/wp\/v2\/product_cat?post=12243"},{"taxonomy":"product_tag","embeddable":true,"href":"https:\/\/ksproducts.ca\/fr\/wp-json\/wp\/v2\/product_tag?post=12243"}],"curies":[{"name":"wp","href":"https:\/\/api.w.org\/{rel}","templated":true}]}}