{"id":12246,"date":"2026-03-10T19:09:29","date_gmt":"2026-03-10T19:09:29","guid":{"rendered":"https:\/\/ksproducts.ca\/?post_type=product&#038;p=12246"},"modified":"2026-03-16T16:05:33","modified_gmt":"2026-03-16T16:05:33","slug":"lanterne-forestiere-rechargeable-barebones-bronze-antique","status":"publish","type":"product","link":"https:\/\/ksproducts.ca\/fr\/product\/barebones-rechargeable-forest-lantern-antique-bronze\/","title":{"rendered":"Lanterne foresti\u00e8re rechargeable Barebones - Bronze antique"},"content":{"rendered":"<ul class=\"a-unordered-list a-vertical a-spacing-mini\">\n<li class=\"a-spacing-mini\"><span class=\"a-list-item\">RECHARGEABLE - Recharge en 4-6 heures pour 4-80 heures d'utilisation<\/span><\/li>\n<li class=\"a-spacing-mini\"><span class=\"a-list-item\">LONGUE DUREE - Enrob\u00e9 dans un corps en acier<\/span><\/li>\n<li class=\"a-spacing-mini\"><span class=\"a-list-item\">HAUTE QUALIT\u00c9 - Jusqu'\u00e0 4 heures de 325 lumens<\/span><\/li>\n<li class=\"a-spacing-mini\"><span class=\"a-list-item\">ADJUSTABLE - Luminosit\u00e9 r\u00e9glable pour toutes les occasions<\/span><\/li>\n<li class=\"a-spacing-mini\"><span class=\"a-list-item\">Pour tous les amateurs de plein air et de jardinage<\/span><\/li>\n<\/ul>","protected":false},"excerpt":{"rendered":"<p>\u00c9clairez votre chemin avec la lanterne foresti\u00e8re classique Barebones. Les piles rechargeables Li-Ion produisent 325 lumens de lumi\u00e8re chaude pendant 4 heures. Maintenez le niveau d'\u00e9clairage \u00e0 un niveau bas et la lanterne foresti\u00e8re brillera pendant plus de 80 heures. Envelopp\u00e9e dans un corps en acier fini en bronze antique, rouge ou nickel satin\u00e9, la lanterne Forest ne sera jamais chaude au toucher. Et lorsque la technologie vous appelle, vous pouvez recharger vos accessoires gr\u00e2ce \u00e0 la prise USB int\u00e9gr\u00e9e. Vu dans Travel + Leisure.<\/p>","protected":false},"featured_media":12247,"comment_status":"open","ping_status":"closed","template":"","meta":[],"product_cat":[431],"product_tag":[],"class_list":{"0":"post-12246","1":"product","2":"type-product","3":"status-publish","4":"has-post-thumbnail","6":"product_cat-camping-rv-essentials","7":"product_shipping_class-class-1","9":"first","10":"instock","11":"taxable","12":"shipping-taxable","13":"purchasable","14":"product-type-simple"},"yoast_head":"<!-- This site is optimized with the Yoast SEO plugin v27.4 - https:\/\/yoast.com\/product\/yoast-seo-wordpress\/ -->\n<title>Barebones Rechargeable Forest Lantern - Antique Bronze - Ks Products<\/title>\n<meta name=\"robots\" content=\"index, follow, max-snippet:-1, max-image-preview:large, max-video-preview:-1\" \/>\n<link rel=\"canonical\" href=\"https:\/\/ksproducts.ca\/fr\/product\/lanterne-forestiere-rechargeable-barebones-bronze-antique\/\" \/>\n<meta property=\"og:locale\" content=\"fr_CA\" \/>\n<meta property=\"og:type\" content=\"article\" \/>\n<meta property=\"og:title\" content=\"Barebones Rechargeable Forest Lantern - Antique Bronze - Ks Products\" \/>\n<meta property=\"og:description\" content=\"Light your way with the classic Barebones Forest Lantern. Rechargeable Li-Ion batteries put out 325 lumens of warm light for up to 4 hours. Keep the light setting on low and the Forest Lantern will glow for 80+ hours. Enclosed in a steel body finished in Antique Bronze, Red, or Satin Nickel, the Forest Lantern will never be hot to the touch. And when technology calls, you can charge your accessories via built-in USB. As seen in Travel + Leisure.\" \/>\n<meta property=\"og:url\" content=\"https:\/\/ksproducts.ca\/fr\/product\/lanterne-forestiere-rechargeable-barebones-bronze-antique\/\" \/>\n<meta property=\"og:site_name\" content=\"Ks Products\" \/>\n<meta property=\"article:modified_time\" content=\"2026-03-16T16:05:33+00:00\" \/>\n<meta property=\"og:image\" content=\"https:\/\/ksproducts.ca\/wp-content\/uploads\/2026\/03\/Barebones-Rechargeable-Forest-Lantern-Antique-Bronze.jpg\" \/>\n\t<meta property=\"og:image:width\" content=\"369\" \/>\n\t<meta property=\"og:image:height\" content=\"807\" \/>\n\t<meta property=\"og:image:type\" content=\"image\/jpeg\" \/>\n<meta name=\"twitter:card\" content=\"summary_large_image\" \/>\n<meta name=\"twitter:label1\" content=\"Estimation du temps de lecture\" \/>\n\t<meta name=\"twitter:data1\" content=\"1 minute\" \/>\n<script type=\"application\/ld+json\" class=\"yoast-schema-graph\">{\"@context\":\"https:\\\/\\\/schema.org\",\"@graph\":[{\"@type\":\"WebPage\",\"@id\":\"https:\\\/\\\/ksproducts.ca\\\/product\\\/barebones-rechargeable-forest-lantern-antique-bronze\\\/\",\"url\":\"https:\\\/\\\/ksproducts.ca\\\/product\\\/barebones-rechargeable-forest-lantern-antique-bronze\\\/\",\"name\":\"Barebones Rechargeable Forest Lantern - Antique Bronze - Ks Products\",\"isPartOf\":{\"@id\":\"https:\\\/\\\/ksproducts.ca\\\/#website\"},\"primaryImageOfPage\":{\"@id\":\"https:\\\/\\\/ksproducts.ca\\\/product\\\/barebones-rechargeable-forest-lantern-antique-bronze\\\/#primaryimage\"},\"image\":{\"@id\":\"https:\\\/\\\/ksproducts.ca\\\/product\\\/barebones-rechargeable-forest-lantern-antique-bronze\\\/#primaryimage\"},\"thumbnailUrl\":\"https:\\\/\\\/ksproducts.ca\\\/wp-content\\\/uploads\\\/2026\\\/03\\\/Barebones-Rechargeable-Forest-Lantern-Antique-Bronze.jpg\",\"datePublished\":\"2026-03-10T19:09:29+00:00\",\"dateModified\":\"2026-03-16T16:05:33+00:00\",\"breadcrumb\":{\"@id\":\"https:\\\/\\\/ksproducts.ca\\\/product\\\/barebones-rechargeable-forest-lantern-antique-bronze\\\/#breadcrumb\"},\"inLanguage\":\"fr-CA\",\"potentialAction\":[{\"@type\":\"ReadAction\",\"target\":[\"https:\\\/\\\/ksproducts.ca\\\/product\\\/barebones-rechargeable-forest-lantern-antique-bronze\\\/\"]}]},{\"@type\":\"ImageObject\",\"inLanguage\":\"fr-CA\",\"@id\":\"https:\\\/\\\/ksproducts.ca\\\/product\\\/barebones-rechargeable-forest-lantern-antique-bronze\\\/#primaryimage\",\"url\":\"https:\\\/\\\/ksproducts.ca\\\/wp-content\\\/uploads\\\/2026\\\/03\\\/Barebones-Rechargeable-Forest-Lantern-Antique-Bronze.jpg\",\"contentUrl\":\"https:\\\/\\\/ksproducts.ca\\\/wp-content\\\/uploads\\\/2026\\\/03\\\/Barebones-Rechargeable-Forest-Lantern-Antique-Bronze.jpg\",\"width\":369,\"height\":807,\"caption\":\"Barebones Rechargeable Forest Lantern Antique Bronze\"},{\"@type\":\"BreadcrumbList\",\"@id\":\"https:\\\/\\\/ksproducts.ca\\\/product\\\/barebones-rechargeable-forest-lantern-antique-bronze\\\/#breadcrumb\",\"itemListElement\":[{\"@type\":\"ListItem\",\"position\":1,\"name\":\"Home\",\"item\":\"https:\\\/\\\/ksproducts.ca\\\/\"},{\"@type\":\"ListItem\",\"position\":2,\"name\":\"Shop\",\"item\":\"https:\\\/\\\/ksproducts.ca\\\/shop\\\/\"},{\"@type\":\"ListItem\",\"position\":3,\"name\":\"Barebones Rechargeable Forest Lantern &#8211; Antique Bronze\"}]},{\"@type\":\"WebSite\",\"@id\":\"https:\\\/\\\/ksproducts.ca\\\/#website\",\"url\":\"https:\\\/\\\/ksproducts.ca\\\/\",\"name\":\"Ks Products\",\"description\":\"Outdoor cooking and living, made easy in Canada\",\"publisher\":{\"@id\":\"https:\\\/\\\/ksproducts.ca\\\/#organization\"},\"potentialAction\":[{\"@type\":\"SearchAction\",\"target\":{\"@type\":\"EntryPoint\",\"urlTemplate\":\"https:\\\/\\\/ksproducts.ca\\\/?s={search_term_string}\"},\"query-input\":{\"@type\":\"PropertyValueSpecification\",\"valueRequired\":true,\"valueName\":\"search_term_string\"}}],\"inLanguage\":\"fr-CA\"},{\"@type\":\"Organization\",\"@id\":\"https:\\\/\\\/ksproducts.ca\\\/#organization\",\"name\":\"Ks Products\",\"url\":\"https:\\\/\\\/ksproducts.ca\\\/\",\"logo\":{\"@type\":\"ImageObject\",\"inLanguage\":\"fr-CA\",\"@id\":\"https:\\\/\\\/ksproducts.ca\\\/#\\\/schema\\\/logo\\\/image\\\/\",\"url\":\"https:\\\/\\\/ksproducts.ca\\\/wp-content\\\/uploads\\\/2023\\\/09\\\/Kennedy-Sales-Logo-header-1.png\",\"contentUrl\":\"https:\\\/\\\/ksproducts.ca\\\/wp-content\\\/uploads\\\/2023\\\/09\\\/Kennedy-Sales-Logo-header-1.png\",\"width\":150,\"height\":77,\"caption\":\"Ks Products\"},\"image\":{\"@id\":\"https:\\\/\\\/ksproducts.ca\\\/#\\\/schema\\\/logo\\\/image\\\/\"}}]}<\/script>\n<!-- \/ Yoast SEO plugin. -->","yoast_head_json":{"title":"Lanterne foresti\u00e8re rechargeable Barebones - Bronze antique - Ks Products","robots":{"index":"index","follow":"follow","max-snippet":"max-snippet:-1","max-image-preview":"max-image-preview:large","max-video-preview":"max-video-preview:-1"},"canonical":"https:\/\/ksproducts.ca\/fr\/product\/lanterne-forestiere-rechargeable-barebones-bronze-antique\/","og_locale":"fr_CA","og_type":"article","og_title":"Barebones Rechargeable Forest Lantern - Antique Bronze - Ks Products","og_description":"Light your way with the classic Barebones Forest Lantern. Rechargeable Li-Ion batteries put out 325 lumens of warm light for up to 4 hours. Keep the light setting on low and the Forest Lantern will glow for 80+ hours. Enclosed in a steel body finished in Antique Bronze, Red, or Satin Nickel, the Forest Lantern will never be hot to the touch. And when technology calls, you can charge your accessories via built-in USB. As seen in Travel + Leisure.","og_url":"https:\/\/ksproducts.ca\/fr\/product\/lanterne-forestiere-rechargeable-barebones-bronze-antique\/","og_site_name":"Ks Products","article_modified_time":"2026-03-16T16:05:33+00:00","og_image":[{"width":369,"height":807,"url":"https:\/\/ksproducts.ca\/wp-content\/uploads\/2026\/03\/Barebones-Rechargeable-Forest-Lantern-Antique-Bronze.jpg","type":"image\/jpeg"}],"twitter_card":"summary_large_image","twitter_misc":{"Estimation du temps de lecture":"1 minute"},"schema":{"@context":"https:\/\/schema.org","@graph":[{"@type":"WebPage","@id":"https:\/\/ksproducts.ca\/product\/barebones-rechargeable-forest-lantern-antique-bronze\/","url":"https:\/\/ksproducts.ca\/product\/barebones-rechargeable-forest-lantern-antique-bronze\/","name":"Lanterne foresti\u00e8re rechargeable Barebones - Bronze antique - Ks Products","isPartOf":{"@id":"https:\/\/ksproducts.ca\/#website"},"primaryImageOfPage":{"@id":"https:\/\/ksproducts.ca\/product\/barebones-rechargeable-forest-lantern-antique-bronze\/#primaryimage"},"image":{"@id":"https:\/\/ksproducts.ca\/product\/barebones-rechargeable-forest-lantern-antique-bronze\/#primaryimage"},"thumbnailUrl":"https:\/\/ksproducts.ca\/wp-content\/uploads\/2026\/03\/Barebones-Rechargeable-Forest-Lantern-Antique-Bronze.jpg","datePublished":"2026-03-10T19:09:29+00:00","dateModified":"2026-03-16T16:05:33+00:00","breadcrumb":{"@id":"https:\/\/ksproducts.ca\/product\/barebones-rechargeable-forest-lantern-antique-bronze\/#breadcrumb"},"inLanguage":"fr-CA","potentialAction":[{"@type":"ReadAction","target":["https:\/\/ksproducts.ca\/product\/barebones-rechargeable-forest-lantern-antique-bronze\/"]}]},{"@type":"ImageObject","inLanguage":"fr-CA","@id":"https:\/\/ksproducts.ca\/product\/barebones-rechargeable-forest-lantern-antique-bronze\/#primaryimage","url":"https:\/\/ksproducts.ca\/wp-content\/uploads\/2026\/03\/Barebones-Rechargeable-Forest-Lantern-Antique-Bronze.jpg","contentUrl":"https:\/\/ksproducts.ca\/wp-content\/uploads\/2026\/03\/Barebones-Rechargeable-Forest-Lantern-Antique-Bronze.jpg","width":369,"height":807,"caption":"Barebones Rechargeable Forest Lantern Antique Bronze"},{"@type":"BreadcrumbList","@id":"https:\/\/ksproducts.ca\/product\/barebones-rechargeable-forest-lantern-antique-bronze\/#breadcrumb","itemListElement":[{"@type":"ListItem","position":1,"name":"Home","item":"https:\/\/ksproducts.ca\/"},{"@type":"ListItem","position":2,"name":"Shop","item":"https:\/\/ksproducts.ca\/shop\/"},{"@type":"ListItem","position":3,"name":"Barebones Rechargeable Forest Lantern &#8211; Antique Bronze"}]},{"@type":"WebSite","@id":"https:\/\/ksproducts.ca\/#website","url":"https:\/\/ksproducts.ca\/","name":"Produits Ks","description":"Cuisiner et vivre en plein air, c'est facile au Canada","publisher":{"@id":"https:\/\/ksproducts.ca\/#organization"},"potentialAction":[{"@type":"SearchAction","target":{"@type":"EntryPoint","urlTemplate":"https:\/\/ksproducts.ca\/?s={search_term_string}"},"query-input":{"@type":"PropertyValueSpecification","valueRequired":true,"valueName":"search_term_string"}}],"inLanguage":"fr-CA"},{"@type":"Organization","@id":"https:\/\/ksproducts.ca\/#organization","name":"Produits Ks","url":"https:\/\/ksproducts.ca\/","logo":{"@type":"ImageObject","inLanguage":"fr-CA","@id":"https:\/\/ksproducts.ca\/#\/schema\/logo\/image\/","url":"https:\/\/ksproducts.ca\/wp-content\/uploads\/2023\/09\/Kennedy-Sales-Logo-header-1.png","contentUrl":"https:\/\/ksproducts.ca\/wp-content\/uploads\/2023\/09\/Kennedy-Sales-Logo-header-1.png","width":150,"height":77,"caption":"Ks Products"},"image":{"@id":"https:\/\/ksproducts.ca\/#\/schema\/logo\/image\/"}}]}},"_links":{"self":[{"href":"https:\/\/ksproducts.ca\/fr\/wp-json\/wp\/v2\/product\/12246","targetHints":{"allow":["GET"]}}],"collection":[{"href":"https:\/\/ksproducts.ca\/fr\/wp-json\/wp\/v2\/product"}],"about":[{"href":"https:\/\/ksproducts.ca\/fr\/wp-json\/wp\/v2\/types\/product"}],"replies":[{"embeddable":true,"href":"https:\/\/ksproducts.ca\/fr\/wp-json\/wp\/v2\/comments?post=12246"}],"version-history":[{"count":1,"href":"https:\/\/ksproducts.ca\/fr\/wp-json\/wp\/v2\/product\/12246\/revisions"}],"predecessor-version":[{"id":12248,"href":"https:\/\/ksproducts.ca\/fr\/wp-json\/wp\/v2\/product\/12246\/revisions\/12248"}],"wp:featuredmedia":[{"embeddable":true,"href":"https:\/\/ksproducts.ca\/fr\/wp-json\/wp\/v2\/media\/12247"}],"wp:attachment":[{"href":"https:\/\/ksproducts.ca\/fr\/wp-json\/wp\/v2\/media?parent=12246"}],"wp:term":[{"taxonomy":"product_cat","embeddable":true,"href":"https:\/\/ksproducts.ca\/fr\/wp-json\/wp\/v2\/product_cat?post=12246"},{"taxonomy":"product_tag","embeddable":true,"href":"https:\/\/ksproducts.ca\/fr\/wp-json\/wp\/v2\/product_tag?post=12246"}],"curies":[{"name":"wp","href":"https:\/\/api.w.org\/{rel}","templated":true}]}}