{"id":12250,"date":"2026-03-10T19:12:11","date_gmt":"2026-03-10T19:12:11","guid":{"rendered":"https:\/\/ksproducts.ca\/?post_type=product&#038;p=12250"},"modified":"2026-03-16T16:06:07","modified_gmt":"2026-03-16T16:06:07","slug":"lanterne-forestiere-rechargeable-barebones-rouge","status":"publish","type":"product","link":"https:\/\/ksproducts.ca\/fr\/product\/barebones-rechargeable-forest-lantern-red\/","title":{"rendered":"Lanterne foresti\u00e8re rechargeable Barebones - Rouge"},"content":{"rendered":"<ul class=\"a-unordered-list a-vertical a-spacing-mini\">\n<li class=\"a-spacing-mini\"><span class=\"a-list-item\">Lanterne foresti\u00e8re Barebones : Cette lanterne est parfaite pour les amateurs de plein air qui ont besoin d'une source de lumi\u00e8re fiable en for\u00eat. Le design Barebones la rend facile \u00e0 transporter et \u00e0 ranger.<\/span><\/li>\n<li class=\"a-spacing-mini\"><span class=\"a-list-item\">Un \u00e9clairage fiable : Cette lampe rechargeable fournit un \u00e9clairage fiable, ce qui la rend id\u00e9ale pour les voyages en camping, les r\u00e9unions dans le jardin ou les aventures en plein air. Sa lumi\u00e8re LED brillante et r\u00e9glable \u00e9claire les environs, assurant la visibilit\u00e9 et cr\u00e9ant une ambiance chaleureuse.<\/span><\/li>\n<li class=\"a-spacing-mini\"><span class=\"a-list-item\">Indispensable pour le camping : Fabriqu\u00e9e avec des mat\u00e9riaux de haute qualit\u00e9, cette lampe \u00e0 piles est con\u00e7ue pour r\u00e9sister aux \u00e9l\u00e9ments. Elle est con\u00e7ue pour r\u00e9sister aux intemp\u00e9ries, ce qui permet de l'utiliser dans diverses conditions ext\u00e9rieures.<\/span><\/li>\n<li class=\"a-spacing-mini\"><span class=\"a-list-item\">Mat\u00e9riel de camping avec options de suspension polyvalentes : Cette lampe de camping est dot\u00e9e d'une poign\u00e9e solide et d'un crochet pratique, ce qui permet de nombreuses options de suspension. Vous pouvez facilement l'accrocher \u00e0 des branches, des crochets ou des tentes, ce qui fait de ces lanternes de camping la touche parfaite de chaleur et de fonctionnalit\u00e9 pour votre espace ext\u00e9rieur.<\/span><\/li>\n<li class=\"a-spacing-mini\"><span class=\"a-list-item\">Lampe r\u00e9glable aliment\u00e9e par batterie : Cette lanterne LED a \u00e9t\u00e9 con\u00e7ue pour r\u00e9pondre \u00e0 vos besoins. La luminosit\u00e9 r\u00e9glable vous permet d'adapter la quantit\u00e9 de lumi\u00e8re \u00e0 votre situation sp\u00e9cifique, ce qui en fait le choix id\u00e9al pour toutes les occasions.<\/span><\/li>\n<\/ul>","protected":false},"excerpt":{"rendered":"<p>\u00c9clairez votre chemin avec la lanterne foresti\u00e8re Barebones. Nous avons am\u00e9lior\u00e9 son design bien-aim\u00e9 en acier d'inspiration vintage avec des caract\u00e9ristiques rafra\u00eechies pour offrir une exp\u00e9rience plus transparente. L'\u00e9dition limit\u00e9e d'un bo\u00eetier \u00e0 moiti\u00e9 givr\u00e9 offre une luminosit\u00e9 accrue pour les nuits les plus sombres, et les mises \u00e0 jour fonctionnelles am\u00e9liorent la durabilit\u00e9 et la commodit\u00e9 - offrant une plus grande confiance et vous permettant de vous plonger dans votre exp\u00e9rience en plein air, sans distraction.<\/p>","protected":false},"featured_media":12251,"comment_status":"open","ping_status":"closed","template":"","meta":[],"product_cat":[431],"product_tag":[],"class_list":{"0":"post-12250","1":"product","2":"type-product","3":"status-publish","4":"has-post-thumbnail","6":"product_cat-camping-rv-essentials","7":"product_shipping_class-class-1","9":"first","10":"instock","11":"taxable","12":"shipping-taxable","13":"purchasable","14":"product-type-simple"},"yoast_head":"<!-- This site is optimized with the Yoast SEO plugin v27.3 - https:\/\/yoast.com\/product\/yoast-seo-wordpress\/ -->\n<title>Barebones Rechargeable Forest Lantern - Red - Ks Products<\/title>\n<meta name=\"robots\" content=\"index, follow, max-snippet:-1, max-image-preview:large, max-video-preview:-1\" \/>\n<link rel=\"canonical\" href=\"https:\/\/ksproducts.ca\/fr\/product\/lanterne-forestiere-rechargeable-barebones-rouge\/\" \/>\n<meta property=\"og:locale\" content=\"fr_CA\" \/>\n<meta property=\"og:type\" content=\"article\" \/>\n<meta property=\"og:title\" content=\"Barebones Rechargeable Forest Lantern - Red - Ks Products\" \/>\n<meta property=\"og:description\" content=\"Light your way with the Barebones Forest Lantern. We\u2019ve enhanced its beloved vintage-inspired steel-body design with refreshed features to provide a more seamless experience. Limited edition half-frosted light housing provides increased brightness for the darkest of nights, and functional updates improve durability and convenience \u2013 offering greater confidence and allowing you to sink into your outdoor experience, freed from distraction.\" \/>\n<meta property=\"og:url\" content=\"https:\/\/ksproducts.ca\/fr\/product\/lanterne-forestiere-rechargeable-barebones-rouge\/\" \/>\n<meta property=\"og:site_name\" content=\"Ks Products\" \/>\n<meta property=\"article:modified_time\" content=\"2026-03-16T16:06:07+00:00\" \/>\n<meta property=\"og:image\" content=\"https:\/\/ksproducts.ca\/wp-content\/uploads\/2026\/03\/Barebones-Rechargeable-Forest-Lantern-Red.jpg\" \/>\n\t<meta property=\"og:image:width\" content=\"370\" \/>\n\t<meta property=\"og:image:height\" content=\"800\" \/>\n\t<meta property=\"og:image:type\" content=\"image\/jpeg\" \/>\n<meta name=\"twitter:card\" content=\"summary_large_image\" \/>\n<meta name=\"twitter:label1\" content=\"Estimation du temps de lecture\" \/>\n\t<meta name=\"twitter:data1\" content=\"1 minute\" \/>\n<script type=\"application\/ld+json\" class=\"yoast-schema-graph\">{\"@context\":\"https:\\\/\\\/schema.org\",\"@graph\":[{\"@type\":\"WebPage\",\"@id\":\"https:\\\/\\\/ksproducts.ca\\\/product\\\/barebones-rechargeable-forest-lantern-red\\\/\",\"url\":\"https:\\\/\\\/ksproducts.ca\\\/product\\\/barebones-rechargeable-forest-lantern-red\\\/\",\"name\":\"Barebones Rechargeable Forest Lantern - Red - Ks Products\",\"isPartOf\":{\"@id\":\"https:\\\/\\\/ksproducts.ca\\\/#website\"},\"primaryImageOfPage\":{\"@id\":\"https:\\\/\\\/ksproducts.ca\\\/product\\\/barebones-rechargeable-forest-lantern-red\\\/#primaryimage\"},\"image\":{\"@id\":\"https:\\\/\\\/ksproducts.ca\\\/product\\\/barebones-rechargeable-forest-lantern-red\\\/#primaryimage\"},\"thumbnailUrl\":\"https:\\\/\\\/ksproducts.ca\\\/wp-content\\\/uploads\\\/2026\\\/03\\\/Barebones-Rechargeable-Forest-Lantern-Red.jpg\",\"datePublished\":\"2026-03-10T19:12:11+00:00\",\"dateModified\":\"2026-03-16T16:06:07+00:00\",\"breadcrumb\":{\"@id\":\"https:\\\/\\\/ksproducts.ca\\\/product\\\/barebones-rechargeable-forest-lantern-red\\\/#breadcrumb\"},\"inLanguage\":\"fr-CA\",\"potentialAction\":[{\"@type\":\"ReadAction\",\"target\":[\"https:\\\/\\\/ksproducts.ca\\\/product\\\/barebones-rechargeable-forest-lantern-red\\\/\"]}]},{\"@type\":\"ImageObject\",\"inLanguage\":\"fr-CA\",\"@id\":\"https:\\\/\\\/ksproducts.ca\\\/product\\\/barebones-rechargeable-forest-lantern-red\\\/#primaryimage\",\"url\":\"https:\\\/\\\/ksproducts.ca\\\/wp-content\\\/uploads\\\/2026\\\/03\\\/Barebones-Rechargeable-Forest-Lantern-Red.jpg\",\"contentUrl\":\"https:\\\/\\\/ksproducts.ca\\\/wp-content\\\/uploads\\\/2026\\\/03\\\/Barebones-Rechargeable-Forest-Lantern-Red.jpg\",\"width\":370,\"height\":800,\"caption\":\"Barebones Rechargeable Forest Lantern Red\"},{\"@type\":\"BreadcrumbList\",\"@id\":\"https:\\\/\\\/ksproducts.ca\\\/product\\\/barebones-rechargeable-forest-lantern-red\\\/#breadcrumb\",\"itemListElement\":[{\"@type\":\"ListItem\",\"position\":1,\"name\":\"Home\",\"item\":\"https:\\\/\\\/ksproducts.ca\\\/\"},{\"@type\":\"ListItem\",\"position\":2,\"name\":\"Shop\",\"item\":\"https:\\\/\\\/ksproducts.ca\\\/shop\\\/\"},{\"@type\":\"ListItem\",\"position\":3,\"name\":\"Barebones Rechargeable Forest Lantern &#8211; Red\"}]},{\"@type\":\"WebSite\",\"@id\":\"https:\\\/\\\/ksproducts.ca\\\/#website\",\"url\":\"https:\\\/\\\/ksproducts.ca\\\/\",\"name\":\"Ks Products\",\"description\":\"Outdoor cooking and living, made easy in Canada\",\"publisher\":{\"@id\":\"https:\\\/\\\/ksproducts.ca\\\/#organization\"},\"potentialAction\":[{\"@type\":\"SearchAction\",\"target\":{\"@type\":\"EntryPoint\",\"urlTemplate\":\"https:\\\/\\\/ksproducts.ca\\\/?s={search_term_string}\"},\"query-input\":{\"@type\":\"PropertyValueSpecification\",\"valueRequired\":true,\"valueName\":\"search_term_string\"}}],\"inLanguage\":\"fr-CA\"},{\"@type\":\"Organization\",\"@id\":\"https:\\\/\\\/ksproducts.ca\\\/#organization\",\"name\":\"Ks Products\",\"url\":\"https:\\\/\\\/ksproducts.ca\\\/\",\"logo\":{\"@type\":\"ImageObject\",\"inLanguage\":\"fr-CA\",\"@id\":\"https:\\\/\\\/ksproducts.ca\\\/#\\\/schema\\\/logo\\\/image\\\/\",\"url\":\"https:\\\/\\\/ksproducts.ca\\\/wp-content\\\/uploads\\\/2023\\\/09\\\/Kennedy-Sales-Logo-header-1.png\",\"contentUrl\":\"https:\\\/\\\/ksproducts.ca\\\/wp-content\\\/uploads\\\/2023\\\/09\\\/Kennedy-Sales-Logo-header-1.png\",\"width\":150,\"height\":77,\"caption\":\"Ks Products\"},\"image\":{\"@id\":\"https:\\\/\\\/ksproducts.ca\\\/#\\\/schema\\\/logo\\\/image\\\/\"}}]}<\/script>\n<!-- \/ Yoast SEO plugin. -->","yoast_head_json":{"title":"Lanterne foresti\u00e8re rechargeable Barebones - Rouge - Ks Products","robots":{"index":"index","follow":"follow","max-snippet":"max-snippet:-1","max-image-preview":"max-image-preview:large","max-video-preview":"max-video-preview:-1"},"canonical":"https:\/\/ksproducts.ca\/fr\/product\/lanterne-forestiere-rechargeable-barebones-rouge\/","og_locale":"fr_CA","og_type":"article","og_title":"Barebones Rechargeable Forest Lantern - Red - Ks Products","og_description":"Light your way with the Barebones Forest Lantern. We\u2019ve enhanced its beloved vintage-inspired steel-body design with refreshed features to provide a more seamless experience. Limited edition half-frosted light housing provides increased brightness for the darkest of nights, and functional updates improve durability and convenience \u2013 offering greater confidence and allowing you to sink into your outdoor experience, freed from distraction.","og_url":"https:\/\/ksproducts.ca\/fr\/product\/lanterne-forestiere-rechargeable-barebones-rouge\/","og_site_name":"Ks Products","article_modified_time":"2026-03-16T16:06:07+00:00","og_image":[{"width":370,"height":800,"url":"https:\/\/ksproducts.ca\/wp-content\/uploads\/2026\/03\/Barebones-Rechargeable-Forest-Lantern-Red.jpg","type":"image\/jpeg"}],"twitter_card":"summary_large_image","twitter_misc":{"Estimation du temps de lecture":"1 minute"},"schema":{"@context":"https:\/\/schema.org","@graph":[{"@type":"WebPage","@id":"https:\/\/ksproducts.ca\/product\/barebones-rechargeable-forest-lantern-red\/","url":"https:\/\/ksproducts.ca\/product\/barebones-rechargeable-forest-lantern-red\/","name":"Lanterne foresti\u00e8re rechargeable Barebones - Rouge - Ks Products","isPartOf":{"@id":"https:\/\/ksproducts.ca\/#website"},"primaryImageOfPage":{"@id":"https:\/\/ksproducts.ca\/product\/barebones-rechargeable-forest-lantern-red\/#primaryimage"},"image":{"@id":"https:\/\/ksproducts.ca\/product\/barebones-rechargeable-forest-lantern-red\/#primaryimage"},"thumbnailUrl":"https:\/\/ksproducts.ca\/wp-content\/uploads\/2026\/03\/Barebones-Rechargeable-Forest-Lantern-Red.jpg","datePublished":"2026-03-10T19:12:11+00:00","dateModified":"2026-03-16T16:06:07+00:00","breadcrumb":{"@id":"https:\/\/ksproducts.ca\/product\/barebones-rechargeable-forest-lantern-red\/#breadcrumb"},"inLanguage":"fr-CA","potentialAction":[{"@type":"ReadAction","target":["https:\/\/ksproducts.ca\/product\/barebones-rechargeable-forest-lantern-red\/"]}]},{"@type":"ImageObject","inLanguage":"fr-CA","@id":"https:\/\/ksproducts.ca\/product\/barebones-rechargeable-forest-lantern-red\/#primaryimage","url":"https:\/\/ksproducts.ca\/wp-content\/uploads\/2026\/03\/Barebones-Rechargeable-Forest-Lantern-Red.jpg","contentUrl":"https:\/\/ksproducts.ca\/wp-content\/uploads\/2026\/03\/Barebones-Rechargeable-Forest-Lantern-Red.jpg","width":370,"height":800,"caption":"Barebones Rechargeable Forest Lantern Red"},{"@type":"BreadcrumbList","@id":"https:\/\/ksproducts.ca\/product\/barebones-rechargeable-forest-lantern-red\/#breadcrumb","itemListElement":[{"@type":"ListItem","position":1,"name":"Home","item":"https:\/\/ksproducts.ca\/"},{"@type":"ListItem","position":2,"name":"Shop","item":"https:\/\/ksproducts.ca\/shop\/"},{"@type":"ListItem","position":3,"name":"Barebones Rechargeable Forest Lantern &#8211; Red"}]},{"@type":"WebSite","@id":"https:\/\/ksproducts.ca\/#website","url":"https:\/\/ksproducts.ca\/","name":"Produits Ks","description":"Cuisiner et vivre en plein air, c'est facile au Canada","publisher":{"@id":"https:\/\/ksproducts.ca\/#organization"},"potentialAction":[{"@type":"SearchAction","target":{"@type":"EntryPoint","urlTemplate":"https:\/\/ksproducts.ca\/?s={search_term_string}"},"query-input":{"@type":"PropertyValueSpecification","valueRequired":true,"valueName":"search_term_string"}}],"inLanguage":"fr-CA"},{"@type":"Organization","@id":"https:\/\/ksproducts.ca\/#organization","name":"Produits Ks","url":"https:\/\/ksproducts.ca\/","logo":{"@type":"ImageObject","inLanguage":"fr-CA","@id":"https:\/\/ksproducts.ca\/#\/schema\/logo\/image\/","url":"https:\/\/ksproducts.ca\/wp-content\/uploads\/2023\/09\/Kennedy-Sales-Logo-header-1.png","contentUrl":"https:\/\/ksproducts.ca\/wp-content\/uploads\/2023\/09\/Kennedy-Sales-Logo-header-1.png","width":150,"height":77,"caption":"Ks Products"},"image":{"@id":"https:\/\/ksproducts.ca\/#\/schema\/logo\/image\/"}}]}},"_links":{"self":[{"href":"https:\/\/ksproducts.ca\/fr\/wp-json\/wp\/v2\/product\/12250","targetHints":{"allow":["GET"]}}],"collection":[{"href":"https:\/\/ksproducts.ca\/fr\/wp-json\/wp\/v2\/product"}],"about":[{"href":"https:\/\/ksproducts.ca\/fr\/wp-json\/wp\/v2\/types\/product"}],"replies":[{"embeddable":true,"href":"https:\/\/ksproducts.ca\/fr\/wp-json\/wp\/v2\/comments?post=12250"}],"version-history":[{"count":1,"href":"https:\/\/ksproducts.ca\/fr\/wp-json\/wp\/v2\/product\/12250\/revisions"}],"predecessor-version":[{"id":12252,"href":"https:\/\/ksproducts.ca\/fr\/wp-json\/wp\/v2\/product\/12250\/revisions\/12252"}],"wp:featuredmedia":[{"embeddable":true,"href":"https:\/\/ksproducts.ca\/fr\/wp-json\/wp\/v2\/media\/12251"}],"wp:attachment":[{"href":"https:\/\/ksproducts.ca\/fr\/wp-json\/wp\/v2\/media?parent=12250"}],"wp:term":[{"taxonomy":"product_cat","embeddable":true,"href":"https:\/\/ksproducts.ca\/fr\/wp-json\/wp\/v2\/product_cat?post=12250"},{"taxonomy":"product_tag","embeddable":true,"href":"https:\/\/ksproducts.ca\/fr\/wp-json\/wp\/v2\/product_tag?post=12250"}],"curies":[{"name":"wp","href":"https:\/\/api.w.org\/{rel}","templated":true}]}}