{"id":12253,"date":"2026-03-10T19:20:45","date_gmt":"2026-03-10T19:20:45","guid":{"rendered":"https:\/\/ksproducts.ca\/?post_type=product&#038;p=12253"},"modified":"2026-03-10T19:20:45","modified_gmt":"2026-03-10T19:20:45","slug":"luxor-30-device-charging-cabinet-cart-for-up-to-13inch-screens","status":"publish","type":"product","link":"https:\/\/ksproducts.ca\/fr\/product\/luxor-30-device-charging-cabinet-cart-for-up-to-13inch-screens\/","title":{"rendered":"Luxor 30-Device Charging Cabinet Cart for up to 13inch Screens (Cabinet de chargement de 30 appareils pour \u00e9crans de 13 pouces)"},"content":{"rendered":"<ul>\n<li>Securly stocke et facture les t\u00e9l\u00e9phones, les tablettes et les ordinateurs portables.<\/li>\n<li>Chaque armoire de chargement peut contenir jusqu'\u00e0 10 ordinateurs portables ou tablettes avec jusqu'\u00e0 13 \u00e9crans.<\/li>\n<li>Capacit\u00e9 de 30 appareils Protable sur un chariot Easy Roll avec poign\u00e9e verticale.<\/li>\n<li>Construction durable en acier peint par poudrage.<\/li>\n<li>Barrettes d'alimentation homologu\u00e9es UL\/cUL (deux barrettes de 5 prises par armoire, barrette de 4 prises sur Dolly).<\/li>\n<li>Chaque armoire est \u00e9quip\u00e9e d'une porte \u00e0 fermeture frontale et de deux cl\u00e9s.<\/li>\n<\/ul>","protected":false},"excerpt":{"rendered":"<p>Chargez et s\u00e9curisez facilement vos tablettes, iPads et Chromebooks gr\u00e2ce \u00e0 la solution de stockage flexible et \u00e9volutive de Luxors. Id\u00e9ale pour les environnements \u00e9ducatifs, les entrep\u00f4ts, le commerce de d\u00e9tail et bien plus encore, la conception polyvalente vous permet de cr\u00e9er la solution mobile ou fixe parfaite pour charger, stocker et s\u00e9curiser les tablettes et les ordinateurs portables. Au c\u0153ur de ce syst\u00e8me innovant se trouve notre nouvelle armoire de chargement modulaire pour 10 appareils. Dimensionn\u00e9e pour accueillir la plupart des tablettes et des ordinateurs portables dot\u00e9s d'un \u00e9cran de 13 pouces maximum, elle peut \u00eatre plac\u00e9e sur une \u00e9tag\u00e8re, fix\u00e9e \u00e0 un mur ou empil\u00e9e jusqu'\u00e0 trois fois sur notre chariot modulaire exclusif.<\/p>","protected":false},"featured_media":12254,"comment_status":"open","ping_status":"closed","template":"","meta":[],"product_cat":[433],"product_tag":[],"class_list":{"0":"post-12253","1":"product","2":"type-product","3":"status-publish","4":"has-post-thumbnail","6":"product_cat-utility-carts","7":"product_shipping_class-class-5","9":"first","10":"instock","11":"taxable","12":"shipping-taxable","13":"purchasable","14":"product-type-simple"},"yoast_head":"<!-- This site is optimized with the Yoast SEO plugin v27.3 - https:\/\/yoast.com\/product\/yoast-seo-wordpress\/ -->\n<title>Luxor 30-Device Charging Cabinet Cart for up to 13inch Screens - Ks Products<\/title>\n<meta name=\"robots\" content=\"index, follow, max-snippet:-1, max-image-preview:large, max-video-preview:-1\" \/>\n<link rel=\"canonical\" href=\"https:\/\/ksproducts.ca\/fr\/product\/luxor-30-device-charging-cabinet-cart-for-up-to-13inch-screens\/\" \/>\n<meta property=\"og:locale\" content=\"fr_CA\" \/>\n<meta property=\"og:type\" content=\"article\" \/>\n<meta property=\"og:title\" content=\"Luxor 30-Device Charging Cabinet Cart for up to 13inch Screens - Ks Products\" \/>\n<meta property=\"og:description\" content=\"Easily charge and secure tablets, iPads, and Chromebooks with Luxors flexible and scalable device storage solution. Ideal for education environments, warehouses, retail, and more, the versatile design lets you create the perfect mobile or fixed-location solution for charging, storing, and securing tablets and laptops. At the heart of this innovative system is our newly designed 10-device modular charging cabinet. Sized to accommodate most tablets and laptops with up to a 13 screen, it can be placed on a shelf, mounted to a wall, or stacked up to three high on our proprietary modular dolly.\" \/>\n<meta property=\"og:url\" content=\"https:\/\/ksproducts.ca\/fr\/product\/luxor-30-device-charging-cabinet-cart-for-up-to-13inch-screens\/\" \/>\n<meta property=\"og:site_name\" content=\"Ks Products\" \/>\n<meta property=\"og:image\" content=\"https:\/\/ksproducts.ca\/wp-content\/uploads\/2023\/09\/Kennedy-Sales-Logo-header-1.png\" \/>\n\t<meta property=\"og:image:width\" content=\"150\" \/>\n\t<meta property=\"og:image:height\" content=\"77\" \/>\n\t<meta property=\"og:image:type\" content=\"image\/png\" \/>\n<meta name=\"twitter:card\" content=\"summary_large_image\" \/>\n<meta name=\"twitter:label1\" content=\"Estimation du temps de lecture\" \/>\n\t<meta name=\"twitter:data1\" content=\"1 minute\" \/>\n<script type=\"application\/ld+json\" class=\"yoast-schema-graph\">{\"@context\":\"https:\\\/\\\/schema.org\",\"@graph\":[{\"@type\":\"WebPage\",\"@id\":\"https:\\\/\\\/ksproducts.ca\\\/product\\\/luxor-30-device-charging-cabinet-cart-for-up-to-13inch-screens\\\/\",\"url\":\"https:\\\/\\\/ksproducts.ca\\\/product\\\/luxor-30-device-charging-cabinet-cart-for-up-to-13inch-screens\\\/\",\"name\":\"Luxor 30-Device Charging Cabinet Cart for up to 13inch Screens - Ks Products\",\"isPartOf\":{\"@id\":\"https:\\\/\\\/ksproducts.ca\\\/#website\"},\"primaryImageOfPage\":{\"@id\":\"https:\\\/\\\/ksproducts.ca\\\/product\\\/luxor-30-device-charging-cabinet-cart-for-up-to-13inch-screens\\\/#primaryimage\"},\"image\":{\"@id\":\"https:\\\/\\\/ksproducts.ca\\\/product\\\/luxor-30-device-charging-cabinet-cart-for-up-to-13inch-screens\\\/#primaryimage\"},\"thumbnailUrl\":\"https:\\\/\\\/ksproducts.ca\\\/wp-content\\\/uploads\\\/2026\\\/03\\\/Luxor-30-Device-Charging-Cabinet-Cart-for-up-to-13inch-Screens.avif\",\"datePublished\":\"2026-03-10T19:20:45+00:00\",\"breadcrumb\":{\"@id\":\"https:\\\/\\\/ksproducts.ca\\\/product\\\/luxor-30-device-charging-cabinet-cart-for-up-to-13inch-screens\\\/#breadcrumb\"},\"inLanguage\":\"fr-CA\",\"potentialAction\":[{\"@type\":\"ReadAction\",\"target\":[\"https:\\\/\\\/ksproducts.ca\\\/product\\\/luxor-30-device-charging-cabinet-cart-for-up-to-13inch-screens\\\/\"]}]},{\"@type\":\"ImageObject\",\"inLanguage\":\"fr-CA\",\"@id\":\"https:\\\/\\\/ksproducts.ca\\\/product\\\/luxor-30-device-charging-cabinet-cart-for-up-to-13inch-screens\\\/#primaryimage\",\"url\":\"https:\\\/\\\/ksproducts.ca\\\/wp-content\\\/uploads\\\/2026\\\/03\\\/Luxor-30-Device-Charging-Cabinet-Cart-for-up-to-13inch-Screens.avif\",\"contentUrl\":\"https:\\\/\\\/ksproducts.ca\\\/wp-content\\\/uploads\\\/2026\\\/03\\\/Luxor-30-Device-Charging-Cabinet-Cart-for-up-to-13inch-Screens.avif\",\"width\":1000,\"height\":1000,\"caption\":\"Luxor 30 Device Charging Cabinet Cart for up to 13inch Screens\"},{\"@type\":\"BreadcrumbList\",\"@id\":\"https:\\\/\\\/ksproducts.ca\\\/product\\\/luxor-30-device-charging-cabinet-cart-for-up-to-13inch-screens\\\/#breadcrumb\",\"itemListElement\":[{\"@type\":\"ListItem\",\"position\":1,\"name\":\"Home\",\"item\":\"https:\\\/\\\/ksproducts.ca\\\/\"},{\"@type\":\"ListItem\",\"position\":2,\"name\":\"Shop\",\"item\":\"https:\\\/\\\/ksproducts.ca\\\/shop\\\/\"},{\"@type\":\"ListItem\",\"position\":3,\"name\":\"Luxor 30-Device Charging Cabinet Cart for up to 13inch Screens\"}]},{\"@type\":\"WebSite\",\"@id\":\"https:\\\/\\\/ksproducts.ca\\\/#website\",\"url\":\"https:\\\/\\\/ksproducts.ca\\\/\",\"name\":\"Ks Products\",\"description\":\"Outdoor cooking and living, made easy in Canada\",\"publisher\":{\"@id\":\"https:\\\/\\\/ksproducts.ca\\\/#organization\"},\"potentialAction\":[{\"@type\":\"SearchAction\",\"target\":{\"@type\":\"EntryPoint\",\"urlTemplate\":\"https:\\\/\\\/ksproducts.ca\\\/?s={search_term_string}\"},\"query-input\":{\"@type\":\"PropertyValueSpecification\",\"valueRequired\":true,\"valueName\":\"search_term_string\"}}],\"inLanguage\":\"fr-CA\"},{\"@type\":\"Organization\",\"@id\":\"https:\\\/\\\/ksproducts.ca\\\/#organization\",\"name\":\"Ks Products\",\"url\":\"https:\\\/\\\/ksproducts.ca\\\/\",\"logo\":{\"@type\":\"ImageObject\",\"inLanguage\":\"fr-CA\",\"@id\":\"https:\\\/\\\/ksproducts.ca\\\/#\\\/schema\\\/logo\\\/image\\\/\",\"url\":\"https:\\\/\\\/ksproducts.ca\\\/wp-content\\\/uploads\\\/2023\\\/09\\\/Kennedy-Sales-Logo-header-1.png\",\"contentUrl\":\"https:\\\/\\\/ksproducts.ca\\\/wp-content\\\/uploads\\\/2023\\\/09\\\/Kennedy-Sales-Logo-header-1.png\",\"width\":150,\"height\":77,\"caption\":\"Ks Products\"},\"image\":{\"@id\":\"https:\\\/\\\/ksproducts.ca\\\/#\\\/schema\\\/logo\\\/image\\\/\"}}]}<\/script>\n<!-- \/ Yoast SEO plugin. -->","yoast_head_json":{"title":"Luxor 30-Device Charging Cabinet Cart for up to 13inch Screens - Ks Products","robots":{"index":"index","follow":"follow","max-snippet":"max-snippet:-1","max-image-preview":"max-image-preview:large","max-video-preview":"max-video-preview:-1"},"canonical":"https:\/\/ksproducts.ca\/fr\/product\/luxor-30-device-charging-cabinet-cart-for-up-to-13inch-screens\/","og_locale":"fr_CA","og_type":"article","og_title":"Luxor 30-Device Charging Cabinet Cart for up to 13inch Screens - Ks Products","og_description":"Easily charge and secure tablets, iPads, and Chromebooks with Luxors flexible and scalable device storage solution. Ideal for education environments, warehouses, retail, and more, the versatile design lets you create the perfect mobile or fixed-location solution for charging, storing, and securing tablets and laptops. At the heart of this innovative system is our newly designed 10-device modular charging cabinet. Sized to accommodate most tablets and laptops with up to a 13 screen, it can be placed on a shelf, mounted to a wall, or stacked up to three high on our proprietary modular dolly.","og_url":"https:\/\/ksproducts.ca\/fr\/product\/luxor-30-device-charging-cabinet-cart-for-up-to-13inch-screens\/","og_site_name":"Ks Products","og_image":[{"width":150,"height":77,"url":"https:\/\/ksproducts.ca\/wp-content\/uploads\/2023\/09\/Kennedy-Sales-Logo-header-1.png","type":"image\/png"}],"twitter_card":"summary_large_image","twitter_misc":{"Estimation du temps de lecture":"1 minute"},"schema":{"@context":"https:\/\/schema.org","@graph":[{"@type":"WebPage","@id":"https:\/\/ksproducts.ca\/product\/luxor-30-device-charging-cabinet-cart-for-up-to-13inch-screens\/","url":"https:\/\/ksproducts.ca\/product\/luxor-30-device-charging-cabinet-cart-for-up-to-13inch-screens\/","name":"Luxor 30-Device Charging Cabinet Cart for up to 13inch Screens - Ks Products","isPartOf":{"@id":"https:\/\/ksproducts.ca\/#website"},"primaryImageOfPage":{"@id":"https:\/\/ksproducts.ca\/product\/luxor-30-device-charging-cabinet-cart-for-up-to-13inch-screens\/#primaryimage"},"image":{"@id":"https:\/\/ksproducts.ca\/product\/luxor-30-device-charging-cabinet-cart-for-up-to-13inch-screens\/#primaryimage"},"thumbnailUrl":"https:\/\/ksproducts.ca\/wp-content\/uploads\/2026\/03\/Luxor-30-Device-Charging-Cabinet-Cart-for-up-to-13inch-Screens.avif","datePublished":"2026-03-10T19:20:45+00:00","breadcrumb":{"@id":"https:\/\/ksproducts.ca\/product\/luxor-30-device-charging-cabinet-cart-for-up-to-13inch-screens\/#breadcrumb"},"inLanguage":"fr-CA","potentialAction":[{"@type":"ReadAction","target":["https:\/\/ksproducts.ca\/product\/luxor-30-device-charging-cabinet-cart-for-up-to-13inch-screens\/"]}]},{"@type":"ImageObject","inLanguage":"fr-CA","@id":"https:\/\/ksproducts.ca\/product\/luxor-30-device-charging-cabinet-cart-for-up-to-13inch-screens\/#primaryimage","url":"https:\/\/ksproducts.ca\/wp-content\/uploads\/2026\/03\/Luxor-30-Device-Charging-Cabinet-Cart-for-up-to-13inch-Screens.avif","contentUrl":"https:\/\/ksproducts.ca\/wp-content\/uploads\/2026\/03\/Luxor-30-Device-Charging-Cabinet-Cart-for-up-to-13inch-Screens.avif","width":1000,"height":1000,"caption":"Luxor 30 Device Charging Cabinet Cart for up to 13inch Screens"},{"@type":"BreadcrumbList","@id":"https:\/\/ksproducts.ca\/product\/luxor-30-device-charging-cabinet-cart-for-up-to-13inch-screens\/#breadcrumb","itemListElement":[{"@type":"ListItem","position":1,"name":"Home","item":"https:\/\/ksproducts.ca\/"},{"@type":"ListItem","position":2,"name":"Shop","item":"https:\/\/ksproducts.ca\/shop\/"},{"@type":"ListItem","position":3,"name":"Luxor 30-Device Charging Cabinet Cart for up to 13inch Screens"}]},{"@type":"WebSite","@id":"https:\/\/ksproducts.ca\/#website","url":"https:\/\/ksproducts.ca\/","name":"Produits Ks","description":"Cuisiner et vivre en plein air, c'est facile au Canada","publisher":{"@id":"https:\/\/ksproducts.ca\/#organization"},"potentialAction":[{"@type":"SearchAction","target":{"@type":"EntryPoint","urlTemplate":"https:\/\/ksproducts.ca\/?s={search_term_string}"},"query-input":{"@type":"PropertyValueSpecification","valueRequired":true,"valueName":"search_term_string"}}],"inLanguage":"fr-CA"},{"@type":"Organization","@id":"https:\/\/ksproducts.ca\/#organization","name":"Produits Ks","url":"https:\/\/ksproducts.ca\/","logo":{"@type":"ImageObject","inLanguage":"fr-CA","@id":"https:\/\/ksproducts.ca\/#\/schema\/logo\/image\/","url":"https:\/\/ksproducts.ca\/wp-content\/uploads\/2023\/09\/Kennedy-Sales-Logo-header-1.png","contentUrl":"https:\/\/ksproducts.ca\/wp-content\/uploads\/2023\/09\/Kennedy-Sales-Logo-header-1.png","width":150,"height":77,"caption":"Ks Products"},"image":{"@id":"https:\/\/ksproducts.ca\/#\/schema\/logo\/image\/"}}]}},"_links":{"self":[{"href":"https:\/\/ksproducts.ca\/fr\/wp-json\/wp\/v2\/product\/12253","targetHints":{"allow":["GET"]}}],"collection":[{"href":"https:\/\/ksproducts.ca\/fr\/wp-json\/wp\/v2\/product"}],"about":[{"href":"https:\/\/ksproducts.ca\/fr\/wp-json\/wp\/v2\/types\/product"}],"replies":[{"embeddable":true,"href":"https:\/\/ksproducts.ca\/fr\/wp-json\/wp\/v2\/comments?post=12253"}],"version-history":[{"count":1,"href":"https:\/\/ksproducts.ca\/fr\/wp-json\/wp\/v2\/product\/12253\/revisions"}],"predecessor-version":[{"id":12255,"href":"https:\/\/ksproducts.ca\/fr\/wp-json\/wp\/v2\/product\/12253\/revisions\/12255"}],"wp:featuredmedia":[{"embeddable":true,"href":"https:\/\/ksproducts.ca\/fr\/wp-json\/wp\/v2\/media\/12254"}],"wp:attachment":[{"href":"https:\/\/ksproducts.ca\/fr\/wp-json\/wp\/v2\/media?parent=12253"}],"wp:term":[{"taxonomy":"product_cat","embeddable":true,"href":"https:\/\/ksproducts.ca\/fr\/wp-json\/wp\/v2\/product_cat?post=12253"},{"taxonomy":"product_tag","embeddable":true,"href":"https:\/\/ksproducts.ca\/fr\/wp-json\/wp\/v2\/product_tag?post=12253"}],"curies":[{"name":"wp","href":"https:\/\/api.w.org\/{rel}","templated":true}]}}