{"id":12259,"date":"2026-03-10T19:36:55","date_gmt":"2026-03-10T19:36:55","guid":{"rendered":"https:\/\/ksproducts.ca\/?post_type=product&#038;p=12259"},"modified":"2026-03-16T15:34:25","modified_gmt":"2026-03-16T15:34:25","slug":"luxor-dolly-handle-for-modular-charging-cabinet-system","status":"publish","type":"product","link":"https:\/\/ksproducts.ca\/fr\/product\/luxor-dolly-handle-for-modular-charging-cabinet-system\/","title":{"rendered":"Poign\u00e9e de chariot Luxor pour syst\u00e8me d'armoire de chargement modulaire"},"content":{"rendered":"<ul>\n<li>Peut \u00eatre mont\u00e9 sur les chariots \u00e0 armoires longues simples et doubles.<\/li>\n<li>Le chariot vertical Poign\u00e9e.<\/li>\n<li>Construction durable en acier peint par poudrage.<\/li>\n<\/ul>","protected":false},"excerpt":{"rendered":"<p>La poign\u00e9e du chariot vertical du syst\u00e8me de charge modulaire peut \u00eatre mont\u00e9e sur les chariots \u00e0 armoire simple ou double. La poign\u00e9e de chariot verticale permet de d\u00e9placer votre syst\u00e8me de chargement sans effort.<\/p>","protected":false},"featured_media":12260,"comment_status":"open","ping_status":"closed","template":"","meta":[],"product_cat":[391,433],"product_tag":[],"class_list":{"0":"post-12259","1":"product","2":"type-product","3":"status-publish","4":"has-post-thumbnail","6":"product_cat-home-office-furnishings","7":"product_cat-utility-carts","8":"product_shipping_class-class-2","10":"first","11":"instock","12":"taxable","13":"shipping-taxable","14":"purchasable","15":"product-type-simple"},"yoast_head":"<!-- This site is optimized with the Yoast SEO plugin v27.3 - https:\/\/yoast.com\/product\/yoast-seo-wordpress\/ -->\n<title>Luxor Dolly Handle for Modular Charging Cabinet System - Ks Products<\/title>\n<meta name=\"robots\" content=\"index, follow, max-snippet:-1, max-image-preview:large, max-video-preview:-1\" \/>\n<link rel=\"canonical\" href=\"https:\/\/ksproducts.ca\/fr\/product\/luxor-dolly-handle-for-modular-charging-cabinet-system\/\" \/>\n<meta property=\"og:locale\" content=\"fr_CA\" \/>\n<meta property=\"og:type\" content=\"article\" \/>\n<meta property=\"og:title\" content=\"Luxor Dolly Handle for Modular Charging Cabinet System - Ks Products\" \/>\n<meta property=\"og:description\" content=\"The Modular Charging System Upright Dolly Handle can be fitted to both single and double long cabinet dollies. The upright cart style Dolly Handle makes moving your device charging system effortless.\" \/>\n<meta property=\"og:url\" content=\"https:\/\/ksproducts.ca\/fr\/product\/luxor-dolly-handle-for-modular-charging-cabinet-system\/\" \/>\n<meta property=\"og:site_name\" content=\"Ks Products\" \/>\n<meta property=\"article:modified_time\" content=\"2026-03-16T15:34:25+00:00\" \/>\n<meta property=\"og:image\" content=\"https:\/\/ksproducts.ca\/wp-content\/uploads\/2023\/09\/Kennedy-Sales-Logo-header-1.png\" \/>\n\t<meta property=\"og:image:width\" content=\"150\" \/>\n\t<meta property=\"og:image:height\" content=\"77\" \/>\n\t<meta property=\"og:image:type\" content=\"image\/png\" \/>\n<meta name=\"twitter:card\" content=\"summary_large_image\" \/>\n<meta name=\"twitter:label1\" content=\"Estimation du temps de lecture\" \/>\n\t<meta name=\"twitter:data1\" content=\"1 minute\" \/>\n<script type=\"application\/ld+json\" class=\"yoast-schema-graph\">{\"@context\":\"https:\\\/\\\/schema.org\",\"@graph\":[{\"@type\":\"WebPage\",\"@id\":\"https:\\\/\\\/ksproducts.ca\\\/product\\\/luxor-dolly-handle-for-modular-charging-cabinet-system\\\/\",\"url\":\"https:\\\/\\\/ksproducts.ca\\\/product\\\/luxor-dolly-handle-for-modular-charging-cabinet-system\\\/\",\"name\":\"Luxor Dolly Handle for Modular Charging Cabinet System - Ks Products\",\"isPartOf\":{\"@id\":\"https:\\\/\\\/ksproducts.ca\\\/#website\"},\"primaryImageOfPage\":{\"@id\":\"https:\\\/\\\/ksproducts.ca\\\/product\\\/luxor-dolly-handle-for-modular-charging-cabinet-system\\\/#primaryimage\"},\"image\":{\"@id\":\"https:\\\/\\\/ksproducts.ca\\\/product\\\/luxor-dolly-handle-for-modular-charging-cabinet-system\\\/#primaryimage\"},\"thumbnailUrl\":\"https:\\\/\\\/ksproducts.ca\\\/wp-content\\\/uploads\\\/2026\\\/03\\\/Luxor-Dolly-Handle-for-Modular-Charging-Cabinet-System.avif\",\"datePublished\":\"2026-03-10T19:36:55+00:00\",\"dateModified\":\"2026-03-16T15:34:25+00:00\",\"breadcrumb\":{\"@id\":\"https:\\\/\\\/ksproducts.ca\\\/product\\\/luxor-dolly-handle-for-modular-charging-cabinet-system\\\/#breadcrumb\"},\"inLanguage\":\"fr-CA\",\"potentialAction\":[{\"@type\":\"ReadAction\",\"target\":[\"https:\\\/\\\/ksproducts.ca\\\/product\\\/luxor-dolly-handle-for-modular-charging-cabinet-system\\\/\"]}]},{\"@type\":\"ImageObject\",\"inLanguage\":\"fr-CA\",\"@id\":\"https:\\\/\\\/ksproducts.ca\\\/product\\\/luxor-dolly-handle-for-modular-charging-cabinet-system\\\/#primaryimage\",\"url\":\"https:\\\/\\\/ksproducts.ca\\\/wp-content\\\/uploads\\\/2026\\\/03\\\/Luxor-Dolly-Handle-for-Modular-Charging-Cabinet-System.avif\",\"contentUrl\":\"https:\\\/\\\/ksproducts.ca\\\/wp-content\\\/uploads\\\/2026\\\/03\\\/Luxor-Dolly-Handle-for-Modular-Charging-Cabinet-System.avif\",\"width\":1000,\"height\":1000,\"caption\":\"Luxor Dolly Handle for Modular Charging Cabinet System\"},{\"@type\":\"BreadcrumbList\",\"@id\":\"https:\\\/\\\/ksproducts.ca\\\/product\\\/luxor-dolly-handle-for-modular-charging-cabinet-system\\\/#breadcrumb\",\"itemListElement\":[{\"@type\":\"ListItem\",\"position\":1,\"name\":\"Home\",\"item\":\"https:\\\/\\\/ksproducts.ca\\\/\"},{\"@type\":\"ListItem\",\"position\":2,\"name\":\"Shop\",\"item\":\"https:\\\/\\\/ksproducts.ca\\\/shop\\\/\"},{\"@type\":\"ListItem\",\"position\":3,\"name\":\"Luxor Dolly Handle for Modular Charging Cabinet System\"}]},{\"@type\":\"WebSite\",\"@id\":\"https:\\\/\\\/ksproducts.ca\\\/#website\",\"url\":\"https:\\\/\\\/ksproducts.ca\\\/\",\"name\":\"Ks Products\",\"description\":\"Outdoor cooking and living, made easy in Canada\",\"publisher\":{\"@id\":\"https:\\\/\\\/ksproducts.ca\\\/#organization\"},\"potentialAction\":[{\"@type\":\"SearchAction\",\"target\":{\"@type\":\"EntryPoint\",\"urlTemplate\":\"https:\\\/\\\/ksproducts.ca\\\/?s={search_term_string}\"},\"query-input\":{\"@type\":\"PropertyValueSpecification\",\"valueRequired\":true,\"valueName\":\"search_term_string\"}}],\"inLanguage\":\"fr-CA\"},{\"@type\":\"Organization\",\"@id\":\"https:\\\/\\\/ksproducts.ca\\\/#organization\",\"name\":\"Ks Products\",\"url\":\"https:\\\/\\\/ksproducts.ca\\\/\",\"logo\":{\"@type\":\"ImageObject\",\"inLanguage\":\"fr-CA\",\"@id\":\"https:\\\/\\\/ksproducts.ca\\\/#\\\/schema\\\/logo\\\/image\\\/\",\"url\":\"https:\\\/\\\/ksproducts.ca\\\/wp-content\\\/uploads\\\/2023\\\/09\\\/Kennedy-Sales-Logo-header-1.png\",\"contentUrl\":\"https:\\\/\\\/ksproducts.ca\\\/wp-content\\\/uploads\\\/2023\\\/09\\\/Kennedy-Sales-Logo-header-1.png\",\"width\":150,\"height\":77,\"caption\":\"Ks Products\"},\"image\":{\"@id\":\"https:\\\/\\\/ksproducts.ca\\\/#\\\/schema\\\/logo\\\/image\\\/\"}}]}<\/script>\n<!-- \/ Yoast SEO plugin. -->","yoast_head_json":{"title":"Poign\u00e9e de chariot Luxor pour syst\u00e8me d'armoire de chargement modulaire - Ks Products","robots":{"index":"index","follow":"follow","max-snippet":"max-snippet:-1","max-image-preview":"max-image-preview:large","max-video-preview":"max-video-preview:-1"},"canonical":"https:\/\/ksproducts.ca\/fr\/product\/luxor-dolly-handle-for-modular-charging-cabinet-system\/","og_locale":"fr_CA","og_type":"article","og_title":"Luxor Dolly Handle for Modular Charging Cabinet System - Ks Products","og_description":"The Modular Charging System Upright Dolly Handle can be fitted to both single and double long cabinet dollies. The upright cart style Dolly Handle makes moving your device charging system effortless.","og_url":"https:\/\/ksproducts.ca\/fr\/product\/luxor-dolly-handle-for-modular-charging-cabinet-system\/","og_site_name":"Ks Products","article_modified_time":"2026-03-16T15:34:25+00:00","og_image":[{"width":150,"height":77,"url":"https:\/\/ksproducts.ca\/wp-content\/uploads\/2023\/09\/Kennedy-Sales-Logo-header-1.png","type":"image\/png"}],"twitter_card":"summary_large_image","twitter_misc":{"Estimation du temps de lecture":"1 minute"},"schema":{"@context":"https:\/\/schema.org","@graph":[{"@type":"WebPage","@id":"https:\/\/ksproducts.ca\/product\/luxor-dolly-handle-for-modular-charging-cabinet-system\/","url":"https:\/\/ksproducts.ca\/product\/luxor-dolly-handle-for-modular-charging-cabinet-system\/","name":"Poign\u00e9e de chariot Luxor pour syst\u00e8me d'armoire de chargement modulaire - Ks Products","isPartOf":{"@id":"https:\/\/ksproducts.ca\/#website"},"primaryImageOfPage":{"@id":"https:\/\/ksproducts.ca\/product\/luxor-dolly-handle-for-modular-charging-cabinet-system\/#primaryimage"},"image":{"@id":"https:\/\/ksproducts.ca\/product\/luxor-dolly-handle-for-modular-charging-cabinet-system\/#primaryimage"},"thumbnailUrl":"https:\/\/ksproducts.ca\/wp-content\/uploads\/2026\/03\/Luxor-Dolly-Handle-for-Modular-Charging-Cabinet-System.avif","datePublished":"2026-03-10T19:36:55+00:00","dateModified":"2026-03-16T15:34:25+00:00","breadcrumb":{"@id":"https:\/\/ksproducts.ca\/product\/luxor-dolly-handle-for-modular-charging-cabinet-system\/#breadcrumb"},"inLanguage":"fr-CA","potentialAction":[{"@type":"ReadAction","target":["https:\/\/ksproducts.ca\/product\/luxor-dolly-handle-for-modular-charging-cabinet-system\/"]}]},{"@type":"ImageObject","inLanguage":"fr-CA","@id":"https:\/\/ksproducts.ca\/product\/luxor-dolly-handle-for-modular-charging-cabinet-system\/#primaryimage","url":"https:\/\/ksproducts.ca\/wp-content\/uploads\/2026\/03\/Luxor-Dolly-Handle-for-Modular-Charging-Cabinet-System.avif","contentUrl":"https:\/\/ksproducts.ca\/wp-content\/uploads\/2026\/03\/Luxor-Dolly-Handle-for-Modular-Charging-Cabinet-System.avif","width":1000,"height":1000,"caption":"Luxor Dolly Handle for Modular Charging Cabinet System"},{"@type":"BreadcrumbList","@id":"https:\/\/ksproducts.ca\/product\/luxor-dolly-handle-for-modular-charging-cabinet-system\/#breadcrumb","itemListElement":[{"@type":"ListItem","position":1,"name":"Home","item":"https:\/\/ksproducts.ca\/"},{"@type":"ListItem","position":2,"name":"Shop","item":"https:\/\/ksproducts.ca\/shop\/"},{"@type":"ListItem","position":3,"name":"Luxor Dolly Handle for Modular Charging Cabinet System"}]},{"@type":"WebSite","@id":"https:\/\/ksproducts.ca\/#website","url":"https:\/\/ksproducts.ca\/","name":"Produits Ks","description":"Cuisiner et vivre en plein air, c'est facile au Canada","publisher":{"@id":"https:\/\/ksproducts.ca\/#organization"},"potentialAction":[{"@type":"SearchAction","target":{"@type":"EntryPoint","urlTemplate":"https:\/\/ksproducts.ca\/?s={search_term_string}"},"query-input":{"@type":"PropertyValueSpecification","valueRequired":true,"valueName":"search_term_string"}}],"inLanguage":"fr-CA"},{"@type":"Organization","@id":"https:\/\/ksproducts.ca\/#organization","name":"Produits Ks","url":"https:\/\/ksproducts.ca\/","logo":{"@type":"ImageObject","inLanguage":"fr-CA","@id":"https:\/\/ksproducts.ca\/#\/schema\/logo\/image\/","url":"https:\/\/ksproducts.ca\/wp-content\/uploads\/2023\/09\/Kennedy-Sales-Logo-header-1.png","contentUrl":"https:\/\/ksproducts.ca\/wp-content\/uploads\/2023\/09\/Kennedy-Sales-Logo-header-1.png","width":150,"height":77,"caption":"Ks Products"},"image":{"@id":"https:\/\/ksproducts.ca\/#\/schema\/logo\/image\/"}}]}},"_links":{"self":[{"href":"https:\/\/ksproducts.ca\/fr\/wp-json\/wp\/v2\/product\/12259","targetHints":{"allow":["GET"]}}],"collection":[{"href":"https:\/\/ksproducts.ca\/fr\/wp-json\/wp\/v2\/product"}],"about":[{"href":"https:\/\/ksproducts.ca\/fr\/wp-json\/wp\/v2\/types\/product"}],"replies":[{"embeddable":true,"href":"https:\/\/ksproducts.ca\/fr\/wp-json\/wp\/v2\/comments?post=12259"}],"version-history":[{"count":1,"href":"https:\/\/ksproducts.ca\/fr\/wp-json\/wp\/v2\/product\/12259\/revisions"}],"predecessor-version":[{"id":12261,"href":"https:\/\/ksproducts.ca\/fr\/wp-json\/wp\/v2\/product\/12259\/revisions\/12261"}],"wp:featuredmedia":[{"embeddable":true,"href":"https:\/\/ksproducts.ca\/fr\/wp-json\/wp\/v2\/media\/12260"}],"wp:attachment":[{"href":"https:\/\/ksproducts.ca\/fr\/wp-json\/wp\/v2\/media?parent=12259"}],"wp:term":[{"taxonomy":"product_cat","embeddable":true,"href":"https:\/\/ksproducts.ca\/fr\/wp-json\/wp\/v2\/product_cat?post=12259"},{"taxonomy":"product_tag","embeddable":true,"href":"https:\/\/ksproducts.ca\/fr\/wp-json\/wp\/v2\/product_tag?post=12259"}],"curies":[{"name":"wp","href":"https:\/\/api.w.org\/{rel}","templated":true}]}}