{"id":12262,"date":"2026-03-10T19:39:24","date_gmt":"2026-03-10T19:39:24","guid":{"rendered":"https:\/\/ksproducts.ca\/?post_type=product&#038;p=12262"},"modified":"2026-03-16T15:35:07","modified_gmt":"2026-03-16T15:35:07","slug":"luxor-single-dolly-for-modular-charging-cabinet-system","status":"publish","type":"product","link":"https:\/\/ksproducts.ca\/fr\/product\/luxor-single-dolly-for-modular-charging-cabinet-system\/","title":{"rendered":"Luxor Single Dolly pour le syst\u00e8me d'armoire de chargement modulaire"},"content":{"rendered":"<ul>\n<li>Peut contenir jusqu'\u00e0 3 armoires de chargement<\/li>\n<li>4 prises de courant<\/li>\n<li>Enveloppe de cordon int\u00e9gr\u00e9e<\/li>\n<li>Roues non marquantes<\/li>\n<li>Peut \u00eatre \u00e9quip\u00e9 d'une poign\u00e9e verticale optique<\/li>\n<\/ul>","protected":false},"excerpt":{"rendered":"<p>Le chariot de 17 pouces du syst\u00e8me de charge modulaire est con\u00e7u pour accueillir jusqu'\u00e0 3 armoires de charge et est \u00e9quip\u00e9 de 4 prises de courant. Le chariot est \u00e9galement \u00e9quip\u00e9 de 4 roues non marquantes \u00e0 roulement facile et d'un enrouleur de cordon int\u00e9gr\u00e9.<\/p>","protected":false},"featured_media":12263,"comment_status":"open","ping_status":"closed","template":"","meta":[],"product_cat":[433],"product_tag":[],"class_list":{"0":"post-12262","1":"product","2":"type-product","3":"status-publish","4":"has-post-thumbnail","6":"product_cat-utility-carts","7":"product_shipping_class-class-2","9":"first","10":"instock","11":"taxable","12":"shipping-taxable","13":"purchasable","14":"product-type-simple"},"yoast_head":"<!-- This site is optimized with the Yoast SEO plugin v27.3 - https:\/\/yoast.com\/product\/yoast-seo-wordpress\/ -->\n<title>Luxor Single Dolly for Modular Charging Cabinet System - Ks Products<\/title>\n<meta name=\"robots\" content=\"index, follow, max-snippet:-1, max-image-preview:large, max-video-preview:-1\" \/>\n<link rel=\"canonical\" href=\"https:\/\/ksproducts.ca\/fr\/product\/luxor-single-dolly-for-modular-charging-cabinet-system\/\" \/>\n<meta property=\"og:locale\" content=\"fr_CA\" \/>\n<meta property=\"og:type\" content=\"article\" \/>\n<meta property=\"og:title\" content=\"Luxor Single Dolly for Modular Charging Cabinet System - Ks Products\" \/>\n<meta property=\"og:description\" content=\"The Modular Charging System Single 17-inch Dolly is designed to hold up to 3 charging cabinets and comes with 4 power outlets. The dolly is also equipped with 4 easy roll non-marking wheels and integrated cord wrap.\" \/>\n<meta property=\"og:url\" content=\"https:\/\/ksproducts.ca\/fr\/product\/luxor-single-dolly-for-modular-charging-cabinet-system\/\" \/>\n<meta property=\"og:site_name\" content=\"Ks Products\" \/>\n<meta property=\"article:modified_time\" content=\"2026-03-16T15:35:07+00:00\" \/>\n<meta property=\"og:image\" content=\"https:\/\/ksproducts.ca\/wp-content\/uploads\/2026\/03\/Luxor-Single-Dolly-for-Modular-Charging-Cabinet-System.png\" \/>\n\t<meta property=\"og:image:width\" content=\"440\" \/>\n\t<meta property=\"og:image:height\" content=\"440\" \/>\n\t<meta property=\"og:image:type\" content=\"image\/png\" \/>\n<meta name=\"twitter:card\" content=\"summary_large_image\" \/>\n<meta name=\"twitter:label1\" content=\"Estimation du temps de lecture\" \/>\n\t<meta name=\"twitter:data1\" content=\"1 minute\" \/>\n<script type=\"application\/ld+json\" class=\"yoast-schema-graph\">{\"@context\":\"https:\\\/\\\/schema.org\",\"@graph\":[{\"@type\":\"WebPage\",\"@id\":\"https:\\\/\\\/ksproducts.ca\\\/product\\\/luxor-single-dolly-for-modular-charging-cabinet-system\\\/\",\"url\":\"https:\\\/\\\/ksproducts.ca\\\/product\\\/luxor-single-dolly-for-modular-charging-cabinet-system\\\/\",\"name\":\"Luxor Single Dolly for Modular Charging Cabinet System - Ks Products\",\"isPartOf\":{\"@id\":\"https:\\\/\\\/ksproducts.ca\\\/#website\"},\"primaryImageOfPage\":{\"@id\":\"https:\\\/\\\/ksproducts.ca\\\/product\\\/luxor-single-dolly-for-modular-charging-cabinet-system\\\/#primaryimage\"},\"image\":{\"@id\":\"https:\\\/\\\/ksproducts.ca\\\/product\\\/luxor-single-dolly-for-modular-charging-cabinet-system\\\/#primaryimage\"},\"thumbnailUrl\":\"https:\\\/\\\/ksproducts.ca\\\/wp-content\\\/uploads\\\/2026\\\/03\\\/Luxor-Single-Dolly-for-Modular-Charging-Cabinet-System.png\",\"datePublished\":\"2026-03-10T19:39:24+00:00\",\"dateModified\":\"2026-03-16T15:35:07+00:00\",\"breadcrumb\":{\"@id\":\"https:\\\/\\\/ksproducts.ca\\\/product\\\/luxor-single-dolly-for-modular-charging-cabinet-system\\\/#breadcrumb\"},\"inLanguage\":\"fr-CA\",\"potentialAction\":[{\"@type\":\"ReadAction\",\"target\":[\"https:\\\/\\\/ksproducts.ca\\\/product\\\/luxor-single-dolly-for-modular-charging-cabinet-system\\\/\"]}]},{\"@type\":\"ImageObject\",\"inLanguage\":\"fr-CA\",\"@id\":\"https:\\\/\\\/ksproducts.ca\\\/product\\\/luxor-single-dolly-for-modular-charging-cabinet-system\\\/#primaryimage\",\"url\":\"https:\\\/\\\/ksproducts.ca\\\/wp-content\\\/uploads\\\/2026\\\/03\\\/Luxor-Single-Dolly-for-Modular-Charging-Cabinet-System.png\",\"contentUrl\":\"https:\\\/\\\/ksproducts.ca\\\/wp-content\\\/uploads\\\/2026\\\/03\\\/Luxor-Single-Dolly-for-Modular-Charging-Cabinet-System.png\",\"width\":440,\"height\":440,\"caption\":\"Luxor Single Dolly for Modular Charging Cabinet System\"},{\"@type\":\"BreadcrumbList\",\"@id\":\"https:\\\/\\\/ksproducts.ca\\\/product\\\/luxor-single-dolly-for-modular-charging-cabinet-system\\\/#breadcrumb\",\"itemListElement\":[{\"@type\":\"ListItem\",\"position\":1,\"name\":\"Home\",\"item\":\"https:\\\/\\\/ksproducts.ca\\\/\"},{\"@type\":\"ListItem\",\"position\":2,\"name\":\"Shop\",\"item\":\"https:\\\/\\\/ksproducts.ca\\\/shop\\\/\"},{\"@type\":\"ListItem\",\"position\":3,\"name\":\"Luxor Single Dolly for Modular Charging Cabinet System\"}]},{\"@type\":\"WebSite\",\"@id\":\"https:\\\/\\\/ksproducts.ca\\\/#website\",\"url\":\"https:\\\/\\\/ksproducts.ca\\\/\",\"name\":\"Ks Products\",\"description\":\"Outdoor cooking and living, made easy in Canada\",\"publisher\":{\"@id\":\"https:\\\/\\\/ksproducts.ca\\\/#organization\"},\"potentialAction\":[{\"@type\":\"SearchAction\",\"target\":{\"@type\":\"EntryPoint\",\"urlTemplate\":\"https:\\\/\\\/ksproducts.ca\\\/?s={search_term_string}\"},\"query-input\":{\"@type\":\"PropertyValueSpecification\",\"valueRequired\":true,\"valueName\":\"search_term_string\"}}],\"inLanguage\":\"fr-CA\"},{\"@type\":\"Organization\",\"@id\":\"https:\\\/\\\/ksproducts.ca\\\/#organization\",\"name\":\"Ks Products\",\"url\":\"https:\\\/\\\/ksproducts.ca\\\/\",\"logo\":{\"@type\":\"ImageObject\",\"inLanguage\":\"fr-CA\",\"@id\":\"https:\\\/\\\/ksproducts.ca\\\/#\\\/schema\\\/logo\\\/image\\\/\",\"url\":\"https:\\\/\\\/ksproducts.ca\\\/wp-content\\\/uploads\\\/2023\\\/09\\\/Kennedy-Sales-Logo-header-1.png\",\"contentUrl\":\"https:\\\/\\\/ksproducts.ca\\\/wp-content\\\/uploads\\\/2023\\\/09\\\/Kennedy-Sales-Logo-header-1.png\",\"width\":150,\"height\":77,\"caption\":\"Ks Products\"},\"image\":{\"@id\":\"https:\\\/\\\/ksproducts.ca\\\/#\\\/schema\\\/logo\\\/image\\\/\"}}]}<\/script>\n<!-- \/ Yoast SEO plugin. -->","yoast_head_json":{"title":"Luxor Single Dolly pour syst\u00e8me d'armoire de chargement modulaire - Ks Products","robots":{"index":"index","follow":"follow","max-snippet":"max-snippet:-1","max-image-preview":"max-image-preview:large","max-video-preview":"max-video-preview:-1"},"canonical":"https:\/\/ksproducts.ca\/fr\/product\/luxor-single-dolly-for-modular-charging-cabinet-system\/","og_locale":"fr_CA","og_type":"article","og_title":"Luxor Single Dolly for Modular Charging Cabinet System - Ks Products","og_description":"The Modular Charging System Single 17-inch Dolly is designed to hold up to 3 charging cabinets and comes with 4 power outlets. The dolly is also equipped with 4 easy roll non-marking wheels and integrated cord wrap.","og_url":"https:\/\/ksproducts.ca\/fr\/product\/luxor-single-dolly-for-modular-charging-cabinet-system\/","og_site_name":"Ks Products","article_modified_time":"2026-03-16T15:35:07+00:00","og_image":[{"width":440,"height":440,"url":"https:\/\/ksproducts.ca\/wp-content\/uploads\/2026\/03\/Luxor-Single-Dolly-for-Modular-Charging-Cabinet-System.png","type":"image\/png"}],"twitter_card":"summary_large_image","twitter_misc":{"Estimation du temps de lecture":"1 minute"},"schema":{"@context":"https:\/\/schema.org","@graph":[{"@type":"WebPage","@id":"https:\/\/ksproducts.ca\/product\/luxor-single-dolly-for-modular-charging-cabinet-system\/","url":"https:\/\/ksproducts.ca\/product\/luxor-single-dolly-for-modular-charging-cabinet-system\/","name":"Luxor Single Dolly pour syst\u00e8me d'armoire de chargement modulaire - Ks Products","isPartOf":{"@id":"https:\/\/ksproducts.ca\/#website"},"primaryImageOfPage":{"@id":"https:\/\/ksproducts.ca\/product\/luxor-single-dolly-for-modular-charging-cabinet-system\/#primaryimage"},"image":{"@id":"https:\/\/ksproducts.ca\/product\/luxor-single-dolly-for-modular-charging-cabinet-system\/#primaryimage"},"thumbnailUrl":"https:\/\/ksproducts.ca\/wp-content\/uploads\/2026\/03\/Luxor-Single-Dolly-for-Modular-Charging-Cabinet-System.png","datePublished":"2026-03-10T19:39:24+00:00","dateModified":"2026-03-16T15:35:07+00:00","breadcrumb":{"@id":"https:\/\/ksproducts.ca\/product\/luxor-single-dolly-for-modular-charging-cabinet-system\/#breadcrumb"},"inLanguage":"fr-CA","potentialAction":[{"@type":"ReadAction","target":["https:\/\/ksproducts.ca\/product\/luxor-single-dolly-for-modular-charging-cabinet-system\/"]}]},{"@type":"ImageObject","inLanguage":"fr-CA","@id":"https:\/\/ksproducts.ca\/product\/luxor-single-dolly-for-modular-charging-cabinet-system\/#primaryimage","url":"https:\/\/ksproducts.ca\/wp-content\/uploads\/2026\/03\/Luxor-Single-Dolly-for-Modular-Charging-Cabinet-System.png","contentUrl":"https:\/\/ksproducts.ca\/wp-content\/uploads\/2026\/03\/Luxor-Single-Dolly-for-Modular-Charging-Cabinet-System.png","width":440,"height":440,"caption":"Luxor Single Dolly for Modular Charging Cabinet System"},{"@type":"BreadcrumbList","@id":"https:\/\/ksproducts.ca\/product\/luxor-single-dolly-for-modular-charging-cabinet-system\/#breadcrumb","itemListElement":[{"@type":"ListItem","position":1,"name":"Home","item":"https:\/\/ksproducts.ca\/"},{"@type":"ListItem","position":2,"name":"Shop","item":"https:\/\/ksproducts.ca\/shop\/"},{"@type":"ListItem","position":3,"name":"Luxor Single Dolly for Modular Charging Cabinet System"}]},{"@type":"WebSite","@id":"https:\/\/ksproducts.ca\/#website","url":"https:\/\/ksproducts.ca\/","name":"Produits Ks","description":"Cuisiner et vivre en plein air, c'est facile au Canada","publisher":{"@id":"https:\/\/ksproducts.ca\/#organization"},"potentialAction":[{"@type":"SearchAction","target":{"@type":"EntryPoint","urlTemplate":"https:\/\/ksproducts.ca\/?s={search_term_string}"},"query-input":{"@type":"PropertyValueSpecification","valueRequired":true,"valueName":"search_term_string"}}],"inLanguage":"fr-CA"},{"@type":"Organization","@id":"https:\/\/ksproducts.ca\/#organization","name":"Produits Ks","url":"https:\/\/ksproducts.ca\/","logo":{"@type":"ImageObject","inLanguage":"fr-CA","@id":"https:\/\/ksproducts.ca\/#\/schema\/logo\/image\/","url":"https:\/\/ksproducts.ca\/wp-content\/uploads\/2023\/09\/Kennedy-Sales-Logo-header-1.png","contentUrl":"https:\/\/ksproducts.ca\/wp-content\/uploads\/2023\/09\/Kennedy-Sales-Logo-header-1.png","width":150,"height":77,"caption":"Ks Products"},"image":{"@id":"https:\/\/ksproducts.ca\/#\/schema\/logo\/image\/"}}]}},"_links":{"self":[{"href":"https:\/\/ksproducts.ca\/fr\/wp-json\/wp\/v2\/product\/12262","targetHints":{"allow":["GET"]}}],"collection":[{"href":"https:\/\/ksproducts.ca\/fr\/wp-json\/wp\/v2\/product"}],"about":[{"href":"https:\/\/ksproducts.ca\/fr\/wp-json\/wp\/v2\/types\/product"}],"replies":[{"embeddable":true,"href":"https:\/\/ksproducts.ca\/fr\/wp-json\/wp\/v2\/comments?post=12262"}],"version-history":[{"count":1,"href":"https:\/\/ksproducts.ca\/fr\/wp-json\/wp\/v2\/product\/12262\/revisions"}],"predecessor-version":[{"id":12264,"href":"https:\/\/ksproducts.ca\/fr\/wp-json\/wp\/v2\/product\/12262\/revisions\/12264"}],"wp:featuredmedia":[{"embeddable":true,"href":"https:\/\/ksproducts.ca\/fr\/wp-json\/wp\/v2\/media\/12263"}],"wp:attachment":[{"href":"https:\/\/ksproducts.ca\/fr\/wp-json\/wp\/v2\/media?parent=12262"}],"wp:term":[{"taxonomy":"product_cat","embeddable":true,"href":"https:\/\/ksproducts.ca\/fr\/wp-json\/wp\/v2\/product_cat?post=12262"},{"taxonomy":"product_tag","embeddable":true,"href":"https:\/\/ksproducts.ca\/fr\/wp-json\/wp\/v2\/product_tag?post=12262"}],"curies":[{"name":"wp","href":"https:\/\/api.w.org\/{rel}","templated":true}]}}