{"id":12265,"date":"2026-03-10T19:43:52","date_gmt":"2026-03-10T19:43:52","guid":{"rendered":"https:\/\/ksproducts.ca\/?post_type=product&#038;p=12265"},"modified":"2026-03-10T19:43:52","modified_gmt":"2026-03-10T19:43:52","slug":"armature-de-recharge-luxor-16-pour-ecrans-jusqua-16-pouces","status":"publish","type":"product","link":"https:\/\/ksproducts.ca\/fr\/product\/luxor-16-device-charging-cabinet-cart-for-up-to-16inch-screens\/","title":{"rendered":"Luxor 16-Device Charging Cabinet Cart for up to 16inch Screens (Cabinet de chargement pour 16 appareils)"},"content":{"rendered":"<ul>\n<li>Charge jusqu'\u00e0 16 tablettes Chromebooks (8 par \u00e9tag\u00e8re)<\/li>\n<li>Les s\u00e9parateurs recouverts de caoutchouc gardent le mat\u00e9riel organis\u00e9 et prot\u00e9g\u00e9<\/li>\n<li>Barre d'alimentation \u00e9lectrique verticale certifi\u00e9e UL avec 16 prises 120 V\/15 A<\/li>\n<\/ul>","protected":false},"excerpt":{"rendered":"<p>Le chariot de chargement mobile est construit enti\u00e8rement en acier et ventil\u00e9 sur les quatre c\u00f4t\u00e9s. Il est \u00e9quip\u00e9 de quatre roulettes pivotantes antid\u00e9rapantes, dont deux avec frein de blocage, qui glissent facilement sur n'importe quelle surface de sol. De plus, ce chariot en acier ne n\u00e9cessite qu'un assemblage minimal : il suffit de fixer les roulettes et la poign\u00e9e de pouss\u00e9e ergonomique pour qu'il soit pr\u00eat \u00e0 fonctionner.<\/p>","protected":false},"featured_media":12266,"comment_status":"open","ping_status":"closed","template":"","meta":[],"product_cat":[433],"product_tag":[],"class_list":{"0":"post-12265","1":"product","2":"type-product","3":"status-publish","4":"has-post-thumbnail","6":"product_cat-utility-carts","7":"product_shipping_class-class-4","9":"first","10":"instock","11":"taxable","12":"shipping-taxable","13":"purchasable","14":"product-type-simple"},"yoast_head":"<!-- This site is optimized with the Yoast SEO plugin v27.3 - https:\/\/yoast.com\/product\/yoast-seo-wordpress\/ -->\n<title>Luxor 16-Device Charging Cabinet Cart for up to 16inch Screens - Ks Products<\/title>\n<meta name=\"robots\" content=\"index, follow, max-snippet:-1, max-image-preview:large, max-video-preview:-1\" \/>\n<link rel=\"canonical\" href=\"https:\/\/ksproducts.ca\/fr\/product\/armature-de-recharge-luxor-16-pour-ecrans-jusqua-16-pouces\/\" \/>\n<meta property=\"og:locale\" content=\"fr_CA\" \/>\n<meta property=\"og:type\" content=\"article\" \/>\n<meta property=\"og:title\" content=\"Luxor 16-Device Charging Cabinet Cart for up to 16inch Screens - Ks Products\" \/>\n<meta property=\"og:description\" content=\"The mobile charging cart features all-steel construction with ventilation on all four sides, and includes four 3 non-skid, full swivel casters, two with locking brakes, that easily glide on any floor surface. Best of all, this steel cart requires minimal assembly; simply attach the casters and ergonomic push handle and be ready to go.\" \/>\n<meta property=\"og:url\" content=\"https:\/\/ksproducts.ca\/fr\/product\/armature-de-recharge-luxor-16-pour-ecrans-jusqua-16-pouces\/\" \/>\n<meta property=\"og:site_name\" content=\"Ks Products\" \/>\n<meta property=\"og:image\" content=\"https:\/\/ksproducts.ca\/wp-content\/uploads\/2026\/03\/Luxor-16-Device-Charging-Cabinet-Cart-for-up-to-16inch-Screens.png\" \/>\n\t<meta property=\"og:image:width\" content=\"440\" \/>\n\t<meta property=\"og:image:height\" content=\"440\" \/>\n\t<meta property=\"og:image:type\" content=\"image\/png\" \/>\n<meta name=\"twitter:card\" content=\"summary_large_image\" \/>\n<meta name=\"twitter:label1\" content=\"Estimation du temps de lecture\" \/>\n\t<meta name=\"twitter:data1\" content=\"1 minute\" \/>\n<script type=\"application\/ld+json\" class=\"yoast-schema-graph\">{\"@context\":\"https:\\\/\\\/schema.org\",\"@graph\":[{\"@type\":\"WebPage\",\"@id\":\"https:\\\/\\\/ksproducts.ca\\\/product\\\/luxor-16-device-charging-cabinet-cart-for-up-to-16inch-screens\\\/\",\"url\":\"https:\\\/\\\/ksproducts.ca\\\/product\\\/luxor-16-device-charging-cabinet-cart-for-up-to-16inch-screens\\\/\",\"name\":\"Luxor 16-Device Charging Cabinet Cart for up to 16inch Screens - Ks Products\",\"isPartOf\":{\"@id\":\"https:\\\/\\\/ksproducts.ca\\\/#website\"},\"primaryImageOfPage\":{\"@id\":\"https:\\\/\\\/ksproducts.ca\\\/product\\\/luxor-16-device-charging-cabinet-cart-for-up-to-16inch-screens\\\/#primaryimage\"},\"image\":{\"@id\":\"https:\\\/\\\/ksproducts.ca\\\/product\\\/luxor-16-device-charging-cabinet-cart-for-up-to-16inch-screens\\\/#primaryimage\"},\"thumbnailUrl\":\"https:\\\/\\\/ksproducts.ca\\\/wp-content\\\/uploads\\\/2026\\\/03\\\/Luxor-16-Device-Charging-Cabinet-Cart-for-up-to-16inch-Screens.png\",\"datePublished\":\"2026-03-10T19:43:52+00:00\",\"breadcrumb\":{\"@id\":\"https:\\\/\\\/ksproducts.ca\\\/product\\\/luxor-16-device-charging-cabinet-cart-for-up-to-16inch-screens\\\/#breadcrumb\"},\"inLanguage\":\"fr-CA\",\"potentialAction\":[{\"@type\":\"ReadAction\",\"target\":[\"https:\\\/\\\/ksproducts.ca\\\/product\\\/luxor-16-device-charging-cabinet-cart-for-up-to-16inch-screens\\\/\"]}]},{\"@type\":\"ImageObject\",\"inLanguage\":\"fr-CA\",\"@id\":\"https:\\\/\\\/ksproducts.ca\\\/product\\\/luxor-16-device-charging-cabinet-cart-for-up-to-16inch-screens\\\/#primaryimage\",\"url\":\"https:\\\/\\\/ksproducts.ca\\\/wp-content\\\/uploads\\\/2026\\\/03\\\/Luxor-16-Device-Charging-Cabinet-Cart-for-up-to-16inch-Screens.png\",\"contentUrl\":\"https:\\\/\\\/ksproducts.ca\\\/wp-content\\\/uploads\\\/2026\\\/03\\\/Luxor-16-Device-Charging-Cabinet-Cart-for-up-to-16inch-Screens.png\",\"width\":440,\"height\":440,\"caption\":\"Luxor 16 Device Charging Cabinet Cart for up to 16inch Screens\"},{\"@type\":\"BreadcrumbList\",\"@id\":\"https:\\\/\\\/ksproducts.ca\\\/product\\\/luxor-16-device-charging-cabinet-cart-for-up-to-16inch-screens\\\/#breadcrumb\",\"itemListElement\":[{\"@type\":\"ListItem\",\"position\":1,\"name\":\"Home\",\"item\":\"https:\\\/\\\/ksproducts.ca\\\/\"},{\"@type\":\"ListItem\",\"position\":2,\"name\":\"Shop\",\"item\":\"https:\\\/\\\/ksproducts.ca\\\/shop\\\/\"},{\"@type\":\"ListItem\",\"position\":3,\"name\":\"Luxor 16-Device Charging Cabinet Cart for up to 16inch Screens\"}]},{\"@type\":\"WebSite\",\"@id\":\"https:\\\/\\\/ksproducts.ca\\\/#website\",\"url\":\"https:\\\/\\\/ksproducts.ca\\\/\",\"name\":\"Ks Products\",\"description\":\"Outdoor cooking and living, made easy in Canada\",\"publisher\":{\"@id\":\"https:\\\/\\\/ksproducts.ca\\\/#organization\"},\"potentialAction\":[{\"@type\":\"SearchAction\",\"target\":{\"@type\":\"EntryPoint\",\"urlTemplate\":\"https:\\\/\\\/ksproducts.ca\\\/?s={search_term_string}\"},\"query-input\":{\"@type\":\"PropertyValueSpecification\",\"valueRequired\":true,\"valueName\":\"search_term_string\"}}],\"inLanguage\":\"fr-CA\"},{\"@type\":\"Organization\",\"@id\":\"https:\\\/\\\/ksproducts.ca\\\/#organization\",\"name\":\"Ks Products\",\"url\":\"https:\\\/\\\/ksproducts.ca\\\/\",\"logo\":{\"@type\":\"ImageObject\",\"inLanguage\":\"fr-CA\",\"@id\":\"https:\\\/\\\/ksproducts.ca\\\/#\\\/schema\\\/logo\\\/image\\\/\",\"url\":\"https:\\\/\\\/ksproducts.ca\\\/wp-content\\\/uploads\\\/2023\\\/09\\\/Kennedy-Sales-Logo-header-1.png\",\"contentUrl\":\"https:\\\/\\\/ksproducts.ca\\\/wp-content\\\/uploads\\\/2023\\\/09\\\/Kennedy-Sales-Logo-header-1.png\",\"width\":150,\"height\":77,\"caption\":\"Ks Products\"},\"image\":{\"@id\":\"https:\\\/\\\/ksproducts.ca\\\/#\\\/schema\\\/logo\\\/image\\\/\"}}]}<\/script>\n<!-- \/ Yoast SEO plugin. -->","yoast_head_json":{"title":"Chariot de recharge Luxor pour 16 appareils, pour \u00e9crans jusqu'\u00e0 16 pouces - Ks Products","robots":{"index":"index","follow":"follow","max-snippet":"max-snippet:-1","max-image-preview":"max-image-preview:large","max-video-preview":"max-video-preview:-1"},"canonical":"https:\/\/ksproducts.ca\/fr\/product\/armature-de-recharge-luxor-16-pour-ecrans-jusqua-16-pouces\/","og_locale":"fr_CA","og_type":"article","og_title":"Luxor 16-Device Charging Cabinet Cart for up to 16inch Screens - Ks Products","og_description":"The mobile charging cart features all-steel construction with ventilation on all four sides, and includes four 3 non-skid, full swivel casters, two with locking brakes, that easily glide on any floor surface. Best of all, this steel cart requires minimal assembly; simply attach the casters and ergonomic push handle and be ready to go.","og_url":"https:\/\/ksproducts.ca\/fr\/product\/armature-de-recharge-luxor-16-pour-ecrans-jusqua-16-pouces\/","og_site_name":"Ks Products","og_image":[{"width":440,"height":440,"url":"https:\/\/ksproducts.ca\/wp-content\/uploads\/2026\/03\/Luxor-16-Device-Charging-Cabinet-Cart-for-up-to-16inch-Screens.png","type":"image\/png"}],"twitter_card":"summary_large_image","twitter_misc":{"Estimation du temps de lecture":"1 minute"},"schema":{"@context":"https:\/\/schema.org","@graph":[{"@type":"WebPage","@id":"https:\/\/ksproducts.ca\/product\/luxor-16-device-charging-cabinet-cart-for-up-to-16inch-screens\/","url":"https:\/\/ksproducts.ca\/product\/luxor-16-device-charging-cabinet-cart-for-up-to-16inch-screens\/","name":"Chariot de recharge Luxor pour 16 appareils, pour \u00e9crans jusqu'\u00e0 16 pouces - Ks Products","isPartOf":{"@id":"https:\/\/ksproducts.ca\/#website"},"primaryImageOfPage":{"@id":"https:\/\/ksproducts.ca\/product\/luxor-16-device-charging-cabinet-cart-for-up-to-16inch-screens\/#primaryimage"},"image":{"@id":"https:\/\/ksproducts.ca\/product\/luxor-16-device-charging-cabinet-cart-for-up-to-16inch-screens\/#primaryimage"},"thumbnailUrl":"https:\/\/ksproducts.ca\/wp-content\/uploads\/2026\/03\/Luxor-16-Device-Charging-Cabinet-Cart-for-up-to-16inch-Screens.png","datePublished":"2026-03-10T19:43:52+00:00","breadcrumb":{"@id":"https:\/\/ksproducts.ca\/product\/luxor-16-device-charging-cabinet-cart-for-up-to-16inch-screens\/#breadcrumb"},"inLanguage":"fr-CA","potentialAction":[{"@type":"ReadAction","target":["https:\/\/ksproducts.ca\/product\/luxor-16-device-charging-cabinet-cart-for-up-to-16inch-screens\/"]}]},{"@type":"ImageObject","inLanguage":"fr-CA","@id":"https:\/\/ksproducts.ca\/product\/luxor-16-device-charging-cabinet-cart-for-up-to-16inch-screens\/#primaryimage","url":"https:\/\/ksproducts.ca\/wp-content\/uploads\/2026\/03\/Luxor-16-Device-Charging-Cabinet-Cart-for-up-to-16inch-Screens.png","contentUrl":"https:\/\/ksproducts.ca\/wp-content\/uploads\/2026\/03\/Luxor-16-Device-Charging-Cabinet-Cart-for-up-to-16inch-Screens.png","width":440,"height":440,"caption":"Luxor 16 Device Charging Cabinet Cart for up to 16inch Screens"},{"@type":"BreadcrumbList","@id":"https:\/\/ksproducts.ca\/product\/luxor-16-device-charging-cabinet-cart-for-up-to-16inch-screens\/#breadcrumb","itemListElement":[{"@type":"ListItem","position":1,"name":"Home","item":"https:\/\/ksproducts.ca\/"},{"@type":"ListItem","position":2,"name":"Shop","item":"https:\/\/ksproducts.ca\/shop\/"},{"@type":"ListItem","position":3,"name":"Luxor 16-Device Charging Cabinet Cart for up to 16inch Screens"}]},{"@type":"WebSite","@id":"https:\/\/ksproducts.ca\/#website","url":"https:\/\/ksproducts.ca\/","name":"Produits Ks","description":"Cuisiner et vivre en plein air, c'est facile au Canada","publisher":{"@id":"https:\/\/ksproducts.ca\/#organization"},"potentialAction":[{"@type":"SearchAction","target":{"@type":"EntryPoint","urlTemplate":"https:\/\/ksproducts.ca\/?s={search_term_string}"},"query-input":{"@type":"PropertyValueSpecification","valueRequired":true,"valueName":"search_term_string"}}],"inLanguage":"fr-CA"},{"@type":"Organization","@id":"https:\/\/ksproducts.ca\/#organization","name":"Produits Ks","url":"https:\/\/ksproducts.ca\/","logo":{"@type":"ImageObject","inLanguage":"fr-CA","@id":"https:\/\/ksproducts.ca\/#\/schema\/logo\/image\/","url":"https:\/\/ksproducts.ca\/wp-content\/uploads\/2023\/09\/Kennedy-Sales-Logo-header-1.png","contentUrl":"https:\/\/ksproducts.ca\/wp-content\/uploads\/2023\/09\/Kennedy-Sales-Logo-header-1.png","width":150,"height":77,"caption":"Ks Products"},"image":{"@id":"https:\/\/ksproducts.ca\/#\/schema\/logo\/image\/"}}]}},"_links":{"self":[{"href":"https:\/\/ksproducts.ca\/fr\/wp-json\/wp\/v2\/product\/12265","targetHints":{"allow":["GET"]}}],"collection":[{"href":"https:\/\/ksproducts.ca\/fr\/wp-json\/wp\/v2\/product"}],"about":[{"href":"https:\/\/ksproducts.ca\/fr\/wp-json\/wp\/v2\/types\/product"}],"replies":[{"embeddable":true,"href":"https:\/\/ksproducts.ca\/fr\/wp-json\/wp\/v2\/comments?post=12265"}],"version-history":[{"count":1,"href":"https:\/\/ksproducts.ca\/fr\/wp-json\/wp\/v2\/product\/12265\/revisions"}],"predecessor-version":[{"id":12267,"href":"https:\/\/ksproducts.ca\/fr\/wp-json\/wp\/v2\/product\/12265\/revisions\/12267"}],"wp:featuredmedia":[{"embeddable":true,"href":"https:\/\/ksproducts.ca\/fr\/wp-json\/wp\/v2\/media\/12266"}],"wp:attachment":[{"href":"https:\/\/ksproducts.ca\/fr\/wp-json\/wp\/v2\/media?parent=12265"}],"wp:term":[{"taxonomy":"product_cat","embeddable":true,"href":"https:\/\/ksproducts.ca\/fr\/wp-json\/wp\/v2\/product_cat?post=12265"},{"taxonomy":"product_tag","embeddable":true,"href":"https:\/\/ksproducts.ca\/fr\/wp-json\/wp\/v2\/product_tag?post=12265"}],"curies":[{"name":"wp","href":"https:\/\/api.w.org\/{rel}","templated":true}]}}