{"id":12268,"date":"2026-03-10T19:46:34","date_gmt":"2026-03-10T19:46:34","guid":{"rendered":"https:\/\/ksproducts.ca\/?post_type=product&#038;p=12268"},"modified":"2026-03-10T19:46:34","modified_gmt":"2026-03-10T19:46:34","slug":"luxor-30-device-charging-cabinet-cart-for-up-to-16inch-screens","status":"publish","type":"product","link":"https:\/\/ksproducts.ca\/fr\/product\/luxor-30-device-charging-cabinet-cart-for-up-to-16inch-screens\/","title":{"rendered":"Luxor 30-Device Charging Cabinet Cart for up to 16inch Screens (Cabinet de chargement de 30 appareils pour \u00e9crans de 16 pouces)"},"content":{"rendered":"<ul>\n<li>L'\u00e9tag\u00e8re int\u00e9rieure sup\u00e9rieure suppl\u00e9mentaire peut \u00eatre r\u00e9gl\u00e9e par incr\u00e9ments de 1\u2033 pour contenir le mat\u00e9riel collat\u00e9ral.<\/li>\n<li>L'armoire sup\u00e9rieure est dot\u00e9e d'une surface matelass\u00e9e qui offre une surface de travail pour le mat\u00e9riel collat\u00e9ral ou de pr\u00e9sentation.<\/li>\n<li>Chaque s\u00e9parateur rev\u00eatu de caoutchouc est espac\u00e9 de 1\u2033.<\/li>\n<li>Livr\u00e9 enti\u00e8rement assembl\u00e9, \u00e0 l'exception des roulettes et de la poign\u00e9e de tirage lat\u00e9rale.<\/li>\n<li>Roulettes de 5\u2033, dont deux sont verrouillables<\/li>\n<li>Le syst\u00e8me traditionnel de serrure et de cl\u00e9 comprend deux cl\u00e9s<\/li>\n<li>Suffisamment de trous pour assurer la circulation de l'air afin d'\u00e9viter la surchauffe pendant le chargement de vos tablettes.<\/li>\n<li>L'alimentation est de 120VAC\/60Hz et comprend un cordon d'alimentation de 15\u2032 adapt\u00e9 \u00e0 une prise de courant nord-am\u00e9ricaine.<\/li>\n<li>Deux prises \u00e9lectriques verticales \u00e0 16 sorties sont pr\u00e9vues pour optimiser l'espace dans l'armoire.<\/li>\n<li>Les cordons \u00e9lectriques peuvent rester aliment\u00e9s par deux petits trous situ\u00e9s sur le fond de l'appareil.<\/li>\n<\/ul>","protected":false},"excerpt":{"rendered":"<p>Chargez jusqu'\u00e0 30 tablettes simultan\u00e9ment avec le chariot roulant de chargement de tablettes Luxor. Il comporte trois \u00e9tag\u00e8res, deux grandes pouvant contenir 15 tablettes chacune et une plus petite \u00e9tag\u00e8re int\u00e9rieure sup\u00e9rieure con\u00e7ue pour contenir du mat\u00e9riel collat\u00e9ral ou de pr\u00e9sentation. Gr\u00e2ce aux s\u00e9parateurs recouverts de caoutchouc sur chaque \u00e9tag\u00e8re, vos tablettes seront \u00e0 l'abri des rayures et des chocs.<\/p>","protected":false},"featured_media":12269,"comment_status":"open","ping_status":"closed","template":"","meta":[],"product_cat":[433],"product_tag":[],"class_list":{"0":"post-12268","1":"product","2":"type-product","3":"status-publish","4":"has-post-thumbnail","6":"product_cat-utility-carts","7":"product_shipping_class-class-4","9":"first","10":"instock","11":"taxable","12":"shipping-taxable","13":"purchasable","14":"product-type-simple"},"yoast_head":"<!-- This site is optimized with the Yoast SEO plugin v27.3 - https:\/\/yoast.com\/product\/yoast-seo-wordpress\/ -->\n<title>Luxor 30-Device Charging Cabinet Cart for up to 16inch Screens - Ks Products<\/title>\n<meta name=\"robots\" content=\"index, follow, max-snippet:-1, max-image-preview:large, max-video-preview:-1\" \/>\n<link rel=\"canonical\" href=\"https:\/\/ksproducts.ca\/fr\/product\/luxor-30-device-charging-cabinet-cart-for-up-to-16inch-screens\/\" \/>\n<meta property=\"og:locale\" content=\"fr_CA\" \/>\n<meta property=\"og:type\" content=\"article\" \/>\n<meta property=\"og:title\" content=\"Luxor 30-Device Charging Cabinet Cart for up to 16inch Screens - Ks Products\" \/>\n<meta property=\"og:description\" content=\"Charge up to 30 tablets simultaneously with the Luxor Tablet Charging Rolling Cart. It features three shelves, two large ones capable of holding fifteen tablets each and a smaller top inner shelf designed to hold collateral or presentation material. Thanks to rubber-coated dividers on each shelf, your tablets will be safe from scratches and bumps\" \/>\n<meta property=\"og:url\" content=\"https:\/\/ksproducts.ca\/fr\/product\/luxor-30-device-charging-cabinet-cart-for-up-to-16inch-screens\/\" \/>\n<meta property=\"og:site_name\" content=\"Ks Products\" \/>\n<meta property=\"og:image\" content=\"https:\/\/ksproducts.ca\/wp-content\/uploads\/2026\/03\/Luxor-30-Device-Charging-Cabinet-Cart-for-up-to-16inch-Screens.jpg\" \/>\n\t<meta property=\"og:image:width\" content=\"500\" \/>\n\t<meta property=\"og:image:height\" content=\"500\" \/>\n\t<meta property=\"og:image:type\" content=\"image\/jpeg\" \/>\n<meta name=\"twitter:card\" content=\"summary_large_image\" \/>\n<meta name=\"twitter:label1\" content=\"Estimation du temps de lecture\" \/>\n\t<meta name=\"twitter:data1\" content=\"1 minute\" \/>\n<script type=\"application\/ld+json\" class=\"yoast-schema-graph\">{\"@context\":\"https:\\\/\\\/schema.org\",\"@graph\":[{\"@type\":\"WebPage\",\"@id\":\"https:\\\/\\\/ksproducts.ca\\\/product\\\/luxor-30-device-charging-cabinet-cart-for-up-to-16inch-screens\\\/\",\"url\":\"https:\\\/\\\/ksproducts.ca\\\/product\\\/luxor-30-device-charging-cabinet-cart-for-up-to-16inch-screens\\\/\",\"name\":\"Luxor 30-Device Charging Cabinet Cart for up to 16inch Screens - Ks Products\",\"isPartOf\":{\"@id\":\"https:\\\/\\\/ksproducts.ca\\\/#website\"},\"primaryImageOfPage\":{\"@id\":\"https:\\\/\\\/ksproducts.ca\\\/product\\\/luxor-30-device-charging-cabinet-cart-for-up-to-16inch-screens\\\/#primaryimage\"},\"image\":{\"@id\":\"https:\\\/\\\/ksproducts.ca\\\/product\\\/luxor-30-device-charging-cabinet-cart-for-up-to-16inch-screens\\\/#primaryimage\"},\"thumbnailUrl\":\"https:\\\/\\\/ksproducts.ca\\\/wp-content\\\/uploads\\\/2026\\\/03\\\/Luxor-30-Device-Charging-Cabinet-Cart-for-up-to-16inch-Screens.jpg\",\"datePublished\":\"2026-03-10T19:46:34+00:00\",\"breadcrumb\":{\"@id\":\"https:\\\/\\\/ksproducts.ca\\\/product\\\/luxor-30-device-charging-cabinet-cart-for-up-to-16inch-screens\\\/#breadcrumb\"},\"inLanguage\":\"fr-CA\",\"potentialAction\":[{\"@type\":\"ReadAction\",\"target\":[\"https:\\\/\\\/ksproducts.ca\\\/product\\\/luxor-30-device-charging-cabinet-cart-for-up-to-16inch-screens\\\/\"]}]},{\"@type\":\"ImageObject\",\"inLanguage\":\"fr-CA\",\"@id\":\"https:\\\/\\\/ksproducts.ca\\\/product\\\/luxor-30-device-charging-cabinet-cart-for-up-to-16inch-screens\\\/#primaryimage\",\"url\":\"https:\\\/\\\/ksproducts.ca\\\/wp-content\\\/uploads\\\/2026\\\/03\\\/Luxor-30-Device-Charging-Cabinet-Cart-for-up-to-16inch-Screens.jpg\",\"contentUrl\":\"https:\\\/\\\/ksproducts.ca\\\/wp-content\\\/uploads\\\/2026\\\/03\\\/Luxor-30-Device-Charging-Cabinet-Cart-for-up-to-16inch-Screens.jpg\",\"width\":500,\"height\":500,\"caption\":\"Luxor 30 Device Charging Cabinet Cart for up to 16inch Screens\"},{\"@type\":\"BreadcrumbList\",\"@id\":\"https:\\\/\\\/ksproducts.ca\\\/product\\\/luxor-30-device-charging-cabinet-cart-for-up-to-16inch-screens\\\/#breadcrumb\",\"itemListElement\":[{\"@type\":\"ListItem\",\"position\":1,\"name\":\"Home\",\"item\":\"https:\\\/\\\/ksproducts.ca\\\/\"},{\"@type\":\"ListItem\",\"position\":2,\"name\":\"Shop\",\"item\":\"https:\\\/\\\/ksproducts.ca\\\/shop\\\/\"},{\"@type\":\"ListItem\",\"position\":3,\"name\":\"Luxor 30-Device Charging Cabinet Cart for up to 16inch Screens\"}]},{\"@type\":\"WebSite\",\"@id\":\"https:\\\/\\\/ksproducts.ca\\\/#website\",\"url\":\"https:\\\/\\\/ksproducts.ca\\\/\",\"name\":\"Ks Products\",\"description\":\"Outdoor cooking and living, made easy in Canada\",\"publisher\":{\"@id\":\"https:\\\/\\\/ksproducts.ca\\\/#organization\"},\"potentialAction\":[{\"@type\":\"SearchAction\",\"target\":{\"@type\":\"EntryPoint\",\"urlTemplate\":\"https:\\\/\\\/ksproducts.ca\\\/?s={search_term_string}\"},\"query-input\":{\"@type\":\"PropertyValueSpecification\",\"valueRequired\":true,\"valueName\":\"search_term_string\"}}],\"inLanguage\":\"fr-CA\"},{\"@type\":\"Organization\",\"@id\":\"https:\\\/\\\/ksproducts.ca\\\/#organization\",\"name\":\"Ks Products\",\"url\":\"https:\\\/\\\/ksproducts.ca\\\/\",\"logo\":{\"@type\":\"ImageObject\",\"inLanguage\":\"fr-CA\",\"@id\":\"https:\\\/\\\/ksproducts.ca\\\/#\\\/schema\\\/logo\\\/image\\\/\",\"url\":\"https:\\\/\\\/ksproducts.ca\\\/wp-content\\\/uploads\\\/2023\\\/09\\\/Kennedy-Sales-Logo-header-1.png\",\"contentUrl\":\"https:\\\/\\\/ksproducts.ca\\\/wp-content\\\/uploads\\\/2023\\\/09\\\/Kennedy-Sales-Logo-header-1.png\",\"width\":150,\"height\":77,\"caption\":\"Ks Products\"},\"image\":{\"@id\":\"https:\\\/\\\/ksproducts.ca\\\/#\\\/schema\\\/logo\\\/image\\\/\"}}]}<\/script>\n<!-- \/ Yoast SEO plugin. -->","yoast_head_json":{"title":"Luxor 30-Device Charging Cabinet Cart for up to 16inch Screens - Ks Products","robots":{"index":"index","follow":"follow","max-snippet":"max-snippet:-1","max-image-preview":"max-image-preview:large","max-video-preview":"max-video-preview:-1"},"canonical":"https:\/\/ksproducts.ca\/fr\/product\/luxor-30-device-charging-cabinet-cart-for-up-to-16inch-screens\/","og_locale":"fr_CA","og_type":"article","og_title":"Luxor 30-Device Charging Cabinet Cart for up to 16inch Screens - Ks Products","og_description":"Charge up to 30 tablets simultaneously with the Luxor Tablet Charging Rolling Cart. It features three shelves, two large ones capable of holding fifteen tablets each and a smaller top inner shelf designed to hold collateral or presentation material. Thanks to rubber-coated dividers on each shelf, your tablets will be safe from scratches and bumps","og_url":"https:\/\/ksproducts.ca\/fr\/product\/luxor-30-device-charging-cabinet-cart-for-up-to-16inch-screens\/","og_site_name":"Ks Products","og_image":[{"width":500,"height":500,"url":"https:\/\/ksproducts.ca\/wp-content\/uploads\/2026\/03\/Luxor-30-Device-Charging-Cabinet-Cart-for-up-to-16inch-Screens.jpg","type":"image\/jpeg"}],"twitter_card":"summary_large_image","twitter_misc":{"Estimation du temps de lecture":"1 minute"},"schema":{"@context":"https:\/\/schema.org","@graph":[{"@type":"WebPage","@id":"https:\/\/ksproducts.ca\/product\/luxor-30-device-charging-cabinet-cart-for-up-to-16inch-screens\/","url":"https:\/\/ksproducts.ca\/product\/luxor-30-device-charging-cabinet-cart-for-up-to-16inch-screens\/","name":"Luxor 30-Device Charging Cabinet Cart for up to 16inch Screens - Ks Products","isPartOf":{"@id":"https:\/\/ksproducts.ca\/#website"},"primaryImageOfPage":{"@id":"https:\/\/ksproducts.ca\/product\/luxor-30-device-charging-cabinet-cart-for-up-to-16inch-screens\/#primaryimage"},"image":{"@id":"https:\/\/ksproducts.ca\/product\/luxor-30-device-charging-cabinet-cart-for-up-to-16inch-screens\/#primaryimage"},"thumbnailUrl":"https:\/\/ksproducts.ca\/wp-content\/uploads\/2026\/03\/Luxor-30-Device-Charging-Cabinet-Cart-for-up-to-16inch-Screens.jpg","datePublished":"2026-03-10T19:46:34+00:00","breadcrumb":{"@id":"https:\/\/ksproducts.ca\/product\/luxor-30-device-charging-cabinet-cart-for-up-to-16inch-screens\/#breadcrumb"},"inLanguage":"fr-CA","potentialAction":[{"@type":"ReadAction","target":["https:\/\/ksproducts.ca\/product\/luxor-30-device-charging-cabinet-cart-for-up-to-16inch-screens\/"]}]},{"@type":"ImageObject","inLanguage":"fr-CA","@id":"https:\/\/ksproducts.ca\/product\/luxor-30-device-charging-cabinet-cart-for-up-to-16inch-screens\/#primaryimage","url":"https:\/\/ksproducts.ca\/wp-content\/uploads\/2026\/03\/Luxor-30-Device-Charging-Cabinet-Cart-for-up-to-16inch-Screens.jpg","contentUrl":"https:\/\/ksproducts.ca\/wp-content\/uploads\/2026\/03\/Luxor-30-Device-Charging-Cabinet-Cart-for-up-to-16inch-Screens.jpg","width":500,"height":500,"caption":"Luxor 30 Device Charging Cabinet Cart for up to 16inch Screens"},{"@type":"BreadcrumbList","@id":"https:\/\/ksproducts.ca\/product\/luxor-30-device-charging-cabinet-cart-for-up-to-16inch-screens\/#breadcrumb","itemListElement":[{"@type":"ListItem","position":1,"name":"Home","item":"https:\/\/ksproducts.ca\/"},{"@type":"ListItem","position":2,"name":"Shop","item":"https:\/\/ksproducts.ca\/shop\/"},{"@type":"ListItem","position":3,"name":"Luxor 30-Device Charging Cabinet Cart for up to 16inch Screens"}]},{"@type":"WebSite","@id":"https:\/\/ksproducts.ca\/#website","url":"https:\/\/ksproducts.ca\/","name":"Produits Ks","description":"Cuisiner et vivre en plein air, c'est facile au Canada","publisher":{"@id":"https:\/\/ksproducts.ca\/#organization"},"potentialAction":[{"@type":"SearchAction","target":{"@type":"EntryPoint","urlTemplate":"https:\/\/ksproducts.ca\/?s={search_term_string}"},"query-input":{"@type":"PropertyValueSpecification","valueRequired":true,"valueName":"search_term_string"}}],"inLanguage":"fr-CA"},{"@type":"Organization","@id":"https:\/\/ksproducts.ca\/#organization","name":"Produits Ks","url":"https:\/\/ksproducts.ca\/","logo":{"@type":"ImageObject","inLanguage":"fr-CA","@id":"https:\/\/ksproducts.ca\/#\/schema\/logo\/image\/","url":"https:\/\/ksproducts.ca\/wp-content\/uploads\/2023\/09\/Kennedy-Sales-Logo-header-1.png","contentUrl":"https:\/\/ksproducts.ca\/wp-content\/uploads\/2023\/09\/Kennedy-Sales-Logo-header-1.png","width":150,"height":77,"caption":"Ks Products"},"image":{"@id":"https:\/\/ksproducts.ca\/#\/schema\/logo\/image\/"}}]}},"_links":{"self":[{"href":"https:\/\/ksproducts.ca\/fr\/wp-json\/wp\/v2\/product\/12268","targetHints":{"allow":["GET"]}}],"collection":[{"href":"https:\/\/ksproducts.ca\/fr\/wp-json\/wp\/v2\/product"}],"about":[{"href":"https:\/\/ksproducts.ca\/fr\/wp-json\/wp\/v2\/types\/product"}],"replies":[{"embeddable":true,"href":"https:\/\/ksproducts.ca\/fr\/wp-json\/wp\/v2\/comments?post=12268"}],"version-history":[{"count":2,"href":"https:\/\/ksproducts.ca\/fr\/wp-json\/wp\/v2\/product\/12268\/revisions"}],"predecessor-version":[{"id":12271,"href":"https:\/\/ksproducts.ca\/fr\/wp-json\/wp\/v2\/product\/12268\/revisions\/12271"}],"wp:featuredmedia":[{"embeddable":true,"href":"https:\/\/ksproducts.ca\/fr\/wp-json\/wp\/v2\/media\/12269"}],"wp:attachment":[{"href":"https:\/\/ksproducts.ca\/fr\/wp-json\/wp\/v2\/media?parent=12268"}],"wp:term":[{"taxonomy":"product_cat","embeddable":true,"href":"https:\/\/ksproducts.ca\/fr\/wp-json\/wp\/v2\/product_cat?post=12268"},{"taxonomy":"product_tag","embeddable":true,"href":"https:\/\/ksproducts.ca\/fr\/wp-json\/wp\/v2\/product_tag?post=12268"}],"curies":[{"name":"wp","href":"https:\/\/api.w.org\/{rel}","templated":true}]}}