{"id":12272,"date":"2026-03-10T19:48:57","date_gmt":"2026-03-10T19:48:57","guid":{"rendered":"https:\/\/ksproducts.ca\/?post_type=product&#038;p=12272"},"modified":"2026-03-10T19:48:58","modified_gmt":"2026-03-10T19:48:58","slug":"luxor-12-device-wall-or-desktop-charging-cabinet-for-up-to-13inch-screens","status":"publish","type":"product","link":"https:\/\/ksproducts.ca\/fr\/product\/luxor-12-device-wall-or-desktop-charging-cabinet-for-up-to-13inch-screens\/","title":{"rendered":"Luxor Cabinet de chargement mural ou de bureau pour 12 appareils, pour \u00e9crans jusqu'\u00e0 13 pouces"},"content":{"rendered":"<ul>\n<li>Charges<\/li>\n<li>La station de recharge peut \u00eatre fix\u00e9e au mur ou pos\u00e9e sur n'importe quelle surface plane.<\/li>\n<li>L'int\u00e9rieur rembourr\u00e9 avec des s\u00e9parateurs rev\u00eatus de caoutchouc prot\u00e8ge les appareils contre les dommages.<\/li>\n<li>Serrure \u00e0 cl\u00e9 s\u00e9curis\u00e9e ; deux cl\u00e9s incluses.<\/li>\n<li>Construction tout acier<\/li>\n<li>Les c\u00f4t\u00e9s ventil\u00e9s permettent une circulation constante de l'air pour \u00e9viter la surchauffe.<\/li>\n<li>Comprend un bloc multiprises horizontal \u00e0 12 prises 120V\/15A r\u00e9pertori\u00e9 UL.<\/li>\n<li>Livr\u00e9 assembl\u00e9, il comprend le mat\u00e9riel de montage sur cloison s\u00e8che.<\/li>\n<li>Capacit\u00e9 de poids maximale de 30 livres (r\u00e9parties uniform\u00e9ment)<\/li>\n<\/ul>","protected":false},"excerpt":{"rendered":"<p>\u00c9liminez l'encombrement des c\u00e2bles tout en veillant \u00e0 ce que les appareils soient toujours charg\u00e9s et pr\u00eats \u00e0 l'emploi. Parfaites pour les petits bureaux, les salles de classe et les biblioth\u00e8ques, les armoires murales \/ de bureau Luxor pour 12 tablettes offrent un design solide et simple, une s\u00e9curit\u00e9 fiable et un prix abordable. Une coque en acier avec une porte verrouillable, un int\u00e9rieur rembourr\u00e9 et des s\u00e9parateurs rev\u00eatus de caoutchouc prot\u00e8gent vos appareils. La taille compacte des armoires de chargement de tablettes Luxor permet de les fixer au mur ou de les utiliser sur un bureau.<\/p>","protected":false},"featured_media":12273,"comment_status":"open","ping_status":"closed","template":"","meta":[],"product_cat":[433],"product_tag":[],"class_list":{"0":"post-12272","1":"product","2":"type-product","3":"status-publish","4":"has-post-thumbnail","6":"product_cat-utility-carts","7":"product_shipping_class-class-4","9":"first","10":"instock","11":"taxable","12":"shipping-taxable","13":"purchasable","14":"product-type-simple"},"yoast_head":"<!-- This site is optimized with the Yoast SEO plugin v27.4 - https:\/\/yoast.com\/product\/yoast-seo-wordpress\/ -->\n<title>Luxor 12-Device Wall or Desktop Charging Cabinet for up to 13inch Screens - Ks Products<\/title>\n<meta name=\"robots\" content=\"index, follow, max-snippet:-1, max-image-preview:large, max-video-preview:-1\" \/>\n<link rel=\"canonical\" href=\"https:\/\/ksproducts.ca\/fr\/product\/luxor-12-device-wall-or-desktop-charging-cabinet-for-up-to-13inch-screens\/\" \/>\n<meta property=\"og:locale\" content=\"fr_CA\" \/>\n<meta property=\"og:type\" content=\"article\" \/>\n<meta property=\"og:title\" content=\"Luxor 12-Device Wall or Desktop Charging Cabinet for up to 13inch Screens - Ks Products\" \/>\n<meta property=\"og:description\" content=\"Do away with cord clutter while safely ensuring devices are always charged and ready for use. Perfect for small offices, classrooms and libraries, Luxor Wall \/ Desk Tablet Charging Cabinets for 12 tablets provide a strong, simple design that is reliably secure yet affordably priced. A steel shell with lockable door coupled with a padded interior and rubber-coated dividers protect your devices, and the compact size makes Luxor Tablet Charging Cabinets great for wall mount or desktop use.\" \/>\n<meta property=\"og:url\" content=\"https:\/\/ksproducts.ca\/fr\/product\/luxor-12-device-wall-or-desktop-charging-cabinet-for-up-to-13inch-screens\/\" \/>\n<meta property=\"og:site_name\" content=\"Ks Products\" \/>\n<meta property=\"article:modified_time\" content=\"2026-03-10T19:48:58+00:00\" \/>\n<meta property=\"og:image\" content=\"https:\/\/ksproducts.ca\/wp-content\/uploads\/2026\/03\/Luxor-12-Device-Wall-or-Desktop-Charging-Cabinet-for-up-to-13inch-Screens.jpg\" \/>\n\t<meta property=\"og:image:width\" content=\"600\" \/>\n\t<meta property=\"og:image:height\" content=\"600\" \/>\n\t<meta property=\"og:image:type\" content=\"image\/jpeg\" \/>\n<meta name=\"twitter:card\" content=\"summary_large_image\" \/>\n<meta name=\"twitter:label1\" content=\"Estimation du temps de lecture\" \/>\n\t<meta name=\"twitter:data1\" content=\"1 minute\" \/>\n<script type=\"application\/ld+json\" class=\"yoast-schema-graph\">{\"@context\":\"https:\\\/\\\/schema.org\",\"@graph\":[{\"@type\":\"WebPage\",\"@id\":\"https:\\\/\\\/ksproducts.ca\\\/product\\\/luxor-12-device-wall-or-desktop-charging-cabinet-for-up-to-13inch-screens\\\/\",\"url\":\"https:\\\/\\\/ksproducts.ca\\\/product\\\/luxor-12-device-wall-or-desktop-charging-cabinet-for-up-to-13inch-screens\\\/\",\"name\":\"Luxor 12-Device Wall or Desktop Charging Cabinet for up to 13inch Screens - Ks Products\",\"isPartOf\":{\"@id\":\"https:\\\/\\\/ksproducts.ca\\\/#website\"},\"primaryImageOfPage\":{\"@id\":\"https:\\\/\\\/ksproducts.ca\\\/product\\\/luxor-12-device-wall-or-desktop-charging-cabinet-for-up-to-13inch-screens\\\/#primaryimage\"},\"image\":{\"@id\":\"https:\\\/\\\/ksproducts.ca\\\/product\\\/luxor-12-device-wall-or-desktop-charging-cabinet-for-up-to-13inch-screens\\\/#primaryimage\"},\"thumbnailUrl\":\"https:\\\/\\\/ksproducts.ca\\\/wp-content\\\/uploads\\\/2026\\\/03\\\/Luxor-12-Device-Wall-or-Desktop-Charging-Cabinet-for-up-to-13inch-Screens.jpg\",\"datePublished\":\"2026-03-10T19:48:57+00:00\",\"dateModified\":\"2026-03-10T19:48:58+00:00\",\"breadcrumb\":{\"@id\":\"https:\\\/\\\/ksproducts.ca\\\/product\\\/luxor-12-device-wall-or-desktop-charging-cabinet-for-up-to-13inch-screens\\\/#breadcrumb\"},\"inLanguage\":\"fr-CA\",\"potentialAction\":[{\"@type\":\"ReadAction\",\"target\":[\"https:\\\/\\\/ksproducts.ca\\\/product\\\/luxor-12-device-wall-or-desktop-charging-cabinet-for-up-to-13inch-screens\\\/\"]}]},{\"@type\":\"ImageObject\",\"inLanguage\":\"fr-CA\",\"@id\":\"https:\\\/\\\/ksproducts.ca\\\/product\\\/luxor-12-device-wall-or-desktop-charging-cabinet-for-up-to-13inch-screens\\\/#primaryimage\",\"url\":\"https:\\\/\\\/ksproducts.ca\\\/wp-content\\\/uploads\\\/2026\\\/03\\\/Luxor-12-Device-Wall-or-Desktop-Charging-Cabinet-for-up-to-13inch-Screens.jpg\",\"contentUrl\":\"https:\\\/\\\/ksproducts.ca\\\/wp-content\\\/uploads\\\/2026\\\/03\\\/Luxor-12-Device-Wall-or-Desktop-Charging-Cabinet-for-up-to-13inch-Screens.jpg\",\"width\":600,\"height\":600,\"caption\":\"Luxor 12 Device Wall or Desktop Charging Cabinet for up to 13inch Screens\"},{\"@type\":\"BreadcrumbList\",\"@id\":\"https:\\\/\\\/ksproducts.ca\\\/product\\\/luxor-12-device-wall-or-desktop-charging-cabinet-for-up-to-13inch-screens\\\/#breadcrumb\",\"itemListElement\":[{\"@type\":\"ListItem\",\"position\":1,\"name\":\"Home\",\"item\":\"https:\\\/\\\/ksproducts.ca\\\/\"},{\"@type\":\"ListItem\",\"position\":2,\"name\":\"Shop\",\"item\":\"https:\\\/\\\/ksproducts.ca\\\/shop\\\/\"},{\"@type\":\"ListItem\",\"position\":3,\"name\":\"Luxor 12-Device Wall or Desktop Charging Cabinet for up to 13inch Screens\"}]},{\"@type\":\"WebSite\",\"@id\":\"https:\\\/\\\/ksproducts.ca\\\/#website\",\"url\":\"https:\\\/\\\/ksproducts.ca\\\/\",\"name\":\"Ks Products\",\"description\":\"Outdoor cooking and living, made easy in Canada\",\"publisher\":{\"@id\":\"https:\\\/\\\/ksproducts.ca\\\/#organization\"},\"potentialAction\":[{\"@type\":\"SearchAction\",\"target\":{\"@type\":\"EntryPoint\",\"urlTemplate\":\"https:\\\/\\\/ksproducts.ca\\\/?s={search_term_string}\"},\"query-input\":{\"@type\":\"PropertyValueSpecification\",\"valueRequired\":true,\"valueName\":\"search_term_string\"}}],\"inLanguage\":\"fr-CA\"},{\"@type\":\"Organization\",\"@id\":\"https:\\\/\\\/ksproducts.ca\\\/#organization\",\"name\":\"Ks Products\",\"url\":\"https:\\\/\\\/ksproducts.ca\\\/\",\"logo\":{\"@type\":\"ImageObject\",\"inLanguage\":\"fr-CA\",\"@id\":\"https:\\\/\\\/ksproducts.ca\\\/#\\\/schema\\\/logo\\\/image\\\/\",\"url\":\"https:\\\/\\\/ksproducts.ca\\\/wp-content\\\/uploads\\\/2023\\\/09\\\/Kennedy-Sales-Logo-header-1.png\",\"contentUrl\":\"https:\\\/\\\/ksproducts.ca\\\/wp-content\\\/uploads\\\/2023\\\/09\\\/Kennedy-Sales-Logo-header-1.png\",\"width\":150,\"height\":77,\"caption\":\"Ks Products\"},\"image\":{\"@id\":\"https:\\\/\\\/ksproducts.ca\\\/#\\\/schema\\\/logo\\\/image\\\/\"}}]}<\/script>\n<!-- \/ Yoast SEO plugin. -->","yoast_head_json":{"title":"Luxor Cabinet de chargement mural ou de bureau pour 12 appareils, pour \u00e9crans jusqu'\u00e0 13 pouces - Ks Products","robots":{"index":"index","follow":"follow","max-snippet":"max-snippet:-1","max-image-preview":"max-image-preview:large","max-video-preview":"max-video-preview:-1"},"canonical":"https:\/\/ksproducts.ca\/fr\/product\/luxor-12-device-wall-or-desktop-charging-cabinet-for-up-to-13inch-screens\/","og_locale":"fr_CA","og_type":"article","og_title":"Luxor 12-Device Wall or Desktop Charging Cabinet for up to 13inch Screens - Ks Products","og_description":"Do away with cord clutter while safely ensuring devices are always charged and ready for use. Perfect for small offices, classrooms and libraries, Luxor Wall \/ Desk Tablet Charging Cabinets for 12 tablets provide a strong, simple design that is reliably secure yet affordably priced. A steel shell with lockable door coupled with a padded interior and rubber-coated dividers protect your devices, and the compact size makes Luxor Tablet Charging Cabinets great for wall mount or desktop use.","og_url":"https:\/\/ksproducts.ca\/fr\/product\/luxor-12-device-wall-or-desktop-charging-cabinet-for-up-to-13inch-screens\/","og_site_name":"Ks Products","article_modified_time":"2026-03-10T19:48:58+00:00","og_image":[{"width":600,"height":600,"url":"https:\/\/ksproducts.ca\/wp-content\/uploads\/2026\/03\/Luxor-12-Device-Wall-or-Desktop-Charging-Cabinet-for-up-to-13inch-Screens.jpg","type":"image\/jpeg"}],"twitter_card":"summary_large_image","twitter_misc":{"Estimation du temps de lecture":"1 minute"},"schema":{"@context":"https:\/\/schema.org","@graph":[{"@type":"WebPage","@id":"https:\/\/ksproducts.ca\/product\/luxor-12-device-wall-or-desktop-charging-cabinet-for-up-to-13inch-screens\/","url":"https:\/\/ksproducts.ca\/product\/luxor-12-device-wall-or-desktop-charging-cabinet-for-up-to-13inch-screens\/","name":"Luxor Cabinet de chargement mural ou de bureau pour 12 appareils, pour \u00e9crans jusqu'\u00e0 13 pouces - Ks Products","isPartOf":{"@id":"https:\/\/ksproducts.ca\/#website"},"primaryImageOfPage":{"@id":"https:\/\/ksproducts.ca\/product\/luxor-12-device-wall-or-desktop-charging-cabinet-for-up-to-13inch-screens\/#primaryimage"},"image":{"@id":"https:\/\/ksproducts.ca\/product\/luxor-12-device-wall-or-desktop-charging-cabinet-for-up-to-13inch-screens\/#primaryimage"},"thumbnailUrl":"https:\/\/ksproducts.ca\/wp-content\/uploads\/2026\/03\/Luxor-12-Device-Wall-or-Desktop-Charging-Cabinet-for-up-to-13inch-Screens.jpg","datePublished":"2026-03-10T19:48:57+00:00","dateModified":"2026-03-10T19:48:58+00:00","breadcrumb":{"@id":"https:\/\/ksproducts.ca\/product\/luxor-12-device-wall-or-desktop-charging-cabinet-for-up-to-13inch-screens\/#breadcrumb"},"inLanguage":"fr-CA","potentialAction":[{"@type":"ReadAction","target":["https:\/\/ksproducts.ca\/product\/luxor-12-device-wall-or-desktop-charging-cabinet-for-up-to-13inch-screens\/"]}]},{"@type":"ImageObject","inLanguage":"fr-CA","@id":"https:\/\/ksproducts.ca\/product\/luxor-12-device-wall-or-desktop-charging-cabinet-for-up-to-13inch-screens\/#primaryimage","url":"https:\/\/ksproducts.ca\/wp-content\/uploads\/2026\/03\/Luxor-12-Device-Wall-or-Desktop-Charging-Cabinet-for-up-to-13inch-Screens.jpg","contentUrl":"https:\/\/ksproducts.ca\/wp-content\/uploads\/2026\/03\/Luxor-12-Device-Wall-or-Desktop-Charging-Cabinet-for-up-to-13inch-Screens.jpg","width":600,"height":600,"caption":"Luxor 12 Device Wall or Desktop Charging Cabinet for up to 13inch Screens"},{"@type":"BreadcrumbList","@id":"https:\/\/ksproducts.ca\/product\/luxor-12-device-wall-or-desktop-charging-cabinet-for-up-to-13inch-screens\/#breadcrumb","itemListElement":[{"@type":"ListItem","position":1,"name":"Home","item":"https:\/\/ksproducts.ca\/"},{"@type":"ListItem","position":2,"name":"Shop","item":"https:\/\/ksproducts.ca\/shop\/"},{"@type":"ListItem","position":3,"name":"Luxor 12-Device Wall or Desktop Charging Cabinet for up to 13inch Screens"}]},{"@type":"WebSite","@id":"https:\/\/ksproducts.ca\/#website","url":"https:\/\/ksproducts.ca\/","name":"Produits Ks","description":"Cuisiner et vivre en plein air, c'est facile au Canada","publisher":{"@id":"https:\/\/ksproducts.ca\/#organization"},"potentialAction":[{"@type":"SearchAction","target":{"@type":"EntryPoint","urlTemplate":"https:\/\/ksproducts.ca\/?s={search_term_string}"},"query-input":{"@type":"PropertyValueSpecification","valueRequired":true,"valueName":"search_term_string"}}],"inLanguage":"fr-CA"},{"@type":"Organization","@id":"https:\/\/ksproducts.ca\/#organization","name":"Produits Ks","url":"https:\/\/ksproducts.ca\/","logo":{"@type":"ImageObject","inLanguage":"fr-CA","@id":"https:\/\/ksproducts.ca\/#\/schema\/logo\/image\/","url":"https:\/\/ksproducts.ca\/wp-content\/uploads\/2023\/09\/Kennedy-Sales-Logo-header-1.png","contentUrl":"https:\/\/ksproducts.ca\/wp-content\/uploads\/2023\/09\/Kennedy-Sales-Logo-header-1.png","width":150,"height":77,"caption":"Ks Products"},"image":{"@id":"https:\/\/ksproducts.ca\/#\/schema\/logo\/image\/"}}]}},"_links":{"self":[{"href":"https:\/\/ksproducts.ca\/fr\/wp-json\/wp\/v2\/product\/12272","targetHints":{"allow":["GET"]}}],"collection":[{"href":"https:\/\/ksproducts.ca\/fr\/wp-json\/wp\/v2\/product"}],"about":[{"href":"https:\/\/ksproducts.ca\/fr\/wp-json\/wp\/v2\/types\/product"}],"replies":[{"embeddable":true,"href":"https:\/\/ksproducts.ca\/fr\/wp-json\/wp\/v2\/comments?post=12272"}],"version-history":[{"count":1,"href":"https:\/\/ksproducts.ca\/fr\/wp-json\/wp\/v2\/product\/12272\/revisions"}],"predecessor-version":[{"id":12274,"href":"https:\/\/ksproducts.ca\/fr\/wp-json\/wp\/v2\/product\/12272\/revisions\/12274"}],"wp:featuredmedia":[{"embeddable":true,"href":"https:\/\/ksproducts.ca\/fr\/wp-json\/wp\/v2\/media\/12273"}],"wp:attachment":[{"href":"https:\/\/ksproducts.ca\/fr\/wp-json\/wp\/v2\/media?parent=12272"}],"wp:term":[{"taxonomy":"product_cat","embeddable":true,"href":"https:\/\/ksproducts.ca\/fr\/wp-json\/wp\/v2\/product_cat?post=12272"},{"taxonomy":"product_tag","embeddable":true,"href":"https:\/\/ksproducts.ca\/fr\/wp-json\/wp\/v2\/product_tag?post=12272"}],"curies":[{"name":"wp","href":"https:\/\/api.w.org\/{rel}","templated":true}]}}