{"id":12275,"date":"2026-03-10T19:52:09","date_gmt":"2026-03-10T19:52:09","guid":{"rendered":"https:\/\/ksproducts.ca\/?post_type=product&#038;p=12275"},"modified":"2026-03-10T19:52:10","modified_gmt":"2026-03-10T19:52:10","slug":"luxor-12-device-wall-or-desktop-charging-cabinet-for-up-to-13inch-screens-2","status":"publish","type":"product","link":"https:\/\/ksproducts.ca\/fr\/product\/luxor-12-device-wall-or-desktop-charging-cabinet-for-up-to-13inch-screens-2\/","title":{"rendered":"Luxor Cabinet de chargement mural ou de bureau pour 12 appareils, pour \u00e9crans jusqu'\u00e0 13 pouces"},"content":{"rendered":"<ul>\n<li>Solution simple et s\u00e9curis\u00e9e pour charger et stocker jusqu'\u00e0 16 tablettes<\/li>\n<li>L'int\u00e9rieur rembourr\u00e9 et les s\u00e9parateurs rev\u00eatus de caoutchouc vous permettent de ranger soigneusement les tablettes et de les prot\u00e9ger.<\/li>\n<li>L'armoire aux c\u00f4t\u00e9s ventil\u00e9s permet la circulation de l'air et \u00e9vite la surchauffe.<\/li>\n<li>La porte verrouillable renforce la s\u00e9curit\u00e9 de vos appareils<\/li>\n<li>L'armoire compacte peut \u00eatre fix\u00e9e au mur ou plac\u00e9e sur un bureau<\/li>\n<li>Enti\u00e8rement construit en acier pour offrir une durabilit\u00e9 \u00e0 long terme<\/li>\n<li>Capacit\u00e9 de poids maximale : 75 livres (r\u00e9parties uniform\u00e9ment)<\/li>\n<li>Dimensions : Largeur : 63,5cm (25\u2033) ; hauteur : 36cm (14.2\u2033) ; profondeur : 33cm (13\u2033)<\/li>\n<\/ul>","protected":false},"excerpt":{"rendered":"<p>L'armoire de chargement de tablettes Luxor Wall &amp; Desk est une solution pratique pour charger et ranger plusieurs tablettes. Cette armoire en acier est dot\u00e9e d'un int\u00e9rieur rembourr\u00e9 et de s\u00e9parateurs rev\u00eatus de caoutchouc pour ranger vos appareils en toute s\u00e9curit\u00e9. Son design compact et sans encombrement la rend id\u00e9ale pour les petits bureaux, les salles de classe et les biblioth\u00e8ques. Cette armoire peut \u00eatre utilis\u00e9e comme station de charge murale ou de bureau.<\/p>","protected":false},"featured_media":12276,"comment_status":"open","ping_status":"closed","template":"","meta":[],"product_cat":[433],"product_tag":[],"class_list":{"0":"post-12275","1":"product","2":"type-product","3":"status-publish","4":"has-post-thumbnail","6":"product_cat-utility-carts","7":"product_shipping_class-class-4","9":"first","10":"instock","11":"taxable","12":"shipping-taxable","13":"purchasable","14":"product-type-simple"},"yoast_head":"<!-- This site is optimized with the Yoast SEO plugin v27.4 - https:\/\/yoast.com\/product\/yoast-seo-wordpress\/ -->\n<title>Luxor 12-Device Wall or Desktop Charging Cabinet for up to 13inch Screens - Ks Products<\/title>\n<meta name=\"robots\" content=\"index, follow, max-snippet:-1, max-image-preview:large, max-video-preview:-1\" \/>\n<link rel=\"canonical\" href=\"https:\/\/ksproducts.ca\/fr\/product\/luxor-12-device-wall-or-desktop-charging-cabinet-for-up-to-13inch-screens-2\/\" \/>\n<meta property=\"og:locale\" content=\"fr_CA\" \/>\n<meta property=\"og:type\" content=\"article\" \/>\n<meta property=\"og:title\" content=\"Luxor 12-Device Wall or Desktop Charging Cabinet for up to 13inch Screens - Ks Products\" \/>\n<meta property=\"og:description\" content=\"The Luxor Wall &amp; Desk Tablet charging cabinet is a practical solution for charging and storing multiple tablets. This steel cabinet has padded interiors and rubber-coated dividers to safely arrange your devices. The compact and clutter-free design makes it ideal for small offices, classrooms, and libraries. This cabinet can be used as a wall mount or desktop charging station.\" \/>\n<meta property=\"og:url\" content=\"https:\/\/ksproducts.ca\/fr\/product\/luxor-12-device-wall-or-desktop-charging-cabinet-for-up-to-13inch-screens-2\/\" \/>\n<meta property=\"og:site_name\" content=\"Ks Products\" \/>\n<meta property=\"article:modified_time\" content=\"2026-03-10T19:52:10+00:00\" \/>\n<meta property=\"og:image\" content=\"https:\/\/ksproducts.ca\/wp-content\/uploads\/2026\/03\/Luxor-12-Device-Wall-or-Desktop-Charging-Cabinet-for-up-to-13inch-Screens-1.jpg\" \/>\n\t<meta property=\"og:image:width\" content=\"500\" \/>\n\t<meta property=\"og:image:height\" content=\"500\" \/>\n\t<meta property=\"og:image:type\" content=\"image\/jpeg\" \/>\n<meta name=\"twitter:card\" content=\"summary_large_image\" \/>\n<meta name=\"twitter:label1\" content=\"Estimation du temps de lecture\" \/>\n\t<meta name=\"twitter:data1\" content=\"1 minute\" \/>\n<script type=\"application\/ld+json\" class=\"yoast-schema-graph\">{\"@context\":\"https:\\\/\\\/schema.org\",\"@graph\":[{\"@type\":\"WebPage\",\"@id\":\"https:\\\/\\\/ksproducts.ca\\\/product\\\/luxor-12-device-wall-or-desktop-charging-cabinet-for-up-to-13inch-screens-2\\\/\",\"url\":\"https:\\\/\\\/ksproducts.ca\\\/product\\\/luxor-12-device-wall-or-desktop-charging-cabinet-for-up-to-13inch-screens-2\\\/\",\"name\":\"Luxor 12-Device Wall or Desktop Charging Cabinet for up to 13inch Screens - Ks Products\",\"isPartOf\":{\"@id\":\"https:\\\/\\\/ksproducts.ca\\\/#website\"},\"primaryImageOfPage\":{\"@id\":\"https:\\\/\\\/ksproducts.ca\\\/product\\\/luxor-12-device-wall-or-desktop-charging-cabinet-for-up-to-13inch-screens-2\\\/#primaryimage\"},\"image\":{\"@id\":\"https:\\\/\\\/ksproducts.ca\\\/product\\\/luxor-12-device-wall-or-desktop-charging-cabinet-for-up-to-13inch-screens-2\\\/#primaryimage\"},\"thumbnailUrl\":\"https:\\\/\\\/ksproducts.ca\\\/wp-content\\\/uploads\\\/2026\\\/03\\\/Luxor-12-Device-Wall-or-Desktop-Charging-Cabinet-for-up-to-13inch-Screens-1.jpg\",\"datePublished\":\"2026-03-10T19:52:09+00:00\",\"dateModified\":\"2026-03-10T19:52:10+00:00\",\"breadcrumb\":{\"@id\":\"https:\\\/\\\/ksproducts.ca\\\/product\\\/luxor-12-device-wall-or-desktop-charging-cabinet-for-up-to-13inch-screens-2\\\/#breadcrumb\"},\"inLanguage\":\"fr-CA\",\"potentialAction\":[{\"@type\":\"ReadAction\",\"target\":[\"https:\\\/\\\/ksproducts.ca\\\/product\\\/luxor-12-device-wall-or-desktop-charging-cabinet-for-up-to-13inch-screens-2\\\/\"]}]},{\"@type\":\"ImageObject\",\"inLanguage\":\"fr-CA\",\"@id\":\"https:\\\/\\\/ksproducts.ca\\\/product\\\/luxor-12-device-wall-or-desktop-charging-cabinet-for-up-to-13inch-screens-2\\\/#primaryimage\",\"url\":\"https:\\\/\\\/ksproducts.ca\\\/wp-content\\\/uploads\\\/2026\\\/03\\\/Luxor-12-Device-Wall-or-Desktop-Charging-Cabinet-for-up-to-13inch-Screens-1.jpg\",\"contentUrl\":\"https:\\\/\\\/ksproducts.ca\\\/wp-content\\\/uploads\\\/2026\\\/03\\\/Luxor-12-Device-Wall-or-Desktop-Charging-Cabinet-for-up-to-13inch-Screens-1.jpg\",\"width\":500,\"height\":500,\"caption\":\"Luxor 12 Device Wall or Desktop Charging Cabinet for up to 13inch Screens\"},{\"@type\":\"BreadcrumbList\",\"@id\":\"https:\\\/\\\/ksproducts.ca\\\/product\\\/luxor-12-device-wall-or-desktop-charging-cabinet-for-up-to-13inch-screens-2\\\/#breadcrumb\",\"itemListElement\":[{\"@type\":\"ListItem\",\"position\":1,\"name\":\"Home\",\"item\":\"https:\\\/\\\/ksproducts.ca\\\/\"},{\"@type\":\"ListItem\",\"position\":2,\"name\":\"Shop\",\"item\":\"https:\\\/\\\/ksproducts.ca\\\/shop\\\/\"},{\"@type\":\"ListItem\",\"position\":3,\"name\":\"Luxor 12-Device Wall or Desktop Charging Cabinet for up to 13inch Screens\"}]},{\"@type\":\"WebSite\",\"@id\":\"https:\\\/\\\/ksproducts.ca\\\/#website\",\"url\":\"https:\\\/\\\/ksproducts.ca\\\/\",\"name\":\"Ks Products\",\"description\":\"Outdoor cooking and living, made easy in Canada\",\"publisher\":{\"@id\":\"https:\\\/\\\/ksproducts.ca\\\/#organization\"},\"potentialAction\":[{\"@type\":\"SearchAction\",\"target\":{\"@type\":\"EntryPoint\",\"urlTemplate\":\"https:\\\/\\\/ksproducts.ca\\\/?s={search_term_string}\"},\"query-input\":{\"@type\":\"PropertyValueSpecification\",\"valueRequired\":true,\"valueName\":\"search_term_string\"}}],\"inLanguage\":\"fr-CA\"},{\"@type\":\"Organization\",\"@id\":\"https:\\\/\\\/ksproducts.ca\\\/#organization\",\"name\":\"Ks Products\",\"url\":\"https:\\\/\\\/ksproducts.ca\\\/\",\"logo\":{\"@type\":\"ImageObject\",\"inLanguage\":\"fr-CA\",\"@id\":\"https:\\\/\\\/ksproducts.ca\\\/#\\\/schema\\\/logo\\\/image\\\/\",\"url\":\"https:\\\/\\\/ksproducts.ca\\\/wp-content\\\/uploads\\\/2023\\\/09\\\/Kennedy-Sales-Logo-header-1.png\",\"contentUrl\":\"https:\\\/\\\/ksproducts.ca\\\/wp-content\\\/uploads\\\/2023\\\/09\\\/Kennedy-Sales-Logo-header-1.png\",\"width\":150,\"height\":77,\"caption\":\"Ks Products\"},\"image\":{\"@id\":\"https:\\\/\\\/ksproducts.ca\\\/#\\\/schema\\\/logo\\\/image\\\/\"}}]}<\/script>\n<!-- \/ Yoast SEO plugin. -->","yoast_head_json":{"title":"Luxor Cabinet de chargement mural ou de bureau pour 12 appareils, pour \u00e9crans jusqu'\u00e0 13 pouces - Ks Products","robots":{"index":"index","follow":"follow","max-snippet":"max-snippet:-1","max-image-preview":"max-image-preview:large","max-video-preview":"max-video-preview:-1"},"canonical":"https:\/\/ksproducts.ca\/fr\/product\/luxor-12-device-wall-or-desktop-charging-cabinet-for-up-to-13inch-screens-2\/","og_locale":"fr_CA","og_type":"article","og_title":"Luxor 12-Device Wall or Desktop Charging Cabinet for up to 13inch Screens - Ks Products","og_description":"The Luxor Wall &amp; Desk Tablet charging cabinet is a practical solution for charging and storing multiple tablets. This steel cabinet has padded interiors and rubber-coated dividers to safely arrange your devices. The compact and clutter-free design makes it ideal for small offices, classrooms, and libraries. This cabinet can be used as a wall mount or desktop charging station.","og_url":"https:\/\/ksproducts.ca\/fr\/product\/luxor-12-device-wall-or-desktop-charging-cabinet-for-up-to-13inch-screens-2\/","og_site_name":"Ks Products","article_modified_time":"2026-03-10T19:52:10+00:00","og_image":[{"width":500,"height":500,"url":"https:\/\/ksproducts.ca\/wp-content\/uploads\/2026\/03\/Luxor-12-Device-Wall-or-Desktop-Charging-Cabinet-for-up-to-13inch-Screens-1.jpg","type":"image\/jpeg"}],"twitter_card":"summary_large_image","twitter_misc":{"Estimation du temps de lecture":"1 minute"},"schema":{"@context":"https:\/\/schema.org","@graph":[{"@type":"WebPage","@id":"https:\/\/ksproducts.ca\/product\/luxor-12-device-wall-or-desktop-charging-cabinet-for-up-to-13inch-screens-2\/","url":"https:\/\/ksproducts.ca\/product\/luxor-12-device-wall-or-desktop-charging-cabinet-for-up-to-13inch-screens-2\/","name":"Luxor Cabinet de chargement mural ou de bureau pour 12 appareils, pour \u00e9crans jusqu'\u00e0 13 pouces - Ks Products","isPartOf":{"@id":"https:\/\/ksproducts.ca\/#website"},"primaryImageOfPage":{"@id":"https:\/\/ksproducts.ca\/product\/luxor-12-device-wall-or-desktop-charging-cabinet-for-up-to-13inch-screens-2\/#primaryimage"},"image":{"@id":"https:\/\/ksproducts.ca\/product\/luxor-12-device-wall-or-desktop-charging-cabinet-for-up-to-13inch-screens-2\/#primaryimage"},"thumbnailUrl":"https:\/\/ksproducts.ca\/wp-content\/uploads\/2026\/03\/Luxor-12-Device-Wall-or-Desktop-Charging-Cabinet-for-up-to-13inch-Screens-1.jpg","datePublished":"2026-03-10T19:52:09+00:00","dateModified":"2026-03-10T19:52:10+00:00","breadcrumb":{"@id":"https:\/\/ksproducts.ca\/product\/luxor-12-device-wall-or-desktop-charging-cabinet-for-up-to-13inch-screens-2\/#breadcrumb"},"inLanguage":"fr-CA","potentialAction":[{"@type":"ReadAction","target":["https:\/\/ksproducts.ca\/product\/luxor-12-device-wall-or-desktop-charging-cabinet-for-up-to-13inch-screens-2\/"]}]},{"@type":"ImageObject","inLanguage":"fr-CA","@id":"https:\/\/ksproducts.ca\/product\/luxor-12-device-wall-or-desktop-charging-cabinet-for-up-to-13inch-screens-2\/#primaryimage","url":"https:\/\/ksproducts.ca\/wp-content\/uploads\/2026\/03\/Luxor-12-Device-Wall-or-Desktop-Charging-Cabinet-for-up-to-13inch-Screens-1.jpg","contentUrl":"https:\/\/ksproducts.ca\/wp-content\/uploads\/2026\/03\/Luxor-12-Device-Wall-or-Desktop-Charging-Cabinet-for-up-to-13inch-Screens-1.jpg","width":500,"height":500,"caption":"Luxor 12 Device Wall or Desktop Charging Cabinet for up to 13inch Screens"},{"@type":"BreadcrumbList","@id":"https:\/\/ksproducts.ca\/product\/luxor-12-device-wall-or-desktop-charging-cabinet-for-up-to-13inch-screens-2\/#breadcrumb","itemListElement":[{"@type":"ListItem","position":1,"name":"Home","item":"https:\/\/ksproducts.ca\/"},{"@type":"ListItem","position":2,"name":"Shop","item":"https:\/\/ksproducts.ca\/shop\/"},{"@type":"ListItem","position":3,"name":"Luxor 12-Device Wall or Desktop Charging Cabinet for up to 13inch Screens"}]},{"@type":"WebSite","@id":"https:\/\/ksproducts.ca\/#website","url":"https:\/\/ksproducts.ca\/","name":"Produits Ks","description":"Cuisiner et vivre en plein air, c'est facile au Canada","publisher":{"@id":"https:\/\/ksproducts.ca\/#organization"},"potentialAction":[{"@type":"SearchAction","target":{"@type":"EntryPoint","urlTemplate":"https:\/\/ksproducts.ca\/?s={search_term_string}"},"query-input":{"@type":"PropertyValueSpecification","valueRequired":true,"valueName":"search_term_string"}}],"inLanguage":"fr-CA"},{"@type":"Organization","@id":"https:\/\/ksproducts.ca\/#organization","name":"Produits Ks","url":"https:\/\/ksproducts.ca\/","logo":{"@type":"ImageObject","inLanguage":"fr-CA","@id":"https:\/\/ksproducts.ca\/#\/schema\/logo\/image\/","url":"https:\/\/ksproducts.ca\/wp-content\/uploads\/2023\/09\/Kennedy-Sales-Logo-header-1.png","contentUrl":"https:\/\/ksproducts.ca\/wp-content\/uploads\/2023\/09\/Kennedy-Sales-Logo-header-1.png","width":150,"height":77,"caption":"Ks Products"},"image":{"@id":"https:\/\/ksproducts.ca\/#\/schema\/logo\/image\/"}}]}},"_links":{"self":[{"href":"https:\/\/ksproducts.ca\/fr\/wp-json\/wp\/v2\/product\/12275","targetHints":{"allow":["GET"]}}],"collection":[{"href":"https:\/\/ksproducts.ca\/fr\/wp-json\/wp\/v2\/product"}],"about":[{"href":"https:\/\/ksproducts.ca\/fr\/wp-json\/wp\/v2\/types\/product"}],"replies":[{"embeddable":true,"href":"https:\/\/ksproducts.ca\/fr\/wp-json\/wp\/v2\/comments?post=12275"}],"version-history":[{"count":1,"href":"https:\/\/ksproducts.ca\/fr\/wp-json\/wp\/v2\/product\/12275\/revisions"}],"predecessor-version":[{"id":12277,"href":"https:\/\/ksproducts.ca\/fr\/wp-json\/wp\/v2\/product\/12275\/revisions\/12277"}],"wp:featuredmedia":[{"embeddable":true,"href":"https:\/\/ksproducts.ca\/fr\/wp-json\/wp\/v2\/media\/12276"}],"wp:attachment":[{"href":"https:\/\/ksproducts.ca\/fr\/wp-json\/wp\/v2\/media?parent=12275"}],"wp:term":[{"taxonomy":"product_cat","embeddable":true,"href":"https:\/\/ksproducts.ca\/fr\/wp-json\/wp\/v2\/product_cat?post=12275"},{"taxonomy":"product_tag","embeddable":true,"href":"https:\/\/ksproducts.ca\/fr\/wp-json\/wp\/v2\/product_tag?post=12275"}],"curies":[{"name":"wp","href":"https:\/\/api.w.org\/{rel}","templated":true}]}}