{"id":12279,"date":"2026-03-11T12:47:42","date_gmt":"2026-03-11T12:47:42","guid":{"rendered":"https:\/\/ksproducts.ca\/?post_type=product&#038;p=12279"},"modified":"2026-03-11T12:47:42","modified_gmt":"2026-03-11T12:47:42","slug":"luxor-8-device-wall-or-desktop-charging-cabinet-for-up-to-13inch-screens","status":"publish","type":"product","link":"https:\/\/ksproducts.ca\/fr\/product\/luxor-8-device-wall-or-desktop-charging-cabinet-for-up-to-13inch-screens\/","title":{"rendered":"Luxor 8-Device Wall or Desktop Charging Cabinet for up to 13inch Screens (cabinet de charge mural ou de bureau pour \u00e9crans jusqu'\u00e0 13 pouces)"},"content":{"rendered":"<ul>\n<li>Charge, stocke et transporte jusqu'\u00e0 8 tablettes<\/li>\n<li>La station de recharge peut \u00eatre fix\u00e9e au mur ou pos\u00e9e sur n'importe quelle surface plane.<\/li>\n<li>L'int\u00e9rieur rembourr\u00e9 avec des s\u00e9parateurs rev\u00eatus de caoutchouc prot\u00e8ge les appareils contre les dommages.<\/li>\n<\/ul>","protected":false},"excerpt":{"rendered":"<p>\u00c9liminez l'encombrement des c\u00e2bles tout en veillant \u00e0 ce que les appareils soient toujours charg\u00e9s et pr\u00eats \u00e0 l'emploi. Parfaites pour les petits bureaux, les salles de classe et les biblioth\u00e8ques, les armoires murales \/ de bureau Luxor pour le chargement des tablettes offrent un design solide et simple, une s\u00e9curit\u00e9 fiable et un prix abordable. Une coque en acier avec une porte verrouillable, un int\u00e9rieur rembourr\u00e9 et des s\u00e9parateurs rev\u00eatus de caoutchouc prot\u00e8gent vos appareils. La taille compacte des armoires de chargement de table Luxor permet de les fixer au mur ou de les utiliser sur un bureau.<\/p>","protected":false},"featured_media":12280,"comment_status":"open","ping_status":"closed","template":"","meta":[],"product_cat":[433],"product_tag":[],"class_list":{"0":"post-12279","1":"product","2":"type-product","3":"status-publish","4":"has-post-thumbnail","6":"product_cat-utility-carts","7":"product_shipping_class-class-2","9":"first","10":"instock","11":"taxable","12":"shipping-taxable","13":"purchasable","14":"product-type-simple"},"yoast_head":"<!-- This site is optimized with the Yoast SEO plugin v27.3 - https:\/\/yoast.com\/product\/yoast-seo-wordpress\/ -->\n<title>Luxor 8-Device Wall or Desktop Charging Cabinet for up to 13inch Screens - Ks Products<\/title>\n<meta name=\"robots\" content=\"index, follow, max-snippet:-1, max-image-preview:large, max-video-preview:-1\" \/>\n<link rel=\"canonical\" href=\"https:\/\/ksproducts.ca\/fr\/product\/luxor-8-device-wall-or-desktop-charging-cabinet-for-up-to-13inch-screens\/\" \/>\n<meta property=\"og:locale\" content=\"fr_CA\" \/>\n<meta property=\"og:type\" content=\"article\" \/>\n<meta property=\"og:title\" content=\"Luxor 8-Device Wall or Desktop Charging Cabinet for up to 13inch Screens - Ks Products\" \/>\n<meta property=\"og:description\" content=\"Do away with cord clutter while safely ensuring devices are always charged and ready for use. Perfect for small offices, classrooms and libraries, Luxor Wall \/ Desk Tablet Charging Cabinets provide a strong, simple design that&#039;s reliably secure yet affordably priced. A steel shell with lockable door coupled with a padded interior and rubber-coated dividers protect your devices, and the compact size makes Luxor Tablet Charging Cabinets great for wall mount or desktop use.\" \/>\n<meta property=\"og:url\" content=\"https:\/\/ksproducts.ca\/fr\/product\/luxor-8-device-wall-or-desktop-charging-cabinet-for-up-to-13inch-screens\/\" \/>\n<meta property=\"og:site_name\" content=\"Ks Products\" \/>\n<meta property=\"og:image\" content=\"https:\/\/ksproducts.ca\/wp-content\/uploads\/2023\/09\/Kennedy-Sales-Logo-header-1.png\" \/>\n\t<meta property=\"og:image:width\" content=\"150\" \/>\n\t<meta property=\"og:image:height\" content=\"77\" \/>\n\t<meta property=\"og:image:type\" content=\"image\/png\" \/>\n<meta name=\"twitter:card\" content=\"summary_large_image\" \/>\n<meta name=\"twitter:label1\" content=\"Estimation du temps de lecture\" \/>\n\t<meta name=\"twitter:data1\" content=\"1 minute\" \/>\n<script type=\"application\/ld+json\" class=\"yoast-schema-graph\">{\"@context\":\"https:\\\/\\\/schema.org\",\"@graph\":[{\"@type\":\"WebPage\",\"@id\":\"https:\\\/\\\/ksproducts.ca\\\/product\\\/luxor-8-device-wall-or-desktop-charging-cabinet-for-up-to-13inch-screens\\\/\",\"url\":\"https:\\\/\\\/ksproducts.ca\\\/product\\\/luxor-8-device-wall-or-desktop-charging-cabinet-for-up-to-13inch-screens\\\/\",\"name\":\"Luxor 8-Device Wall or Desktop Charging Cabinet for up to 13inch Screens - Ks Products\",\"isPartOf\":{\"@id\":\"https:\\\/\\\/ksproducts.ca\\\/#website\"},\"primaryImageOfPage\":{\"@id\":\"https:\\\/\\\/ksproducts.ca\\\/product\\\/luxor-8-device-wall-or-desktop-charging-cabinet-for-up-to-13inch-screens\\\/#primaryimage\"},\"image\":{\"@id\":\"https:\\\/\\\/ksproducts.ca\\\/product\\\/luxor-8-device-wall-or-desktop-charging-cabinet-for-up-to-13inch-screens\\\/#primaryimage\"},\"thumbnailUrl\":\"https:\\\/\\\/ksproducts.ca\\\/wp-content\\\/uploads\\\/2026\\\/03\\\/Luxor-8-Device-Wall-or-Desktop-Charging-Cabinet-for-up-to-13inch-Screens.avif\",\"datePublished\":\"2026-03-11T12:47:42+00:00\",\"breadcrumb\":{\"@id\":\"https:\\\/\\\/ksproducts.ca\\\/product\\\/luxor-8-device-wall-or-desktop-charging-cabinet-for-up-to-13inch-screens\\\/#breadcrumb\"},\"inLanguage\":\"fr-CA\",\"potentialAction\":[{\"@type\":\"ReadAction\",\"target\":[\"https:\\\/\\\/ksproducts.ca\\\/product\\\/luxor-8-device-wall-or-desktop-charging-cabinet-for-up-to-13inch-screens\\\/\"]}]},{\"@type\":\"ImageObject\",\"inLanguage\":\"fr-CA\",\"@id\":\"https:\\\/\\\/ksproducts.ca\\\/product\\\/luxor-8-device-wall-or-desktop-charging-cabinet-for-up-to-13inch-screens\\\/#primaryimage\",\"url\":\"https:\\\/\\\/ksproducts.ca\\\/wp-content\\\/uploads\\\/2026\\\/03\\\/Luxor-8-Device-Wall-or-Desktop-Charging-Cabinet-for-up-to-13inch-Screens.avif\",\"contentUrl\":\"https:\\\/\\\/ksproducts.ca\\\/wp-content\\\/uploads\\\/2026\\\/03\\\/Luxor-8-Device-Wall-or-Desktop-Charging-Cabinet-for-up-to-13inch-Screens.avif\",\"width\":1000,\"height\":1000,\"caption\":\"Luxor 8 Device Wall or Desktop Charging Cabinet for up to 13inch Screens\"},{\"@type\":\"BreadcrumbList\",\"@id\":\"https:\\\/\\\/ksproducts.ca\\\/product\\\/luxor-8-device-wall-or-desktop-charging-cabinet-for-up-to-13inch-screens\\\/#breadcrumb\",\"itemListElement\":[{\"@type\":\"ListItem\",\"position\":1,\"name\":\"Home\",\"item\":\"https:\\\/\\\/ksproducts.ca\\\/\"},{\"@type\":\"ListItem\",\"position\":2,\"name\":\"Shop\",\"item\":\"https:\\\/\\\/ksproducts.ca\\\/shop\\\/\"},{\"@type\":\"ListItem\",\"position\":3,\"name\":\"Luxor 8-Device Wall or Desktop Charging Cabinet for up to 13inch Screens\"}]},{\"@type\":\"WebSite\",\"@id\":\"https:\\\/\\\/ksproducts.ca\\\/#website\",\"url\":\"https:\\\/\\\/ksproducts.ca\\\/\",\"name\":\"Ks Products\",\"description\":\"Outdoor cooking and living, made easy in Canada\",\"publisher\":{\"@id\":\"https:\\\/\\\/ksproducts.ca\\\/#organization\"},\"potentialAction\":[{\"@type\":\"SearchAction\",\"target\":{\"@type\":\"EntryPoint\",\"urlTemplate\":\"https:\\\/\\\/ksproducts.ca\\\/?s={search_term_string}\"},\"query-input\":{\"@type\":\"PropertyValueSpecification\",\"valueRequired\":true,\"valueName\":\"search_term_string\"}}],\"inLanguage\":\"fr-CA\"},{\"@type\":\"Organization\",\"@id\":\"https:\\\/\\\/ksproducts.ca\\\/#organization\",\"name\":\"Ks Products\",\"url\":\"https:\\\/\\\/ksproducts.ca\\\/\",\"logo\":{\"@type\":\"ImageObject\",\"inLanguage\":\"fr-CA\",\"@id\":\"https:\\\/\\\/ksproducts.ca\\\/#\\\/schema\\\/logo\\\/image\\\/\",\"url\":\"https:\\\/\\\/ksproducts.ca\\\/wp-content\\\/uploads\\\/2023\\\/09\\\/Kennedy-Sales-Logo-header-1.png\",\"contentUrl\":\"https:\\\/\\\/ksproducts.ca\\\/wp-content\\\/uploads\\\/2023\\\/09\\\/Kennedy-Sales-Logo-header-1.png\",\"width\":150,\"height\":77,\"caption\":\"Ks Products\"},\"image\":{\"@id\":\"https:\\\/\\\/ksproducts.ca\\\/#\\\/schema\\\/logo\\\/image\\\/\"}}]}<\/script>\n<!-- \/ Yoast SEO plugin. -->","yoast_head_json":{"title":"Luxor 8-Device Wall or Desktop Charging Cabinet for up to 13inch Screens - Ks Products","robots":{"index":"index","follow":"follow","max-snippet":"max-snippet:-1","max-image-preview":"max-image-preview:large","max-video-preview":"max-video-preview:-1"},"canonical":"https:\/\/ksproducts.ca\/fr\/product\/luxor-8-device-wall-or-desktop-charging-cabinet-for-up-to-13inch-screens\/","og_locale":"fr_CA","og_type":"article","og_title":"Luxor 8-Device Wall or Desktop Charging Cabinet for up to 13inch Screens - Ks Products","og_description":"Do away with cord clutter while safely ensuring devices are always charged and ready for use. Perfect for small offices, classrooms and libraries, Luxor Wall \/ Desk Tablet Charging Cabinets provide a strong, simple design that's reliably secure yet affordably priced. A steel shell with lockable door coupled with a padded interior and rubber-coated dividers protect your devices, and the compact size makes Luxor Tablet Charging Cabinets great for wall mount or desktop use.","og_url":"https:\/\/ksproducts.ca\/fr\/product\/luxor-8-device-wall-or-desktop-charging-cabinet-for-up-to-13inch-screens\/","og_site_name":"Ks Products","og_image":[{"width":150,"height":77,"url":"https:\/\/ksproducts.ca\/wp-content\/uploads\/2023\/09\/Kennedy-Sales-Logo-header-1.png","type":"image\/png"}],"twitter_card":"summary_large_image","twitter_misc":{"Estimation du temps de lecture":"1 minute"},"schema":{"@context":"https:\/\/schema.org","@graph":[{"@type":"WebPage","@id":"https:\/\/ksproducts.ca\/product\/luxor-8-device-wall-or-desktop-charging-cabinet-for-up-to-13inch-screens\/","url":"https:\/\/ksproducts.ca\/product\/luxor-8-device-wall-or-desktop-charging-cabinet-for-up-to-13inch-screens\/","name":"Luxor 8-Device Wall or Desktop Charging Cabinet for up to 13inch Screens - Ks Products","isPartOf":{"@id":"https:\/\/ksproducts.ca\/#website"},"primaryImageOfPage":{"@id":"https:\/\/ksproducts.ca\/product\/luxor-8-device-wall-or-desktop-charging-cabinet-for-up-to-13inch-screens\/#primaryimage"},"image":{"@id":"https:\/\/ksproducts.ca\/product\/luxor-8-device-wall-or-desktop-charging-cabinet-for-up-to-13inch-screens\/#primaryimage"},"thumbnailUrl":"https:\/\/ksproducts.ca\/wp-content\/uploads\/2026\/03\/Luxor-8-Device-Wall-or-Desktop-Charging-Cabinet-for-up-to-13inch-Screens.avif","datePublished":"2026-03-11T12:47:42+00:00","breadcrumb":{"@id":"https:\/\/ksproducts.ca\/product\/luxor-8-device-wall-or-desktop-charging-cabinet-for-up-to-13inch-screens\/#breadcrumb"},"inLanguage":"fr-CA","potentialAction":[{"@type":"ReadAction","target":["https:\/\/ksproducts.ca\/product\/luxor-8-device-wall-or-desktop-charging-cabinet-for-up-to-13inch-screens\/"]}]},{"@type":"ImageObject","inLanguage":"fr-CA","@id":"https:\/\/ksproducts.ca\/product\/luxor-8-device-wall-or-desktop-charging-cabinet-for-up-to-13inch-screens\/#primaryimage","url":"https:\/\/ksproducts.ca\/wp-content\/uploads\/2026\/03\/Luxor-8-Device-Wall-or-Desktop-Charging-Cabinet-for-up-to-13inch-Screens.avif","contentUrl":"https:\/\/ksproducts.ca\/wp-content\/uploads\/2026\/03\/Luxor-8-Device-Wall-or-Desktop-Charging-Cabinet-for-up-to-13inch-Screens.avif","width":1000,"height":1000,"caption":"Luxor 8 Device Wall or Desktop Charging Cabinet for up to 13inch Screens"},{"@type":"BreadcrumbList","@id":"https:\/\/ksproducts.ca\/product\/luxor-8-device-wall-or-desktop-charging-cabinet-for-up-to-13inch-screens\/#breadcrumb","itemListElement":[{"@type":"ListItem","position":1,"name":"Home","item":"https:\/\/ksproducts.ca\/"},{"@type":"ListItem","position":2,"name":"Shop","item":"https:\/\/ksproducts.ca\/shop\/"},{"@type":"ListItem","position":3,"name":"Luxor 8-Device Wall or Desktop Charging Cabinet for up to 13inch Screens"}]},{"@type":"WebSite","@id":"https:\/\/ksproducts.ca\/#website","url":"https:\/\/ksproducts.ca\/","name":"Produits Ks","description":"Cuisiner et vivre en plein air, c'est facile au Canada","publisher":{"@id":"https:\/\/ksproducts.ca\/#organization"},"potentialAction":[{"@type":"SearchAction","target":{"@type":"EntryPoint","urlTemplate":"https:\/\/ksproducts.ca\/?s={search_term_string}"},"query-input":{"@type":"PropertyValueSpecification","valueRequired":true,"valueName":"search_term_string"}}],"inLanguage":"fr-CA"},{"@type":"Organization","@id":"https:\/\/ksproducts.ca\/#organization","name":"Produits Ks","url":"https:\/\/ksproducts.ca\/","logo":{"@type":"ImageObject","inLanguage":"fr-CA","@id":"https:\/\/ksproducts.ca\/#\/schema\/logo\/image\/","url":"https:\/\/ksproducts.ca\/wp-content\/uploads\/2023\/09\/Kennedy-Sales-Logo-header-1.png","contentUrl":"https:\/\/ksproducts.ca\/wp-content\/uploads\/2023\/09\/Kennedy-Sales-Logo-header-1.png","width":150,"height":77,"caption":"Ks Products"},"image":{"@id":"https:\/\/ksproducts.ca\/#\/schema\/logo\/image\/"}}]}},"_links":{"self":[{"href":"https:\/\/ksproducts.ca\/fr\/wp-json\/wp\/v2\/product\/12279","targetHints":{"allow":["GET"]}}],"collection":[{"href":"https:\/\/ksproducts.ca\/fr\/wp-json\/wp\/v2\/product"}],"about":[{"href":"https:\/\/ksproducts.ca\/fr\/wp-json\/wp\/v2\/types\/product"}],"replies":[{"embeddable":true,"href":"https:\/\/ksproducts.ca\/fr\/wp-json\/wp\/v2\/comments?post=12279"}],"version-history":[{"count":1,"href":"https:\/\/ksproducts.ca\/fr\/wp-json\/wp\/v2\/product\/12279\/revisions"}],"predecessor-version":[{"id":12281,"href":"https:\/\/ksproducts.ca\/fr\/wp-json\/wp\/v2\/product\/12279\/revisions\/12281"}],"wp:featuredmedia":[{"embeddable":true,"href":"https:\/\/ksproducts.ca\/fr\/wp-json\/wp\/v2\/media\/12280"}],"wp:attachment":[{"href":"https:\/\/ksproducts.ca\/fr\/wp-json\/wp\/v2\/media?parent=12279"}],"wp:term":[{"taxonomy":"product_cat","embeddable":true,"href":"https:\/\/ksproducts.ca\/fr\/wp-json\/wp\/v2\/product_cat?post=12279"},{"taxonomy":"product_tag","embeddable":true,"href":"https:\/\/ksproducts.ca\/fr\/wp-json\/wp\/v2\/product_tag?post=12279"}],"curies":[{"name":"wp","href":"https:\/\/api.w.org\/{rel}","templated":true}]}}