{"id":12282,"date":"2026-03-11T15:48:17","date_gmt":"2026-03-11T15:48:17","guid":{"rendered":"https:\/\/ksproducts.ca\/?post_type=product&#038;p=12282"},"modified":"2026-03-11T15:48:17","modified_gmt":"2026-03-11T15:48:17","slug":"luxor-12-device-charging-cabinet-cart-for-up-to-16inch-screens","status":"publish","type":"product","link":"https:\/\/ksproducts.ca\/fr\/product\/luxor-12-device-charging-cabinet-cart-for-up-to-16inch-screens\/","title":{"rendered":"Luxor 12-Device Charging Cabinet Cart for up to 16inch Screens (Cabinet de chargement de 12 appareils pour \u00e9crans de 16 pouces)"},"content":{"rendered":"<ul class=\"a-unordered-list a-vertical a-spacing-mini\">\n<li class=\"a-spacing-mini\"><span class=\"a-list-item\">Les produits Luxor sont couverts par une garantie limit\u00e9e du fabricant.<\/span><\/li>\n<li class=\"a-spacing-mini\"><span class=\"a-list-item\">Chariots de pr\u00e9sentation adapt\u00e9s \u00e0 toutes les situations<\/span><\/li>\n<li class=\"a-spacing-mini\"><span class=\"a-list-item\">Ajustement et finition in\u00e9gal\u00e9s pour un aspect professionnel<\/span><\/li>\n<\/ul>","protected":false},"excerpt":{"rendered":"<p>Les chariots de pr\u00e9sentation Luxor sont con\u00e7us pour une utilisation professionnelle et polyvalente. Ils sont parfaits pour les pr\u00e9sentations, les r\u00e9unions ou les salles de classe. Fabriqu\u00e9s avec des mat\u00e9riaux de haute qualit\u00e9, ces chariots offrent un ajustement et une finition in\u00e9gal\u00e9s pour une apparence \u00e9l\u00e9gante et professionnelle. Fiables et \u00e9l\u00e9gants, ils constituent une solution durable et fonctionnelle pour tous vos besoins en mati\u00e8re d'audiovisuel ou de pr\u00e9sentation.<\/p>","protected":false},"featured_media":12283,"comment_status":"open","ping_status":"closed","template":"","meta":[],"product_cat":[433],"product_tag":[],"class_list":{"0":"post-12282","1":"product","2":"type-product","3":"status-publish","4":"has-post-thumbnail","6":"product_cat-utility-carts","7":"product_shipping_class-class-2","9":"first","10":"instock","11":"taxable","12":"shipping-taxable","13":"purchasable","14":"product-type-simple"},"yoast_head":"<!-- This site is optimized with the Yoast SEO plugin v27.3 - https:\/\/yoast.com\/product\/yoast-seo-wordpress\/ -->\n<title>Luxor 12-Device Charging Cabinet Cart for up to 16inch Screens - Ks Products<\/title>\n<meta name=\"robots\" content=\"index, follow, max-snippet:-1, max-image-preview:large, max-video-preview:-1\" \/>\n<link rel=\"canonical\" href=\"https:\/\/ksproducts.ca\/fr\/product\/luxor-12-device-charging-cabinet-cart-for-up-to-16inch-screens\/\" \/>\n<meta property=\"og:locale\" content=\"fr_CA\" \/>\n<meta property=\"og:type\" content=\"article\" \/>\n<meta property=\"og:title\" content=\"Luxor 12-Device Charging Cabinet Cart for up to 16inch Screens - Ks Products\" \/>\n<meta property=\"og:description\" content=\"Luxor Presentation Carts are designed for professional and versatile use, perfect for presentations, meetings, or classroom setups. Built with high-quality materials, these carts offer unmatched fit and finish for a sleek, professional appearance. Reliable and stylish, they provide a durable and functional solution for all your AV or presentation needs.\" \/>\n<meta property=\"og:url\" content=\"https:\/\/ksproducts.ca\/fr\/product\/luxor-12-device-charging-cabinet-cart-for-up-to-16inch-screens\/\" \/>\n<meta property=\"og:site_name\" content=\"Ks Products\" \/>\n<meta property=\"og:image\" content=\"https:\/\/ksproducts.ca\/wp-content\/uploads\/2026\/03\/Luxor-12-Device-Charging-Cabinet-Cart-for-up-to-16inch-Screens.jpg\" \/>\n\t<meta property=\"og:image:width\" content=\"478\" \/>\n\t<meta property=\"og:image:height\" content=\"800\" \/>\n\t<meta property=\"og:image:type\" content=\"image\/jpeg\" \/>\n<meta name=\"twitter:card\" content=\"summary_large_image\" \/>\n<meta name=\"twitter:label1\" content=\"Estimation du temps de lecture\" \/>\n\t<meta name=\"twitter:data1\" content=\"1 minute\" \/>\n<script type=\"application\/ld+json\" class=\"yoast-schema-graph\">{\"@context\":\"https:\\\/\\\/schema.org\",\"@graph\":[{\"@type\":\"WebPage\",\"@id\":\"https:\\\/\\\/ksproducts.ca\\\/product\\\/luxor-12-device-charging-cabinet-cart-for-up-to-16inch-screens\\\/\",\"url\":\"https:\\\/\\\/ksproducts.ca\\\/product\\\/luxor-12-device-charging-cabinet-cart-for-up-to-16inch-screens\\\/\",\"name\":\"Luxor 12-Device Charging Cabinet Cart for up to 16inch Screens - Ks Products\",\"isPartOf\":{\"@id\":\"https:\\\/\\\/ksproducts.ca\\\/#website\"},\"primaryImageOfPage\":{\"@id\":\"https:\\\/\\\/ksproducts.ca\\\/product\\\/luxor-12-device-charging-cabinet-cart-for-up-to-16inch-screens\\\/#primaryimage\"},\"image\":{\"@id\":\"https:\\\/\\\/ksproducts.ca\\\/product\\\/luxor-12-device-charging-cabinet-cart-for-up-to-16inch-screens\\\/#primaryimage\"},\"thumbnailUrl\":\"https:\\\/\\\/ksproducts.ca\\\/wp-content\\\/uploads\\\/2026\\\/03\\\/Luxor-12-Device-Charging-Cabinet-Cart-for-up-to-16inch-Screens.jpg\",\"datePublished\":\"2026-03-11T15:48:17+00:00\",\"breadcrumb\":{\"@id\":\"https:\\\/\\\/ksproducts.ca\\\/product\\\/luxor-12-device-charging-cabinet-cart-for-up-to-16inch-screens\\\/#breadcrumb\"},\"inLanguage\":\"fr-CA\",\"potentialAction\":[{\"@type\":\"ReadAction\",\"target\":[\"https:\\\/\\\/ksproducts.ca\\\/product\\\/luxor-12-device-charging-cabinet-cart-for-up-to-16inch-screens\\\/\"]}]},{\"@type\":\"ImageObject\",\"inLanguage\":\"fr-CA\",\"@id\":\"https:\\\/\\\/ksproducts.ca\\\/product\\\/luxor-12-device-charging-cabinet-cart-for-up-to-16inch-screens\\\/#primaryimage\",\"url\":\"https:\\\/\\\/ksproducts.ca\\\/wp-content\\\/uploads\\\/2026\\\/03\\\/Luxor-12-Device-Charging-Cabinet-Cart-for-up-to-16inch-Screens.jpg\",\"contentUrl\":\"https:\\\/\\\/ksproducts.ca\\\/wp-content\\\/uploads\\\/2026\\\/03\\\/Luxor-12-Device-Charging-Cabinet-Cart-for-up-to-16inch-Screens.jpg\",\"width\":478,\"height\":800,\"caption\":\"Luxor 12 Device Charging Cabinet Cart for up to 16inch Screens\"},{\"@type\":\"BreadcrumbList\",\"@id\":\"https:\\\/\\\/ksproducts.ca\\\/product\\\/luxor-12-device-charging-cabinet-cart-for-up-to-16inch-screens\\\/#breadcrumb\",\"itemListElement\":[{\"@type\":\"ListItem\",\"position\":1,\"name\":\"Home\",\"item\":\"https:\\\/\\\/ksproducts.ca\\\/\"},{\"@type\":\"ListItem\",\"position\":2,\"name\":\"Shop\",\"item\":\"https:\\\/\\\/ksproducts.ca\\\/shop\\\/\"},{\"@type\":\"ListItem\",\"position\":3,\"name\":\"Luxor 12-Device Charging Cabinet Cart for up to 16inch Screens\"}]},{\"@type\":\"WebSite\",\"@id\":\"https:\\\/\\\/ksproducts.ca\\\/#website\",\"url\":\"https:\\\/\\\/ksproducts.ca\\\/\",\"name\":\"Ks Products\",\"description\":\"Outdoor cooking and living, made easy in Canada\",\"publisher\":{\"@id\":\"https:\\\/\\\/ksproducts.ca\\\/#organization\"},\"potentialAction\":[{\"@type\":\"SearchAction\",\"target\":{\"@type\":\"EntryPoint\",\"urlTemplate\":\"https:\\\/\\\/ksproducts.ca\\\/?s={search_term_string}\"},\"query-input\":{\"@type\":\"PropertyValueSpecification\",\"valueRequired\":true,\"valueName\":\"search_term_string\"}}],\"inLanguage\":\"fr-CA\"},{\"@type\":\"Organization\",\"@id\":\"https:\\\/\\\/ksproducts.ca\\\/#organization\",\"name\":\"Ks Products\",\"url\":\"https:\\\/\\\/ksproducts.ca\\\/\",\"logo\":{\"@type\":\"ImageObject\",\"inLanguage\":\"fr-CA\",\"@id\":\"https:\\\/\\\/ksproducts.ca\\\/#\\\/schema\\\/logo\\\/image\\\/\",\"url\":\"https:\\\/\\\/ksproducts.ca\\\/wp-content\\\/uploads\\\/2023\\\/09\\\/Kennedy-Sales-Logo-header-1.png\",\"contentUrl\":\"https:\\\/\\\/ksproducts.ca\\\/wp-content\\\/uploads\\\/2023\\\/09\\\/Kennedy-Sales-Logo-header-1.png\",\"width\":150,\"height\":77,\"caption\":\"Ks Products\"},\"image\":{\"@id\":\"https:\\\/\\\/ksproducts.ca\\\/#\\\/schema\\\/logo\\\/image\\\/\"}}]}<\/script>\n<!-- \/ Yoast SEO plugin. -->","yoast_head_json":{"title":"Luxor 12-Device Charging Cabinet Cart for up to 16inch Screens - Ks Products","robots":{"index":"index","follow":"follow","max-snippet":"max-snippet:-1","max-image-preview":"max-image-preview:large","max-video-preview":"max-video-preview:-1"},"canonical":"https:\/\/ksproducts.ca\/fr\/product\/luxor-12-device-charging-cabinet-cart-for-up-to-16inch-screens\/","og_locale":"fr_CA","og_type":"article","og_title":"Luxor 12-Device Charging Cabinet Cart for up to 16inch Screens - Ks Products","og_description":"Luxor Presentation Carts are designed for professional and versatile use, perfect for presentations, meetings, or classroom setups. Built with high-quality materials, these carts offer unmatched fit and finish for a sleek, professional appearance. Reliable and stylish, they provide a durable and functional solution for all your AV or presentation needs.","og_url":"https:\/\/ksproducts.ca\/fr\/product\/luxor-12-device-charging-cabinet-cart-for-up-to-16inch-screens\/","og_site_name":"Ks Products","og_image":[{"width":478,"height":800,"url":"https:\/\/ksproducts.ca\/wp-content\/uploads\/2026\/03\/Luxor-12-Device-Charging-Cabinet-Cart-for-up-to-16inch-Screens.jpg","type":"image\/jpeg"}],"twitter_card":"summary_large_image","twitter_misc":{"Estimation du temps de lecture":"1 minute"},"schema":{"@context":"https:\/\/schema.org","@graph":[{"@type":"WebPage","@id":"https:\/\/ksproducts.ca\/product\/luxor-12-device-charging-cabinet-cart-for-up-to-16inch-screens\/","url":"https:\/\/ksproducts.ca\/product\/luxor-12-device-charging-cabinet-cart-for-up-to-16inch-screens\/","name":"Luxor 12-Device Charging Cabinet Cart for up to 16inch Screens - Ks Products","isPartOf":{"@id":"https:\/\/ksproducts.ca\/#website"},"primaryImageOfPage":{"@id":"https:\/\/ksproducts.ca\/product\/luxor-12-device-charging-cabinet-cart-for-up-to-16inch-screens\/#primaryimage"},"image":{"@id":"https:\/\/ksproducts.ca\/product\/luxor-12-device-charging-cabinet-cart-for-up-to-16inch-screens\/#primaryimage"},"thumbnailUrl":"https:\/\/ksproducts.ca\/wp-content\/uploads\/2026\/03\/Luxor-12-Device-Charging-Cabinet-Cart-for-up-to-16inch-Screens.jpg","datePublished":"2026-03-11T15:48:17+00:00","breadcrumb":{"@id":"https:\/\/ksproducts.ca\/product\/luxor-12-device-charging-cabinet-cart-for-up-to-16inch-screens\/#breadcrumb"},"inLanguage":"fr-CA","potentialAction":[{"@type":"ReadAction","target":["https:\/\/ksproducts.ca\/product\/luxor-12-device-charging-cabinet-cart-for-up-to-16inch-screens\/"]}]},{"@type":"ImageObject","inLanguage":"fr-CA","@id":"https:\/\/ksproducts.ca\/product\/luxor-12-device-charging-cabinet-cart-for-up-to-16inch-screens\/#primaryimage","url":"https:\/\/ksproducts.ca\/wp-content\/uploads\/2026\/03\/Luxor-12-Device-Charging-Cabinet-Cart-for-up-to-16inch-Screens.jpg","contentUrl":"https:\/\/ksproducts.ca\/wp-content\/uploads\/2026\/03\/Luxor-12-Device-Charging-Cabinet-Cart-for-up-to-16inch-Screens.jpg","width":478,"height":800,"caption":"Luxor 12 Device Charging Cabinet Cart for up to 16inch Screens"},{"@type":"BreadcrumbList","@id":"https:\/\/ksproducts.ca\/product\/luxor-12-device-charging-cabinet-cart-for-up-to-16inch-screens\/#breadcrumb","itemListElement":[{"@type":"ListItem","position":1,"name":"Home","item":"https:\/\/ksproducts.ca\/"},{"@type":"ListItem","position":2,"name":"Shop","item":"https:\/\/ksproducts.ca\/shop\/"},{"@type":"ListItem","position":3,"name":"Luxor 12-Device Charging Cabinet Cart for up to 16inch Screens"}]},{"@type":"WebSite","@id":"https:\/\/ksproducts.ca\/#website","url":"https:\/\/ksproducts.ca\/","name":"Produits Ks","description":"Cuisiner et vivre en plein air, c'est facile au Canada","publisher":{"@id":"https:\/\/ksproducts.ca\/#organization"},"potentialAction":[{"@type":"SearchAction","target":{"@type":"EntryPoint","urlTemplate":"https:\/\/ksproducts.ca\/?s={search_term_string}"},"query-input":{"@type":"PropertyValueSpecification","valueRequired":true,"valueName":"search_term_string"}}],"inLanguage":"fr-CA"},{"@type":"Organization","@id":"https:\/\/ksproducts.ca\/#organization","name":"Produits Ks","url":"https:\/\/ksproducts.ca\/","logo":{"@type":"ImageObject","inLanguage":"fr-CA","@id":"https:\/\/ksproducts.ca\/#\/schema\/logo\/image\/","url":"https:\/\/ksproducts.ca\/wp-content\/uploads\/2023\/09\/Kennedy-Sales-Logo-header-1.png","contentUrl":"https:\/\/ksproducts.ca\/wp-content\/uploads\/2023\/09\/Kennedy-Sales-Logo-header-1.png","width":150,"height":77,"caption":"Ks Products"},"image":{"@id":"https:\/\/ksproducts.ca\/#\/schema\/logo\/image\/"}}]}},"_links":{"self":[{"href":"https:\/\/ksproducts.ca\/fr\/wp-json\/wp\/v2\/product\/12282","targetHints":{"allow":["GET"]}}],"collection":[{"href":"https:\/\/ksproducts.ca\/fr\/wp-json\/wp\/v2\/product"}],"about":[{"href":"https:\/\/ksproducts.ca\/fr\/wp-json\/wp\/v2\/types\/product"}],"replies":[{"embeddable":true,"href":"https:\/\/ksproducts.ca\/fr\/wp-json\/wp\/v2\/comments?post=12282"}],"version-history":[{"count":1,"href":"https:\/\/ksproducts.ca\/fr\/wp-json\/wp\/v2\/product\/12282\/revisions"}],"predecessor-version":[{"id":12284,"href":"https:\/\/ksproducts.ca\/fr\/wp-json\/wp\/v2\/product\/12282\/revisions\/12284"}],"wp:featuredmedia":[{"embeddable":true,"href":"https:\/\/ksproducts.ca\/fr\/wp-json\/wp\/v2\/media\/12283"}],"wp:attachment":[{"href":"https:\/\/ksproducts.ca\/fr\/wp-json\/wp\/v2\/media?parent=12282"}],"wp:term":[{"taxonomy":"product_cat","embeddable":true,"href":"https:\/\/ksproducts.ca\/fr\/wp-json\/wp\/v2\/product_cat?post=12282"},{"taxonomy":"product_tag","embeddable":true,"href":"https:\/\/ksproducts.ca\/fr\/wp-json\/wp\/v2\/product_tag?post=12282"}],"curies":[{"name":"wp","href":"https:\/\/api.w.org\/{rel}","templated":true}]}}