{"id":12285,"date":"2026-03-11T15:53:08","date_gmt":"2026-03-11T15:53:08","guid":{"rendered":"https:\/\/ksproducts.ca\/?post_type=product&#038;p=12285"},"modified":"2026-03-11T15:53:08","modified_gmt":"2026-03-11T15:53:08","slug":"luxor-18-device-charging-cabinet-cart-for-up-to-16inch-screens","status":"publish","type":"product","link":"https:\/\/ksproducts.ca\/fr\/product\/luxor-18-device-charging-cabinet-cart-for-up-to-16inch-screens\/","title":{"rendered":"Luxor 18-Device Charging Cabinet Cart for up to 16inch Screens (Cabinet de chargement de 18 appareils pour \u00e9crans de 16 pouces)"},"content":{"rendered":"<ul>\n<li>Charge, stocke et transporte jusqu'\u00e0 18 ordinateurs portables ou Chromebooks (9 par \u00e9tag\u00e8re)<\/li>\n<li>Portes d'acc\u00e8s avant et arri\u00e8re verrouillables ; deux cl\u00e9s incluses<\/li>\n<li>Comprend deux blocs multiprises verticaux \u00e0 9 prises 120V\/15A list\u00e9s UL<\/li>\n<\/ul>","protected":false},"excerpt":{"rendered":"<p>La fonctionnalit\u00e9 s'allie \u00e0 la durabilit\u00e9 avec le chariot de chargement Luxor pour ordinateurs portables et chromebooks. Les portes en acier verrouillables et les roulettes offrent une solution de s\u00e9curit\u00e9 ou de stockage robuste et facile \u00e0 d\u00e9placer. Et avec un assemblage \u00e9lectrique et un syst\u00e8me de gestion des cordons int\u00e9gr\u00e9s \u00e0 l'arri\u00e8re de l'unit\u00e9, vous \u00eates en mesure d'organiser et de charger plusieurs appareils \u00e0 la fois, des ordinateurs portables aux Chromebooks. Les s\u00e9parateurs rev\u00eatus de caoutchouc ne rayent pas les appareils lorsqu'ils sont rang\u00e9s ou sortis et offrent une protection contre les chocs pendant le transport. L'assemblage est simple : il suffit de fixer les roulettes et la poign\u00e9e pour \u00eatre pr\u00eat \u00e0 rouler.<\/p>","protected":false},"featured_media":12286,"comment_status":"open","ping_status":"closed","template":"","meta":[],"product_cat":[433],"product_tag":[],"class_list":{"0":"post-12285","1":"product","2":"type-product","3":"status-publish","4":"has-post-thumbnail","6":"product_cat-utility-carts","7":"product_shipping_class-class-2","9":"first","10":"instock","11":"taxable","12":"shipping-taxable","13":"purchasable","14":"product-type-simple"},"yoast_head":"<!-- This site is optimized with the Yoast SEO plugin v27.3 - https:\/\/yoast.com\/product\/yoast-seo-wordpress\/ -->\n<title>Luxor 18-Device Charging Cabinet Cart for up to 16inch Screens - Ks Products<\/title>\n<meta name=\"robots\" content=\"index, follow, max-snippet:-1, max-image-preview:large, max-video-preview:-1\" \/>\n<link rel=\"canonical\" href=\"https:\/\/ksproducts.ca\/fr\/product\/luxor-18-device-charging-cabinet-cart-for-up-to-16inch-screens\/\" \/>\n<meta property=\"og:locale\" content=\"fr_CA\" \/>\n<meta property=\"og:type\" content=\"article\" \/>\n<meta property=\"og:title\" content=\"Luxor 18-Device Charging Cabinet Cart for up to 16inch Screens - Ks Products\" \/>\n<meta property=\"og:description\" content=\"Functional meets durable with a Luxor Laptop \/ Chromebook Charging Cart. Lockable steel doors and rolling casters provide a rugged security or storage solution that&#039;s easy to move. And with an electrical assembly and cord management system built inside the back of the unit, you&#039;re able to organize and charge multiple devices at once from laptops to Chromebooks. Rubber-coated dividers won&#039;t scratch devices, when putting them away or taking them out and help provide impact protection during transit. And assembly is simple just attach the casters and handle and you&#039;re ready to roll\" \/>\n<meta property=\"og:url\" content=\"https:\/\/ksproducts.ca\/fr\/product\/luxor-18-device-charging-cabinet-cart-for-up-to-16inch-screens\/\" \/>\n<meta property=\"og:site_name\" content=\"Ks Products\" \/>\n<meta property=\"og:image\" content=\"https:\/\/ksproducts.ca\/wp-content\/uploads\/2026\/03\/Luxor-18-Device-Charging-Cabinet-Cart-for-up-to-16inch-Screens.webp\" \/>\n\t<meta property=\"og:image:width\" content=\"800\" \/>\n\t<meta property=\"og:image:height\" content=\"800\" \/>\n\t<meta property=\"og:image:type\" content=\"image\/webp\" \/>\n<meta name=\"twitter:card\" content=\"summary_large_image\" \/>\n<meta name=\"twitter:label1\" content=\"Estimation du temps de lecture\" \/>\n\t<meta name=\"twitter:data1\" content=\"1 minute\" \/>\n<script type=\"application\/ld+json\" class=\"yoast-schema-graph\">{\"@context\":\"https:\\\/\\\/schema.org\",\"@graph\":[{\"@type\":\"WebPage\",\"@id\":\"https:\\\/\\\/ksproducts.ca\\\/product\\\/luxor-18-device-charging-cabinet-cart-for-up-to-16inch-screens\\\/\",\"url\":\"https:\\\/\\\/ksproducts.ca\\\/product\\\/luxor-18-device-charging-cabinet-cart-for-up-to-16inch-screens\\\/\",\"name\":\"Luxor 18-Device Charging Cabinet Cart for up to 16inch Screens - Ks Products\",\"isPartOf\":{\"@id\":\"https:\\\/\\\/ksproducts.ca\\\/#website\"},\"primaryImageOfPage\":{\"@id\":\"https:\\\/\\\/ksproducts.ca\\\/product\\\/luxor-18-device-charging-cabinet-cart-for-up-to-16inch-screens\\\/#primaryimage\"},\"image\":{\"@id\":\"https:\\\/\\\/ksproducts.ca\\\/product\\\/luxor-18-device-charging-cabinet-cart-for-up-to-16inch-screens\\\/#primaryimage\"},\"thumbnailUrl\":\"https:\\\/\\\/ksproducts.ca\\\/wp-content\\\/uploads\\\/2026\\\/03\\\/Luxor-18-Device-Charging-Cabinet-Cart-for-up-to-16inch-Screens.webp\",\"datePublished\":\"2026-03-11T15:53:08+00:00\",\"breadcrumb\":{\"@id\":\"https:\\\/\\\/ksproducts.ca\\\/product\\\/luxor-18-device-charging-cabinet-cart-for-up-to-16inch-screens\\\/#breadcrumb\"},\"inLanguage\":\"fr-CA\",\"potentialAction\":[{\"@type\":\"ReadAction\",\"target\":[\"https:\\\/\\\/ksproducts.ca\\\/product\\\/luxor-18-device-charging-cabinet-cart-for-up-to-16inch-screens\\\/\"]}]},{\"@type\":\"ImageObject\",\"inLanguage\":\"fr-CA\",\"@id\":\"https:\\\/\\\/ksproducts.ca\\\/product\\\/luxor-18-device-charging-cabinet-cart-for-up-to-16inch-screens\\\/#primaryimage\",\"url\":\"https:\\\/\\\/ksproducts.ca\\\/wp-content\\\/uploads\\\/2026\\\/03\\\/Luxor-18-Device-Charging-Cabinet-Cart-for-up-to-16inch-Screens.webp\",\"contentUrl\":\"https:\\\/\\\/ksproducts.ca\\\/wp-content\\\/uploads\\\/2026\\\/03\\\/Luxor-18-Device-Charging-Cabinet-Cart-for-up-to-16inch-Screens.webp\",\"width\":800,\"height\":800,\"caption\":\"Luxor 18 Device Charging Cabinet Cart for up to 16inch Screens\"},{\"@type\":\"BreadcrumbList\",\"@id\":\"https:\\\/\\\/ksproducts.ca\\\/product\\\/luxor-18-device-charging-cabinet-cart-for-up-to-16inch-screens\\\/#breadcrumb\",\"itemListElement\":[{\"@type\":\"ListItem\",\"position\":1,\"name\":\"Home\",\"item\":\"https:\\\/\\\/ksproducts.ca\\\/\"},{\"@type\":\"ListItem\",\"position\":2,\"name\":\"Shop\",\"item\":\"https:\\\/\\\/ksproducts.ca\\\/shop\\\/\"},{\"@type\":\"ListItem\",\"position\":3,\"name\":\"Luxor 18-Device Charging Cabinet Cart for up to 16inch Screens\"}]},{\"@type\":\"WebSite\",\"@id\":\"https:\\\/\\\/ksproducts.ca\\\/#website\",\"url\":\"https:\\\/\\\/ksproducts.ca\\\/\",\"name\":\"Ks Products\",\"description\":\"Outdoor cooking and living, made easy in Canada\",\"publisher\":{\"@id\":\"https:\\\/\\\/ksproducts.ca\\\/#organization\"},\"potentialAction\":[{\"@type\":\"SearchAction\",\"target\":{\"@type\":\"EntryPoint\",\"urlTemplate\":\"https:\\\/\\\/ksproducts.ca\\\/?s={search_term_string}\"},\"query-input\":{\"@type\":\"PropertyValueSpecification\",\"valueRequired\":true,\"valueName\":\"search_term_string\"}}],\"inLanguage\":\"fr-CA\"},{\"@type\":\"Organization\",\"@id\":\"https:\\\/\\\/ksproducts.ca\\\/#organization\",\"name\":\"Ks Products\",\"url\":\"https:\\\/\\\/ksproducts.ca\\\/\",\"logo\":{\"@type\":\"ImageObject\",\"inLanguage\":\"fr-CA\",\"@id\":\"https:\\\/\\\/ksproducts.ca\\\/#\\\/schema\\\/logo\\\/image\\\/\",\"url\":\"https:\\\/\\\/ksproducts.ca\\\/wp-content\\\/uploads\\\/2023\\\/09\\\/Kennedy-Sales-Logo-header-1.png\",\"contentUrl\":\"https:\\\/\\\/ksproducts.ca\\\/wp-content\\\/uploads\\\/2023\\\/09\\\/Kennedy-Sales-Logo-header-1.png\",\"width\":150,\"height\":77,\"caption\":\"Ks Products\"},\"image\":{\"@id\":\"https:\\\/\\\/ksproducts.ca\\\/#\\\/schema\\\/logo\\\/image\\\/\"}}]}<\/script>\n<!-- \/ Yoast SEO plugin. -->","yoast_head_json":{"title":"Luxor 18-Device Charging Cabinet Cart for up to 16inch Screens - Ks Products","robots":{"index":"index","follow":"follow","max-snippet":"max-snippet:-1","max-image-preview":"max-image-preview:large","max-video-preview":"max-video-preview:-1"},"canonical":"https:\/\/ksproducts.ca\/fr\/product\/luxor-18-device-charging-cabinet-cart-for-up-to-16inch-screens\/","og_locale":"fr_CA","og_type":"article","og_title":"Luxor 18-Device Charging Cabinet Cart for up to 16inch Screens - Ks Products","og_description":"Functional meets durable with a Luxor Laptop \/ Chromebook Charging Cart. Lockable steel doors and rolling casters provide a rugged security or storage solution that's easy to move. And with an electrical assembly and cord management system built inside the back of the unit, you're able to organize and charge multiple devices at once from laptops to Chromebooks. Rubber-coated dividers won't scratch devices, when putting them away or taking them out and help provide impact protection during transit. And assembly is simple just attach the casters and handle and you're ready to roll","og_url":"https:\/\/ksproducts.ca\/fr\/product\/luxor-18-device-charging-cabinet-cart-for-up-to-16inch-screens\/","og_site_name":"Ks Products","og_image":[{"width":800,"height":800,"url":"https:\/\/ksproducts.ca\/wp-content\/uploads\/2026\/03\/Luxor-18-Device-Charging-Cabinet-Cart-for-up-to-16inch-Screens.webp","type":"image\/webp"}],"twitter_card":"summary_large_image","twitter_misc":{"Estimation du temps de lecture":"1 minute"},"schema":{"@context":"https:\/\/schema.org","@graph":[{"@type":"WebPage","@id":"https:\/\/ksproducts.ca\/product\/luxor-18-device-charging-cabinet-cart-for-up-to-16inch-screens\/","url":"https:\/\/ksproducts.ca\/product\/luxor-18-device-charging-cabinet-cart-for-up-to-16inch-screens\/","name":"Luxor 18-Device Charging Cabinet Cart for up to 16inch Screens - Ks Products","isPartOf":{"@id":"https:\/\/ksproducts.ca\/#website"},"primaryImageOfPage":{"@id":"https:\/\/ksproducts.ca\/product\/luxor-18-device-charging-cabinet-cart-for-up-to-16inch-screens\/#primaryimage"},"image":{"@id":"https:\/\/ksproducts.ca\/product\/luxor-18-device-charging-cabinet-cart-for-up-to-16inch-screens\/#primaryimage"},"thumbnailUrl":"https:\/\/ksproducts.ca\/wp-content\/uploads\/2026\/03\/Luxor-18-Device-Charging-Cabinet-Cart-for-up-to-16inch-Screens.webp","datePublished":"2026-03-11T15:53:08+00:00","breadcrumb":{"@id":"https:\/\/ksproducts.ca\/product\/luxor-18-device-charging-cabinet-cart-for-up-to-16inch-screens\/#breadcrumb"},"inLanguage":"fr-CA","potentialAction":[{"@type":"ReadAction","target":["https:\/\/ksproducts.ca\/product\/luxor-18-device-charging-cabinet-cart-for-up-to-16inch-screens\/"]}]},{"@type":"ImageObject","inLanguage":"fr-CA","@id":"https:\/\/ksproducts.ca\/product\/luxor-18-device-charging-cabinet-cart-for-up-to-16inch-screens\/#primaryimage","url":"https:\/\/ksproducts.ca\/wp-content\/uploads\/2026\/03\/Luxor-18-Device-Charging-Cabinet-Cart-for-up-to-16inch-Screens.webp","contentUrl":"https:\/\/ksproducts.ca\/wp-content\/uploads\/2026\/03\/Luxor-18-Device-Charging-Cabinet-Cart-for-up-to-16inch-Screens.webp","width":800,"height":800,"caption":"Luxor 18 Device Charging Cabinet Cart for up to 16inch Screens"},{"@type":"BreadcrumbList","@id":"https:\/\/ksproducts.ca\/product\/luxor-18-device-charging-cabinet-cart-for-up-to-16inch-screens\/#breadcrumb","itemListElement":[{"@type":"ListItem","position":1,"name":"Home","item":"https:\/\/ksproducts.ca\/"},{"@type":"ListItem","position":2,"name":"Shop","item":"https:\/\/ksproducts.ca\/shop\/"},{"@type":"ListItem","position":3,"name":"Luxor 18-Device Charging Cabinet Cart for up to 16inch Screens"}]},{"@type":"WebSite","@id":"https:\/\/ksproducts.ca\/#website","url":"https:\/\/ksproducts.ca\/","name":"Produits Ks","description":"Cuisiner et vivre en plein air, c'est facile au Canada","publisher":{"@id":"https:\/\/ksproducts.ca\/#organization"},"potentialAction":[{"@type":"SearchAction","target":{"@type":"EntryPoint","urlTemplate":"https:\/\/ksproducts.ca\/?s={search_term_string}"},"query-input":{"@type":"PropertyValueSpecification","valueRequired":true,"valueName":"search_term_string"}}],"inLanguage":"fr-CA"},{"@type":"Organization","@id":"https:\/\/ksproducts.ca\/#organization","name":"Produits Ks","url":"https:\/\/ksproducts.ca\/","logo":{"@type":"ImageObject","inLanguage":"fr-CA","@id":"https:\/\/ksproducts.ca\/#\/schema\/logo\/image\/","url":"https:\/\/ksproducts.ca\/wp-content\/uploads\/2023\/09\/Kennedy-Sales-Logo-header-1.png","contentUrl":"https:\/\/ksproducts.ca\/wp-content\/uploads\/2023\/09\/Kennedy-Sales-Logo-header-1.png","width":150,"height":77,"caption":"Ks Products"},"image":{"@id":"https:\/\/ksproducts.ca\/#\/schema\/logo\/image\/"}}]}},"_links":{"self":[{"href":"https:\/\/ksproducts.ca\/fr\/wp-json\/wp\/v2\/product\/12285","targetHints":{"allow":["GET"]}}],"collection":[{"href":"https:\/\/ksproducts.ca\/fr\/wp-json\/wp\/v2\/product"}],"about":[{"href":"https:\/\/ksproducts.ca\/fr\/wp-json\/wp\/v2\/types\/product"}],"replies":[{"embeddable":true,"href":"https:\/\/ksproducts.ca\/fr\/wp-json\/wp\/v2\/comments?post=12285"}],"version-history":[{"count":1,"href":"https:\/\/ksproducts.ca\/fr\/wp-json\/wp\/v2\/product\/12285\/revisions"}],"predecessor-version":[{"id":12287,"href":"https:\/\/ksproducts.ca\/fr\/wp-json\/wp\/v2\/product\/12285\/revisions\/12287"}],"wp:featuredmedia":[{"embeddable":true,"href":"https:\/\/ksproducts.ca\/fr\/wp-json\/wp\/v2\/media\/12286"}],"wp:attachment":[{"href":"https:\/\/ksproducts.ca\/fr\/wp-json\/wp\/v2\/media?parent=12285"}],"wp:term":[{"taxonomy":"product_cat","embeddable":true,"href":"https:\/\/ksproducts.ca\/fr\/wp-json\/wp\/v2\/product_cat?post=12285"},{"taxonomy":"product_tag","embeddable":true,"href":"https:\/\/ksproducts.ca\/fr\/wp-json\/wp\/v2\/product_tag?post=12285"}],"curies":[{"name":"wp","href":"https:\/\/api.w.org\/{rel}","templated":true}]}}