{"id":12288,"date":"2026-03-11T15:57:12","date_gmt":"2026-03-11T15:57:12","guid":{"rendered":"https:\/\/ksproducts.ca\/?post_type=product&#038;p=12288"},"modified":"2026-03-11T15:58:09","modified_gmt":"2026-03-11T15:58:09","slug":"luxor-12-device-vertical-wall-desk-charging-box-for-up-to-13inch-screens","status":"publish","type":"product","link":"https:\/\/ksproducts.ca\/fr\/product\/luxor-12-device-vertical-wall-desk-charging-box-for-up-to-13inch-screens\/","title":{"rendered":"Luxor 12-Device Vertical Wall \/ Desk Charging Box for up to 13inch Screens (Bo\u00eetier de charge vertical pour \u00e9cran jusqu'\u00e0 13 pouces)"},"content":{"rendered":"<ul>\n<li data-start=\"485\" data-end=\"554\">Armoire de chargement verticale murale\/de bureau pour un stockage peu encombrant<\/li>\n<li data-start=\"557\" data-end=\"602\">Compatible avec les tablettes et les Chromebooks<\/li>\n<li data-start=\"605\" data-end=\"652\">Stockage s\u00e9curis\u00e9 avec une conception rentable<\/li>\n<li data-start=\"655\" data-end=\"719\">Supports amovibles pour les briques d'alimentation avec fermetures auto-agrippantes<\/li>\n<li data-start=\"722\" data-end=\"764\">Gestion facile et accessible des c\u00e2bles<\/li>\n<li data-start=\"767\" data-end=\"832\">Id\u00e9al pour les salles de classe, les bureaux et les environnements d'appareils partag\u00e9s<\/li>\n<\/ul>","protected":false},"excerpt":{"rendered":"<p>L'orientation verticale rend les armoires de chargement murales\/de bureau Luxor encore plus performantes. Elles offrent la m\u00eame s\u00e9curit\u00e9 et la m\u00eame commodit\u00e9, mais avec plus d'espace int\u00e9rieur, ce qui les rend compatibles avec les tablettes et les Chromebooks. C'est le choix id\u00e9al pour les utilisateurs qui ont besoin d'un stockage et d'une recharge s\u00e9curis\u00e9s sans compromettre l'espace au sol. De plus, les supports amovibles pour les briques d'alimentation, dot\u00e9s d'attaches auto-agrippantes, permettent une gestion facile et accessible des c\u00e2bles.<\/p>","protected":false},"featured_media":12289,"comment_status":"open","ping_status":"closed","template":"","meta":[],"product_cat":[433],"product_tag":[],"class_list":{"0":"post-12288","1":"product","2":"type-product","3":"status-publish","4":"has-post-thumbnail","6":"product_cat-utility-carts","7":"product_shipping_class-class-2","9":"first","10":"instock","11":"taxable","12":"shipping-taxable","13":"purchasable","14":"product-type-simple"},"yoast_head":"<!-- This site is optimized with the Yoast SEO plugin v27.3 - https:\/\/yoast.com\/product\/yoast-seo-wordpress\/ -->\n<title>Luxor 12-Device Vertical Wall \/ Desk Charging Box for up to 13inch Screens - Ks Products<\/title>\n<meta name=\"robots\" content=\"index, follow, max-snippet:-1, max-image-preview:large, max-video-preview:-1\" \/>\n<link rel=\"canonical\" href=\"https:\/\/ksproducts.ca\/fr\/product\/luxor-12-device-vertical-wall-desk-charging-box-for-up-to-13inch-screens\/\" \/>\n<meta property=\"og:locale\" content=\"fr_CA\" \/>\n<meta property=\"og:type\" content=\"article\" \/>\n<meta property=\"og:title\" content=\"Luxor 12-Device Vertical Wall \/ Desk Charging Box for up to 13inch Screens - Ks Products\" \/>\n<meta property=\"og:description\" content=\"A vertical orientation makes Luxor Wall\/Desktop Charging Cabinets even better. They offer the same cost-effective security and convenience but with more interior space, making them compatible with tablets and Chromebooks. It&#039;s the ideal choice for users who require secure storage and charging without compromising floor space. Plus, removable power brick holders with hook-and-loop fasteners offer easy and accessible cable management.\" \/>\n<meta property=\"og:url\" content=\"https:\/\/ksproducts.ca\/fr\/product\/luxor-12-device-vertical-wall-desk-charging-box-for-up-to-13inch-screens\/\" \/>\n<meta property=\"og:site_name\" content=\"Ks Products\" \/>\n<meta property=\"article:modified_time\" content=\"2026-03-11T15:58:09+00:00\" \/>\n<meta property=\"og:image\" content=\"https:\/\/ksproducts.ca\/wp-content\/uploads\/2023\/09\/Kennedy-Sales-Logo-header-1.png\" \/>\n\t<meta property=\"og:image:width\" content=\"150\" \/>\n\t<meta property=\"og:image:height\" content=\"77\" \/>\n\t<meta property=\"og:image:type\" content=\"image\/png\" \/>\n<meta name=\"twitter:card\" content=\"summary_large_image\" \/>\n<meta name=\"twitter:label1\" content=\"Estimation du temps de lecture\" \/>\n\t<meta name=\"twitter:data1\" content=\"1 minute\" \/>\n<script type=\"application\/ld+json\" class=\"yoast-schema-graph\">{\"@context\":\"https:\\\/\\\/schema.org\",\"@graph\":[{\"@type\":\"WebPage\",\"@id\":\"https:\\\/\\\/ksproducts.ca\\\/product\\\/luxor-12-device-vertical-wall-desk-charging-box-for-up-to-13inch-screens\\\/\",\"url\":\"https:\\\/\\\/ksproducts.ca\\\/product\\\/luxor-12-device-vertical-wall-desk-charging-box-for-up-to-13inch-screens\\\/\",\"name\":\"Luxor 12-Device Vertical Wall \\\/ Desk Charging Box for up to 13inch Screens - Ks Products\",\"isPartOf\":{\"@id\":\"https:\\\/\\\/ksproducts.ca\\\/#website\"},\"primaryImageOfPage\":{\"@id\":\"https:\\\/\\\/ksproducts.ca\\\/product\\\/luxor-12-device-vertical-wall-desk-charging-box-for-up-to-13inch-screens\\\/#primaryimage\"},\"image\":{\"@id\":\"https:\\\/\\\/ksproducts.ca\\\/product\\\/luxor-12-device-vertical-wall-desk-charging-box-for-up-to-13inch-screens\\\/#primaryimage\"},\"thumbnailUrl\":\"https:\\\/\\\/ksproducts.ca\\\/wp-content\\\/uploads\\\/2026\\\/03\\\/Luxor-12-Device-Vertical-Wall-Desk-Charging-Box-for-up-to-13inch-Screens.avif\",\"datePublished\":\"2026-03-11T15:57:12+00:00\",\"dateModified\":\"2026-03-11T15:58:09+00:00\",\"breadcrumb\":{\"@id\":\"https:\\\/\\\/ksproducts.ca\\\/product\\\/luxor-12-device-vertical-wall-desk-charging-box-for-up-to-13inch-screens\\\/#breadcrumb\"},\"inLanguage\":\"fr-CA\",\"potentialAction\":[{\"@type\":\"ReadAction\",\"target\":[\"https:\\\/\\\/ksproducts.ca\\\/product\\\/luxor-12-device-vertical-wall-desk-charging-box-for-up-to-13inch-screens\\\/\"]}]},{\"@type\":\"ImageObject\",\"inLanguage\":\"fr-CA\",\"@id\":\"https:\\\/\\\/ksproducts.ca\\\/product\\\/luxor-12-device-vertical-wall-desk-charging-box-for-up-to-13inch-screens\\\/#primaryimage\",\"url\":\"https:\\\/\\\/ksproducts.ca\\\/wp-content\\\/uploads\\\/2026\\\/03\\\/Luxor-12-Device-Vertical-Wall-Desk-Charging-Box-for-up-to-13inch-Screens.avif\",\"contentUrl\":\"https:\\\/\\\/ksproducts.ca\\\/wp-content\\\/uploads\\\/2026\\\/03\\\/Luxor-12-Device-Vertical-Wall-Desk-Charging-Box-for-up-to-13inch-Screens.avif\",\"width\":700,\"height\":700,\"caption\":\"Luxor 12 Device Vertical Wall Desk Charging Box for up to 13inch Screens\"},{\"@type\":\"BreadcrumbList\",\"@id\":\"https:\\\/\\\/ksproducts.ca\\\/product\\\/luxor-12-device-vertical-wall-desk-charging-box-for-up-to-13inch-screens\\\/#breadcrumb\",\"itemListElement\":[{\"@type\":\"ListItem\",\"position\":1,\"name\":\"Home\",\"item\":\"https:\\\/\\\/ksproducts.ca\\\/\"},{\"@type\":\"ListItem\",\"position\":2,\"name\":\"Shop\",\"item\":\"https:\\\/\\\/ksproducts.ca\\\/shop\\\/\"},{\"@type\":\"ListItem\",\"position\":3,\"name\":\"Luxor 12-Device Vertical Wall \\\/ Desk Charging Box for up to 13inch Screens\"}]},{\"@type\":\"WebSite\",\"@id\":\"https:\\\/\\\/ksproducts.ca\\\/#website\",\"url\":\"https:\\\/\\\/ksproducts.ca\\\/\",\"name\":\"Ks Products\",\"description\":\"Outdoor cooking and living, made easy in Canada\",\"publisher\":{\"@id\":\"https:\\\/\\\/ksproducts.ca\\\/#organization\"},\"potentialAction\":[{\"@type\":\"SearchAction\",\"target\":{\"@type\":\"EntryPoint\",\"urlTemplate\":\"https:\\\/\\\/ksproducts.ca\\\/?s={search_term_string}\"},\"query-input\":{\"@type\":\"PropertyValueSpecification\",\"valueRequired\":true,\"valueName\":\"search_term_string\"}}],\"inLanguage\":\"fr-CA\"},{\"@type\":\"Organization\",\"@id\":\"https:\\\/\\\/ksproducts.ca\\\/#organization\",\"name\":\"Ks Products\",\"url\":\"https:\\\/\\\/ksproducts.ca\\\/\",\"logo\":{\"@type\":\"ImageObject\",\"inLanguage\":\"fr-CA\",\"@id\":\"https:\\\/\\\/ksproducts.ca\\\/#\\\/schema\\\/logo\\\/image\\\/\",\"url\":\"https:\\\/\\\/ksproducts.ca\\\/wp-content\\\/uploads\\\/2023\\\/09\\\/Kennedy-Sales-Logo-header-1.png\",\"contentUrl\":\"https:\\\/\\\/ksproducts.ca\\\/wp-content\\\/uploads\\\/2023\\\/09\\\/Kennedy-Sales-Logo-header-1.png\",\"width\":150,\"height\":77,\"caption\":\"Ks Products\"},\"image\":{\"@id\":\"https:\\\/\\\/ksproducts.ca\\\/#\\\/schema\\\/logo\\\/image\\\/\"}}]}<\/script>\n<!-- \/ Yoast SEO plugin. -->","yoast_head_json":{"title":"Luxor 12-Device Vertical Wall \/ Desk Charging Box for up to 13inch Screens - Ks Products","robots":{"index":"index","follow":"follow","max-snippet":"max-snippet:-1","max-image-preview":"max-image-preview:large","max-video-preview":"max-video-preview:-1"},"canonical":"https:\/\/ksproducts.ca\/fr\/product\/luxor-12-device-vertical-wall-desk-charging-box-for-up-to-13inch-screens\/","og_locale":"fr_CA","og_type":"article","og_title":"Luxor 12-Device Vertical Wall \/ Desk Charging Box for up to 13inch Screens - Ks Products","og_description":"A vertical orientation makes Luxor Wall\/Desktop Charging Cabinets even better. They offer the same cost-effective security and convenience but with more interior space, making them compatible with tablets and Chromebooks. It's the ideal choice for users who require secure storage and charging without compromising floor space. Plus, removable power brick holders with hook-and-loop fasteners offer easy and accessible cable management.","og_url":"https:\/\/ksproducts.ca\/fr\/product\/luxor-12-device-vertical-wall-desk-charging-box-for-up-to-13inch-screens\/","og_site_name":"Ks Products","article_modified_time":"2026-03-11T15:58:09+00:00","og_image":[{"width":150,"height":77,"url":"https:\/\/ksproducts.ca\/wp-content\/uploads\/2023\/09\/Kennedy-Sales-Logo-header-1.png","type":"image\/png"}],"twitter_card":"summary_large_image","twitter_misc":{"Estimation du temps de lecture":"1 minute"},"schema":{"@context":"https:\/\/schema.org","@graph":[{"@type":"WebPage","@id":"https:\/\/ksproducts.ca\/product\/luxor-12-device-vertical-wall-desk-charging-box-for-up-to-13inch-screens\/","url":"https:\/\/ksproducts.ca\/product\/luxor-12-device-vertical-wall-desk-charging-box-for-up-to-13inch-screens\/","name":"Luxor 12-Device Vertical Wall \/ Desk Charging Box for up to 13inch Screens - Ks Products","isPartOf":{"@id":"https:\/\/ksproducts.ca\/#website"},"primaryImageOfPage":{"@id":"https:\/\/ksproducts.ca\/product\/luxor-12-device-vertical-wall-desk-charging-box-for-up-to-13inch-screens\/#primaryimage"},"image":{"@id":"https:\/\/ksproducts.ca\/product\/luxor-12-device-vertical-wall-desk-charging-box-for-up-to-13inch-screens\/#primaryimage"},"thumbnailUrl":"https:\/\/ksproducts.ca\/wp-content\/uploads\/2026\/03\/Luxor-12-Device-Vertical-Wall-Desk-Charging-Box-for-up-to-13inch-Screens.avif","datePublished":"2026-03-11T15:57:12+00:00","dateModified":"2026-03-11T15:58:09+00:00","breadcrumb":{"@id":"https:\/\/ksproducts.ca\/product\/luxor-12-device-vertical-wall-desk-charging-box-for-up-to-13inch-screens\/#breadcrumb"},"inLanguage":"fr-CA","potentialAction":[{"@type":"ReadAction","target":["https:\/\/ksproducts.ca\/product\/luxor-12-device-vertical-wall-desk-charging-box-for-up-to-13inch-screens\/"]}]},{"@type":"ImageObject","inLanguage":"fr-CA","@id":"https:\/\/ksproducts.ca\/product\/luxor-12-device-vertical-wall-desk-charging-box-for-up-to-13inch-screens\/#primaryimage","url":"https:\/\/ksproducts.ca\/wp-content\/uploads\/2026\/03\/Luxor-12-Device-Vertical-Wall-Desk-Charging-Box-for-up-to-13inch-Screens.avif","contentUrl":"https:\/\/ksproducts.ca\/wp-content\/uploads\/2026\/03\/Luxor-12-Device-Vertical-Wall-Desk-Charging-Box-for-up-to-13inch-Screens.avif","width":700,"height":700,"caption":"Luxor 12 Device Vertical Wall Desk Charging Box for up to 13inch Screens"},{"@type":"BreadcrumbList","@id":"https:\/\/ksproducts.ca\/product\/luxor-12-device-vertical-wall-desk-charging-box-for-up-to-13inch-screens\/#breadcrumb","itemListElement":[{"@type":"ListItem","position":1,"name":"Home","item":"https:\/\/ksproducts.ca\/"},{"@type":"ListItem","position":2,"name":"Shop","item":"https:\/\/ksproducts.ca\/shop\/"},{"@type":"ListItem","position":3,"name":"Luxor 12-Device Vertical Wall \/ Desk Charging Box for up to 13inch Screens"}]},{"@type":"WebSite","@id":"https:\/\/ksproducts.ca\/#website","url":"https:\/\/ksproducts.ca\/","name":"Produits Ks","description":"Cuisiner et vivre en plein air, c'est facile au Canada","publisher":{"@id":"https:\/\/ksproducts.ca\/#organization"},"potentialAction":[{"@type":"SearchAction","target":{"@type":"EntryPoint","urlTemplate":"https:\/\/ksproducts.ca\/?s={search_term_string}"},"query-input":{"@type":"PropertyValueSpecification","valueRequired":true,"valueName":"search_term_string"}}],"inLanguage":"fr-CA"},{"@type":"Organization","@id":"https:\/\/ksproducts.ca\/#organization","name":"Produits Ks","url":"https:\/\/ksproducts.ca\/","logo":{"@type":"ImageObject","inLanguage":"fr-CA","@id":"https:\/\/ksproducts.ca\/#\/schema\/logo\/image\/","url":"https:\/\/ksproducts.ca\/wp-content\/uploads\/2023\/09\/Kennedy-Sales-Logo-header-1.png","contentUrl":"https:\/\/ksproducts.ca\/wp-content\/uploads\/2023\/09\/Kennedy-Sales-Logo-header-1.png","width":150,"height":77,"caption":"Ks Products"},"image":{"@id":"https:\/\/ksproducts.ca\/#\/schema\/logo\/image\/"}}]}},"_links":{"self":[{"href":"https:\/\/ksproducts.ca\/fr\/wp-json\/wp\/v2\/product\/12288","targetHints":{"allow":["GET"]}}],"collection":[{"href":"https:\/\/ksproducts.ca\/fr\/wp-json\/wp\/v2\/product"}],"about":[{"href":"https:\/\/ksproducts.ca\/fr\/wp-json\/wp\/v2\/types\/product"}],"replies":[{"embeddable":true,"href":"https:\/\/ksproducts.ca\/fr\/wp-json\/wp\/v2\/comments?post=12288"}],"version-history":[{"count":1,"href":"https:\/\/ksproducts.ca\/fr\/wp-json\/wp\/v2\/product\/12288\/revisions"}],"predecessor-version":[{"id":12290,"href":"https:\/\/ksproducts.ca\/fr\/wp-json\/wp\/v2\/product\/12288\/revisions\/12290"}],"wp:featuredmedia":[{"embeddable":true,"href":"https:\/\/ksproducts.ca\/fr\/wp-json\/wp\/v2\/media\/12289"}],"wp:attachment":[{"href":"https:\/\/ksproducts.ca\/fr\/wp-json\/wp\/v2\/media?parent=12288"}],"wp:term":[{"taxonomy":"product_cat","embeddable":true,"href":"https:\/\/ksproducts.ca\/fr\/wp-json\/wp\/v2\/product_cat?post=12288"},{"taxonomy":"product_tag","embeddable":true,"href":"https:\/\/ksproducts.ca\/fr\/wp-json\/wp\/v2\/product_tag?post=12288"}],"curies":[{"name":"wp","href":"https:\/\/api.w.org\/{rel}","templated":true}]}}