{"id":12291,"date":"2026-03-11T16:04:20","date_gmt":"2026-03-11T16:04:20","guid":{"rendered":"https:\/\/ksproducts.ca\/?post_type=product&#038;p=12291"},"modified":"2026-03-11T16:04:20","modified_gmt":"2026-03-11T16:04:20","slug":"luxor-24-device-charging-cabinet-cart-for-up-to-16inch-screens","status":"publish","type":"product","link":"https:\/\/ksproducts.ca\/fr\/product\/luxor-24-device-charging-cabinet-cart-for-up-to-16inch-screens\/","title":{"rendered":"Luxor 24-Device Charging Cabinet Cart for up to 16inch Screens (Cabinet de chargement de 24 appareils pour \u00e9crans de 16 pouces)"},"content":{"rendered":"<ul class=\"list--default product-details__list\">\n<li class=\"product-details__list-item mb-2\">Construction noire tout en acier et surface sup\u00e9rieure rembourr\u00e9e<\/li>\n<li class=\"product-details__list-item mb-2\">Charge, stocke et transporte jusqu'\u00e0 16 tablettes ou Chromebooks (12 par \u00e9tag\u00e8re)<\/li>\n<li class=\"product-details__list-item mb-2\">Assemblage n\u00e9cessaire<\/li>\n<li class=\"product-details__list-item mb-2\">1 an de garantie<\/li>\n<\/ul>","protected":false},"excerpt":{"rendered":"<p>La fonctionnalit\u00e9 s'allie \u00e0 la durabilit\u00e9 avec le chariot de chargement Luxor pour ordinateurs portables et chromebooks. Les portes en acier verrouillables et les roulettes offrent une solution de s\u00e9curit\u00e9\/stockage robuste et facile \u00e0 d\u00e9placer. Et gr\u00e2ce \u00e0 un assemblage \u00e9lectrique et un syst\u00e8me de gestion des cordons int\u00e9gr\u00e9s \u00e0 l'arri\u00e8re de l'unit\u00e9, vous \u00eates en mesure d'organiser et de charger plusieurs appareils \u00e0 la fois - des ordinateurs portables aux Chromebooks. Les s\u00e9parateurs rev\u00eatus de caoutchouc ne rayent pas les appareils et offrent une protection contre les chocs pendant le transport. L'assemblage est simple : il suffit de fixer les roulettes et la poign\u00e9e pour \u00eatre pr\u00eat \u00e0 rouler.<\/p>","protected":false},"featured_media":12293,"comment_status":"open","ping_status":"closed","template":"","meta":[],"product_cat":[433],"product_tag":[],"class_list":{"0":"post-12291","1":"product","2":"type-product","3":"status-publish","4":"has-post-thumbnail","6":"product_cat-utility-carts","7":"product_shipping_class-class-2","9":"first","10":"instock","11":"taxable","12":"shipping-taxable","13":"purchasable","14":"product-type-simple"},"yoast_head":"<!-- This site is optimized with the Yoast SEO plugin v27.3 - https:\/\/yoast.com\/product\/yoast-seo-wordpress\/ -->\n<title>Luxor 24-Device Charging Cabinet Cart for up to 16inch Screens - Ks Products<\/title>\n<meta name=\"robots\" content=\"index, follow, max-snippet:-1, max-image-preview:large, max-video-preview:-1\" \/>\n<link rel=\"canonical\" href=\"https:\/\/ksproducts.ca\/fr\/product\/luxor-24-device-charging-cabinet-cart-for-up-to-16inch-screens\/\" \/>\n<meta property=\"og:locale\" content=\"fr_CA\" \/>\n<meta property=\"og:type\" content=\"article\" \/>\n<meta property=\"og:title\" content=\"Luxor 24-Device Charging Cabinet Cart for up to 16inch Screens - Ks Products\" \/>\n<meta property=\"og:description\" content=\"Functionality meets durability with a Luxor Laptop \/ Chromebook Charging Cart. Lockable steel doors and rolling casters provide a rugged security\/storage solution that&#039;s easy to move. And with an electrical assembly and cord management system built inside the back of the unit, you&#039;re able to organize and charge multiple devices at once - from laptops to Chromebooks. Rubber-coated dividers won&#039;t scratch devices and help provide impact protection during transit. And assembly is simple - just attach the casters and handle and you&#039;re ready to roll.\" \/>\n<meta property=\"og:url\" content=\"https:\/\/ksproducts.ca\/fr\/product\/luxor-24-device-charging-cabinet-cart-for-up-to-16inch-screens\/\" \/>\n<meta property=\"og:site_name\" content=\"Ks Products\" \/>\n<meta property=\"og:image\" content=\"https:\/\/ksproducts.ca\/wp-content\/uploads\/2026\/03\/Luxor-24-Device-Charging-Cabinet-Cart-for-up-to-16inch-Screens.png\" \/>\n\t<meta property=\"og:image:width\" content=\"440\" \/>\n\t<meta property=\"og:image:height\" content=\"440\" \/>\n\t<meta property=\"og:image:type\" content=\"image\/png\" \/>\n<meta name=\"twitter:card\" content=\"summary_large_image\" \/>\n<meta name=\"twitter:label1\" content=\"Estimation du temps de lecture\" \/>\n\t<meta name=\"twitter:data1\" content=\"1 minute\" \/>\n<script type=\"application\/ld+json\" class=\"yoast-schema-graph\">{\"@context\":\"https:\\\/\\\/schema.org\",\"@graph\":[{\"@type\":\"WebPage\",\"@id\":\"https:\\\/\\\/ksproducts.ca\\\/product\\\/luxor-24-device-charging-cabinet-cart-for-up-to-16inch-screens\\\/\",\"url\":\"https:\\\/\\\/ksproducts.ca\\\/product\\\/luxor-24-device-charging-cabinet-cart-for-up-to-16inch-screens\\\/\",\"name\":\"Luxor 24-Device Charging Cabinet Cart for up to 16inch Screens - Ks Products\",\"isPartOf\":{\"@id\":\"https:\\\/\\\/ksproducts.ca\\\/#website\"},\"primaryImageOfPage\":{\"@id\":\"https:\\\/\\\/ksproducts.ca\\\/product\\\/luxor-24-device-charging-cabinet-cart-for-up-to-16inch-screens\\\/#primaryimage\"},\"image\":{\"@id\":\"https:\\\/\\\/ksproducts.ca\\\/product\\\/luxor-24-device-charging-cabinet-cart-for-up-to-16inch-screens\\\/#primaryimage\"},\"thumbnailUrl\":\"https:\\\/\\\/ksproducts.ca\\\/wp-content\\\/uploads\\\/2026\\\/03\\\/Luxor-24-Device-Charging-Cabinet-Cart-for-up-to-16inch-Screens.png\",\"datePublished\":\"2026-03-11T16:04:20+00:00\",\"breadcrumb\":{\"@id\":\"https:\\\/\\\/ksproducts.ca\\\/product\\\/luxor-24-device-charging-cabinet-cart-for-up-to-16inch-screens\\\/#breadcrumb\"},\"inLanguage\":\"fr-CA\",\"potentialAction\":[{\"@type\":\"ReadAction\",\"target\":[\"https:\\\/\\\/ksproducts.ca\\\/product\\\/luxor-24-device-charging-cabinet-cart-for-up-to-16inch-screens\\\/\"]}]},{\"@type\":\"ImageObject\",\"inLanguage\":\"fr-CA\",\"@id\":\"https:\\\/\\\/ksproducts.ca\\\/product\\\/luxor-24-device-charging-cabinet-cart-for-up-to-16inch-screens\\\/#primaryimage\",\"url\":\"https:\\\/\\\/ksproducts.ca\\\/wp-content\\\/uploads\\\/2026\\\/03\\\/Luxor-24-Device-Charging-Cabinet-Cart-for-up-to-16inch-Screens.png\",\"contentUrl\":\"https:\\\/\\\/ksproducts.ca\\\/wp-content\\\/uploads\\\/2026\\\/03\\\/Luxor-24-Device-Charging-Cabinet-Cart-for-up-to-16inch-Screens.png\",\"width\":440,\"height\":440,\"caption\":\"Luxor 24 Device Charging Cabinet Cart for up to 16inch Screens\"},{\"@type\":\"BreadcrumbList\",\"@id\":\"https:\\\/\\\/ksproducts.ca\\\/product\\\/luxor-24-device-charging-cabinet-cart-for-up-to-16inch-screens\\\/#breadcrumb\",\"itemListElement\":[{\"@type\":\"ListItem\",\"position\":1,\"name\":\"Home\",\"item\":\"https:\\\/\\\/ksproducts.ca\\\/\"},{\"@type\":\"ListItem\",\"position\":2,\"name\":\"Shop\",\"item\":\"https:\\\/\\\/ksproducts.ca\\\/shop\\\/\"},{\"@type\":\"ListItem\",\"position\":3,\"name\":\"Luxor 24-Device Charging Cabinet Cart for up to 16inch Screens\"}]},{\"@type\":\"WebSite\",\"@id\":\"https:\\\/\\\/ksproducts.ca\\\/#website\",\"url\":\"https:\\\/\\\/ksproducts.ca\\\/\",\"name\":\"Ks Products\",\"description\":\"Outdoor cooking and living, made easy in Canada\",\"publisher\":{\"@id\":\"https:\\\/\\\/ksproducts.ca\\\/#organization\"},\"potentialAction\":[{\"@type\":\"SearchAction\",\"target\":{\"@type\":\"EntryPoint\",\"urlTemplate\":\"https:\\\/\\\/ksproducts.ca\\\/?s={search_term_string}\"},\"query-input\":{\"@type\":\"PropertyValueSpecification\",\"valueRequired\":true,\"valueName\":\"search_term_string\"}}],\"inLanguage\":\"fr-CA\"},{\"@type\":\"Organization\",\"@id\":\"https:\\\/\\\/ksproducts.ca\\\/#organization\",\"name\":\"Ks Products\",\"url\":\"https:\\\/\\\/ksproducts.ca\\\/\",\"logo\":{\"@type\":\"ImageObject\",\"inLanguage\":\"fr-CA\",\"@id\":\"https:\\\/\\\/ksproducts.ca\\\/#\\\/schema\\\/logo\\\/image\\\/\",\"url\":\"https:\\\/\\\/ksproducts.ca\\\/wp-content\\\/uploads\\\/2023\\\/09\\\/Kennedy-Sales-Logo-header-1.png\",\"contentUrl\":\"https:\\\/\\\/ksproducts.ca\\\/wp-content\\\/uploads\\\/2023\\\/09\\\/Kennedy-Sales-Logo-header-1.png\",\"width\":150,\"height\":77,\"caption\":\"Ks Products\"},\"image\":{\"@id\":\"https:\\\/\\\/ksproducts.ca\\\/#\\\/schema\\\/logo\\\/image\\\/\"}}]}<\/script>\n<!-- \/ Yoast SEO plugin. -->","yoast_head_json":{"title":"Luxor 24-Device Charging Cabinet Cart for up to 16inch Screens - Ks Products","robots":{"index":"index","follow":"follow","max-snippet":"max-snippet:-1","max-image-preview":"max-image-preview:large","max-video-preview":"max-video-preview:-1"},"canonical":"https:\/\/ksproducts.ca\/fr\/product\/luxor-24-device-charging-cabinet-cart-for-up-to-16inch-screens\/","og_locale":"fr_CA","og_type":"article","og_title":"Luxor 24-Device Charging Cabinet Cart for up to 16inch Screens - Ks Products","og_description":"Functionality meets durability with a Luxor Laptop \/ Chromebook Charging Cart. Lockable steel doors and rolling casters provide a rugged security\/storage solution that's easy to move. And with an electrical assembly and cord management system built inside the back of the unit, you're able to organize and charge multiple devices at once - from laptops to Chromebooks. Rubber-coated dividers won't scratch devices and help provide impact protection during transit. And assembly is simple - just attach the casters and handle and you're ready to roll.","og_url":"https:\/\/ksproducts.ca\/fr\/product\/luxor-24-device-charging-cabinet-cart-for-up-to-16inch-screens\/","og_site_name":"Ks Products","og_image":[{"width":440,"height":440,"url":"https:\/\/ksproducts.ca\/wp-content\/uploads\/2026\/03\/Luxor-24-Device-Charging-Cabinet-Cart-for-up-to-16inch-Screens.png","type":"image\/png"}],"twitter_card":"summary_large_image","twitter_misc":{"Estimation du temps de lecture":"1 minute"},"schema":{"@context":"https:\/\/schema.org","@graph":[{"@type":"WebPage","@id":"https:\/\/ksproducts.ca\/product\/luxor-24-device-charging-cabinet-cart-for-up-to-16inch-screens\/","url":"https:\/\/ksproducts.ca\/product\/luxor-24-device-charging-cabinet-cart-for-up-to-16inch-screens\/","name":"Luxor 24-Device Charging Cabinet Cart for up to 16inch Screens - Ks Products","isPartOf":{"@id":"https:\/\/ksproducts.ca\/#website"},"primaryImageOfPage":{"@id":"https:\/\/ksproducts.ca\/product\/luxor-24-device-charging-cabinet-cart-for-up-to-16inch-screens\/#primaryimage"},"image":{"@id":"https:\/\/ksproducts.ca\/product\/luxor-24-device-charging-cabinet-cart-for-up-to-16inch-screens\/#primaryimage"},"thumbnailUrl":"https:\/\/ksproducts.ca\/wp-content\/uploads\/2026\/03\/Luxor-24-Device-Charging-Cabinet-Cart-for-up-to-16inch-Screens.png","datePublished":"2026-03-11T16:04:20+00:00","breadcrumb":{"@id":"https:\/\/ksproducts.ca\/product\/luxor-24-device-charging-cabinet-cart-for-up-to-16inch-screens\/#breadcrumb"},"inLanguage":"fr-CA","potentialAction":[{"@type":"ReadAction","target":["https:\/\/ksproducts.ca\/product\/luxor-24-device-charging-cabinet-cart-for-up-to-16inch-screens\/"]}]},{"@type":"ImageObject","inLanguage":"fr-CA","@id":"https:\/\/ksproducts.ca\/product\/luxor-24-device-charging-cabinet-cart-for-up-to-16inch-screens\/#primaryimage","url":"https:\/\/ksproducts.ca\/wp-content\/uploads\/2026\/03\/Luxor-24-Device-Charging-Cabinet-Cart-for-up-to-16inch-Screens.png","contentUrl":"https:\/\/ksproducts.ca\/wp-content\/uploads\/2026\/03\/Luxor-24-Device-Charging-Cabinet-Cart-for-up-to-16inch-Screens.png","width":440,"height":440,"caption":"Luxor 24 Device Charging Cabinet Cart for up to 16inch Screens"},{"@type":"BreadcrumbList","@id":"https:\/\/ksproducts.ca\/product\/luxor-24-device-charging-cabinet-cart-for-up-to-16inch-screens\/#breadcrumb","itemListElement":[{"@type":"ListItem","position":1,"name":"Home","item":"https:\/\/ksproducts.ca\/"},{"@type":"ListItem","position":2,"name":"Shop","item":"https:\/\/ksproducts.ca\/shop\/"},{"@type":"ListItem","position":3,"name":"Luxor 24-Device Charging Cabinet Cart for up to 16inch Screens"}]},{"@type":"WebSite","@id":"https:\/\/ksproducts.ca\/#website","url":"https:\/\/ksproducts.ca\/","name":"Produits Ks","description":"Cuisiner et vivre en plein air, c'est facile au Canada","publisher":{"@id":"https:\/\/ksproducts.ca\/#organization"},"potentialAction":[{"@type":"SearchAction","target":{"@type":"EntryPoint","urlTemplate":"https:\/\/ksproducts.ca\/?s={search_term_string}"},"query-input":{"@type":"PropertyValueSpecification","valueRequired":true,"valueName":"search_term_string"}}],"inLanguage":"fr-CA"},{"@type":"Organization","@id":"https:\/\/ksproducts.ca\/#organization","name":"Produits Ks","url":"https:\/\/ksproducts.ca\/","logo":{"@type":"ImageObject","inLanguage":"fr-CA","@id":"https:\/\/ksproducts.ca\/#\/schema\/logo\/image\/","url":"https:\/\/ksproducts.ca\/wp-content\/uploads\/2023\/09\/Kennedy-Sales-Logo-header-1.png","contentUrl":"https:\/\/ksproducts.ca\/wp-content\/uploads\/2023\/09\/Kennedy-Sales-Logo-header-1.png","width":150,"height":77,"caption":"Ks Products"},"image":{"@id":"https:\/\/ksproducts.ca\/#\/schema\/logo\/image\/"}}]}},"_links":{"self":[{"href":"https:\/\/ksproducts.ca\/fr\/wp-json\/wp\/v2\/product\/12291","targetHints":{"allow":["GET"]}}],"collection":[{"href":"https:\/\/ksproducts.ca\/fr\/wp-json\/wp\/v2\/product"}],"about":[{"href":"https:\/\/ksproducts.ca\/fr\/wp-json\/wp\/v2\/types\/product"}],"replies":[{"embeddable":true,"href":"https:\/\/ksproducts.ca\/fr\/wp-json\/wp\/v2\/comments?post=12291"}],"version-history":[{"count":1,"href":"https:\/\/ksproducts.ca\/fr\/wp-json\/wp\/v2\/product\/12291\/revisions"}],"predecessor-version":[{"id":12294,"href":"https:\/\/ksproducts.ca\/fr\/wp-json\/wp\/v2\/product\/12291\/revisions\/12294"}],"wp:featuredmedia":[{"embeddable":true,"href":"https:\/\/ksproducts.ca\/fr\/wp-json\/wp\/v2\/media\/12293"}],"wp:attachment":[{"href":"https:\/\/ksproducts.ca\/fr\/wp-json\/wp\/v2\/media?parent=12291"}],"wp:term":[{"taxonomy":"product_cat","embeddable":true,"href":"https:\/\/ksproducts.ca\/fr\/wp-json\/wp\/v2\/product_cat?post=12291"},{"taxonomy":"product_tag","embeddable":true,"href":"https:\/\/ksproducts.ca\/fr\/wp-json\/wp\/v2\/product_tag?post=12291"}],"curies":[{"name":"wp","href":"https:\/\/api.w.org\/{rel}","templated":true}]}}