{"id":12298,"date":"2026-03-11T16:15:09","date_gmt":"2026-03-11T16:15:09","guid":{"rendered":"https:\/\/ksproducts.ca\/?post_type=product&#038;p=12298"},"modified":"2026-03-11T16:15:10","modified_gmt":"2026-03-11T16:15:10","slug":"luxor-3-shelf-plastic-utility-cart-with-flat-shelves-3-outlets-and-15-cord-capacity-400lb-weight-capacity-black-2","status":"publish","type":"product","link":"https:\/\/ksproducts.ca\/fr\/product\/luxor-3-shelf-plastic-utility-cart-with-flat-shelves-3-outlets-and-15-cord-400lb-weight-capacity-black-2\/","title":{"rendered":"Luxor 3-Shelf Plastic Utility Cart with Flat Shelves, 3-outlets and 15\u2032 cord - 400lb Weight Capacity - Black"},"content":{"rendered":"<ul>\n<li>Chariot utilitaire polyvalent parfait pour l'\u00e9quipement audio\/vid\u00e9o et plus encore<\/li>\n<li>Etag\u00e8res en plastique moul\u00e9 recycl\u00e9.<\/li>\n<li>L\u00e8vres de retenue de 0,25 pouce bordant les tablettes plates<\/li>\n<li>Poign\u00e9e de pouss\u00e9e ergonomique moul\u00e9e dans la tablette sup\u00e9rieure.<\/li>\n<li>Quatre roulettes \u00e0 roulement \u00e0 billes de 4 pouces<\/li>\n<li>Comprend un ensemble \u00e9lectrique \u00e0 trois sorties r\u00e9pertori\u00e9 UL avec un cordon de 15 pieds.<\/li>\n<li>Disponible avec des plateaux \u00e0 clavier extractibles et\/ou des armoires en acier verrouillables<\/li>\n<li>Capacit\u00e9 de poids maximale : 400 livres (r\u00e9parties uniform\u00e9ment)<\/li>\n<\/ul>","protected":false},"excerpt":{"rendered":"<p>D\u00e9placez et stockez jusqu'\u00e0 400 livres avec ce chariot AV robuste. Ses trois \u00e9tag\u00e8res durables sont fabriqu\u00e9es en plastique moul\u00e9 qui ne se raye pas, ne se cabosse pas, ne rouille pas et ne se tache pas, et chaque \u00e9tag\u00e8re est bord\u00e9e d'un rebord de retenue de 0,25 pouce pour aider \u00e0 fixer les articles en place. Quatre roulettes robustes de 4 pouces, dont deux avec freins de blocage, et une poign\u00e9e de pouss\u00e9e int\u00e9gr\u00e9e \u00e0 l'\u00e9tag\u00e8re sup\u00e9rieure rendent ce chariot robuste facile \u00e0 man\u0153uvrer.<\/p>","protected":false},"featured_media":12299,"comment_status":"open","ping_status":"closed","template":"","meta":[],"product_cat":[433],"product_tag":[],"class_list":{"0":"post-12298","1":"product","2":"type-product","3":"status-publish","4":"has-post-thumbnail","6":"product_cat-utility-carts","7":"product_shipping_class-class-2","9":"first","10":"instock","11":"taxable","12":"shipping-taxable","13":"purchasable","14":"product-type-simple"},"yoast_head":"<!-- This site is optimized with the Yoast SEO plugin v27.5 - https:\/\/yoast.com\/product\/yoast-seo-wordpress\/ -->\n<title>Luxor 3-Shelf Plastic Utility Cart with Flat Shelves, 3-outlets and 15&#039; cord - 400lb Weight Capacity - Black - Ks Products<\/title>\n<meta name=\"robots\" content=\"index, follow, max-snippet:-1, max-image-preview:large, max-video-preview:-1\" \/>\n<link rel=\"canonical\" href=\"https:\/\/ksproducts.ca\/fr\/product\/luxor-3-shelf-plastic-utility-cart-with-flat-shelves-3-outlets-and-15-cord-capacity-400lb-weight-capacity-black-2\/\" \/>\n<meta property=\"og:locale\" content=\"fr_CA\" \/>\n<meta property=\"og:type\" content=\"article\" \/>\n<meta property=\"og:title\" content=\"Luxor 3-Shelf Plastic Utility Cart with Flat Shelves, 3-outlets and 15&#039; cord - 400lb Weight Capacity - Black - Ks Products\" \/>\n<meta property=\"og:description\" content=\"Move and store up to 400 lbs. with this rugged AV cart. Its three durable shelves are made from moulded plastic that won&#039;t scratch, dent, rust or stain, and each shelf is bordered by a 0.25-in retaining lip to help secure items in place. Four 4-in heavy-duty casters, two with locking brakes, and a push handled integrated into the top shelf make this heavy-duty cart easy to maneuver.\" \/>\n<meta property=\"og:url\" content=\"https:\/\/ksproducts.ca\/fr\/product\/luxor-3-shelf-plastic-utility-cart-with-flat-shelves-3-outlets-and-15-cord-capacity-400lb-weight-capacity-black-2\/\" \/>\n<meta property=\"og:site_name\" content=\"Ks Products\" \/>\n<meta property=\"article:modified_time\" content=\"2026-03-11T16:15:10+00:00\" \/>\n<meta property=\"og:image\" content=\"https:\/\/ksproducts.ca\/wp-content\/uploads\/2026\/03\/Luxor-3-Shelf-Plastic-Utility-Cart-with-Flat-Shelves-3-outlets-and-15-cord-400lb-Weight-Capacity-Black.jpg\" \/>\n\t<meta property=\"og:image:width\" content=\"600\" \/>\n\t<meta property=\"og:image:height\" content=\"600\" \/>\n\t<meta property=\"og:image:type\" content=\"image\/jpeg\" \/>\n<meta name=\"twitter:card\" content=\"summary_large_image\" \/>\n<meta name=\"twitter:label1\" content=\"Estimation du temps de lecture\" \/>\n\t<meta name=\"twitter:data1\" content=\"1 minute\" \/>\n<script type=\"application\/ld+json\" class=\"yoast-schema-graph\">{\"@context\":\"https:\\\/\\\/schema.org\",\"@graph\":[{\"@type\":\"WebPage\",\"@id\":\"https:\\\/\\\/ksproducts.ca\\\/product\\\/luxor-3-shelf-plastic-utility-cart-with-flat-shelves-3-outlets-and-15-cord-400lb-weight-capacity-black-2\\\/\",\"url\":\"https:\\\/\\\/ksproducts.ca\\\/product\\\/luxor-3-shelf-plastic-utility-cart-with-flat-shelves-3-outlets-and-15-cord-400lb-weight-capacity-black-2\\\/\",\"name\":\"Luxor 3-Shelf Plastic Utility Cart with Flat Shelves, 3-outlets and 15' cord - 400lb Weight Capacity - Black - Ks Products\",\"isPartOf\":{\"@id\":\"https:\\\/\\\/ksproducts.ca\\\/#website\"},\"primaryImageOfPage\":{\"@id\":\"https:\\\/\\\/ksproducts.ca\\\/product\\\/luxor-3-shelf-plastic-utility-cart-with-flat-shelves-3-outlets-and-15-cord-400lb-weight-capacity-black-2\\\/#primaryimage\"},\"image\":{\"@id\":\"https:\\\/\\\/ksproducts.ca\\\/product\\\/luxor-3-shelf-plastic-utility-cart-with-flat-shelves-3-outlets-and-15-cord-400lb-weight-capacity-black-2\\\/#primaryimage\"},\"thumbnailUrl\":\"https:\\\/\\\/ksproducts.ca\\\/wp-content\\\/uploads\\\/2026\\\/03\\\/Luxor-3-Shelf-Plastic-Utility-Cart-with-Flat-Shelves-3-outlets-and-15-cord-400lb-Weight-Capacity-Black.jpg\",\"datePublished\":\"2026-03-11T16:15:09+00:00\",\"dateModified\":\"2026-03-11T16:15:10+00:00\",\"breadcrumb\":{\"@id\":\"https:\\\/\\\/ksproducts.ca\\\/product\\\/luxor-3-shelf-plastic-utility-cart-with-flat-shelves-3-outlets-and-15-cord-400lb-weight-capacity-black-2\\\/#breadcrumb\"},\"inLanguage\":\"fr-CA\",\"potentialAction\":[{\"@type\":\"ReadAction\",\"target\":[\"https:\\\/\\\/ksproducts.ca\\\/product\\\/luxor-3-shelf-plastic-utility-cart-with-flat-shelves-3-outlets-and-15-cord-400lb-weight-capacity-black-2\\\/\"]}]},{\"@type\":\"ImageObject\",\"inLanguage\":\"fr-CA\",\"@id\":\"https:\\\/\\\/ksproducts.ca\\\/product\\\/luxor-3-shelf-plastic-utility-cart-with-flat-shelves-3-outlets-and-15-cord-400lb-weight-capacity-black-2\\\/#primaryimage\",\"url\":\"https:\\\/\\\/ksproducts.ca\\\/wp-content\\\/uploads\\\/2026\\\/03\\\/Luxor-3-Shelf-Plastic-Utility-Cart-with-Flat-Shelves-3-outlets-and-15-cord-400lb-Weight-Capacity-Black.jpg\",\"contentUrl\":\"https:\\\/\\\/ksproducts.ca\\\/wp-content\\\/uploads\\\/2026\\\/03\\\/Luxor-3-Shelf-Plastic-Utility-Cart-with-Flat-Shelves-3-outlets-and-15-cord-400lb-Weight-Capacity-Black.jpg\",\"width\":600,\"height\":600,\"caption\":\"Luxor 3 Shelf Plastic Utility Cart with Flat Shelves, 3 outlets and 15' cord 400lb Weight Capacity Black\"},{\"@type\":\"BreadcrumbList\",\"@id\":\"https:\\\/\\\/ksproducts.ca\\\/product\\\/luxor-3-shelf-plastic-utility-cart-with-flat-shelves-3-outlets-and-15-cord-400lb-weight-capacity-black-2\\\/#breadcrumb\",\"itemListElement\":[{\"@type\":\"ListItem\",\"position\":1,\"name\":\"Home\",\"item\":\"https:\\\/\\\/ksproducts.ca\\\/\"},{\"@type\":\"ListItem\",\"position\":2,\"name\":\"Shop\",\"item\":\"https:\\\/\\\/ksproducts.ca\\\/shop\\\/\"},{\"@type\":\"ListItem\",\"position\":3,\"name\":\"Luxor 3-Shelf Plastic Utility Cart with Flat Shelves, 3-outlets and 15&#8242; cord &#8211; 400lb Weight Capacity &#8211; Black\"}]},{\"@type\":\"WebSite\",\"@id\":\"https:\\\/\\\/ksproducts.ca\\\/#website\",\"url\":\"https:\\\/\\\/ksproducts.ca\\\/\",\"name\":\"Ks Products\",\"description\":\"Outdoor cooking and living, made easy in Canada\",\"publisher\":{\"@id\":\"https:\\\/\\\/ksproducts.ca\\\/#organization\"},\"potentialAction\":[{\"@type\":\"SearchAction\",\"target\":{\"@type\":\"EntryPoint\",\"urlTemplate\":\"https:\\\/\\\/ksproducts.ca\\\/?s={search_term_string}\"},\"query-input\":{\"@type\":\"PropertyValueSpecification\",\"valueRequired\":true,\"valueName\":\"search_term_string\"}}],\"inLanguage\":\"fr-CA\"},{\"@type\":\"Organization\",\"@id\":\"https:\\\/\\\/ksproducts.ca\\\/#organization\",\"name\":\"Ks Products\",\"url\":\"https:\\\/\\\/ksproducts.ca\\\/\",\"logo\":{\"@type\":\"ImageObject\",\"inLanguage\":\"fr-CA\",\"@id\":\"https:\\\/\\\/ksproducts.ca\\\/#\\\/schema\\\/logo\\\/image\\\/\",\"url\":\"https:\\\/\\\/ksproducts.ca\\\/wp-content\\\/uploads\\\/2023\\\/09\\\/Kennedy-Sales-Logo-header-1.png\",\"contentUrl\":\"https:\\\/\\\/ksproducts.ca\\\/wp-content\\\/uploads\\\/2023\\\/09\\\/Kennedy-Sales-Logo-header-1.png\",\"width\":150,\"height\":77,\"caption\":\"Ks Products\"},\"image\":{\"@id\":\"https:\\\/\\\/ksproducts.ca\\\/#\\\/schema\\\/logo\\\/image\\\/\"}}]}<\/script>\n<!-- \/ Yoast SEO plugin. -->","yoast_head_json":{"title":"Luxor 3-Shelf Plastic Utility Cart with Flat Shelves, 3-outlets and 15' cord - 400lb Weight Capacity - Black - Ks Products","robots":{"index":"index","follow":"follow","max-snippet":"max-snippet:-1","max-image-preview":"max-image-preview:large","max-video-preview":"max-video-preview:-1"},"canonical":"https:\/\/ksproducts.ca\/fr\/product\/luxor-3-shelf-plastic-utility-cart-with-flat-shelves-3-outlets-and-15-cord-capacity-400lb-weight-capacity-black-2\/","og_locale":"fr_CA","og_type":"article","og_title":"Luxor 3-Shelf Plastic Utility Cart with Flat Shelves, 3-outlets and 15' cord - 400lb Weight Capacity - Black - Ks Products","og_description":"Move and store up to 400 lbs. with this rugged AV cart. Its three durable shelves are made from moulded plastic that won't scratch, dent, rust or stain, and each shelf is bordered by a 0.25-in retaining lip to help secure items in place. Four 4-in heavy-duty casters, two with locking brakes, and a push handled integrated into the top shelf make this heavy-duty cart easy to maneuver.","og_url":"https:\/\/ksproducts.ca\/fr\/product\/luxor-3-shelf-plastic-utility-cart-with-flat-shelves-3-outlets-and-15-cord-capacity-400lb-weight-capacity-black-2\/","og_site_name":"Ks Products","article_modified_time":"2026-03-11T16:15:10+00:00","og_image":[{"width":600,"height":600,"url":"https:\/\/ksproducts.ca\/wp-content\/uploads\/2026\/03\/Luxor-3-Shelf-Plastic-Utility-Cart-with-Flat-Shelves-3-outlets-and-15-cord-400lb-Weight-Capacity-Black.jpg","type":"image\/jpeg"}],"twitter_card":"summary_large_image","twitter_misc":{"Estimation du temps de lecture":"1 minute"},"schema":{"@context":"https:\/\/schema.org","@graph":[{"@type":"WebPage","@id":"https:\/\/ksproducts.ca\/product\/luxor-3-shelf-plastic-utility-cart-with-flat-shelves-3-outlets-and-15-cord-400lb-weight-capacity-black-2\/","url":"https:\/\/ksproducts.ca\/product\/luxor-3-shelf-plastic-utility-cart-with-flat-shelves-3-outlets-and-15-cord-400lb-weight-capacity-black-2\/","name":"Luxor 3-Shelf Plastic Utility Cart with Flat Shelves, 3-outlets and 15' cord - 400lb Weight Capacity - Black - Ks Products","isPartOf":{"@id":"https:\/\/ksproducts.ca\/#website"},"primaryImageOfPage":{"@id":"https:\/\/ksproducts.ca\/product\/luxor-3-shelf-plastic-utility-cart-with-flat-shelves-3-outlets-and-15-cord-400lb-weight-capacity-black-2\/#primaryimage"},"image":{"@id":"https:\/\/ksproducts.ca\/product\/luxor-3-shelf-plastic-utility-cart-with-flat-shelves-3-outlets-and-15-cord-400lb-weight-capacity-black-2\/#primaryimage"},"thumbnailUrl":"https:\/\/ksproducts.ca\/wp-content\/uploads\/2026\/03\/Luxor-3-Shelf-Plastic-Utility-Cart-with-Flat-Shelves-3-outlets-and-15-cord-400lb-Weight-Capacity-Black.jpg","datePublished":"2026-03-11T16:15:09+00:00","dateModified":"2026-03-11T16:15:10+00:00","breadcrumb":{"@id":"https:\/\/ksproducts.ca\/product\/luxor-3-shelf-plastic-utility-cart-with-flat-shelves-3-outlets-and-15-cord-400lb-weight-capacity-black-2\/#breadcrumb"},"inLanguage":"fr-CA","potentialAction":[{"@type":"ReadAction","target":["https:\/\/ksproducts.ca\/product\/luxor-3-shelf-plastic-utility-cart-with-flat-shelves-3-outlets-and-15-cord-400lb-weight-capacity-black-2\/"]}]},{"@type":"ImageObject","inLanguage":"fr-CA","@id":"https:\/\/ksproducts.ca\/product\/luxor-3-shelf-plastic-utility-cart-with-flat-shelves-3-outlets-and-15-cord-400lb-weight-capacity-black-2\/#primaryimage","url":"https:\/\/ksproducts.ca\/wp-content\/uploads\/2026\/03\/Luxor-3-Shelf-Plastic-Utility-Cart-with-Flat-Shelves-3-outlets-and-15-cord-400lb-Weight-Capacity-Black.jpg","contentUrl":"https:\/\/ksproducts.ca\/wp-content\/uploads\/2026\/03\/Luxor-3-Shelf-Plastic-Utility-Cart-with-Flat-Shelves-3-outlets-and-15-cord-400lb-Weight-Capacity-Black.jpg","width":600,"height":600,"caption":"Luxor 3 Shelf Plastic Utility Cart with Flat Shelves, 3 outlets and 15' cord 400lb Weight Capacity Black"},{"@type":"BreadcrumbList","@id":"https:\/\/ksproducts.ca\/product\/luxor-3-shelf-plastic-utility-cart-with-flat-shelves-3-outlets-and-15-cord-400lb-weight-capacity-black-2\/#breadcrumb","itemListElement":[{"@type":"ListItem","position":1,"name":"Home","item":"https:\/\/ksproducts.ca\/"},{"@type":"ListItem","position":2,"name":"Shop","item":"https:\/\/ksproducts.ca\/shop\/"},{"@type":"ListItem","position":3,"name":"Luxor 3-Shelf Plastic Utility Cart with Flat Shelves, 3-outlets and 15&#8242; cord &#8211; 400lb Weight Capacity &#8211; Black"}]},{"@type":"WebSite","@id":"https:\/\/ksproducts.ca\/#website","url":"https:\/\/ksproducts.ca\/","name":"Produits Ks","description":"Cuisiner et vivre en plein air, c'est facile au Canada","publisher":{"@id":"https:\/\/ksproducts.ca\/#organization"},"potentialAction":[{"@type":"SearchAction","target":{"@type":"EntryPoint","urlTemplate":"https:\/\/ksproducts.ca\/?s={search_term_string}"},"query-input":{"@type":"PropertyValueSpecification","valueRequired":true,"valueName":"search_term_string"}}],"inLanguage":"fr-CA"},{"@type":"Organization","@id":"https:\/\/ksproducts.ca\/#organization","name":"Produits Ks","url":"https:\/\/ksproducts.ca\/","logo":{"@type":"ImageObject","inLanguage":"fr-CA","@id":"https:\/\/ksproducts.ca\/#\/schema\/logo\/image\/","url":"https:\/\/ksproducts.ca\/wp-content\/uploads\/2023\/09\/Kennedy-Sales-Logo-header-1.png","contentUrl":"https:\/\/ksproducts.ca\/wp-content\/uploads\/2023\/09\/Kennedy-Sales-Logo-header-1.png","width":150,"height":77,"caption":"Ks Products"},"image":{"@id":"https:\/\/ksproducts.ca\/#\/schema\/logo\/image\/"}}]}},"_links":{"self":[{"href":"https:\/\/ksproducts.ca\/fr\/wp-json\/wp\/v2\/product\/12298","targetHints":{"allow":["GET"]}}],"collection":[{"href":"https:\/\/ksproducts.ca\/fr\/wp-json\/wp\/v2\/product"}],"about":[{"href":"https:\/\/ksproducts.ca\/fr\/wp-json\/wp\/v2\/types\/product"}],"replies":[{"embeddable":true,"href":"https:\/\/ksproducts.ca\/fr\/wp-json\/wp\/v2\/comments?post=12298"}],"version-history":[{"count":1,"href":"https:\/\/ksproducts.ca\/fr\/wp-json\/wp\/v2\/product\/12298\/revisions"}],"predecessor-version":[{"id":12300,"href":"https:\/\/ksproducts.ca\/fr\/wp-json\/wp\/v2\/product\/12298\/revisions\/12300"}],"wp:featuredmedia":[{"embeddable":true,"href":"https:\/\/ksproducts.ca\/fr\/wp-json\/wp\/v2\/media\/12299"}],"wp:attachment":[{"href":"https:\/\/ksproducts.ca\/fr\/wp-json\/wp\/v2\/media?parent=12298"}],"wp:term":[{"taxonomy":"product_cat","embeddable":true,"href":"https:\/\/ksproducts.ca\/fr\/wp-json\/wp\/v2\/product_cat?post=12298"},{"taxonomy":"product_tag","embeddable":true,"href":"https:\/\/ksproducts.ca\/fr\/wp-json\/wp\/v2\/product_tag?post=12298"}],"curies":[{"name":"wp","href":"https:\/\/api.w.org\/{rel}","templated":true}]}}