{"id":12301,"date":"2026-03-11T16:18:38","date_gmt":"2026-03-11T16:18:38","guid":{"rendered":"https:\/\/ksproducts.ca\/?post_type=product&#038;p=12301"},"modified":"2026-03-11T16:18:38","modified_gmt":"2026-03-11T16:18:38","slug":"luxor-3-shelf-plastic-utility-cart-with-flat-shelves-side-pullout-shelf-3-outlets-and-15-cord-capacity-400lb-weight-capacity-black","status":"publish","type":"product","link":"https:\/\/ksproducts.ca\/fr\/product\/luxor-3-shelf-plastic-utility-cart-with-flat-shelves-side-pullout-shelf-3-outlets-and-15-cord-400lb-weight-capacity-black\/","title":{"rendered":"Luxor 3-Shelf Plastic Utility Cart with Flat Shelves, Side Pullout Shelf, 3-outlets and 15\u2032 cord - 400lb Weight Capacity - Black"},"content":{"rendered":"<ul class=\"a-unordered-list a-vertical\">\n<li><span class=\"a-list-item\">Chariot utilitaire polyvalent parfait pour l'\u00e9quipement audio\/vid\u00e9o et plus encore<\/span><\/li>\n<li><span class=\"a-list-item\">Les \u00e9tag\u00e8res en plastique moul\u00e9 recycl\u00e9 ne se rayent pas, ne se cabossent pas, ne rouillent pas et ne se tachent pas.<\/span><\/li>\n<li><span class=\"a-list-item\">.25\u2033 l\u00e8vre de retenue bordures tablettes plates<\/span><\/li>\n<li><span class=\"a-list-item\">Tablette coulissante \u00e0 l'avant<\/span><\/li>\n<li><span class=\"a-list-item\">Poign\u00e9e de pouss\u00e9e ergonomique moul\u00e9e dans le plateau sup\u00e9rieur pour une meilleure maniabilit\u00e9<\/span><\/li>\n<li><span class=\"a-list-item\">Chariot roulant avec quatre roulettes de 4\u2033 sur roulement \u00e0 billes, dont deux avec frein de blocage<\/span><\/li>\n<li><span class=\"a-list-item\">Comprend un ensemble \u00e9lectrique \u00e0 trois sorties r\u00e9pertori\u00e9 UL avec un cordon de 15\u2032<\/span><\/li>\n<li><span class=\"a-list-item\">Disponible avec une armoire verrouill\u00e9e en acier de calibre 20<\/span><\/li>\n<li><span class=\"a-list-item\">Capacit\u00e9 de poids maximale : 300 livres (r\u00e9parties uniform\u00e9ment)<\/span><\/li>\n<li><span class=\"a-list-item\">Assemblage n\u00e9cessaire<\/span><\/li>\n<li><span class=\"a-list-item\">Fabriqu\u00e9 aux \u00c9tats-Unis<\/span><\/li>\n<li><span class=\"a-list-item\">Ensemble : 24\u2033L x 18\u2033D x 34\u2033H<\/span><\/li>\n<li><span class=\"a-list-item\">Tablette coulissante \u00e0 l'avant : 19.5\u2033L x 15.75\u2033D<\/span><\/li>\n<li><span class=\"a-list-item\">Cordon : 15\u2032<\/span><\/li>\n<\/ul>","protected":false},"excerpt":{"rendered":"<p>Faites l'exp\u00e9rience d'une commodit\u00e9 et d'une polyvalence in\u00e9gal\u00e9es avec le chariot AV LUXOR LP34LE-B 34\u2033H. Con\u00e7u pour r\u00e9pondre \u00e0 vos besoins en mati\u00e8re d'\u00e9quipement audio\/vid\u00e9o, ce chariot robuste offre une durabilit\u00e9 et une fonctionnalit\u00e9 exceptionnelles. Avec trois \u00e9tag\u00e8res durables fabriqu\u00e9es \u00e0 partir de plastique moul\u00e9 recycl\u00e9, ce chariot peut supporter sans effort des charges allant jusqu'\u00e0 300 livres. Chaque \u00e9tag\u00e8re est dot\u00e9e d'un rebord de retenue de 0,25\u2033, ce qui garantit que vos articles restent bien en place pendant le transport. Que vous organisiez de l'\u00e9quipement audiovisuel, du mat\u00e9riel de classe ou des fournitures de bureau, ce chariot est la solution parfaite pour le stockage et la mobilit\u00e9. La maniabilit\u00e9 est \u00e0 port\u00e9e de main gr\u00e2ce \u00e0 l'\u00e9tag\u00e8re coulissante avant et \u00e0 la poign\u00e9e de pouss\u00e9e ergonomique int\u00e9gr\u00e9e \u00e0 l'\u00e9tag\u00e8re sup\u00e9rieure. Naviguez facilement dans les espaces restreints et contournez les obstacles en toute confiance, maximisant ainsi l'efficacit\u00e9 et la productivit\u00e9 dans n'importe quel environnement. Le cordon de 15\u2032 inclus et l'ensemble \u00e9lectrique \u00e0 trois sorties r\u00e9pertori\u00e9 UL ajoutent de la commodit\u00e9 et de la fonctionnalit\u00e9 \u00e0 votre espace de travail, vous permettant d'alimenter vos appareils l\u00e0 o\u00f9 vous en avez besoin. De plus, gr\u00e2ce \u00e0 sa construction robuste et \u00e0 son design polyvalent, ce chariot est id\u00e9al pour les salles de classe, les bureaux, les biblioth\u00e8ques et bien plus encore. Am\u00e9liorez votre organisation et rationalisez votre flux de travail avec le chariot AV LUXOR LP34LE-B. Que vous fassiez des pr\u00e9sentations, conduisiez des r\u00e9unions ou organisiez du mat\u00e9riel, ce chariot est la solution id\u00e9ale pour tous vos besoins audio\/vid\u00e9o.<\/p>","protected":false},"featured_media":12302,"comment_status":"open","ping_status":"closed","template":"","meta":[],"product_cat":[433],"product_tag":[],"class_list":{"0":"post-12301","1":"product","2":"type-product","3":"status-publish","4":"has-post-thumbnail","6":"product_cat-utility-carts","7":"product_shipping_class-class-2","9":"first","10":"instock","11":"taxable","12":"shipping-taxable","13":"purchasable","14":"product-type-simple"},"yoast_head":"<!-- This site is optimized with the Yoast SEO plugin v27.4 - https:\/\/yoast.com\/product\/yoast-seo-wordpress\/ -->\n<title>Luxor 3-Shelf Plastic Utility Cart with Flat Shelves, Side Pullout Shelf, 3-outlets and 15&#039; cord - 400lb Weight Capacity - Black - Ks Products<\/title>\n<meta name=\"robots\" content=\"index, follow, max-snippet:-1, max-image-preview:large, max-video-preview:-1\" \/>\n<link rel=\"canonical\" href=\"https:\/\/ksproducts.ca\/fr\/product\/luxor-3-shelf-plastic-utility-cart-with-flat-shelves-side-pullout-shelf-3-outlets-and-15-cord-capacity-400lb-weight-capacity-black\/\" \/>\n<meta property=\"og:locale\" content=\"fr_CA\" \/>\n<meta property=\"og:type\" content=\"article\" \/>\n<meta property=\"og:title\" content=\"Luxor 3-Shelf Plastic Utility Cart with Flat Shelves, Side Pullout Shelf, 3-outlets and 15&#039; cord - 400lb Weight Capacity - Black - Ks Products\" \/>\n<meta property=\"og:description\" content=\"Experience unmatched convenience and versatility with the LUXOR LP34LE-B 34&quot;H AV Cart. Designed to meet your audio\/video equipment needs, this rugged cart offers exceptional durability and functionality. With three durable shelves made from recycled molded plastic, this cart can effortlessly handle loads of up to 300 lbs. Each shelf features a .25&quot; retaining lip, ensuring that your items stay securely in place during transport. Whether you&#039;re organizing AV equipment, classroom materials, or office supplies, this cart provides the perfect solution for storage and mobility. Enhanced maneuverability is at your fingertips with the front pullout shelf and ergonomic push handle integrated into the top shelf. Easily navigate through tight spaces and around obstacles with confidence, maximizing efficiency and productivity in any environment. The included 15&#039; cord and three-outlet UL-Listed electrical assembly add convenience and functionality to your workspace, allowing you to power your devices wherever you need them. Plus, with its sturdy construction and versatile design, this cart is ideal for use in classrooms, offices, libraries, and more. Upgrade your organization and streamline your workflow with the LUXOR LP34LE-B AV Cart. Whether you&#039;re delivering presentations, conducting meetings, or organizing equipment, this cart is the ultimate solution for all your audio\/video needs.\" \/>\n<meta property=\"og:url\" content=\"https:\/\/ksproducts.ca\/fr\/product\/luxor-3-shelf-plastic-utility-cart-with-flat-shelves-side-pullout-shelf-3-outlets-and-15-cord-capacity-400lb-weight-capacity-black\/\" \/>\n<meta property=\"og:site_name\" content=\"Ks Products\" \/>\n<meta property=\"og:image\" content=\"https:\/\/ksproducts.ca\/wp-content\/uploads\/2026\/03\/Luxor-3-Shelf-Plastic-Utility-Cart-with-Flat-Shelves-Side-Pullout-Shelf-3-outlets-and-15-cord-400lb-Weight-Capacity-Black.jpg\" \/>\n\t<meta property=\"og:image:width\" content=\"380\" \/>\n\t<meta property=\"og:image:height\" content=\"500\" \/>\n\t<meta property=\"og:image:type\" content=\"image\/jpeg\" \/>\n<meta name=\"twitter:card\" content=\"summary_large_image\" \/>\n<meta name=\"twitter:label1\" content=\"Estimation du temps de lecture\" \/>\n\t<meta name=\"twitter:data1\" content=\"1 minute\" \/>\n<script type=\"application\/ld+json\" class=\"yoast-schema-graph\">{\"@context\":\"https:\\\/\\\/schema.org\",\"@graph\":[{\"@type\":\"WebPage\",\"@id\":\"https:\\\/\\\/ksproducts.ca\\\/product\\\/luxor-3-shelf-plastic-utility-cart-with-flat-shelves-side-pullout-shelf-3-outlets-and-15-cord-400lb-weight-capacity-black\\\/\",\"url\":\"https:\\\/\\\/ksproducts.ca\\\/product\\\/luxor-3-shelf-plastic-utility-cart-with-flat-shelves-side-pullout-shelf-3-outlets-and-15-cord-400lb-weight-capacity-black\\\/\",\"name\":\"Luxor 3-Shelf Plastic Utility Cart with Flat Shelves, Side Pullout Shelf, 3-outlets and 15' cord - 400lb Weight Capacity - Black - Ks Products\",\"isPartOf\":{\"@id\":\"https:\\\/\\\/ksproducts.ca\\\/#website\"},\"primaryImageOfPage\":{\"@id\":\"https:\\\/\\\/ksproducts.ca\\\/product\\\/luxor-3-shelf-plastic-utility-cart-with-flat-shelves-side-pullout-shelf-3-outlets-and-15-cord-400lb-weight-capacity-black\\\/#primaryimage\"},\"image\":{\"@id\":\"https:\\\/\\\/ksproducts.ca\\\/product\\\/luxor-3-shelf-plastic-utility-cart-with-flat-shelves-side-pullout-shelf-3-outlets-and-15-cord-400lb-weight-capacity-black\\\/#primaryimage\"},\"thumbnailUrl\":\"https:\\\/\\\/ksproducts.ca\\\/wp-content\\\/uploads\\\/2026\\\/03\\\/Luxor-3-Shelf-Plastic-Utility-Cart-with-Flat-Shelves-Side-Pullout-Shelf-3-outlets-and-15-cord-400lb-Weight-Capacity-Black.jpg\",\"datePublished\":\"2026-03-11T16:18:38+00:00\",\"breadcrumb\":{\"@id\":\"https:\\\/\\\/ksproducts.ca\\\/product\\\/luxor-3-shelf-plastic-utility-cart-with-flat-shelves-side-pullout-shelf-3-outlets-and-15-cord-400lb-weight-capacity-black\\\/#breadcrumb\"},\"inLanguage\":\"fr-CA\",\"potentialAction\":[{\"@type\":\"ReadAction\",\"target\":[\"https:\\\/\\\/ksproducts.ca\\\/product\\\/luxor-3-shelf-plastic-utility-cart-with-flat-shelves-side-pullout-shelf-3-outlets-and-15-cord-400lb-weight-capacity-black\\\/\"]}]},{\"@type\":\"ImageObject\",\"inLanguage\":\"fr-CA\",\"@id\":\"https:\\\/\\\/ksproducts.ca\\\/product\\\/luxor-3-shelf-plastic-utility-cart-with-flat-shelves-side-pullout-shelf-3-outlets-and-15-cord-400lb-weight-capacity-black\\\/#primaryimage\",\"url\":\"https:\\\/\\\/ksproducts.ca\\\/wp-content\\\/uploads\\\/2026\\\/03\\\/Luxor-3-Shelf-Plastic-Utility-Cart-with-Flat-Shelves-Side-Pullout-Shelf-3-outlets-and-15-cord-400lb-Weight-Capacity-Black.jpg\",\"contentUrl\":\"https:\\\/\\\/ksproducts.ca\\\/wp-content\\\/uploads\\\/2026\\\/03\\\/Luxor-3-Shelf-Plastic-Utility-Cart-with-Flat-Shelves-Side-Pullout-Shelf-3-outlets-and-15-cord-400lb-Weight-Capacity-Black.jpg\",\"width\":380,\"height\":500,\"caption\":\"Luxor 3 Shelf Plastic Utility Cart with Flat Shelves, Side Pullout Shelf, 3 outlets and 15' cord 400lb Weight Capacity Black\"},{\"@type\":\"BreadcrumbList\",\"@id\":\"https:\\\/\\\/ksproducts.ca\\\/product\\\/luxor-3-shelf-plastic-utility-cart-with-flat-shelves-side-pullout-shelf-3-outlets-and-15-cord-400lb-weight-capacity-black\\\/#breadcrumb\",\"itemListElement\":[{\"@type\":\"ListItem\",\"position\":1,\"name\":\"Home\",\"item\":\"https:\\\/\\\/ksproducts.ca\\\/\"},{\"@type\":\"ListItem\",\"position\":2,\"name\":\"Shop\",\"item\":\"https:\\\/\\\/ksproducts.ca\\\/shop\\\/\"},{\"@type\":\"ListItem\",\"position\":3,\"name\":\"Luxor 3-Shelf Plastic Utility Cart with Flat Shelves, Side Pullout Shelf, 3-outlets and 15&#8242; cord &#8211; 400lb Weight Capacity &#8211; Black\"}]},{\"@type\":\"WebSite\",\"@id\":\"https:\\\/\\\/ksproducts.ca\\\/#website\",\"url\":\"https:\\\/\\\/ksproducts.ca\\\/\",\"name\":\"Ks Products\",\"description\":\"Outdoor cooking and living, made easy in Canada\",\"publisher\":{\"@id\":\"https:\\\/\\\/ksproducts.ca\\\/#organization\"},\"potentialAction\":[{\"@type\":\"SearchAction\",\"target\":{\"@type\":\"EntryPoint\",\"urlTemplate\":\"https:\\\/\\\/ksproducts.ca\\\/?s={search_term_string}\"},\"query-input\":{\"@type\":\"PropertyValueSpecification\",\"valueRequired\":true,\"valueName\":\"search_term_string\"}}],\"inLanguage\":\"fr-CA\"},{\"@type\":\"Organization\",\"@id\":\"https:\\\/\\\/ksproducts.ca\\\/#organization\",\"name\":\"Ks Products\",\"url\":\"https:\\\/\\\/ksproducts.ca\\\/\",\"logo\":{\"@type\":\"ImageObject\",\"inLanguage\":\"fr-CA\",\"@id\":\"https:\\\/\\\/ksproducts.ca\\\/#\\\/schema\\\/logo\\\/image\\\/\",\"url\":\"https:\\\/\\\/ksproducts.ca\\\/wp-content\\\/uploads\\\/2023\\\/09\\\/Kennedy-Sales-Logo-header-1.png\",\"contentUrl\":\"https:\\\/\\\/ksproducts.ca\\\/wp-content\\\/uploads\\\/2023\\\/09\\\/Kennedy-Sales-Logo-header-1.png\",\"width\":150,\"height\":77,\"caption\":\"Ks Products\"},\"image\":{\"@id\":\"https:\\\/\\\/ksproducts.ca\\\/#\\\/schema\\\/logo\\\/image\\\/\"}}]}<\/script>\n<!-- \/ Yoast SEO plugin. -->","yoast_head_json":{"title":"Luxor 3-Shelf Plastic Utility Cart with Flat Shelves, Side Pullout Shelf, 3-outlets and 15' cord - 400lb Weight Capacity - Black - Ks Products","robots":{"index":"index","follow":"follow","max-snippet":"max-snippet:-1","max-image-preview":"max-image-preview:large","max-video-preview":"max-video-preview:-1"},"canonical":"https:\/\/ksproducts.ca\/fr\/product\/luxor-3-shelf-plastic-utility-cart-with-flat-shelves-side-pullout-shelf-3-outlets-and-15-cord-capacity-400lb-weight-capacity-black\/","og_locale":"fr_CA","og_type":"article","og_title":"Luxor 3-Shelf Plastic Utility Cart with Flat Shelves, Side Pullout Shelf, 3-outlets and 15' cord - 400lb Weight Capacity - Black - Ks Products","og_description":"Experience unmatched convenience and versatility with the LUXOR LP34LE-B 34\"H AV Cart. Designed to meet your audio\/video equipment needs, this rugged cart offers exceptional durability and functionality. With three durable shelves made from recycled molded plastic, this cart can effortlessly handle loads of up to 300 lbs. Each shelf features a .25\" retaining lip, ensuring that your items stay securely in place during transport. Whether you're organizing AV equipment, classroom materials, or office supplies, this cart provides the perfect solution for storage and mobility. Enhanced maneuverability is at your fingertips with the front pullout shelf and ergonomic push handle integrated into the top shelf. Easily navigate through tight spaces and around obstacles with confidence, maximizing efficiency and productivity in any environment. The included 15' cord and three-outlet UL-Listed electrical assembly add convenience and functionality to your workspace, allowing you to power your devices wherever you need them. Plus, with its sturdy construction and versatile design, this cart is ideal for use in classrooms, offices, libraries, and more. Upgrade your organization and streamline your workflow with the LUXOR LP34LE-B AV Cart. Whether you're delivering presentations, conducting meetings, or organizing equipment, this cart is the ultimate solution for all your audio\/video needs.","og_url":"https:\/\/ksproducts.ca\/fr\/product\/luxor-3-shelf-plastic-utility-cart-with-flat-shelves-side-pullout-shelf-3-outlets-and-15-cord-capacity-400lb-weight-capacity-black\/","og_site_name":"Ks Products","og_image":[{"width":380,"height":500,"url":"https:\/\/ksproducts.ca\/wp-content\/uploads\/2026\/03\/Luxor-3-Shelf-Plastic-Utility-Cart-with-Flat-Shelves-Side-Pullout-Shelf-3-outlets-and-15-cord-400lb-Weight-Capacity-Black.jpg","type":"image\/jpeg"}],"twitter_card":"summary_large_image","twitter_misc":{"Estimation du temps de lecture":"1 minute"},"schema":{"@context":"https:\/\/schema.org","@graph":[{"@type":"WebPage","@id":"https:\/\/ksproducts.ca\/product\/luxor-3-shelf-plastic-utility-cart-with-flat-shelves-side-pullout-shelf-3-outlets-and-15-cord-400lb-weight-capacity-black\/","url":"https:\/\/ksproducts.ca\/product\/luxor-3-shelf-plastic-utility-cart-with-flat-shelves-side-pullout-shelf-3-outlets-and-15-cord-400lb-weight-capacity-black\/","name":"Luxor 3-Shelf Plastic Utility Cart with Flat Shelves, Side Pullout Shelf, 3-outlets and 15' cord - 400lb Weight Capacity - Black - Ks Products","isPartOf":{"@id":"https:\/\/ksproducts.ca\/#website"},"primaryImageOfPage":{"@id":"https:\/\/ksproducts.ca\/product\/luxor-3-shelf-plastic-utility-cart-with-flat-shelves-side-pullout-shelf-3-outlets-and-15-cord-400lb-weight-capacity-black\/#primaryimage"},"image":{"@id":"https:\/\/ksproducts.ca\/product\/luxor-3-shelf-plastic-utility-cart-with-flat-shelves-side-pullout-shelf-3-outlets-and-15-cord-400lb-weight-capacity-black\/#primaryimage"},"thumbnailUrl":"https:\/\/ksproducts.ca\/wp-content\/uploads\/2026\/03\/Luxor-3-Shelf-Plastic-Utility-Cart-with-Flat-Shelves-Side-Pullout-Shelf-3-outlets-and-15-cord-400lb-Weight-Capacity-Black.jpg","datePublished":"2026-03-11T16:18:38+00:00","breadcrumb":{"@id":"https:\/\/ksproducts.ca\/product\/luxor-3-shelf-plastic-utility-cart-with-flat-shelves-side-pullout-shelf-3-outlets-and-15-cord-400lb-weight-capacity-black\/#breadcrumb"},"inLanguage":"fr-CA","potentialAction":[{"@type":"ReadAction","target":["https:\/\/ksproducts.ca\/product\/luxor-3-shelf-plastic-utility-cart-with-flat-shelves-side-pullout-shelf-3-outlets-and-15-cord-400lb-weight-capacity-black\/"]}]},{"@type":"ImageObject","inLanguage":"fr-CA","@id":"https:\/\/ksproducts.ca\/product\/luxor-3-shelf-plastic-utility-cart-with-flat-shelves-side-pullout-shelf-3-outlets-and-15-cord-400lb-weight-capacity-black\/#primaryimage","url":"https:\/\/ksproducts.ca\/wp-content\/uploads\/2026\/03\/Luxor-3-Shelf-Plastic-Utility-Cart-with-Flat-Shelves-Side-Pullout-Shelf-3-outlets-and-15-cord-400lb-Weight-Capacity-Black.jpg","contentUrl":"https:\/\/ksproducts.ca\/wp-content\/uploads\/2026\/03\/Luxor-3-Shelf-Plastic-Utility-Cart-with-Flat-Shelves-Side-Pullout-Shelf-3-outlets-and-15-cord-400lb-Weight-Capacity-Black.jpg","width":380,"height":500,"caption":"Luxor 3 Shelf Plastic Utility Cart with Flat Shelves, Side Pullout Shelf, 3 outlets and 15' cord 400lb Weight Capacity Black"},{"@type":"BreadcrumbList","@id":"https:\/\/ksproducts.ca\/product\/luxor-3-shelf-plastic-utility-cart-with-flat-shelves-side-pullout-shelf-3-outlets-and-15-cord-400lb-weight-capacity-black\/#breadcrumb","itemListElement":[{"@type":"ListItem","position":1,"name":"Home","item":"https:\/\/ksproducts.ca\/"},{"@type":"ListItem","position":2,"name":"Shop","item":"https:\/\/ksproducts.ca\/shop\/"},{"@type":"ListItem","position":3,"name":"Luxor 3-Shelf Plastic Utility Cart with Flat Shelves, Side Pullout Shelf, 3-outlets and 15&#8242; cord &#8211; 400lb Weight Capacity &#8211; Black"}]},{"@type":"WebSite","@id":"https:\/\/ksproducts.ca\/#website","url":"https:\/\/ksproducts.ca\/","name":"Produits Ks","description":"Cuisiner et vivre en plein air, c'est facile au Canada","publisher":{"@id":"https:\/\/ksproducts.ca\/#organization"},"potentialAction":[{"@type":"SearchAction","target":{"@type":"EntryPoint","urlTemplate":"https:\/\/ksproducts.ca\/?s={search_term_string}"},"query-input":{"@type":"PropertyValueSpecification","valueRequired":true,"valueName":"search_term_string"}}],"inLanguage":"fr-CA"},{"@type":"Organization","@id":"https:\/\/ksproducts.ca\/#organization","name":"Produits Ks","url":"https:\/\/ksproducts.ca\/","logo":{"@type":"ImageObject","inLanguage":"fr-CA","@id":"https:\/\/ksproducts.ca\/#\/schema\/logo\/image\/","url":"https:\/\/ksproducts.ca\/wp-content\/uploads\/2023\/09\/Kennedy-Sales-Logo-header-1.png","contentUrl":"https:\/\/ksproducts.ca\/wp-content\/uploads\/2023\/09\/Kennedy-Sales-Logo-header-1.png","width":150,"height":77,"caption":"Ks Products"},"image":{"@id":"https:\/\/ksproducts.ca\/#\/schema\/logo\/image\/"}}]}},"_links":{"self":[{"href":"https:\/\/ksproducts.ca\/fr\/wp-json\/wp\/v2\/product\/12301","targetHints":{"allow":["GET"]}}],"collection":[{"href":"https:\/\/ksproducts.ca\/fr\/wp-json\/wp\/v2\/product"}],"about":[{"href":"https:\/\/ksproducts.ca\/fr\/wp-json\/wp\/v2\/types\/product"}],"replies":[{"embeddable":true,"href":"https:\/\/ksproducts.ca\/fr\/wp-json\/wp\/v2\/comments?post=12301"}],"version-history":[{"count":1,"href":"https:\/\/ksproducts.ca\/fr\/wp-json\/wp\/v2\/product\/12301\/revisions"}],"predecessor-version":[{"id":12303,"href":"https:\/\/ksproducts.ca\/fr\/wp-json\/wp\/v2\/product\/12301\/revisions\/12303"}],"wp:featuredmedia":[{"embeddable":true,"href":"https:\/\/ksproducts.ca\/fr\/wp-json\/wp\/v2\/media\/12302"}],"wp:attachment":[{"href":"https:\/\/ksproducts.ca\/fr\/wp-json\/wp\/v2\/media?parent=12301"}],"wp:term":[{"taxonomy":"product_cat","embeddable":true,"href":"https:\/\/ksproducts.ca\/fr\/wp-json\/wp\/v2\/product_cat?post=12301"},{"taxonomy":"product_tag","embeddable":true,"href":"https:\/\/ksproducts.ca\/fr\/wp-json\/wp\/v2\/product_tag?post=12301"}],"curies":[{"name":"wp","href":"https:\/\/api.w.org\/{rel}","templated":true}]}}