{"id":12304,"date":"2026-03-11T16:21:29","date_gmt":"2026-03-11T16:21:29","guid":{"rendered":"https:\/\/ksproducts.ca\/?post_type=product&#038;p=12304"},"modified":"2026-03-11T16:21:29","modified_gmt":"2026-03-11T16:21:29","slug":"luxor-42inch-3-shelf-heavy-duty-plastic-utility-cart-with-3-flat-shelves-lockable-cabinet-and-3-outlet-electric-assembly-with-15-cord-300lb-weight-capacity-black","status":"publish","type":"product","link":"https:\/\/ksproducts.ca\/fr\/product\/luxor-42inch-3-shelf-heavy-duty-plastic-utility-cart-with-3-flat-shelves-lockable-cabinet-and-3-outlet-electric-assembly-with-15-cord-300lb-weight-capacity-black\/","title":{"rendered":"Luxor 42inch 3-Shelf Heavy Duty Plastic Cart with 3 Flat Shelves, Lockable Cabinet and 3-Outlet Electric Assembly with 15\u2032 Cord - 300lb Weight Capacity - Black"},"content":{"rendered":"<div id=\"featurebullets_feature_div\" class=\"celwidget\" data-feature-name=\"featurebullets_nonPets\" data-csa-c-type=\"widget\" data-csa-c-content-id=\"featurebullets_nonPets\" data-csa-c-slot-id=\"featurebullets_feature_div\" data-csa-c-asin=\"B003B7C3AE\" data-csa-c-is-in-initial-active-row=\"false\" data-csa-c-id=\"c66uha-ndq9i5-xyddez-k4suz3\" data-cel-widget=\"featurebullets_feature_div\">\n<div id=\"feature-bullets\" class=\"a-section a-spacing-medium a-spacing-top-small\">\n<ul class=\"a-unordered-list a-vertical a-spacing-mini\">\n<li class=\"a-spacing-mini\"><span class=\"a-list-item\">Pays d'origine : United States<\/span><\/li>\n<li class=\"a-spacing-mini\"><span class=\"a-list-item\">Num\u00e9ro de mod\u00e8le : LUXLP42CLE-B<\/span><\/li>\n<li class=\"a-spacing-mini\"><span class=\"a-list-item\">Poids de l'ensemble de l'article : 34.0 livres<\/span><\/li>\n<li class=\"a-spacing-mini\"><span class=\"a-list-item\">Dimensions de l'emballage : 8.0 H x 19.0 L x 19.0 L pouces<\/span><\/li>\n<\/ul>\n<\/div>\n<\/div>\n<div id=\"provenanceCertifications_feature_div\" class=\"celwidget\" data-feature-name=\"provenanceCertifications\" data-csa-c-type=\"widget\" data-csa-c-content-id=\"provenanceCertifications\" data-csa-c-slot-id=\"provenanceCertifications_feature_div\" data-csa-c-asin=\"B003B7C3AE\" data-csa-c-is-in-initial-active-row=\"false\" data-csa-c-id=\"fajjrs-y3pr8u-1icsiy-4utnag\" data-cel-widget=\"provenanceCertifications_feature_div\"><\/div>\n<div id=\"handmadeArtisanCard_feature_div\" class=\"celwidget\" data-feature-name=\"handmadeArtisanCard\" data-csa-c-type=\"widget\" data-csa-c-content-id=\"handmadeArtisanCard\" data-csa-c-slot-id=\"handmadeArtisanCard_feature_div\" data-csa-c-asin=\"B003B7C3AE\" data-csa-c-is-in-initial-active-row=\"false\" data-csa-c-id=\"sfwtcu-w6kk93-iux4j2-4wp75q\" data-cel-widget=\"handmadeArtisanCard_feature_div\"><\/div>\n<div id=\"customerReviewsAttribute_feature_div\" class=\"celwidget\" data-feature-name=\"customerReviewsAttribute\" data-csa-c-type=\"widget\" data-csa-c-content-id=\"customerReviewsAttribute\" data-csa-c-slot-id=\"customerReviewsAttribute_feature_div\" data-csa-c-asin=\"B003B7C3AE\" data-csa-c-is-in-initial-active-row=\"false\" data-csa-c-id=\"my1co-9ggmuc-f4axqs-u191td\" data-cel-widget=\"customerReviewsAttribute_feature_div\"><\/div>\n<div id=\"globalStoreInfoBullets_feature_div\" class=\"celwidget\" data-feature-name=\"globalStoreInfoBullets\" data-csa-c-type=\"widget\" data-csa-c-content-id=\"globalStoreInfoBullets\" data-csa-c-slot-id=\"globalStoreInfoBullets_feature_div\" data-csa-c-asin=\"B003B7C3AE\" data-csa-c-is-in-initial-active-row=\"false\" data-csa-c-id=\"skx5gk-32cpy5-23wubw-qcy3o8\" data-cel-widget=\"globalStoreInfoBullets_feature_div\"><\/div>\n<div id=\"HLCXComparisonJumplink_feature_div\"><\/div>\n<div id=\"bissProductSpecification_feature_div\" class=\"celwidget\" data-feature-name=\"bissProductSpecification\" data-csa-c-type=\"widget\" data-csa-c-content-id=\"bissProductSpecification\" data-csa-c-slot-id=\"bissProductSpecification_feature_div\" data-csa-c-asin=\"B003B7C3AE\" data-csa-c-is-in-initial-active-row=\"false\" data-csa-c-id=\"vzt8af-p29yhu-oqb8ex-jmh90t\" data-cel-widget=\"bissProductSpecification_feature_div\"><\/div>\n<div id=\"addOnItem_feature_div\" class=\"celwidget\" data-feature-name=\"addOnItem\" data-csa-c-type=\"widget\" data-csa-c-content-id=\"addOnItem\" data-csa-c-slot-id=\"addOnItem_feature_div\" data-csa-c-asin=\"B003B7C3AE\" data-csa-c-is-in-initial-active-row=\"false\" data-csa-c-id=\"qs4wzk-qhatte-14pf93-p5ri8h\" data-cel-widget=\"addOnItem_feature_div\"><\/div>\n<div id=\"giftcard-holiday-availability-messaging_feature_div\" class=\"celwidget\" data-feature-name=\"giftCardHolidayAvailabilityMessaging\" data-csa-c-type=\"widget\" data-csa-c-content-id=\"giftCardHolidayAvailabilityMessaging\" data-csa-c-slot-id=\"giftcard-holiday-availability-messaging_feature_div\" data-csa-c-asin=\"B003B7C3AE\" data-csa-c-is-in-initial-active-row=\"false\" data-csa-c-id=\"9ej562-pq69xc-nemfea-oq5fb0\" data-cel-widget=\"giftcard-holiday-availability-messaging_feature_div\"><\/div>\n<div id=\"translationNotice_feature_div\" class=\"celwidget\" data-feature-name=\"translationNotice\" data-csa-c-type=\"widget\" data-csa-c-content-id=\"translationNotice\" data-csa-c-slot-id=\"translationNotice_feature_div\" data-csa-c-asin=\"B003B7C3AE\" data-csa-c-is-in-initial-active-row=\"false\" data-csa-c-id=\"vywo35-qm5aux-dvdqet-94rs6c\" data-cel-widget=\"translationNotice_feature_div\"><\/div>\n<div id=\"olp_feature_div\" class=\"celwidget\" data-feature-name=\"olp\" data-csa-c-type=\"widget\" data-csa-c-content-id=\"olp\" data-csa-c-slot-id=\"olp_feature_div\" data-csa-c-asin=\"B003B7C3AE\" data-csa-c-is-in-initial-active-row=\"false\" data-csa-c-id=\"tjyeoi-7yeei3-2h7hff-ccj31w\" data-cel-widget=\"olp_feature_div\"><\/div>","protected":false},"excerpt":{"rendered":"<p>Les chariots AV Luxor LP Series sont fabriqu\u00e9s en poly\u00e9thyl\u00e8ne haute densit\u00e9 recycl\u00e9, avec des \u00e9tag\u00e8res en plastique moul\u00e9 en mousse structurelle qui ne se rayent pas, ne se cabossent pas, ne rouillent pas et ne se tachent pas. Capacit\u00e9 de charge de 400 livres, r\u00e9partie uniform\u00e9ment sur les trois \u00e9tag\u00e8res. Roulettes robustes de 4 ? dont deux avec frein. Ce LP42 a 3 \u00e9tag\u00e8res 18?D x 24?W x 42?H 3 prises \u00e9lectriques avec un cordon de 15\u2032 et un enrouleur de cordon int\u00e9gr\u00e9 dans la poign\u00e9e. Armoire en acier de 20 gauge avec une finition de peinture en poudre. Dimensions int\u00e9rieures de l'armoire 16 3\/4\u2033D x 23 1\/4\u2033W x 18\u2033H Livr\u00e9 avec serrure et deux jeux de cl\u00e9s. Charni\u00e8res piano sur porte renforc\u00e9e avec poign\u00e9e encastr\u00e9e Tablette avant 15 5\/8\u2033 x 19 7\/16\u2033 Assemblage facile. Fabriqu\u00e9 aux USA<\/p>","protected":false},"featured_media":12305,"comment_status":"open","ping_status":"closed","template":"","meta":[],"product_cat":[433],"product_tag":[],"class_list":{"0":"post-12304","1":"product","2":"type-product","3":"status-publish","4":"has-post-thumbnail","6":"product_cat-utility-carts","7":"product_shipping_class-class-3","9":"first","10":"instock","11":"taxable","12":"shipping-taxable","13":"purchasable","14":"product-type-simple"},"yoast_head":"<!-- This site is optimized with the Yoast SEO plugin v27.4 - https:\/\/yoast.com\/product\/yoast-seo-wordpress\/ -->\n<title>Luxor 42inch 3-Shelf Heavy Duty Plastic Utility Cart with 3 Flat Shelves, Lockable Cabinet and 3-Outlet Electric Assembly with 15&#039; Cord - 300lb Weight Capacity - Black - Ks Products<\/title>\n<meta name=\"robots\" content=\"index, follow, max-snippet:-1, max-image-preview:large, max-video-preview:-1\" \/>\n<link rel=\"canonical\" href=\"https:\/\/ksproducts.ca\/fr\/product\/luxor-42inch-3-shelf-heavy-duty-plastic-utility-cart-with-3-flat-shelves-lockable-cabinet-and-3-outlet-electric-assembly-with-15-cord-300lb-weight-capacity-black\/\" \/>\n<meta property=\"og:locale\" content=\"fr_CA\" \/>\n<meta property=\"og:type\" content=\"article\" \/>\n<meta property=\"og:title\" content=\"Luxor 42inch 3-Shelf Heavy Duty Plastic Utility Cart with 3 Flat Shelves, Lockable Cabinet and 3-Outlet Electric Assembly with 15&#039; Cord - 300lb Weight Capacity - Black - Ks Products\" \/>\n<meta property=\"og:description\" content=\"Luxor LP Series presentation station AV carts are made of recycled high density polyethylene structural foam molded plastic shelves that will not scratch, dent, rust or stain. Features 400 Lb weight capacity, evenly distributed throughout three shelves. Heavy duty 4? casters two with brake. 1\/4&quot; retaining lip around each shelf This LP42 has 3 shelves 18?D x 24?W x 42?H 3 Outlet electric assembly with 15&#039; cord and built in cord wrap in the handle 20 gauge steel cabinet with powder coat paint finish. Inner dimensions of cabinet 16 3\/4&quot;D x 23 1\/4&quot;W x 18&quot;H Comes with lock and two sets of keys. Full piano hinges on reinforced door with recessed handle Front pull out shelf 15 5\/8&quot; x 19 7\/16&quot; Easy assembly. Made in USA\" \/>\n<meta property=\"og:url\" content=\"https:\/\/ksproducts.ca\/fr\/product\/luxor-42inch-3-shelf-heavy-duty-plastic-utility-cart-with-3-flat-shelves-lockable-cabinet-and-3-outlet-electric-assembly-with-15-cord-300lb-weight-capacity-black\/\" \/>\n<meta property=\"og:site_name\" content=\"Ks Products\" \/>\n<meta property=\"og:image\" content=\"https:\/\/ksproducts.ca\/wp-content\/uploads\/2026\/03\/Luxor-42inch-3-Shelf-Heavy-Duty-Plastic-Utility-Cart-with-3-Flat-Shelves-Lockable-Cabinet-and-3-Outlet-Electric-Assembly-with-15-Cord-300lb-Weight-Capacity-Black.jpg\" \/>\n\t<meta property=\"og:image:width\" content=\"522\" \/>\n\t<meta property=\"og:image:height\" content=\"522\" \/>\n\t<meta property=\"og:image:type\" content=\"image\/jpeg\" \/>\n<meta name=\"twitter:card\" content=\"summary_large_image\" \/>\n<meta name=\"twitter:label1\" content=\"Estimation du temps de lecture\" \/>\n\t<meta name=\"twitter:data1\" content=\"1 minute\" \/>\n<script type=\"application\/ld+json\" class=\"yoast-schema-graph\">{\"@context\":\"https:\\\/\\\/schema.org\",\"@graph\":[{\"@type\":\"WebPage\",\"@id\":\"https:\\\/\\\/ksproducts.ca\\\/product\\\/luxor-42inch-3-shelf-heavy-duty-plastic-utility-cart-with-3-flat-shelves-lockable-cabinet-and-3-outlet-electric-assembly-with-15-cord-300lb-weight-capacity-black\\\/\",\"url\":\"https:\\\/\\\/ksproducts.ca\\\/product\\\/luxor-42inch-3-shelf-heavy-duty-plastic-utility-cart-with-3-flat-shelves-lockable-cabinet-and-3-outlet-electric-assembly-with-15-cord-300lb-weight-capacity-black\\\/\",\"name\":\"Luxor 42inch 3-Shelf Heavy Duty Plastic Utility Cart with 3 Flat Shelves, Lockable Cabinet and 3-Outlet Electric Assembly with 15' Cord - 300lb Weight Capacity - Black - Ks Products\",\"isPartOf\":{\"@id\":\"https:\\\/\\\/ksproducts.ca\\\/#website\"},\"primaryImageOfPage\":{\"@id\":\"https:\\\/\\\/ksproducts.ca\\\/product\\\/luxor-42inch-3-shelf-heavy-duty-plastic-utility-cart-with-3-flat-shelves-lockable-cabinet-and-3-outlet-electric-assembly-with-15-cord-300lb-weight-capacity-black\\\/#primaryimage\"},\"image\":{\"@id\":\"https:\\\/\\\/ksproducts.ca\\\/product\\\/luxor-42inch-3-shelf-heavy-duty-plastic-utility-cart-with-3-flat-shelves-lockable-cabinet-and-3-outlet-electric-assembly-with-15-cord-300lb-weight-capacity-black\\\/#primaryimage\"},\"thumbnailUrl\":\"https:\\\/\\\/ksproducts.ca\\\/wp-content\\\/uploads\\\/2026\\\/03\\\/Luxor-42inch-3-Shelf-Heavy-Duty-Plastic-Utility-Cart-with-3-Flat-Shelves-Lockable-Cabinet-and-3-Outlet-Electric-Assembly-with-15-Cord-300lb-Weight-Capacity-Black.jpg\",\"datePublished\":\"2026-03-11T16:21:29+00:00\",\"breadcrumb\":{\"@id\":\"https:\\\/\\\/ksproducts.ca\\\/product\\\/luxor-42inch-3-shelf-heavy-duty-plastic-utility-cart-with-3-flat-shelves-lockable-cabinet-and-3-outlet-electric-assembly-with-15-cord-300lb-weight-capacity-black\\\/#breadcrumb\"},\"inLanguage\":\"fr-CA\",\"potentialAction\":[{\"@type\":\"ReadAction\",\"target\":[\"https:\\\/\\\/ksproducts.ca\\\/product\\\/luxor-42inch-3-shelf-heavy-duty-plastic-utility-cart-with-3-flat-shelves-lockable-cabinet-and-3-outlet-electric-assembly-with-15-cord-300lb-weight-capacity-black\\\/\"]}]},{\"@type\":\"ImageObject\",\"inLanguage\":\"fr-CA\",\"@id\":\"https:\\\/\\\/ksproducts.ca\\\/product\\\/luxor-42inch-3-shelf-heavy-duty-plastic-utility-cart-with-3-flat-shelves-lockable-cabinet-and-3-outlet-electric-assembly-with-15-cord-300lb-weight-capacity-black\\\/#primaryimage\",\"url\":\"https:\\\/\\\/ksproducts.ca\\\/wp-content\\\/uploads\\\/2026\\\/03\\\/Luxor-42inch-3-Shelf-Heavy-Duty-Plastic-Utility-Cart-with-3-Flat-Shelves-Lockable-Cabinet-and-3-Outlet-Electric-Assembly-with-15-Cord-300lb-Weight-Capacity-Black.jpg\",\"contentUrl\":\"https:\\\/\\\/ksproducts.ca\\\/wp-content\\\/uploads\\\/2026\\\/03\\\/Luxor-42inch-3-Shelf-Heavy-Duty-Plastic-Utility-Cart-with-3-Flat-Shelves-Lockable-Cabinet-and-3-Outlet-Electric-Assembly-with-15-Cord-300lb-Weight-Capacity-Black.jpg\",\"width\":522,\"height\":522,\"caption\":\"Luxor 42inch 3 Shelf Heavy Duty Plastic Utility Cart with 3 Flat Shelves, Lockable Cabinet and 3 Outlet Electric Assembly with 15' Cord 300lb Weight Capacity Black\"},{\"@type\":\"BreadcrumbList\",\"@id\":\"https:\\\/\\\/ksproducts.ca\\\/product\\\/luxor-42inch-3-shelf-heavy-duty-plastic-utility-cart-with-3-flat-shelves-lockable-cabinet-and-3-outlet-electric-assembly-with-15-cord-300lb-weight-capacity-black\\\/#breadcrumb\",\"itemListElement\":[{\"@type\":\"ListItem\",\"position\":1,\"name\":\"Home\",\"item\":\"https:\\\/\\\/ksproducts.ca\\\/\"},{\"@type\":\"ListItem\",\"position\":2,\"name\":\"Shop\",\"item\":\"https:\\\/\\\/ksproducts.ca\\\/shop\\\/\"},{\"@type\":\"ListItem\",\"position\":3,\"name\":\"Luxor 42inch 3-Shelf Heavy Duty Plastic Utility Cart with 3 Flat Shelves, Lockable Cabinet and 3-Outlet Electric Assembly with 15&#8242; Cord &#8211; 300lb Weight Capacity &#8211; Black\"}]},{\"@type\":\"WebSite\",\"@id\":\"https:\\\/\\\/ksproducts.ca\\\/#website\",\"url\":\"https:\\\/\\\/ksproducts.ca\\\/\",\"name\":\"Ks Products\",\"description\":\"Outdoor cooking and living, made easy in Canada\",\"publisher\":{\"@id\":\"https:\\\/\\\/ksproducts.ca\\\/#organization\"},\"potentialAction\":[{\"@type\":\"SearchAction\",\"target\":{\"@type\":\"EntryPoint\",\"urlTemplate\":\"https:\\\/\\\/ksproducts.ca\\\/?s={search_term_string}\"},\"query-input\":{\"@type\":\"PropertyValueSpecification\",\"valueRequired\":true,\"valueName\":\"search_term_string\"}}],\"inLanguage\":\"fr-CA\"},{\"@type\":\"Organization\",\"@id\":\"https:\\\/\\\/ksproducts.ca\\\/#organization\",\"name\":\"Ks Products\",\"url\":\"https:\\\/\\\/ksproducts.ca\\\/\",\"logo\":{\"@type\":\"ImageObject\",\"inLanguage\":\"fr-CA\",\"@id\":\"https:\\\/\\\/ksproducts.ca\\\/#\\\/schema\\\/logo\\\/image\\\/\",\"url\":\"https:\\\/\\\/ksproducts.ca\\\/wp-content\\\/uploads\\\/2023\\\/09\\\/Kennedy-Sales-Logo-header-1.png\",\"contentUrl\":\"https:\\\/\\\/ksproducts.ca\\\/wp-content\\\/uploads\\\/2023\\\/09\\\/Kennedy-Sales-Logo-header-1.png\",\"width\":150,\"height\":77,\"caption\":\"Ks Products\"},\"image\":{\"@id\":\"https:\\\/\\\/ksproducts.ca\\\/#\\\/schema\\\/logo\\\/image\\\/\"}}]}<\/script>\n<!-- \/ Yoast SEO plugin. -->","yoast_head_json":{"title":"Luxor 42inch 3-Shelf Heavy Duty Plastic Cart with 3 Flat Shelves, Lockable Cabinet and 3-Outlet Electric Assembly with 15' Cord - 300lb Weight Capacity - Black - Ks Products","robots":{"index":"index","follow":"follow","max-snippet":"max-snippet:-1","max-image-preview":"max-image-preview:large","max-video-preview":"max-video-preview:-1"},"canonical":"https:\/\/ksproducts.ca\/fr\/product\/luxor-42inch-3-shelf-heavy-duty-plastic-utility-cart-with-3-flat-shelves-lockable-cabinet-and-3-outlet-electric-assembly-with-15-cord-300lb-weight-capacity-black\/","og_locale":"fr_CA","og_type":"article","og_title":"Luxor 42inch 3-Shelf Heavy Duty Plastic Utility Cart with 3 Flat Shelves, Lockable Cabinet and 3-Outlet Electric Assembly with 15' Cord - 300lb Weight Capacity - Black - Ks Products","og_description":"Luxor LP Series presentation station AV carts are made of recycled high density polyethylene structural foam molded plastic shelves that will not scratch, dent, rust or stain. Features 400 Lb weight capacity, evenly distributed throughout three shelves. Heavy duty 4? casters two with brake. 1\/4\" retaining lip around each shelf This LP42 has 3 shelves 18?D x 24?W x 42?H 3 Outlet electric assembly with 15' cord and built in cord wrap in the handle 20 gauge steel cabinet with powder coat paint finish. Inner dimensions of cabinet 16 3\/4\"D x 23 1\/4\"W x 18\"H Comes with lock and two sets of keys. Full piano hinges on reinforced door with recessed handle Front pull out shelf 15 5\/8\" x 19 7\/16\" Easy assembly. Made in USA","og_url":"https:\/\/ksproducts.ca\/fr\/product\/luxor-42inch-3-shelf-heavy-duty-plastic-utility-cart-with-3-flat-shelves-lockable-cabinet-and-3-outlet-electric-assembly-with-15-cord-300lb-weight-capacity-black\/","og_site_name":"Ks Products","og_image":[{"width":522,"height":522,"url":"https:\/\/ksproducts.ca\/wp-content\/uploads\/2026\/03\/Luxor-42inch-3-Shelf-Heavy-Duty-Plastic-Utility-Cart-with-3-Flat-Shelves-Lockable-Cabinet-and-3-Outlet-Electric-Assembly-with-15-Cord-300lb-Weight-Capacity-Black.jpg","type":"image\/jpeg"}],"twitter_card":"summary_large_image","twitter_misc":{"Estimation du temps de lecture":"1 minute"},"schema":{"@context":"https:\/\/schema.org","@graph":[{"@type":"WebPage","@id":"https:\/\/ksproducts.ca\/product\/luxor-42inch-3-shelf-heavy-duty-plastic-utility-cart-with-3-flat-shelves-lockable-cabinet-and-3-outlet-electric-assembly-with-15-cord-300lb-weight-capacity-black\/","url":"https:\/\/ksproducts.ca\/product\/luxor-42inch-3-shelf-heavy-duty-plastic-utility-cart-with-3-flat-shelves-lockable-cabinet-and-3-outlet-electric-assembly-with-15-cord-300lb-weight-capacity-black\/","name":"Luxor 42inch 3-Shelf Heavy Duty Plastic Cart with 3 Flat Shelves, Lockable Cabinet and 3-Outlet Electric Assembly with 15' Cord - 300lb Weight Capacity - Black - Ks Products","isPartOf":{"@id":"https:\/\/ksproducts.ca\/#website"},"primaryImageOfPage":{"@id":"https:\/\/ksproducts.ca\/product\/luxor-42inch-3-shelf-heavy-duty-plastic-utility-cart-with-3-flat-shelves-lockable-cabinet-and-3-outlet-electric-assembly-with-15-cord-300lb-weight-capacity-black\/#primaryimage"},"image":{"@id":"https:\/\/ksproducts.ca\/product\/luxor-42inch-3-shelf-heavy-duty-plastic-utility-cart-with-3-flat-shelves-lockable-cabinet-and-3-outlet-electric-assembly-with-15-cord-300lb-weight-capacity-black\/#primaryimage"},"thumbnailUrl":"https:\/\/ksproducts.ca\/wp-content\/uploads\/2026\/03\/Luxor-42inch-3-Shelf-Heavy-Duty-Plastic-Utility-Cart-with-3-Flat-Shelves-Lockable-Cabinet-and-3-Outlet-Electric-Assembly-with-15-Cord-300lb-Weight-Capacity-Black.jpg","datePublished":"2026-03-11T16:21:29+00:00","breadcrumb":{"@id":"https:\/\/ksproducts.ca\/product\/luxor-42inch-3-shelf-heavy-duty-plastic-utility-cart-with-3-flat-shelves-lockable-cabinet-and-3-outlet-electric-assembly-with-15-cord-300lb-weight-capacity-black\/#breadcrumb"},"inLanguage":"fr-CA","potentialAction":[{"@type":"ReadAction","target":["https:\/\/ksproducts.ca\/product\/luxor-42inch-3-shelf-heavy-duty-plastic-utility-cart-with-3-flat-shelves-lockable-cabinet-and-3-outlet-electric-assembly-with-15-cord-300lb-weight-capacity-black\/"]}]},{"@type":"ImageObject","inLanguage":"fr-CA","@id":"https:\/\/ksproducts.ca\/product\/luxor-42inch-3-shelf-heavy-duty-plastic-utility-cart-with-3-flat-shelves-lockable-cabinet-and-3-outlet-electric-assembly-with-15-cord-300lb-weight-capacity-black\/#primaryimage","url":"https:\/\/ksproducts.ca\/wp-content\/uploads\/2026\/03\/Luxor-42inch-3-Shelf-Heavy-Duty-Plastic-Utility-Cart-with-3-Flat-Shelves-Lockable-Cabinet-and-3-Outlet-Electric-Assembly-with-15-Cord-300lb-Weight-Capacity-Black.jpg","contentUrl":"https:\/\/ksproducts.ca\/wp-content\/uploads\/2026\/03\/Luxor-42inch-3-Shelf-Heavy-Duty-Plastic-Utility-Cart-with-3-Flat-Shelves-Lockable-Cabinet-and-3-Outlet-Electric-Assembly-with-15-Cord-300lb-Weight-Capacity-Black.jpg","width":522,"height":522,"caption":"Luxor 42inch 3 Shelf Heavy Duty Plastic Utility Cart with 3 Flat Shelves, Lockable Cabinet and 3 Outlet Electric Assembly with 15' Cord 300lb Weight Capacity Black"},{"@type":"BreadcrumbList","@id":"https:\/\/ksproducts.ca\/product\/luxor-42inch-3-shelf-heavy-duty-plastic-utility-cart-with-3-flat-shelves-lockable-cabinet-and-3-outlet-electric-assembly-with-15-cord-300lb-weight-capacity-black\/#breadcrumb","itemListElement":[{"@type":"ListItem","position":1,"name":"Home","item":"https:\/\/ksproducts.ca\/"},{"@type":"ListItem","position":2,"name":"Shop","item":"https:\/\/ksproducts.ca\/shop\/"},{"@type":"ListItem","position":3,"name":"Luxor 42inch 3-Shelf Heavy Duty Plastic Utility Cart with 3 Flat Shelves, Lockable Cabinet and 3-Outlet Electric Assembly with 15&#8242; Cord &#8211; 300lb Weight Capacity &#8211; Black"}]},{"@type":"WebSite","@id":"https:\/\/ksproducts.ca\/#website","url":"https:\/\/ksproducts.ca\/","name":"Produits Ks","description":"Cuisiner et vivre en plein air, c'est facile au Canada","publisher":{"@id":"https:\/\/ksproducts.ca\/#organization"},"potentialAction":[{"@type":"SearchAction","target":{"@type":"EntryPoint","urlTemplate":"https:\/\/ksproducts.ca\/?s={search_term_string}"},"query-input":{"@type":"PropertyValueSpecification","valueRequired":true,"valueName":"search_term_string"}}],"inLanguage":"fr-CA"},{"@type":"Organization","@id":"https:\/\/ksproducts.ca\/#organization","name":"Produits Ks","url":"https:\/\/ksproducts.ca\/","logo":{"@type":"ImageObject","inLanguage":"fr-CA","@id":"https:\/\/ksproducts.ca\/#\/schema\/logo\/image\/","url":"https:\/\/ksproducts.ca\/wp-content\/uploads\/2023\/09\/Kennedy-Sales-Logo-header-1.png","contentUrl":"https:\/\/ksproducts.ca\/wp-content\/uploads\/2023\/09\/Kennedy-Sales-Logo-header-1.png","width":150,"height":77,"caption":"Ks Products"},"image":{"@id":"https:\/\/ksproducts.ca\/#\/schema\/logo\/image\/"}}]}},"_links":{"self":[{"href":"https:\/\/ksproducts.ca\/fr\/wp-json\/wp\/v2\/product\/12304","targetHints":{"allow":["GET"]}}],"collection":[{"href":"https:\/\/ksproducts.ca\/fr\/wp-json\/wp\/v2\/product"}],"about":[{"href":"https:\/\/ksproducts.ca\/fr\/wp-json\/wp\/v2\/types\/product"}],"replies":[{"embeddable":true,"href":"https:\/\/ksproducts.ca\/fr\/wp-json\/wp\/v2\/comments?post=12304"}],"version-history":[{"count":1,"href":"https:\/\/ksproducts.ca\/fr\/wp-json\/wp\/v2\/product\/12304\/revisions"}],"predecessor-version":[{"id":12306,"href":"https:\/\/ksproducts.ca\/fr\/wp-json\/wp\/v2\/product\/12304\/revisions\/12306"}],"wp:featuredmedia":[{"embeddable":true,"href":"https:\/\/ksproducts.ca\/fr\/wp-json\/wp\/v2\/media\/12305"}],"wp:attachment":[{"href":"https:\/\/ksproducts.ca\/fr\/wp-json\/wp\/v2\/media?parent=12304"}],"wp:term":[{"taxonomy":"product_cat","embeddable":true,"href":"https:\/\/ksproducts.ca\/fr\/wp-json\/wp\/v2\/product_cat?post=12304"},{"taxonomy":"product_tag","embeddable":true,"href":"https:\/\/ksproducts.ca\/fr\/wp-json\/wp\/v2\/product_tag?post=12304"}],"curies":[{"name":"wp","href":"https:\/\/api.w.org\/{rel}","templated":true}]}}