{"id":12310,"date":"2026-03-11T16:38:50","date_gmt":"2026-03-11T16:38:50","guid":{"rendered":"https:\/\/ksproducts.ca\/?post_type=product&#038;p=12310"},"modified":"2026-03-11T16:38:51","modified_gmt":"2026-03-11T16:38:51","slug":"chariot-utilitaire-luxor-de-42-pouces-3-etageres-plastique-robuste-avec-3-etageres-plates-et-assemble-electriquement-avec-3-prises-cordon-de-15-pieds-capacite-de-poids-de-300-lb-noir","status":"publish","type":"product","link":"https:\/\/ksproducts.ca\/fr\/product\/luxor-42inch-3-shelf-heavy-duty-plastic-utility-cart-with-3-flat-shelves-and-3-outlet-electric-assembly-with-15-cord-300lb-weight-capacity-black\/","title":{"rendered":"Luxor 42inch 3-Shelf Heavy Duty Plastic Cart with 3 Flat Shelves and 3-Outlet Electric Assembly with 15\u2032 Cord - 300lb Weight Capacity - Black"},"content":{"rendered":"<div class=\"\">\n<section id=\"productFeature\" class=\"acl-my--x-small acl-break-word\">\n<ul>\n<li>Chariot utilitaire polyvalent parfait pour l'\u00e9quipement audio\/vid\u00e9o et plus encore<\/li>\n<li>Les \u00e9tag\u00e8res en plastique moul\u00e9 recycl\u00e9 ne se rayent pas, ne se cabossent pas, ne rouillent pas et ne se tachent pas.<\/li>\n<li>Comprend un ensemble \u00e9lectrique \u00e0 trois sorties r\u00e9pertori\u00e9 UL avec un cordon de 15\u2032<\/li>\n<\/ul>\n<\/section>\n<\/div>","protected":false},"excerpt":{"rendered":"<p>Ce chariot AV robuste vous permet de supporter et de transporter jusqu'\u00e0 300 livres. Les trois \u00e9tag\u00e8res sont dot\u00e9es d'un rebord de retenue de 0,25\u2033 pour s\u00e9curiser les articles en place et sont fabriqu\u00e9es en plastique poly\u00e9thyl\u00e8ne haute densit\u00e9 qui ne se raye pas, ne se cabosse pas, ne rouille pas et ne se tache pas. Les \u00e9tag\u00e8res du milieu et du bas offrent respectivement 14\u2033 et 17,75\u2033 d'espace libre, ce qui permet de ranger l'\u00e9quipement et les accessoires audiovisuels. La poign\u00e9e de pouss\u00e9e moul\u00e9e int\u00e9gr\u00e9e \u00e0 l'\u00e9tag\u00e8re sup\u00e9rieure offre un meilleur contr\u00f4le lors du d\u00e9placement du chariot, tandis que quatre roulettes robustes de 4\u2033, enti\u00e8rement pivotantes, avec deux freins de blocage, facilitent la man\u0153uvre.<\/p>","protected":false},"featured_media":12311,"comment_status":"open","ping_status":"closed","template":"","meta":[],"product_cat":[433],"product_tag":[],"class_list":{"0":"post-12310","1":"product","2":"type-product","3":"status-publish","4":"has-post-thumbnail","6":"product_cat-utility-carts","7":"product_shipping_class-class-3","9":"first","10":"instock","11":"taxable","12":"shipping-taxable","13":"purchasable","14":"product-type-simple"},"yoast_head":"<!-- This site is optimized with the Yoast SEO plugin v27.3 - https:\/\/yoast.com\/product\/yoast-seo-wordpress\/ -->\n<title>Luxor 42inch 3-Shelf Heavy Duty Plastic Utility Cart with 3 Flat Shelves and 3-Outlet Electric Assembly with 15&#039; Cord - 300lb Weight Capacity - Black - Ks Products<\/title>\n<meta name=\"robots\" content=\"index, follow, max-snippet:-1, max-image-preview:large, max-video-preview:-1\" \/>\n<link rel=\"canonical\" href=\"https:\/\/ksproducts.ca\/fr\/product\/chariot-utilitaire-luxor-de-42-pouces-3-etageres-plastique-robuste-avec-3-etageres-plates-et-assemble-electriquement-avec-3-prises-cordon-de-15-pieds-capacite-de-poids-de-300-lb-noir\/\" \/>\n<meta property=\"og:locale\" content=\"fr_CA\" \/>\n<meta property=\"og:type\" content=\"article\" \/>\n<meta property=\"og:title\" content=\"Luxor 42inch 3-Shelf Heavy Duty Plastic Utility Cart with 3 Flat Shelves and 3-Outlet Electric Assembly with 15&#039; Cord - 300lb Weight Capacity - Black - Ks Products\" \/>\n<meta property=\"og:description\" content=\"This, heavy-duty AV cart allows you to support and transport up to 300 lbs. All three shelves offer a .25&quot; retaining lip to secure items in place and are made of high-density polyethylene plastic that won&#039;t scratch, dent, rust or stain. The middle and bottom shelves offer 14&quot; and 17.75&quot; of clearance respectively, providing ample space for AV equipment and accessories. The molded push handle built into the top shelf provides greater control when moving the cart while four 4&quot; heavy-duty, full-swivel casters with two locking brakes provide easy maneuverability.\" \/>\n<meta property=\"og:url\" content=\"https:\/\/ksproducts.ca\/fr\/product\/chariot-utilitaire-luxor-de-42-pouces-3-etageres-plastique-robuste-avec-3-etageres-plates-et-assemble-electriquement-avec-3-prises-cordon-de-15-pieds-capacite-de-poids-de-300-lb-noir\/\" \/>\n<meta property=\"og:site_name\" content=\"Ks Products\" \/>\n<meta property=\"article:modified_time\" content=\"2026-03-11T16:38:51+00:00\" \/>\n<meta property=\"og:image\" content=\"https:\/\/ksproducts.ca\/wp-content\/uploads\/2026\/03\/Luxor-42inch-3-Shelf-Heavy-Duty-Plastic-Utility-Cart-with-3-Flat-Shelves-and-3-Outlet-Electric-Assembly-with-15-Cord-300lb-Weight-Capacity-Black.png\" \/>\n\t<meta property=\"og:image:width\" content=\"440\" \/>\n\t<meta property=\"og:image:height\" content=\"440\" \/>\n\t<meta property=\"og:image:type\" content=\"image\/png\" \/>\n<meta name=\"twitter:card\" content=\"summary_large_image\" \/>\n<meta name=\"twitter:label1\" content=\"Estimation du temps de lecture\" \/>\n\t<meta name=\"twitter:data1\" content=\"1 minute\" \/>\n<script type=\"application\/ld+json\" class=\"yoast-schema-graph\">{\"@context\":\"https:\\\/\\\/schema.org\",\"@graph\":[{\"@type\":\"WebPage\",\"@id\":\"https:\\\/\\\/ksproducts.ca\\\/product\\\/luxor-42inch-3-shelf-heavy-duty-plastic-utility-cart-with-3-flat-shelves-and-3-outlet-electric-assembly-with-15-cord-300lb-weight-capacity-black\\\/\",\"url\":\"https:\\\/\\\/ksproducts.ca\\\/product\\\/luxor-42inch-3-shelf-heavy-duty-plastic-utility-cart-with-3-flat-shelves-and-3-outlet-electric-assembly-with-15-cord-300lb-weight-capacity-black\\\/\",\"name\":\"Luxor 42inch 3-Shelf Heavy Duty Plastic Utility Cart with 3 Flat Shelves and 3-Outlet Electric Assembly with 15' Cord - 300lb Weight Capacity - Black - Ks Products\",\"isPartOf\":{\"@id\":\"https:\\\/\\\/ksproducts.ca\\\/#website\"},\"primaryImageOfPage\":{\"@id\":\"https:\\\/\\\/ksproducts.ca\\\/product\\\/luxor-42inch-3-shelf-heavy-duty-plastic-utility-cart-with-3-flat-shelves-and-3-outlet-electric-assembly-with-15-cord-300lb-weight-capacity-black\\\/#primaryimage\"},\"image\":{\"@id\":\"https:\\\/\\\/ksproducts.ca\\\/product\\\/luxor-42inch-3-shelf-heavy-duty-plastic-utility-cart-with-3-flat-shelves-and-3-outlet-electric-assembly-with-15-cord-300lb-weight-capacity-black\\\/#primaryimage\"},\"thumbnailUrl\":\"https:\\\/\\\/ksproducts.ca\\\/wp-content\\\/uploads\\\/2026\\\/03\\\/Luxor-42inch-3-Shelf-Heavy-Duty-Plastic-Utility-Cart-with-3-Flat-Shelves-and-3-Outlet-Electric-Assembly-with-15-Cord-300lb-Weight-Capacity-Black.png\",\"datePublished\":\"2026-03-11T16:38:50+00:00\",\"dateModified\":\"2026-03-11T16:38:51+00:00\",\"breadcrumb\":{\"@id\":\"https:\\\/\\\/ksproducts.ca\\\/product\\\/luxor-42inch-3-shelf-heavy-duty-plastic-utility-cart-with-3-flat-shelves-and-3-outlet-electric-assembly-with-15-cord-300lb-weight-capacity-black\\\/#breadcrumb\"},\"inLanguage\":\"fr-CA\",\"potentialAction\":[{\"@type\":\"ReadAction\",\"target\":[\"https:\\\/\\\/ksproducts.ca\\\/product\\\/luxor-42inch-3-shelf-heavy-duty-plastic-utility-cart-with-3-flat-shelves-and-3-outlet-electric-assembly-with-15-cord-300lb-weight-capacity-black\\\/\"]}]},{\"@type\":\"ImageObject\",\"inLanguage\":\"fr-CA\",\"@id\":\"https:\\\/\\\/ksproducts.ca\\\/product\\\/luxor-42inch-3-shelf-heavy-duty-plastic-utility-cart-with-3-flat-shelves-and-3-outlet-electric-assembly-with-15-cord-300lb-weight-capacity-black\\\/#primaryimage\",\"url\":\"https:\\\/\\\/ksproducts.ca\\\/wp-content\\\/uploads\\\/2026\\\/03\\\/Luxor-42inch-3-Shelf-Heavy-Duty-Plastic-Utility-Cart-with-3-Flat-Shelves-and-3-Outlet-Electric-Assembly-with-15-Cord-300lb-Weight-Capacity-Black.png\",\"contentUrl\":\"https:\\\/\\\/ksproducts.ca\\\/wp-content\\\/uploads\\\/2026\\\/03\\\/Luxor-42inch-3-Shelf-Heavy-Duty-Plastic-Utility-Cart-with-3-Flat-Shelves-and-3-Outlet-Electric-Assembly-with-15-Cord-300lb-Weight-Capacity-Black.png\",\"width\":440,\"height\":440,\"caption\":\"Luxor 42inch 3 Shelf Heavy Duty Plastic Utility Cart with 3 Flat Shelves and 3 Outlet Electric Assembly with 15' Cord 300lb Weight Capacity Black\"},{\"@type\":\"BreadcrumbList\",\"@id\":\"https:\\\/\\\/ksproducts.ca\\\/product\\\/luxor-42inch-3-shelf-heavy-duty-plastic-utility-cart-with-3-flat-shelves-and-3-outlet-electric-assembly-with-15-cord-300lb-weight-capacity-black\\\/#breadcrumb\",\"itemListElement\":[{\"@type\":\"ListItem\",\"position\":1,\"name\":\"Home\",\"item\":\"https:\\\/\\\/ksproducts.ca\\\/\"},{\"@type\":\"ListItem\",\"position\":2,\"name\":\"Shop\",\"item\":\"https:\\\/\\\/ksproducts.ca\\\/shop\\\/\"},{\"@type\":\"ListItem\",\"position\":3,\"name\":\"Luxor 42inch 3-Shelf Heavy Duty Plastic Utility Cart with 3 Flat Shelves and 3-Outlet Electric Assembly with 15&#8242; Cord &#8211; 300lb Weight Capacity &#8211; Black\"}]},{\"@type\":\"WebSite\",\"@id\":\"https:\\\/\\\/ksproducts.ca\\\/#website\",\"url\":\"https:\\\/\\\/ksproducts.ca\\\/\",\"name\":\"Ks Products\",\"description\":\"Outdoor cooking and living, made easy in Canada\",\"publisher\":{\"@id\":\"https:\\\/\\\/ksproducts.ca\\\/#organization\"},\"potentialAction\":[{\"@type\":\"SearchAction\",\"target\":{\"@type\":\"EntryPoint\",\"urlTemplate\":\"https:\\\/\\\/ksproducts.ca\\\/?s={search_term_string}\"},\"query-input\":{\"@type\":\"PropertyValueSpecification\",\"valueRequired\":true,\"valueName\":\"search_term_string\"}}],\"inLanguage\":\"fr-CA\"},{\"@type\":\"Organization\",\"@id\":\"https:\\\/\\\/ksproducts.ca\\\/#organization\",\"name\":\"Ks Products\",\"url\":\"https:\\\/\\\/ksproducts.ca\\\/\",\"logo\":{\"@type\":\"ImageObject\",\"inLanguage\":\"fr-CA\",\"@id\":\"https:\\\/\\\/ksproducts.ca\\\/#\\\/schema\\\/logo\\\/image\\\/\",\"url\":\"https:\\\/\\\/ksproducts.ca\\\/wp-content\\\/uploads\\\/2023\\\/09\\\/Kennedy-Sales-Logo-header-1.png\",\"contentUrl\":\"https:\\\/\\\/ksproducts.ca\\\/wp-content\\\/uploads\\\/2023\\\/09\\\/Kennedy-Sales-Logo-header-1.png\",\"width\":150,\"height\":77,\"caption\":\"Ks Products\"},\"image\":{\"@id\":\"https:\\\/\\\/ksproducts.ca\\\/#\\\/schema\\\/logo\\\/image\\\/\"}}]}<\/script>\n<!-- \/ Yoast SEO plugin. -->","yoast_head_json":{"title":"Chariot utilitaire Luxor de 42 pouces, 3 \u00e9tag\u00e8res, robuste, en plastique, avec 3 \u00e9tag\u00e8res plates et assemblage \u00e9lectrique \u00e0 3 prises avec cordon de 15 pieds - Capacit\u00e9 de poids de 300 lb - Noir - Ks Products","robots":{"index":"index","follow":"follow","max-snippet":"max-snippet:-1","max-image-preview":"max-image-preview:large","max-video-preview":"max-video-preview:-1"},"canonical":"https:\/\/ksproducts.ca\/fr\/product\/chariot-utilitaire-luxor-de-42-pouces-3-etageres-plastique-robuste-avec-3-etageres-plates-et-assemble-electriquement-avec-3-prises-cordon-de-15-pieds-capacite-de-poids-de-300-lb-noir\/","og_locale":"fr_CA","og_type":"article","og_title":"Luxor 42inch 3-Shelf Heavy Duty Plastic Utility Cart with 3 Flat Shelves and 3-Outlet Electric Assembly with 15' Cord - 300lb Weight Capacity - Black - Ks Products","og_description":"This, heavy-duty AV cart allows you to support and transport up to 300 lbs. All three shelves offer a .25\" retaining lip to secure items in place and are made of high-density polyethylene plastic that won't scratch, dent, rust or stain. The middle and bottom shelves offer 14\" and 17.75\" of clearance respectively, providing ample space for AV equipment and accessories. The molded push handle built into the top shelf provides greater control when moving the cart while four 4\" heavy-duty, full-swivel casters with two locking brakes provide easy maneuverability.","og_url":"https:\/\/ksproducts.ca\/fr\/product\/chariot-utilitaire-luxor-de-42-pouces-3-etageres-plastique-robuste-avec-3-etageres-plates-et-assemble-electriquement-avec-3-prises-cordon-de-15-pieds-capacite-de-poids-de-300-lb-noir\/","og_site_name":"Ks Products","article_modified_time":"2026-03-11T16:38:51+00:00","og_image":[{"width":440,"height":440,"url":"https:\/\/ksproducts.ca\/wp-content\/uploads\/2026\/03\/Luxor-42inch-3-Shelf-Heavy-Duty-Plastic-Utility-Cart-with-3-Flat-Shelves-and-3-Outlet-Electric-Assembly-with-15-Cord-300lb-Weight-Capacity-Black.png","type":"image\/png"}],"twitter_card":"summary_large_image","twitter_misc":{"Estimation du temps de lecture":"1 minute"},"schema":{"@context":"https:\/\/schema.org","@graph":[{"@type":"WebPage","@id":"https:\/\/ksproducts.ca\/product\/luxor-42inch-3-shelf-heavy-duty-plastic-utility-cart-with-3-flat-shelves-and-3-outlet-electric-assembly-with-15-cord-300lb-weight-capacity-black\/","url":"https:\/\/ksproducts.ca\/product\/luxor-42inch-3-shelf-heavy-duty-plastic-utility-cart-with-3-flat-shelves-and-3-outlet-electric-assembly-with-15-cord-300lb-weight-capacity-black\/","name":"Chariot utilitaire Luxor de 42 pouces, 3 \u00e9tag\u00e8res, robuste, en plastique, avec 3 \u00e9tag\u00e8res plates et assemblage \u00e9lectrique \u00e0 3 prises avec cordon de 15 pieds - Capacit\u00e9 de poids de 300 lb - Noir - Ks Products","isPartOf":{"@id":"https:\/\/ksproducts.ca\/#website"},"primaryImageOfPage":{"@id":"https:\/\/ksproducts.ca\/product\/luxor-42inch-3-shelf-heavy-duty-plastic-utility-cart-with-3-flat-shelves-and-3-outlet-electric-assembly-with-15-cord-300lb-weight-capacity-black\/#primaryimage"},"image":{"@id":"https:\/\/ksproducts.ca\/product\/luxor-42inch-3-shelf-heavy-duty-plastic-utility-cart-with-3-flat-shelves-and-3-outlet-electric-assembly-with-15-cord-300lb-weight-capacity-black\/#primaryimage"},"thumbnailUrl":"https:\/\/ksproducts.ca\/wp-content\/uploads\/2026\/03\/Luxor-42inch-3-Shelf-Heavy-Duty-Plastic-Utility-Cart-with-3-Flat-Shelves-and-3-Outlet-Electric-Assembly-with-15-Cord-300lb-Weight-Capacity-Black.png","datePublished":"2026-03-11T16:38:50+00:00","dateModified":"2026-03-11T16:38:51+00:00","breadcrumb":{"@id":"https:\/\/ksproducts.ca\/product\/luxor-42inch-3-shelf-heavy-duty-plastic-utility-cart-with-3-flat-shelves-and-3-outlet-electric-assembly-with-15-cord-300lb-weight-capacity-black\/#breadcrumb"},"inLanguage":"fr-CA","potentialAction":[{"@type":"ReadAction","target":["https:\/\/ksproducts.ca\/product\/luxor-42inch-3-shelf-heavy-duty-plastic-utility-cart-with-3-flat-shelves-and-3-outlet-electric-assembly-with-15-cord-300lb-weight-capacity-black\/"]}]},{"@type":"ImageObject","inLanguage":"fr-CA","@id":"https:\/\/ksproducts.ca\/product\/luxor-42inch-3-shelf-heavy-duty-plastic-utility-cart-with-3-flat-shelves-and-3-outlet-electric-assembly-with-15-cord-300lb-weight-capacity-black\/#primaryimage","url":"https:\/\/ksproducts.ca\/wp-content\/uploads\/2026\/03\/Luxor-42inch-3-Shelf-Heavy-Duty-Plastic-Utility-Cart-with-3-Flat-Shelves-and-3-Outlet-Electric-Assembly-with-15-Cord-300lb-Weight-Capacity-Black.png","contentUrl":"https:\/\/ksproducts.ca\/wp-content\/uploads\/2026\/03\/Luxor-42inch-3-Shelf-Heavy-Duty-Plastic-Utility-Cart-with-3-Flat-Shelves-and-3-Outlet-Electric-Assembly-with-15-Cord-300lb-Weight-Capacity-Black.png","width":440,"height":440,"caption":"Luxor 42inch 3 Shelf Heavy Duty Plastic Utility Cart with 3 Flat Shelves and 3 Outlet Electric Assembly with 15' Cord 300lb Weight Capacity Black"},{"@type":"BreadcrumbList","@id":"https:\/\/ksproducts.ca\/product\/luxor-42inch-3-shelf-heavy-duty-plastic-utility-cart-with-3-flat-shelves-and-3-outlet-electric-assembly-with-15-cord-300lb-weight-capacity-black\/#breadcrumb","itemListElement":[{"@type":"ListItem","position":1,"name":"Home","item":"https:\/\/ksproducts.ca\/"},{"@type":"ListItem","position":2,"name":"Shop","item":"https:\/\/ksproducts.ca\/shop\/"},{"@type":"ListItem","position":3,"name":"Luxor 42inch 3-Shelf Heavy Duty Plastic Utility Cart with 3 Flat Shelves and 3-Outlet Electric Assembly with 15&#8242; Cord &#8211; 300lb Weight Capacity &#8211; Black"}]},{"@type":"WebSite","@id":"https:\/\/ksproducts.ca\/#website","url":"https:\/\/ksproducts.ca\/","name":"Produits Ks","description":"Cuisiner et vivre en plein air, c'est facile au Canada","publisher":{"@id":"https:\/\/ksproducts.ca\/#organization"},"potentialAction":[{"@type":"SearchAction","target":{"@type":"EntryPoint","urlTemplate":"https:\/\/ksproducts.ca\/?s={search_term_string}"},"query-input":{"@type":"PropertyValueSpecification","valueRequired":true,"valueName":"search_term_string"}}],"inLanguage":"fr-CA"},{"@type":"Organization","@id":"https:\/\/ksproducts.ca\/#organization","name":"Produits Ks","url":"https:\/\/ksproducts.ca\/","logo":{"@type":"ImageObject","inLanguage":"fr-CA","@id":"https:\/\/ksproducts.ca\/#\/schema\/logo\/image\/","url":"https:\/\/ksproducts.ca\/wp-content\/uploads\/2023\/09\/Kennedy-Sales-Logo-header-1.png","contentUrl":"https:\/\/ksproducts.ca\/wp-content\/uploads\/2023\/09\/Kennedy-Sales-Logo-header-1.png","width":150,"height":77,"caption":"Ks Products"},"image":{"@id":"https:\/\/ksproducts.ca\/#\/schema\/logo\/image\/"}}]}},"_links":{"self":[{"href":"https:\/\/ksproducts.ca\/fr\/wp-json\/wp\/v2\/product\/12310","targetHints":{"allow":["GET"]}}],"collection":[{"href":"https:\/\/ksproducts.ca\/fr\/wp-json\/wp\/v2\/product"}],"about":[{"href":"https:\/\/ksproducts.ca\/fr\/wp-json\/wp\/v2\/types\/product"}],"replies":[{"embeddable":true,"href":"https:\/\/ksproducts.ca\/fr\/wp-json\/wp\/v2\/comments?post=12310"}],"version-history":[{"count":1,"href":"https:\/\/ksproducts.ca\/fr\/wp-json\/wp\/v2\/product\/12310\/revisions"}],"predecessor-version":[{"id":12312,"href":"https:\/\/ksproducts.ca\/fr\/wp-json\/wp\/v2\/product\/12310\/revisions\/12312"}],"wp:featuredmedia":[{"embeddable":true,"href":"https:\/\/ksproducts.ca\/fr\/wp-json\/wp\/v2\/media\/12311"}],"wp:attachment":[{"href":"https:\/\/ksproducts.ca\/fr\/wp-json\/wp\/v2\/media?parent=12310"}],"wp:term":[{"taxonomy":"product_cat","embeddable":true,"href":"https:\/\/ksproducts.ca\/fr\/wp-json\/wp\/v2\/product_cat?post=12310"},{"taxonomy":"product_tag","embeddable":true,"href":"https:\/\/ksproducts.ca\/fr\/wp-json\/wp\/v2\/product_tag?post=12310"}],"curies":[{"name":"wp","href":"https:\/\/api.w.org\/{rel}","templated":true}]}}