{"id":12313,"date":"2026-03-11T16:48:42","date_gmt":"2026-03-11T16:48:42","guid":{"rendered":"https:\/\/ksproducts.ca\/?post_type=product&#038;p=12313"},"modified":"2026-03-11T16:48:42","modified_gmt":"2026-03-11T16:48:42","slug":"luxor-54inch-3-shelf-heavy-duty-plastic-utility-cart-with-3-flat-shelves-400lb-weight-capacity-black","status":"publish","type":"product","link":"https:\/\/ksproducts.ca\/fr\/product\/luxor-54inch-3-shelf-heavy-duty-plastic-utility-cart-with-3-flat-shelves-400lb-weight-capacity-black\/","title":{"rendered":"Luxor 54inch 3-Shelf Heavy Duty Plastic Cart with 3 Flat Shelves - 400lb Weight Capacity - Black"},"content":{"rendered":"<ul>\n<li data-start=\"650\" data-end=\"707\">Chariot de pr\u00e9sentation \u00e0 trois \u00e9tag\u00e8res (24 \u201dD \u00d7 32 \u201dW \u00d7 54\u00bc\u201dH)<\/li>\n<li data-start=\"710\" data-end=\"793\">Etag\u00e8res et pieds en plastique moul\u00e9 durable (ne se tache pas, ne se raye pas, ne se cabosse pas et ne rouille pas)<\/li>\n<li data-start=\"796\" data-end=\"856\">L'\u00e9tag\u00e8re sup\u00e9rieure est renforc\u00e9e par une barre m\u00e9tallique pour plus de solidit\u00e9<\/li>\n<li data-start=\"859\" data-end=\"929\">L\u00e8vre de retenue de 1\/4\u201d et patins de s\u00e9curit\u00e9 pour s\u00e9curiser les objets<\/li>\n<li data-start=\"932\" data-end=\"1003\">Poign\u00e9e de s\u00e9curit\u00e9 int\u00e9gr\u00e9e moul\u00e9e dans le plateau sup\u00e9rieur pour une prise en main solide<\/li>\n<li data-start=\"1006\" data-end=\"1060\">Roulettes de 4\u201d sur roulement \u00e0 billes, dont deux avec freins de blocage<\/li>\n<li data-start=\"1063\" data-end=\"1120\">Ensemble \u00e9lectrique de suppression des surtensions \u00e0 3 prises et 15 pieds<\/li>\n<li data-start=\"1123\" data-end=\"1167\">Espace entre les \u00e9tag\u00e8res : 17\u00be\u201d en bas, 35\u201d en haut<\/li>\n<\/ul>","protected":false},"excerpt":{"rendered":"<p>Les postes de pr\u00e9sentation de la s\u00e9rie LE ont des \u00e9tag\u00e8res et des pieds fabriqu\u00e9s en poly\u00e9thyl\u00e8ne haute densit\u00e9, en mousse plastique structur\u00e9e et moul\u00e9e : Poign\u00e9e de pouss\u00e9e de s\u00e9curit\u00e9 int\u00e9gr\u00e9e qui est moul\u00e9e dans l'\u00e9tag\u00e8re sup\u00e9rieure pour une prise solide \u00c9tag\u00e8res et pieds en plastique moul\u00e9 qui ne tachent pas, ne rayent pas, ne bossellent pas et ne rouillent pas \u00c9tag\u00e8re sup\u00e9rieure renforc\u00e9e par une barre m\u00e9tallique Rebord de retenue de 1\/4\u2033 et coussinets de s\u00e9curit\u00e9 \u00e0 prise s\u00fbre Roulettes \u00e0 roulement \u00e0 billes 4\u2033, dont deux avec frein de blocage Ensemble \u00e9lectrique \u00e0 suppression de surtension 3 prises, 15\u2032 Ce chariot LE54 est un chariot \u00e0 trois \u00e9tag\u00e8res 24 \u201dD x 32 \u201dW x 54 1\/4 \u201dH D\u00e9gagement de l'\u00e9tag\u00e8re 17 3\/4\u2033 inf\u00e9rieure et 35\u2033 sup\u00e9rieure. Fabriqu\u00e9 aux Etats-Unis.<\/p>","protected":false},"featured_media":12314,"comment_status":"open","ping_status":"closed","template":"","meta":[],"product_cat":[433],"product_tag":[],"class_list":{"0":"post-12313","1":"product","2":"type-product","3":"status-publish","4":"has-post-thumbnail","6":"product_cat-utility-carts","7":"product_shipping_class-class-3","9":"first","10":"instock","11":"taxable","12":"shipping-taxable","13":"purchasable","14":"product-type-simple"},"yoast_head":"<!-- This site is optimized with the Yoast SEO plugin v27.3 - https:\/\/yoast.com\/product\/yoast-seo-wordpress\/ -->\n<title>Luxor 54inch 3-Shelf Heavy Duty Plastic Utility Cart with 3 Flat Shelves - 400lb Weight Capacity - Black - Ks Products<\/title>\n<meta name=\"robots\" content=\"index, follow, max-snippet:-1, max-image-preview:large, max-video-preview:-1\" \/>\n<link rel=\"canonical\" href=\"https:\/\/ksproducts.ca\/fr\/product\/luxor-54inch-3-shelf-heavy-duty-plastic-utility-cart-with-3-flat-shelves-400lb-weight-capacity-black\/\" \/>\n<meta property=\"og:locale\" content=\"fr_CA\" \/>\n<meta property=\"og:type\" content=\"article\" \/>\n<meta property=\"og:title\" content=\"Luxor 54inch 3-Shelf Heavy Duty Plastic Utility Cart with 3 Flat Shelves - 400lb Weight Capacity - Black - Ks Products\" \/>\n<meta property=\"og:description\" content=\"The LE Series Presentation stations have shelves and legs made from high density polyethylene structural foam molded plastic Features: Integral safety push handle which is molded into top shelf for sturdy grip Molded plastic shelves and legs won&#039;t stain, scratch, dent or rust Top shelf reinforced with one metal bar 1\/4&quot; retaining lip and sure grip safety pads 4&quot; ball bearing casters, two with locking brake 3 outlet, 15&#039; surge suppressing electric assembly This LE54 cart is a three shelf cart 24\u201dD x 32\u201dW x 54 1\/4\u201dH Shelf clearance 17 3\/4&quot; lower and 35&quot; upper. Made in USA.\" \/>\n<meta property=\"og:url\" content=\"https:\/\/ksproducts.ca\/fr\/product\/luxor-54inch-3-shelf-heavy-duty-plastic-utility-cart-with-3-flat-shelves-400lb-weight-capacity-black\/\" \/>\n<meta property=\"og:site_name\" content=\"Ks Products\" \/>\n<meta property=\"og:image\" content=\"https:\/\/ksproducts.ca\/wp-content\/uploads\/2026\/03\/Luxor-54inch-3-Shelf-Heavy-Duty-Plastic-Utility-Cart-with-3-Flat-Shelves-400lb-Weight-Capacity-Black.jpg\" \/>\n\t<meta property=\"og:image:width\" content=\"385\" \/>\n\t<meta property=\"og:image:height\" content=\"490\" \/>\n\t<meta property=\"og:image:type\" content=\"image\/jpeg\" \/>\n<meta name=\"twitter:card\" content=\"summary_large_image\" \/>\n<meta name=\"twitter:label1\" content=\"Estimation du temps de lecture\" \/>\n\t<meta name=\"twitter:data1\" content=\"1 minute\" \/>\n<script type=\"application\/ld+json\" class=\"yoast-schema-graph\">{\"@context\":\"https:\\\/\\\/schema.org\",\"@graph\":[{\"@type\":\"WebPage\",\"@id\":\"https:\\\/\\\/ksproducts.ca\\\/product\\\/luxor-54inch-3-shelf-heavy-duty-plastic-utility-cart-with-3-flat-shelves-400lb-weight-capacity-black\\\/\",\"url\":\"https:\\\/\\\/ksproducts.ca\\\/product\\\/luxor-54inch-3-shelf-heavy-duty-plastic-utility-cart-with-3-flat-shelves-400lb-weight-capacity-black\\\/\",\"name\":\"Luxor 54inch 3-Shelf Heavy Duty Plastic Utility Cart with 3 Flat Shelves - 400lb Weight Capacity - Black - Ks Products\",\"isPartOf\":{\"@id\":\"https:\\\/\\\/ksproducts.ca\\\/#website\"},\"primaryImageOfPage\":{\"@id\":\"https:\\\/\\\/ksproducts.ca\\\/product\\\/luxor-54inch-3-shelf-heavy-duty-plastic-utility-cart-with-3-flat-shelves-400lb-weight-capacity-black\\\/#primaryimage\"},\"image\":{\"@id\":\"https:\\\/\\\/ksproducts.ca\\\/product\\\/luxor-54inch-3-shelf-heavy-duty-plastic-utility-cart-with-3-flat-shelves-400lb-weight-capacity-black\\\/#primaryimage\"},\"thumbnailUrl\":\"https:\\\/\\\/ksproducts.ca\\\/wp-content\\\/uploads\\\/2026\\\/03\\\/Luxor-54inch-3-Shelf-Heavy-Duty-Plastic-Utility-Cart-with-3-Flat-Shelves-400lb-Weight-Capacity-Black.jpg\",\"datePublished\":\"2026-03-11T16:48:42+00:00\",\"breadcrumb\":{\"@id\":\"https:\\\/\\\/ksproducts.ca\\\/product\\\/luxor-54inch-3-shelf-heavy-duty-plastic-utility-cart-with-3-flat-shelves-400lb-weight-capacity-black\\\/#breadcrumb\"},\"inLanguage\":\"fr-CA\",\"potentialAction\":[{\"@type\":\"ReadAction\",\"target\":[\"https:\\\/\\\/ksproducts.ca\\\/product\\\/luxor-54inch-3-shelf-heavy-duty-plastic-utility-cart-with-3-flat-shelves-400lb-weight-capacity-black\\\/\"]}]},{\"@type\":\"ImageObject\",\"inLanguage\":\"fr-CA\",\"@id\":\"https:\\\/\\\/ksproducts.ca\\\/product\\\/luxor-54inch-3-shelf-heavy-duty-plastic-utility-cart-with-3-flat-shelves-400lb-weight-capacity-black\\\/#primaryimage\",\"url\":\"https:\\\/\\\/ksproducts.ca\\\/wp-content\\\/uploads\\\/2026\\\/03\\\/Luxor-54inch-3-Shelf-Heavy-Duty-Plastic-Utility-Cart-with-3-Flat-Shelves-400lb-Weight-Capacity-Black.jpg\",\"contentUrl\":\"https:\\\/\\\/ksproducts.ca\\\/wp-content\\\/uploads\\\/2026\\\/03\\\/Luxor-54inch-3-Shelf-Heavy-Duty-Plastic-Utility-Cart-with-3-Flat-Shelves-400lb-Weight-Capacity-Black.jpg\",\"width\":385,\"height\":490,\"caption\":\"Luxor 54inch 3 Shelf Heavy Duty Plastic Utility Cart with 3 Flat Shelves 400lb Weight Capacity Black\"},{\"@type\":\"BreadcrumbList\",\"@id\":\"https:\\\/\\\/ksproducts.ca\\\/product\\\/luxor-54inch-3-shelf-heavy-duty-plastic-utility-cart-with-3-flat-shelves-400lb-weight-capacity-black\\\/#breadcrumb\",\"itemListElement\":[{\"@type\":\"ListItem\",\"position\":1,\"name\":\"Home\",\"item\":\"https:\\\/\\\/ksproducts.ca\\\/\"},{\"@type\":\"ListItem\",\"position\":2,\"name\":\"Shop\",\"item\":\"https:\\\/\\\/ksproducts.ca\\\/shop\\\/\"},{\"@type\":\"ListItem\",\"position\":3,\"name\":\"Luxor 54inch 3-Shelf Heavy Duty Plastic Utility Cart with 3 Flat Shelves &#8211; 400lb Weight Capacity &#8211; Black\"}]},{\"@type\":\"WebSite\",\"@id\":\"https:\\\/\\\/ksproducts.ca\\\/#website\",\"url\":\"https:\\\/\\\/ksproducts.ca\\\/\",\"name\":\"Ks Products\",\"description\":\"Outdoor cooking and living, made easy in Canada\",\"publisher\":{\"@id\":\"https:\\\/\\\/ksproducts.ca\\\/#organization\"},\"potentialAction\":[{\"@type\":\"SearchAction\",\"target\":{\"@type\":\"EntryPoint\",\"urlTemplate\":\"https:\\\/\\\/ksproducts.ca\\\/?s={search_term_string}\"},\"query-input\":{\"@type\":\"PropertyValueSpecification\",\"valueRequired\":true,\"valueName\":\"search_term_string\"}}],\"inLanguage\":\"fr-CA\"},{\"@type\":\"Organization\",\"@id\":\"https:\\\/\\\/ksproducts.ca\\\/#organization\",\"name\":\"Ks Products\",\"url\":\"https:\\\/\\\/ksproducts.ca\\\/\",\"logo\":{\"@type\":\"ImageObject\",\"inLanguage\":\"fr-CA\",\"@id\":\"https:\\\/\\\/ksproducts.ca\\\/#\\\/schema\\\/logo\\\/image\\\/\",\"url\":\"https:\\\/\\\/ksproducts.ca\\\/wp-content\\\/uploads\\\/2023\\\/09\\\/Kennedy-Sales-Logo-header-1.png\",\"contentUrl\":\"https:\\\/\\\/ksproducts.ca\\\/wp-content\\\/uploads\\\/2023\\\/09\\\/Kennedy-Sales-Logo-header-1.png\",\"width\":150,\"height\":77,\"caption\":\"Ks Products\"},\"image\":{\"@id\":\"https:\\\/\\\/ksproducts.ca\\\/#\\\/schema\\\/logo\\\/image\\\/\"}}]}<\/script>\n<!-- \/ Yoast SEO plugin. -->","yoast_head_json":{"title":"Luxor 54inch 3-Shelf Heavy Duty Plastic Cart with 3 Flat Shelves - 400lb Weight Capacity - Black - Ks Products","robots":{"index":"index","follow":"follow","max-snippet":"max-snippet:-1","max-image-preview":"max-image-preview:large","max-video-preview":"max-video-preview:-1"},"canonical":"https:\/\/ksproducts.ca\/fr\/product\/luxor-54inch-3-shelf-heavy-duty-plastic-utility-cart-with-3-flat-shelves-400lb-weight-capacity-black\/","og_locale":"fr_CA","og_type":"article","og_title":"Luxor 54inch 3-Shelf Heavy Duty Plastic Utility Cart with 3 Flat Shelves - 400lb Weight Capacity - Black - Ks Products","og_description":"The LE Series Presentation stations have shelves and legs made from high density polyethylene structural foam molded plastic Features: Integral safety push handle which is molded into top shelf for sturdy grip Molded plastic shelves and legs won't stain, scratch, dent or rust Top shelf reinforced with one metal bar 1\/4\" retaining lip and sure grip safety pads 4\" ball bearing casters, two with locking brake 3 outlet, 15' surge suppressing electric assembly This LE54 cart is a three shelf cart 24\u201dD x 32\u201dW x 54 1\/4\u201dH Shelf clearance 17 3\/4\" lower and 35\" upper. Made in USA.","og_url":"https:\/\/ksproducts.ca\/fr\/product\/luxor-54inch-3-shelf-heavy-duty-plastic-utility-cart-with-3-flat-shelves-400lb-weight-capacity-black\/","og_site_name":"Ks Products","og_image":[{"width":385,"height":490,"url":"https:\/\/ksproducts.ca\/wp-content\/uploads\/2026\/03\/Luxor-54inch-3-Shelf-Heavy-Duty-Plastic-Utility-Cart-with-3-Flat-Shelves-400lb-Weight-Capacity-Black.jpg","type":"image\/jpeg"}],"twitter_card":"summary_large_image","twitter_misc":{"Estimation du temps de lecture":"1 minute"},"schema":{"@context":"https:\/\/schema.org","@graph":[{"@type":"WebPage","@id":"https:\/\/ksproducts.ca\/product\/luxor-54inch-3-shelf-heavy-duty-plastic-utility-cart-with-3-flat-shelves-400lb-weight-capacity-black\/","url":"https:\/\/ksproducts.ca\/product\/luxor-54inch-3-shelf-heavy-duty-plastic-utility-cart-with-3-flat-shelves-400lb-weight-capacity-black\/","name":"Luxor 54inch 3-Shelf Heavy Duty Plastic Cart with 3 Flat Shelves - 400lb Weight Capacity - Black - Ks Products","isPartOf":{"@id":"https:\/\/ksproducts.ca\/#website"},"primaryImageOfPage":{"@id":"https:\/\/ksproducts.ca\/product\/luxor-54inch-3-shelf-heavy-duty-plastic-utility-cart-with-3-flat-shelves-400lb-weight-capacity-black\/#primaryimage"},"image":{"@id":"https:\/\/ksproducts.ca\/product\/luxor-54inch-3-shelf-heavy-duty-plastic-utility-cart-with-3-flat-shelves-400lb-weight-capacity-black\/#primaryimage"},"thumbnailUrl":"https:\/\/ksproducts.ca\/wp-content\/uploads\/2026\/03\/Luxor-54inch-3-Shelf-Heavy-Duty-Plastic-Utility-Cart-with-3-Flat-Shelves-400lb-Weight-Capacity-Black.jpg","datePublished":"2026-03-11T16:48:42+00:00","breadcrumb":{"@id":"https:\/\/ksproducts.ca\/product\/luxor-54inch-3-shelf-heavy-duty-plastic-utility-cart-with-3-flat-shelves-400lb-weight-capacity-black\/#breadcrumb"},"inLanguage":"fr-CA","potentialAction":[{"@type":"ReadAction","target":["https:\/\/ksproducts.ca\/product\/luxor-54inch-3-shelf-heavy-duty-plastic-utility-cart-with-3-flat-shelves-400lb-weight-capacity-black\/"]}]},{"@type":"ImageObject","inLanguage":"fr-CA","@id":"https:\/\/ksproducts.ca\/product\/luxor-54inch-3-shelf-heavy-duty-plastic-utility-cart-with-3-flat-shelves-400lb-weight-capacity-black\/#primaryimage","url":"https:\/\/ksproducts.ca\/wp-content\/uploads\/2026\/03\/Luxor-54inch-3-Shelf-Heavy-Duty-Plastic-Utility-Cart-with-3-Flat-Shelves-400lb-Weight-Capacity-Black.jpg","contentUrl":"https:\/\/ksproducts.ca\/wp-content\/uploads\/2026\/03\/Luxor-54inch-3-Shelf-Heavy-Duty-Plastic-Utility-Cart-with-3-Flat-Shelves-400lb-Weight-Capacity-Black.jpg","width":385,"height":490,"caption":"Luxor 54inch 3 Shelf Heavy Duty Plastic Utility Cart with 3 Flat Shelves 400lb Weight Capacity Black"},{"@type":"BreadcrumbList","@id":"https:\/\/ksproducts.ca\/product\/luxor-54inch-3-shelf-heavy-duty-plastic-utility-cart-with-3-flat-shelves-400lb-weight-capacity-black\/#breadcrumb","itemListElement":[{"@type":"ListItem","position":1,"name":"Home","item":"https:\/\/ksproducts.ca\/"},{"@type":"ListItem","position":2,"name":"Shop","item":"https:\/\/ksproducts.ca\/shop\/"},{"@type":"ListItem","position":3,"name":"Luxor 54inch 3-Shelf Heavy Duty Plastic Utility Cart with 3 Flat Shelves &#8211; 400lb Weight Capacity &#8211; Black"}]},{"@type":"WebSite","@id":"https:\/\/ksproducts.ca\/#website","url":"https:\/\/ksproducts.ca\/","name":"Produits Ks","description":"Cuisiner et vivre en plein air, c'est facile au Canada","publisher":{"@id":"https:\/\/ksproducts.ca\/#organization"},"potentialAction":[{"@type":"SearchAction","target":{"@type":"EntryPoint","urlTemplate":"https:\/\/ksproducts.ca\/?s={search_term_string}"},"query-input":{"@type":"PropertyValueSpecification","valueRequired":true,"valueName":"search_term_string"}}],"inLanguage":"fr-CA"},{"@type":"Organization","@id":"https:\/\/ksproducts.ca\/#organization","name":"Produits Ks","url":"https:\/\/ksproducts.ca\/","logo":{"@type":"ImageObject","inLanguage":"fr-CA","@id":"https:\/\/ksproducts.ca\/#\/schema\/logo\/image\/","url":"https:\/\/ksproducts.ca\/wp-content\/uploads\/2023\/09\/Kennedy-Sales-Logo-header-1.png","contentUrl":"https:\/\/ksproducts.ca\/wp-content\/uploads\/2023\/09\/Kennedy-Sales-Logo-header-1.png","width":150,"height":77,"caption":"Ks Products"},"image":{"@id":"https:\/\/ksproducts.ca\/#\/schema\/logo\/image\/"}}]}},"_links":{"self":[{"href":"https:\/\/ksproducts.ca\/fr\/wp-json\/wp\/v2\/product\/12313","targetHints":{"allow":["GET"]}}],"collection":[{"href":"https:\/\/ksproducts.ca\/fr\/wp-json\/wp\/v2\/product"}],"about":[{"href":"https:\/\/ksproducts.ca\/fr\/wp-json\/wp\/v2\/types\/product"}],"replies":[{"embeddable":true,"href":"https:\/\/ksproducts.ca\/fr\/wp-json\/wp\/v2\/comments?post=12313"}],"version-history":[{"count":1,"href":"https:\/\/ksproducts.ca\/fr\/wp-json\/wp\/v2\/product\/12313\/revisions"}],"predecessor-version":[{"id":12315,"href":"https:\/\/ksproducts.ca\/fr\/wp-json\/wp\/v2\/product\/12313\/revisions\/12315"}],"wp:featuredmedia":[{"embeddable":true,"href":"https:\/\/ksproducts.ca\/fr\/wp-json\/wp\/v2\/media\/12314"}],"wp:attachment":[{"href":"https:\/\/ksproducts.ca\/fr\/wp-json\/wp\/v2\/media?parent=12313"}],"wp:term":[{"taxonomy":"product_cat","embeddable":true,"href":"https:\/\/ksproducts.ca\/fr\/wp-json\/wp\/v2\/product_cat?post=12313"},{"taxonomy":"product_tag","embeddable":true,"href":"https:\/\/ksproducts.ca\/fr\/wp-json\/wp\/v2\/product_tag?post=12313"}],"curies":[{"name":"wp","href":"https:\/\/api.w.org\/{rel}","templated":true}]}}