{"id":12319,"date":"2026-03-11T16:56:05","date_gmt":"2026-03-11T16:56:05","guid":{"rendered":"https:\/\/ksproducts.ca\/?post_type=product&#038;p=12319"},"modified":"2026-03-16T15:36:24","modified_gmt":"2026-03-16T15:36:24","slug":"luxor-kit-de-conversion-en-bureau-debout-a-hauteur-reglable-a-deux-niveaux-avec-moteur-electrique-et-commandes-a-bouton-poussoir","status":"publish","type":"product","link":"https:\/\/ksproducts.ca\/fr\/product\/luxor-two-tier-adjustable-height-standing-desk-conversion-kit-with-electric-motor-and-push-button-controls\/","title":{"rendered":"Luxor Kit de conversion en bureau debout \u00e0 deux niveaux et \u00e0 hauteur r\u00e9glable avec moteur \u00e9lectrique et commandes \u00e0 bouton-poussoir"},"content":{"rendered":"<ul class=\"a-unordered-list a-vertical a-spacing-mini\">\n<li class=\"a-spacing-mini\"><span class=\"a-list-item\">Il vous permet de rester debout et de travailler.<\/span><\/li>\n<li class=\"a-spacing-mini\"><span class=\"a-list-item\">Lorsque vous d\u00e9ciderez d'arr\u00eater de rester debout et de vous asseoir, l'ordinateur sera \u00e0 la hauteur de vos yeux.<\/span><\/li>\n<li class=\"a-spacing-mini\"><span class=\"a-list-item\">Un moyen rapide et facile d'ajouter un bureau debout \u00e0 n'importe quelle surface.<\/span><\/li>\n<li class=\"a-spacing-mini\"><span class=\"a-list-item\">La conception \u00e0 deux niveaux offre beaucoup d'espace.<\/span><\/li>\n<li class=\"a-spacing-mini\"><span class=\"a-list-item\">Peut contenir jusqu'\u00e0 50 livres.<\/span><\/li>\n<\/ul>","protected":false},"excerpt":{"rendered":"<p>Luxor LVLUP PREMIER- Convertisseur de bureau debout Level Up Premier. D\u00e9fendez votre sant\u00e9, votre succ\u00e8s et votre productivit\u00e9 avec le nouveau Level Up Premier de Luxor, un convertisseur de bureau debout haut de gamme. La conception \u00e0 deux niveaux offre plus d'espace de travail et am\u00e9liore l'ergonomie en maintenant les \u00e9crans \u00e0 hauteur des yeux. Un bureau spacieux de 37\u2033 de large accueille deux \u00e9crans et de nombreux accessoires, tandis que le niveau inf\u00e9rieur accueille confortablement un clavier et une souris. Le m\u00e9canisme de levage \u00e0 ressort du Level Up Premier s'\u00e9l\u00e8ve et s'abaisse en douceur, permettant des ajustements de hauteur rapides et transparents tout au long de la journ\u00e9e de travail. Conforme aux normes ANSI\/BIFMA, il reste stable m\u00eame \u00e0 une hauteur maximale de 18\u2033. S'ajoute facilement \u00e0 n'importe quelle surface pour cr\u00e9er un espace de travail debout. Supporte jusqu'\u00e0 20 livres et soul\u00e8ve facilement deux moniteurs et ordinateurs portables. La conception \u00e0 deux niveaux facilite la posture et laisse de l'espace pour les accessoires. Livr\u00e9 pr\u00e9assembl\u00e9, il permet d'\u00e9conomiser de l'espace en se soulevant verticalement. Le m\u00e9canisme de levage \u00e0 ressort permet de passer de la position assise \u00e0 la position debout en quelques secondes. Les dimensions globales sont 37\u2033L x 25\u2033D x 5.5\u2033 - 18\u2033H. L'\u00e9tag\u00e8re sup\u00e9rieure est de 37\u2033L x 22\u2033D x 5.5\u2033 \u00e0 18\u2033H. L'\u00e9tag\u00e8re inf\u00e9rieure est de 28\u2033L x 10,8\u2033D x .625\u2033 \u00e0 14,125\u2033H.<\/p>","protected":false},"featured_media":12320,"comment_status":"open","ping_status":"closed","template":"","meta":[],"product_cat":[434],"product_tag":[],"class_list":{"0":"post-12319","1":"product","2":"type-product","3":"status-publish","4":"has-post-thumbnail","6":"product_cat-desks","7":"product_shipping_class-class-4","9":"first","10":"instock","11":"taxable","12":"shipping-taxable","13":"purchasable","14":"product-type-simple"},"yoast_head":"<!-- This site is optimized with the Yoast SEO plugin v27.4 - https:\/\/yoast.com\/product\/yoast-seo-wordpress\/ -->\n<title>Luxor Two-Tier Adjustable-Height Standing Desk Conversion Kit with Electric Motor and Push-Button Controls - Ks Products<\/title>\n<meta name=\"robots\" content=\"index, follow, max-snippet:-1, max-image-preview:large, max-video-preview:-1\" \/>\n<link rel=\"canonical\" href=\"https:\/\/ksproducts.ca\/fr\/product\/luxor-kit-de-conversion-en-bureau-debout-a-hauteur-reglable-a-deux-niveaux-avec-moteur-electrique-et-commandes-a-bouton-poussoir\/\" \/>\n<meta property=\"og:locale\" content=\"fr_CA\" \/>\n<meta property=\"og:type\" content=\"article\" \/>\n<meta property=\"og:title\" content=\"Luxor Two-Tier Adjustable-Height Standing Desk Conversion Kit with Electric Motor and Push-Button Controls - Ks Products\" \/>\n<meta property=\"og:description\" content=\"Luxor LVLUP PREMIER- Level Up Premier Standing Desk Converter. Stand up for your health, success, and productivity with Luxor&#039;s new Level Up Premier- a top of the line standing desk converter. The two tier design offers more workspace and improves ergonomics by keeping monitors at eye level. A spacious 37&quot; wide desktop accomodates dual monitors and numerous accessories, while the lower level comfortably houses a keyboard and mouse. The Level Up Premier&#039;s spring assisted lifting mechanism smoothly raises and lowers, allowing for quick and seamless height adjustments throughout the work day. Meets ANSI\/BIFMA standards, remains stable even at maximum height of 18&quot;. Easily added to any surface to create a standing workspace. Holds up to 20 Lbs. and easily lifts dual monitors and laptops. Two tier design helps posture and maintains space for accessories. Comes preassembled and saves space by lifting vertically. Moves from sit to stand in secinds with spring assisted lift mechanism. Overall dimensions are 37&quot;W x 25&quot;D x 5.5&quot; - 18&quot;H. Top shelf is 37&quot;W x 22&quot;D x 5.5&quot; to 18&quot;H. Bottom Shelf 28&quot;W x 10.8&quot;D x .625&quot; to 14.125&quot;H.\" \/>\n<meta property=\"og:url\" content=\"https:\/\/ksproducts.ca\/fr\/product\/luxor-kit-de-conversion-en-bureau-debout-a-hauteur-reglable-a-deux-niveaux-avec-moteur-electrique-et-commandes-a-bouton-poussoir\/\" \/>\n<meta property=\"og:site_name\" content=\"Ks Products\" \/>\n<meta property=\"article:modified_time\" content=\"2026-03-16T15:36:24+00:00\" \/>\n<meta property=\"og:image\" content=\"https:\/\/ksproducts.ca\/wp-content\/uploads\/2026\/03\/Luxor-Two-Tier-Adjustable-Height-Standing-Desk-Conversion-Kit-with-Electric-Motor-and-Push-Button-Controls.jpg\" \/>\n\t<meta property=\"og:image:width\" content=\"425\" \/>\n\t<meta property=\"og:image:height\" content=\"479\" \/>\n\t<meta property=\"og:image:type\" content=\"image\/jpeg\" \/>\n<meta name=\"twitter:card\" content=\"summary_large_image\" \/>\n<meta name=\"twitter:label1\" content=\"Estimation du temps de lecture\" \/>\n\t<meta name=\"twitter:data1\" content=\"1 minute\" \/>\n<script type=\"application\/ld+json\" class=\"yoast-schema-graph\">{\"@context\":\"https:\\\/\\\/schema.org\",\"@graph\":[{\"@type\":\"WebPage\",\"@id\":\"https:\\\/\\\/ksproducts.ca\\\/product\\\/luxor-two-tier-adjustable-height-standing-desk-conversion-kit-with-electric-motor-and-push-button-controls\\\/\",\"url\":\"https:\\\/\\\/ksproducts.ca\\\/product\\\/luxor-two-tier-adjustable-height-standing-desk-conversion-kit-with-electric-motor-and-push-button-controls\\\/\",\"name\":\"Luxor Two-Tier Adjustable-Height Standing Desk Conversion Kit with Electric Motor and Push-Button Controls - Ks Products\",\"isPartOf\":{\"@id\":\"https:\\\/\\\/ksproducts.ca\\\/#website\"},\"primaryImageOfPage\":{\"@id\":\"https:\\\/\\\/ksproducts.ca\\\/product\\\/luxor-two-tier-adjustable-height-standing-desk-conversion-kit-with-electric-motor-and-push-button-controls\\\/#primaryimage\"},\"image\":{\"@id\":\"https:\\\/\\\/ksproducts.ca\\\/product\\\/luxor-two-tier-adjustable-height-standing-desk-conversion-kit-with-electric-motor-and-push-button-controls\\\/#primaryimage\"},\"thumbnailUrl\":\"https:\\\/\\\/ksproducts.ca\\\/wp-content\\\/uploads\\\/2026\\\/03\\\/Luxor-Two-Tier-Adjustable-Height-Standing-Desk-Conversion-Kit-with-Electric-Motor-and-Push-Button-Controls.jpg\",\"datePublished\":\"2026-03-11T16:56:05+00:00\",\"dateModified\":\"2026-03-16T15:36:24+00:00\",\"breadcrumb\":{\"@id\":\"https:\\\/\\\/ksproducts.ca\\\/product\\\/luxor-two-tier-adjustable-height-standing-desk-conversion-kit-with-electric-motor-and-push-button-controls\\\/#breadcrumb\"},\"inLanguage\":\"fr-CA\",\"potentialAction\":[{\"@type\":\"ReadAction\",\"target\":[\"https:\\\/\\\/ksproducts.ca\\\/product\\\/luxor-two-tier-adjustable-height-standing-desk-conversion-kit-with-electric-motor-and-push-button-controls\\\/\"]}]},{\"@type\":\"ImageObject\",\"inLanguage\":\"fr-CA\",\"@id\":\"https:\\\/\\\/ksproducts.ca\\\/product\\\/luxor-two-tier-adjustable-height-standing-desk-conversion-kit-with-electric-motor-and-push-button-controls\\\/#primaryimage\",\"url\":\"https:\\\/\\\/ksproducts.ca\\\/wp-content\\\/uploads\\\/2026\\\/03\\\/Luxor-Two-Tier-Adjustable-Height-Standing-Desk-Conversion-Kit-with-Electric-Motor-and-Push-Button-Controls.jpg\",\"contentUrl\":\"https:\\\/\\\/ksproducts.ca\\\/wp-content\\\/uploads\\\/2026\\\/03\\\/Luxor-Two-Tier-Adjustable-Height-Standing-Desk-Conversion-Kit-with-Electric-Motor-and-Push-Button-Controls.jpg\",\"width\":425,\"height\":479,\"caption\":\"Luxor Two Tier Adjustable Height Standing Desk Conversion Kit with Electric Motor and Push Button Controls\"},{\"@type\":\"BreadcrumbList\",\"@id\":\"https:\\\/\\\/ksproducts.ca\\\/product\\\/luxor-two-tier-adjustable-height-standing-desk-conversion-kit-with-electric-motor-and-push-button-controls\\\/#breadcrumb\",\"itemListElement\":[{\"@type\":\"ListItem\",\"position\":1,\"name\":\"Home\",\"item\":\"https:\\\/\\\/ksproducts.ca\\\/\"},{\"@type\":\"ListItem\",\"position\":2,\"name\":\"Shop\",\"item\":\"https:\\\/\\\/ksproducts.ca\\\/shop\\\/\"},{\"@type\":\"ListItem\",\"position\":3,\"name\":\"Luxor Two-Tier Adjustable-Height Standing Desk Conversion Kit with Electric Motor and Push-Button Controls\"}]},{\"@type\":\"WebSite\",\"@id\":\"https:\\\/\\\/ksproducts.ca\\\/#website\",\"url\":\"https:\\\/\\\/ksproducts.ca\\\/\",\"name\":\"Ks Products\",\"description\":\"Outdoor cooking and living, made easy in Canada\",\"publisher\":{\"@id\":\"https:\\\/\\\/ksproducts.ca\\\/#organization\"},\"potentialAction\":[{\"@type\":\"SearchAction\",\"target\":{\"@type\":\"EntryPoint\",\"urlTemplate\":\"https:\\\/\\\/ksproducts.ca\\\/?s={search_term_string}\"},\"query-input\":{\"@type\":\"PropertyValueSpecification\",\"valueRequired\":true,\"valueName\":\"search_term_string\"}}],\"inLanguage\":\"fr-CA\"},{\"@type\":\"Organization\",\"@id\":\"https:\\\/\\\/ksproducts.ca\\\/#organization\",\"name\":\"Ks Products\",\"url\":\"https:\\\/\\\/ksproducts.ca\\\/\",\"logo\":{\"@type\":\"ImageObject\",\"inLanguage\":\"fr-CA\",\"@id\":\"https:\\\/\\\/ksproducts.ca\\\/#\\\/schema\\\/logo\\\/image\\\/\",\"url\":\"https:\\\/\\\/ksproducts.ca\\\/wp-content\\\/uploads\\\/2023\\\/09\\\/Kennedy-Sales-Logo-header-1.png\",\"contentUrl\":\"https:\\\/\\\/ksproducts.ca\\\/wp-content\\\/uploads\\\/2023\\\/09\\\/Kennedy-Sales-Logo-header-1.png\",\"width\":150,\"height\":77,\"caption\":\"Ks Products\"},\"image\":{\"@id\":\"https:\\\/\\\/ksproducts.ca\\\/#\\\/schema\\\/logo\\\/image\\\/\"}}]}<\/script>\n<!-- \/ Yoast SEO plugin. -->","yoast_head_json":{"title":"Luxor Kit de conversion en bureau debout \u00e0 deux niveaux et \u00e0 hauteur r\u00e9glable avec moteur \u00e9lectrique et commandes \u00e0 bouton-poussoir - Ks Products","robots":{"index":"index","follow":"follow","max-snippet":"max-snippet:-1","max-image-preview":"max-image-preview:large","max-video-preview":"max-video-preview:-1"},"canonical":"https:\/\/ksproducts.ca\/fr\/product\/luxor-kit-de-conversion-en-bureau-debout-a-hauteur-reglable-a-deux-niveaux-avec-moteur-electrique-et-commandes-a-bouton-poussoir\/","og_locale":"fr_CA","og_type":"article","og_title":"Luxor Two-Tier Adjustable-Height Standing Desk Conversion Kit with Electric Motor and Push-Button Controls - Ks Products","og_description":"Luxor LVLUP PREMIER- Level Up Premier Standing Desk Converter. Stand up for your health, success, and productivity with Luxor's new Level Up Premier- a top of the line standing desk converter. The two tier design offers more workspace and improves ergonomics by keeping monitors at eye level. A spacious 37\" wide desktop accomodates dual monitors and numerous accessories, while the lower level comfortably houses a keyboard and mouse. The Level Up Premier's spring assisted lifting mechanism smoothly raises and lowers, allowing for quick and seamless height adjustments throughout the work day. Meets ANSI\/BIFMA standards, remains stable even at maximum height of 18\". Easily added to any surface to create a standing workspace. Holds up to 20 Lbs. and easily lifts dual monitors and laptops. Two tier design helps posture and maintains space for accessories. Comes preassembled and saves space by lifting vertically. Moves from sit to stand in secinds with spring assisted lift mechanism. Overall dimensions are 37\"W x 25\"D x 5.5\" - 18\"H. Top shelf is 37\"W x 22\"D x 5.5\" to 18\"H. Bottom Shelf 28\"W x 10.8\"D x .625\" to 14.125\"H.","og_url":"https:\/\/ksproducts.ca\/fr\/product\/luxor-kit-de-conversion-en-bureau-debout-a-hauteur-reglable-a-deux-niveaux-avec-moteur-electrique-et-commandes-a-bouton-poussoir\/","og_site_name":"Ks Products","article_modified_time":"2026-03-16T15:36:24+00:00","og_image":[{"width":425,"height":479,"url":"https:\/\/ksproducts.ca\/wp-content\/uploads\/2026\/03\/Luxor-Two-Tier-Adjustable-Height-Standing-Desk-Conversion-Kit-with-Electric-Motor-and-Push-Button-Controls.jpg","type":"image\/jpeg"}],"twitter_card":"summary_large_image","twitter_misc":{"Estimation du temps de lecture":"1 minute"},"schema":{"@context":"https:\/\/schema.org","@graph":[{"@type":"WebPage","@id":"https:\/\/ksproducts.ca\/product\/luxor-two-tier-adjustable-height-standing-desk-conversion-kit-with-electric-motor-and-push-button-controls\/","url":"https:\/\/ksproducts.ca\/product\/luxor-two-tier-adjustable-height-standing-desk-conversion-kit-with-electric-motor-and-push-button-controls\/","name":"Luxor Kit de conversion en bureau debout \u00e0 deux niveaux et \u00e0 hauteur r\u00e9glable avec moteur \u00e9lectrique et commandes \u00e0 bouton-poussoir - Ks Products","isPartOf":{"@id":"https:\/\/ksproducts.ca\/#website"},"primaryImageOfPage":{"@id":"https:\/\/ksproducts.ca\/product\/luxor-two-tier-adjustable-height-standing-desk-conversion-kit-with-electric-motor-and-push-button-controls\/#primaryimage"},"image":{"@id":"https:\/\/ksproducts.ca\/product\/luxor-two-tier-adjustable-height-standing-desk-conversion-kit-with-electric-motor-and-push-button-controls\/#primaryimage"},"thumbnailUrl":"https:\/\/ksproducts.ca\/wp-content\/uploads\/2026\/03\/Luxor-Two-Tier-Adjustable-Height-Standing-Desk-Conversion-Kit-with-Electric-Motor-and-Push-Button-Controls.jpg","datePublished":"2026-03-11T16:56:05+00:00","dateModified":"2026-03-16T15:36:24+00:00","breadcrumb":{"@id":"https:\/\/ksproducts.ca\/product\/luxor-two-tier-adjustable-height-standing-desk-conversion-kit-with-electric-motor-and-push-button-controls\/#breadcrumb"},"inLanguage":"fr-CA","potentialAction":[{"@type":"ReadAction","target":["https:\/\/ksproducts.ca\/product\/luxor-two-tier-adjustable-height-standing-desk-conversion-kit-with-electric-motor-and-push-button-controls\/"]}]},{"@type":"ImageObject","inLanguage":"fr-CA","@id":"https:\/\/ksproducts.ca\/product\/luxor-two-tier-adjustable-height-standing-desk-conversion-kit-with-electric-motor-and-push-button-controls\/#primaryimage","url":"https:\/\/ksproducts.ca\/wp-content\/uploads\/2026\/03\/Luxor-Two-Tier-Adjustable-Height-Standing-Desk-Conversion-Kit-with-Electric-Motor-and-Push-Button-Controls.jpg","contentUrl":"https:\/\/ksproducts.ca\/wp-content\/uploads\/2026\/03\/Luxor-Two-Tier-Adjustable-Height-Standing-Desk-Conversion-Kit-with-Electric-Motor-and-Push-Button-Controls.jpg","width":425,"height":479,"caption":"Luxor Two Tier Adjustable Height Standing Desk Conversion Kit with Electric Motor and Push Button Controls"},{"@type":"BreadcrumbList","@id":"https:\/\/ksproducts.ca\/product\/luxor-two-tier-adjustable-height-standing-desk-conversion-kit-with-electric-motor-and-push-button-controls\/#breadcrumb","itemListElement":[{"@type":"ListItem","position":1,"name":"Home","item":"https:\/\/ksproducts.ca\/"},{"@type":"ListItem","position":2,"name":"Shop","item":"https:\/\/ksproducts.ca\/shop\/"},{"@type":"ListItem","position":3,"name":"Luxor Two-Tier Adjustable-Height Standing Desk Conversion Kit with Electric Motor and Push-Button Controls"}]},{"@type":"WebSite","@id":"https:\/\/ksproducts.ca\/#website","url":"https:\/\/ksproducts.ca\/","name":"Produits Ks","description":"Cuisiner et vivre en plein air, c'est facile au Canada","publisher":{"@id":"https:\/\/ksproducts.ca\/#organization"},"potentialAction":[{"@type":"SearchAction","target":{"@type":"EntryPoint","urlTemplate":"https:\/\/ksproducts.ca\/?s={search_term_string}"},"query-input":{"@type":"PropertyValueSpecification","valueRequired":true,"valueName":"search_term_string"}}],"inLanguage":"fr-CA"},{"@type":"Organization","@id":"https:\/\/ksproducts.ca\/#organization","name":"Produits Ks","url":"https:\/\/ksproducts.ca\/","logo":{"@type":"ImageObject","inLanguage":"fr-CA","@id":"https:\/\/ksproducts.ca\/#\/schema\/logo\/image\/","url":"https:\/\/ksproducts.ca\/wp-content\/uploads\/2023\/09\/Kennedy-Sales-Logo-header-1.png","contentUrl":"https:\/\/ksproducts.ca\/wp-content\/uploads\/2023\/09\/Kennedy-Sales-Logo-header-1.png","width":150,"height":77,"caption":"Ks Products"},"image":{"@id":"https:\/\/ksproducts.ca\/#\/schema\/logo\/image\/"}}]}},"_links":{"self":[{"href":"https:\/\/ksproducts.ca\/fr\/wp-json\/wp\/v2\/product\/12319","targetHints":{"allow":["GET"]}}],"collection":[{"href":"https:\/\/ksproducts.ca\/fr\/wp-json\/wp\/v2\/product"}],"about":[{"href":"https:\/\/ksproducts.ca\/fr\/wp-json\/wp\/v2\/types\/product"}],"replies":[{"embeddable":true,"href":"https:\/\/ksproducts.ca\/fr\/wp-json\/wp\/v2\/comments?post=12319"}],"version-history":[{"count":1,"href":"https:\/\/ksproducts.ca\/fr\/wp-json\/wp\/v2\/product\/12319\/revisions"}],"predecessor-version":[{"id":12321,"href":"https:\/\/ksproducts.ca\/fr\/wp-json\/wp\/v2\/product\/12319\/revisions\/12321"}],"wp:featuredmedia":[{"embeddable":true,"href":"https:\/\/ksproducts.ca\/fr\/wp-json\/wp\/v2\/media\/12320"}],"wp:attachment":[{"href":"https:\/\/ksproducts.ca\/fr\/wp-json\/wp\/v2\/media?parent=12319"}],"wp:term":[{"taxonomy":"product_cat","embeddable":true,"href":"https:\/\/ksproducts.ca\/fr\/wp-json\/wp\/v2\/product_cat?post=12319"},{"taxonomy":"product_tag","embeddable":true,"href":"https:\/\/ksproducts.ca\/fr\/wp-json\/wp\/v2\/product_tag?post=12319"}],"curies":[{"name":"wp","href":"https:\/\/api.w.org\/{rel}","templated":true}]}}