{"id":12322,"date":"2026-03-11T17:00:39","date_gmt":"2026-03-11T17:00:39","guid":{"rendered":"https:\/\/ksproducts.ca\/?post_type=product&#038;p=12322"},"modified":"2026-03-16T15:37:51","modified_gmt":"2026-03-16T15:37:51","slug":"luxor-kit-de-conversion-pour-bureau-debout-a-hauteur-reglable-a-deux-niveaux-avec-elevateur-manuel-espace-de-travail-compact-chene-blanc","status":"publish","type":"product","link":"https:\/\/ksproducts.ca\/fr\/product\/luxor-two-tier-adjustable-height-standing-desk-conversion-kit-with-manual-lift-compact-workspace-white-oak\/","title":{"rendered":"Luxor Kit de conversion en bureau debout \u00e0 deux niveaux et \u00e0 hauteur r\u00e9glable avec \u00e9l\u00e9vation manuelle + espace de travail compact - Ch\u00eane blanc"},"content":{"rendered":"<div class=\"\">\n<section id=\"productFeature\" class=\"acl-my--x-small acl-break-word\">\n<ul>\n<li>Passer de la position assise \u00e0 la position debout en quelques secondes gr\u00e2ce \u00e0 un v\u00e9rin pneumatique<\/li>\n<li>Le bureau robuste peut supporter jusqu'\u00e0 35 livres et soul\u00e8ve facilement deux moniteurs et des ordinateurs portables.<\/li>\n<li>La conception \u00e0 deux niveaux facilite la posture et permet de conserver de l'espace pour les accessoires<\/li>\n<\/ul>\n<\/section>\n<\/div>","protected":false},"excerpt":{"rendered":"<p>Transformez votre bureau existant en un poste de travail complet et r\u00e9glable en hauteur avec le CVTR PRO-WO abordable de Luxor. La conception ergonomique \u00e0 deux niveaux de ce convertisseur de bureau debout de haute qualit\u00e9 garantit un positionnement parfait de l'\u00e9cran et du clavier, que vous soyez assis ou debout.<\/p>","protected":false},"featured_media":12323,"comment_status":"open","ping_status":"closed","template":"","meta":[],"product_cat":[434],"product_tag":[],"class_list":{"0":"post-12322","1":"product","2":"type-product","3":"status-publish","4":"has-post-thumbnail","6":"product_cat-desks","7":"product_shipping_class-class-4","9":"first","10":"instock","11":"taxable","12":"shipping-taxable","13":"purchasable","14":"product-type-simple"},"yoast_head":"<!-- This site is optimized with the Yoast SEO plugin v27.4 - https:\/\/yoast.com\/product\/yoast-seo-wordpress\/ -->\n<title>Luxor Two-Tier Adjustable-Height Standing Desk Conversion Kit with Manual Lift + Compact Workspace - White Oak - Ks Products<\/title>\n<meta name=\"robots\" content=\"index, follow, max-snippet:-1, max-image-preview:large, max-video-preview:-1\" \/>\n<link rel=\"canonical\" href=\"https:\/\/ksproducts.ca\/fr\/product\/luxor-kit-de-conversion-pour-bureau-debout-a-hauteur-reglable-a-deux-niveaux-avec-elevateur-manuel-espace-de-travail-compact-chene-blanc\/\" \/>\n<meta property=\"og:locale\" content=\"fr_CA\" \/>\n<meta property=\"og:type\" content=\"article\" \/>\n<meta property=\"og:title\" content=\"Luxor Two-Tier Adjustable-Height Standing Desk Conversion Kit with Manual Lift + Compact Workspace - White Oak - Ks Products\" \/>\n<meta property=\"og:description\" content=\"Convert your existing desk into a full-featured height-adjustable workstation with the affordable CVTR PRO-WO from Luxor. This high-quality standing desk converters&#039; ergonomic two-tier design ensures the perfect monitor and keyboard placement, whether you&#039;re sitting or standing.\" \/>\n<meta property=\"og:url\" content=\"https:\/\/ksproducts.ca\/fr\/product\/luxor-kit-de-conversion-pour-bureau-debout-a-hauteur-reglable-a-deux-niveaux-avec-elevateur-manuel-espace-de-travail-compact-chene-blanc\/\" \/>\n<meta property=\"og:site_name\" content=\"Ks Products\" \/>\n<meta property=\"article:modified_time\" content=\"2026-03-16T15:37:51+00:00\" \/>\n<meta property=\"og:image\" content=\"https:\/\/ksproducts.ca\/wp-content\/uploads\/2026\/03\/Luxor-Two-Tier-Adjustable-Height-Standing-Desk-Conversion-Kit-with-Manual-Lift-Compact-Workspace-White-Oak.png\" \/>\n\t<meta property=\"og:image:width\" content=\"440\" \/>\n\t<meta property=\"og:image:height\" content=\"440\" \/>\n\t<meta property=\"og:image:type\" content=\"image\/png\" \/>\n<meta name=\"twitter:card\" content=\"summary_large_image\" \/>\n<meta name=\"twitter:label1\" content=\"Estimation du temps de lecture\" \/>\n\t<meta name=\"twitter:data1\" content=\"1 minute\" \/>\n<script type=\"application\/ld+json\" class=\"yoast-schema-graph\">{\"@context\":\"https:\\\/\\\/schema.org\",\"@graph\":[{\"@type\":\"WebPage\",\"@id\":\"https:\\\/\\\/ksproducts.ca\\\/product\\\/luxor-two-tier-adjustable-height-standing-desk-conversion-kit-with-manual-lift-compact-workspace-white-oak\\\/\",\"url\":\"https:\\\/\\\/ksproducts.ca\\\/product\\\/luxor-two-tier-adjustable-height-standing-desk-conversion-kit-with-manual-lift-compact-workspace-white-oak\\\/\",\"name\":\"Luxor Two-Tier Adjustable-Height Standing Desk Conversion Kit with Manual Lift + Compact Workspace - White Oak - Ks Products\",\"isPartOf\":{\"@id\":\"https:\\\/\\\/ksproducts.ca\\\/#website\"},\"primaryImageOfPage\":{\"@id\":\"https:\\\/\\\/ksproducts.ca\\\/product\\\/luxor-two-tier-adjustable-height-standing-desk-conversion-kit-with-manual-lift-compact-workspace-white-oak\\\/#primaryimage\"},\"image\":{\"@id\":\"https:\\\/\\\/ksproducts.ca\\\/product\\\/luxor-two-tier-adjustable-height-standing-desk-conversion-kit-with-manual-lift-compact-workspace-white-oak\\\/#primaryimage\"},\"thumbnailUrl\":\"https:\\\/\\\/ksproducts.ca\\\/wp-content\\\/uploads\\\/2026\\\/03\\\/Luxor-Two-Tier-Adjustable-Height-Standing-Desk-Conversion-Kit-with-Manual-Lift-Compact-Workspace-White-Oak.png\",\"datePublished\":\"2026-03-11T17:00:39+00:00\",\"dateModified\":\"2026-03-16T15:37:51+00:00\",\"breadcrumb\":{\"@id\":\"https:\\\/\\\/ksproducts.ca\\\/product\\\/luxor-two-tier-adjustable-height-standing-desk-conversion-kit-with-manual-lift-compact-workspace-white-oak\\\/#breadcrumb\"},\"inLanguage\":\"fr-CA\",\"potentialAction\":[{\"@type\":\"ReadAction\",\"target\":[\"https:\\\/\\\/ksproducts.ca\\\/product\\\/luxor-two-tier-adjustable-height-standing-desk-conversion-kit-with-manual-lift-compact-workspace-white-oak\\\/\"]}]},{\"@type\":\"ImageObject\",\"inLanguage\":\"fr-CA\",\"@id\":\"https:\\\/\\\/ksproducts.ca\\\/product\\\/luxor-two-tier-adjustable-height-standing-desk-conversion-kit-with-manual-lift-compact-workspace-white-oak\\\/#primaryimage\",\"url\":\"https:\\\/\\\/ksproducts.ca\\\/wp-content\\\/uploads\\\/2026\\\/03\\\/Luxor-Two-Tier-Adjustable-Height-Standing-Desk-Conversion-Kit-with-Manual-Lift-Compact-Workspace-White-Oak.png\",\"contentUrl\":\"https:\\\/\\\/ksproducts.ca\\\/wp-content\\\/uploads\\\/2026\\\/03\\\/Luxor-Two-Tier-Adjustable-Height-Standing-Desk-Conversion-Kit-with-Manual-Lift-Compact-Workspace-White-Oak.png\",\"width\":440,\"height\":440,\"caption\":\"Luxor Two Tier Adjustable Height Standing Desk Conversion Kit with Manual Lift + Compact Workspace White Oak\"},{\"@type\":\"BreadcrumbList\",\"@id\":\"https:\\\/\\\/ksproducts.ca\\\/product\\\/luxor-two-tier-adjustable-height-standing-desk-conversion-kit-with-manual-lift-compact-workspace-white-oak\\\/#breadcrumb\",\"itemListElement\":[{\"@type\":\"ListItem\",\"position\":1,\"name\":\"Home\",\"item\":\"https:\\\/\\\/ksproducts.ca\\\/\"},{\"@type\":\"ListItem\",\"position\":2,\"name\":\"Shop\",\"item\":\"https:\\\/\\\/ksproducts.ca\\\/shop\\\/\"},{\"@type\":\"ListItem\",\"position\":3,\"name\":\"Luxor Two-Tier Adjustable-Height Standing Desk Conversion Kit with Manual Lift + Compact Workspace &#8211; White Oak\"}]},{\"@type\":\"WebSite\",\"@id\":\"https:\\\/\\\/ksproducts.ca\\\/#website\",\"url\":\"https:\\\/\\\/ksproducts.ca\\\/\",\"name\":\"Ks Products\",\"description\":\"Outdoor cooking and living, made easy in Canada\",\"publisher\":{\"@id\":\"https:\\\/\\\/ksproducts.ca\\\/#organization\"},\"potentialAction\":[{\"@type\":\"SearchAction\",\"target\":{\"@type\":\"EntryPoint\",\"urlTemplate\":\"https:\\\/\\\/ksproducts.ca\\\/?s={search_term_string}\"},\"query-input\":{\"@type\":\"PropertyValueSpecification\",\"valueRequired\":true,\"valueName\":\"search_term_string\"}}],\"inLanguage\":\"fr-CA\"},{\"@type\":\"Organization\",\"@id\":\"https:\\\/\\\/ksproducts.ca\\\/#organization\",\"name\":\"Ks Products\",\"url\":\"https:\\\/\\\/ksproducts.ca\\\/\",\"logo\":{\"@type\":\"ImageObject\",\"inLanguage\":\"fr-CA\",\"@id\":\"https:\\\/\\\/ksproducts.ca\\\/#\\\/schema\\\/logo\\\/image\\\/\",\"url\":\"https:\\\/\\\/ksproducts.ca\\\/wp-content\\\/uploads\\\/2023\\\/09\\\/Kennedy-Sales-Logo-header-1.png\",\"contentUrl\":\"https:\\\/\\\/ksproducts.ca\\\/wp-content\\\/uploads\\\/2023\\\/09\\\/Kennedy-Sales-Logo-header-1.png\",\"width\":150,\"height\":77,\"caption\":\"Ks Products\"},\"image\":{\"@id\":\"https:\\\/\\\/ksproducts.ca\\\/#\\\/schema\\\/logo\\\/image\\\/\"}}]}<\/script>\n<!-- \/ Yoast SEO plugin. -->","yoast_head_json":{"title":"Luxor Kit de conversion en bureau debout \u00e0 deux niveaux et \u00e0 hauteur r\u00e9glable avec \u00e9l\u00e9vation manuelle + espace de travail compact - Ch\u00eane blanc - Ks Products","robots":{"index":"index","follow":"follow","max-snippet":"max-snippet:-1","max-image-preview":"max-image-preview:large","max-video-preview":"max-video-preview:-1"},"canonical":"https:\/\/ksproducts.ca\/fr\/product\/luxor-kit-de-conversion-pour-bureau-debout-a-hauteur-reglable-a-deux-niveaux-avec-elevateur-manuel-espace-de-travail-compact-chene-blanc\/","og_locale":"fr_CA","og_type":"article","og_title":"Luxor Two-Tier Adjustable-Height Standing Desk Conversion Kit with Manual Lift + Compact Workspace - White Oak - Ks Products","og_description":"Convert your existing desk into a full-featured height-adjustable workstation with the affordable CVTR PRO-WO from Luxor. This high-quality standing desk converters' ergonomic two-tier design ensures the perfect monitor and keyboard placement, whether you're sitting or standing.","og_url":"https:\/\/ksproducts.ca\/fr\/product\/luxor-kit-de-conversion-pour-bureau-debout-a-hauteur-reglable-a-deux-niveaux-avec-elevateur-manuel-espace-de-travail-compact-chene-blanc\/","og_site_name":"Ks Products","article_modified_time":"2026-03-16T15:37:51+00:00","og_image":[{"width":440,"height":440,"url":"https:\/\/ksproducts.ca\/wp-content\/uploads\/2026\/03\/Luxor-Two-Tier-Adjustable-Height-Standing-Desk-Conversion-Kit-with-Manual-Lift-Compact-Workspace-White-Oak.png","type":"image\/png"}],"twitter_card":"summary_large_image","twitter_misc":{"Estimation du temps de lecture":"1 minute"},"schema":{"@context":"https:\/\/schema.org","@graph":[{"@type":"WebPage","@id":"https:\/\/ksproducts.ca\/product\/luxor-two-tier-adjustable-height-standing-desk-conversion-kit-with-manual-lift-compact-workspace-white-oak\/","url":"https:\/\/ksproducts.ca\/product\/luxor-two-tier-adjustable-height-standing-desk-conversion-kit-with-manual-lift-compact-workspace-white-oak\/","name":"Luxor Kit de conversion en bureau debout \u00e0 deux niveaux et \u00e0 hauteur r\u00e9glable avec \u00e9l\u00e9vation manuelle + espace de travail compact - Ch\u00eane blanc - Ks Products","isPartOf":{"@id":"https:\/\/ksproducts.ca\/#website"},"primaryImageOfPage":{"@id":"https:\/\/ksproducts.ca\/product\/luxor-two-tier-adjustable-height-standing-desk-conversion-kit-with-manual-lift-compact-workspace-white-oak\/#primaryimage"},"image":{"@id":"https:\/\/ksproducts.ca\/product\/luxor-two-tier-adjustable-height-standing-desk-conversion-kit-with-manual-lift-compact-workspace-white-oak\/#primaryimage"},"thumbnailUrl":"https:\/\/ksproducts.ca\/wp-content\/uploads\/2026\/03\/Luxor-Two-Tier-Adjustable-Height-Standing-Desk-Conversion-Kit-with-Manual-Lift-Compact-Workspace-White-Oak.png","datePublished":"2026-03-11T17:00:39+00:00","dateModified":"2026-03-16T15:37:51+00:00","breadcrumb":{"@id":"https:\/\/ksproducts.ca\/product\/luxor-two-tier-adjustable-height-standing-desk-conversion-kit-with-manual-lift-compact-workspace-white-oak\/#breadcrumb"},"inLanguage":"fr-CA","potentialAction":[{"@type":"ReadAction","target":["https:\/\/ksproducts.ca\/product\/luxor-two-tier-adjustable-height-standing-desk-conversion-kit-with-manual-lift-compact-workspace-white-oak\/"]}]},{"@type":"ImageObject","inLanguage":"fr-CA","@id":"https:\/\/ksproducts.ca\/product\/luxor-two-tier-adjustable-height-standing-desk-conversion-kit-with-manual-lift-compact-workspace-white-oak\/#primaryimage","url":"https:\/\/ksproducts.ca\/wp-content\/uploads\/2026\/03\/Luxor-Two-Tier-Adjustable-Height-Standing-Desk-Conversion-Kit-with-Manual-Lift-Compact-Workspace-White-Oak.png","contentUrl":"https:\/\/ksproducts.ca\/wp-content\/uploads\/2026\/03\/Luxor-Two-Tier-Adjustable-Height-Standing-Desk-Conversion-Kit-with-Manual-Lift-Compact-Workspace-White-Oak.png","width":440,"height":440,"caption":"Luxor Two Tier Adjustable Height Standing Desk Conversion Kit with Manual Lift + Compact Workspace White Oak"},{"@type":"BreadcrumbList","@id":"https:\/\/ksproducts.ca\/product\/luxor-two-tier-adjustable-height-standing-desk-conversion-kit-with-manual-lift-compact-workspace-white-oak\/#breadcrumb","itemListElement":[{"@type":"ListItem","position":1,"name":"Home","item":"https:\/\/ksproducts.ca\/"},{"@type":"ListItem","position":2,"name":"Shop","item":"https:\/\/ksproducts.ca\/shop\/"},{"@type":"ListItem","position":3,"name":"Luxor Two-Tier Adjustable-Height Standing Desk Conversion Kit with Manual Lift + Compact Workspace &#8211; White Oak"}]},{"@type":"WebSite","@id":"https:\/\/ksproducts.ca\/#website","url":"https:\/\/ksproducts.ca\/","name":"Produits Ks","description":"Cuisiner et vivre en plein air, c'est facile au Canada","publisher":{"@id":"https:\/\/ksproducts.ca\/#organization"},"potentialAction":[{"@type":"SearchAction","target":{"@type":"EntryPoint","urlTemplate":"https:\/\/ksproducts.ca\/?s={search_term_string}"},"query-input":{"@type":"PropertyValueSpecification","valueRequired":true,"valueName":"search_term_string"}}],"inLanguage":"fr-CA"},{"@type":"Organization","@id":"https:\/\/ksproducts.ca\/#organization","name":"Produits Ks","url":"https:\/\/ksproducts.ca\/","logo":{"@type":"ImageObject","inLanguage":"fr-CA","@id":"https:\/\/ksproducts.ca\/#\/schema\/logo\/image\/","url":"https:\/\/ksproducts.ca\/wp-content\/uploads\/2023\/09\/Kennedy-Sales-Logo-header-1.png","contentUrl":"https:\/\/ksproducts.ca\/wp-content\/uploads\/2023\/09\/Kennedy-Sales-Logo-header-1.png","width":150,"height":77,"caption":"Ks Products"},"image":{"@id":"https:\/\/ksproducts.ca\/#\/schema\/logo\/image\/"}}]}},"_links":{"self":[{"href":"https:\/\/ksproducts.ca\/fr\/wp-json\/wp\/v2\/product\/12322","targetHints":{"allow":["GET"]}}],"collection":[{"href":"https:\/\/ksproducts.ca\/fr\/wp-json\/wp\/v2\/product"}],"about":[{"href":"https:\/\/ksproducts.ca\/fr\/wp-json\/wp\/v2\/types\/product"}],"replies":[{"embeddable":true,"href":"https:\/\/ksproducts.ca\/fr\/wp-json\/wp\/v2\/comments?post=12322"}],"version-history":[{"count":1,"href":"https:\/\/ksproducts.ca\/fr\/wp-json\/wp\/v2\/product\/12322\/revisions"}],"predecessor-version":[{"id":12324,"href":"https:\/\/ksproducts.ca\/fr\/wp-json\/wp\/v2\/product\/12322\/revisions\/12324"}],"wp:featuredmedia":[{"embeddable":true,"href":"https:\/\/ksproducts.ca\/fr\/wp-json\/wp\/v2\/media\/12323"}],"wp:attachment":[{"href":"https:\/\/ksproducts.ca\/fr\/wp-json\/wp\/v2\/media?parent=12322"}],"wp:term":[{"taxonomy":"product_cat","embeddable":true,"href":"https:\/\/ksproducts.ca\/fr\/wp-json\/wp\/v2\/product_cat?post=12322"},{"taxonomy":"product_tag","embeddable":true,"href":"https:\/\/ksproducts.ca\/fr\/wp-json\/wp\/v2\/product_tag?post=12322"}],"curies":[{"name":"wp","href":"https:\/\/api.w.org\/{rel}","templated":true}]}}