{"id":12328,"date":"2026-03-11T17:11:25","date_gmt":"2026-03-11T17:11:25","guid":{"rendered":"https:\/\/ksproducts.ca\/?post_type=product&#038;p=12328"},"modified":"2026-03-11T17:13:27","modified_gmt":"2026-03-11T17:13:27","slug":"gunk-titeseal-reparation-instantanee-des-pneus-510g","status":"publish","type":"product","link":"https:\/\/ksproducts.ca\/fr\/product\/gunk-titeseal-instant-tire-repair-510g\/","title":{"rendered":"Gunk TiteSeal R\u00e9paration instantan\u00e9e des pneus - 510g"},"content":{"rendered":"<ul>\n<li>TITESEAL Instant Tire Repair est formul\u00e9 pour les pneus de taille compacte que l'on trouve sur tous les v\u00e9hicules automobiles.<\/li>\n<li>Scelle et gonfle en toute s\u00e9curit\u00e9 un pneu crev\u00e9 en quelques secondes<\/li>\n<li>Scelle la plupart des perforations jusqu'\u00e0 3\/16\u2033 (5 mm)<\/li>\n<li>Non recommand\u00e9 pour les pneus de plus de 15\u2033.<\/li>\n<li>L'agent d'\u00e9tanch\u00e9it\u00e9 est ininflammable et sans danger pour les capteurs de pneus.<\/li>\n<li>Taille : 510 g<\/li>\n<\/ul>","protected":false},"excerpt":{"rendered":"<p>TITESEAL Instant Tire Repair scelle et gonfle rapidement les pneus crev\u00e9s, ce qui en fait un produit id\u00e9al pour les pneus automobiles compacts. Il agit en quelques secondes pour r\u00e9tablir la mobilit\u00e9 et est sans danger pour les capteurs de pneus. Cette solution pratique scelle les crevaisons jusqu'\u00e0 5 mm et est ininflammable, ce qui constitue une solution d'urgence fiable sur le terrain.<\/p>","protected":false},"featured_media":12332,"comment_status":"open","ping_status":"closed","template":"","meta":[],"product_cat":[430],"product_tag":[],"class_list":{"0":"post-12328","1":"product","2":"type-product","3":"status-publish","4":"has-post-thumbnail","6":"product_cat-automotive-gear","7":"product_shipping_class-class-1","9":"first","10":"instock","11":"taxable","12":"shipping-taxable","13":"purchasable","14":"product-type-simple"},"yoast_head":"<!-- This site is optimized with the Yoast SEO plugin v27.4 - https:\/\/yoast.com\/product\/yoast-seo-wordpress\/ -->\n<title>Gunk TiteSeal Instant Tire Repair - 510g - Ks Products<\/title>\n<meta name=\"robots\" content=\"index, follow, max-snippet:-1, max-image-preview:large, max-video-preview:-1\" \/>\n<link rel=\"canonical\" href=\"https:\/\/ksproducts.ca\/fr\/product\/gunk-titeseal-reparation-instantanee-des-pneus-510g\/\" \/>\n<meta property=\"og:locale\" content=\"fr_CA\" \/>\n<meta property=\"og:type\" content=\"article\" \/>\n<meta property=\"og:title\" content=\"Gunk TiteSeal Instant Tire Repair - 510g - Ks Products\" \/>\n<meta property=\"og:description\" content=\"TITESEAL Instant Tire Repair quickly seals and inflates flat tires, making it ideal for compact automotive tires. It works in seconds to restore mobility and is safe for tire sensors. This convenient solution seals punctures up to 3\/16\u201d (5 mm) and is non-flammable, providing a reliable emergency fix on the go.\" \/>\n<meta property=\"og:url\" content=\"https:\/\/ksproducts.ca\/fr\/product\/gunk-titeseal-reparation-instantanee-des-pneus-510g\/\" \/>\n<meta property=\"og:site_name\" content=\"Ks Products\" \/>\n<meta property=\"article:modified_time\" content=\"2026-03-11T17:13:27+00:00\" \/>\n<meta property=\"og:image\" content=\"https:\/\/ksproducts.ca\/wp-content\/uploads\/2023\/09\/Kennedy-Sales-Logo-header-1.png\" \/>\n\t<meta property=\"og:image:width\" content=\"150\" \/>\n\t<meta property=\"og:image:height\" content=\"77\" \/>\n\t<meta property=\"og:image:type\" content=\"image\/png\" \/>\n<meta name=\"twitter:card\" content=\"summary_large_image\" \/>\n<meta name=\"twitter:label1\" content=\"Estimation du temps de lecture\" \/>\n\t<meta name=\"twitter:data1\" content=\"1 minute\" \/>\n<script type=\"application\/ld+json\" class=\"yoast-schema-graph\">{\"@context\":\"https:\\\/\\\/schema.org\",\"@graph\":[{\"@type\":\"WebPage\",\"@id\":\"https:\\\/\\\/ksproducts.ca\\\/product\\\/gunk-titeseal-instant-tire-repair-510g\\\/\",\"url\":\"https:\\\/\\\/ksproducts.ca\\\/product\\\/gunk-titeseal-instant-tire-repair-510g\\\/\",\"name\":\"Gunk TiteSeal Instant Tire Repair - 510g - Ks Products\",\"isPartOf\":{\"@id\":\"https:\\\/\\\/ksproducts.ca\\\/#website\"},\"primaryImageOfPage\":{\"@id\":\"https:\\\/\\\/ksproducts.ca\\\/product\\\/gunk-titeseal-instant-tire-repair-510g\\\/#primaryimage\"},\"image\":{\"@id\":\"https:\\\/\\\/ksproducts.ca\\\/product\\\/gunk-titeseal-instant-tire-repair-510g\\\/#primaryimage\"},\"thumbnailUrl\":\"https:\\\/\\\/ksproducts.ca\\\/wp-content\\\/uploads\\\/2026\\\/03\\\/Gunk-TiteSeal-Instant-Tire-Repair-510g.avif\",\"datePublished\":\"2026-03-11T17:11:25+00:00\",\"dateModified\":\"2026-03-11T17:13:27+00:00\",\"breadcrumb\":{\"@id\":\"https:\\\/\\\/ksproducts.ca\\\/product\\\/gunk-titeseal-instant-tire-repair-510g\\\/#breadcrumb\"},\"inLanguage\":\"fr-CA\",\"potentialAction\":[{\"@type\":\"ReadAction\",\"target\":[\"https:\\\/\\\/ksproducts.ca\\\/product\\\/gunk-titeseal-instant-tire-repair-510g\\\/\"]}]},{\"@type\":\"ImageObject\",\"inLanguage\":\"fr-CA\",\"@id\":\"https:\\\/\\\/ksproducts.ca\\\/product\\\/gunk-titeseal-instant-tire-repair-510g\\\/#primaryimage\",\"url\":\"https:\\\/\\\/ksproducts.ca\\\/wp-content\\\/uploads\\\/2026\\\/03\\\/Gunk-TiteSeal-Instant-Tire-Repair-510g.avif\",\"contentUrl\":\"https:\\\/\\\/ksproducts.ca\\\/wp-content\\\/uploads\\\/2026\\\/03\\\/Gunk-TiteSeal-Instant-Tire-Repair-510g.avif\",\"width\":646,\"height\":646,\"caption\":\"Gunk TiteSeal Instant Tire Repair 510g\"},{\"@type\":\"BreadcrumbList\",\"@id\":\"https:\\\/\\\/ksproducts.ca\\\/product\\\/gunk-titeseal-instant-tire-repair-510g\\\/#breadcrumb\",\"itemListElement\":[{\"@type\":\"ListItem\",\"position\":1,\"name\":\"Home\",\"item\":\"https:\\\/\\\/ksproducts.ca\\\/\"},{\"@type\":\"ListItem\",\"position\":2,\"name\":\"Shop\",\"item\":\"https:\\\/\\\/ksproducts.ca\\\/shop\\\/\"},{\"@type\":\"ListItem\",\"position\":3,\"name\":\"Gunk TiteSeal Instant Tire Repair &#8211; 510g\"}]},{\"@type\":\"WebSite\",\"@id\":\"https:\\\/\\\/ksproducts.ca\\\/#website\",\"url\":\"https:\\\/\\\/ksproducts.ca\\\/\",\"name\":\"Ks Products\",\"description\":\"Outdoor cooking and living, made easy in Canada\",\"publisher\":{\"@id\":\"https:\\\/\\\/ksproducts.ca\\\/#organization\"},\"potentialAction\":[{\"@type\":\"SearchAction\",\"target\":{\"@type\":\"EntryPoint\",\"urlTemplate\":\"https:\\\/\\\/ksproducts.ca\\\/?s={search_term_string}\"},\"query-input\":{\"@type\":\"PropertyValueSpecification\",\"valueRequired\":true,\"valueName\":\"search_term_string\"}}],\"inLanguage\":\"fr-CA\"},{\"@type\":\"Organization\",\"@id\":\"https:\\\/\\\/ksproducts.ca\\\/#organization\",\"name\":\"Ks Products\",\"url\":\"https:\\\/\\\/ksproducts.ca\\\/\",\"logo\":{\"@type\":\"ImageObject\",\"inLanguage\":\"fr-CA\",\"@id\":\"https:\\\/\\\/ksproducts.ca\\\/#\\\/schema\\\/logo\\\/image\\\/\",\"url\":\"https:\\\/\\\/ksproducts.ca\\\/wp-content\\\/uploads\\\/2023\\\/09\\\/Kennedy-Sales-Logo-header-1.png\",\"contentUrl\":\"https:\\\/\\\/ksproducts.ca\\\/wp-content\\\/uploads\\\/2023\\\/09\\\/Kennedy-Sales-Logo-header-1.png\",\"width\":150,\"height\":77,\"caption\":\"Ks Products\"},\"image\":{\"@id\":\"https:\\\/\\\/ksproducts.ca\\\/#\\\/schema\\\/logo\\\/image\\\/\"}}]}<\/script>\n<!-- \/ Yoast SEO plugin. -->","yoast_head_json":{"title":"Gunk TiteSeal r\u00e9paration instantan\u00e9e des pneus - 510g - Ks Products","robots":{"index":"index","follow":"follow","max-snippet":"max-snippet:-1","max-image-preview":"max-image-preview:large","max-video-preview":"max-video-preview:-1"},"canonical":"https:\/\/ksproducts.ca\/fr\/product\/gunk-titeseal-reparation-instantanee-des-pneus-510g\/","og_locale":"fr_CA","og_type":"article","og_title":"Gunk TiteSeal Instant Tire Repair - 510g - Ks Products","og_description":"TITESEAL Instant Tire Repair quickly seals and inflates flat tires, making it ideal for compact automotive tires. It works in seconds to restore mobility and is safe for tire sensors. This convenient solution seals punctures up to 3\/16\u201d (5 mm) and is non-flammable, providing a reliable emergency fix on the go.","og_url":"https:\/\/ksproducts.ca\/fr\/product\/gunk-titeseal-reparation-instantanee-des-pneus-510g\/","og_site_name":"Ks Products","article_modified_time":"2026-03-11T17:13:27+00:00","og_image":[{"width":150,"height":77,"url":"https:\/\/ksproducts.ca\/wp-content\/uploads\/2023\/09\/Kennedy-Sales-Logo-header-1.png","type":"image\/png"}],"twitter_card":"summary_large_image","twitter_misc":{"Estimation du temps de lecture":"1 minute"},"schema":{"@context":"https:\/\/schema.org","@graph":[{"@type":"WebPage","@id":"https:\/\/ksproducts.ca\/product\/gunk-titeseal-instant-tire-repair-510g\/","url":"https:\/\/ksproducts.ca\/product\/gunk-titeseal-instant-tire-repair-510g\/","name":"Gunk TiteSeal r\u00e9paration instantan\u00e9e des pneus - 510g - Ks Products","isPartOf":{"@id":"https:\/\/ksproducts.ca\/#website"},"primaryImageOfPage":{"@id":"https:\/\/ksproducts.ca\/product\/gunk-titeseal-instant-tire-repair-510g\/#primaryimage"},"image":{"@id":"https:\/\/ksproducts.ca\/product\/gunk-titeseal-instant-tire-repair-510g\/#primaryimage"},"thumbnailUrl":"https:\/\/ksproducts.ca\/wp-content\/uploads\/2026\/03\/Gunk-TiteSeal-Instant-Tire-Repair-510g.avif","datePublished":"2026-03-11T17:11:25+00:00","dateModified":"2026-03-11T17:13:27+00:00","breadcrumb":{"@id":"https:\/\/ksproducts.ca\/product\/gunk-titeseal-instant-tire-repair-510g\/#breadcrumb"},"inLanguage":"fr-CA","potentialAction":[{"@type":"ReadAction","target":["https:\/\/ksproducts.ca\/product\/gunk-titeseal-instant-tire-repair-510g\/"]}]},{"@type":"ImageObject","inLanguage":"fr-CA","@id":"https:\/\/ksproducts.ca\/product\/gunk-titeseal-instant-tire-repair-510g\/#primaryimage","url":"https:\/\/ksproducts.ca\/wp-content\/uploads\/2026\/03\/Gunk-TiteSeal-Instant-Tire-Repair-510g.avif","contentUrl":"https:\/\/ksproducts.ca\/wp-content\/uploads\/2026\/03\/Gunk-TiteSeal-Instant-Tire-Repair-510g.avif","width":646,"height":646,"caption":"Gunk TiteSeal Instant Tire Repair 510g"},{"@type":"BreadcrumbList","@id":"https:\/\/ksproducts.ca\/product\/gunk-titeseal-instant-tire-repair-510g\/#breadcrumb","itemListElement":[{"@type":"ListItem","position":1,"name":"Home","item":"https:\/\/ksproducts.ca\/"},{"@type":"ListItem","position":2,"name":"Shop","item":"https:\/\/ksproducts.ca\/shop\/"},{"@type":"ListItem","position":3,"name":"Gunk TiteSeal Instant Tire Repair &#8211; 510g"}]},{"@type":"WebSite","@id":"https:\/\/ksproducts.ca\/#website","url":"https:\/\/ksproducts.ca\/","name":"Produits Ks","description":"Cuisiner et vivre en plein air, c'est facile au Canada","publisher":{"@id":"https:\/\/ksproducts.ca\/#organization"},"potentialAction":[{"@type":"SearchAction","target":{"@type":"EntryPoint","urlTemplate":"https:\/\/ksproducts.ca\/?s={search_term_string}"},"query-input":{"@type":"PropertyValueSpecification","valueRequired":true,"valueName":"search_term_string"}}],"inLanguage":"fr-CA"},{"@type":"Organization","@id":"https:\/\/ksproducts.ca\/#organization","name":"Produits Ks","url":"https:\/\/ksproducts.ca\/","logo":{"@type":"ImageObject","inLanguage":"fr-CA","@id":"https:\/\/ksproducts.ca\/#\/schema\/logo\/image\/","url":"https:\/\/ksproducts.ca\/wp-content\/uploads\/2023\/09\/Kennedy-Sales-Logo-header-1.png","contentUrl":"https:\/\/ksproducts.ca\/wp-content\/uploads\/2023\/09\/Kennedy-Sales-Logo-header-1.png","width":150,"height":77,"caption":"Ks Products"},"image":{"@id":"https:\/\/ksproducts.ca\/#\/schema\/logo\/image\/"}}]}},"_links":{"self":[{"href":"https:\/\/ksproducts.ca\/fr\/wp-json\/wp\/v2\/product\/12328","targetHints":{"allow":["GET"]}}],"collection":[{"href":"https:\/\/ksproducts.ca\/fr\/wp-json\/wp\/v2\/product"}],"about":[{"href":"https:\/\/ksproducts.ca\/fr\/wp-json\/wp\/v2\/types\/product"}],"replies":[{"embeddable":true,"href":"https:\/\/ksproducts.ca\/fr\/wp-json\/wp\/v2\/comments?post=12328"}],"version-history":[{"count":1,"href":"https:\/\/ksproducts.ca\/fr\/wp-json\/wp\/v2\/product\/12328\/revisions"}],"predecessor-version":[{"id":12330,"href":"https:\/\/ksproducts.ca\/fr\/wp-json\/wp\/v2\/product\/12328\/revisions\/12330"}],"wp:featuredmedia":[{"embeddable":true,"href":"https:\/\/ksproducts.ca\/fr\/wp-json\/wp\/v2\/media\/12332"}],"wp:attachment":[{"href":"https:\/\/ksproducts.ca\/fr\/wp-json\/wp\/v2\/media?parent=12328"}],"wp:term":[{"taxonomy":"product_cat","embeddable":true,"href":"https:\/\/ksproducts.ca\/fr\/wp-json\/wp\/v2\/product_cat?post=12328"},{"taxonomy":"product_tag","embeddable":true,"href":"https:\/\/ksproducts.ca\/fr\/wp-json\/wp\/v2\/product_tag?post=12328"}],"curies":[{"name":"wp","href":"https:\/\/api.w.org\/{rel}","templated":true}]}}