{"id":12333,"date":"2026-03-11T17:52:07","date_gmt":"2026-03-11T17:52:07","guid":{"rendered":"https:\/\/ksproducts.ca\/?post_type=product&#038;p=12333"},"modified":"2026-03-11T17:52:07","modified_gmt":"2026-03-11T17:52:07","slug":"gunk-titeseal-instant-jumbo-tire-repair-694g","status":"publish","type":"product","link":"https:\/\/ksproducts.ca\/fr\/product\/gunk-titeseal-instant-jumbo-tire-repair-694g\/","title":{"rendered":"Gunk TiteSeal Instant Jumbo Tire Repair - 694g"},"content":{"rendered":"<ul>\n<li>Peut gonfler des pneus jusqu'\u00e0 20 pouces - typiquement ceux des camions et des SUV.<\/li>\n<li>Scelle la plupart des perforations jusqu'\u00e0 5 mm<\/li>\n<li>Capteur de pneu s\u00fbr<\/li>\n<li>Rapide et pratique - pas d'outils, pas de crics, pas de d\u00e9sordre<\/li>\n<li>Tuyau d'application premium de 7 pouces<\/li>\n<\/ul>","protected":false},"excerpt":{"rendered":"<p>TITESEAL est la solution de pointe pour la r\u00e9paration des fuites de pneus, les rev\u00eatements de protection et les produits d'\u00e9tanch\u00e9it\u00e9 industriels. Avec une longue histoire dans la technologie de r\u00e9paration des fuites, TITESEAL est le produit de r\u00e9f\u00e9rence lorsque vous \u00eates confront\u00e9 \u00e0 un projet ou \u00e0 un probl\u00e8me dans lequel vous devez sceller, r\u00e9parer ou prot\u00e9ger ce sur quoi vous travaillez. Que vous soyez \u00e0 la maison, au garage ou sur la route, vous pouvez compter sur le leader de la technologie de r\u00e9paration des fuites pour obtenir des r\u00e9sultats dignes de confiance.<\/p>","protected":false},"featured_media":12334,"comment_status":"open","ping_status":"closed","template":"","meta":[],"product_cat":[430],"product_tag":[],"class_list":{"0":"post-12333","1":"product","2":"type-product","3":"status-publish","4":"has-post-thumbnail","6":"product_cat-automotive-gear","7":"product_shipping_class-class-1","9":"first","10":"instock","11":"taxable","12":"shipping-taxable","13":"purchasable","14":"product-type-simple"},"yoast_head":"<!-- This site is optimized with the Yoast SEO plugin v27.3 - https:\/\/yoast.com\/product\/yoast-seo-wordpress\/ -->\n<title>Gunk TiteSeal Instant Jumbo Tire Repair - 694g - Ks Products<\/title>\n<meta name=\"robots\" content=\"index, follow, max-snippet:-1, max-image-preview:large, max-video-preview:-1\" \/>\n<link rel=\"canonical\" href=\"https:\/\/ksproducts.ca\/fr\/product\/gunk-titeseal-instant-jumbo-tire-repair-694g\/\" \/>\n<meta property=\"og:locale\" content=\"fr_CA\" \/>\n<meta property=\"og:type\" content=\"article\" \/>\n<meta property=\"og:title\" content=\"Gunk TiteSeal Instant Jumbo Tire Repair - 694g - Ks Products\" \/>\n<meta property=\"og:description\" content=\"TITESEAL is the leading solution for tire leak repair, protective coatings and industrial sealants. With a long history in leak repair technology, TITESEAL is the go-to product when facing with a project or problem in which you need to seal, repair or protect what you are working on. Whether you\u2019re at home, working in the garage or on the road, you can count on the performance leader in leak repair technology for results you can trust.\" \/>\n<meta property=\"og:url\" content=\"https:\/\/ksproducts.ca\/fr\/product\/gunk-titeseal-instant-jumbo-tire-repair-694g\/\" \/>\n<meta property=\"og:site_name\" content=\"Ks Products\" \/>\n<meta property=\"og:image\" content=\"https:\/\/ksproducts.ca\/wp-content\/uploads\/2026\/03\/Gunk-TiteSeal-Instant-Jumbo-Tire-Repair-694g.jpg\" \/>\n\t<meta property=\"og:image:width\" content=\"600\" \/>\n\t<meta property=\"og:image:height\" content=\"600\" \/>\n\t<meta property=\"og:image:type\" content=\"image\/jpeg\" \/>\n<meta name=\"twitter:card\" content=\"summary_large_image\" \/>\n<meta name=\"twitter:label1\" content=\"Estimation du temps de lecture\" \/>\n\t<meta name=\"twitter:data1\" content=\"1 minute\" \/>\n<script type=\"application\/ld+json\" class=\"yoast-schema-graph\">{\"@context\":\"https:\\\/\\\/schema.org\",\"@graph\":[{\"@type\":\"WebPage\",\"@id\":\"https:\\\/\\\/ksproducts.ca\\\/product\\\/gunk-titeseal-instant-jumbo-tire-repair-694g\\\/\",\"url\":\"https:\\\/\\\/ksproducts.ca\\\/product\\\/gunk-titeseal-instant-jumbo-tire-repair-694g\\\/\",\"name\":\"Gunk TiteSeal Instant Jumbo Tire Repair - 694g - Ks Products\",\"isPartOf\":{\"@id\":\"https:\\\/\\\/ksproducts.ca\\\/#website\"},\"primaryImageOfPage\":{\"@id\":\"https:\\\/\\\/ksproducts.ca\\\/product\\\/gunk-titeseal-instant-jumbo-tire-repair-694g\\\/#primaryimage\"},\"image\":{\"@id\":\"https:\\\/\\\/ksproducts.ca\\\/product\\\/gunk-titeseal-instant-jumbo-tire-repair-694g\\\/#primaryimage\"},\"thumbnailUrl\":\"https:\\\/\\\/ksproducts.ca\\\/wp-content\\\/uploads\\\/2026\\\/03\\\/Gunk-TiteSeal-Instant-Jumbo-Tire-Repair-694g.jpg\",\"datePublished\":\"2026-03-11T17:52:07+00:00\",\"breadcrumb\":{\"@id\":\"https:\\\/\\\/ksproducts.ca\\\/product\\\/gunk-titeseal-instant-jumbo-tire-repair-694g\\\/#breadcrumb\"},\"inLanguage\":\"fr-CA\",\"potentialAction\":[{\"@type\":\"ReadAction\",\"target\":[\"https:\\\/\\\/ksproducts.ca\\\/product\\\/gunk-titeseal-instant-jumbo-tire-repair-694g\\\/\"]}]},{\"@type\":\"ImageObject\",\"inLanguage\":\"fr-CA\",\"@id\":\"https:\\\/\\\/ksproducts.ca\\\/product\\\/gunk-titeseal-instant-jumbo-tire-repair-694g\\\/#primaryimage\",\"url\":\"https:\\\/\\\/ksproducts.ca\\\/wp-content\\\/uploads\\\/2026\\\/03\\\/Gunk-TiteSeal-Instant-Jumbo-Tire-Repair-694g.jpg\",\"contentUrl\":\"https:\\\/\\\/ksproducts.ca\\\/wp-content\\\/uploads\\\/2026\\\/03\\\/Gunk-TiteSeal-Instant-Jumbo-Tire-Repair-694g.jpg\",\"width\":600,\"height\":600,\"caption\":\"Gunk TiteSeal Instant Jumbo Tire Repair 694g\"},{\"@type\":\"BreadcrumbList\",\"@id\":\"https:\\\/\\\/ksproducts.ca\\\/product\\\/gunk-titeseal-instant-jumbo-tire-repair-694g\\\/#breadcrumb\",\"itemListElement\":[{\"@type\":\"ListItem\",\"position\":1,\"name\":\"Home\",\"item\":\"https:\\\/\\\/ksproducts.ca\\\/\"},{\"@type\":\"ListItem\",\"position\":2,\"name\":\"Shop\",\"item\":\"https:\\\/\\\/ksproducts.ca\\\/shop\\\/\"},{\"@type\":\"ListItem\",\"position\":3,\"name\":\"Gunk TiteSeal Instant Jumbo Tire Repair &#8211; 694g\"}]},{\"@type\":\"WebSite\",\"@id\":\"https:\\\/\\\/ksproducts.ca\\\/#website\",\"url\":\"https:\\\/\\\/ksproducts.ca\\\/\",\"name\":\"Ks Products\",\"description\":\"Outdoor cooking and living, made easy in Canada\",\"publisher\":{\"@id\":\"https:\\\/\\\/ksproducts.ca\\\/#organization\"},\"potentialAction\":[{\"@type\":\"SearchAction\",\"target\":{\"@type\":\"EntryPoint\",\"urlTemplate\":\"https:\\\/\\\/ksproducts.ca\\\/?s={search_term_string}\"},\"query-input\":{\"@type\":\"PropertyValueSpecification\",\"valueRequired\":true,\"valueName\":\"search_term_string\"}}],\"inLanguage\":\"fr-CA\"},{\"@type\":\"Organization\",\"@id\":\"https:\\\/\\\/ksproducts.ca\\\/#organization\",\"name\":\"Ks Products\",\"url\":\"https:\\\/\\\/ksproducts.ca\\\/\",\"logo\":{\"@type\":\"ImageObject\",\"inLanguage\":\"fr-CA\",\"@id\":\"https:\\\/\\\/ksproducts.ca\\\/#\\\/schema\\\/logo\\\/image\\\/\",\"url\":\"https:\\\/\\\/ksproducts.ca\\\/wp-content\\\/uploads\\\/2023\\\/09\\\/Kennedy-Sales-Logo-header-1.png\",\"contentUrl\":\"https:\\\/\\\/ksproducts.ca\\\/wp-content\\\/uploads\\\/2023\\\/09\\\/Kennedy-Sales-Logo-header-1.png\",\"width\":150,\"height\":77,\"caption\":\"Ks Products\"},\"image\":{\"@id\":\"https:\\\/\\\/ksproducts.ca\\\/#\\\/schema\\\/logo\\\/image\\\/\"}}]}<\/script>\n<!-- \/ Yoast SEO plugin. -->","yoast_head_json":{"title":"Gunk TiteSeal Instant Jumbo Tire Repair - 694g - Ks Products","robots":{"index":"index","follow":"follow","max-snippet":"max-snippet:-1","max-image-preview":"max-image-preview:large","max-video-preview":"max-video-preview:-1"},"canonical":"https:\/\/ksproducts.ca\/fr\/product\/gunk-titeseal-instant-jumbo-tire-repair-694g\/","og_locale":"fr_CA","og_type":"article","og_title":"Gunk TiteSeal Instant Jumbo Tire Repair - 694g - Ks Products","og_description":"TITESEAL is the leading solution for tire leak repair, protective coatings and industrial sealants. With a long history in leak repair technology, TITESEAL is the go-to product when facing with a project or problem in which you need to seal, repair or protect what you are working on. Whether you\u2019re at home, working in the garage or on the road, you can count on the performance leader in leak repair technology for results you can trust.","og_url":"https:\/\/ksproducts.ca\/fr\/product\/gunk-titeseal-instant-jumbo-tire-repair-694g\/","og_site_name":"Ks Products","og_image":[{"width":600,"height":600,"url":"https:\/\/ksproducts.ca\/wp-content\/uploads\/2026\/03\/Gunk-TiteSeal-Instant-Jumbo-Tire-Repair-694g.jpg","type":"image\/jpeg"}],"twitter_card":"summary_large_image","twitter_misc":{"Estimation du temps de lecture":"1 minute"},"schema":{"@context":"https:\/\/schema.org","@graph":[{"@type":"WebPage","@id":"https:\/\/ksproducts.ca\/product\/gunk-titeseal-instant-jumbo-tire-repair-694g\/","url":"https:\/\/ksproducts.ca\/product\/gunk-titeseal-instant-jumbo-tire-repair-694g\/","name":"Gunk TiteSeal Instant Jumbo Tire Repair - 694g - Ks Products","isPartOf":{"@id":"https:\/\/ksproducts.ca\/#website"},"primaryImageOfPage":{"@id":"https:\/\/ksproducts.ca\/product\/gunk-titeseal-instant-jumbo-tire-repair-694g\/#primaryimage"},"image":{"@id":"https:\/\/ksproducts.ca\/product\/gunk-titeseal-instant-jumbo-tire-repair-694g\/#primaryimage"},"thumbnailUrl":"https:\/\/ksproducts.ca\/wp-content\/uploads\/2026\/03\/Gunk-TiteSeal-Instant-Jumbo-Tire-Repair-694g.jpg","datePublished":"2026-03-11T17:52:07+00:00","breadcrumb":{"@id":"https:\/\/ksproducts.ca\/product\/gunk-titeseal-instant-jumbo-tire-repair-694g\/#breadcrumb"},"inLanguage":"fr-CA","potentialAction":[{"@type":"ReadAction","target":["https:\/\/ksproducts.ca\/product\/gunk-titeseal-instant-jumbo-tire-repair-694g\/"]}]},{"@type":"ImageObject","inLanguage":"fr-CA","@id":"https:\/\/ksproducts.ca\/product\/gunk-titeseal-instant-jumbo-tire-repair-694g\/#primaryimage","url":"https:\/\/ksproducts.ca\/wp-content\/uploads\/2026\/03\/Gunk-TiteSeal-Instant-Jumbo-Tire-Repair-694g.jpg","contentUrl":"https:\/\/ksproducts.ca\/wp-content\/uploads\/2026\/03\/Gunk-TiteSeal-Instant-Jumbo-Tire-Repair-694g.jpg","width":600,"height":600,"caption":"Gunk TiteSeal Instant Jumbo Tire Repair 694g"},{"@type":"BreadcrumbList","@id":"https:\/\/ksproducts.ca\/product\/gunk-titeseal-instant-jumbo-tire-repair-694g\/#breadcrumb","itemListElement":[{"@type":"ListItem","position":1,"name":"Home","item":"https:\/\/ksproducts.ca\/"},{"@type":"ListItem","position":2,"name":"Shop","item":"https:\/\/ksproducts.ca\/shop\/"},{"@type":"ListItem","position":3,"name":"Gunk TiteSeal Instant Jumbo Tire Repair &#8211; 694g"}]},{"@type":"WebSite","@id":"https:\/\/ksproducts.ca\/#website","url":"https:\/\/ksproducts.ca\/","name":"Produits Ks","description":"Cuisiner et vivre en plein air, c'est facile au Canada","publisher":{"@id":"https:\/\/ksproducts.ca\/#organization"},"potentialAction":[{"@type":"SearchAction","target":{"@type":"EntryPoint","urlTemplate":"https:\/\/ksproducts.ca\/?s={search_term_string}"},"query-input":{"@type":"PropertyValueSpecification","valueRequired":true,"valueName":"search_term_string"}}],"inLanguage":"fr-CA"},{"@type":"Organization","@id":"https:\/\/ksproducts.ca\/#organization","name":"Produits Ks","url":"https:\/\/ksproducts.ca\/","logo":{"@type":"ImageObject","inLanguage":"fr-CA","@id":"https:\/\/ksproducts.ca\/#\/schema\/logo\/image\/","url":"https:\/\/ksproducts.ca\/wp-content\/uploads\/2023\/09\/Kennedy-Sales-Logo-header-1.png","contentUrl":"https:\/\/ksproducts.ca\/wp-content\/uploads\/2023\/09\/Kennedy-Sales-Logo-header-1.png","width":150,"height":77,"caption":"Ks Products"},"image":{"@id":"https:\/\/ksproducts.ca\/#\/schema\/logo\/image\/"}}]}},"_links":{"self":[{"href":"https:\/\/ksproducts.ca\/fr\/wp-json\/wp\/v2\/product\/12333","targetHints":{"allow":["GET"]}}],"collection":[{"href":"https:\/\/ksproducts.ca\/fr\/wp-json\/wp\/v2\/product"}],"about":[{"href":"https:\/\/ksproducts.ca\/fr\/wp-json\/wp\/v2\/types\/product"}],"replies":[{"embeddable":true,"href":"https:\/\/ksproducts.ca\/fr\/wp-json\/wp\/v2\/comments?post=12333"}],"version-history":[{"count":1,"href":"https:\/\/ksproducts.ca\/fr\/wp-json\/wp\/v2\/product\/12333\/revisions"}],"predecessor-version":[{"id":12335,"href":"https:\/\/ksproducts.ca\/fr\/wp-json\/wp\/v2\/product\/12333\/revisions\/12335"}],"wp:featuredmedia":[{"embeddable":true,"href":"https:\/\/ksproducts.ca\/fr\/wp-json\/wp\/v2\/media\/12334"}],"wp:attachment":[{"href":"https:\/\/ksproducts.ca\/fr\/wp-json\/wp\/v2\/media?parent=12333"}],"wp:term":[{"taxonomy":"product_cat","embeddable":true,"href":"https:\/\/ksproducts.ca\/fr\/wp-json\/wp\/v2\/product_cat?post=12333"},{"taxonomy":"product_tag","embeddable":true,"href":"https:\/\/ksproducts.ca\/fr\/wp-json\/wp\/v2\/product_tag?post=12333"}],"curies":[{"name":"wp","href":"https:\/\/api.w.org\/{rel}","templated":true}]}}