{"id":12336,"date":"2026-03-11T17:55:05","date_gmt":"2026-03-11T17:55:05","guid":{"rendered":"https:\/\/ksproducts.ca\/?post_type=product&#038;p=12336"},"modified":"2026-03-11T17:55:07","modified_gmt":"2026-03-11T17:55:07","slug":"gunk-non-chlorinated-brake-parts-cleaner-396g","status":"publish","type":"product","link":"https:\/\/ksproducts.ca\/fr\/product\/gunk-non-chlorinated-brake-parts-cleaner-396g\/","title":{"rendered":"Gunk Non-Chlorinated Brake Parts Cleaner - 396g"},"content":{"rendered":"<div class=\"\">\n<section id=\"productFeature\" class=\"acl-my--x-small acl-break-word\">\n<ul>\n<li>Action rapide, faible odeur<\/li>\n<li>Freins \u00e0 disque, \u00e0 tambour, ABS et joints homocin\u00e9tiques<\/li>\n<li>\u00c9limine le liquide de frein, l'huile et la graisse<\/li>\n<li>S\u00e9chage rapide<\/li>\n<\/ul>\n<\/section>\n<\/div>","protected":false},"excerpt":{"rendered":"<p>Permet d'\u00e9liminer les contaminants de surface tels que le liquide de frein, l'huile et la graisse des garnitures de frein, des tambours, des autres pi\u00e8ces de frein et des assemblages de joints de cardan. Peut \u00eatre utilis\u00e9 sans d\u00e9monter l'unit\u00e9 de freinage. D\u00e9graisse rapidement. Le solvant s\u00e8che compl\u00e8tement.<\/p>","protected":false},"featured_media":12337,"comment_status":"open","ping_status":"closed","template":"","meta":[],"product_cat":[430],"product_tag":[],"class_list":{"0":"post-12336","1":"product","2":"type-product","3":"status-publish","4":"has-post-thumbnail","6":"product_cat-automotive-gear","7":"product_shipping_class-class-1","9":"first","10":"instock","11":"taxable","12":"shipping-taxable","13":"purchasable","14":"product-type-simple"},"yoast_head":"<!-- This site is optimized with the Yoast SEO plugin v27.4 - https:\/\/yoast.com\/product\/yoast-seo-wordpress\/ -->\n<title>Gunk Non-Chlorinated Brake Parts Cleaner - 396g - Ks Products<\/title>\n<meta name=\"robots\" content=\"index, follow, max-snippet:-1, max-image-preview:large, max-video-preview:-1\" \/>\n<link rel=\"canonical\" href=\"https:\/\/ksproducts.ca\/fr\/product\/gunk-non-chlorinated-brake-parts-cleaner-396g\/\" \/>\n<meta property=\"og:locale\" content=\"fr_CA\" \/>\n<meta property=\"og:type\" content=\"article\" \/>\n<meta property=\"og:title\" content=\"Gunk Non-Chlorinated Brake Parts Cleaner - 396g - Ks Products\" \/>\n<meta property=\"og:description\" content=\"Will help remove surface contaminants such as brake fluid, oil, and grease from brake linings, drums, other brake parts, and C.V. joint assemblies. Can be used withoutdisassembling the brake unit. Degreases quickly. Solvent dries completely.\" \/>\n<meta property=\"og:url\" content=\"https:\/\/ksproducts.ca\/fr\/product\/gunk-non-chlorinated-brake-parts-cleaner-396g\/\" \/>\n<meta property=\"og:site_name\" content=\"Ks Products\" \/>\n<meta property=\"article:modified_time\" content=\"2026-03-11T17:55:07+00:00\" \/>\n<meta property=\"og:image\" content=\"https:\/\/ksproducts.ca\/wp-content\/uploads\/2026\/03\/Gunk-Non-Chlorinated-Brake-Parts-Cleaner-396g.png\" \/>\n\t<meta property=\"og:image:width\" content=\"440\" \/>\n\t<meta property=\"og:image:height\" content=\"440\" \/>\n\t<meta property=\"og:image:type\" content=\"image\/png\" \/>\n<meta name=\"twitter:card\" content=\"summary_large_image\" \/>\n<meta name=\"twitter:label1\" content=\"Estimation du temps de lecture\" \/>\n\t<meta name=\"twitter:data1\" content=\"1 minute\" \/>\n<script type=\"application\/ld+json\" class=\"yoast-schema-graph\">{\"@context\":\"https:\\\/\\\/schema.org\",\"@graph\":[{\"@type\":\"WebPage\",\"@id\":\"https:\\\/\\\/ksproducts.ca\\\/product\\\/gunk-non-chlorinated-brake-parts-cleaner-396g\\\/\",\"url\":\"https:\\\/\\\/ksproducts.ca\\\/product\\\/gunk-non-chlorinated-brake-parts-cleaner-396g\\\/\",\"name\":\"Gunk Non-Chlorinated Brake Parts Cleaner - 396g - Ks Products\",\"isPartOf\":{\"@id\":\"https:\\\/\\\/ksproducts.ca\\\/#website\"},\"primaryImageOfPage\":{\"@id\":\"https:\\\/\\\/ksproducts.ca\\\/product\\\/gunk-non-chlorinated-brake-parts-cleaner-396g\\\/#primaryimage\"},\"image\":{\"@id\":\"https:\\\/\\\/ksproducts.ca\\\/product\\\/gunk-non-chlorinated-brake-parts-cleaner-396g\\\/#primaryimage\"},\"thumbnailUrl\":\"https:\\\/\\\/ksproducts.ca\\\/wp-content\\\/uploads\\\/2026\\\/03\\\/Gunk-Non-Chlorinated-Brake-Parts-Cleaner-396g.png\",\"datePublished\":\"2026-03-11T17:55:05+00:00\",\"dateModified\":\"2026-03-11T17:55:07+00:00\",\"breadcrumb\":{\"@id\":\"https:\\\/\\\/ksproducts.ca\\\/product\\\/gunk-non-chlorinated-brake-parts-cleaner-396g\\\/#breadcrumb\"},\"inLanguage\":\"fr-CA\",\"potentialAction\":[{\"@type\":\"ReadAction\",\"target\":[\"https:\\\/\\\/ksproducts.ca\\\/product\\\/gunk-non-chlorinated-brake-parts-cleaner-396g\\\/\"]}]},{\"@type\":\"ImageObject\",\"inLanguage\":\"fr-CA\",\"@id\":\"https:\\\/\\\/ksproducts.ca\\\/product\\\/gunk-non-chlorinated-brake-parts-cleaner-396g\\\/#primaryimage\",\"url\":\"https:\\\/\\\/ksproducts.ca\\\/wp-content\\\/uploads\\\/2026\\\/03\\\/Gunk-Non-Chlorinated-Brake-Parts-Cleaner-396g.png\",\"contentUrl\":\"https:\\\/\\\/ksproducts.ca\\\/wp-content\\\/uploads\\\/2026\\\/03\\\/Gunk-Non-Chlorinated-Brake-Parts-Cleaner-396g.png\",\"width\":440,\"height\":440,\"caption\":\"Gunk Non Chlorinated Brake Parts Cleaner 396g\"},{\"@type\":\"BreadcrumbList\",\"@id\":\"https:\\\/\\\/ksproducts.ca\\\/product\\\/gunk-non-chlorinated-brake-parts-cleaner-396g\\\/#breadcrumb\",\"itemListElement\":[{\"@type\":\"ListItem\",\"position\":1,\"name\":\"Home\",\"item\":\"https:\\\/\\\/ksproducts.ca\\\/\"},{\"@type\":\"ListItem\",\"position\":2,\"name\":\"Shop\",\"item\":\"https:\\\/\\\/ksproducts.ca\\\/shop\\\/\"},{\"@type\":\"ListItem\",\"position\":3,\"name\":\"Gunk Non-Chlorinated Brake Parts Cleaner &#8211; 396g\"}]},{\"@type\":\"WebSite\",\"@id\":\"https:\\\/\\\/ksproducts.ca\\\/#website\",\"url\":\"https:\\\/\\\/ksproducts.ca\\\/\",\"name\":\"Ks Products\",\"description\":\"Outdoor cooking and living, made easy in Canada\",\"publisher\":{\"@id\":\"https:\\\/\\\/ksproducts.ca\\\/#organization\"},\"potentialAction\":[{\"@type\":\"SearchAction\",\"target\":{\"@type\":\"EntryPoint\",\"urlTemplate\":\"https:\\\/\\\/ksproducts.ca\\\/?s={search_term_string}\"},\"query-input\":{\"@type\":\"PropertyValueSpecification\",\"valueRequired\":true,\"valueName\":\"search_term_string\"}}],\"inLanguage\":\"fr-CA\"},{\"@type\":\"Organization\",\"@id\":\"https:\\\/\\\/ksproducts.ca\\\/#organization\",\"name\":\"Ks Products\",\"url\":\"https:\\\/\\\/ksproducts.ca\\\/\",\"logo\":{\"@type\":\"ImageObject\",\"inLanguage\":\"fr-CA\",\"@id\":\"https:\\\/\\\/ksproducts.ca\\\/#\\\/schema\\\/logo\\\/image\\\/\",\"url\":\"https:\\\/\\\/ksproducts.ca\\\/wp-content\\\/uploads\\\/2023\\\/09\\\/Kennedy-Sales-Logo-header-1.png\",\"contentUrl\":\"https:\\\/\\\/ksproducts.ca\\\/wp-content\\\/uploads\\\/2023\\\/09\\\/Kennedy-Sales-Logo-header-1.png\",\"width\":150,\"height\":77,\"caption\":\"Ks Products\"},\"image\":{\"@id\":\"https:\\\/\\\/ksproducts.ca\\\/#\\\/schema\\\/logo\\\/image\\\/\"}}]}<\/script>\n<!-- \/ Yoast SEO plugin. -->","yoast_head_json":{"title":"Gunk Non-Chlorinated Brake Parts Cleaner - 396g - Ks Products","robots":{"index":"index","follow":"follow","max-snippet":"max-snippet:-1","max-image-preview":"max-image-preview:large","max-video-preview":"max-video-preview:-1"},"canonical":"https:\/\/ksproducts.ca\/fr\/product\/gunk-non-chlorinated-brake-parts-cleaner-396g\/","og_locale":"fr_CA","og_type":"article","og_title":"Gunk Non-Chlorinated Brake Parts Cleaner - 396g - Ks Products","og_description":"Will help remove surface contaminants such as brake fluid, oil, and grease from brake linings, drums, other brake parts, and C.V. joint assemblies. Can be used withoutdisassembling the brake unit. Degreases quickly. Solvent dries completely.","og_url":"https:\/\/ksproducts.ca\/fr\/product\/gunk-non-chlorinated-brake-parts-cleaner-396g\/","og_site_name":"Ks Products","article_modified_time":"2026-03-11T17:55:07+00:00","og_image":[{"width":440,"height":440,"url":"https:\/\/ksproducts.ca\/wp-content\/uploads\/2026\/03\/Gunk-Non-Chlorinated-Brake-Parts-Cleaner-396g.png","type":"image\/png"}],"twitter_card":"summary_large_image","twitter_misc":{"Estimation du temps de lecture":"1 minute"},"schema":{"@context":"https:\/\/schema.org","@graph":[{"@type":"WebPage","@id":"https:\/\/ksproducts.ca\/product\/gunk-non-chlorinated-brake-parts-cleaner-396g\/","url":"https:\/\/ksproducts.ca\/product\/gunk-non-chlorinated-brake-parts-cleaner-396g\/","name":"Gunk Non-Chlorinated Brake Parts Cleaner - 396g - Ks Products","isPartOf":{"@id":"https:\/\/ksproducts.ca\/#website"},"primaryImageOfPage":{"@id":"https:\/\/ksproducts.ca\/product\/gunk-non-chlorinated-brake-parts-cleaner-396g\/#primaryimage"},"image":{"@id":"https:\/\/ksproducts.ca\/product\/gunk-non-chlorinated-brake-parts-cleaner-396g\/#primaryimage"},"thumbnailUrl":"https:\/\/ksproducts.ca\/wp-content\/uploads\/2026\/03\/Gunk-Non-Chlorinated-Brake-Parts-Cleaner-396g.png","datePublished":"2026-03-11T17:55:05+00:00","dateModified":"2026-03-11T17:55:07+00:00","breadcrumb":{"@id":"https:\/\/ksproducts.ca\/product\/gunk-non-chlorinated-brake-parts-cleaner-396g\/#breadcrumb"},"inLanguage":"fr-CA","potentialAction":[{"@type":"ReadAction","target":["https:\/\/ksproducts.ca\/product\/gunk-non-chlorinated-brake-parts-cleaner-396g\/"]}]},{"@type":"ImageObject","inLanguage":"fr-CA","@id":"https:\/\/ksproducts.ca\/product\/gunk-non-chlorinated-brake-parts-cleaner-396g\/#primaryimage","url":"https:\/\/ksproducts.ca\/wp-content\/uploads\/2026\/03\/Gunk-Non-Chlorinated-Brake-Parts-Cleaner-396g.png","contentUrl":"https:\/\/ksproducts.ca\/wp-content\/uploads\/2026\/03\/Gunk-Non-Chlorinated-Brake-Parts-Cleaner-396g.png","width":440,"height":440,"caption":"Gunk Non Chlorinated Brake Parts Cleaner 396g"},{"@type":"BreadcrumbList","@id":"https:\/\/ksproducts.ca\/product\/gunk-non-chlorinated-brake-parts-cleaner-396g\/#breadcrumb","itemListElement":[{"@type":"ListItem","position":1,"name":"Home","item":"https:\/\/ksproducts.ca\/"},{"@type":"ListItem","position":2,"name":"Shop","item":"https:\/\/ksproducts.ca\/shop\/"},{"@type":"ListItem","position":3,"name":"Gunk Non-Chlorinated Brake Parts Cleaner &#8211; 396g"}]},{"@type":"WebSite","@id":"https:\/\/ksproducts.ca\/#website","url":"https:\/\/ksproducts.ca\/","name":"Produits Ks","description":"Cuisiner et vivre en plein air, c'est facile au Canada","publisher":{"@id":"https:\/\/ksproducts.ca\/#organization"},"potentialAction":[{"@type":"SearchAction","target":{"@type":"EntryPoint","urlTemplate":"https:\/\/ksproducts.ca\/?s={search_term_string}"},"query-input":{"@type":"PropertyValueSpecification","valueRequired":true,"valueName":"search_term_string"}}],"inLanguage":"fr-CA"},{"@type":"Organization","@id":"https:\/\/ksproducts.ca\/#organization","name":"Produits Ks","url":"https:\/\/ksproducts.ca\/","logo":{"@type":"ImageObject","inLanguage":"fr-CA","@id":"https:\/\/ksproducts.ca\/#\/schema\/logo\/image\/","url":"https:\/\/ksproducts.ca\/wp-content\/uploads\/2023\/09\/Kennedy-Sales-Logo-header-1.png","contentUrl":"https:\/\/ksproducts.ca\/wp-content\/uploads\/2023\/09\/Kennedy-Sales-Logo-header-1.png","width":150,"height":77,"caption":"Ks Products"},"image":{"@id":"https:\/\/ksproducts.ca\/#\/schema\/logo\/image\/"}}]}},"_links":{"self":[{"href":"https:\/\/ksproducts.ca\/fr\/wp-json\/wp\/v2\/product\/12336","targetHints":{"allow":["GET"]}}],"collection":[{"href":"https:\/\/ksproducts.ca\/fr\/wp-json\/wp\/v2\/product"}],"about":[{"href":"https:\/\/ksproducts.ca\/fr\/wp-json\/wp\/v2\/types\/product"}],"replies":[{"embeddable":true,"href":"https:\/\/ksproducts.ca\/fr\/wp-json\/wp\/v2\/comments?post=12336"}],"version-history":[{"count":1,"href":"https:\/\/ksproducts.ca\/fr\/wp-json\/wp\/v2\/product\/12336\/revisions"}],"predecessor-version":[{"id":12338,"href":"https:\/\/ksproducts.ca\/fr\/wp-json\/wp\/v2\/product\/12336\/revisions\/12338"}],"wp:featuredmedia":[{"embeddable":true,"href":"https:\/\/ksproducts.ca\/fr\/wp-json\/wp\/v2\/media\/12337"}],"wp:attachment":[{"href":"https:\/\/ksproducts.ca\/fr\/wp-json\/wp\/v2\/media?parent=12336"}],"wp:term":[{"taxonomy":"product_cat","embeddable":true,"href":"https:\/\/ksproducts.ca\/fr\/wp-json\/wp\/v2\/product_cat?post=12336"},{"taxonomy":"product_tag","embeddable":true,"href":"https:\/\/ksproducts.ca\/fr\/wp-json\/wp\/v2\/product_tag?post=12336"}],"curies":[{"name":"wp","href":"https:\/\/api.w.org\/{rel}","templated":true}]}}