{"id":12339,"date":"2026-03-11T17:58:58","date_gmt":"2026-03-11T17:58:58","guid":{"rendered":"https:\/\/ksproducts.ca\/?post_type=product&#038;p=12339"},"modified":"2026-03-11T17:58:59","modified_gmt":"2026-03-11T17:58:59","slug":"luxor-mobile-double-side-magnetic-whiteboard-with-stand-and-marker-tray-30-x-40","status":"publish","type":"product","link":"https:\/\/ksproducts.ca\/fr\/product\/luxor-mobile-double-sided-magnetic-whiteboard-with-stand-and-marker-tray-30-x-40\/","title":{"rendered":"Luxor Mobile Tableau blanc magn\u00e9tique double face avec support et bac \u00e0 marqueurs - 30 x 40"},"content":{"rendered":"<ul>\n<li>Prix \u00e9conomique sans compromis sur la qualit\u00e9<\/li>\n<li>Orientation verticale peu encombrante<\/li>\n<li>Retournez facilement le tableau r\u00e9versible pour doubler la surface d'\u00e9criture.<\/li>\n<li>La surface du tableau blanc en acier peint r\u00e9siste aux images fant\u00f4mes et aux taches.<\/li>\n<li>Le cadre en aluminium de 1 pouce offre un style contemporain et une durabilit\u00e9 \u00e0 toute \u00e9preuve.<\/li>\n<li>Grande mobilit\u00e9 gr\u00e2ce \u00e0 quatre roulettes<\/li>\n<li>Le plateau des marqueurs et des gommes sur toute la longueur offre suffisamment d'espace pour le mat\u00e9riel de bureau.<\/li>\n<li>Vertical<\/li>\n<\/ul>","protected":false},"excerpt":{"rendered":"<p>Le tableau magn\u00e9tique effa\u00e7able \u00e0 sec Luxor 30 x 40 pouces est con\u00e7u pour le brainstorming, l'enseignement ou l'organisation d'id\u00e9es et d'informations. Il double l'espace d'\u00e9criture et offre la mobilit\u00e9 durable n\u00e9cessaire aux espaces de travail dynamiques. Son cadre en acier, \u00e0 la fois fin et robuste, lui conf\u00e8re un aspect professionnel et ses roulettes lui permettent de se d\u00e9placer facilement dans la pi\u00e8ce. Pour retourner le tableau, il suffit de desserrer les boutons lat\u00e9raux et de d\u00e9sengager les clips de verrouillage \u00e0 ressort. Vous avez besoin d'afficher des tableaux, des documents ou des photos ? Utilisez la surface magn\u00e9tique comme tableau d'affichage. Ne cherchez pas plus loin pour un tableau de marquage mobile de haute qualit\u00e9 \u00e0 un prix abordable.<\/p>","protected":false},"featured_media":12340,"comment_status":"open","ping_status":"closed","template":"","meta":[],"product_cat":[435],"product_tag":[],"class_list":{"0":"post-12339","1":"product","2":"type-product","3":"status-publish","4":"has-post-thumbnail","6":"product_cat-whiteboards-glass-boards","7":"product_shipping_class-class-3","9":"first","10":"instock","11":"taxable","12":"shipping-taxable","13":"purchasable","14":"product-type-simple"},"yoast_head":"<!-- This site is optimized with the Yoast SEO plugin v27.3 - https:\/\/yoast.com\/product\/yoast-seo-wordpress\/ -->\n<title>Luxor Mobile Double-Sided Magnetic Whiteboard with Stand and Marker Tray - 30 x 40 - Ks Products<\/title>\n<meta name=\"robots\" content=\"index, follow, max-snippet:-1, max-image-preview:large, max-video-preview:-1\" \/>\n<link rel=\"canonical\" href=\"https:\/\/ksproducts.ca\/fr\/product\/luxor-mobile-double-side-magnetic-whiteboard-with-stand-and-marker-tray-30-x-40\/\" \/>\n<meta property=\"og:locale\" content=\"fr_CA\" \/>\n<meta property=\"og:type\" content=\"article\" \/>\n<meta property=\"og:title\" content=\"Luxor Mobile Double-Sided Magnetic Whiteboard with Stand and Marker Tray - 30 x 40 - Ks Products\" \/>\n<meta property=\"og:description\" content=\"The Luxor 30 x 40-in magnetic dry erase board is built for brainstorming, teaching or organizing ideas and information. It doubles the writing space and delivers the durable mobility needed for dynamic workspaces. A slender-yet-sturdy steel frame provides a professional appearance and rolling casters make it easy move around a room. To flip the board, simply loosen the side knobs and disengage the spring-loaded locking clips. Need to display charts, papers or photos? Use the magnetic surface as a bulletin board. Look no further for a high-quality, affordable mobile marker board.\" \/>\n<meta property=\"og:url\" content=\"https:\/\/ksproducts.ca\/fr\/product\/luxor-mobile-double-side-magnetic-whiteboard-with-stand-and-marker-tray-30-x-40\/\" \/>\n<meta property=\"og:site_name\" content=\"Ks Products\" \/>\n<meta property=\"article:modified_time\" content=\"2026-03-11T17:58:59+00:00\" \/>\n<meta property=\"og:image\" content=\"https:\/\/ksproducts.ca\/wp-content\/uploads\/2026\/03\/Luxor-Mobile-Double-Sided-Magnetic-Whiteboard-with-Stand-and-Marker-Tray-30-x-40.jpg\" \/>\n\t<meta property=\"og:image:width\" content=\"600\" \/>\n\t<meta property=\"og:image:height\" content=\"600\" \/>\n\t<meta property=\"og:image:type\" content=\"image\/jpeg\" \/>\n<meta name=\"twitter:card\" content=\"summary_large_image\" \/>\n<meta name=\"twitter:label1\" content=\"Estimation du temps de lecture\" \/>\n\t<meta name=\"twitter:data1\" content=\"1 minute\" \/>\n<script type=\"application\/ld+json\" class=\"yoast-schema-graph\">{\"@context\":\"https:\\\/\\\/schema.org\",\"@graph\":[{\"@type\":\"WebPage\",\"@id\":\"https:\\\/\\\/ksproducts.ca\\\/product\\\/luxor-mobile-double-sided-magnetic-whiteboard-with-stand-and-marker-tray-30-x-40\\\/\",\"url\":\"https:\\\/\\\/ksproducts.ca\\\/product\\\/luxor-mobile-double-sided-magnetic-whiteboard-with-stand-and-marker-tray-30-x-40\\\/\",\"name\":\"Luxor Mobile Double-Sided Magnetic Whiteboard with Stand and Marker Tray - 30 x 40 - Ks Products\",\"isPartOf\":{\"@id\":\"https:\\\/\\\/ksproducts.ca\\\/#website\"},\"primaryImageOfPage\":{\"@id\":\"https:\\\/\\\/ksproducts.ca\\\/product\\\/luxor-mobile-double-sided-magnetic-whiteboard-with-stand-and-marker-tray-30-x-40\\\/#primaryimage\"},\"image\":{\"@id\":\"https:\\\/\\\/ksproducts.ca\\\/product\\\/luxor-mobile-double-sided-magnetic-whiteboard-with-stand-and-marker-tray-30-x-40\\\/#primaryimage\"},\"thumbnailUrl\":\"https:\\\/\\\/ksproducts.ca\\\/wp-content\\\/uploads\\\/2026\\\/03\\\/Luxor-Mobile-Double-Sided-Magnetic-Whiteboard-with-Stand-and-Marker-Tray-30-x-40.jpg\",\"datePublished\":\"2026-03-11T17:58:58+00:00\",\"dateModified\":\"2026-03-11T17:58:59+00:00\",\"breadcrumb\":{\"@id\":\"https:\\\/\\\/ksproducts.ca\\\/product\\\/luxor-mobile-double-sided-magnetic-whiteboard-with-stand-and-marker-tray-30-x-40\\\/#breadcrumb\"},\"inLanguage\":\"fr-CA\",\"potentialAction\":[{\"@type\":\"ReadAction\",\"target\":[\"https:\\\/\\\/ksproducts.ca\\\/product\\\/luxor-mobile-double-sided-magnetic-whiteboard-with-stand-and-marker-tray-30-x-40\\\/\"]}]},{\"@type\":\"ImageObject\",\"inLanguage\":\"fr-CA\",\"@id\":\"https:\\\/\\\/ksproducts.ca\\\/product\\\/luxor-mobile-double-sided-magnetic-whiteboard-with-stand-and-marker-tray-30-x-40\\\/#primaryimage\",\"url\":\"https:\\\/\\\/ksproducts.ca\\\/wp-content\\\/uploads\\\/2026\\\/03\\\/Luxor-Mobile-Double-Sided-Magnetic-Whiteboard-with-Stand-and-Marker-Tray-30-x-40.jpg\",\"contentUrl\":\"https:\\\/\\\/ksproducts.ca\\\/wp-content\\\/uploads\\\/2026\\\/03\\\/Luxor-Mobile-Double-Sided-Magnetic-Whiteboard-with-Stand-and-Marker-Tray-30-x-40.jpg\",\"width\":600,\"height\":600,\"caption\":\"Luxor Mobile Double Sided Magnetic Whiteboard with Stand and Marker Tray 30 x 40\"},{\"@type\":\"BreadcrumbList\",\"@id\":\"https:\\\/\\\/ksproducts.ca\\\/product\\\/luxor-mobile-double-sided-magnetic-whiteboard-with-stand-and-marker-tray-30-x-40\\\/#breadcrumb\",\"itemListElement\":[{\"@type\":\"ListItem\",\"position\":1,\"name\":\"Home\",\"item\":\"https:\\\/\\\/ksproducts.ca\\\/\"},{\"@type\":\"ListItem\",\"position\":2,\"name\":\"Shop\",\"item\":\"https:\\\/\\\/ksproducts.ca\\\/shop\\\/\"},{\"@type\":\"ListItem\",\"position\":3,\"name\":\"Luxor Mobile Double-Sided Magnetic Whiteboard with Stand and Marker Tray &#8211; 30 x 40\"}]},{\"@type\":\"WebSite\",\"@id\":\"https:\\\/\\\/ksproducts.ca\\\/#website\",\"url\":\"https:\\\/\\\/ksproducts.ca\\\/\",\"name\":\"Ks Products\",\"description\":\"Outdoor cooking and living, made easy in Canada\",\"publisher\":{\"@id\":\"https:\\\/\\\/ksproducts.ca\\\/#organization\"},\"potentialAction\":[{\"@type\":\"SearchAction\",\"target\":{\"@type\":\"EntryPoint\",\"urlTemplate\":\"https:\\\/\\\/ksproducts.ca\\\/?s={search_term_string}\"},\"query-input\":{\"@type\":\"PropertyValueSpecification\",\"valueRequired\":true,\"valueName\":\"search_term_string\"}}],\"inLanguage\":\"fr-CA\"},{\"@type\":\"Organization\",\"@id\":\"https:\\\/\\\/ksproducts.ca\\\/#organization\",\"name\":\"Ks Products\",\"url\":\"https:\\\/\\\/ksproducts.ca\\\/\",\"logo\":{\"@type\":\"ImageObject\",\"inLanguage\":\"fr-CA\",\"@id\":\"https:\\\/\\\/ksproducts.ca\\\/#\\\/schema\\\/logo\\\/image\\\/\",\"url\":\"https:\\\/\\\/ksproducts.ca\\\/wp-content\\\/uploads\\\/2023\\\/09\\\/Kennedy-Sales-Logo-header-1.png\",\"contentUrl\":\"https:\\\/\\\/ksproducts.ca\\\/wp-content\\\/uploads\\\/2023\\\/09\\\/Kennedy-Sales-Logo-header-1.png\",\"width\":150,\"height\":77,\"caption\":\"Ks Products\"},\"image\":{\"@id\":\"https:\\\/\\\/ksproducts.ca\\\/#\\\/schema\\\/logo\\\/image\\\/\"}}]}<\/script>\n<!-- \/ Yoast SEO plugin. -->","yoast_head_json":{"title":"Luxor Mobile Tableau blanc magn\u00e9tique double face avec support et bac \u00e0 marqueurs - 30 x 40 - Ks Products","robots":{"index":"index","follow":"follow","max-snippet":"max-snippet:-1","max-image-preview":"max-image-preview:large","max-video-preview":"max-video-preview:-1"},"canonical":"https:\/\/ksproducts.ca\/fr\/product\/luxor-mobile-double-side-magnetic-whiteboard-with-stand-and-marker-tray-30-x-40\/","og_locale":"fr_CA","og_type":"article","og_title":"Luxor Mobile Double-Sided Magnetic Whiteboard with Stand and Marker Tray - 30 x 40 - Ks Products","og_description":"The Luxor 30 x 40-in magnetic dry erase board is built for brainstorming, teaching or organizing ideas and information. It doubles the writing space and delivers the durable mobility needed for dynamic workspaces. A slender-yet-sturdy steel frame provides a professional appearance and rolling casters make it easy move around a room. To flip the board, simply loosen the side knobs and disengage the spring-loaded locking clips. Need to display charts, papers or photos? Use the magnetic surface as a bulletin board. Look no further for a high-quality, affordable mobile marker board.","og_url":"https:\/\/ksproducts.ca\/fr\/product\/luxor-mobile-double-side-magnetic-whiteboard-with-stand-and-marker-tray-30-x-40\/","og_site_name":"Ks Products","article_modified_time":"2026-03-11T17:58:59+00:00","og_image":[{"width":600,"height":600,"url":"https:\/\/ksproducts.ca\/wp-content\/uploads\/2026\/03\/Luxor-Mobile-Double-Sided-Magnetic-Whiteboard-with-Stand-and-Marker-Tray-30-x-40.jpg","type":"image\/jpeg"}],"twitter_card":"summary_large_image","twitter_misc":{"Estimation du temps de lecture":"1 minute"},"schema":{"@context":"https:\/\/schema.org","@graph":[{"@type":"WebPage","@id":"https:\/\/ksproducts.ca\/product\/luxor-mobile-double-sided-magnetic-whiteboard-with-stand-and-marker-tray-30-x-40\/","url":"https:\/\/ksproducts.ca\/product\/luxor-mobile-double-sided-magnetic-whiteboard-with-stand-and-marker-tray-30-x-40\/","name":"Luxor Mobile Tableau blanc magn\u00e9tique double face avec support et bac \u00e0 marqueurs - 30 x 40 - Ks Products","isPartOf":{"@id":"https:\/\/ksproducts.ca\/#website"},"primaryImageOfPage":{"@id":"https:\/\/ksproducts.ca\/product\/luxor-mobile-double-sided-magnetic-whiteboard-with-stand-and-marker-tray-30-x-40\/#primaryimage"},"image":{"@id":"https:\/\/ksproducts.ca\/product\/luxor-mobile-double-sided-magnetic-whiteboard-with-stand-and-marker-tray-30-x-40\/#primaryimage"},"thumbnailUrl":"https:\/\/ksproducts.ca\/wp-content\/uploads\/2026\/03\/Luxor-Mobile-Double-Sided-Magnetic-Whiteboard-with-Stand-and-Marker-Tray-30-x-40.jpg","datePublished":"2026-03-11T17:58:58+00:00","dateModified":"2026-03-11T17:58:59+00:00","breadcrumb":{"@id":"https:\/\/ksproducts.ca\/product\/luxor-mobile-double-sided-magnetic-whiteboard-with-stand-and-marker-tray-30-x-40\/#breadcrumb"},"inLanguage":"fr-CA","potentialAction":[{"@type":"ReadAction","target":["https:\/\/ksproducts.ca\/product\/luxor-mobile-double-sided-magnetic-whiteboard-with-stand-and-marker-tray-30-x-40\/"]}]},{"@type":"ImageObject","inLanguage":"fr-CA","@id":"https:\/\/ksproducts.ca\/product\/luxor-mobile-double-sided-magnetic-whiteboard-with-stand-and-marker-tray-30-x-40\/#primaryimage","url":"https:\/\/ksproducts.ca\/wp-content\/uploads\/2026\/03\/Luxor-Mobile-Double-Sided-Magnetic-Whiteboard-with-Stand-and-Marker-Tray-30-x-40.jpg","contentUrl":"https:\/\/ksproducts.ca\/wp-content\/uploads\/2026\/03\/Luxor-Mobile-Double-Sided-Magnetic-Whiteboard-with-Stand-and-Marker-Tray-30-x-40.jpg","width":600,"height":600,"caption":"Luxor Mobile Double Sided Magnetic Whiteboard with Stand and Marker Tray 30 x 40"},{"@type":"BreadcrumbList","@id":"https:\/\/ksproducts.ca\/product\/luxor-mobile-double-sided-magnetic-whiteboard-with-stand-and-marker-tray-30-x-40\/#breadcrumb","itemListElement":[{"@type":"ListItem","position":1,"name":"Home","item":"https:\/\/ksproducts.ca\/"},{"@type":"ListItem","position":2,"name":"Shop","item":"https:\/\/ksproducts.ca\/shop\/"},{"@type":"ListItem","position":3,"name":"Luxor Mobile Double-Sided Magnetic Whiteboard with Stand and Marker Tray &#8211; 30 x 40"}]},{"@type":"WebSite","@id":"https:\/\/ksproducts.ca\/#website","url":"https:\/\/ksproducts.ca\/","name":"Produits Ks","description":"Cuisiner et vivre en plein air, c'est facile au Canada","publisher":{"@id":"https:\/\/ksproducts.ca\/#organization"},"potentialAction":[{"@type":"SearchAction","target":{"@type":"EntryPoint","urlTemplate":"https:\/\/ksproducts.ca\/?s={search_term_string}"},"query-input":{"@type":"PropertyValueSpecification","valueRequired":true,"valueName":"search_term_string"}}],"inLanguage":"fr-CA"},{"@type":"Organization","@id":"https:\/\/ksproducts.ca\/#organization","name":"Produits Ks","url":"https:\/\/ksproducts.ca\/","logo":{"@type":"ImageObject","inLanguage":"fr-CA","@id":"https:\/\/ksproducts.ca\/#\/schema\/logo\/image\/","url":"https:\/\/ksproducts.ca\/wp-content\/uploads\/2023\/09\/Kennedy-Sales-Logo-header-1.png","contentUrl":"https:\/\/ksproducts.ca\/wp-content\/uploads\/2023\/09\/Kennedy-Sales-Logo-header-1.png","width":150,"height":77,"caption":"Ks Products"},"image":{"@id":"https:\/\/ksproducts.ca\/#\/schema\/logo\/image\/"}}]}},"_links":{"self":[{"href":"https:\/\/ksproducts.ca\/fr\/wp-json\/wp\/v2\/product\/12339","targetHints":{"allow":["GET"]}}],"collection":[{"href":"https:\/\/ksproducts.ca\/fr\/wp-json\/wp\/v2\/product"}],"about":[{"href":"https:\/\/ksproducts.ca\/fr\/wp-json\/wp\/v2\/types\/product"}],"replies":[{"embeddable":true,"href":"https:\/\/ksproducts.ca\/fr\/wp-json\/wp\/v2\/comments?post=12339"}],"version-history":[{"count":1,"href":"https:\/\/ksproducts.ca\/fr\/wp-json\/wp\/v2\/product\/12339\/revisions"}],"predecessor-version":[{"id":12341,"href":"https:\/\/ksproducts.ca\/fr\/wp-json\/wp\/v2\/product\/12339\/revisions\/12341"}],"wp:featuredmedia":[{"embeddable":true,"href":"https:\/\/ksproducts.ca\/fr\/wp-json\/wp\/v2\/media\/12340"}],"wp:attachment":[{"href":"https:\/\/ksproducts.ca\/fr\/wp-json\/wp\/v2\/media?parent=12339"}],"wp:term":[{"taxonomy":"product_cat","embeddable":true,"href":"https:\/\/ksproducts.ca\/fr\/wp-json\/wp\/v2\/product_cat?post=12339"},{"taxonomy":"product_tag","embeddable":true,"href":"https:\/\/ksproducts.ca\/fr\/wp-json\/wp\/v2\/product_tag?post=12339"}],"curies":[{"name":"wp","href":"https:\/\/api.w.org\/{rel}","templated":true}]}}