{"id":12352,"date":"2026-03-11T18:19:06","date_gmt":"2026-03-11T18:19:06","guid":{"rendered":"https:\/\/ksproducts.ca\/?post_type=product&#038;p=12352"},"modified":"2026-03-11T18:19:06","modified_gmt":"2026-03-11T18:19:06","slug":"luxor-mobile-tableau-blanc-magnetique-double-face-avec-support-pour-grille-fantome-et-plateau-pour-marqueurs-72-x-40","status":"publish","type":"product","link":"https:\/\/ksproducts.ca\/fr\/product\/luxor-mobile-double-sided-magnetic-whiteboard-with-ghost-grid-stand-and-marker-tray-72-x-40\/","title":{"rendered":"Luxor Mobile Tableau blanc magn\u00e9tique double face avec grille fant\u00f4me, support et bac \u00e0 marqueurs - 72 x 40"},"content":{"rendered":"<ul>\n<li>Tableau blanc 72 x 40 avec grille fant\u00f4me 2\u00d72<\/li>\n<li>Comprend deux rouleaux de ruban adh\u00e9sif noir pour tableau blanc pour cr\u00e9er des graphiques et des colonnes<\/li>\n<li>Le tableau r\u00e9versible se retourne facilement pour doubler la surface d'\u00e9criture.<\/li>\n<\/ul>","protected":false},"excerpt":{"rendered":"<p>Le tableau blanc magn\u00e9tique mobile Luxors 72 x 40 est dot\u00e9 d'une grille fant\u00f4me 2\u00d72 qui transforme instantan\u00e9ment un tableau blanc traditionnel en un outil efficace pour faciliter la communication dans les entreprises, les \u00e9coles et les environnements de production. Deux rouleaux de ruban adh\u00e9sif pour tableau blanc sont inclus pour cr\u00e9er les lignes droites n\u00e9cessaires \u00e0 la r\u00e9alisation de graphiques et de colonnes d'aspect professionnel sans attirer l'attention sur les lignes de la grille.<\/p>","protected":false},"featured_media":12353,"comment_status":"open","ping_status":"closed","template":"","meta":[],"product_cat":[435],"product_tag":[],"class_list":{"0":"post-12352","1":"product","2":"type-product","3":"status-publish","4":"has-post-thumbnail","6":"product_cat-whiteboards-glass-boards","7":"product_shipping_class-class-3","9":"first","10":"instock","11":"taxable","12":"shipping-taxable","13":"purchasable","14":"product-type-simple"},"yoast_head":"<!-- This site is optimized with the Yoast SEO plugin v27.3 - https:\/\/yoast.com\/product\/yoast-seo-wordpress\/ -->\n<title>Luxor Mobile Double-Sided Magnetic Whiteboard with Ghost Grid, Stand and Marker Tray - 72 x 40 - Ks Products<\/title>\n<meta name=\"robots\" content=\"index, follow, max-snippet:-1, max-image-preview:large, max-video-preview:-1\" \/>\n<link rel=\"canonical\" href=\"https:\/\/ksproducts.ca\/fr\/product\/luxor-mobile-tableau-blanc-magnetique-double-face-avec-support-pour-grille-fantome-et-plateau-pour-marqueurs-72-x-40\/\" \/>\n<meta property=\"og:locale\" content=\"fr_CA\" \/>\n<meta property=\"og:type\" content=\"article\" \/>\n<meta property=\"og:title\" content=\"Luxor Mobile Double-Sided Magnetic Whiteboard with Ghost Grid, Stand and Marker Tray - 72 x 40 - Ks Products\" \/>\n<meta property=\"og:description\" content=\"Luxors 72 x 40 mobile magnetic whiteboard features a 2x2 ghost grid pattern that instantly transforms a traditional whiteboard into an effective tool to facilitate communication in businesses, schools, and manufacturing environments. Two rolls of whiteboard tape are included to create the straight lines required for professional-looking graphs and columns without drawing attention to the grid lines.\" \/>\n<meta property=\"og:url\" content=\"https:\/\/ksproducts.ca\/fr\/product\/luxor-mobile-tableau-blanc-magnetique-double-face-avec-support-pour-grille-fantome-et-plateau-pour-marqueurs-72-x-40\/\" \/>\n<meta property=\"og:site_name\" content=\"Ks Products\" \/>\n<meta property=\"og:image\" content=\"https:\/\/ksproducts.ca\/wp-content\/uploads\/2026\/03\/Luxor-Mobile-Double-Sided-Magnetic-Whiteboard-with-Ghost-Grid-Stand-and-Marker-Tray-72-x-40.png\" \/>\n\t<meta property=\"og:image:width\" content=\"440\" \/>\n\t<meta property=\"og:image:height\" content=\"440\" \/>\n\t<meta property=\"og:image:type\" content=\"image\/png\" \/>\n<meta name=\"twitter:card\" content=\"summary_large_image\" \/>\n<meta name=\"twitter:label1\" content=\"Estimation du temps de lecture\" \/>\n\t<meta name=\"twitter:data1\" content=\"1 minute\" \/>\n<script type=\"application\/ld+json\" class=\"yoast-schema-graph\">{\"@context\":\"https:\\\/\\\/schema.org\",\"@graph\":[{\"@type\":\"WebPage\",\"@id\":\"https:\\\/\\\/ksproducts.ca\\\/product\\\/luxor-mobile-double-sided-magnetic-whiteboard-with-ghost-grid-stand-and-marker-tray-72-x-40\\\/\",\"url\":\"https:\\\/\\\/ksproducts.ca\\\/product\\\/luxor-mobile-double-sided-magnetic-whiteboard-with-ghost-grid-stand-and-marker-tray-72-x-40\\\/\",\"name\":\"Luxor Mobile Double-Sided Magnetic Whiteboard with Ghost Grid, Stand and Marker Tray - 72 x 40 - Ks Products\",\"isPartOf\":{\"@id\":\"https:\\\/\\\/ksproducts.ca\\\/#website\"},\"primaryImageOfPage\":{\"@id\":\"https:\\\/\\\/ksproducts.ca\\\/product\\\/luxor-mobile-double-sided-magnetic-whiteboard-with-ghost-grid-stand-and-marker-tray-72-x-40\\\/#primaryimage\"},\"image\":{\"@id\":\"https:\\\/\\\/ksproducts.ca\\\/product\\\/luxor-mobile-double-sided-magnetic-whiteboard-with-ghost-grid-stand-and-marker-tray-72-x-40\\\/#primaryimage\"},\"thumbnailUrl\":\"https:\\\/\\\/ksproducts.ca\\\/wp-content\\\/uploads\\\/2026\\\/03\\\/Luxor-Mobile-Double-Sided-Magnetic-Whiteboard-with-Ghost-Grid-Stand-and-Marker-Tray-72-x-40.png\",\"datePublished\":\"2026-03-11T18:19:06+00:00\",\"breadcrumb\":{\"@id\":\"https:\\\/\\\/ksproducts.ca\\\/product\\\/luxor-mobile-double-sided-magnetic-whiteboard-with-ghost-grid-stand-and-marker-tray-72-x-40\\\/#breadcrumb\"},\"inLanguage\":\"fr-CA\",\"potentialAction\":[{\"@type\":\"ReadAction\",\"target\":[\"https:\\\/\\\/ksproducts.ca\\\/product\\\/luxor-mobile-double-sided-magnetic-whiteboard-with-ghost-grid-stand-and-marker-tray-72-x-40\\\/\"]}]},{\"@type\":\"ImageObject\",\"inLanguage\":\"fr-CA\",\"@id\":\"https:\\\/\\\/ksproducts.ca\\\/product\\\/luxor-mobile-double-sided-magnetic-whiteboard-with-ghost-grid-stand-and-marker-tray-72-x-40\\\/#primaryimage\",\"url\":\"https:\\\/\\\/ksproducts.ca\\\/wp-content\\\/uploads\\\/2026\\\/03\\\/Luxor-Mobile-Double-Sided-Magnetic-Whiteboard-with-Ghost-Grid-Stand-and-Marker-Tray-72-x-40.png\",\"contentUrl\":\"https:\\\/\\\/ksproducts.ca\\\/wp-content\\\/uploads\\\/2026\\\/03\\\/Luxor-Mobile-Double-Sided-Magnetic-Whiteboard-with-Ghost-Grid-Stand-and-Marker-Tray-72-x-40.png\",\"width\":440,\"height\":440,\"caption\":\"Luxor Mobile Double Sided Magnetic Whiteboard with Ghost Grid, Stand and Marker Tray 72 x 40\"},{\"@type\":\"BreadcrumbList\",\"@id\":\"https:\\\/\\\/ksproducts.ca\\\/product\\\/luxor-mobile-double-sided-magnetic-whiteboard-with-ghost-grid-stand-and-marker-tray-72-x-40\\\/#breadcrumb\",\"itemListElement\":[{\"@type\":\"ListItem\",\"position\":1,\"name\":\"Home\",\"item\":\"https:\\\/\\\/ksproducts.ca\\\/\"},{\"@type\":\"ListItem\",\"position\":2,\"name\":\"Shop\",\"item\":\"https:\\\/\\\/ksproducts.ca\\\/shop\\\/\"},{\"@type\":\"ListItem\",\"position\":3,\"name\":\"Luxor Mobile Double-Sided Magnetic Whiteboard with Ghost Grid, Stand and Marker Tray &#8211; 72 x 40\"}]},{\"@type\":\"WebSite\",\"@id\":\"https:\\\/\\\/ksproducts.ca\\\/#website\",\"url\":\"https:\\\/\\\/ksproducts.ca\\\/\",\"name\":\"Ks Products\",\"description\":\"Outdoor cooking and living, made easy in Canada\",\"publisher\":{\"@id\":\"https:\\\/\\\/ksproducts.ca\\\/#organization\"},\"potentialAction\":[{\"@type\":\"SearchAction\",\"target\":{\"@type\":\"EntryPoint\",\"urlTemplate\":\"https:\\\/\\\/ksproducts.ca\\\/?s={search_term_string}\"},\"query-input\":{\"@type\":\"PropertyValueSpecification\",\"valueRequired\":true,\"valueName\":\"search_term_string\"}}],\"inLanguage\":\"fr-CA\"},{\"@type\":\"Organization\",\"@id\":\"https:\\\/\\\/ksproducts.ca\\\/#organization\",\"name\":\"Ks Products\",\"url\":\"https:\\\/\\\/ksproducts.ca\\\/\",\"logo\":{\"@type\":\"ImageObject\",\"inLanguage\":\"fr-CA\",\"@id\":\"https:\\\/\\\/ksproducts.ca\\\/#\\\/schema\\\/logo\\\/image\\\/\",\"url\":\"https:\\\/\\\/ksproducts.ca\\\/wp-content\\\/uploads\\\/2023\\\/09\\\/Kennedy-Sales-Logo-header-1.png\",\"contentUrl\":\"https:\\\/\\\/ksproducts.ca\\\/wp-content\\\/uploads\\\/2023\\\/09\\\/Kennedy-Sales-Logo-header-1.png\",\"width\":150,\"height\":77,\"caption\":\"Ks Products\"},\"image\":{\"@id\":\"https:\\\/\\\/ksproducts.ca\\\/#\\\/schema\\\/logo\\\/image\\\/\"}}]}<\/script>\n<!-- \/ Yoast SEO plugin. -->","yoast_head_json":{"title":"Luxor Mobile Tableau blanc magn\u00e9tique double face avec grille fant\u00f4me, support et bac \u00e0 marqueurs - 72 x 40 - Ks Products","robots":{"index":"index","follow":"follow","max-snippet":"max-snippet:-1","max-image-preview":"max-image-preview:large","max-video-preview":"max-video-preview:-1"},"canonical":"https:\/\/ksproducts.ca\/fr\/product\/luxor-mobile-tableau-blanc-magnetique-double-face-avec-support-pour-grille-fantome-et-plateau-pour-marqueurs-72-x-40\/","og_locale":"fr_CA","og_type":"article","og_title":"Luxor Mobile Double-Sided Magnetic Whiteboard with Ghost Grid, Stand and Marker Tray - 72 x 40 - Ks Products","og_description":"Luxors 72 x 40 mobile magnetic whiteboard features a 2x2 ghost grid pattern that instantly transforms a traditional whiteboard into an effective tool to facilitate communication in businesses, schools, and manufacturing environments. Two rolls of whiteboard tape are included to create the straight lines required for professional-looking graphs and columns without drawing attention to the grid lines.","og_url":"https:\/\/ksproducts.ca\/fr\/product\/luxor-mobile-tableau-blanc-magnetique-double-face-avec-support-pour-grille-fantome-et-plateau-pour-marqueurs-72-x-40\/","og_site_name":"Ks Products","og_image":[{"width":440,"height":440,"url":"https:\/\/ksproducts.ca\/wp-content\/uploads\/2026\/03\/Luxor-Mobile-Double-Sided-Magnetic-Whiteboard-with-Ghost-Grid-Stand-and-Marker-Tray-72-x-40.png","type":"image\/png"}],"twitter_card":"summary_large_image","twitter_misc":{"Estimation du temps de lecture":"1 minute"},"schema":{"@context":"https:\/\/schema.org","@graph":[{"@type":"WebPage","@id":"https:\/\/ksproducts.ca\/product\/luxor-mobile-double-sided-magnetic-whiteboard-with-ghost-grid-stand-and-marker-tray-72-x-40\/","url":"https:\/\/ksproducts.ca\/product\/luxor-mobile-double-sided-magnetic-whiteboard-with-ghost-grid-stand-and-marker-tray-72-x-40\/","name":"Luxor Mobile Tableau blanc magn\u00e9tique double face avec grille fant\u00f4me, support et bac \u00e0 marqueurs - 72 x 40 - Ks Products","isPartOf":{"@id":"https:\/\/ksproducts.ca\/#website"},"primaryImageOfPage":{"@id":"https:\/\/ksproducts.ca\/product\/luxor-mobile-double-sided-magnetic-whiteboard-with-ghost-grid-stand-and-marker-tray-72-x-40\/#primaryimage"},"image":{"@id":"https:\/\/ksproducts.ca\/product\/luxor-mobile-double-sided-magnetic-whiteboard-with-ghost-grid-stand-and-marker-tray-72-x-40\/#primaryimage"},"thumbnailUrl":"https:\/\/ksproducts.ca\/wp-content\/uploads\/2026\/03\/Luxor-Mobile-Double-Sided-Magnetic-Whiteboard-with-Ghost-Grid-Stand-and-Marker-Tray-72-x-40.png","datePublished":"2026-03-11T18:19:06+00:00","breadcrumb":{"@id":"https:\/\/ksproducts.ca\/product\/luxor-mobile-double-sided-magnetic-whiteboard-with-ghost-grid-stand-and-marker-tray-72-x-40\/#breadcrumb"},"inLanguage":"fr-CA","potentialAction":[{"@type":"ReadAction","target":["https:\/\/ksproducts.ca\/product\/luxor-mobile-double-sided-magnetic-whiteboard-with-ghost-grid-stand-and-marker-tray-72-x-40\/"]}]},{"@type":"ImageObject","inLanguage":"fr-CA","@id":"https:\/\/ksproducts.ca\/product\/luxor-mobile-double-sided-magnetic-whiteboard-with-ghost-grid-stand-and-marker-tray-72-x-40\/#primaryimage","url":"https:\/\/ksproducts.ca\/wp-content\/uploads\/2026\/03\/Luxor-Mobile-Double-Sided-Magnetic-Whiteboard-with-Ghost-Grid-Stand-and-Marker-Tray-72-x-40.png","contentUrl":"https:\/\/ksproducts.ca\/wp-content\/uploads\/2026\/03\/Luxor-Mobile-Double-Sided-Magnetic-Whiteboard-with-Ghost-Grid-Stand-and-Marker-Tray-72-x-40.png","width":440,"height":440,"caption":"Luxor Mobile Double Sided Magnetic Whiteboard with Ghost Grid, Stand and Marker Tray 72 x 40"},{"@type":"BreadcrumbList","@id":"https:\/\/ksproducts.ca\/product\/luxor-mobile-double-sided-magnetic-whiteboard-with-ghost-grid-stand-and-marker-tray-72-x-40\/#breadcrumb","itemListElement":[{"@type":"ListItem","position":1,"name":"Home","item":"https:\/\/ksproducts.ca\/"},{"@type":"ListItem","position":2,"name":"Shop","item":"https:\/\/ksproducts.ca\/shop\/"},{"@type":"ListItem","position":3,"name":"Luxor Mobile Double-Sided Magnetic Whiteboard with Ghost Grid, Stand and Marker Tray &#8211; 72 x 40"}]},{"@type":"WebSite","@id":"https:\/\/ksproducts.ca\/#website","url":"https:\/\/ksproducts.ca\/","name":"Produits Ks","description":"Cuisiner et vivre en plein air, c'est facile au Canada","publisher":{"@id":"https:\/\/ksproducts.ca\/#organization"},"potentialAction":[{"@type":"SearchAction","target":{"@type":"EntryPoint","urlTemplate":"https:\/\/ksproducts.ca\/?s={search_term_string}"},"query-input":{"@type":"PropertyValueSpecification","valueRequired":true,"valueName":"search_term_string"}}],"inLanguage":"fr-CA"},{"@type":"Organization","@id":"https:\/\/ksproducts.ca\/#organization","name":"Produits Ks","url":"https:\/\/ksproducts.ca\/","logo":{"@type":"ImageObject","inLanguage":"fr-CA","@id":"https:\/\/ksproducts.ca\/#\/schema\/logo\/image\/","url":"https:\/\/ksproducts.ca\/wp-content\/uploads\/2023\/09\/Kennedy-Sales-Logo-header-1.png","contentUrl":"https:\/\/ksproducts.ca\/wp-content\/uploads\/2023\/09\/Kennedy-Sales-Logo-header-1.png","width":150,"height":77,"caption":"Ks Products"},"image":{"@id":"https:\/\/ksproducts.ca\/#\/schema\/logo\/image\/"}}]}},"_links":{"self":[{"href":"https:\/\/ksproducts.ca\/fr\/wp-json\/wp\/v2\/product\/12352","targetHints":{"allow":["GET"]}}],"collection":[{"href":"https:\/\/ksproducts.ca\/fr\/wp-json\/wp\/v2\/product"}],"about":[{"href":"https:\/\/ksproducts.ca\/fr\/wp-json\/wp\/v2\/types\/product"}],"replies":[{"embeddable":true,"href":"https:\/\/ksproducts.ca\/fr\/wp-json\/wp\/v2\/comments?post=12352"}],"version-history":[{"count":1,"href":"https:\/\/ksproducts.ca\/fr\/wp-json\/wp\/v2\/product\/12352\/revisions"}],"predecessor-version":[{"id":12354,"href":"https:\/\/ksproducts.ca\/fr\/wp-json\/wp\/v2\/product\/12352\/revisions\/12354"}],"wp:featuredmedia":[{"embeddable":true,"href":"https:\/\/ksproducts.ca\/fr\/wp-json\/wp\/v2\/media\/12353"}],"wp:attachment":[{"href":"https:\/\/ksproducts.ca\/fr\/wp-json\/wp\/v2\/media?parent=12352"}],"wp:term":[{"taxonomy":"product_cat","embeddable":true,"href":"https:\/\/ksproducts.ca\/fr\/wp-json\/wp\/v2\/product_cat?post=12352"},{"taxonomy":"product_tag","embeddable":true,"href":"https:\/\/ksproducts.ca\/fr\/wp-json\/wp\/v2\/product_tag?post=12352"}],"curies":[{"name":"wp","href":"https:\/\/api.w.org\/{rel}","templated":true}]}}