{"id":12358,"date":"2026-03-11T18:24:29","date_gmt":"2026-03-11T18:24:29","guid":{"rendered":"https:\/\/ksproducts.ca\/?post_type=product&#038;p=12358"},"modified":"2026-03-11T18:24:29","modified_gmt":"2026-03-11T18:24:29","slug":"luxor-mobile-tableau-blanc-magnetique-double-face-avec-support-pour-lignes-de-portee-musicale-et-plateau-pour-marqueurs-72-x-40","status":"publish","type":"product","link":"https:\/\/ksproducts.ca\/fr\/product\/luxor-mobile-double-sided-magnetic-whiteboard-with-music-staff-lines-stand-and-marker-tray-72-x-40\/","title":{"rendered":"Luxor Mobile Tableau blanc magn\u00e9tique double face avec lignes de port\u00e9e musicale, support et bac \u00e0 marqueurs - 72 x 40"},"content":{"rendered":"<ul>\n<li>Tableau de notation musicale \u00e0 double face<\/li>\n<li>Cinq jeux de lignes de port\u00e9e musicale sur les deux faces (10 au total) offrent suffisamment d'espace pour la notation et la composition.<\/li>\n<li>Les lignes de la port\u00e9e musicale sont imprim\u00e9es de fa\u00e7on permanente et r\u00e9sistent aux UV<\/li>\n<\/ul>","protected":false},"excerpt":{"rendered":"<p>\u00c9vitez de dessiner ou de coller des lignes de port\u00e9e avec le tableau blanc musical double face Luxor Mobile. Les deux faces comportent cinq rang\u00e9es permanentes de lignes de port\u00e9e r\u00e9sistantes aux UV sur toute la largeur de la surface, soit 10 s\u00e9ries de lignes de port\u00e9e pour illustrer les m\u00e9lodies. Il suffit de desserrer les boutons lat\u00e9raux et le clip de verrouillage \u00e0 ressort pour retourner le tableau ou les \u00e9l\u00e8ves peuvent utiliser les deux c\u00f4t\u00e9s simultan\u00e9ment. L'espacement des lignes de la port\u00e9e permet une notation \u00e0 une ou deux clefs. Les deux c\u00f4t\u00e9s sont \u00e9galement magn\u00e9tiques pour afficher les partitions, les annonces et autres, et les quatre roulettes permettent de faire rouler le tableau blanc dans la pi\u00e8ce en toute simplicit\u00e9. Gagnez du temps et faites plus de musique avec ce tableau effa\u00e7able \u00e0 sec mobile.<\/p>","protected":false},"featured_media":12359,"comment_status":"open","ping_status":"closed","template":"","meta":[],"product_cat":[435],"product_tag":[],"class_list":{"0":"post-12358","1":"product","2":"type-product","3":"status-publish","4":"has-post-thumbnail","6":"product_cat-whiteboards-glass-boards","7":"product_shipping_class-class-3","9":"first","10":"instock","11":"taxable","12":"shipping-taxable","13":"purchasable","14":"product-type-simple"},"yoast_head":"<!-- This site is optimized with the Yoast SEO plugin v27.3 - https:\/\/yoast.com\/product\/yoast-seo-wordpress\/ -->\n<title>Luxor Mobile Double-Sided Magnetic Whiteboard with Music Staff Lines, Stand and Marker Tray - 72 x 40 - Ks Products<\/title>\n<meta name=\"robots\" content=\"index, follow, max-snippet:-1, max-image-preview:large, max-video-preview:-1\" \/>\n<link rel=\"canonical\" href=\"https:\/\/ksproducts.ca\/fr\/product\/luxor-mobile-tableau-blanc-magnetique-double-face-avec-support-pour-lignes-de-portee-musicale-et-plateau-pour-marqueurs-72-x-40\/\" \/>\n<meta property=\"og:locale\" content=\"fr_CA\" \/>\n<meta property=\"og:type\" content=\"article\" \/>\n<meta property=\"og:title\" content=\"Luxor Mobile Double-Sided Magnetic Whiteboard with Music Staff Lines, Stand and Marker Tray - 72 x 40 - Ks Products\" \/>\n<meta property=\"og:description\" content=\"Avoid the hassle of drawing or taping staff lines with the Luxor Mobile Double Sided Music Whiteboard. Both sides feature five permanent rows of UV-resistant staff lines across the full six-foot-width of the surface, providing 10 overall sets of staff lines to illustrate melodies. Simply loosen the side knobs and spring-loaded locking clip to flip the board or students can us both sides simultaneously. Staff line spacing allows for single or dual-clef notation. Both sides are also magnetic for displaying sheet music, announcements and more, and four casters make rolling the whiteboard around the room a breeze. Save more time and make more music with this mobile music dry erase board.\" \/>\n<meta property=\"og:url\" content=\"https:\/\/ksproducts.ca\/fr\/product\/luxor-mobile-tableau-blanc-magnetique-double-face-avec-support-pour-lignes-de-portee-musicale-et-plateau-pour-marqueurs-72-x-40\/\" \/>\n<meta property=\"og:site_name\" content=\"Ks Products\" \/>\n<meta property=\"og:image\" content=\"https:\/\/ksproducts.ca\/wp-content\/uploads\/2026\/03\/Luxor-Mobile-Double-Sided-Magnetic-Whiteboard-with-Music-Staff-Lines-Stand-and-Marker-Tray-72-x-40.png\" \/>\n\t<meta property=\"og:image:width\" content=\"440\" \/>\n\t<meta property=\"og:image:height\" content=\"440\" \/>\n\t<meta property=\"og:image:type\" content=\"image\/png\" \/>\n<meta name=\"twitter:card\" content=\"summary_large_image\" \/>\n<meta name=\"twitter:label1\" content=\"Estimation du temps de lecture\" \/>\n\t<meta name=\"twitter:data1\" content=\"1 minute\" \/>\n<script type=\"application\/ld+json\" class=\"yoast-schema-graph\">{\"@context\":\"https:\\\/\\\/schema.org\",\"@graph\":[{\"@type\":\"WebPage\",\"@id\":\"https:\\\/\\\/ksproducts.ca\\\/product\\\/luxor-mobile-double-sided-magnetic-whiteboard-with-music-staff-lines-stand-and-marker-tray-72-x-40\\\/\",\"url\":\"https:\\\/\\\/ksproducts.ca\\\/product\\\/luxor-mobile-double-sided-magnetic-whiteboard-with-music-staff-lines-stand-and-marker-tray-72-x-40\\\/\",\"name\":\"Luxor Mobile Double-Sided Magnetic Whiteboard with Music Staff Lines, Stand and Marker Tray - 72 x 40 - Ks Products\",\"isPartOf\":{\"@id\":\"https:\\\/\\\/ksproducts.ca\\\/#website\"},\"primaryImageOfPage\":{\"@id\":\"https:\\\/\\\/ksproducts.ca\\\/product\\\/luxor-mobile-double-sided-magnetic-whiteboard-with-music-staff-lines-stand-and-marker-tray-72-x-40\\\/#primaryimage\"},\"image\":{\"@id\":\"https:\\\/\\\/ksproducts.ca\\\/product\\\/luxor-mobile-double-sided-magnetic-whiteboard-with-music-staff-lines-stand-and-marker-tray-72-x-40\\\/#primaryimage\"},\"thumbnailUrl\":\"https:\\\/\\\/ksproducts.ca\\\/wp-content\\\/uploads\\\/2026\\\/03\\\/Luxor-Mobile-Double-Sided-Magnetic-Whiteboard-with-Music-Staff-Lines-Stand-and-Marker-Tray-72-x-40.png\",\"datePublished\":\"2026-03-11T18:24:29+00:00\",\"breadcrumb\":{\"@id\":\"https:\\\/\\\/ksproducts.ca\\\/product\\\/luxor-mobile-double-sided-magnetic-whiteboard-with-music-staff-lines-stand-and-marker-tray-72-x-40\\\/#breadcrumb\"},\"inLanguage\":\"fr-CA\",\"potentialAction\":[{\"@type\":\"ReadAction\",\"target\":[\"https:\\\/\\\/ksproducts.ca\\\/product\\\/luxor-mobile-double-sided-magnetic-whiteboard-with-music-staff-lines-stand-and-marker-tray-72-x-40\\\/\"]}]},{\"@type\":\"ImageObject\",\"inLanguage\":\"fr-CA\",\"@id\":\"https:\\\/\\\/ksproducts.ca\\\/product\\\/luxor-mobile-double-sided-magnetic-whiteboard-with-music-staff-lines-stand-and-marker-tray-72-x-40\\\/#primaryimage\",\"url\":\"https:\\\/\\\/ksproducts.ca\\\/wp-content\\\/uploads\\\/2026\\\/03\\\/Luxor-Mobile-Double-Sided-Magnetic-Whiteboard-with-Music-Staff-Lines-Stand-and-Marker-Tray-72-x-40.png\",\"contentUrl\":\"https:\\\/\\\/ksproducts.ca\\\/wp-content\\\/uploads\\\/2026\\\/03\\\/Luxor-Mobile-Double-Sided-Magnetic-Whiteboard-with-Music-Staff-Lines-Stand-and-Marker-Tray-72-x-40.png\",\"width\":440,\"height\":440,\"caption\":\"Luxor Mobile Double Sided Magnetic Whiteboard with Music Staff Lines, Stand and Marker Tray 72 x 40\"},{\"@type\":\"BreadcrumbList\",\"@id\":\"https:\\\/\\\/ksproducts.ca\\\/product\\\/luxor-mobile-double-sided-magnetic-whiteboard-with-music-staff-lines-stand-and-marker-tray-72-x-40\\\/#breadcrumb\",\"itemListElement\":[{\"@type\":\"ListItem\",\"position\":1,\"name\":\"Home\",\"item\":\"https:\\\/\\\/ksproducts.ca\\\/\"},{\"@type\":\"ListItem\",\"position\":2,\"name\":\"Shop\",\"item\":\"https:\\\/\\\/ksproducts.ca\\\/shop\\\/\"},{\"@type\":\"ListItem\",\"position\":3,\"name\":\"Luxor Mobile Double-Sided Magnetic Whiteboard with Music Staff Lines, Stand and Marker Tray &#8211; 72 x 40\"}]},{\"@type\":\"WebSite\",\"@id\":\"https:\\\/\\\/ksproducts.ca\\\/#website\",\"url\":\"https:\\\/\\\/ksproducts.ca\\\/\",\"name\":\"Ks Products\",\"description\":\"Outdoor cooking and living, made easy in Canada\",\"publisher\":{\"@id\":\"https:\\\/\\\/ksproducts.ca\\\/#organization\"},\"potentialAction\":[{\"@type\":\"SearchAction\",\"target\":{\"@type\":\"EntryPoint\",\"urlTemplate\":\"https:\\\/\\\/ksproducts.ca\\\/?s={search_term_string}\"},\"query-input\":{\"@type\":\"PropertyValueSpecification\",\"valueRequired\":true,\"valueName\":\"search_term_string\"}}],\"inLanguage\":\"fr-CA\"},{\"@type\":\"Organization\",\"@id\":\"https:\\\/\\\/ksproducts.ca\\\/#organization\",\"name\":\"Ks Products\",\"url\":\"https:\\\/\\\/ksproducts.ca\\\/\",\"logo\":{\"@type\":\"ImageObject\",\"inLanguage\":\"fr-CA\",\"@id\":\"https:\\\/\\\/ksproducts.ca\\\/#\\\/schema\\\/logo\\\/image\\\/\",\"url\":\"https:\\\/\\\/ksproducts.ca\\\/wp-content\\\/uploads\\\/2023\\\/09\\\/Kennedy-Sales-Logo-header-1.png\",\"contentUrl\":\"https:\\\/\\\/ksproducts.ca\\\/wp-content\\\/uploads\\\/2023\\\/09\\\/Kennedy-Sales-Logo-header-1.png\",\"width\":150,\"height\":77,\"caption\":\"Ks Products\"},\"image\":{\"@id\":\"https:\\\/\\\/ksproducts.ca\\\/#\\\/schema\\\/logo\\\/image\\\/\"}}]}<\/script>\n<!-- \/ Yoast SEO plugin. -->","yoast_head_json":{"title":"Luxor Mobile Tableau blanc magn\u00e9tique double face avec lignes de port\u00e9e musicale, support et bac \u00e0 marqueurs - 72 x 40 - Ks Products","robots":{"index":"index","follow":"follow","max-snippet":"max-snippet:-1","max-image-preview":"max-image-preview:large","max-video-preview":"max-video-preview:-1"},"canonical":"https:\/\/ksproducts.ca\/fr\/product\/luxor-mobile-tableau-blanc-magnetique-double-face-avec-support-pour-lignes-de-portee-musicale-et-plateau-pour-marqueurs-72-x-40\/","og_locale":"fr_CA","og_type":"article","og_title":"Luxor Mobile Double-Sided Magnetic Whiteboard with Music Staff Lines, Stand and Marker Tray - 72 x 40 - Ks Products","og_description":"Avoid the hassle of drawing or taping staff lines with the Luxor Mobile Double Sided Music Whiteboard. Both sides feature five permanent rows of UV-resistant staff lines across the full six-foot-width of the surface, providing 10 overall sets of staff lines to illustrate melodies. Simply loosen the side knobs and spring-loaded locking clip to flip the board or students can us both sides simultaneously. Staff line spacing allows for single or dual-clef notation. Both sides are also magnetic for displaying sheet music, announcements and more, and four casters make rolling the whiteboard around the room a breeze. Save more time and make more music with this mobile music dry erase board.","og_url":"https:\/\/ksproducts.ca\/fr\/product\/luxor-mobile-tableau-blanc-magnetique-double-face-avec-support-pour-lignes-de-portee-musicale-et-plateau-pour-marqueurs-72-x-40\/","og_site_name":"Ks Products","og_image":[{"width":440,"height":440,"url":"https:\/\/ksproducts.ca\/wp-content\/uploads\/2026\/03\/Luxor-Mobile-Double-Sided-Magnetic-Whiteboard-with-Music-Staff-Lines-Stand-and-Marker-Tray-72-x-40.png","type":"image\/png"}],"twitter_card":"summary_large_image","twitter_misc":{"Estimation du temps de lecture":"1 minute"},"schema":{"@context":"https:\/\/schema.org","@graph":[{"@type":"WebPage","@id":"https:\/\/ksproducts.ca\/product\/luxor-mobile-double-sided-magnetic-whiteboard-with-music-staff-lines-stand-and-marker-tray-72-x-40\/","url":"https:\/\/ksproducts.ca\/product\/luxor-mobile-double-sided-magnetic-whiteboard-with-music-staff-lines-stand-and-marker-tray-72-x-40\/","name":"Luxor Mobile Tableau blanc magn\u00e9tique double face avec lignes de port\u00e9e musicale, support et bac \u00e0 marqueurs - 72 x 40 - Ks Products","isPartOf":{"@id":"https:\/\/ksproducts.ca\/#website"},"primaryImageOfPage":{"@id":"https:\/\/ksproducts.ca\/product\/luxor-mobile-double-sided-magnetic-whiteboard-with-music-staff-lines-stand-and-marker-tray-72-x-40\/#primaryimage"},"image":{"@id":"https:\/\/ksproducts.ca\/product\/luxor-mobile-double-sided-magnetic-whiteboard-with-music-staff-lines-stand-and-marker-tray-72-x-40\/#primaryimage"},"thumbnailUrl":"https:\/\/ksproducts.ca\/wp-content\/uploads\/2026\/03\/Luxor-Mobile-Double-Sided-Magnetic-Whiteboard-with-Music-Staff-Lines-Stand-and-Marker-Tray-72-x-40.png","datePublished":"2026-03-11T18:24:29+00:00","breadcrumb":{"@id":"https:\/\/ksproducts.ca\/product\/luxor-mobile-double-sided-magnetic-whiteboard-with-music-staff-lines-stand-and-marker-tray-72-x-40\/#breadcrumb"},"inLanguage":"fr-CA","potentialAction":[{"@type":"ReadAction","target":["https:\/\/ksproducts.ca\/product\/luxor-mobile-double-sided-magnetic-whiteboard-with-music-staff-lines-stand-and-marker-tray-72-x-40\/"]}]},{"@type":"ImageObject","inLanguage":"fr-CA","@id":"https:\/\/ksproducts.ca\/product\/luxor-mobile-double-sided-magnetic-whiteboard-with-music-staff-lines-stand-and-marker-tray-72-x-40\/#primaryimage","url":"https:\/\/ksproducts.ca\/wp-content\/uploads\/2026\/03\/Luxor-Mobile-Double-Sided-Magnetic-Whiteboard-with-Music-Staff-Lines-Stand-and-Marker-Tray-72-x-40.png","contentUrl":"https:\/\/ksproducts.ca\/wp-content\/uploads\/2026\/03\/Luxor-Mobile-Double-Sided-Magnetic-Whiteboard-with-Music-Staff-Lines-Stand-and-Marker-Tray-72-x-40.png","width":440,"height":440,"caption":"Luxor Mobile Double Sided Magnetic Whiteboard with Music Staff Lines, Stand and Marker Tray 72 x 40"},{"@type":"BreadcrumbList","@id":"https:\/\/ksproducts.ca\/product\/luxor-mobile-double-sided-magnetic-whiteboard-with-music-staff-lines-stand-and-marker-tray-72-x-40\/#breadcrumb","itemListElement":[{"@type":"ListItem","position":1,"name":"Home","item":"https:\/\/ksproducts.ca\/"},{"@type":"ListItem","position":2,"name":"Shop","item":"https:\/\/ksproducts.ca\/shop\/"},{"@type":"ListItem","position":3,"name":"Luxor Mobile Double-Sided Magnetic Whiteboard with Music Staff Lines, Stand and Marker Tray &#8211; 72 x 40"}]},{"@type":"WebSite","@id":"https:\/\/ksproducts.ca\/#website","url":"https:\/\/ksproducts.ca\/","name":"Produits Ks","description":"Cuisiner et vivre en plein air, c'est facile au Canada","publisher":{"@id":"https:\/\/ksproducts.ca\/#organization"},"potentialAction":[{"@type":"SearchAction","target":{"@type":"EntryPoint","urlTemplate":"https:\/\/ksproducts.ca\/?s={search_term_string}"},"query-input":{"@type":"PropertyValueSpecification","valueRequired":true,"valueName":"search_term_string"}}],"inLanguage":"fr-CA"},{"@type":"Organization","@id":"https:\/\/ksproducts.ca\/#organization","name":"Produits Ks","url":"https:\/\/ksproducts.ca\/","logo":{"@type":"ImageObject","inLanguage":"fr-CA","@id":"https:\/\/ksproducts.ca\/#\/schema\/logo\/image\/","url":"https:\/\/ksproducts.ca\/wp-content\/uploads\/2023\/09\/Kennedy-Sales-Logo-header-1.png","contentUrl":"https:\/\/ksproducts.ca\/wp-content\/uploads\/2023\/09\/Kennedy-Sales-Logo-header-1.png","width":150,"height":77,"caption":"Ks Products"},"image":{"@id":"https:\/\/ksproducts.ca\/#\/schema\/logo\/image\/"}}]}},"_links":{"self":[{"href":"https:\/\/ksproducts.ca\/fr\/wp-json\/wp\/v2\/product\/12358","targetHints":{"allow":["GET"]}}],"collection":[{"href":"https:\/\/ksproducts.ca\/fr\/wp-json\/wp\/v2\/product"}],"about":[{"href":"https:\/\/ksproducts.ca\/fr\/wp-json\/wp\/v2\/types\/product"}],"replies":[{"embeddable":true,"href":"https:\/\/ksproducts.ca\/fr\/wp-json\/wp\/v2\/comments?post=12358"}],"version-history":[{"count":1,"href":"https:\/\/ksproducts.ca\/fr\/wp-json\/wp\/v2\/product\/12358\/revisions"}],"predecessor-version":[{"id":12360,"href":"https:\/\/ksproducts.ca\/fr\/wp-json\/wp\/v2\/product\/12358\/revisions\/12360"}],"wp:featuredmedia":[{"embeddable":true,"href":"https:\/\/ksproducts.ca\/fr\/wp-json\/wp\/v2\/media\/12359"}],"wp:attachment":[{"href":"https:\/\/ksproducts.ca\/fr\/wp-json\/wp\/v2\/media?parent=12358"}],"wp:term":[{"taxonomy":"product_cat","embeddable":true,"href":"https:\/\/ksproducts.ca\/fr\/wp-json\/wp\/v2\/product_cat?post=12358"},{"taxonomy":"product_tag","embeddable":true,"href":"https:\/\/ksproducts.ca\/fr\/wp-json\/wp\/v2\/product_tag?post=12358"}],"curies":[{"name":"wp","href":"https:\/\/api.w.org\/{rel}","templated":true}]}}