{"id":12367,"date":"2026-03-11T18:38:04","date_gmt":"2026-03-11T18:38:04","guid":{"rendered":"https:\/\/ksproducts.ca\/?post_type=product&#038;p=12367"},"modified":"2026-03-11T18:38:05","modified_gmt":"2026-03-11T18:38:05","slug":"luxor-double-row-mobile-bin-storage-system-with-16-removable-bins-durable-frame-and-locking-casters","status":"publish","type":"product","link":"https:\/\/ksproducts.ca\/fr\/product\/luxor-double-row-mobile-bin-storage-system-with-16-removable-bins-durable-frame-and-locking-casters\/","title":{"rendered":"Syst\u00e8me de rangement mobile Luxor \u00e0 double rang\u00e9e de bacs avec 16 bacs amovibles, cadre durable et roulettes verrouillables"},"content":{"rendered":"<ul class=\"a-unordered-list a-vertical a-spacing-mini\">\n<li class=\"a-spacing-mini\"><span class=\"a-list-item\">Les unit\u00e9s de stockage polyvalentes et fonctionnelles sont id\u00e9ales pour les \u00e9coles, les garages ou les installations industrielles.<\/span><\/li>\n<li class=\"a-spacing-mini\"><span class=\"a-list-item\">Organisez et empilez les fournitures dans seize bacs de 3\u2033 de profondeur<\/span><\/li>\n<li class=\"a-spacing-mini\"><span class=\"a-list-item\">Le cadre en acier \u00e0 double rang\u00e9e est construit pour une utilisation durable.<\/span><\/li>\n<\/ul>","protected":false},"excerpt":{"rendered":"<p>Luxor MBS-DR-16S est une unit\u00e9 de stockage \u00e0 bacs mobiles avec une double rang\u00e9e de petits bacs qui permettent de ranger et de syst\u00e9matiser de mani\u00e8re pratique vos articles essentiels quotidiens dans le syst\u00e8me de bacs mobiles de Luxor. Les bacs gris spacieux sont disponibles en deux tailles et comprennent une zone pour les \u00e9tiquettes standard qui fait office de poign\u00e9e pour faciliter l'acc\u00e8s aux articles stock\u00e9s. Choisissez parmi les options de rang\u00e9e double de Luxor avec 8, 12 ou 16 bacs pour cr\u00e9er une solution de stockage efficace pour n'importe quel environnement. Caract\u00e9ristiques : Les unit\u00e9s de stockage polyvalentes et fonctionnelles sont id\u00e9ales pour les \u00e9coles, les garages ou les installations industrielles. Organisez et empilez les fournitures dans seize bacs de 3\u2033 de profondeur. Le cadre en acier \u00e0 double rang\u00e9e est construit pour une utilisation durable. La poign\u00e9e int\u00e9gr\u00e9e permet d'acc\u00e9der facilement aux bacs extractibles. Syst\u00e8me d'organisation simple avec une zone pour les \u00e9tiquettes standard. La surface plane offre un espace de travail ou de rangement suppl\u00e9mentaire. Quatre roulettes permettent une man\u0153uvre en douceur, deux freins de blocage assurent la stabilit\u00e9 en cas d'utilisation stationnaire. Des packs de bacs suppl\u00e9mentaires sont disponibles : 8 petits bacs ( MBS-BIN-8S ) 4 grands bacs ( MBS-BIN-4L ). Les dimensions des petits bacs sont 12.25\u2033L x 16.75\u2033D x 3\u2033H . Les dimensions de l'unit\u00e9 sont 19.75\u2033L x 30.5\u2033W x 37.25\u2033H.<\/p>","protected":false},"featured_media":12368,"comment_status":"open","ping_status":"closed","template":"","meta":[],"product_cat":[449],"product_tag":[],"class_list":{"0":"post-12367","1":"product","2":"type-product","3":"status-publish","4":"has-post-thumbnail","6":"product_cat-shelving-overhead-storage","7":"product_shipping_class-class-3","9":"first","10":"instock","11":"taxable","12":"shipping-taxable","13":"purchasable","14":"product-type-simple"},"yoast_head":"<!-- This site is optimized with the Yoast SEO plugin v27.3 - https:\/\/yoast.com\/product\/yoast-seo-wordpress\/ -->\n<title>Luxor Double-Row Mobile Bin Storage System with 16 Removable Bins, Durable Frame, and Locking Casters - Ks Products<\/title>\n<meta name=\"robots\" content=\"index, follow, max-snippet:-1, max-image-preview:large, max-video-preview:-1\" \/>\n<link rel=\"canonical\" href=\"https:\/\/ksproducts.ca\/fr\/product\/luxor-double-row-mobile-bin-storage-system-with-16-removable-bins-durable-frame-and-locking-casters\/\" \/>\n<meta property=\"og:locale\" content=\"fr_CA\" \/>\n<meta property=\"og:type\" content=\"article\" \/>\n<meta property=\"og:title\" content=\"Luxor Double-Row Mobile Bin Storage System with 16 Removable Bins, Durable Frame, and Locking Casters - Ks Products\" \/>\n<meta property=\"og:description\" content=\"Luxor MBS-DR-16S is a Mobile bin storage unit with double row small bins that conveniently store and systematize your daily essentials in Luxor&#039;s mobile bin system. The spacious gray bins are available in two sizes and include an area for standard labels that dually operates as a handle for easy accessibility to storage items. Choose from Luxor&#039;s double row options with 8, 12, or 16 bins to create an effective storage solution for any environment. Features: Versatile and functional storage units are ideal for schools, garages, or industrial facilities. Organize and stack supplies in sixteen 3&quot; deep tubs . Double row steel frame is constructed for long lasting use. Built in handle provides easy access to pull-out bins. Simple organization system with area for standard labels. Flat-top surface provides a work area or additional storage. Four casters allow smooth maneuverability, two locking brakes give stability for stationary use. Additional bin packs available: 8 small bins ( MBS-BIN-8S ) 4 large bins ( MBS-BIN-4L ). Dimensions for the small bins is 12.25&quot;W x 16.75&quot;D x 3&quot;H . Unit Dimensions are 19.75&quot;L x 30.5&quot;W x 37.25&quot;H.\" \/>\n<meta property=\"og:url\" content=\"https:\/\/ksproducts.ca\/fr\/product\/luxor-double-row-mobile-bin-storage-system-with-16-removable-bins-durable-frame-and-locking-casters\/\" \/>\n<meta property=\"og:site_name\" content=\"Ks Products\" \/>\n<meta property=\"article:modified_time\" content=\"2026-03-11T18:38:05+00:00\" \/>\n<meta property=\"og:image\" content=\"https:\/\/ksproducts.ca\/wp-content\/uploads\/2026\/03\/Luxor-Double-Row-Mobile-Bin-Storage-System-with-16-Removable-Bins-Durable-Frame-and-Locking-Casters.jpg\" \/>\n\t<meta property=\"og:image:width\" content=\"522\" \/>\n\t<meta property=\"og:image:height\" content=\"508\" \/>\n\t<meta property=\"og:image:type\" content=\"image\/jpeg\" \/>\n<meta name=\"twitter:card\" content=\"summary_large_image\" \/>\n<meta name=\"twitter:label1\" content=\"Estimation du temps de lecture\" \/>\n\t<meta name=\"twitter:data1\" content=\"1 minute\" \/>\n<script type=\"application\/ld+json\" class=\"yoast-schema-graph\">{\"@context\":\"https:\\\/\\\/schema.org\",\"@graph\":[{\"@type\":\"WebPage\",\"@id\":\"https:\\\/\\\/ksproducts.ca\\\/product\\\/luxor-double-row-mobile-bin-storage-system-with-16-removable-bins-durable-frame-and-locking-casters\\\/\",\"url\":\"https:\\\/\\\/ksproducts.ca\\\/product\\\/luxor-double-row-mobile-bin-storage-system-with-16-removable-bins-durable-frame-and-locking-casters\\\/\",\"name\":\"Luxor Double-Row Mobile Bin Storage System with 16 Removable Bins, Durable Frame, and Locking Casters - Ks Products\",\"isPartOf\":{\"@id\":\"https:\\\/\\\/ksproducts.ca\\\/#website\"},\"primaryImageOfPage\":{\"@id\":\"https:\\\/\\\/ksproducts.ca\\\/product\\\/luxor-double-row-mobile-bin-storage-system-with-16-removable-bins-durable-frame-and-locking-casters\\\/#primaryimage\"},\"image\":{\"@id\":\"https:\\\/\\\/ksproducts.ca\\\/product\\\/luxor-double-row-mobile-bin-storage-system-with-16-removable-bins-durable-frame-and-locking-casters\\\/#primaryimage\"},\"thumbnailUrl\":\"https:\\\/\\\/ksproducts.ca\\\/wp-content\\\/uploads\\\/2026\\\/03\\\/Luxor-Double-Row-Mobile-Bin-Storage-System-with-16-Removable-Bins-Durable-Frame-and-Locking-Casters.jpg\",\"datePublished\":\"2026-03-11T18:38:04+00:00\",\"dateModified\":\"2026-03-11T18:38:05+00:00\",\"breadcrumb\":{\"@id\":\"https:\\\/\\\/ksproducts.ca\\\/product\\\/luxor-double-row-mobile-bin-storage-system-with-16-removable-bins-durable-frame-and-locking-casters\\\/#breadcrumb\"},\"inLanguage\":\"fr-CA\",\"potentialAction\":[{\"@type\":\"ReadAction\",\"target\":[\"https:\\\/\\\/ksproducts.ca\\\/product\\\/luxor-double-row-mobile-bin-storage-system-with-16-removable-bins-durable-frame-and-locking-casters\\\/\"]}]},{\"@type\":\"ImageObject\",\"inLanguage\":\"fr-CA\",\"@id\":\"https:\\\/\\\/ksproducts.ca\\\/product\\\/luxor-double-row-mobile-bin-storage-system-with-16-removable-bins-durable-frame-and-locking-casters\\\/#primaryimage\",\"url\":\"https:\\\/\\\/ksproducts.ca\\\/wp-content\\\/uploads\\\/2026\\\/03\\\/Luxor-Double-Row-Mobile-Bin-Storage-System-with-16-Removable-Bins-Durable-Frame-and-Locking-Casters.jpg\",\"contentUrl\":\"https:\\\/\\\/ksproducts.ca\\\/wp-content\\\/uploads\\\/2026\\\/03\\\/Luxor-Double-Row-Mobile-Bin-Storage-System-with-16-Removable-Bins-Durable-Frame-and-Locking-Casters.jpg\",\"width\":522,\"height\":508,\"caption\":\"Luxor Double Row Mobile Bin Storage System with 16 Removable Bins, Durable Frame, and Locking Casters\"},{\"@type\":\"BreadcrumbList\",\"@id\":\"https:\\\/\\\/ksproducts.ca\\\/product\\\/luxor-double-row-mobile-bin-storage-system-with-16-removable-bins-durable-frame-and-locking-casters\\\/#breadcrumb\",\"itemListElement\":[{\"@type\":\"ListItem\",\"position\":1,\"name\":\"Home\",\"item\":\"https:\\\/\\\/ksproducts.ca\\\/\"},{\"@type\":\"ListItem\",\"position\":2,\"name\":\"Shop\",\"item\":\"https:\\\/\\\/ksproducts.ca\\\/shop\\\/\"},{\"@type\":\"ListItem\",\"position\":3,\"name\":\"Luxor Double-Row Mobile Bin Storage System with 16 Removable Bins, Durable Frame, and Locking Casters\"}]},{\"@type\":\"WebSite\",\"@id\":\"https:\\\/\\\/ksproducts.ca\\\/#website\",\"url\":\"https:\\\/\\\/ksproducts.ca\\\/\",\"name\":\"Ks Products\",\"description\":\"Outdoor cooking and living, made easy in Canada\",\"publisher\":{\"@id\":\"https:\\\/\\\/ksproducts.ca\\\/#organization\"},\"potentialAction\":[{\"@type\":\"SearchAction\",\"target\":{\"@type\":\"EntryPoint\",\"urlTemplate\":\"https:\\\/\\\/ksproducts.ca\\\/?s={search_term_string}\"},\"query-input\":{\"@type\":\"PropertyValueSpecification\",\"valueRequired\":true,\"valueName\":\"search_term_string\"}}],\"inLanguage\":\"fr-CA\"},{\"@type\":\"Organization\",\"@id\":\"https:\\\/\\\/ksproducts.ca\\\/#organization\",\"name\":\"Ks Products\",\"url\":\"https:\\\/\\\/ksproducts.ca\\\/\",\"logo\":{\"@type\":\"ImageObject\",\"inLanguage\":\"fr-CA\",\"@id\":\"https:\\\/\\\/ksproducts.ca\\\/#\\\/schema\\\/logo\\\/image\\\/\",\"url\":\"https:\\\/\\\/ksproducts.ca\\\/wp-content\\\/uploads\\\/2023\\\/09\\\/Kennedy-Sales-Logo-header-1.png\",\"contentUrl\":\"https:\\\/\\\/ksproducts.ca\\\/wp-content\\\/uploads\\\/2023\\\/09\\\/Kennedy-Sales-Logo-header-1.png\",\"width\":150,\"height\":77,\"caption\":\"Ks Products\"},\"image\":{\"@id\":\"https:\\\/\\\/ksproducts.ca\\\/#\\\/schema\\\/logo\\\/image\\\/\"}}]}<\/script>\n<!-- \/ Yoast SEO plugin. -->","yoast_head_json":{"title":"Syst\u00e8me de rangement mobile Luxor \u00e0 double rang\u00e9e de bacs avec 16 bacs amovibles, cadre durable et roulettes verrouillables - Ks Products","robots":{"index":"index","follow":"follow","max-snippet":"max-snippet:-1","max-image-preview":"max-image-preview:large","max-video-preview":"max-video-preview:-1"},"canonical":"https:\/\/ksproducts.ca\/fr\/product\/luxor-double-row-mobile-bin-storage-system-with-16-removable-bins-durable-frame-and-locking-casters\/","og_locale":"fr_CA","og_type":"article","og_title":"Luxor Double-Row Mobile Bin Storage System with 16 Removable Bins, Durable Frame, and Locking Casters - Ks Products","og_description":"Luxor MBS-DR-16S is a Mobile bin storage unit with double row small bins that conveniently store and systematize your daily essentials in Luxor's mobile bin system. The spacious gray bins are available in two sizes and include an area for standard labels that dually operates as a handle for easy accessibility to storage items. Choose from Luxor's double row options with 8, 12, or 16 bins to create an effective storage solution for any environment. Features: Versatile and functional storage units are ideal for schools, garages, or industrial facilities. Organize and stack supplies in sixteen 3\" deep tubs . Double row steel frame is constructed for long lasting use. Built in handle provides easy access to pull-out bins. Simple organization system with area for standard labels. Flat-top surface provides a work area or additional storage. Four casters allow smooth maneuverability, two locking brakes give stability for stationary use. Additional bin packs available: 8 small bins ( MBS-BIN-8S ) 4 large bins ( MBS-BIN-4L ). Dimensions for the small bins is 12.25\"W x 16.75\"D x 3\"H . Unit Dimensions are 19.75\"L x 30.5\"W x 37.25\"H.","og_url":"https:\/\/ksproducts.ca\/fr\/product\/luxor-double-row-mobile-bin-storage-system-with-16-removable-bins-durable-frame-and-locking-casters\/","og_site_name":"Ks Products","article_modified_time":"2026-03-11T18:38:05+00:00","og_image":[{"width":522,"height":508,"url":"https:\/\/ksproducts.ca\/wp-content\/uploads\/2026\/03\/Luxor-Double-Row-Mobile-Bin-Storage-System-with-16-Removable-Bins-Durable-Frame-and-Locking-Casters.jpg","type":"image\/jpeg"}],"twitter_card":"summary_large_image","twitter_misc":{"Estimation du temps de lecture":"1 minute"},"schema":{"@context":"https:\/\/schema.org","@graph":[{"@type":"WebPage","@id":"https:\/\/ksproducts.ca\/product\/luxor-double-row-mobile-bin-storage-system-with-16-removable-bins-durable-frame-and-locking-casters\/","url":"https:\/\/ksproducts.ca\/product\/luxor-double-row-mobile-bin-storage-system-with-16-removable-bins-durable-frame-and-locking-casters\/","name":"Syst\u00e8me de rangement mobile Luxor \u00e0 double rang\u00e9e de bacs avec 16 bacs amovibles, cadre durable et roulettes verrouillables - Ks Products","isPartOf":{"@id":"https:\/\/ksproducts.ca\/#website"},"primaryImageOfPage":{"@id":"https:\/\/ksproducts.ca\/product\/luxor-double-row-mobile-bin-storage-system-with-16-removable-bins-durable-frame-and-locking-casters\/#primaryimage"},"image":{"@id":"https:\/\/ksproducts.ca\/product\/luxor-double-row-mobile-bin-storage-system-with-16-removable-bins-durable-frame-and-locking-casters\/#primaryimage"},"thumbnailUrl":"https:\/\/ksproducts.ca\/wp-content\/uploads\/2026\/03\/Luxor-Double-Row-Mobile-Bin-Storage-System-with-16-Removable-Bins-Durable-Frame-and-Locking-Casters.jpg","datePublished":"2026-03-11T18:38:04+00:00","dateModified":"2026-03-11T18:38:05+00:00","breadcrumb":{"@id":"https:\/\/ksproducts.ca\/product\/luxor-double-row-mobile-bin-storage-system-with-16-removable-bins-durable-frame-and-locking-casters\/#breadcrumb"},"inLanguage":"fr-CA","potentialAction":[{"@type":"ReadAction","target":["https:\/\/ksproducts.ca\/product\/luxor-double-row-mobile-bin-storage-system-with-16-removable-bins-durable-frame-and-locking-casters\/"]}]},{"@type":"ImageObject","inLanguage":"fr-CA","@id":"https:\/\/ksproducts.ca\/product\/luxor-double-row-mobile-bin-storage-system-with-16-removable-bins-durable-frame-and-locking-casters\/#primaryimage","url":"https:\/\/ksproducts.ca\/wp-content\/uploads\/2026\/03\/Luxor-Double-Row-Mobile-Bin-Storage-System-with-16-Removable-Bins-Durable-Frame-and-Locking-Casters.jpg","contentUrl":"https:\/\/ksproducts.ca\/wp-content\/uploads\/2026\/03\/Luxor-Double-Row-Mobile-Bin-Storage-System-with-16-Removable-Bins-Durable-Frame-and-Locking-Casters.jpg","width":522,"height":508,"caption":"Luxor Double Row Mobile Bin Storage System with 16 Removable Bins, Durable Frame, and Locking Casters"},{"@type":"BreadcrumbList","@id":"https:\/\/ksproducts.ca\/product\/luxor-double-row-mobile-bin-storage-system-with-16-removable-bins-durable-frame-and-locking-casters\/#breadcrumb","itemListElement":[{"@type":"ListItem","position":1,"name":"Home","item":"https:\/\/ksproducts.ca\/"},{"@type":"ListItem","position":2,"name":"Shop","item":"https:\/\/ksproducts.ca\/shop\/"},{"@type":"ListItem","position":3,"name":"Luxor Double-Row Mobile Bin Storage System with 16 Removable Bins, Durable Frame, and Locking Casters"}]},{"@type":"WebSite","@id":"https:\/\/ksproducts.ca\/#website","url":"https:\/\/ksproducts.ca\/","name":"Produits Ks","description":"Cuisiner et vivre en plein air, c'est facile au Canada","publisher":{"@id":"https:\/\/ksproducts.ca\/#organization"},"potentialAction":[{"@type":"SearchAction","target":{"@type":"EntryPoint","urlTemplate":"https:\/\/ksproducts.ca\/?s={search_term_string}"},"query-input":{"@type":"PropertyValueSpecification","valueRequired":true,"valueName":"search_term_string"}}],"inLanguage":"fr-CA"},{"@type":"Organization","@id":"https:\/\/ksproducts.ca\/#organization","name":"Produits Ks","url":"https:\/\/ksproducts.ca\/","logo":{"@type":"ImageObject","inLanguage":"fr-CA","@id":"https:\/\/ksproducts.ca\/#\/schema\/logo\/image\/","url":"https:\/\/ksproducts.ca\/wp-content\/uploads\/2023\/09\/Kennedy-Sales-Logo-header-1.png","contentUrl":"https:\/\/ksproducts.ca\/wp-content\/uploads\/2023\/09\/Kennedy-Sales-Logo-header-1.png","width":150,"height":77,"caption":"Ks Products"},"image":{"@id":"https:\/\/ksproducts.ca\/#\/schema\/logo\/image\/"}}]}},"_links":{"self":[{"href":"https:\/\/ksproducts.ca\/fr\/wp-json\/wp\/v2\/product\/12367","targetHints":{"allow":["GET"]}}],"collection":[{"href":"https:\/\/ksproducts.ca\/fr\/wp-json\/wp\/v2\/product"}],"about":[{"href":"https:\/\/ksproducts.ca\/fr\/wp-json\/wp\/v2\/types\/product"}],"replies":[{"embeddable":true,"href":"https:\/\/ksproducts.ca\/fr\/wp-json\/wp\/v2\/comments?post=12367"}],"version-history":[{"count":1,"href":"https:\/\/ksproducts.ca\/fr\/wp-json\/wp\/v2\/product\/12367\/revisions"}],"predecessor-version":[{"id":12369,"href":"https:\/\/ksproducts.ca\/fr\/wp-json\/wp\/v2\/product\/12367\/revisions\/12369"}],"wp:featuredmedia":[{"embeddable":true,"href":"https:\/\/ksproducts.ca\/fr\/wp-json\/wp\/v2\/media\/12368"}],"wp:attachment":[{"href":"https:\/\/ksproducts.ca\/fr\/wp-json\/wp\/v2\/media?parent=12367"}],"wp:term":[{"taxonomy":"product_cat","embeddable":true,"href":"https:\/\/ksproducts.ca\/fr\/wp-json\/wp\/v2\/product_cat?post=12367"},{"taxonomy":"product_tag","embeddable":true,"href":"https:\/\/ksproducts.ca\/fr\/wp-json\/wp\/v2\/product_tag?post=12367"}],"curies":[{"name":"wp","href":"https:\/\/api.w.org\/{rel}","templated":true}]}}