{"id":12370,"date":"2026-03-11T18:41:47","date_gmt":"2026-03-11T18:41:47","guid":{"rendered":"https:\/\/ksproducts.ca\/?post_type=product&#038;p=12370"},"modified":"2026-03-11T18:46:38","modified_gmt":"2026-03-11T18:46:38","slug":"luxor-single-row-mobile-bin-storage-system-with-8-removable-bins-durable-frame-and-locking-casters","status":"publish","type":"product","link":"https:\/\/ksproducts.ca\/fr\/product\/luxor-single-row-mobile-bin-storage-system-with-8-removable-bins-durable-frame-and-locking-casters\/","title":{"rendered":"Syst\u00e8me de rangement mobile Luxor \u00e0 une rang\u00e9e de bacs avec 8 bacs amovibles, cadre durable et roulettes verrouillables"},"content":{"rendered":"<ul>\n<li>Organisez et empilez les fournitures dans huit bacs de 3\u2033 de profondeur<\/li>\n<li>Les bacs peuvent contenir jusqu'\u00e0 20 livres chacun<\/li>\n<li>Cadre en acier \u00e0 une rang\u00e9e pour une utilisation durable<\/li>\n<\/ul>","protected":false},"excerpt":{"rendered":"<p>Le chariot de rangement Luxor \u00e0 une rang\u00e9e vous permet de ranger et de syst\u00e9matiser vos articles quotidiens. Huit bacs en polypropyl\u00e8ne de 3\u2033 peuvent contenir jusqu'\u00e0 20 livres chacun, ce qui vous donne beaucoup d'espace pour une vari\u00e9t\u00e9 d'articles, et le syst\u00e8me d'\u00e9tag\u00e8res mix-and-match peut \u00e9galement s'adapter aux grandes baignoires Luxor de 6\u2033 (vendues s\u00e9par\u00e9ment). La conception intelligente comprend un dispositif de s\u00e9curit\u00e9 int\u00e9gr\u00e9 qui emp\u00eache les tiroirs d'\u00eatre retir\u00e9s accidentellement, et le cadre en acier et les garde-corps robustes assurent la solidit\u00e9 lors de l'utilisation du chariot ou de son d\u00e9placement sur ses quatre roulettes. Il s'agit d'un chariot utilitaire con\u00e7u pour les ann\u00e9es \u00e0 venir.<\/p>","protected":false},"featured_media":12371,"comment_status":"open","ping_status":"closed","template":"","meta":[],"product_cat":[449],"product_tag":[],"class_list":{"0":"post-12370","1":"product","2":"type-product","3":"status-publish","4":"has-post-thumbnail","6":"product_cat-shelving-overhead-storage","7":"product_shipping_class-class-3","9":"first","10":"instock","11":"taxable","12":"shipping-taxable","13":"purchasable","14":"product-type-simple"},"yoast_head":"<!-- This site is optimized with the Yoast SEO plugin v27.3 - https:\/\/yoast.com\/product\/yoast-seo-wordpress\/ -->\n<title>Luxor Single-Row Mobile Bin Storage System with 8 Removable Bins, Durable Frame, and Locking Casters - Ks Products<\/title>\n<meta name=\"robots\" content=\"index, follow, max-snippet:-1, max-image-preview:large, max-video-preview:-1\" \/>\n<link rel=\"canonical\" href=\"https:\/\/ksproducts.ca\/fr\/product\/luxor-single-row-mobile-bin-storage-system-with-8-removable-bins-durable-frame-and-locking-casters\/\" \/>\n<meta property=\"og:locale\" content=\"fr_CA\" \/>\n<meta property=\"og:type\" content=\"article\" \/>\n<meta property=\"og:title\" content=\"Luxor Single-Row Mobile Bin Storage System with 8 Removable Bins, Durable Frame, and Locking Casters - Ks Products\" \/>\n<meta property=\"og:description\" content=\"Conveniently store and systematize your daily essentials in the Luxor Single-Row Storage Cart. Eight 3&quot; polypropylene bins hold up to 20 lbs. each, giving you plenty of room for a variety of items, and the mix-and-match rack system can also fit large 6&quot; Luxor tubs (sold separately). Smart design includes a built-in safety feature that prevents drawers from accidentally being removed, and the steel frame and sturdy guardrails provide strength while using the cart or moving it around on its four casters. Its a utility cart thats built for years to come.\" \/>\n<meta property=\"og:url\" content=\"https:\/\/ksproducts.ca\/fr\/product\/luxor-single-row-mobile-bin-storage-system-with-8-removable-bins-durable-frame-and-locking-casters\/\" \/>\n<meta property=\"og:site_name\" content=\"Ks Products\" \/>\n<meta property=\"article:modified_time\" content=\"2026-03-11T18:46:38+00:00\" \/>\n<meta property=\"og:image\" content=\"https:\/\/ksproducts.ca\/wp-content\/uploads\/2023\/09\/Kennedy-Sales-Logo-header-1.png\" \/>\n\t<meta property=\"og:image:width\" content=\"150\" \/>\n\t<meta property=\"og:image:height\" content=\"77\" \/>\n\t<meta property=\"og:image:type\" content=\"image\/png\" \/>\n<meta name=\"twitter:card\" content=\"summary_large_image\" \/>\n<meta name=\"twitter:label1\" content=\"Estimation du temps de lecture\" \/>\n\t<meta name=\"twitter:data1\" content=\"1 minute\" \/>\n<script type=\"application\/ld+json\" class=\"yoast-schema-graph\">{\"@context\":\"https:\\\/\\\/schema.org\",\"@graph\":[{\"@type\":\"WebPage\",\"@id\":\"https:\\\/\\\/ksproducts.ca\\\/product\\\/luxor-single-row-mobile-bin-storage-system-with-8-removable-bins-durable-frame-and-locking-casters\\\/\",\"url\":\"https:\\\/\\\/ksproducts.ca\\\/product\\\/luxor-single-row-mobile-bin-storage-system-with-8-removable-bins-durable-frame-and-locking-casters\\\/\",\"name\":\"Luxor Single-Row Mobile Bin Storage System with 8 Removable Bins, Durable Frame, and Locking Casters - Ks Products\",\"isPartOf\":{\"@id\":\"https:\\\/\\\/ksproducts.ca\\\/#website\"},\"primaryImageOfPage\":{\"@id\":\"https:\\\/\\\/ksproducts.ca\\\/product\\\/luxor-single-row-mobile-bin-storage-system-with-8-removable-bins-durable-frame-and-locking-casters\\\/#primaryimage\"},\"image\":{\"@id\":\"https:\\\/\\\/ksproducts.ca\\\/product\\\/luxor-single-row-mobile-bin-storage-system-with-8-removable-bins-durable-frame-and-locking-casters\\\/#primaryimage\"},\"thumbnailUrl\":\"https:\\\/\\\/ksproducts.ca\\\/wp-content\\\/uploads\\\/2026\\\/03\\\/Luxor-Single-Row-Mobile-Bin-Storage-System-with-8-Removable-Bins-Durable-Frame-and-Locking-Casters.avif\",\"datePublished\":\"2026-03-11T18:41:47+00:00\",\"dateModified\":\"2026-03-11T18:46:38+00:00\",\"breadcrumb\":{\"@id\":\"https:\\\/\\\/ksproducts.ca\\\/product\\\/luxor-single-row-mobile-bin-storage-system-with-8-removable-bins-durable-frame-and-locking-casters\\\/#breadcrumb\"},\"inLanguage\":\"fr-CA\",\"potentialAction\":[{\"@type\":\"ReadAction\",\"target\":[\"https:\\\/\\\/ksproducts.ca\\\/product\\\/luxor-single-row-mobile-bin-storage-system-with-8-removable-bins-durable-frame-and-locking-casters\\\/\"]}]},{\"@type\":\"ImageObject\",\"inLanguage\":\"fr-CA\",\"@id\":\"https:\\\/\\\/ksproducts.ca\\\/product\\\/luxor-single-row-mobile-bin-storage-system-with-8-removable-bins-durable-frame-and-locking-casters\\\/#primaryimage\",\"url\":\"https:\\\/\\\/ksproducts.ca\\\/wp-content\\\/uploads\\\/2026\\\/03\\\/Luxor-Single-Row-Mobile-Bin-Storage-System-with-8-Removable-Bins-Durable-Frame-and-Locking-Casters.avif\",\"contentUrl\":\"https:\\\/\\\/ksproducts.ca\\\/wp-content\\\/uploads\\\/2026\\\/03\\\/Luxor-Single-Row-Mobile-Bin-Storage-System-with-8-Removable-Bins-Durable-Frame-and-Locking-Casters.avif\",\"width\":1000,\"height\":1000,\"caption\":\"Luxor Single Row Mobile Bin Storage System with 8 Removable Bins, Durable Frame, and Locking Casters\"},{\"@type\":\"BreadcrumbList\",\"@id\":\"https:\\\/\\\/ksproducts.ca\\\/product\\\/luxor-single-row-mobile-bin-storage-system-with-8-removable-bins-durable-frame-and-locking-casters\\\/#breadcrumb\",\"itemListElement\":[{\"@type\":\"ListItem\",\"position\":1,\"name\":\"Home\",\"item\":\"https:\\\/\\\/ksproducts.ca\\\/\"},{\"@type\":\"ListItem\",\"position\":2,\"name\":\"Shop\",\"item\":\"https:\\\/\\\/ksproducts.ca\\\/shop\\\/\"},{\"@type\":\"ListItem\",\"position\":3,\"name\":\"Luxor Single-Row Mobile Bin Storage System with 8 Removable Bins, Durable Frame, and Locking Casters\"}]},{\"@type\":\"WebSite\",\"@id\":\"https:\\\/\\\/ksproducts.ca\\\/#website\",\"url\":\"https:\\\/\\\/ksproducts.ca\\\/\",\"name\":\"Ks Products\",\"description\":\"Outdoor cooking and living, made easy in Canada\",\"publisher\":{\"@id\":\"https:\\\/\\\/ksproducts.ca\\\/#organization\"},\"potentialAction\":[{\"@type\":\"SearchAction\",\"target\":{\"@type\":\"EntryPoint\",\"urlTemplate\":\"https:\\\/\\\/ksproducts.ca\\\/?s={search_term_string}\"},\"query-input\":{\"@type\":\"PropertyValueSpecification\",\"valueRequired\":true,\"valueName\":\"search_term_string\"}}],\"inLanguage\":\"fr-CA\"},{\"@type\":\"Organization\",\"@id\":\"https:\\\/\\\/ksproducts.ca\\\/#organization\",\"name\":\"Ks Products\",\"url\":\"https:\\\/\\\/ksproducts.ca\\\/\",\"logo\":{\"@type\":\"ImageObject\",\"inLanguage\":\"fr-CA\",\"@id\":\"https:\\\/\\\/ksproducts.ca\\\/#\\\/schema\\\/logo\\\/image\\\/\",\"url\":\"https:\\\/\\\/ksproducts.ca\\\/wp-content\\\/uploads\\\/2023\\\/09\\\/Kennedy-Sales-Logo-header-1.png\",\"contentUrl\":\"https:\\\/\\\/ksproducts.ca\\\/wp-content\\\/uploads\\\/2023\\\/09\\\/Kennedy-Sales-Logo-header-1.png\",\"width\":150,\"height\":77,\"caption\":\"Ks Products\"},\"image\":{\"@id\":\"https:\\\/\\\/ksproducts.ca\\\/#\\\/schema\\\/logo\\\/image\\\/\"}}]}<\/script>\n<!-- \/ Yoast SEO plugin. -->","yoast_head_json":{"title":"Syst\u00e8me de rangement mobile Luxor \u00e0 une rang\u00e9e de bacs avec 8 bacs amovibles, cadre durable et roulettes verrouillables - Ks Products","robots":{"index":"index","follow":"follow","max-snippet":"max-snippet:-1","max-image-preview":"max-image-preview:large","max-video-preview":"max-video-preview:-1"},"canonical":"https:\/\/ksproducts.ca\/fr\/product\/luxor-single-row-mobile-bin-storage-system-with-8-removable-bins-durable-frame-and-locking-casters\/","og_locale":"fr_CA","og_type":"article","og_title":"Luxor Single-Row Mobile Bin Storage System with 8 Removable Bins, Durable Frame, and Locking Casters - Ks Products","og_description":"Conveniently store and systematize your daily essentials in the Luxor Single-Row Storage Cart. Eight 3\" polypropylene bins hold up to 20 lbs. each, giving you plenty of room for a variety of items, and the mix-and-match rack system can also fit large 6\" Luxor tubs (sold separately). Smart design includes a built-in safety feature that prevents drawers from accidentally being removed, and the steel frame and sturdy guardrails provide strength while using the cart or moving it around on its four casters. Its a utility cart thats built for years to come.","og_url":"https:\/\/ksproducts.ca\/fr\/product\/luxor-single-row-mobile-bin-storage-system-with-8-removable-bins-durable-frame-and-locking-casters\/","og_site_name":"Ks Products","article_modified_time":"2026-03-11T18:46:38+00:00","og_image":[{"width":150,"height":77,"url":"https:\/\/ksproducts.ca\/wp-content\/uploads\/2023\/09\/Kennedy-Sales-Logo-header-1.png","type":"image\/png"}],"twitter_card":"summary_large_image","twitter_misc":{"Estimation du temps de lecture":"1 minute"},"schema":{"@context":"https:\/\/schema.org","@graph":[{"@type":"WebPage","@id":"https:\/\/ksproducts.ca\/product\/luxor-single-row-mobile-bin-storage-system-with-8-removable-bins-durable-frame-and-locking-casters\/","url":"https:\/\/ksproducts.ca\/product\/luxor-single-row-mobile-bin-storage-system-with-8-removable-bins-durable-frame-and-locking-casters\/","name":"Syst\u00e8me de rangement mobile Luxor \u00e0 une rang\u00e9e de bacs avec 8 bacs amovibles, cadre durable et roulettes verrouillables - Ks Products","isPartOf":{"@id":"https:\/\/ksproducts.ca\/#website"},"primaryImageOfPage":{"@id":"https:\/\/ksproducts.ca\/product\/luxor-single-row-mobile-bin-storage-system-with-8-removable-bins-durable-frame-and-locking-casters\/#primaryimage"},"image":{"@id":"https:\/\/ksproducts.ca\/product\/luxor-single-row-mobile-bin-storage-system-with-8-removable-bins-durable-frame-and-locking-casters\/#primaryimage"},"thumbnailUrl":"https:\/\/ksproducts.ca\/wp-content\/uploads\/2026\/03\/Luxor-Single-Row-Mobile-Bin-Storage-System-with-8-Removable-Bins-Durable-Frame-and-Locking-Casters.avif","datePublished":"2026-03-11T18:41:47+00:00","dateModified":"2026-03-11T18:46:38+00:00","breadcrumb":{"@id":"https:\/\/ksproducts.ca\/product\/luxor-single-row-mobile-bin-storage-system-with-8-removable-bins-durable-frame-and-locking-casters\/#breadcrumb"},"inLanguage":"fr-CA","potentialAction":[{"@type":"ReadAction","target":["https:\/\/ksproducts.ca\/product\/luxor-single-row-mobile-bin-storage-system-with-8-removable-bins-durable-frame-and-locking-casters\/"]}]},{"@type":"ImageObject","inLanguage":"fr-CA","@id":"https:\/\/ksproducts.ca\/product\/luxor-single-row-mobile-bin-storage-system-with-8-removable-bins-durable-frame-and-locking-casters\/#primaryimage","url":"https:\/\/ksproducts.ca\/wp-content\/uploads\/2026\/03\/Luxor-Single-Row-Mobile-Bin-Storage-System-with-8-Removable-Bins-Durable-Frame-and-Locking-Casters.avif","contentUrl":"https:\/\/ksproducts.ca\/wp-content\/uploads\/2026\/03\/Luxor-Single-Row-Mobile-Bin-Storage-System-with-8-Removable-Bins-Durable-Frame-and-Locking-Casters.avif","width":1000,"height":1000,"caption":"Luxor Single Row Mobile Bin Storage System with 8 Removable Bins, Durable Frame, and Locking Casters"},{"@type":"BreadcrumbList","@id":"https:\/\/ksproducts.ca\/product\/luxor-single-row-mobile-bin-storage-system-with-8-removable-bins-durable-frame-and-locking-casters\/#breadcrumb","itemListElement":[{"@type":"ListItem","position":1,"name":"Home","item":"https:\/\/ksproducts.ca\/"},{"@type":"ListItem","position":2,"name":"Shop","item":"https:\/\/ksproducts.ca\/shop\/"},{"@type":"ListItem","position":3,"name":"Luxor Single-Row Mobile Bin Storage System with 8 Removable Bins, Durable Frame, and Locking Casters"}]},{"@type":"WebSite","@id":"https:\/\/ksproducts.ca\/#website","url":"https:\/\/ksproducts.ca\/","name":"Produits Ks","description":"Cuisiner et vivre en plein air, c'est facile au Canada","publisher":{"@id":"https:\/\/ksproducts.ca\/#organization"},"potentialAction":[{"@type":"SearchAction","target":{"@type":"EntryPoint","urlTemplate":"https:\/\/ksproducts.ca\/?s={search_term_string}"},"query-input":{"@type":"PropertyValueSpecification","valueRequired":true,"valueName":"search_term_string"}}],"inLanguage":"fr-CA"},{"@type":"Organization","@id":"https:\/\/ksproducts.ca\/#organization","name":"Produits Ks","url":"https:\/\/ksproducts.ca\/","logo":{"@type":"ImageObject","inLanguage":"fr-CA","@id":"https:\/\/ksproducts.ca\/#\/schema\/logo\/image\/","url":"https:\/\/ksproducts.ca\/wp-content\/uploads\/2023\/09\/Kennedy-Sales-Logo-header-1.png","contentUrl":"https:\/\/ksproducts.ca\/wp-content\/uploads\/2023\/09\/Kennedy-Sales-Logo-header-1.png","width":150,"height":77,"caption":"Ks Products"},"image":{"@id":"https:\/\/ksproducts.ca\/#\/schema\/logo\/image\/"}}]}},"_links":{"self":[{"href":"https:\/\/ksproducts.ca\/fr\/wp-json\/wp\/v2\/product\/12370","targetHints":{"allow":["GET"]}}],"collection":[{"href":"https:\/\/ksproducts.ca\/fr\/wp-json\/wp\/v2\/product"}],"about":[{"href":"https:\/\/ksproducts.ca\/fr\/wp-json\/wp\/v2\/types\/product"}],"replies":[{"embeddable":true,"href":"https:\/\/ksproducts.ca\/fr\/wp-json\/wp\/v2\/comments?post=12370"}],"version-history":[{"count":1,"href":"https:\/\/ksproducts.ca\/fr\/wp-json\/wp\/v2\/product\/12370\/revisions"}],"predecessor-version":[{"id":12372,"href":"https:\/\/ksproducts.ca\/fr\/wp-json\/wp\/v2\/product\/12370\/revisions\/12372"}],"wp:featuredmedia":[{"embeddable":true,"href":"https:\/\/ksproducts.ca\/fr\/wp-json\/wp\/v2\/media\/12371"}],"wp:attachment":[{"href":"https:\/\/ksproducts.ca\/fr\/wp-json\/wp\/v2\/media?parent=12370"}],"wp:term":[{"taxonomy":"product_cat","embeddable":true,"href":"https:\/\/ksproducts.ca\/fr\/wp-json\/wp\/v2\/product_cat?post=12370"},{"taxonomy":"product_tag","embeddable":true,"href":"https:\/\/ksproducts.ca\/fr\/wp-json\/wp\/v2\/product_tag?post=12370"}],"curies":[{"name":"wp","href":"https:\/\/api.w.org\/{rel}","templated":true}]}}