{"id":12373,"date":"2026-03-11T18:45:56","date_gmt":"2026-03-11T18:45:56","guid":{"rendered":"https:\/\/ksproducts.ca\/?post_type=product&#038;p=12373"},"modified":"2026-03-16T15:39:20","modified_gmt":"2026-03-16T15:39:20","slug":"luxor-3-shelics-mechanics-utility-cart-with-specialized-dividers-cup-holders-and-cord-wrap","status":"publish","type":"product","link":"https:\/\/ksproducts.ca\/fr\/product\/luxor-3-shelf-mechanics-utility-cart-with-specialized-dividers-cup-holders-and-cord-wrap\/","title":{"rendered":"Luxor Tableau magn\u00e9tique double face en verre avec cadre et support en aluminium - 30 x 40"},"content":{"rendered":"<ul>\n<li data-start=\"667\" data-end=\"735\">Tableau blanc magn\u00e9tique double face pour plus d'espace d'\u00e9criture<\/li>\n<li data-start=\"738\" data-end=\"805\">Surface en verre super-clair pour une \u00e9criture fluide et un effacement facile<\/li>\n<li data-start=\"808\" data-end=\"855\">Compatible avec les marqueurs effa\u00e7ables \u00e0 sec ou humides<\/li>\n<li data-start=\"858\" data-end=\"924\">Surface magn\u00e9tique pour afficher des notes, des tableaux et des documents<\/li>\n<li data-start=\"927\" data-end=\"983\">Cadre en aluminium durable et large base pour la stabilit\u00e9<\/li>\n<li data-start=\"986\" data-end=\"1064\">Roulettes de 3\u201d de type rollerblade avec bandes de roulement non marquantes pour une mobilit\u00e9 en douceur<\/li>\n<li data-start=\"1067\" data-end=\"1144\">Design contemporain adapt\u00e9 aux bureaux, salles de classe et salles de r\u00e9union<\/li>\n<li data-start=\"1147\" data-end=\"1208\">Assemblage facile et emballage de protection pour une livraison en toute s\u00e9curit\u00e9<\/li>\n<\/ul>","protected":false},"excerpt":{"rendered":"<p>Les tableaux blancs magn\u00e9tiques Luxor doublent l'espace d'\u00e9criture et sont con\u00e7us pour se d\u00e9placer facilement d'un endroit \u00e0 l'autre, ce qui les rend parfaits pour les espaces de travail collaboratifs. Le cadre en aluminium durable et la base large assurent la stabilit\u00e9, tandis que le verre super transparent offre une surface d'un blanc \u00e9clatant, optimale pour les marqueurs effa\u00e7ables \u00e0 l'eau ou \u00e0 sec. Ce tableau magn\u00e9tique double face en verre pr\u00e9sente un aspect contemporain qui compl\u00e8te tout bureau, salle de conf\u00e9rence, centre de formation ou salle de classe, tandis que les roulettes de type rollerblade de 3\u2033 avec bandes de roulement non marquantes garantissent une mobilit\u00e9 en douceur. Les tableaux magn\u00e9tiques effa\u00e7ables \u00e0 sec Luxor sont faciles \u00e0 assembler et sont emball\u00e9s avec des mat\u00e9riaux de soutien qui sont tr\u00e8s r\u00e9sistants aux dommages pendant le transport.<\/p>","protected":false},"featured_media":12377,"comment_status":"open","ping_status":"closed","template":"","meta":[],"product_cat":[435],"product_tag":[],"class_list":{"0":"post-12373","1":"product","2":"type-product","3":"status-publish","4":"has-post-thumbnail","6":"product_cat-whiteboards-glass-boards","7":"product_shipping_class-class-3","9":"first","10":"instock","11":"taxable","12":"shipping-taxable","13":"purchasable","14":"product-type-simple"},"yoast_head":"<!-- This site is optimized with the Yoast SEO plugin v27.3 - https:\/\/yoast.com\/product\/yoast-seo-wordpress\/ -->\n<title>Luxor Double-Sided Mobile Magnetic Glass Marker Board with Aluminum Frame and Stand - 30 x 40 - Ks Products<\/title>\n<meta name=\"robots\" content=\"index, follow, max-snippet:-1, max-image-preview:large, max-video-preview:-1\" \/>\n<link rel=\"canonical\" href=\"https:\/\/ksproducts.ca\/fr\/product\/luxor-3-shelics-mechanics-utility-cart-with-specialized-dividers-cup-holders-and-cord-wrap\/\" \/>\n<meta property=\"og:locale\" content=\"fr_CA\" \/>\n<meta property=\"og:type\" content=\"article\" \/>\n<meta property=\"og:title\" content=\"Luxor Double-Sided Mobile Magnetic Glass Marker Board with Aluminum Frame and Stand - 30 x 40 - Ks Products\" \/>\n<meta property=\"og:description\" content=\"Luxor mobile magnetic glass whiteboards double the writing space and are designed to move easily from location to location making them perfect for collaborative workspaces. The durable aluminum frame and wide base create stability while the super-clear glass offers a bright white surface that is optimal for wet\/dry erase markers. This double-sided magnetic glass board presents a contemporary look that complements any office, conference room, training center or classroom, while the 3&quot; rollerblade-style casters with non-marking treads guarantee smooth mobility. Luxor magnetic glass dry-erase boards are easy to assemble and are packaged with supportive materials that are highly resistant to damage during shipping.\" \/>\n<meta property=\"og:url\" content=\"https:\/\/ksproducts.ca\/fr\/product\/luxor-3-shelics-mechanics-utility-cart-with-specialized-dividers-cup-holders-and-cord-wrap\/\" \/>\n<meta property=\"og:site_name\" content=\"Ks Products\" \/>\n<meta property=\"article:modified_time\" content=\"2026-03-16T15:39:20+00:00\" \/>\n<meta property=\"og:image\" content=\"https:\/\/ksproducts.ca\/wp-content\/uploads\/2026\/03\/Luxor-Double-Sided-Mobile-Magnetic-Glass-Marker-Board-with-Aluminum-Frame-and-Stand-30-x-40.jpg\" \/>\n\t<meta property=\"og:image:width\" content=\"600\" \/>\n\t<meta property=\"og:image:height\" content=\"600\" \/>\n\t<meta property=\"og:image:type\" content=\"image\/jpeg\" \/>\n<meta name=\"twitter:card\" content=\"summary_large_image\" \/>\n<meta name=\"twitter:label1\" content=\"Estimation du temps de lecture\" \/>\n\t<meta name=\"twitter:data1\" content=\"1 minute\" \/>\n<script type=\"application\/ld+json\" class=\"yoast-schema-graph\">{\"@context\":\"https:\\\/\\\/schema.org\",\"@graph\":[{\"@type\":\"WebPage\",\"@id\":\"https:\\\/\\\/ksproducts.ca\\\/product\\\/luxor-3-shelf-mechanics-utility-cart-with-specialized-dividers-cup-holders-and-cord-wrap\\\/\",\"url\":\"https:\\\/\\\/ksproducts.ca\\\/product\\\/luxor-3-shelf-mechanics-utility-cart-with-specialized-dividers-cup-holders-and-cord-wrap\\\/\",\"name\":\"Luxor Double-Sided Mobile Magnetic Glass Marker Board with Aluminum Frame and Stand - 30 x 40 - Ks Products\",\"isPartOf\":{\"@id\":\"https:\\\/\\\/ksproducts.ca\\\/#website\"},\"primaryImageOfPage\":{\"@id\":\"https:\\\/\\\/ksproducts.ca\\\/product\\\/luxor-3-shelf-mechanics-utility-cart-with-specialized-dividers-cup-holders-and-cord-wrap\\\/#primaryimage\"},\"image\":{\"@id\":\"https:\\\/\\\/ksproducts.ca\\\/product\\\/luxor-3-shelf-mechanics-utility-cart-with-specialized-dividers-cup-holders-and-cord-wrap\\\/#primaryimage\"},\"thumbnailUrl\":\"https:\\\/\\\/ksproducts.ca\\\/wp-content\\\/uploads\\\/2026\\\/03\\\/Luxor-Double-Sided-Mobile-Magnetic-Glass-Marker-Board-with-Aluminum-Frame-and-Stand-30-x-40.jpg\",\"datePublished\":\"2026-03-11T18:45:56+00:00\",\"dateModified\":\"2026-03-16T15:39:20+00:00\",\"breadcrumb\":{\"@id\":\"https:\\\/\\\/ksproducts.ca\\\/product\\\/luxor-3-shelf-mechanics-utility-cart-with-specialized-dividers-cup-holders-and-cord-wrap\\\/#breadcrumb\"},\"inLanguage\":\"fr-CA\",\"potentialAction\":[{\"@type\":\"ReadAction\",\"target\":[\"https:\\\/\\\/ksproducts.ca\\\/product\\\/luxor-3-shelf-mechanics-utility-cart-with-specialized-dividers-cup-holders-and-cord-wrap\\\/\"]}]},{\"@type\":\"ImageObject\",\"inLanguage\":\"fr-CA\",\"@id\":\"https:\\\/\\\/ksproducts.ca\\\/product\\\/luxor-3-shelf-mechanics-utility-cart-with-specialized-dividers-cup-holders-and-cord-wrap\\\/#primaryimage\",\"url\":\"https:\\\/\\\/ksproducts.ca\\\/wp-content\\\/uploads\\\/2026\\\/03\\\/Luxor-Double-Sided-Mobile-Magnetic-Glass-Marker-Board-with-Aluminum-Frame-and-Stand-30-x-40.jpg\",\"contentUrl\":\"https:\\\/\\\/ksproducts.ca\\\/wp-content\\\/uploads\\\/2026\\\/03\\\/Luxor-Double-Sided-Mobile-Magnetic-Glass-Marker-Board-with-Aluminum-Frame-and-Stand-30-x-40.jpg\",\"width\":600,\"height\":600,\"caption\":\"Luxor Double Sided Mobile Magnetic Glass Marker Board with Aluminum Frame and Stand 30 x 40\"},{\"@type\":\"BreadcrumbList\",\"@id\":\"https:\\\/\\\/ksproducts.ca\\\/product\\\/luxor-3-shelf-mechanics-utility-cart-with-specialized-dividers-cup-holders-and-cord-wrap\\\/#breadcrumb\",\"itemListElement\":[{\"@type\":\"ListItem\",\"position\":1,\"name\":\"Home\",\"item\":\"https:\\\/\\\/ksproducts.ca\\\/\"},{\"@type\":\"ListItem\",\"position\":2,\"name\":\"Shop\",\"item\":\"https:\\\/\\\/ksproducts.ca\\\/shop\\\/\"},{\"@type\":\"ListItem\",\"position\":3,\"name\":\"Luxor Double-Sided Mobile Magnetic Glass Marker Board with Aluminum Frame and Stand &#8211; 30 x 40\"}]},{\"@type\":\"WebSite\",\"@id\":\"https:\\\/\\\/ksproducts.ca\\\/#website\",\"url\":\"https:\\\/\\\/ksproducts.ca\\\/\",\"name\":\"Ks Products\",\"description\":\"Outdoor cooking and living, made easy in Canada\",\"publisher\":{\"@id\":\"https:\\\/\\\/ksproducts.ca\\\/#organization\"},\"potentialAction\":[{\"@type\":\"SearchAction\",\"target\":{\"@type\":\"EntryPoint\",\"urlTemplate\":\"https:\\\/\\\/ksproducts.ca\\\/?s={search_term_string}\"},\"query-input\":{\"@type\":\"PropertyValueSpecification\",\"valueRequired\":true,\"valueName\":\"search_term_string\"}}],\"inLanguage\":\"fr-CA\"},{\"@type\":\"Organization\",\"@id\":\"https:\\\/\\\/ksproducts.ca\\\/#organization\",\"name\":\"Ks Products\",\"url\":\"https:\\\/\\\/ksproducts.ca\\\/\",\"logo\":{\"@type\":\"ImageObject\",\"inLanguage\":\"fr-CA\",\"@id\":\"https:\\\/\\\/ksproducts.ca\\\/#\\\/schema\\\/logo\\\/image\\\/\",\"url\":\"https:\\\/\\\/ksproducts.ca\\\/wp-content\\\/uploads\\\/2023\\\/09\\\/Kennedy-Sales-Logo-header-1.png\",\"contentUrl\":\"https:\\\/\\\/ksproducts.ca\\\/wp-content\\\/uploads\\\/2023\\\/09\\\/Kennedy-Sales-Logo-header-1.png\",\"width\":150,\"height\":77,\"caption\":\"Ks Products\"},\"image\":{\"@id\":\"https:\\\/\\\/ksproducts.ca\\\/#\\\/schema\\\/logo\\\/image\\\/\"}}]}<\/script>\n<!-- \/ Yoast SEO plugin. -->","yoast_head_json":{"title":"Luxor Tableau magn\u00e9tique mobile double face en verre avec cadre et support en aluminium - 30 x 40 - Ks Products","robots":{"index":"index","follow":"follow","max-snippet":"max-snippet:-1","max-image-preview":"max-image-preview:large","max-video-preview":"max-video-preview:-1"},"canonical":"https:\/\/ksproducts.ca\/fr\/product\/luxor-3-shelics-mechanics-utility-cart-with-specialized-dividers-cup-holders-and-cord-wrap\/","og_locale":"fr_CA","og_type":"article","og_title":"Luxor Double-Sided Mobile Magnetic Glass Marker Board with Aluminum Frame and Stand - 30 x 40 - Ks Products","og_description":"Luxor mobile magnetic glass whiteboards double the writing space and are designed to move easily from location to location making them perfect for collaborative workspaces. The durable aluminum frame and wide base create stability while the super-clear glass offers a bright white surface that is optimal for wet\/dry erase markers. This double-sided magnetic glass board presents a contemporary look that complements any office, conference room, training center or classroom, while the 3\" rollerblade-style casters with non-marking treads guarantee smooth mobility. Luxor magnetic glass dry-erase boards are easy to assemble and are packaged with supportive materials that are highly resistant to damage during shipping.","og_url":"https:\/\/ksproducts.ca\/fr\/product\/luxor-3-shelics-mechanics-utility-cart-with-specialized-dividers-cup-holders-and-cord-wrap\/","og_site_name":"Ks Products","article_modified_time":"2026-03-16T15:39:20+00:00","og_image":[{"width":600,"height":600,"url":"https:\/\/ksproducts.ca\/wp-content\/uploads\/2026\/03\/Luxor-Double-Sided-Mobile-Magnetic-Glass-Marker-Board-with-Aluminum-Frame-and-Stand-30-x-40.jpg","type":"image\/jpeg"}],"twitter_card":"summary_large_image","twitter_misc":{"Estimation du temps de lecture":"1 minute"},"schema":{"@context":"https:\/\/schema.org","@graph":[{"@type":"WebPage","@id":"https:\/\/ksproducts.ca\/product\/luxor-3-shelf-mechanics-utility-cart-with-specialized-dividers-cup-holders-and-cord-wrap\/","url":"https:\/\/ksproducts.ca\/product\/luxor-3-shelf-mechanics-utility-cart-with-specialized-dividers-cup-holders-and-cord-wrap\/","name":"Luxor Tableau magn\u00e9tique mobile double face en verre avec cadre et support en aluminium - 30 x 40 - Ks Products","isPartOf":{"@id":"https:\/\/ksproducts.ca\/#website"},"primaryImageOfPage":{"@id":"https:\/\/ksproducts.ca\/product\/luxor-3-shelf-mechanics-utility-cart-with-specialized-dividers-cup-holders-and-cord-wrap\/#primaryimage"},"image":{"@id":"https:\/\/ksproducts.ca\/product\/luxor-3-shelf-mechanics-utility-cart-with-specialized-dividers-cup-holders-and-cord-wrap\/#primaryimage"},"thumbnailUrl":"https:\/\/ksproducts.ca\/wp-content\/uploads\/2026\/03\/Luxor-Double-Sided-Mobile-Magnetic-Glass-Marker-Board-with-Aluminum-Frame-and-Stand-30-x-40.jpg","datePublished":"2026-03-11T18:45:56+00:00","dateModified":"2026-03-16T15:39:20+00:00","breadcrumb":{"@id":"https:\/\/ksproducts.ca\/product\/luxor-3-shelf-mechanics-utility-cart-with-specialized-dividers-cup-holders-and-cord-wrap\/#breadcrumb"},"inLanguage":"fr-CA","potentialAction":[{"@type":"ReadAction","target":["https:\/\/ksproducts.ca\/product\/luxor-3-shelf-mechanics-utility-cart-with-specialized-dividers-cup-holders-and-cord-wrap\/"]}]},{"@type":"ImageObject","inLanguage":"fr-CA","@id":"https:\/\/ksproducts.ca\/product\/luxor-3-shelf-mechanics-utility-cart-with-specialized-dividers-cup-holders-and-cord-wrap\/#primaryimage","url":"https:\/\/ksproducts.ca\/wp-content\/uploads\/2026\/03\/Luxor-Double-Sided-Mobile-Magnetic-Glass-Marker-Board-with-Aluminum-Frame-and-Stand-30-x-40.jpg","contentUrl":"https:\/\/ksproducts.ca\/wp-content\/uploads\/2026\/03\/Luxor-Double-Sided-Mobile-Magnetic-Glass-Marker-Board-with-Aluminum-Frame-and-Stand-30-x-40.jpg","width":600,"height":600,"caption":"Luxor Double Sided Mobile Magnetic Glass Marker Board with Aluminum Frame and Stand 30 x 40"},{"@type":"BreadcrumbList","@id":"https:\/\/ksproducts.ca\/product\/luxor-3-shelf-mechanics-utility-cart-with-specialized-dividers-cup-holders-and-cord-wrap\/#breadcrumb","itemListElement":[{"@type":"ListItem","position":1,"name":"Home","item":"https:\/\/ksproducts.ca\/"},{"@type":"ListItem","position":2,"name":"Shop","item":"https:\/\/ksproducts.ca\/shop\/"},{"@type":"ListItem","position":3,"name":"Luxor Double-Sided Mobile Magnetic Glass Marker Board with Aluminum Frame and Stand &#8211; 30 x 40"}]},{"@type":"WebSite","@id":"https:\/\/ksproducts.ca\/#website","url":"https:\/\/ksproducts.ca\/","name":"Produits Ks","description":"Cuisiner et vivre en plein air, c'est facile au Canada","publisher":{"@id":"https:\/\/ksproducts.ca\/#organization"},"potentialAction":[{"@type":"SearchAction","target":{"@type":"EntryPoint","urlTemplate":"https:\/\/ksproducts.ca\/?s={search_term_string}"},"query-input":{"@type":"PropertyValueSpecification","valueRequired":true,"valueName":"search_term_string"}}],"inLanguage":"fr-CA"},{"@type":"Organization","@id":"https:\/\/ksproducts.ca\/#organization","name":"Produits Ks","url":"https:\/\/ksproducts.ca\/","logo":{"@type":"ImageObject","inLanguage":"fr-CA","@id":"https:\/\/ksproducts.ca\/#\/schema\/logo\/image\/","url":"https:\/\/ksproducts.ca\/wp-content\/uploads\/2023\/09\/Kennedy-Sales-Logo-header-1.png","contentUrl":"https:\/\/ksproducts.ca\/wp-content\/uploads\/2023\/09\/Kennedy-Sales-Logo-header-1.png","width":150,"height":77,"caption":"Ks Products"},"image":{"@id":"https:\/\/ksproducts.ca\/#\/schema\/logo\/image\/"}}]}},"_links":{"self":[{"href":"https:\/\/ksproducts.ca\/fr\/wp-json\/wp\/v2\/product\/12373","targetHints":{"allow":["GET"]}}],"collection":[{"href":"https:\/\/ksproducts.ca\/fr\/wp-json\/wp\/v2\/product"}],"about":[{"href":"https:\/\/ksproducts.ca\/fr\/wp-json\/wp\/v2\/types\/product"}],"replies":[{"embeddable":true,"href":"https:\/\/ksproducts.ca\/fr\/wp-json\/wp\/v2\/comments?post=12373"}],"version-history":[{"count":3,"href":"https:\/\/ksproducts.ca\/fr\/wp-json\/wp\/v2\/product\/12373\/revisions"}],"predecessor-version":[{"id":12378,"href":"https:\/\/ksproducts.ca\/fr\/wp-json\/wp\/v2\/product\/12373\/revisions\/12378"}],"wp:featuredmedia":[{"embeddable":true,"href":"https:\/\/ksproducts.ca\/fr\/wp-json\/wp\/v2\/media\/12377"}],"wp:attachment":[{"href":"https:\/\/ksproducts.ca\/fr\/wp-json\/wp\/v2\/media?parent=12373"}],"wp:term":[{"taxonomy":"product_cat","embeddable":true,"href":"https:\/\/ksproducts.ca\/fr\/wp-json\/wp\/v2\/product_cat?post=12373"},{"taxonomy":"product_tag","embeddable":true,"href":"https:\/\/ksproducts.ca\/fr\/wp-json\/wp\/v2\/product_tag?post=12373"}],"curies":[{"name":"wp","href":"https:\/\/api.w.org\/{rel}","templated":true}]}}