{"id":12382,"date":"2026-03-11T18:59:44","date_gmt":"2026-03-11T18:59:44","guid":{"rendered":"https:\/\/ksproducts.ca\/?post_type=product&#038;p=12382"},"modified":"2026-03-11T18:59:44","modified_gmt":"2026-03-11T18:59:44","slug":"bdk-4-piece-heavy-duty-2-tone-universal-mats-with-no-slip-grip-and-high-ridges-to-capture-debris","status":"publish","type":"product","link":"https:\/\/ksproducts.ca\/fr\/product\/bdk-4-piece-heavy-duty-2-tone-universal-mats-with-no-slip-grip-and-high-ridges-to-capture-debris\/","title":{"rendered":"Tapis universel BDK 4 pi\u00e8ces 2 tons tr\u00e8s r\u00e9sistants avec prise antid\u00e9rapante et hauts rebords pour capturer les d\u00e9bris"},"content":{"rendered":"<ul class=\"a-unordered-list a-vertical a-spacing-mini\">\n<li class=\"a-spacing-mini\"><span class=\"a-list-item\">Nos caoutchoucs polym\u00e8res de haute performance sont test\u00e9s dans des conditions extr\u00eames afin de garantir qu'ils ne se fissurent pas, ne se fendent pas et ne se d\u00e9forment pas.<\/span><\/li>\n<li class=\"a-spacing-mini\"><span class=\"a-list-item\">Adh\u00e9rence antid\u00e9rapante - Pointes caoutchout\u00e9es sur le fond pour que le tapis ne bouge pas<\/span><\/li>\n<li class=\"a-spacing-mini\"><span class=\"a-list-item\">Rainures ergonomiques sur le dessus pour assurer la traction et le confort de votre pied<\/span><\/li>\n<li class=\"a-spacing-mini\"><span class=\"a-list-item\">Con\u00e7u pour la protection - contre les intemp\u00e9ries, les d\u00e9versements et les d\u00e9bris<\/span><\/li>\n<li class=\"a-spacing-mini\"><span class=\"a-list-item\">Con\u00e7u pour la compatibilit\u00e9 - Fabriqu\u00e9 pour s'adapter aux contours du plancher de votre v\u00e9hicule avec seulement une paire de ciseaux.<\/span><\/li>\n<\/ul>","protected":false},"excerpt":{"rendered":"<p>Ces tapis de sol en caoutchouc Advanced Performance sont con\u00e7us pour r\u00e9sister \u00e0 des conditions extr\u00eames tout en prot\u00e9geant l'int\u00e9rieur de votre v\u00e9hicule. Fabriqu\u00e9s \u00e0 partir de polym\u00e8res de caoutchouc durables, ils sont con\u00e7us pour r\u00e9sister \u00e0 la fissuration, \u00e0 l'\u00e9clatement et \u00e0 la d\u00e9formation. Les rainures ergonomiques offrent une meilleure traction et un plus grand confort pour vos pieds, tandis que les pointes caoutchout\u00e9es antid\u00e9rapantes maintiennent le tapis bien en place. Les tapis sont \u00e9galement ajustables, ce qui vous permet de les adapter facilement \u00e0 votre v\u00e9hicule \u00e0 l'aide d'une paire de ciseaux.<\/p>","protected":false},"featured_media":12383,"comment_status":"open","ping_status":"closed","template":"","meta":[],"product_cat":[430],"product_tag":[],"class_list":{"0":"post-12382","1":"product","2":"type-product","3":"status-publish","4":"has-post-thumbnail","6":"product_cat-automotive-gear","7":"product_shipping_class-class-2","9":"first","10":"instock","11":"taxable","12":"shipping-taxable","13":"purchasable","14":"product-type-simple"},"yoast_head":"<!-- This site is optimized with the Yoast SEO plugin v27.4 - https:\/\/yoast.com\/product\/yoast-seo-wordpress\/ -->\n<title>BDK 4-piece Heavy Duty 2-Tone Universal Mats with No-Slip Grip and High Ridges to Capture Debris - Ks Products<\/title>\n<meta name=\"robots\" content=\"index, follow, max-snippet:-1, max-image-preview:large, max-video-preview:-1\" \/>\n<link rel=\"canonical\" href=\"https:\/\/ksproducts.ca\/fr\/product\/bdk-4-piece-heavy-duty-2-tone-universal-mats-with-no-slip-grip-and-high-ridges-to-capture-debris\/\" \/>\n<meta property=\"og:locale\" content=\"fr_CA\" \/>\n<meta property=\"og:type\" content=\"article\" \/>\n<meta property=\"og:title\" content=\"BDK 4-piece Heavy Duty 2-Tone Universal Mats with No-Slip Grip and High Ridges to Capture Debris - Ks Products\" \/>\n<meta property=\"og:description\" content=\"These Advanced Performance Rubber Floor Mats are built to handle extreme conditions while protecting your vehicle\u2019s interior. Made with durable rubber polymers, they are designed to resist cracking, splitting, and deformation. The ergonomic grooves provide better traction and comfort for your feet, while the no-slip rubberized nibs keep the mat securely in place. The mats are also trimmable, allowing you to easily customize the fit for your vehicle using a pair of scissors.\" \/>\n<meta property=\"og:url\" content=\"https:\/\/ksproducts.ca\/fr\/product\/bdk-4-piece-heavy-duty-2-tone-universal-mats-with-no-slip-grip-and-high-ridges-to-capture-debris\/\" \/>\n<meta property=\"og:site_name\" content=\"Ks Products\" \/>\n<meta property=\"og:image\" content=\"https:\/\/ksproducts.ca\/wp-content\/uploads\/2026\/03\/BDK-4-piece-Heavy-Duty-2-Tone-Universal-Mats-with-No-Slip-Grip-and-High-Ridges-to-Capture-Debris.jpg\" \/>\n\t<meta property=\"og:image:width\" content=\"425\" \/>\n\t<meta property=\"og:image:height\" content=\"476\" \/>\n\t<meta property=\"og:image:type\" content=\"image\/jpeg\" \/>\n<meta name=\"twitter:card\" content=\"summary_large_image\" \/>\n<meta name=\"twitter:label1\" content=\"Estimation du temps de lecture\" \/>\n\t<meta name=\"twitter:data1\" content=\"1 minute\" \/>\n<script type=\"application\/ld+json\" class=\"yoast-schema-graph\">{\"@context\":\"https:\\\/\\\/schema.org\",\"@graph\":[{\"@type\":\"WebPage\",\"@id\":\"https:\\\/\\\/ksproducts.ca\\\/product\\\/bdk-4-piece-heavy-duty-2-tone-universal-mats-with-no-slip-grip-and-high-ridges-to-capture-debris\\\/\",\"url\":\"https:\\\/\\\/ksproducts.ca\\\/product\\\/bdk-4-piece-heavy-duty-2-tone-universal-mats-with-no-slip-grip-and-high-ridges-to-capture-debris\\\/\",\"name\":\"BDK 4-piece Heavy Duty 2-Tone Universal Mats with No-Slip Grip and High Ridges to Capture Debris - Ks Products\",\"isPartOf\":{\"@id\":\"https:\\\/\\\/ksproducts.ca\\\/#website\"},\"primaryImageOfPage\":{\"@id\":\"https:\\\/\\\/ksproducts.ca\\\/product\\\/bdk-4-piece-heavy-duty-2-tone-universal-mats-with-no-slip-grip-and-high-ridges-to-capture-debris\\\/#primaryimage\"},\"image\":{\"@id\":\"https:\\\/\\\/ksproducts.ca\\\/product\\\/bdk-4-piece-heavy-duty-2-tone-universal-mats-with-no-slip-grip-and-high-ridges-to-capture-debris\\\/#primaryimage\"},\"thumbnailUrl\":\"https:\\\/\\\/ksproducts.ca\\\/wp-content\\\/uploads\\\/2026\\\/03\\\/BDK-4-piece-Heavy-Duty-2-Tone-Universal-Mats-with-No-Slip-Grip-and-High-Ridges-to-Capture-Debris.jpg\",\"datePublished\":\"2026-03-11T18:59:44+00:00\",\"breadcrumb\":{\"@id\":\"https:\\\/\\\/ksproducts.ca\\\/product\\\/bdk-4-piece-heavy-duty-2-tone-universal-mats-with-no-slip-grip-and-high-ridges-to-capture-debris\\\/#breadcrumb\"},\"inLanguage\":\"fr-CA\",\"potentialAction\":[{\"@type\":\"ReadAction\",\"target\":[\"https:\\\/\\\/ksproducts.ca\\\/product\\\/bdk-4-piece-heavy-duty-2-tone-universal-mats-with-no-slip-grip-and-high-ridges-to-capture-debris\\\/\"]}]},{\"@type\":\"ImageObject\",\"inLanguage\":\"fr-CA\",\"@id\":\"https:\\\/\\\/ksproducts.ca\\\/product\\\/bdk-4-piece-heavy-duty-2-tone-universal-mats-with-no-slip-grip-and-high-ridges-to-capture-debris\\\/#primaryimage\",\"url\":\"https:\\\/\\\/ksproducts.ca\\\/wp-content\\\/uploads\\\/2026\\\/03\\\/BDK-4-piece-Heavy-Duty-2-Tone-Universal-Mats-with-No-Slip-Grip-and-High-Ridges-to-Capture-Debris.jpg\",\"contentUrl\":\"https:\\\/\\\/ksproducts.ca\\\/wp-content\\\/uploads\\\/2026\\\/03\\\/BDK-4-piece-Heavy-Duty-2-Tone-Universal-Mats-with-No-Slip-Grip-and-High-Ridges-to-Capture-Debris.jpg\",\"width\":425,\"height\":476,\"caption\":\"BDK 4 piece Heavy Duty 2 Tone Universal Mats with No Slip Grip and High Ridges to Capture Debris\"},{\"@type\":\"BreadcrumbList\",\"@id\":\"https:\\\/\\\/ksproducts.ca\\\/product\\\/bdk-4-piece-heavy-duty-2-tone-universal-mats-with-no-slip-grip-and-high-ridges-to-capture-debris\\\/#breadcrumb\",\"itemListElement\":[{\"@type\":\"ListItem\",\"position\":1,\"name\":\"Home\",\"item\":\"https:\\\/\\\/ksproducts.ca\\\/\"},{\"@type\":\"ListItem\",\"position\":2,\"name\":\"Shop\",\"item\":\"https:\\\/\\\/ksproducts.ca\\\/shop\\\/\"},{\"@type\":\"ListItem\",\"position\":3,\"name\":\"BDK 4-piece Heavy Duty 2-Tone Universal Mats with No-Slip Grip and High Ridges to Capture Debris\"}]},{\"@type\":\"WebSite\",\"@id\":\"https:\\\/\\\/ksproducts.ca\\\/#website\",\"url\":\"https:\\\/\\\/ksproducts.ca\\\/\",\"name\":\"Ks Products\",\"description\":\"Outdoor cooking and living, made easy in Canada\",\"publisher\":{\"@id\":\"https:\\\/\\\/ksproducts.ca\\\/#organization\"},\"potentialAction\":[{\"@type\":\"SearchAction\",\"target\":{\"@type\":\"EntryPoint\",\"urlTemplate\":\"https:\\\/\\\/ksproducts.ca\\\/?s={search_term_string}\"},\"query-input\":{\"@type\":\"PropertyValueSpecification\",\"valueRequired\":true,\"valueName\":\"search_term_string\"}}],\"inLanguage\":\"fr-CA\"},{\"@type\":\"Organization\",\"@id\":\"https:\\\/\\\/ksproducts.ca\\\/#organization\",\"name\":\"Ks Products\",\"url\":\"https:\\\/\\\/ksproducts.ca\\\/\",\"logo\":{\"@type\":\"ImageObject\",\"inLanguage\":\"fr-CA\",\"@id\":\"https:\\\/\\\/ksproducts.ca\\\/#\\\/schema\\\/logo\\\/image\\\/\",\"url\":\"https:\\\/\\\/ksproducts.ca\\\/wp-content\\\/uploads\\\/2023\\\/09\\\/Kennedy-Sales-Logo-header-1.png\",\"contentUrl\":\"https:\\\/\\\/ksproducts.ca\\\/wp-content\\\/uploads\\\/2023\\\/09\\\/Kennedy-Sales-Logo-header-1.png\",\"width\":150,\"height\":77,\"caption\":\"Ks Products\"},\"image\":{\"@id\":\"https:\\\/\\\/ksproducts.ca\\\/#\\\/schema\\\/logo\\\/image\\\/\"}}]}<\/script>\n<!-- \/ Yoast SEO plugin. -->","yoast_head_json":{"title":"BDK Tapis universel 4 pi\u00e8ces 2 tons ultra-robustes avec prise antid\u00e9rapante et hauts rebords pour capturer les d\u00e9bris - Ks Products","robots":{"index":"index","follow":"follow","max-snippet":"max-snippet:-1","max-image-preview":"max-image-preview:large","max-video-preview":"max-video-preview:-1"},"canonical":"https:\/\/ksproducts.ca\/fr\/product\/bdk-4-piece-heavy-duty-2-tone-universal-mats-with-no-slip-grip-and-high-ridges-to-capture-debris\/","og_locale":"fr_CA","og_type":"article","og_title":"BDK 4-piece Heavy Duty 2-Tone Universal Mats with No-Slip Grip and High Ridges to Capture Debris - Ks Products","og_description":"These Advanced Performance Rubber Floor Mats are built to handle extreme conditions while protecting your vehicle\u2019s interior. Made with durable rubber polymers, they are designed to resist cracking, splitting, and deformation. The ergonomic grooves provide better traction and comfort for your feet, while the no-slip rubberized nibs keep the mat securely in place. The mats are also trimmable, allowing you to easily customize the fit for your vehicle using a pair of scissors.","og_url":"https:\/\/ksproducts.ca\/fr\/product\/bdk-4-piece-heavy-duty-2-tone-universal-mats-with-no-slip-grip-and-high-ridges-to-capture-debris\/","og_site_name":"Ks Products","og_image":[{"width":425,"height":476,"url":"https:\/\/ksproducts.ca\/wp-content\/uploads\/2026\/03\/BDK-4-piece-Heavy-Duty-2-Tone-Universal-Mats-with-No-Slip-Grip-and-High-Ridges-to-Capture-Debris.jpg","type":"image\/jpeg"}],"twitter_card":"summary_large_image","twitter_misc":{"Estimation du temps de lecture":"1 minute"},"schema":{"@context":"https:\/\/schema.org","@graph":[{"@type":"WebPage","@id":"https:\/\/ksproducts.ca\/product\/bdk-4-piece-heavy-duty-2-tone-universal-mats-with-no-slip-grip-and-high-ridges-to-capture-debris\/","url":"https:\/\/ksproducts.ca\/product\/bdk-4-piece-heavy-duty-2-tone-universal-mats-with-no-slip-grip-and-high-ridges-to-capture-debris\/","name":"BDK Tapis universel 4 pi\u00e8ces 2 tons ultra-robustes avec prise antid\u00e9rapante et hauts rebords pour capturer les d\u00e9bris - Ks Products","isPartOf":{"@id":"https:\/\/ksproducts.ca\/#website"},"primaryImageOfPage":{"@id":"https:\/\/ksproducts.ca\/product\/bdk-4-piece-heavy-duty-2-tone-universal-mats-with-no-slip-grip-and-high-ridges-to-capture-debris\/#primaryimage"},"image":{"@id":"https:\/\/ksproducts.ca\/product\/bdk-4-piece-heavy-duty-2-tone-universal-mats-with-no-slip-grip-and-high-ridges-to-capture-debris\/#primaryimage"},"thumbnailUrl":"https:\/\/ksproducts.ca\/wp-content\/uploads\/2026\/03\/BDK-4-piece-Heavy-Duty-2-Tone-Universal-Mats-with-No-Slip-Grip-and-High-Ridges-to-Capture-Debris.jpg","datePublished":"2026-03-11T18:59:44+00:00","breadcrumb":{"@id":"https:\/\/ksproducts.ca\/product\/bdk-4-piece-heavy-duty-2-tone-universal-mats-with-no-slip-grip-and-high-ridges-to-capture-debris\/#breadcrumb"},"inLanguage":"fr-CA","potentialAction":[{"@type":"ReadAction","target":["https:\/\/ksproducts.ca\/product\/bdk-4-piece-heavy-duty-2-tone-universal-mats-with-no-slip-grip-and-high-ridges-to-capture-debris\/"]}]},{"@type":"ImageObject","inLanguage":"fr-CA","@id":"https:\/\/ksproducts.ca\/product\/bdk-4-piece-heavy-duty-2-tone-universal-mats-with-no-slip-grip-and-high-ridges-to-capture-debris\/#primaryimage","url":"https:\/\/ksproducts.ca\/wp-content\/uploads\/2026\/03\/BDK-4-piece-Heavy-Duty-2-Tone-Universal-Mats-with-No-Slip-Grip-and-High-Ridges-to-Capture-Debris.jpg","contentUrl":"https:\/\/ksproducts.ca\/wp-content\/uploads\/2026\/03\/BDK-4-piece-Heavy-Duty-2-Tone-Universal-Mats-with-No-Slip-Grip-and-High-Ridges-to-Capture-Debris.jpg","width":425,"height":476,"caption":"BDK 4 piece Heavy Duty 2 Tone Universal Mats with No Slip Grip and High Ridges to Capture Debris"},{"@type":"BreadcrumbList","@id":"https:\/\/ksproducts.ca\/product\/bdk-4-piece-heavy-duty-2-tone-universal-mats-with-no-slip-grip-and-high-ridges-to-capture-debris\/#breadcrumb","itemListElement":[{"@type":"ListItem","position":1,"name":"Home","item":"https:\/\/ksproducts.ca\/"},{"@type":"ListItem","position":2,"name":"Shop","item":"https:\/\/ksproducts.ca\/shop\/"},{"@type":"ListItem","position":3,"name":"BDK 4-piece Heavy Duty 2-Tone Universal Mats with No-Slip Grip and High Ridges to Capture Debris"}]},{"@type":"WebSite","@id":"https:\/\/ksproducts.ca\/#website","url":"https:\/\/ksproducts.ca\/","name":"Produits Ks","description":"Cuisiner et vivre en plein air, c'est facile au Canada","publisher":{"@id":"https:\/\/ksproducts.ca\/#organization"},"potentialAction":[{"@type":"SearchAction","target":{"@type":"EntryPoint","urlTemplate":"https:\/\/ksproducts.ca\/?s={search_term_string}"},"query-input":{"@type":"PropertyValueSpecification","valueRequired":true,"valueName":"search_term_string"}}],"inLanguage":"fr-CA"},{"@type":"Organization","@id":"https:\/\/ksproducts.ca\/#organization","name":"Produits Ks","url":"https:\/\/ksproducts.ca\/","logo":{"@type":"ImageObject","inLanguage":"fr-CA","@id":"https:\/\/ksproducts.ca\/#\/schema\/logo\/image\/","url":"https:\/\/ksproducts.ca\/wp-content\/uploads\/2023\/09\/Kennedy-Sales-Logo-header-1.png","contentUrl":"https:\/\/ksproducts.ca\/wp-content\/uploads\/2023\/09\/Kennedy-Sales-Logo-header-1.png","width":150,"height":77,"caption":"Ks Products"},"image":{"@id":"https:\/\/ksproducts.ca\/#\/schema\/logo\/image\/"}}]}},"_links":{"self":[{"href":"https:\/\/ksproducts.ca\/fr\/wp-json\/wp\/v2\/product\/12382","targetHints":{"allow":["GET"]}}],"collection":[{"href":"https:\/\/ksproducts.ca\/fr\/wp-json\/wp\/v2\/product"}],"about":[{"href":"https:\/\/ksproducts.ca\/fr\/wp-json\/wp\/v2\/types\/product"}],"replies":[{"embeddable":true,"href":"https:\/\/ksproducts.ca\/fr\/wp-json\/wp\/v2\/comments?post=12382"}],"version-history":[{"count":1,"href":"https:\/\/ksproducts.ca\/fr\/wp-json\/wp\/v2\/product\/12382\/revisions"}],"predecessor-version":[{"id":12384,"href":"https:\/\/ksproducts.ca\/fr\/wp-json\/wp\/v2\/product\/12382\/revisions\/12384"}],"wp:featuredmedia":[{"embeddable":true,"href":"https:\/\/ksproducts.ca\/fr\/wp-json\/wp\/v2\/media\/12383"}],"wp:attachment":[{"href":"https:\/\/ksproducts.ca\/fr\/wp-json\/wp\/v2\/media?parent=12382"}],"wp:term":[{"taxonomy":"product_cat","embeddable":true,"href":"https:\/\/ksproducts.ca\/fr\/wp-json\/wp\/v2\/product_cat?post=12382"},{"taxonomy":"product_tag","embeddable":true,"href":"https:\/\/ksproducts.ca\/fr\/wp-json\/wp\/v2\/product_tag?post=12382"}],"curies":[{"name":"wp","href":"https:\/\/api.w.org\/{rel}","templated":true}]}}