{"id":12385,"date":"2026-03-11T19:09:38","date_gmt":"2026-03-11T19:09:38","guid":{"rendered":"https:\/\/ksproducts.ca\/?post_type=product&#038;p=12385"},"modified":"2026-03-11T19:09:38","modified_gmt":"2026-03-11T19:09:38","slug":"motor-trend-heavy-duty-premium-universal-rubber-cargo-mat-for-trunk","status":"publish","type":"product","link":"https:\/\/ksproducts.ca\/fr\/product\/motor-trend-heavy-duty-premium-universal-rubber-cargo-mat-for-trunk\/","title":{"rendered":"Motor Trend Heavy Duty Premium Cargo Mat universel en caoutchouc pour le coffre"},"content":{"rendered":"<ul>\n<li>Adaptation universelle \u00e0 la plupart des coup\u00e9s, berlines, fourgonnettes et SUV<\/li>\n<li>Pointes caoutchout\u00e9es \u00e0 prise antid\u00e9rapante<\/li>\n<li>Imperm\u00e9able et r\u00e9sistant aux intemp\u00e9ries<\/li>\n<li>Protection contre les taches<\/li>\n<li>Mesure 31.5\u2033 x 50\u2033<\/li>\n<\/ul>","protected":false},"excerpt":{"rendered":"<p>Prot\u00e9gez votre voiture des \u00e9claboussures, de la salet\u00e9 et des d\u00e9g\u00e2ts. Emp\u00eachez l'humidit\u00e9 de p\u00e9n\u00e9trer dans votre voiture gr\u00e2ce \u00e0 nos capacit\u00e9s d'imperm\u00e9abilit\u00e9 \u00e0 toute \u00e9preuve. Ce caoutchouc robuste est con\u00e7u pour r\u00e9sister \u00e0 toutes les conditions m\u00e9t\u00e9orologiques, supporter des marchandises lourdes, des \u00e9quipements sportifs, des outils, des fournitures de jardinage et bien plus encore, tout en prot\u00e9geant le rev\u00eatement de sol d'origine de votre coffre.Coupez vos tapis pour qu'ils s'adaptent aux contours de votre v\u00e9hicule avec une simple paire de ciseaux. Vous n'aurez plus \u00e0 vous faire mal au dos \u00e0 force d'enfiler ces tapis sur votre plancher.<\/p>","protected":false},"featured_media":12387,"comment_status":"open","ping_status":"closed","template":"","meta":[],"product_cat":[430],"product_tag":[],"class_list":{"0":"post-12385","1":"product","2":"type-product","3":"status-publish","4":"has-post-thumbnail","6":"product_cat-automotive-gear","7":"product_shipping_class-class-1","9":"first","10":"instock","11":"taxable","12":"shipping-taxable","13":"purchasable","14":"product-type-simple"},"yoast_head":"<!-- This site is optimized with the Yoast SEO plugin v27.3 - https:\/\/yoast.com\/product\/yoast-seo-wordpress\/ -->\n<title>Motor Trend Heavy Duty Premium Universal Rubber Cargo Mat for Trunk - Ks Products<\/title>\n<meta name=\"robots\" content=\"index, follow, max-snippet:-1, max-image-preview:large, max-video-preview:-1\" \/>\n<link rel=\"canonical\" href=\"https:\/\/ksproducts.ca\/fr\/product\/motor-trend-heavy-duty-premium-universal-rubber-cargo-mat-for-trunk\/\" \/>\n<meta property=\"og:locale\" content=\"fr_CA\" \/>\n<meta property=\"og:type\" content=\"article\" \/>\n<meta property=\"og:title\" content=\"Motor Trend Heavy Duty Premium Universal Rubber Cargo Mat for Trunk - Ks Products\" \/>\n<meta property=\"og:description\" content=\"Protect your car from spills, dirt and messes. Keep out all the moisture with our heavy-duty waterproof capabilities. Things can get messy going in and out of the trunk but we are here to protect your trunk\u2019s inner lining from any messes.This tough rubber is built to withstand all weather conditions, handle heavy good, sporting equipment, tools, gardening supplies, and more all while protecting your original trunk flooring.Cut your mats to fit your vehicles contours with only a pair of scissors. No more having to pain your back from stuffing those mats onto your floor.\" \/>\n<meta property=\"og:url\" content=\"https:\/\/ksproducts.ca\/fr\/product\/motor-trend-heavy-duty-premium-universal-rubber-cargo-mat-for-trunk\/\" \/>\n<meta property=\"og:site_name\" content=\"Ks Products\" \/>\n<meta property=\"og:image\" content=\"https:\/\/ksproducts.ca\/wp-content\/uploads\/2026\/03\/Motor-Trend-Heavy-Duty-Premium-Universal-Rubber-Cargo-Mat-for-Trunk.webp\" \/>\n\t<meta property=\"og:image:width\" content=\"640\" \/>\n\t<meta property=\"og:image:height\" content=\"640\" \/>\n\t<meta property=\"og:image:type\" content=\"image\/webp\" \/>\n<meta name=\"twitter:card\" content=\"summary_large_image\" \/>\n<meta name=\"twitter:label1\" content=\"Estimation du temps de lecture\" \/>\n\t<meta name=\"twitter:data1\" content=\"1 minute\" \/>\n<script type=\"application\/ld+json\" class=\"yoast-schema-graph\">{\"@context\":\"https:\\\/\\\/schema.org\",\"@graph\":[{\"@type\":\"WebPage\",\"@id\":\"https:\\\/\\\/ksproducts.ca\\\/product\\\/motor-trend-heavy-duty-premium-universal-rubber-cargo-mat-for-trunk\\\/\",\"url\":\"https:\\\/\\\/ksproducts.ca\\\/product\\\/motor-trend-heavy-duty-premium-universal-rubber-cargo-mat-for-trunk\\\/\",\"name\":\"Motor Trend Heavy Duty Premium Universal Rubber Cargo Mat for Trunk - Ks Products\",\"isPartOf\":{\"@id\":\"https:\\\/\\\/ksproducts.ca\\\/#website\"},\"primaryImageOfPage\":{\"@id\":\"https:\\\/\\\/ksproducts.ca\\\/product\\\/motor-trend-heavy-duty-premium-universal-rubber-cargo-mat-for-trunk\\\/#primaryimage\"},\"image\":{\"@id\":\"https:\\\/\\\/ksproducts.ca\\\/product\\\/motor-trend-heavy-duty-premium-universal-rubber-cargo-mat-for-trunk\\\/#primaryimage\"},\"thumbnailUrl\":\"https:\\\/\\\/ksproducts.ca\\\/wp-content\\\/uploads\\\/2026\\\/03\\\/Motor-Trend-Heavy-Duty-Premium-Universal-Rubber-Cargo-Mat-for-Trunk.webp\",\"datePublished\":\"2026-03-11T19:09:38+00:00\",\"breadcrumb\":{\"@id\":\"https:\\\/\\\/ksproducts.ca\\\/product\\\/motor-trend-heavy-duty-premium-universal-rubber-cargo-mat-for-trunk\\\/#breadcrumb\"},\"inLanguage\":\"fr-CA\",\"potentialAction\":[{\"@type\":\"ReadAction\",\"target\":[\"https:\\\/\\\/ksproducts.ca\\\/product\\\/motor-trend-heavy-duty-premium-universal-rubber-cargo-mat-for-trunk\\\/\"]}]},{\"@type\":\"ImageObject\",\"inLanguage\":\"fr-CA\",\"@id\":\"https:\\\/\\\/ksproducts.ca\\\/product\\\/motor-trend-heavy-duty-premium-universal-rubber-cargo-mat-for-trunk\\\/#primaryimage\",\"url\":\"https:\\\/\\\/ksproducts.ca\\\/wp-content\\\/uploads\\\/2026\\\/03\\\/Motor-Trend-Heavy-Duty-Premium-Universal-Rubber-Cargo-Mat-for-Trunk.webp\",\"contentUrl\":\"https:\\\/\\\/ksproducts.ca\\\/wp-content\\\/uploads\\\/2026\\\/03\\\/Motor-Trend-Heavy-Duty-Premium-Universal-Rubber-Cargo-Mat-for-Trunk.webp\",\"width\":640,\"height\":640,\"caption\":\"Motor Trend Heavy Duty Premium Universal Rubber Cargo Mat for Trunk\"},{\"@type\":\"BreadcrumbList\",\"@id\":\"https:\\\/\\\/ksproducts.ca\\\/product\\\/motor-trend-heavy-duty-premium-universal-rubber-cargo-mat-for-trunk\\\/#breadcrumb\",\"itemListElement\":[{\"@type\":\"ListItem\",\"position\":1,\"name\":\"Home\",\"item\":\"https:\\\/\\\/ksproducts.ca\\\/\"},{\"@type\":\"ListItem\",\"position\":2,\"name\":\"Shop\",\"item\":\"https:\\\/\\\/ksproducts.ca\\\/shop\\\/\"},{\"@type\":\"ListItem\",\"position\":3,\"name\":\"Motor Trend Heavy Duty Premium Universal Rubber Cargo Mat for Trunk\"}]},{\"@type\":\"WebSite\",\"@id\":\"https:\\\/\\\/ksproducts.ca\\\/#website\",\"url\":\"https:\\\/\\\/ksproducts.ca\\\/\",\"name\":\"Ks Products\",\"description\":\"Outdoor cooking and living, made easy in Canada\",\"publisher\":{\"@id\":\"https:\\\/\\\/ksproducts.ca\\\/#organization\"},\"potentialAction\":[{\"@type\":\"SearchAction\",\"target\":{\"@type\":\"EntryPoint\",\"urlTemplate\":\"https:\\\/\\\/ksproducts.ca\\\/?s={search_term_string}\"},\"query-input\":{\"@type\":\"PropertyValueSpecification\",\"valueRequired\":true,\"valueName\":\"search_term_string\"}}],\"inLanguage\":\"fr-CA\"},{\"@type\":\"Organization\",\"@id\":\"https:\\\/\\\/ksproducts.ca\\\/#organization\",\"name\":\"Ks Products\",\"url\":\"https:\\\/\\\/ksproducts.ca\\\/\",\"logo\":{\"@type\":\"ImageObject\",\"inLanguage\":\"fr-CA\",\"@id\":\"https:\\\/\\\/ksproducts.ca\\\/#\\\/schema\\\/logo\\\/image\\\/\",\"url\":\"https:\\\/\\\/ksproducts.ca\\\/wp-content\\\/uploads\\\/2023\\\/09\\\/Kennedy-Sales-Logo-header-1.png\",\"contentUrl\":\"https:\\\/\\\/ksproducts.ca\\\/wp-content\\\/uploads\\\/2023\\\/09\\\/Kennedy-Sales-Logo-header-1.png\",\"width\":150,\"height\":77,\"caption\":\"Ks Products\"},\"image\":{\"@id\":\"https:\\\/\\\/ksproducts.ca\\\/#\\\/schema\\\/logo\\\/image\\\/\"}}]}<\/script>\n<!-- \/ Yoast SEO plugin. -->","yoast_head_json":{"title":"Motor Trend Heavy Duty Premium Cargo Mat universel en caoutchouc pour le coffre - Ks Products","robots":{"index":"index","follow":"follow","max-snippet":"max-snippet:-1","max-image-preview":"max-image-preview:large","max-video-preview":"max-video-preview:-1"},"canonical":"https:\/\/ksproducts.ca\/fr\/product\/motor-trend-heavy-duty-premium-universal-rubber-cargo-mat-for-trunk\/","og_locale":"fr_CA","og_type":"article","og_title":"Motor Trend Heavy Duty Premium Universal Rubber Cargo Mat for Trunk - Ks Products","og_description":"Protect your car from spills, dirt and messes. Keep out all the moisture with our heavy-duty waterproof capabilities. Things can get messy going in and out of the trunk but we are here to protect your trunk\u2019s inner lining from any messes.This tough rubber is built to withstand all weather conditions, handle heavy good, sporting equipment, tools, gardening supplies, and more all while protecting your original trunk flooring.Cut your mats to fit your vehicles contours with only a pair of scissors. No more having to pain your back from stuffing those mats onto your floor.","og_url":"https:\/\/ksproducts.ca\/fr\/product\/motor-trend-heavy-duty-premium-universal-rubber-cargo-mat-for-trunk\/","og_site_name":"Ks Products","og_image":[{"width":640,"height":640,"url":"https:\/\/ksproducts.ca\/wp-content\/uploads\/2026\/03\/Motor-Trend-Heavy-Duty-Premium-Universal-Rubber-Cargo-Mat-for-Trunk.webp","type":"image\/webp"}],"twitter_card":"summary_large_image","twitter_misc":{"Estimation du temps de lecture":"1 minute"},"schema":{"@context":"https:\/\/schema.org","@graph":[{"@type":"WebPage","@id":"https:\/\/ksproducts.ca\/product\/motor-trend-heavy-duty-premium-universal-rubber-cargo-mat-for-trunk\/","url":"https:\/\/ksproducts.ca\/product\/motor-trend-heavy-duty-premium-universal-rubber-cargo-mat-for-trunk\/","name":"Motor Trend Heavy Duty Premium Cargo Mat universel en caoutchouc pour le coffre - Ks Products","isPartOf":{"@id":"https:\/\/ksproducts.ca\/#website"},"primaryImageOfPage":{"@id":"https:\/\/ksproducts.ca\/product\/motor-trend-heavy-duty-premium-universal-rubber-cargo-mat-for-trunk\/#primaryimage"},"image":{"@id":"https:\/\/ksproducts.ca\/product\/motor-trend-heavy-duty-premium-universal-rubber-cargo-mat-for-trunk\/#primaryimage"},"thumbnailUrl":"https:\/\/ksproducts.ca\/wp-content\/uploads\/2026\/03\/Motor-Trend-Heavy-Duty-Premium-Universal-Rubber-Cargo-Mat-for-Trunk.webp","datePublished":"2026-03-11T19:09:38+00:00","breadcrumb":{"@id":"https:\/\/ksproducts.ca\/product\/motor-trend-heavy-duty-premium-universal-rubber-cargo-mat-for-trunk\/#breadcrumb"},"inLanguage":"fr-CA","potentialAction":[{"@type":"ReadAction","target":["https:\/\/ksproducts.ca\/product\/motor-trend-heavy-duty-premium-universal-rubber-cargo-mat-for-trunk\/"]}]},{"@type":"ImageObject","inLanguage":"fr-CA","@id":"https:\/\/ksproducts.ca\/product\/motor-trend-heavy-duty-premium-universal-rubber-cargo-mat-for-trunk\/#primaryimage","url":"https:\/\/ksproducts.ca\/wp-content\/uploads\/2026\/03\/Motor-Trend-Heavy-Duty-Premium-Universal-Rubber-Cargo-Mat-for-Trunk.webp","contentUrl":"https:\/\/ksproducts.ca\/wp-content\/uploads\/2026\/03\/Motor-Trend-Heavy-Duty-Premium-Universal-Rubber-Cargo-Mat-for-Trunk.webp","width":640,"height":640,"caption":"Motor Trend Heavy Duty Premium Universal Rubber Cargo Mat for Trunk"},{"@type":"BreadcrumbList","@id":"https:\/\/ksproducts.ca\/product\/motor-trend-heavy-duty-premium-universal-rubber-cargo-mat-for-trunk\/#breadcrumb","itemListElement":[{"@type":"ListItem","position":1,"name":"Home","item":"https:\/\/ksproducts.ca\/"},{"@type":"ListItem","position":2,"name":"Shop","item":"https:\/\/ksproducts.ca\/shop\/"},{"@type":"ListItem","position":3,"name":"Motor Trend Heavy Duty Premium Universal Rubber Cargo Mat for Trunk"}]},{"@type":"WebSite","@id":"https:\/\/ksproducts.ca\/#website","url":"https:\/\/ksproducts.ca\/","name":"Produits Ks","description":"Cuisiner et vivre en plein air, c'est facile au Canada","publisher":{"@id":"https:\/\/ksproducts.ca\/#organization"},"potentialAction":[{"@type":"SearchAction","target":{"@type":"EntryPoint","urlTemplate":"https:\/\/ksproducts.ca\/?s={search_term_string}"},"query-input":{"@type":"PropertyValueSpecification","valueRequired":true,"valueName":"search_term_string"}}],"inLanguage":"fr-CA"},{"@type":"Organization","@id":"https:\/\/ksproducts.ca\/#organization","name":"Produits Ks","url":"https:\/\/ksproducts.ca\/","logo":{"@type":"ImageObject","inLanguage":"fr-CA","@id":"https:\/\/ksproducts.ca\/#\/schema\/logo\/image\/","url":"https:\/\/ksproducts.ca\/wp-content\/uploads\/2023\/09\/Kennedy-Sales-Logo-header-1.png","contentUrl":"https:\/\/ksproducts.ca\/wp-content\/uploads\/2023\/09\/Kennedy-Sales-Logo-header-1.png","width":150,"height":77,"caption":"Ks Products"},"image":{"@id":"https:\/\/ksproducts.ca\/#\/schema\/logo\/image\/"}}]}},"_links":{"self":[{"href":"https:\/\/ksproducts.ca\/fr\/wp-json\/wp\/v2\/product\/12385","targetHints":{"allow":["GET"]}}],"collection":[{"href":"https:\/\/ksproducts.ca\/fr\/wp-json\/wp\/v2\/product"}],"about":[{"href":"https:\/\/ksproducts.ca\/fr\/wp-json\/wp\/v2\/types\/product"}],"replies":[{"embeddable":true,"href":"https:\/\/ksproducts.ca\/fr\/wp-json\/wp\/v2\/comments?post=12385"}],"version-history":[{"count":1,"href":"https:\/\/ksproducts.ca\/fr\/wp-json\/wp\/v2\/product\/12385\/revisions"}],"predecessor-version":[{"id":12388,"href":"https:\/\/ksproducts.ca\/fr\/wp-json\/wp\/v2\/product\/12385\/revisions\/12388"}],"wp:featuredmedia":[{"embeddable":true,"href":"https:\/\/ksproducts.ca\/fr\/wp-json\/wp\/v2\/media\/12387"}],"wp:attachment":[{"href":"https:\/\/ksproducts.ca\/fr\/wp-json\/wp\/v2\/media?parent=12385"}],"wp:term":[{"taxonomy":"product_cat","embeddable":true,"href":"https:\/\/ksproducts.ca\/fr\/wp-json\/wp\/v2\/product_cat?post=12385"},{"taxonomy":"product_tag","embeddable":true,"href":"https:\/\/ksproducts.ca\/fr\/wp-json\/wp\/v2\/product_tag?post=12385"}],"curies":[{"name":"wp","href":"https:\/\/api.w.org\/{rel}","templated":true}]}}