{"id":12389,"date":"2026-03-11T19:14:11","date_gmt":"2026-03-11T19:14:11","guid":{"rendered":"https:\/\/ksproducts.ca\/?post_type=product&#038;p=12389"},"modified":"2026-03-11T19:14:12","modified_gmt":"2026-03-11T19:14:12","slug":"housses-de-siege-automobile-2-pieces-bdk-avec-maillage-en-nid-dabeille-pour-une-ventilation-et-un-confort-accrus","status":"publish","type":"product","link":"https:\/\/ksproducts.ca\/fr\/product\/bdk-2-piece-automotive-seat-covers-featuring-honeycomb-mesh-for-increased-ventilation-and-comfort\/","title":{"rendered":"Housses de si\u00e8ge automobile BDK 2 pi\u00e8ces avec mailles en nid d'abeille pour une ventilation et un confort accrus"},"content":{"rendered":"<ul class=\"a-unordered-list a-vertical a-spacing-mini\">\n<li class=\"a-spacing-mini\"><span class=\"a-list-item\">Fabriqu\u00e9 en polyester micro polaire de haute qualit\u00e9<\/span><\/li>\n<li class=\"a-spacing-mini\"><span class=\"a-list-item\">Support en \u00e9ponge renforc\u00e9e avec molleton<\/span><\/li>\n<li class=\"a-spacing-mini\"><span class=\"a-list-item\">La section m\u00e9diane en maille assure la circulation de l'air et la respirabilit\u00e9.<\/span><\/li>\n<li class=\"a-spacing-mini\"><span class=\"a-list-item\">Le tissu polyester souple s'adapte \u00e0 votre corps et les housses sans c\u00f4t\u00e9s n'obstruent pas les accoudoirs ou les airbags.<\/span><\/li>\n<li class=\"a-spacing-mini\"><span class=\"a-list-item\">Comprend : 2 housses de si\u00e8ge avant, 2 housses d'appui-t\u00eate<\/span><\/li>\n<\/ul>","protected":false},"excerpt":{"rendered":"<p data-start=\"30\" data-end=\"510\">Ces housses de si\u00e8ge auto en micromolleton sont con\u00e7ues pour offrir confort, protection et respirabilit\u00e9 aux si\u00e8ges de votre v\u00e9hicule. Fabriqu\u00e9es en polyester micropolaire de haute qualit\u00e9, elles sont dot\u00e9es d'un support en \u00e9ponge renforc\u00e9 pour un meilleur amortissement. La partie centrale en maille permet \u00e0 l'air de circuler pour que les si\u00e8ges restent frais et confortables, tandis que la conception flexible sans c\u00f4t\u00e9s assure la compatibilit\u00e9 avec les accoudoirs et les airbags. Facile \u00e0 installer, cet ensemble permet de garder vos si\u00e8ges propres et prot\u00e9g\u00e9s.<\/p>\n<h3 data-section-id=\"pm8yra\" data-start=\"512\" data-end=\"532\"><\/h3>","protected":false},"featured_media":12390,"comment_status":"open","ping_status":"closed","template":"","meta":[],"product_cat":[430],"product_tag":[],"class_list":{"0":"post-12389","1":"product","2":"type-product","3":"status-publish","4":"has-post-thumbnail","6":"product_cat-automotive-gear","7":"product_shipping_class-class-2","9":"first","10":"instock","11":"taxable","12":"shipping-taxable","13":"purchasable","14":"product-type-simple"},"yoast_head":"<!-- This site is optimized with the Yoast SEO plugin v27.3 - https:\/\/yoast.com\/product\/yoast-seo-wordpress\/ -->\n<title>BDK 2-piece Automotive Seat Covers featuring Honeycomb Mesh for Increased Ventilation and Comfort - Ks Products<\/title>\n<meta name=\"robots\" content=\"index, follow, max-snippet:-1, max-image-preview:large, max-video-preview:-1\" \/>\n<link rel=\"canonical\" href=\"https:\/\/ksproducts.ca\/fr\/product\/housses-de-siege-automobile-2-pieces-bdk-avec-maillage-en-nid-dabeille-pour-une-ventilation-et-un-confort-accrus\/\" \/>\n<meta property=\"og:locale\" content=\"fr_CA\" \/>\n<meta property=\"og:type\" content=\"article\" \/>\n<meta property=\"og:title\" content=\"BDK 2-piece Automotive Seat Covers featuring Honeycomb Mesh for Increased Ventilation and Comfort - Ks Products\" \/>\n<meta property=\"og:description\" content=\"These Micro Fleece Car Seat Covers are designed to provide comfort, protection, and breathability for your vehicle seats. Made from high-quality micro fleece polyester, they feature an enforced sponge backing for extra cushioning. The mesh mid-section allows airflow to keep seats cool and comfortable, while the flexible side-less design ensures compatibility with armrests and airbags. Easy to install, this set helps keep your seats clean and protected.\" \/>\n<meta property=\"og:url\" content=\"https:\/\/ksproducts.ca\/fr\/product\/housses-de-siege-automobile-2-pieces-bdk-avec-maillage-en-nid-dabeille-pour-une-ventilation-et-un-confort-accrus\/\" \/>\n<meta property=\"og:site_name\" content=\"Ks Products\" \/>\n<meta property=\"article:modified_time\" content=\"2026-03-11T19:14:12+00:00\" \/>\n<meta property=\"og:image\" content=\"https:\/\/ksproducts.ca\/wp-content\/uploads\/2026\/03\/BDK-2-piece-Automotive-Seat-Covers-featuring-Honeycomb-Mesh-for-Increased-Ventilation-and-Comfort.jpg\" \/>\n\t<meta property=\"og:image:width\" content=\"300\" \/>\n\t<meta property=\"og:image:height\" content=\"298\" \/>\n\t<meta property=\"og:image:type\" content=\"image\/jpeg\" \/>\n<meta name=\"twitter:card\" content=\"summary_large_image\" \/>\n<meta name=\"twitter:label1\" content=\"Estimation du temps de lecture\" \/>\n\t<meta name=\"twitter:data1\" content=\"1 minute\" \/>\n<script type=\"application\/ld+json\" class=\"yoast-schema-graph\">{\"@context\":\"https:\\\/\\\/schema.org\",\"@graph\":[{\"@type\":\"WebPage\",\"@id\":\"https:\\\/\\\/ksproducts.ca\\\/product\\\/bdk-2-piece-automotive-seat-covers-featuring-honeycomb-mesh-for-increased-ventilation-and-comfort\\\/\",\"url\":\"https:\\\/\\\/ksproducts.ca\\\/product\\\/bdk-2-piece-automotive-seat-covers-featuring-honeycomb-mesh-for-increased-ventilation-and-comfort\\\/\",\"name\":\"BDK 2-piece Automotive Seat Covers featuring Honeycomb Mesh for Increased Ventilation and Comfort - Ks Products\",\"isPartOf\":{\"@id\":\"https:\\\/\\\/ksproducts.ca\\\/#website\"},\"primaryImageOfPage\":{\"@id\":\"https:\\\/\\\/ksproducts.ca\\\/product\\\/bdk-2-piece-automotive-seat-covers-featuring-honeycomb-mesh-for-increased-ventilation-and-comfort\\\/#primaryimage\"},\"image\":{\"@id\":\"https:\\\/\\\/ksproducts.ca\\\/product\\\/bdk-2-piece-automotive-seat-covers-featuring-honeycomb-mesh-for-increased-ventilation-and-comfort\\\/#primaryimage\"},\"thumbnailUrl\":\"https:\\\/\\\/ksproducts.ca\\\/wp-content\\\/uploads\\\/2026\\\/03\\\/BDK-2-piece-Automotive-Seat-Covers-featuring-Honeycomb-Mesh-for-Increased-Ventilation-and-Comfort.jpg\",\"datePublished\":\"2026-03-11T19:14:11+00:00\",\"dateModified\":\"2026-03-11T19:14:12+00:00\",\"breadcrumb\":{\"@id\":\"https:\\\/\\\/ksproducts.ca\\\/product\\\/bdk-2-piece-automotive-seat-covers-featuring-honeycomb-mesh-for-increased-ventilation-and-comfort\\\/#breadcrumb\"},\"inLanguage\":\"fr-CA\",\"potentialAction\":[{\"@type\":\"ReadAction\",\"target\":[\"https:\\\/\\\/ksproducts.ca\\\/product\\\/bdk-2-piece-automotive-seat-covers-featuring-honeycomb-mesh-for-increased-ventilation-and-comfort\\\/\"]}]},{\"@type\":\"ImageObject\",\"inLanguage\":\"fr-CA\",\"@id\":\"https:\\\/\\\/ksproducts.ca\\\/product\\\/bdk-2-piece-automotive-seat-covers-featuring-honeycomb-mesh-for-increased-ventilation-and-comfort\\\/#primaryimage\",\"url\":\"https:\\\/\\\/ksproducts.ca\\\/wp-content\\\/uploads\\\/2026\\\/03\\\/BDK-2-piece-Automotive-Seat-Covers-featuring-Honeycomb-Mesh-for-Increased-Ventilation-and-Comfort.jpg\",\"contentUrl\":\"https:\\\/\\\/ksproducts.ca\\\/wp-content\\\/uploads\\\/2026\\\/03\\\/BDK-2-piece-Automotive-Seat-Covers-featuring-Honeycomb-Mesh-for-Increased-Ventilation-and-Comfort.jpg\",\"width\":300,\"height\":298,\"caption\":\"BDK 2 piece Automotive Seat Covers featuring Honeycomb Mesh for Increased Ventilation and Comfort\"},{\"@type\":\"BreadcrumbList\",\"@id\":\"https:\\\/\\\/ksproducts.ca\\\/product\\\/bdk-2-piece-automotive-seat-covers-featuring-honeycomb-mesh-for-increased-ventilation-and-comfort\\\/#breadcrumb\",\"itemListElement\":[{\"@type\":\"ListItem\",\"position\":1,\"name\":\"Home\",\"item\":\"https:\\\/\\\/ksproducts.ca\\\/\"},{\"@type\":\"ListItem\",\"position\":2,\"name\":\"Shop\",\"item\":\"https:\\\/\\\/ksproducts.ca\\\/shop\\\/\"},{\"@type\":\"ListItem\",\"position\":3,\"name\":\"BDK 2-piece Automotive Seat Covers featuring Honeycomb Mesh for Increased Ventilation and Comfort\"}]},{\"@type\":\"WebSite\",\"@id\":\"https:\\\/\\\/ksproducts.ca\\\/#website\",\"url\":\"https:\\\/\\\/ksproducts.ca\\\/\",\"name\":\"Ks Products\",\"description\":\"Outdoor cooking and living, made easy in Canada\",\"publisher\":{\"@id\":\"https:\\\/\\\/ksproducts.ca\\\/#organization\"},\"potentialAction\":[{\"@type\":\"SearchAction\",\"target\":{\"@type\":\"EntryPoint\",\"urlTemplate\":\"https:\\\/\\\/ksproducts.ca\\\/?s={search_term_string}\"},\"query-input\":{\"@type\":\"PropertyValueSpecification\",\"valueRequired\":true,\"valueName\":\"search_term_string\"}}],\"inLanguage\":\"fr-CA\"},{\"@type\":\"Organization\",\"@id\":\"https:\\\/\\\/ksproducts.ca\\\/#organization\",\"name\":\"Ks Products\",\"url\":\"https:\\\/\\\/ksproducts.ca\\\/\",\"logo\":{\"@type\":\"ImageObject\",\"inLanguage\":\"fr-CA\",\"@id\":\"https:\\\/\\\/ksproducts.ca\\\/#\\\/schema\\\/logo\\\/image\\\/\",\"url\":\"https:\\\/\\\/ksproducts.ca\\\/wp-content\\\/uploads\\\/2023\\\/09\\\/Kennedy-Sales-Logo-header-1.png\",\"contentUrl\":\"https:\\\/\\\/ksproducts.ca\\\/wp-content\\\/uploads\\\/2023\\\/09\\\/Kennedy-Sales-Logo-header-1.png\",\"width\":150,\"height\":77,\"caption\":\"Ks Products\"},\"image\":{\"@id\":\"https:\\\/\\\/ksproducts.ca\\\/#\\\/schema\\\/logo\\\/image\\\/\"}}]}<\/script>\n<!-- \/ Yoast SEO plugin. -->","yoast_head_json":{"title":"BDK Housses de si\u00e8ge automobile 2 pi\u00e8ces avec mailles en nid d'abeille pour une ventilation et un confort accrus - Ks Products","robots":{"index":"index","follow":"follow","max-snippet":"max-snippet:-1","max-image-preview":"max-image-preview:large","max-video-preview":"max-video-preview:-1"},"canonical":"https:\/\/ksproducts.ca\/fr\/product\/housses-de-siege-automobile-2-pieces-bdk-avec-maillage-en-nid-dabeille-pour-une-ventilation-et-un-confort-accrus\/","og_locale":"fr_CA","og_type":"article","og_title":"BDK 2-piece Automotive Seat Covers featuring Honeycomb Mesh for Increased Ventilation and Comfort - Ks Products","og_description":"These Micro Fleece Car Seat Covers are designed to provide comfort, protection, and breathability for your vehicle seats. Made from high-quality micro fleece polyester, they feature an enforced sponge backing for extra cushioning. The mesh mid-section allows airflow to keep seats cool and comfortable, while the flexible side-less design ensures compatibility with armrests and airbags. Easy to install, this set helps keep your seats clean and protected.","og_url":"https:\/\/ksproducts.ca\/fr\/product\/housses-de-siege-automobile-2-pieces-bdk-avec-maillage-en-nid-dabeille-pour-une-ventilation-et-un-confort-accrus\/","og_site_name":"Ks Products","article_modified_time":"2026-03-11T19:14:12+00:00","og_image":[{"width":300,"height":298,"url":"https:\/\/ksproducts.ca\/wp-content\/uploads\/2026\/03\/BDK-2-piece-Automotive-Seat-Covers-featuring-Honeycomb-Mesh-for-Increased-Ventilation-and-Comfort.jpg","type":"image\/jpeg"}],"twitter_card":"summary_large_image","twitter_misc":{"Estimation du temps de lecture":"1 minute"},"schema":{"@context":"https:\/\/schema.org","@graph":[{"@type":"WebPage","@id":"https:\/\/ksproducts.ca\/product\/bdk-2-piece-automotive-seat-covers-featuring-honeycomb-mesh-for-increased-ventilation-and-comfort\/","url":"https:\/\/ksproducts.ca\/product\/bdk-2-piece-automotive-seat-covers-featuring-honeycomb-mesh-for-increased-ventilation-and-comfort\/","name":"BDK Housses de si\u00e8ge automobile 2 pi\u00e8ces avec mailles en nid d'abeille pour une ventilation et un confort accrus - Ks Products","isPartOf":{"@id":"https:\/\/ksproducts.ca\/#website"},"primaryImageOfPage":{"@id":"https:\/\/ksproducts.ca\/product\/bdk-2-piece-automotive-seat-covers-featuring-honeycomb-mesh-for-increased-ventilation-and-comfort\/#primaryimage"},"image":{"@id":"https:\/\/ksproducts.ca\/product\/bdk-2-piece-automotive-seat-covers-featuring-honeycomb-mesh-for-increased-ventilation-and-comfort\/#primaryimage"},"thumbnailUrl":"https:\/\/ksproducts.ca\/wp-content\/uploads\/2026\/03\/BDK-2-piece-Automotive-Seat-Covers-featuring-Honeycomb-Mesh-for-Increased-Ventilation-and-Comfort.jpg","datePublished":"2026-03-11T19:14:11+00:00","dateModified":"2026-03-11T19:14:12+00:00","breadcrumb":{"@id":"https:\/\/ksproducts.ca\/product\/bdk-2-piece-automotive-seat-covers-featuring-honeycomb-mesh-for-increased-ventilation-and-comfort\/#breadcrumb"},"inLanguage":"fr-CA","potentialAction":[{"@type":"ReadAction","target":["https:\/\/ksproducts.ca\/product\/bdk-2-piece-automotive-seat-covers-featuring-honeycomb-mesh-for-increased-ventilation-and-comfort\/"]}]},{"@type":"ImageObject","inLanguage":"fr-CA","@id":"https:\/\/ksproducts.ca\/product\/bdk-2-piece-automotive-seat-covers-featuring-honeycomb-mesh-for-increased-ventilation-and-comfort\/#primaryimage","url":"https:\/\/ksproducts.ca\/wp-content\/uploads\/2026\/03\/BDK-2-piece-Automotive-Seat-Covers-featuring-Honeycomb-Mesh-for-Increased-Ventilation-and-Comfort.jpg","contentUrl":"https:\/\/ksproducts.ca\/wp-content\/uploads\/2026\/03\/BDK-2-piece-Automotive-Seat-Covers-featuring-Honeycomb-Mesh-for-Increased-Ventilation-and-Comfort.jpg","width":300,"height":298,"caption":"BDK 2 piece Automotive Seat Covers featuring Honeycomb Mesh for Increased Ventilation and Comfort"},{"@type":"BreadcrumbList","@id":"https:\/\/ksproducts.ca\/product\/bdk-2-piece-automotive-seat-covers-featuring-honeycomb-mesh-for-increased-ventilation-and-comfort\/#breadcrumb","itemListElement":[{"@type":"ListItem","position":1,"name":"Home","item":"https:\/\/ksproducts.ca\/"},{"@type":"ListItem","position":2,"name":"Shop","item":"https:\/\/ksproducts.ca\/shop\/"},{"@type":"ListItem","position":3,"name":"BDK 2-piece Automotive Seat Covers featuring Honeycomb Mesh for Increased Ventilation and Comfort"}]},{"@type":"WebSite","@id":"https:\/\/ksproducts.ca\/#website","url":"https:\/\/ksproducts.ca\/","name":"Produits Ks","description":"Cuisiner et vivre en plein air, c'est facile au Canada","publisher":{"@id":"https:\/\/ksproducts.ca\/#organization"},"potentialAction":[{"@type":"SearchAction","target":{"@type":"EntryPoint","urlTemplate":"https:\/\/ksproducts.ca\/?s={search_term_string}"},"query-input":{"@type":"PropertyValueSpecification","valueRequired":true,"valueName":"search_term_string"}}],"inLanguage":"fr-CA"},{"@type":"Organization","@id":"https:\/\/ksproducts.ca\/#organization","name":"Produits Ks","url":"https:\/\/ksproducts.ca\/","logo":{"@type":"ImageObject","inLanguage":"fr-CA","@id":"https:\/\/ksproducts.ca\/#\/schema\/logo\/image\/","url":"https:\/\/ksproducts.ca\/wp-content\/uploads\/2023\/09\/Kennedy-Sales-Logo-header-1.png","contentUrl":"https:\/\/ksproducts.ca\/wp-content\/uploads\/2023\/09\/Kennedy-Sales-Logo-header-1.png","width":150,"height":77,"caption":"Ks Products"},"image":{"@id":"https:\/\/ksproducts.ca\/#\/schema\/logo\/image\/"}}]}},"_links":{"self":[{"href":"https:\/\/ksproducts.ca\/fr\/wp-json\/wp\/v2\/product\/12389","targetHints":{"allow":["GET"]}}],"collection":[{"href":"https:\/\/ksproducts.ca\/fr\/wp-json\/wp\/v2\/product"}],"about":[{"href":"https:\/\/ksproducts.ca\/fr\/wp-json\/wp\/v2\/types\/product"}],"replies":[{"embeddable":true,"href":"https:\/\/ksproducts.ca\/fr\/wp-json\/wp\/v2\/comments?post=12389"}],"version-history":[{"count":1,"href":"https:\/\/ksproducts.ca\/fr\/wp-json\/wp\/v2\/product\/12389\/revisions"}],"predecessor-version":[{"id":12391,"href":"https:\/\/ksproducts.ca\/fr\/wp-json\/wp\/v2\/product\/12389\/revisions\/12391"}],"wp:featuredmedia":[{"embeddable":true,"href":"https:\/\/ksproducts.ca\/fr\/wp-json\/wp\/v2\/media\/12390"}],"wp:attachment":[{"href":"https:\/\/ksproducts.ca\/fr\/wp-json\/wp\/v2\/media?parent=12389"}],"wp:term":[{"taxonomy":"product_cat","embeddable":true,"href":"https:\/\/ksproducts.ca\/fr\/wp-json\/wp\/v2\/product_cat?post=12389"},{"taxonomy":"product_tag","embeddable":true,"href":"https:\/\/ksproducts.ca\/fr\/wp-json\/wp\/v2\/product_tag?post=12389"}],"curies":[{"name":"wp","href":"https:\/\/api.w.org\/{rel}","templated":true}]}}