{"id":12395,"date":"2026-03-11T19:24:09","date_gmt":"2026-03-11T19:24:09","guid":{"rendered":"https:\/\/ksproducts.ca\/?post_type=product&#038;p=12395"},"modified":"2026-03-11T19:24:10","modified_gmt":"2026-03-11T19:24:10","slug":"novawinch-k-series-2000lb-powersports-electric-winch-with-steel-cable-for-atv-utv-4wd","status":"publish","type":"product","link":"https:\/\/ksproducts.ca\/fr\/product\/novawinch-k-series-2000lb-powersports-electric-winch-with-steel-cable-for-atv-utv-4wd\/","title":{"rendered":"Novawinch K-Series 2000lb PowerSports treuil \u00e9lectrique avec c\u00e2ble en acier pour ATV, UTV, 4WD"},"content":{"rendered":"<ul>\n<li data-start=\"579\" data-end=\"618\">Capacit\u00e9 de traction : 2500 - 4500 lbs<\/li>\n<li data-start=\"621\" data-end=\"681\">Ch\u00e2ssis enti\u00e8rement m\u00e9tallique pour une durabilit\u00e9 et une longue dur\u00e9e de vie<\/li>\n<li data-start=\"684\" data-end=\"730\">Conception compacte avec des performances puissantes<\/li>\n<li data-start=\"733\" data-end=\"767\">Construction \u00e0 faible entretien<\/li>\n<li data-start=\"770\" data-end=\"820\">Construit avec des composants fiables et de haute qualit\u00e9<\/li>\n<li data-start=\"823\" data-end=\"883\">Id\u00e9al pour les applications hors route, utilitaires et de r\u00e9cup\u00e9ration<\/li>\n<li data-start=\"886\" data-end=\"946\">Combine un prix abordable avec des performances de niveau industriel<\/li>\n<\/ul>","protected":false},"excerpt":{"rendered":"<p>Le treuil Novawinch de la s\u00e9rie K est une solution fiable et abordable con\u00e7ue pour des performances \u00e9lev\u00e9es dans des situations difficiles. Construit avec des composants de haute qualit\u00e9 et un ch\u00e2ssis enti\u00e8rement m\u00e9tallique, il offre durabilit\u00e9, longue dur\u00e9e de vie et peu d'entretien. Avec des capacit\u00e9s de traction allant de 2500 \u00e0 4500 lbs, la s\u00e9rie K offre des performances de treuillage puissantes dans un design compact. Soutenue par l'exp\u00e9rience de Novawinch dans la construction de treuils de classe mondiale, cette s\u00e9rie offre des performances fiables pour le travail, le tout-terrain et les t\u00e2ches de r\u00e9cup\u00e9ration.<\/p>","protected":false},"featured_media":12396,"comment_status":"open","ping_status":"closed","template":"","meta":[],"product_cat":[451],"product_tag":[],"class_list":{"0":"post-12395","1":"product","2":"type-product","3":"status-publish","4":"has-post-thumbnail","6":"product_cat-tools-equipment","7":"product_shipping_class-class-4","9":"first","10":"instock","11":"taxable","12":"shipping-taxable","13":"purchasable","14":"product-type-simple"},"yoast_head":"<!-- This site is optimized with the Yoast SEO plugin v27.4 - https:\/\/yoast.com\/product\/yoast-seo-wordpress\/ -->\n<title>Novawinch K-Series 2000lb PowerSports Electric Winch with Steel Cable for ATV, UTV, 4WD - Ks Products<\/title>\n<meta name=\"robots\" content=\"index, follow, max-snippet:-1, max-image-preview:large, max-video-preview:-1\" \/>\n<link rel=\"canonical\" href=\"https:\/\/ksproducts.ca\/fr\/product\/novawinch-k-series-2000lb-powersports-electric-winch-with-steel-cable-for-atv-utv-4wd\/\" \/>\n<meta property=\"og:locale\" content=\"fr_CA\" \/>\n<meta property=\"og:type\" content=\"article\" \/>\n<meta property=\"og:title\" content=\"Novawinch K-Series 2000lb PowerSports Electric Winch with Steel Cable for ATV, UTV, 4WD - Ks Products\" \/>\n<meta property=\"og:description\" content=\"The Novawinch K-Series Winch is a reliable and affordable solution designed for strong performance in tough situations. Built with high-quality components and an all-metal chassis, it delivers durability, long life, and low maintenance. With pulling capacities ranging from 2500 to 4500 lbs, the K-Series provides powerful winching performance in a compact design. Backed by Novawinch\u2019s experience in building world-class winches, this series offers dependable performance for work, off-road, and recovery tasks.\" \/>\n<meta property=\"og:url\" content=\"https:\/\/ksproducts.ca\/fr\/product\/novawinch-k-series-2000lb-powersports-electric-winch-with-steel-cable-for-atv-utv-4wd\/\" \/>\n<meta property=\"og:site_name\" content=\"Ks Products\" \/>\n<meta property=\"article:modified_time\" content=\"2026-03-11T19:24:10+00:00\" \/>\n<meta property=\"og:image\" content=\"https:\/\/ksproducts.ca\/wp-content\/uploads\/2026\/03\/Novawinch-K-Series-2000lb-PowerSports-Electric-Winch-with-Steel-Cable-for-ATV-UTV-4WD.webp\" \/>\n\t<meta property=\"og:image:width\" content=\"800\" \/>\n\t<meta property=\"og:image:height\" content=\"557\" \/>\n\t<meta property=\"og:image:type\" content=\"image\/webp\" \/>\n<meta name=\"twitter:card\" content=\"summary_large_image\" \/>\n<meta name=\"twitter:label1\" content=\"Estimation du temps de lecture\" \/>\n\t<meta name=\"twitter:data1\" content=\"1 minute\" \/>\n<script type=\"application\/ld+json\" class=\"yoast-schema-graph\">{\"@context\":\"https:\\\/\\\/schema.org\",\"@graph\":[{\"@type\":\"WebPage\",\"@id\":\"https:\\\/\\\/ksproducts.ca\\\/product\\\/novawinch-k-series-2000lb-powersports-electric-winch-with-steel-cable-for-atv-utv-4wd\\\/\",\"url\":\"https:\\\/\\\/ksproducts.ca\\\/product\\\/novawinch-k-series-2000lb-powersports-electric-winch-with-steel-cable-for-atv-utv-4wd\\\/\",\"name\":\"Novawinch K-Series 2000lb PowerSports Electric Winch with Steel Cable for ATV, UTV, 4WD - Ks Products\",\"isPartOf\":{\"@id\":\"https:\\\/\\\/ksproducts.ca\\\/#website\"},\"primaryImageOfPage\":{\"@id\":\"https:\\\/\\\/ksproducts.ca\\\/product\\\/novawinch-k-series-2000lb-powersports-electric-winch-with-steel-cable-for-atv-utv-4wd\\\/#primaryimage\"},\"image\":{\"@id\":\"https:\\\/\\\/ksproducts.ca\\\/product\\\/novawinch-k-series-2000lb-powersports-electric-winch-with-steel-cable-for-atv-utv-4wd\\\/#primaryimage\"},\"thumbnailUrl\":\"https:\\\/\\\/ksproducts.ca\\\/wp-content\\\/uploads\\\/2026\\\/03\\\/Novawinch-K-Series-2000lb-PowerSports-Electric-Winch-with-Steel-Cable-for-ATV-UTV-4WD.webp\",\"datePublished\":\"2026-03-11T19:24:09+00:00\",\"dateModified\":\"2026-03-11T19:24:10+00:00\",\"breadcrumb\":{\"@id\":\"https:\\\/\\\/ksproducts.ca\\\/product\\\/novawinch-k-series-2000lb-powersports-electric-winch-with-steel-cable-for-atv-utv-4wd\\\/#breadcrumb\"},\"inLanguage\":\"fr-CA\",\"potentialAction\":[{\"@type\":\"ReadAction\",\"target\":[\"https:\\\/\\\/ksproducts.ca\\\/product\\\/novawinch-k-series-2000lb-powersports-electric-winch-with-steel-cable-for-atv-utv-4wd\\\/\"]}]},{\"@type\":\"ImageObject\",\"inLanguage\":\"fr-CA\",\"@id\":\"https:\\\/\\\/ksproducts.ca\\\/product\\\/novawinch-k-series-2000lb-powersports-electric-winch-with-steel-cable-for-atv-utv-4wd\\\/#primaryimage\",\"url\":\"https:\\\/\\\/ksproducts.ca\\\/wp-content\\\/uploads\\\/2026\\\/03\\\/Novawinch-K-Series-2000lb-PowerSports-Electric-Winch-with-Steel-Cable-for-ATV-UTV-4WD.webp\",\"contentUrl\":\"https:\\\/\\\/ksproducts.ca\\\/wp-content\\\/uploads\\\/2026\\\/03\\\/Novawinch-K-Series-2000lb-PowerSports-Electric-Winch-with-Steel-Cable-for-ATV-UTV-4WD.webp\",\"width\":800,\"height\":557,\"caption\":\"Novawinch K Series 2000lb PowerSports Electric Winch with Steel Cable for ATV, UTV, 4WD\"},{\"@type\":\"BreadcrumbList\",\"@id\":\"https:\\\/\\\/ksproducts.ca\\\/product\\\/novawinch-k-series-2000lb-powersports-electric-winch-with-steel-cable-for-atv-utv-4wd\\\/#breadcrumb\",\"itemListElement\":[{\"@type\":\"ListItem\",\"position\":1,\"name\":\"Home\",\"item\":\"https:\\\/\\\/ksproducts.ca\\\/\"},{\"@type\":\"ListItem\",\"position\":2,\"name\":\"Shop\",\"item\":\"https:\\\/\\\/ksproducts.ca\\\/shop\\\/\"},{\"@type\":\"ListItem\",\"position\":3,\"name\":\"Novawinch K-Series 2000lb PowerSports Electric Winch with Steel Cable for ATV, UTV, 4WD\"}]},{\"@type\":\"WebSite\",\"@id\":\"https:\\\/\\\/ksproducts.ca\\\/#website\",\"url\":\"https:\\\/\\\/ksproducts.ca\\\/\",\"name\":\"Ks Products\",\"description\":\"Outdoor cooking and living, made easy in Canada\",\"publisher\":{\"@id\":\"https:\\\/\\\/ksproducts.ca\\\/#organization\"},\"potentialAction\":[{\"@type\":\"SearchAction\",\"target\":{\"@type\":\"EntryPoint\",\"urlTemplate\":\"https:\\\/\\\/ksproducts.ca\\\/?s={search_term_string}\"},\"query-input\":{\"@type\":\"PropertyValueSpecification\",\"valueRequired\":true,\"valueName\":\"search_term_string\"}}],\"inLanguage\":\"fr-CA\"},{\"@type\":\"Organization\",\"@id\":\"https:\\\/\\\/ksproducts.ca\\\/#organization\",\"name\":\"Ks Products\",\"url\":\"https:\\\/\\\/ksproducts.ca\\\/\",\"logo\":{\"@type\":\"ImageObject\",\"inLanguage\":\"fr-CA\",\"@id\":\"https:\\\/\\\/ksproducts.ca\\\/#\\\/schema\\\/logo\\\/image\\\/\",\"url\":\"https:\\\/\\\/ksproducts.ca\\\/wp-content\\\/uploads\\\/2023\\\/09\\\/Kennedy-Sales-Logo-header-1.png\",\"contentUrl\":\"https:\\\/\\\/ksproducts.ca\\\/wp-content\\\/uploads\\\/2023\\\/09\\\/Kennedy-Sales-Logo-header-1.png\",\"width\":150,\"height\":77,\"caption\":\"Ks Products\"},\"image\":{\"@id\":\"https:\\\/\\\/ksproducts.ca\\\/#\\\/schema\\\/logo\\\/image\\\/\"}}]}<\/script>\n<!-- \/ Yoast SEO plugin. -->","yoast_head_json":{"title":"Novawinch K-Series 2000lb PowerSports treuil \u00e9lectrique avec c\u00e2ble en acier pour ATV, UTV, 4WD - Ks Products","robots":{"index":"index","follow":"follow","max-snippet":"max-snippet:-1","max-image-preview":"max-image-preview:large","max-video-preview":"max-video-preview:-1"},"canonical":"https:\/\/ksproducts.ca\/fr\/product\/novawinch-k-series-2000lb-powersports-electric-winch-with-steel-cable-for-atv-utv-4wd\/","og_locale":"fr_CA","og_type":"article","og_title":"Novawinch K-Series 2000lb PowerSports Electric Winch with Steel Cable for ATV, UTV, 4WD - Ks Products","og_description":"The Novawinch K-Series Winch is a reliable and affordable solution designed for strong performance in tough situations. Built with high-quality components and an all-metal chassis, it delivers durability, long life, and low maintenance. With pulling capacities ranging from 2500 to 4500 lbs, the K-Series provides powerful winching performance in a compact design. Backed by Novawinch\u2019s experience in building world-class winches, this series offers dependable performance for work, off-road, and recovery tasks.","og_url":"https:\/\/ksproducts.ca\/fr\/product\/novawinch-k-series-2000lb-powersports-electric-winch-with-steel-cable-for-atv-utv-4wd\/","og_site_name":"Ks Products","article_modified_time":"2026-03-11T19:24:10+00:00","og_image":[{"width":800,"height":557,"url":"https:\/\/ksproducts.ca\/wp-content\/uploads\/2026\/03\/Novawinch-K-Series-2000lb-PowerSports-Electric-Winch-with-Steel-Cable-for-ATV-UTV-4WD.webp","type":"image\/webp"}],"twitter_card":"summary_large_image","twitter_misc":{"Estimation du temps de lecture":"1 minute"},"schema":{"@context":"https:\/\/schema.org","@graph":[{"@type":"WebPage","@id":"https:\/\/ksproducts.ca\/product\/novawinch-k-series-2000lb-powersports-electric-winch-with-steel-cable-for-atv-utv-4wd\/","url":"https:\/\/ksproducts.ca\/product\/novawinch-k-series-2000lb-powersports-electric-winch-with-steel-cable-for-atv-utv-4wd\/","name":"Novawinch K-Series 2000lb PowerSports treuil \u00e9lectrique avec c\u00e2ble en acier pour ATV, UTV, 4WD - Ks Products","isPartOf":{"@id":"https:\/\/ksproducts.ca\/#website"},"primaryImageOfPage":{"@id":"https:\/\/ksproducts.ca\/product\/novawinch-k-series-2000lb-powersports-electric-winch-with-steel-cable-for-atv-utv-4wd\/#primaryimage"},"image":{"@id":"https:\/\/ksproducts.ca\/product\/novawinch-k-series-2000lb-powersports-electric-winch-with-steel-cable-for-atv-utv-4wd\/#primaryimage"},"thumbnailUrl":"https:\/\/ksproducts.ca\/wp-content\/uploads\/2026\/03\/Novawinch-K-Series-2000lb-PowerSports-Electric-Winch-with-Steel-Cable-for-ATV-UTV-4WD.webp","datePublished":"2026-03-11T19:24:09+00:00","dateModified":"2026-03-11T19:24:10+00:00","breadcrumb":{"@id":"https:\/\/ksproducts.ca\/product\/novawinch-k-series-2000lb-powersports-electric-winch-with-steel-cable-for-atv-utv-4wd\/#breadcrumb"},"inLanguage":"fr-CA","potentialAction":[{"@type":"ReadAction","target":["https:\/\/ksproducts.ca\/product\/novawinch-k-series-2000lb-powersports-electric-winch-with-steel-cable-for-atv-utv-4wd\/"]}]},{"@type":"ImageObject","inLanguage":"fr-CA","@id":"https:\/\/ksproducts.ca\/product\/novawinch-k-series-2000lb-powersports-electric-winch-with-steel-cable-for-atv-utv-4wd\/#primaryimage","url":"https:\/\/ksproducts.ca\/wp-content\/uploads\/2026\/03\/Novawinch-K-Series-2000lb-PowerSports-Electric-Winch-with-Steel-Cable-for-ATV-UTV-4WD.webp","contentUrl":"https:\/\/ksproducts.ca\/wp-content\/uploads\/2026\/03\/Novawinch-K-Series-2000lb-PowerSports-Electric-Winch-with-Steel-Cable-for-ATV-UTV-4WD.webp","width":800,"height":557,"caption":"Novawinch K Series 2000lb PowerSports Electric Winch with Steel Cable for ATV, UTV, 4WD"},{"@type":"BreadcrumbList","@id":"https:\/\/ksproducts.ca\/product\/novawinch-k-series-2000lb-powersports-electric-winch-with-steel-cable-for-atv-utv-4wd\/#breadcrumb","itemListElement":[{"@type":"ListItem","position":1,"name":"Home","item":"https:\/\/ksproducts.ca\/"},{"@type":"ListItem","position":2,"name":"Shop","item":"https:\/\/ksproducts.ca\/shop\/"},{"@type":"ListItem","position":3,"name":"Novawinch K-Series 2000lb PowerSports Electric Winch with Steel Cable for ATV, UTV, 4WD"}]},{"@type":"WebSite","@id":"https:\/\/ksproducts.ca\/#website","url":"https:\/\/ksproducts.ca\/","name":"Produits Ks","description":"Cuisiner et vivre en plein air, c'est facile au Canada","publisher":{"@id":"https:\/\/ksproducts.ca\/#organization"},"potentialAction":[{"@type":"SearchAction","target":{"@type":"EntryPoint","urlTemplate":"https:\/\/ksproducts.ca\/?s={search_term_string}"},"query-input":{"@type":"PropertyValueSpecification","valueRequired":true,"valueName":"search_term_string"}}],"inLanguage":"fr-CA"},{"@type":"Organization","@id":"https:\/\/ksproducts.ca\/#organization","name":"Produits Ks","url":"https:\/\/ksproducts.ca\/","logo":{"@type":"ImageObject","inLanguage":"fr-CA","@id":"https:\/\/ksproducts.ca\/#\/schema\/logo\/image\/","url":"https:\/\/ksproducts.ca\/wp-content\/uploads\/2023\/09\/Kennedy-Sales-Logo-header-1.png","contentUrl":"https:\/\/ksproducts.ca\/wp-content\/uploads\/2023\/09\/Kennedy-Sales-Logo-header-1.png","width":150,"height":77,"caption":"Ks Products"},"image":{"@id":"https:\/\/ksproducts.ca\/#\/schema\/logo\/image\/"}}]}},"_links":{"self":[{"href":"https:\/\/ksproducts.ca\/fr\/wp-json\/wp\/v2\/product\/12395","targetHints":{"allow":["GET"]}}],"collection":[{"href":"https:\/\/ksproducts.ca\/fr\/wp-json\/wp\/v2\/product"}],"about":[{"href":"https:\/\/ksproducts.ca\/fr\/wp-json\/wp\/v2\/types\/product"}],"replies":[{"embeddable":true,"href":"https:\/\/ksproducts.ca\/fr\/wp-json\/wp\/v2\/comments?post=12395"}],"version-history":[{"count":1,"href":"https:\/\/ksproducts.ca\/fr\/wp-json\/wp\/v2\/product\/12395\/revisions"}],"predecessor-version":[{"id":12397,"href":"https:\/\/ksproducts.ca\/fr\/wp-json\/wp\/v2\/product\/12395\/revisions\/12397"}],"wp:featuredmedia":[{"embeddable":true,"href":"https:\/\/ksproducts.ca\/fr\/wp-json\/wp\/v2\/media\/12396"}],"wp:attachment":[{"href":"https:\/\/ksproducts.ca\/fr\/wp-json\/wp\/v2\/media?parent=12395"}],"wp:term":[{"taxonomy":"product_cat","embeddable":true,"href":"https:\/\/ksproducts.ca\/fr\/wp-json\/wp\/v2\/product_cat?post=12395"},{"taxonomy":"product_tag","embeddable":true,"href":"https:\/\/ksproducts.ca\/fr\/wp-json\/wp\/v2\/product_tag?post=12395"}],"curies":[{"name":"wp","href":"https:\/\/api.w.org\/{rel}","templated":true}]}}